{"id":3759,"date":"2021-07-27T08:38:46","date_gmt":"2021-07-27T06:38:46","guid":{"rendered":"https:\/\/stiftadmont.at\/?page_id=3759"},"modified":"2025-02-05T11:41:48","modified_gmt":"2025-02-05T09:41:48","slug":"ruta-literaria","status":"publish","type":"page","link":"https:\/\/stiftadmont.at\/es\/aussenanlagen\/literaturpfad\/","title":{"rendered":"Ruta literaria"},"content":{"rendered":"<section id='lightpress__section--block_2b6bc258f29bea1a3918121b01cf7b1d' class='lightpress__section--default-section-space lightpress__section lightpress__section--content'><div class=\"content__inner\"\n         x-init=\"initContentBlockAnim($el)\">\n        \n    <div class=\"content__grid content__grid--fifty-fifty\">\n                                            <div class=\"content__box content__box\"\n                 style=\"\">\n                                \n                \n                                            <div class=\"prose\"><h5 class=\"heading-m line line-above line--gold\">Lugar: Abad\u00eda de Admont<\/h5>\n<p>\u00a0<\/p>\n<p class=\"paragraph-m\">Importantes textos medievales se presentan de forma v\u00edvida e innovadora en ocho lugares de Estiria: uno de ellos est\u00e1 en Admont y lleva a los visitantes 500 metros alrededor del monasterio de la Alta Estiria.<\/p>\n<\/div>\n                    \n                            <\/div>\n        \n                                                    <div class=\"content__box content__box--2\"\n                     >\n                                        \n                    \n                                                    <div class=\"prose\"><div class=\"info info--info\">\n<p>Caminos literarios de Estiria en la Edad Media<\/p>\n<p><a class=\"admont-button admont-button--secondary\" href=\"\/wp-content\/uploads\/StiftAdmont_Literaturpfad_Broschuere.pdf\">Folleto<\/a><\/p>\n<\/div>\n<\/div>\n                        \n                                    <\/div>\n            \n            <\/div>\n<\/div>\n\n<\/section>\n\n<section id='lightpress__section--block_86511bbe41f2df694150bfe9facc3c05' class='bg--beige lightpress__section--colored-bg lightpress__section--default-section-space lightpress__section lightpress__section--content'><div class=\"content__inner\"\n         x-init=\"initContentBlockAnim($el)\">\n        \n    <div class=\"content__grid content__grid--fifty-fifty\">\n                                            <div class=\"content__box content__box\"\n                 style=\"\">\n                                \n                \n                                            <div class=\"prose\"><h5 class=\"heading-m line line-above line--gold\">Objetos 3D<\/h5>\n<p>\u00a0<\/p>\n<p class=\"paragraph-m\">A lo largo del recorrido hay cinco espectaculares objetos en 3D, en los que se presenta un cl\u00e1sico de la literatura m\u00e9dica en lengua alemana de la Edad Media, a saber, extractos del manuscrito del siglo XV de Bartolom\u00e9 de Admont.<\/p>\n<p>\u00a0<\/p>\n<p class=\"paragraph-m\">El proyecto est\u00e1 dirigido por el Prof. Dr. Wernfried Hofmeister, del Instituto de Estudios Alemanes de la Universidad de Graz. Hofmeister: \"Estos ocho lugares se eligieron deliberadamente porque en ellos se recogieron o escribieron textos medievales. Los monasterios siempre han sido lugares a los que se acud\u00eda cuando se estaba perdido\".<\/p>\n<p>\u00a0<\/p>\n<p class=\"paragraph-m\">En la biblioteca de la abad\u00eda de Admont encontramos tesoros de una colecci\u00f3n medieval de literatura m\u00e9dica, concretamente de Bartolom\u00e9 de Admont\".<\/p>\n<\/div>\n                    \n                            <\/div>\n        \n                                                    <div class=\"content__box content__box--2\"\n                     >\n                                        \n                    \n                                                    <div class=\"prose\"><h5 class=\"heading-m line line-above line--gold\">Estaciones de cuentacuentos<\/h5>\n<p>\u00a0<\/p>\n<p class=\"paragraph-m\">Partes de este tesoro medieval se rememoran ahora en un sendero f\u00e1cil de recorrer a pie. Los textos medicinales se presentan de forma clara e innovadora en las cinco estaciones narrativas. El c\u00f3digo QR de la \u00faltima estaci\u00f3n, que puede utilizarse para recibir un texto de audio, aporta un valor multimedia a\u00f1adido. Im\u00e1genes de valiosos manuscritos ilustran las ense\u00f1anzas de Bartolom\u00e9, como las recetas para el dolor de muelas. Bartolom\u00e9 fue un bestseller en la Edad Media y su literatura ten\u00eda una utilidad pr\u00e1ctica. El equipo del proyecto se ha esforzado ahora por hacer comprensible la amplitud de sus conocimientos m\u00e9dicos en el recorrido bibliogr\u00e1fico.<\/p>\n<p class=\"paragraph-m\">Los senderos literarios de Estiria, con sus ocho estaciones, forman una red \u00fanica en Europa y est\u00e1n asegurados para los pr\u00f3ximos cinco a diez a\u00f1os por la asociaci\u00f3n universitaria \"Senderos Literarios de Estiria de la Edad Media\".<\/p>\n<\/div>\n                        \n                                    <\/div>\n            \n            <\/div>\n<\/div>\n\n    <div class=\"background__container background__container--beige\">\n    <\/div>\n\n<\/section>\n\n<section id='lightpress__section--block_4cfeacc1f3792899472416860dfc1d90' class='lightpress__section--default-section-space lightpress__section lightpress__section--content'><div class=\"content__inner\"\n         x-init=\"initContentBlockAnim($el)\">\n        \n    <div class=\"content__grid content__grid\">\n                                            <div class=\"content__box content__box--one-hundred\"\n                 style=\"\">\n                                \n                \n                                            <div class=\"prose\"><h5 class=\"heading-m line line-above line--gold text-center\">Otras instalaciones al aire libre<\/h5>\n<p>\u00a0<\/p>\n<p class=\"paragraph-m text-center\">Instalaciones al aire libre en la Abad\u00eda de Admont y sus alrededores<\/p>\n<p>\u00a0<\/p>\n<p class=\"text-center\"><a class=\"admont-button admont-button--outline-gold\" href=\"\/es\/instalaciones-exteriores\/\" rel=\"noopener\">INSTALACIONES EXTERIORES<\/a><\/p>\n<\/div>\n                    \n                            <\/div>\n        \n            <\/div>\n<\/div>\n\n<\/section>\n\n<section id='lightpress__section--block_2f95fbf31f11e10b3a3c6436c17aa7ec' class='lightpress__section--more-links--950 lightpress__section--full-width lightpress__section--default-section-space lightpress__section lightpress__section--more-links'><div class=\"more\" x-init=\"initMoreLinksBlockAnim($el)\">\n            <style>\n            #lightpress__section--block_2f95fbf31f11e10b3a3c6436c17aa7ec .more {\n                --entry-width: calc(100% \/ 2 - var(--grid-gap) * 2);\n                grid-template-columns: repeat(auto-fit, minmax(max(var(--entry-width),50rem), 1fr));\n            }\n        <\/style>\n    \n                    <a class=\"more__link\" href=\"\/es\/instalaciones-exteriores\/jardin-de-hierbas\/\">\n            <div class=\"more__media\">\n                                    <picture class=\"more__image\">\n                        <source srcset=\"https:\/\/stiftadmont.at\/wp-content\/uploads\/Bildschirmfoto-2021-07-27-um-08.30.59-2-1024x674.webp\" type=\"image\/webp\">\n                        <source srcset=\"https:\/\/stiftadmont.at\/wp-content\/uploads\/Bildschirmfoto-2021-07-27-um-08.30.59-2-1024x674.jpg\" type=\"image\/jpeg\">\n                        <img decoding=\"async\" loading=\"lazy\" src=\"https:\/\/stiftadmont.at\/wp-content\/uploads\/Bildschirmfoto-2021-07-27-um-08.30.59-2-1024x674.png\" alt=\"Huerto 2021\" \/>\n                    <\/picture>\n                            <\/div>\n            <div class=\"more__content\">\n                <div class=\"more__title--container\">\n                                            \n                                                                            \n                        <p class=\"text-bold text-white text--serif text--40\">Jard\u00edn de hierbas<\/p>\n                                                            <\/div>\n                                    <div class=\"more__cta\">\n                        <i class=\"fa-thin fa-chevron-right\"><\/i>\n                    <\/div>\n                            <\/div>\n        <\/a>\n                    <a class=\"more__link\" href=\"\/es\/instalaciones-exteriores\/rutas-de-peregrinacion\/\">\n            <div class=\"more__media\">\n                                    <picture class=\"more__image\">\n                        <source srcset=\"https:\/\/stiftadmont.at\/wp-content\/uploads\/kaiblinggatterl637.webp\" type=\"image\/webp\">\n                        <source srcset=\"https:\/\/stiftadmont.at\/wp-content\/uploads\/kaiblinggatterl637.jpg\" type=\"image\/jpeg\">\n                        <img decoding=\"async\" loading=\"lazy\" src=\"https:\/\/stiftadmont.at\/wp-content\/uploads\/kaiblinggatterl637.jpg\" alt=\"M\u00f6dlingerh\u00fctte\" \/>\n                    <\/picture>\n                            <\/div>\n            <div class=\"more__content\">\n                <div class=\"more__title--container\">\n                                            \n                                                                            \n                        <p class=\"text-bold text-white text--serif text--40\">Rutas de peregrinaci\u00f3n<\/p>\n                                                            <\/div>\n                                    <div class=\"more__cta\">\n                        <i class=\"fa-thin fa-chevron-right\"><\/i>\n                    <\/div>\n                            <\/div>\n        <\/a>\n    \n<\/div>\n\n<\/section>","protected":false},"excerpt":{"rendered":"","protected":false},"author":7,"featured_media":0,"parent":484,"menu_order":2,"comment_status":"closed","ping_status":"closed","template":"","meta":{"_acf_changed":false,"footnotes":""},"categories":[],"class_list":["post-3759","page","type-page","status-publish","hentry"],"acf":[],"yoast_head":"<!-- This site is optimized with the Yoast SEO Premium plugin v26.0 (Yoast SEO v26.8) - https:\/\/yoast.com\/product\/yoast-seo-premium-wordpress\/ -->\n<title>Literaturpfad - Stift Admont<\/title>\n<meta name=\"robots\" content=\"index, follow, max-snippet:-1, max-image-preview:large, max-video-preview:-1\" \/>\n<link rel=\"canonical\" href=\"https:\/\/stiftadmont.at\/es\/instalaciones-exteriores\/ruta-literaria\/\" \/>\n<meta property=\"og:locale\" content=\"es_ES\" \/>\n<meta property=\"og:type\" content=\"article\" \/>\n<meta property=\"og:title\" content=\"Literaturpfad\" \/>\n<meta property=\"og:url\" content=\"https:\/\/stiftadmont.at\/es\/instalaciones-exteriores\/ruta-literaria\/\" \/>\n<meta property=\"og:site_name\" content=\"Stift Admont\" \/>\n<meta property=\"article:modified_time\" content=\"2025-02-05T09:41:48+00:00\" \/>\n<meta property=\"og:image\" content=\"https:\/\/stiftadmont.at\/wp-content\/uploads\/Klosteranlage-innen.jpg\" \/>\n\t<meta property=\"og:image:width\" content=\"1912\" \/>\n\t<meta property=\"og:image:height\" content=\"1188\" \/>\n\t<meta property=\"og:image:type\" content=\"image\/jpeg\" \/>\n<meta name=\"twitter:card\" content=\"summary_large_image\" \/>\n<script type=\"application\/ld+json\" class=\"yoast-schema-graph\">{\"@context\":\"https:\/\/schema.org\",\"@graph\":[{\"@type\":\"WebPage\",\"@id\":\"https:\/\/stiftadmont.at\/aussenanlagen\/literaturpfad\/\",\"url\":\"https:\/\/stiftadmont.at\/aussenanlagen\/literaturpfad\/\",\"name\":\"Literaturpfad - Stift Admont\",\"isPartOf\":{\"@id\":\"https:\/\/stiftadmont.at\/#website\"},\"datePublished\":\"2021-07-27T06:38:46+00:00\",\"dateModified\":\"2025-02-05T09:41:48+00:00\",\"breadcrumb\":{\"@id\":\"https:\/\/stiftadmont.at\/aussenanlagen\/literaturpfad\/#breadcrumb\"},\"inLanguage\":\"es\",\"potentialAction\":[{\"@type\":\"ReadAction\",\"target\":[\"https:\/\/stiftadmont.at\/aussenanlagen\/literaturpfad\/\"]}]},{\"@type\":\"BreadcrumbList\",\"@id\":\"https:\/\/stiftadmont.at\/aussenanlagen\/literaturpfad\/#breadcrumb\",\"itemListElement\":[{\"@type\":\"ListItem\",\"position\":1,\"name\":\"Start\",\"item\":\"https:\/\/stiftadmont.at\/\"},{\"@type\":\"ListItem\",\"position\":2,\"name\":\"Au\u00dfenanlagen\",\"item\":\"https:\/\/stiftadmont.at\/aussenanlagen\/\"},{\"@type\":\"ListItem\",\"position\":3,\"name\":\"Literaturpfad\"}]},{\"@type\":\"WebSite\",\"@id\":\"https:\/\/stiftadmont.at\/#website\",\"url\":\"https:\/\/stiftadmont.at\/\",\"name\":\"Stift Admont\",\"description\":\"Benediktinerkloster und Sehensw\u00fcrdigkeit im Ges\u00e4use\",\"potentialAction\":[{\"@type\":\"SearchAction\",\"target\":{\"@type\":\"EntryPoint\",\"urlTemplate\":\"https:\/\/stiftadmont.at\/?s={search_term_string}\"},\"query-input\":{\"@type\":\"PropertyValueSpecification\",\"valueRequired\":true,\"valueName\":\"search_term_string\"}}],\"inLanguage\":\"es\"}]}<\/script>\n<!-- \/ Yoast SEO Premium plugin. -->","yoast_head_json":{"title":"Ruta literaria - Abad\u00eda de Admont","robots":{"index":"index","follow":"follow","max-snippet":"max-snippet:-1","max-image-preview":"max-image-preview:large","max-video-preview":"max-video-preview:-1"},"canonical":"https:\/\/stiftadmont.at\/es\/instalaciones-exteriores\/ruta-literaria\/","og_locale":"es_ES","og_type":"article","og_title":"Literaturpfad","og_url":"https:\/\/stiftadmont.at\/es\/instalaciones-exteriores\/ruta-literaria\/","og_site_name":"Stift Admont","article_modified_time":"2025-02-05T09:41:48+00:00","og_image":[{"width":1912,"height":1188,"url":"https:\/\/stiftadmont.at\/wp-content\/uploads\/Klosteranlage-innen.jpg","type":"image\/jpeg"}],"twitter_card":"summary_large_image","schema":{"@context":"https:\/\/schema.org","@graph":[{"@type":"WebPage","@id":"https:\/\/stiftadmont.at\/aussenanlagen\/literaturpfad\/","url":"https:\/\/stiftadmont.at\/aussenanlagen\/literaturpfad\/","name":"Ruta literaria - Abad\u00eda de Admont","isPartOf":{"@id":"https:\/\/stiftadmont.at\/#website"},"datePublished":"2021-07-27T06:38:46+00:00","dateModified":"2025-02-05T09:41:48+00:00","breadcrumb":{"@id":"https:\/\/stiftadmont.at\/aussenanlagen\/literaturpfad\/#breadcrumb"},"inLanguage":"es","potentialAction":[{"@type":"ReadAction","target":["https:\/\/stiftadmont.at\/aussenanlagen\/literaturpfad\/"]}]},{"@type":"BreadcrumbList","@id":"https:\/\/stiftadmont.at\/aussenanlagen\/literaturpfad\/#breadcrumb","itemListElement":[{"@type":"ListItem","position":1,"name":"Start","item":"https:\/\/stiftadmont.at\/"},{"@type":"ListItem","position":2,"name":"Au\u00dfenanlagen","item":"https:\/\/stiftadmont.at\/aussenanlagen\/"},{"@type":"ListItem","position":3,"name":"Literaturpfad"}]},{"@type":"WebSite","@id":"https:\/\/stiftadmont.at\/#website","url":"https:\/\/stiftadmont.at\/","name":"Abad\u00eda de Admont","description":"Monasterio benedictino y atracci\u00f3n tur\u00edstica en el Ges\u00e4use","potentialAction":[{"@type":"SearchAction","target":{"@type":"EntryPoint","urlTemplate":"https:\/\/stiftadmont.at\/?s={search_term_string}"},"query-input":{"@type":"PropertyValueSpecification","valueRequired":true,"valueName":"search_term_string"}}],"inLanguage":"es"}]}},"_links":{"self":[{"href":"https:\/\/stiftadmont.at\/es\/wp-json\/wp\/v2\/pages\/3759","targetHints":{"allow":["GET"]}}],"collection":[{"href":"https:\/\/stiftadmont.at\/es\/wp-json\/wp\/v2\/pages"}],"about":[{"href":"https:\/\/stiftadmont.at\/es\/wp-json\/wp\/v2\/types\/page"}],"author":[{"embeddable":true,"href":"https:\/\/stiftadmont.at\/es\/wp-json\/wp\/v2\/users\/7"}],"replies":[{"embeddable":true,"href":"https:\/\/stiftadmont.at\/es\/wp-json\/wp\/v2\/comments?post=3759"}],"version-history":[{"count":62,"href":"https:\/\/stiftadmont.at\/es\/wp-json\/wp\/v2\/pages\/3759\/revisions"}],"predecessor-version":[{"id":32669,"href":"https:\/\/stiftadmont.at\/es\/wp-json\/wp\/v2\/pages\/3759\/revisions\/32669"}],"up":[{"embeddable":true,"href":"https:\/\/stiftadmont.at\/es\/wp-json\/wp\/v2\/pages\/484"}],"wp:attachment":[{"href":"https:\/\/stiftadmont.at\/es\/wp-json\/wp\/v2\/media?parent=3759"}],"wp:term":[{"taxonomy":"category","embeddable":true,"href":"https:\/\/stiftadmont.at\/es\/wp-json\/wp\/v2\/categories?post=3759"}],"curies":[{"name":"wp","href":"https:\/\/api.w.org\/{rel}","templated":true}]}}