{"id":3804,"date":"2021-07-27T08:56:02","date_gmt":"2021-07-27T06:56:02","guid":{"rendered":"https:\/\/stiftadmont.at\/?page_id=3804"},"modified":"2025-01-30T10:28:40","modified_gmt":"2025-01-30T08:28:40","slug":"rutas-de-peregrinacion","status":"publish","type":"page","link":"https:\/\/stiftadmont.at\/es\/aussenanlagen\/pilgerwege\/","title":{"rendered":"Rutas de peregrinaci\u00f3n"},"content":{"rendered":"<section id='lightpress__section--block_3149c650bf281511b677eaf98662b8a8' class='align-center lightpress__section--default-section-space lightpress__section lightpress__section--headline'><div class=\"headline__container\">\n            <h2 class=\"headline text--40 text-medium line line--gold line-above line-middle\">El viaje m\u00e1s largo es el viaje hacia uno mismo<\/h2>\n        <p class=\"text-center text-gold text--20 text-medium text--uppercase\">En esta p\u00e1gina queremos presentarle las rutas de peregrinaci\u00f3n que pasan o empiezan en la Abad\u00eda de Admont.<\/p>\n        <div class=\"spacer--40\"><\/div>\n<\/div>\n\n<\/section>\n\n<section id='lightpress__section--block_670bae197bceffbcdab1b691586bc86c' class='lightpress__section--default-section-space lightpress__section lightpress__section--content'><div class=\"content__inner\"\n         x-init=\"initContentBlockAnim($el)\">\n        \n    <div class=\"content__grid content__grid--fifty-fifty\">\n                                            <div class=\"content__box content__box\"\n                 style=\"\">\n                                \n                \n                                            <div class=\"prose\"><h5 class=\"heading-m line line-above line--gold\">Ruta de peregrinaci\u00f3n del Hemma<\/h5>\n<p>\u00a0<\/p>\n<p class=\"paragraph-m\">Santa Hemma naci\u00f3 hacia 980 como condesa de Friesach-Zeltschach y fund\u00f3 los monasterios benedictinos de Gurk y Admont. Partiendo de la abad\u00eda de Admont, la ruta de peregrinaci\u00f3n de Hemma conduce a Gurk, en Carintia, donde est\u00e1 enterrada en la cripta de la catedral. Su veneraci\u00f3n tiene una tradici\u00f3n secular en Carintia, Estiria y Eslovenia. Nacida hacia 980 como condesa de Friesach-Zeltschach, su caridad y filantrop\u00eda la hicieron famosa entre la poblaci\u00f3n.<\/p>\n<\/div>\n                    \n                            <\/div>\n        \n                                                    <div class=\"content__box content__box--2\"\n                     >\n                                        \n                    \n                                                    <div class=\"prose\"><div class=\"info info--info\">\n<p>de Admont a Gurk (186,6 km)<\/p>\n<p>Duraci\u00f3n: 59 h <br \/>Perfil de altitud: 7077 \/ 7047 m <br \/>Dificultad: 3 \/ 5<\/p>\n<p><a class=\"admont-button admont-button--outline-gold\" href=\"http:\/\/www.pilgerwege-kaernten.at\" target=\"_blank\" rel=\"noopener\">DETALLES<\/a> <a class=\"admont-button admont-button--outline-gold\" href=\"\/wp-content\/uploads\/HemmaPilgerweg_3-4_WEB_gesamt.pdf\">FOLLETO<\/a><\/p>\n<\/div>\n<\/div>\n                        \n                                    <\/div>\n            \n            <\/div>\n<\/div>\n\n<\/section>\n\n<section id='lightpress__section--block_f8daa6b74f6f87c713df15d7ff54b6b3' class='lightpress__section--default-section-space lightpress__section lightpress__section--content'><div class=\"content__inner\"\n         x-init=\"initContentBlockAnim($el)\">\n        \n    <div class=\"content__grid content__grid\">\n                                            <div class=\"content__box content__box--one-hundred\"\n                 style=\"\">\n                                \n                \n                                            <div class=\"prose\"><h5 class=\"heading-m line line-above line--gold\">Ruta<\/h5>\n<p>\u00a0<\/p>\n<p class=\"paragraph-m\">La ruta de peregrinaci\u00f3n se divide en 7 etapas, por lo que cada cual puede confeccionar su propio itinerario. A lo largo del camino hay numerosos lugares de inter\u00e9s que conviene visitar. Comienza con la abad\u00eda de Admont y su biblioteca, que es la mayor biblioteca abacial del mundo. Uno de los espect\u00e1culos naturales m\u00e1s bellos del camino es, sin duda, la traves\u00eda del Niedere Tauern sobre el Glattjoch, con final de etapa en Oberw\u00f6lz, la ciudad m\u00e1s peque\u00f1a de Estiria, con un centro hist\u00f3rico de gran valor rodeado por una impresionante muralla.<\/p>\n<\/div>\n                    \n                            <\/div>\n        \n            <\/div>\n<\/div>\n\n<\/section>\n\n<section id='lightpress__section--block_1da8d18c6948fab04b1b70befe7a6b85' class='lightpress__section--default-section-space lightpress__section lightpress__section--content'><div class=\"content__inner\"\n         x-init=\"initContentBlockAnim($el)\">\n        \n    <div class=\"content__grid content__grid--fifty-fifty\">\n                                            <div class=\"content__box content__box\"\n                 style=\"\">\n                                \n                \n                                            <div class=\"prose\"><h5 class=\"heading-m line line-above line--gold\">Benediktweg<\/h5>\n<p>\u00a0<\/p>\n<p class=\"paragraph-m\">El Sendero de Benedicto se cre\u00f3 con motivo del 200 aniversario de la recolonizaci\u00f3n de la abad\u00eda de San Pablo en Lavanttal en 2009 y lleva el nombre del fundador de la orden, Benedicto de Nursia. El sendero va desde Spital am Pyhrn pasando por Admont, Seckau, Maria Buch, Wolfsberg, San Pablo y Slovenj Gradec hasta Gornij Grad, en Eslovenia.<\/p>\n<\/div>\n                    \n                            <\/div>\n        \n                                                    <div class=\"content__box content__box--2\"\n                     >\n                                        \n                    \n                                                    <div class=\"prose\"><div class=\"info info--info\">\n<p>de Spital am Pyhrn a Gornij Grad\/Slo. (126,1 km)<\/p>\n<p>Duraci\u00f3n: 37 h 30 min <br \/>Perfil de elevaci\u00f3n: 3227 \/ 3170 m <br \/>Dificultad: 2 \/ 5<\/p>\n<p><a class=\"admont-button admont-button--outline-gold\" href=\"https:\/\/www.pilgerwege-kaernten.at\/home\/\" target=\"_blank\" rel=\"noopener\">DETALLES<\/a> <a class=\"admont-button admont-button--outline-gold\" href=\"https:\/\/www.benedikt-bewegt.at\/\" target=\"_blank\" rel=\"noopener\">BENEDICTO SE MUEVE\u00a0<\/a><\/p>\n<\/div>\n<\/div>\n                        \n                                    <\/div>\n            \n            <\/div>\n<\/div>\n\n<\/section>\n\n<section id='lightpress__section--block_8c17ec234a0d25510e5aac293db766d2' class='lightpress__section--default-section-space lightpress__section lightpress__section--content'><div class=\"content__inner\"\n         x-init=\"initContentBlockAnim($el)\">\n        \n    <div class=\"content__grid content__grid\">\n                                            <div class=\"content__box content__box--one-hundred\"\n                 style=\"\">\n                                \n                \n                                            <div class=\"prose\"><h5 class=\"heading-m line line-above line--gold\">Ruta<\/h5>\n<p>\u00a0<\/p>\n<p class=\"paragraph-m\">El tramo del Camino de Benedicto que atraviesa Estiria nos lleva de abad\u00eda en abad\u00eda: desde Admont, pasando por Seckau, hasta Carintia. Los puntos m\u00e1s destacados son el Parque Nacional de Ges\u00e4use y la traves\u00eda del Niedere Tauern. En el programa tambi\u00e9n se alternan la naturaleza y la cultura y peque\u00f1as ciudades para complementar las ricas experiencias naturales.<\/p>\n<\/div>\n                    \n                            <\/div>\n        \n            <\/div>\n<\/div>\n\n<\/section>\n\n<section id='lightpress__section--block_596a5dc8cb11bf49f5b6f946851ac1f3' class='lightpress__section--default-section-space lightpress__section lightpress__section--content'><div class=\"content__inner\"\n         x-init=\"initContentBlockAnim($el)\">\n        \n    <div class=\"content__grid content__grid\">\n                                            <div class=\"content__box content__box--one-hundred\"\n                 style=\"\">\n                                \n                \n                                            <div class=\"prose\"><h5 class=\"heading-m line line-above line--gold text-center\">Otras instalaciones al aire libre\u00a0<\/h5>\n<p>\u00a0<\/p>\n<p class=\"paragraph-m text-center\">Instalaciones al aire libre en la Abad\u00eda de Admont y sus alrededores<\/p>\n<p class=\"text-center\"><a class=\"admont-button admont-button--outline-gold\" href=\"\/es\/instalaciones-exteriores\/\">INSTALACIONES EXTERIORES<\/a><\/p>\n<\/div>\n                    \n                            <\/div>\n        \n            <\/div>\n<\/div>\n\n<\/section>\n\n<section id='lightpress__section--block_8d0b9654ee9c08c5760659570e707731' class='lightpress__section--more-links--950 lightpress__section--full-width lightpress__section--default-section-space lightpress__section lightpress__section--more-links'><div class=\"more\" x-init=\"initMoreLinksBlockAnim($el)\">\n            <style>\n            #lightpress__section--block_8d0b9654ee9c08c5760659570e707731 .more {\n                --entry-width: calc(100% \/ 4 - var(--grid-gap) * 4);\n                grid-template-columns: repeat(auto-fit, minmax(max(var(--entry-width),50rem), 1fr));\n            }\n        <\/style>\n    \n                    <a class=\"more__link\" href=\"\/es\/instalaciones-exteriores\/ruta-literaria\/\">\n            <div class=\"more__media\">\n                                    <picture class=\"more__image\">\n                        <source srcset=\"https:\/\/stiftadmont.at\/wp-content\/uploads\/8d967de4fb0deac392e6fc1838a87d15-1024x683.webp\" type=\"image\/webp\">\n                        <source srcset=\"https:\/\/stiftadmont.at\/wp-content\/uploads\/8d967de4fb0deac392e6fc1838a87d15-1024x683.jpg\" type=\"image\/jpeg\">\n                        <img decoding=\"async\" loading=\"lazy\" src=\"https:\/\/stiftadmont.at\/wp-content\/uploads\/8d967de4fb0deac392e6fc1838a87d15-1024x683.jpg\" alt=\"Ruta literaria 2021\" \/>\n                    <\/picture>\n                            <\/div>\n            <div class=\"more__content\">\n                <div class=\"more__title--container\">\n                                            \n                                                                            \n                        <p class=\"text-bold text-white text--serif text--26\">Ruta literaria<\/p>\n                                                            <\/div>\n                                    <div class=\"more__cta\">\n                        <i class=\"fa-thin fa-chevron-right\"><\/i>\n                    <\/div>\n                            <\/div>\n        <\/a>\n                    <a class=\"more__link\" href=\"\/es\/instalaciones-exteriores\/jardin-de-hierbas\/\">\n            <div class=\"more__media\">\n                                    <picture class=\"more__image\">\n                        <source srcset=\"https:\/\/stiftadmont.at\/wp-content\/uploads\/Bildschirmfoto-2021-07-27-um-08.30.59-2-1024x674.webp\" type=\"image\/webp\">\n                        <source srcset=\"https:\/\/stiftadmont.at\/wp-content\/uploads\/Bildschirmfoto-2021-07-27-um-08.30.59-2-1024x674.jpg\" type=\"image\/jpeg\">\n                        <img decoding=\"async\" loading=\"lazy\" src=\"https:\/\/stiftadmont.at\/wp-content\/uploads\/Bildschirmfoto-2021-07-27-um-08.30.59-2-1024x674.png\" alt=\"Huerto 2021\" \/>\n                    <\/picture>\n                            <\/div>\n            <div class=\"more__content\">\n                <div class=\"more__title--container\">\n                                            \n                                                                            \n                        <p class=\"text-bold text-white text--serif text--26\">Jard\u00edn de hierbas<\/p>\n                                                            <\/div>\n                                    <div class=\"more__cta\">\n                        <i class=\"fa-thin fa-chevron-right\"><\/i>\n                    <\/div>\n                            <\/div>\n        <\/a>\n    \n<\/div>\n\n<\/section>","protected":false},"excerpt":{"rendered":"","protected":false},"author":7,"featured_media":0,"parent":484,"menu_order":5,"comment_status":"closed","ping_status":"closed","template":"","meta":{"_acf_changed":false,"footnotes":""},"categories":[],"class_list":["post-3804","page","type-page","status-publish","hentry"],"acf":[],"yoast_head":"<!-- This site is optimized with the Yoast SEO Premium plugin v26.0 (Yoast SEO v26.8) - https:\/\/yoast.com\/product\/yoast-seo-premium-wordpress\/ -->\n<title>Pilgerwege - Stift Admont<\/title>\n<meta name=\"robots\" content=\"index, follow, max-snippet:-1, max-image-preview:large, max-video-preview:-1\" \/>\n<link rel=\"canonical\" href=\"https:\/\/stiftadmont.at\/es\/instalaciones-exteriores\/rutas-de-peregrinacion\/\" \/>\n<meta property=\"og:locale\" content=\"es_ES\" \/>\n<meta property=\"og:type\" content=\"article\" \/>\n<meta property=\"og:title\" content=\"Pilgerwege\" \/>\n<meta property=\"og:url\" content=\"https:\/\/stiftadmont.at\/es\/instalaciones-exteriores\/rutas-de-peregrinacion\/\" \/>\n<meta property=\"og:site_name\" content=\"Stift Admont\" \/>\n<meta property=\"article:modified_time\" content=\"2025-01-30T08:28:40+00:00\" \/>\n<meta property=\"og:image\" content=\"https:\/\/stiftadmont.at\/wp-content\/uploads\/Klosteranlage-innen.jpg\" \/>\n\t<meta property=\"og:image:width\" content=\"1912\" \/>\n\t<meta property=\"og:image:height\" content=\"1188\" \/>\n\t<meta property=\"og:image:type\" content=\"image\/jpeg\" \/>\n<meta name=\"twitter:card\" content=\"summary_large_image\" \/>\n<script type=\"application\/ld+json\" class=\"yoast-schema-graph\">{\"@context\":\"https:\/\/schema.org\",\"@graph\":[{\"@type\":\"WebPage\",\"@id\":\"https:\/\/stiftadmont.at\/aussenanlagen\/pilgerwege\/\",\"url\":\"https:\/\/stiftadmont.at\/aussenanlagen\/pilgerwege\/\",\"name\":\"Pilgerwege - Stift Admont\",\"isPartOf\":{\"@id\":\"https:\/\/stiftadmont.at\/#website\"},\"datePublished\":\"2021-07-27T06:56:02+00:00\",\"dateModified\":\"2025-01-30T08:28:40+00:00\",\"breadcrumb\":{\"@id\":\"https:\/\/stiftadmont.at\/aussenanlagen\/pilgerwege\/#breadcrumb\"},\"inLanguage\":\"es\",\"potentialAction\":[{\"@type\":\"ReadAction\",\"target\":[\"https:\/\/stiftadmont.at\/aussenanlagen\/pilgerwege\/\"]}]},{\"@type\":\"BreadcrumbList\",\"@id\":\"https:\/\/stiftadmont.at\/aussenanlagen\/pilgerwege\/#breadcrumb\",\"itemListElement\":[{\"@type\":\"ListItem\",\"position\":1,\"name\":\"Start\",\"item\":\"https:\/\/stiftadmont.at\/\"},{\"@type\":\"ListItem\",\"position\":2,\"name\":\"Au\u00dfenanlagen\",\"item\":\"https:\/\/stiftadmont.at\/aussenanlagen\/\"},{\"@type\":\"ListItem\",\"position\":3,\"name\":\"Pilgerwege\"}]},{\"@type\":\"WebSite\",\"@id\":\"https:\/\/stiftadmont.at\/#website\",\"url\":\"https:\/\/stiftadmont.at\/\",\"name\":\"Stift Admont\",\"description\":\"Benediktinerkloster und Sehensw\u00fcrdigkeit im Ges\u00e4use\",\"potentialAction\":[{\"@type\":\"SearchAction\",\"target\":{\"@type\":\"EntryPoint\",\"urlTemplate\":\"https:\/\/stiftadmont.at\/?s={search_term_string}\"},\"query-input\":{\"@type\":\"PropertyValueSpecification\",\"valueRequired\":true,\"valueName\":\"search_term_string\"}}],\"inLanguage\":\"es\"}]}<\/script>\n<!-- \/ Yoast SEO Premium plugin. -->","yoast_head_json":{"title":"Caminos de peregrinaci\u00f3n - Abad\u00eda de Admont","robots":{"index":"index","follow":"follow","max-snippet":"max-snippet:-1","max-image-preview":"max-image-preview:large","max-video-preview":"max-video-preview:-1"},"canonical":"https:\/\/stiftadmont.at\/es\/instalaciones-exteriores\/rutas-de-peregrinacion\/","og_locale":"es_ES","og_type":"article","og_title":"Pilgerwege","og_url":"https:\/\/stiftadmont.at\/es\/instalaciones-exteriores\/rutas-de-peregrinacion\/","og_site_name":"Stift Admont","article_modified_time":"2025-01-30T08:28:40+00:00","og_image":[{"width":1912,"height":1188,"url":"https:\/\/stiftadmont.at\/wp-content\/uploads\/Klosteranlage-innen.jpg","type":"image\/jpeg"}],"twitter_card":"summary_large_image","schema":{"@context":"https:\/\/schema.org","@graph":[{"@type":"WebPage","@id":"https:\/\/stiftadmont.at\/aussenanlagen\/pilgerwege\/","url":"https:\/\/stiftadmont.at\/aussenanlagen\/pilgerwege\/","name":"Caminos de peregrinaci\u00f3n - Abad\u00eda de Admont","isPartOf":{"@id":"https:\/\/stiftadmont.at\/#website"},"datePublished":"2021-07-27T06:56:02+00:00","dateModified":"2025-01-30T08:28:40+00:00","breadcrumb":{"@id":"https:\/\/stiftadmont.at\/aussenanlagen\/pilgerwege\/#breadcrumb"},"inLanguage":"es","potentialAction":[{"@type":"ReadAction","target":["https:\/\/stiftadmont.at\/aussenanlagen\/pilgerwege\/"]}]},{"@type":"BreadcrumbList","@id":"https:\/\/stiftadmont.at\/aussenanlagen\/pilgerwege\/#breadcrumb","itemListElement":[{"@type":"ListItem","position":1,"name":"Start","item":"https:\/\/stiftadmont.at\/"},{"@type":"ListItem","position":2,"name":"Au\u00dfenanlagen","item":"https:\/\/stiftadmont.at\/aussenanlagen\/"},{"@type":"ListItem","position":3,"name":"Pilgerwege"}]},{"@type":"WebSite","@id":"https:\/\/stiftadmont.at\/#website","url":"https:\/\/stiftadmont.at\/","name":"Abad\u00eda de Admont","description":"Monasterio benedictino y atracci\u00f3n tur\u00edstica en el Ges\u00e4use","potentialAction":[{"@type":"SearchAction","target":{"@type":"EntryPoint","urlTemplate":"https:\/\/stiftadmont.at\/?s={search_term_string}"},"query-input":{"@type":"PropertyValueSpecification","valueRequired":true,"valueName":"search_term_string"}}],"inLanguage":"es"}]}},"_links":{"self":[{"href":"https:\/\/stiftadmont.at\/es\/wp-json\/wp\/v2\/pages\/3804","targetHints":{"allow":["GET"]}}],"collection":[{"href":"https:\/\/stiftadmont.at\/es\/wp-json\/wp\/v2\/pages"}],"about":[{"href":"https:\/\/stiftadmont.at\/es\/wp-json\/wp\/v2\/types\/page"}],"author":[{"embeddable":true,"href":"https:\/\/stiftadmont.at\/es\/wp-json\/wp\/v2\/users\/7"}],"replies":[{"embeddable":true,"href":"https:\/\/stiftadmont.at\/es\/wp-json\/wp\/v2\/comments?post=3804"}],"version-history":[{"count":95,"href":"https:\/\/stiftadmont.at\/es\/wp-json\/wp\/v2\/pages\/3804\/revisions"}],"predecessor-version":[{"id":32374,"href":"https:\/\/stiftadmont.at\/es\/wp-json\/wp\/v2\/pages\/3804\/revisions\/32374"}],"up":[{"embeddable":true,"href":"https:\/\/stiftadmont.at\/es\/wp-json\/wp\/v2\/pages\/484"}],"wp:attachment":[{"href":"https:\/\/stiftadmont.at\/es\/wp-json\/wp\/v2\/media?parent=3804"}],"wp:term":[{"taxonomy":"category","embeddable":true,"href":"https:\/\/stiftadmont.at\/es\/wp-json\/wp\/v2\/categories?post=3804"}],"curies":[{"name":"wp","href":"https:\/\/api.w.org\/{rel}","templated":true}]}}