{"id":39264,"date":"2026-02-02T13:17:04","date_gmt":"2026-02-02T11:17:04","guid":{"rendered":"https:\/\/stiftadmont.at\/?page_id=39264"},"modified":"2026-03-17T12:53:20","modified_gmt":"2026-03-17T10:53:20","slug":"arte-contemporaneo-en-muros-antiguos-2026","status":"publish","type":"page","link":"https:\/\/stiftadmont.at\/es\/aktuelle-kunst-in-alten-mauern-2026\/","title":{"rendered":"Arte contempor\u00e1neo entre muros antiguos"},"content":{"rendered":"<section id='lightpress__section--block_87714cf1faa2698210a5ba8119a99c9b' class='align-center lightpress__section--default-section-space lightpress__section lightpress__section--headline'><div class=\"headline__container\">\n            <h2 class=\"headline text--40 text-medium line line--gold line-above line-middle\">Arte contempor\u00e1neo en el museo de la Abad\u00eda de Admont<\/h2>\n        <p class=\"text-center text-gold text--20 text-medium text--uppercase\">Di\u00e1logo entre tradici\u00f3n e innovaci\u00f3n<\/p>\n        <div class=\"spacer--40\"><\/div>\n<\/div>\n\n<\/section>\n\n<section id='lightpress__section--block_0961d0c98a7b88e63ec041b641f9475e' class='lightpress__section--default-section-space lightpress__section lightpress__section--content'><div class=\"content__inner\"\n         x-init=\"initContentBlockAnim($el)\">\n        \n    <div class=\"content__grid content__grid\">\n                                            <div class=\"content__box content__box--one-hundred\"\n                 style=\"\">\n                                \n                \n                                            <div class=\"prose\"><h5 class=\"heading-m line line-above line--gold\">Arte contempor\u00e1neo en muros antiguos - exposiciones especiales 2026: Hannes Schwarz y Josef Pillhofer<\/h5>\n<p class=\"paragraph-m\">\u00a0<\/p>\n<p>La segunda planta del museo ha acogido exposiciones itinerantes cada a\u00f1o desde la apertura del museo a gran escala en 2003. En 2026, se expondr\u00e1 la obra de dos importantes artistas austriacos del siglo XX. Con motivo del centenario del pintor Hannes Schwarz (1926-2014), se expondr\u00e1 una panor\u00e1mica de su obra. Paralelamente, se organiza una exposici\u00f3n sobre el escultor Josef Pillhofer (1921-2010). Las obras de dos protagonistas centrales del arte de Estiria en la posguerra entran as\u00ed en un discurso: se exponen los dibujos, pinturas y gr\u00e1ficos de Hannes Schwarz, mientras que Josef Pillhofer muestra sus obras escult\u00f3ricas, dibujos, collages y un tapiz que rara vez se ha expuesto hasta la fecha.\u00a0<\/p>\n<p>\u00a0<\/p>\n<p><strong>La inauguraci\u00f3n de ambas exposiciones tendr\u00e1 lugar el 19 de marzo de 2026, a partir de las 17.00 horas, en el Museo de la Abad\u00eda de Admont. Se ruega inscripci\u00f3n en <a class=\"email\" href=\"mailto:events@stiftadmont.at\"><span class=\"icon-outer\"><i class=\"fa-light fa-envelope\"><\/i><\/span>events@stiftadmont.at<\/a> solicitado.<\/strong><\/p>\n<p>\u00a0<\/p>\n<p><em><strong>Nota:\u00a0\u00a0<\/strong><strong>El museo de la Abad\u00eda de Admont abrir\u00e1 sus puertas el 19 de marzo de 2026 a partir de las 14:00 horas, con entrada gratuita.<\/strong><\/em><\/p>\n<\/div>\n                    \n                            <\/div>\n        \n            <\/div>\n<\/div>\n\n<\/section>\n\n<section id='lightpress__section--block_33356f0fa4b997564df27d70c48fb271' class='bg--beige lightpress__section--colored-bg lightpress__section--default-section-space lightpress__section lightpress__section--content'><div class=\"content__inner\"\n         x-init=\"initContentBlockAnim($el)\">\n        \n    <div class=\"content__grid content__grid--fifty-fifty\">\n                                            <div class=\"content__box content__box\"\n                 style=\"\">\n                                \n                \n                                        <div class=\"content__media stickyTo\" x-init=\"imageSticky($el)\">\n\n                                                                                                <picture\n                                class=\"content__image sticky\">\n                            <source srcset=\"https:\/\/stiftadmont.at\/wp-content\/uploads\/Schwarz_verletzt-1024x687.png\"\n                                    type=\"image\/webp\">\n                            <source srcset=\"https:\/\/stiftadmont.at\/wp-content\/uploads\/Schwarz_verletzt-1024x687.png\"\n                                    type=\"image\/jpeg\">\n                            <img decoding=\"async\" loading=\"lazy\" src=\"https:\/\/stiftadmont.at\/wp-content\/uploads\/Schwarz_verletzt-1024x687.png\" alt=\"Negro herido\" width=\"600\" height=\"450\" \/>\n                                                                                                            <\/picture>\n\n                    <\/div>\n\n                            <\/div>\n        \n                                                    <div class=\"content__box content__box--2\"\n                     >\n                                        \n                    \n                                                    <div class=\"prose\"><h5 class=\"heading-m line line-above line--gold\">Herido. Hannes Schwarz en la colecci\u00f3n de la abad\u00eda benedictina de Admont<\/h5>\n<p class=\"paragraph-m\">\u00a0<\/p>\n<p>La exposici\u00f3n \u201eVerletzt\u201c ofrece una visi\u00f3n completa de la polifac\u00e9tica obra de Hannes Schwarz, caracterizada por cuestiones existenciales y cambios estil\u00edsticos. Tras las primeras obras abstractas de la d\u00e9cada de 1950 y las t\u00e9cnicas experimentales de impresi\u00f3n a partir de 1959, la vulnerable y deformada figura humana se convirti\u00f3 en el centro de atenci\u00f3n a partir de mediados de la d\u00e9cada de 1960. En torno a 1975, la serie \u201eVerletzt\u201c (Heridos) marc\u00f3 un punto de inflexi\u00f3n hacia espacios pict\u00f3ricos reducidos y paisaj\u00edsticos en los que se tematiza la exposici\u00f3n del ser humano.<\/p>\n<p>\u00a0<\/p>\n<p><a class=\"admont-button admont-button--secondary\" href=\"https:\/\/stiftadmont.at\/es\/proyecto-conmemorativo-contramundos\/\">Proyecto conmemorativo de Contramundos - Hannes Schwarz (1926-2014)<\/a><\/p>\n<p>\u00a0<\/p>\n<p><a class=\"admont-button admont-button--secondary\" href=\"https:\/\/stiftadmont.at\/wp-content\/uploads\/STA_Einladung-Vernissage-Verletzt_2026.pdf\" target=\"_blank\" rel=\"noopener\">Volante Hannes Schwarz<\/a><\/p>\n<p>\u00a0<\/p>\n<\/div>\n                        \n                                    <\/div>\n            \n            <\/div>\n<\/div>\n\n    <div class=\"background__container background__container--beige\">\n    <\/div>\n\n<\/section>\n\n<section id='lightpress__section--block_897b57923b0a3a88b9c99b9f73bd0512' class='lightpress__section--default-section-space lightpress__section lightpress__section--content'><div class=\"content__inner\"\n         x-init=\"initContentBlockAnim($el)\">\n        \n    <div class=\"content__grid content__grid--fifty-fifty\">\n                                            <div class=\"content__box content__box\"\n                 style=\"\">\n                                \n                \n                                            <div class=\"prose\"><h5 class=\"heading-m line line-above line--gold\">Josef Pillhofer. Entre la abstracci\u00f3n y la figuraci\u00f3n<\/h5>\n<p class=\"paragraph-m\">\u00a0<\/p>\n<p>Josef Pillhofer es uno de los escultores austriacos m\u00e1s importantes de la segunda mitad del siglo XX. Tras estudiar en Graz y Viena y un periodo de formaci\u00f3n en Par\u00eds, desarroll\u00f3 un lenguaje formal independiente entre la abstracci\u00f3n y la figuraci\u00f3n. Su obra, que trata intensamente del espacio, la estructura y la figura humana, se presenta en Admont con obras seleccionadas cedidas por colecciones privadas.<\/p>\n<p>\u00a0<\/p>\n<p><a class=\"admont-button admont-button--secondary\" href=\"https:\/\/stiftadmont.at\/wp-content\/uploads\/STA_Einladung-Vernissage-Pillhofer_2026.pdf\" target=\"_blank\" rel=\"noopener\">Volante Josef Pillhofer<\/a><\/p>\n<\/div>\n                    \n                            <\/div>\n        \n                                                    <div class=\"content__box content__box--2\"\n                     >\n                                        \n                                            \n                                                    <a href=\"https:\/\/stiftadmont.at\/wp-content\/uploads\/Gegenwartskunst-.mp4\" class=\"content__video content__media\"\n                               x-data\n x-init=\"initContentLightBox('#lightpress__section--block_897b57923b0a3a88b9c99b9f73bd0512 .content__video')\">\n                                                                                                                                <picture class=\"content__image\">\n                                    <source srcset=\"https:\/\/stiftadmont.at\/wp-content\/uploads\/Pillhofer_liegender-Mann-1024x810.webp\" type=\"image\/webp\">\n                                    <source srcset=\"https:\/\/stiftadmont.at\/wp-content\/uploads\/Pillhofer_liegender-Mann-1024x810.jpg\" type=\"image\/jpeg\">\n                                    <img decoding=\"async\" class=\"content__image\" loading=\"lazy\" src=\"https:\/\/stiftadmont.at\/wp-content\/uploads\/Pillhofer_liegender-Mann-1024x810.png\" alt=\"Pillhofer mentiroso\" width=\"600\" height=\"450\" \/>\n                                <\/picture>\n\n                                <span class=\"overlay-dark\"><\/span>\n                                <span class=\"content-overlay\"><\/span>\n                                <div class=\"content__plaque\">\n                                    <div class=\"content__plaque-inner\">\n                                        <span><i class=\"fas fa-play content__icon\"><\/i><\/span>\n                                        <p class=\"paragraph-m\">Jugar<\/p>\n                                    <\/div>\n                                <\/div>\n                            <\/a>\n                        \n                                    <\/div>\n            \n            <\/div>\n<\/div>\n\n<\/section>","protected":false},"excerpt":{"rendered":"","protected":false},"author":7,"featured_media":39253,"parent":0,"menu_order":0,"comment_status":"closed","ping_status":"closed","template":"","meta":{"_acf_changed":false,"footnotes":""},"categories":[],"class_list":["post-39264","page","type-page","status-publish","has-post-thumbnail","hentry"],"acf":[],"yoast_head":"<!-- This site is optimized with the Yoast SEO Premium plugin v26.0 (Yoast SEO v26.8) - https:\/\/yoast.com\/product\/yoast-seo-premium-wordpress\/ -->\n<title>Aktuelle Kunst in alten Mauern - Stift Admont<\/title>\n<meta name=\"robots\" content=\"index, follow, max-snippet:-1, max-image-preview:large, max-video-preview:-1\" \/>\n<link rel=\"canonical\" href=\"https:\/\/stiftadmont.at\/es\/arte-contemporaneo-en-muros-antiguos-2026\/\" \/>\n<meta property=\"og:locale\" content=\"es_ES\" \/>\n<meta property=\"og:type\" content=\"article\" \/>\n<meta property=\"og:title\" content=\"Aktuelle Kunst in alten Mauern\" \/>\n<meta property=\"og:url\" content=\"https:\/\/stiftadmont.at\/es\/arte-contemporaneo-en-muros-antiguos-2026\/\" \/>\n<meta property=\"og:site_name\" content=\"Stift Admont\" \/>\n<meta property=\"article:modified_time\" content=\"2026-03-17T10:53:20+00:00\" \/>\n<meta property=\"og:image\" content=\"https:\/\/stiftadmont.at\/wp-content\/uploads\/Schwarz_verletzt-1024x687.png\" \/>\n\t<meta property=\"og:image:width\" content=\"1024\" \/>\n\t<meta property=\"og:image:height\" content=\"687\" \/>\n\t<meta property=\"og:image:type\" content=\"image\/png\" \/>\n<meta name=\"twitter:card\" content=\"summary_large_image\" \/>\n<meta name=\"twitter:label1\" content=\"Tiempo de lectura\" \/>\n\t<meta name=\"twitter:data1\" content=\"1 minuto\" \/>\n<script type=\"application\/ld+json\" class=\"yoast-schema-graph\">{\"@context\":\"https:\/\/schema.org\",\"@graph\":[{\"@type\":\"WebPage\",\"@id\":\"https:\/\/stiftadmont.at\/aktuelle-kunst-in-alten-mauern-2026\/\",\"url\":\"https:\/\/stiftadmont.at\/aktuelle-kunst-in-alten-mauern-2026\/\",\"name\":\"Aktuelle Kunst in alten Mauern - Stift Admont\",\"isPartOf\":{\"@id\":\"https:\/\/stiftadmont.at\/#website\"},\"primaryImageOfPage\":{\"@id\":\"https:\/\/stiftadmont.at\/aktuelle-kunst-in-alten-mauern-2026\/#primaryimage\"},\"image\":{\"@id\":\"https:\/\/stiftadmont.at\/aktuelle-kunst-in-alten-mauern-2026\/#primaryimage\"},\"thumbnailUrl\":\"https:\/\/stiftadmont.at\/wp-content\/uploads\/Schwarz_verletzt.png\",\"datePublished\":\"2026-02-02T11:17:04+00:00\",\"dateModified\":\"2026-03-17T10:53:20+00:00\",\"breadcrumb\":{\"@id\":\"https:\/\/stiftadmont.at\/aktuelle-kunst-in-alten-mauern-2026\/#breadcrumb\"},\"inLanguage\":\"es\",\"potentialAction\":[{\"@type\":\"ReadAction\",\"target\":[\"https:\/\/stiftadmont.at\/aktuelle-kunst-in-alten-mauern-2026\/\"]}]},{\"@type\":\"ImageObject\",\"inLanguage\":\"es\",\"@id\":\"https:\/\/stiftadmont.at\/aktuelle-kunst-in-alten-mauern-2026\/#primaryimage\",\"url\":\"https:\/\/stiftadmont.at\/wp-content\/uploads\/Schwarz_verletzt.png\",\"contentUrl\":\"https:\/\/stiftadmont.at\/wp-content\/uploads\/Schwarz_verletzt.png\",\"width\":1894,\"height\":1271,\"caption\":\"Schwarz verletzt\"},{\"@type\":\"BreadcrumbList\",\"@id\":\"https:\/\/stiftadmont.at\/aktuelle-kunst-in-alten-mauern-2026\/#breadcrumb\",\"itemListElement\":[{\"@type\":\"ListItem\",\"position\":1,\"name\":\"Start\",\"item\":\"https:\/\/stiftadmont.at\/\"},{\"@type\":\"ListItem\",\"position\":2,\"name\":\"Aktuelle Kunst in alten Mauern\"}]},{\"@type\":\"WebSite\",\"@id\":\"https:\/\/stiftadmont.at\/#website\",\"url\":\"https:\/\/stiftadmont.at\/\",\"name\":\"Stift Admont\",\"description\":\"Benediktinerkloster und Sehensw\u00fcrdigkeit im Ges\u00e4use\",\"potentialAction\":[{\"@type\":\"SearchAction\",\"target\":{\"@type\":\"EntryPoint\",\"urlTemplate\":\"https:\/\/stiftadmont.at\/?s={search_term_string}\"},\"query-input\":{\"@type\":\"PropertyValueSpecification\",\"valueRequired\":true,\"valueName\":\"search_term_string\"}}],\"inLanguage\":\"es\"}]}<\/script>\n<!-- \/ Yoast SEO Premium plugin. -->","yoast_head_json":{"title":"Arte contempor\u00e1neo entre muros antiguos - Abad\u00eda de Admont","robots":{"index":"index","follow":"follow","max-snippet":"max-snippet:-1","max-image-preview":"max-image-preview:large","max-video-preview":"max-video-preview:-1"},"canonical":"https:\/\/stiftadmont.at\/es\/arte-contemporaneo-en-muros-antiguos-2026\/","og_locale":"es_ES","og_type":"article","og_title":"Aktuelle Kunst in alten Mauern","og_url":"https:\/\/stiftadmont.at\/es\/arte-contemporaneo-en-muros-antiguos-2026\/","og_site_name":"Stift Admont","article_modified_time":"2026-03-17T10:53:20+00:00","og_image":[{"width":1024,"height":687,"url":"https:\/\/stiftadmont.at\/wp-content\/uploads\/Schwarz_verletzt-1024x687.png","type":"image\/png"}],"twitter_card":"summary_large_image","twitter_misc":{"Tiempo de lectura":"1 minuto"},"schema":{"@context":"https:\/\/schema.org","@graph":[{"@type":"WebPage","@id":"https:\/\/stiftadmont.at\/aktuelle-kunst-in-alten-mauern-2026\/","url":"https:\/\/stiftadmont.at\/aktuelle-kunst-in-alten-mauern-2026\/","name":"Arte contempor\u00e1neo entre muros antiguos - Abad\u00eda de Admont","isPartOf":{"@id":"https:\/\/stiftadmont.at\/#website"},"primaryImageOfPage":{"@id":"https:\/\/stiftadmont.at\/aktuelle-kunst-in-alten-mauern-2026\/#primaryimage"},"image":{"@id":"https:\/\/stiftadmont.at\/aktuelle-kunst-in-alten-mauern-2026\/#primaryimage"},"thumbnailUrl":"https:\/\/stiftadmont.at\/wp-content\/uploads\/Schwarz_verletzt.png","datePublished":"2026-02-02T11:17:04+00:00","dateModified":"2026-03-17T10:53:20+00:00","breadcrumb":{"@id":"https:\/\/stiftadmont.at\/aktuelle-kunst-in-alten-mauern-2026\/#breadcrumb"},"inLanguage":"es","potentialAction":[{"@type":"ReadAction","target":["https:\/\/stiftadmont.at\/aktuelle-kunst-in-alten-mauern-2026\/"]}]},{"@type":"ImageObject","inLanguage":"es","@id":"https:\/\/stiftadmont.at\/aktuelle-kunst-in-alten-mauern-2026\/#primaryimage","url":"https:\/\/stiftadmont.at\/wp-content\/uploads\/Schwarz_verletzt.png","contentUrl":"https:\/\/stiftadmont.at\/wp-content\/uploads\/Schwarz_verletzt.png","width":1894,"height":1271,"caption":"Schwarz verletzt"},{"@type":"BreadcrumbList","@id":"https:\/\/stiftadmont.at\/aktuelle-kunst-in-alten-mauern-2026\/#breadcrumb","itemListElement":[{"@type":"ListItem","position":1,"name":"Start","item":"https:\/\/stiftadmont.at\/"},{"@type":"ListItem","position":2,"name":"Aktuelle Kunst in alten Mauern"}]},{"@type":"WebSite","@id":"https:\/\/stiftadmont.at\/#website","url":"https:\/\/stiftadmont.at\/","name":"Abad\u00eda de Admont","description":"Monasterio benedictino y atracci\u00f3n tur\u00edstica en el Ges\u00e4use","potentialAction":[{"@type":"SearchAction","target":{"@type":"EntryPoint","urlTemplate":"https:\/\/stiftadmont.at\/?s={search_term_string}"},"query-input":{"@type":"PropertyValueSpecification","valueRequired":true,"valueName":"search_term_string"}}],"inLanguage":"es"}]}},"_links":{"self":[{"href":"https:\/\/stiftadmont.at\/es\/wp-json\/wp\/v2\/pages\/39264","targetHints":{"allow":["GET"]}}],"collection":[{"href":"https:\/\/stiftadmont.at\/es\/wp-json\/wp\/v2\/pages"}],"about":[{"href":"https:\/\/stiftadmont.at\/es\/wp-json\/wp\/v2\/types\/page"}],"author":[{"embeddable":true,"href":"https:\/\/stiftadmont.at\/es\/wp-json\/wp\/v2\/users\/7"}],"replies":[{"embeddable":true,"href":"https:\/\/stiftadmont.at\/es\/wp-json\/wp\/v2\/comments?post=39264"}],"version-history":[{"count":11,"href":"https:\/\/stiftadmont.at\/es\/wp-json\/wp\/v2\/pages\/39264\/revisions"}],"predecessor-version":[{"id":40494,"href":"https:\/\/stiftadmont.at\/es\/wp-json\/wp\/v2\/pages\/39264\/revisions\/40494"}],"wp:featuredmedia":[{"embeddable":true,"href":"https:\/\/stiftadmont.at\/es\/wp-json\/wp\/v2\/media\/39253"}],"wp:attachment":[{"href":"https:\/\/stiftadmont.at\/es\/wp-json\/wp\/v2\/media?parent=39264"}],"wp:term":[{"taxonomy":"category","embeddable":true,"href":"https:\/\/stiftadmont.at\/es\/wp-json\/wp\/v2\/categories?post=39264"}],"curies":[{"name":"wp","href":"https:\/\/api.w.org\/{rel}","templated":true}]}}