{"id":39926,"date":"2026-03-03T23:49:46","date_gmt":"2026-03-03T21:49:46","guid":{"rendered":"https:\/\/stiftadmont.at\/?page_id=39926"},"modified":"2026-03-04T09:09:03","modified_gmt":"2026-03-04T07:09:03","slug":"prado-de-la-urna","status":"publish","type":"page","link":"https:\/\/stiftadmont.at\/es\/pfarren\/pfarrgemeinschaft-frauenberg-ardning-hall\/vikariat-ardning\/urnenwiese\/","title":{"rendered":"Nueva opci\u00f3n de enterramiento: pradera de urnas en Ardning"},"content":{"rendered":"<section id='lightpress__section--block_a30173d5f8c92f1333aa53282943d727' class='lightpress__section--default-section-space lightpress__section lightpress__section--content'><div class=\"content__inner\"\n         x-init=\"initContentBlockAnim($el)\">\n        \n    <div class=\"content__grid content__grid--fifty-fifty\">\n                                            <div class=\"content__box content__box\"\n                 style=\"\">\n                                \n                \n                                            <div class=\"prose\"><h5 class=\"heading-m line line-above line--gold\">Nueva opci\u00f3n de enterramiento: pradera de urnas en Ardning<\/h5>\n<p>\u00a0<\/p>\n<p>\u00a0El cementerio es uno de los bienes culturales m\u00e1s importantes de cada lugar y pueblo. Es un lugar p\u00fablico de recuerdo de los difuntos. Todav\u00eda se aplica el dicho: \u201eSi quieres saber qu\u00e9 gente vive en un lugar, \u00a1vete a ver su cementerio!\u201c.\u201c<\/p>\n<p>\u00a0<\/p>\n<p>Tambi\u00e9n es importante para nosotros, en t\u00e9rminos de fe, que exista un lugar com\u00fan de recuerdo para nuestros queridos difuntos que sea accesible a todos. Sus nombres, escritos por la mano de Dios, no deben caer en el olvido. Por ello, concedemos gran importancia a la conmemoraci\u00f3n de los difuntos y al cuidado del cementerio y las tumbas.<\/p>\n<p>\u00a0<\/p>\n<p>Al mismo tiempo, sabemos que despedirse de los difuntos y cuidar de sus tumbas es especialmente dif\u00edcil para muchas personas hoy en d\u00eda.<\/p>\n<p>\u00a0<\/p>\n<p>Adem\u00e1s de los cementerios de Ardning y Frauenberg, el prado de urnas de Ardning pretende ser una opci\u00f3n digna para la \u201e\u00faltima morada\u201c de nuestros difuntos. El prado de urnas es una zona del cementerio de Ardning delimitada por una valla.\u00a0<\/p>\n<\/div>\n                    \n                            <\/div>\n        \n                                                    <div class=\"content__box content__box--2\"\n                     >\n                                        \n                    \n                                                    <div class=\"prose\"><p>El enterramiento de las urnas en la tierra es an\u00f3nimo, lo que significa que no se colocar\u00e1 ninguna l\u00e1pida ni cruz. Tampoco se puede entrar en el prado; no es posible depositar flores ni encender velas directamente en el prado. Sin embargo, hay un hermoso \u201elugar conmemorativo\u201c en el exterior de la valla fronteriza. En \u00e9l figuran los nombres de las personas que fueron enterradas en el prado, y tambi\u00e9n es posible encender velas y depositar flores.<\/p>\n<p>\u00a0<\/p>\n<p>Los familiares ya no tienen que ocuparse del mantenimiento de las tumbas, de lo que se encarga la administraci\u00f3n del cementerio.\u00a0<\/p>\n<p>\u00a0<\/p>\n<p>Existen <strong>una tasa \u00fanica de 500 euros <\/strong>para el entierro en una urna descomponible. Transcurridos 10 a\u00f1os, la administraci\u00f3n del cementerio le preguntar\u00e1 si desea una \u201epr\u00f3rroga\u201c, es decir, si debe retirarse o no la placa con el nombre.<\/p>\n<p>\u00a0<\/p>\n<p>Para m\u00e1s informaci\u00f3n:<\/p>\n<p><strong> Administraci\u00f3n del cementerio de Ardning<\/strong> (en el despacho parroquial de Frauenberg): Patrizia Freydecker.<\/p>\n<p>Mar - Jue 08:30 - 11:30 h,<\/p>\n<p>Vie 08:30 - 10:00<\/p>\n<p>\u00a0<\/p>\n<p><a class=\"phone\" href=\"tel:+0043 3612\/7333\"><span class=\"icon-outer\"><i class=\"fa-light fa-phone\"><\/i><\/span>+43 3612\/7333<\/a>.<\/p>\n<p><a class=\"email\" href=\"mailto:pfarre.frauenberg@stiftadmont.at\"><span class=\"icon-outer\"><i class=\"fa-light fa-envelope\"><\/i><\/span>pfarre.frauenberg@stiftadmont.at<\/a><\/p>\n<p>\u00a0<\/p>\n<\/div>\n                        \n                                    <\/div>\n            \n            <\/div>\n<\/div>\n\n<\/section>","protected":false},"excerpt":{"rendered":"","protected":false},"author":7,"featured_media":39927,"parent":39535,"menu_order":0,"comment_status":"closed","ping_status":"closed","template":"","meta":{"_acf_changed":false,"footnotes":""},"categories":[],"class_list":["post-39926","page","type-page","status-publish","has-post-thumbnail","hentry"],"acf":[],"yoast_head":"<!-- This site is optimized with the Yoast SEO Premium plugin v26.0 (Yoast SEO v26.8) - https:\/\/yoast.com\/product\/yoast-seo-premium-wordpress\/ -->\n<title>Neue Bestattungsm\u00f6glichkeit \u2013 Urnenwiese in Ardning - Stift Admont<\/title>\n<meta name=\"robots\" content=\"index, follow, max-snippet:-1, max-image-preview:large, max-video-preview:-1\" \/>\n<link rel=\"canonical\" href=\"https:\/\/stiftadmont.at\/es\/parroquias\/comunidad-parroquial-frauenberg-ardning-hall\/vicariato-ardning\/prado-de-la-urna\/\" \/>\n<meta property=\"og:locale\" content=\"es_ES\" \/>\n<meta property=\"og:type\" content=\"article\" \/>\n<meta property=\"og:title\" content=\"Neue Bestattungsm\u00f6glichkeit \u2013 Urnenwiese in Ardning\" \/>\n<meta property=\"og:url\" content=\"https:\/\/stiftadmont.at\/es\/parroquias\/comunidad-parroquial-frauenberg-ardning-hall\/vicariato-ardning\/prado-de-la-urna\/\" \/>\n<meta property=\"og:site_name\" content=\"Stift Admont\" \/>\n<meta property=\"article:modified_time\" content=\"2026-03-04T07:09:03+00:00\" \/>\n<meta property=\"og:image\" content=\"https:\/\/stiftadmont.at\/wp-content\/uploads\/urnenwiese-ardning-769x1024.png\" \/>\n\t<meta property=\"og:image:width\" content=\"769\" \/>\n\t<meta property=\"og:image:height\" content=\"1024\" \/>\n\t<meta property=\"og:image:type\" content=\"image\/png\" \/>\n<meta name=\"twitter:card\" content=\"summary_large_image\" \/>\n<meta name=\"twitter:label1\" content=\"Tiempo de lectura\" \/>\n\t<meta name=\"twitter:data1\" content=\"1 minuto\" \/>\n<script type=\"application\/ld+json\" class=\"yoast-schema-graph\">{\"@context\":\"https:\/\/schema.org\",\"@graph\":[{\"@type\":\"WebPage\",\"@id\":\"https:\/\/stiftadmont.at\/pfarren\/pfarrgemeinschaft-frauenberg-ardning-hall\/vikariat-ardning\/urnenwiese\/\",\"url\":\"https:\/\/stiftadmont.at\/pfarren\/pfarrgemeinschaft-frauenberg-ardning-hall\/vikariat-ardning\/urnenwiese\/\",\"name\":\"Neue Bestattungsm\u00f6glichkeit \u2013 Urnenwiese in Ardning - Stift Admont\",\"isPartOf\":{\"@id\":\"https:\/\/stiftadmont.at\/#website\"},\"primaryImageOfPage\":{\"@id\":\"https:\/\/stiftadmont.at\/pfarren\/pfarrgemeinschaft-frauenberg-ardning-hall\/vikariat-ardning\/urnenwiese\/#primaryimage\"},\"image\":{\"@id\":\"https:\/\/stiftadmont.at\/pfarren\/pfarrgemeinschaft-frauenberg-ardning-hall\/vikariat-ardning\/urnenwiese\/#primaryimage\"},\"thumbnailUrl\":\"https:\/\/stiftadmont.at\/wp-content\/uploads\/urnenwiese-ardning.png\",\"datePublished\":\"2026-03-03T21:49:46+00:00\",\"dateModified\":\"2026-03-04T07:09:03+00:00\",\"breadcrumb\":{\"@id\":\"https:\/\/stiftadmont.at\/pfarren\/pfarrgemeinschaft-frauenberg-ardning-hall\/vikariat-ardning\/urnenwiese\/#breadcrumb\"},\"inLanguage\":\"es\",\"potentialAction\":[{\"@type\":\"ReadAction\",\"target\":[\"https:\/\/stiftadmont.at\/pfarren\/pfarrgemeinschaft-frauenberg-ardning-hall\/vikariat-ardning\/urnenwiese\/\"]}]},{\"@type\":\"ImageObject\",\"inLanguage\":\"es\",\"@id\":\"https:\/\/stiftadmont.at\/pfarren\/pfarrgemeinschaft-frauenberg-ardning-hall\/vikariat-ardning\/urnenwiese\/#primaryimage\",\"url\":\"https:\/\/stiftadmont.at\/wp-content\/uploads\/urnenwiese-ardning.png\",\"contentUrl\":\"https:\/\/stiftadmont.at\/wp-content\/uploads\/urnenwiese-ardning.png\",\"width\":1390,\"height\":1851,\"caption\":\"urnenwiese ardning\"},{\"@type\":\"BreadcrumbList\",\"@id\":\"https:\/\/stiftadmont.at\/pfarren\/pfarrgemeinschaft-frauenberg-ardning-hall\/vikariat-ardning\/urnenwiese\/#breadcrumb\",\"itemListElement\":[{\"@type\":\"ListItem\",\"position\":1,\"name\":\"Start\",\"item\":\"https:\/\/stiftadmont.at\/\"},{\"@type\":\"ListItem\",\"position\":2,\"name\":\"Pfarren\",\"item\":\"https:\/\/stiftadmont.at\/pfarren\/\"},{\"@type\":\"ListItem\",\"position\":3,\"name\":\"Pfarrgemeinschaft Frauenberg-Ardning-Hall\",\"item\":\"https:\/\/stiftadmont.at\/pfarren\/pfarrgemeinschaft-frauenberg-ardning-hall\/\"},{\"@type\":\"ListItem\",\"position\":4,\"name\":\"Das Vikariat Ardning\",\"item\":\"https:\/\/stiftadmont.at\/pfarren\/pfarrgemeinschaft-frauenberg-ardning-hall\/vikariat-ardning\/\"},{\"@type\":\"ListItem\",\"position\":5,\"name\":\"Neue Bestattungsm\u00f6glichkeit \u2013 Urnenwiese in Ardning\"}]},{\"@type\":\"WebSite\",\"@id\":\"https:\/\/stiftadmont.at\/#website\",\"url\":\"https:\/\/stiftadmont.at\/\",\"name\":\"Stift Admont\",\"description\":\"Benediktinerkloster und Sehensw\u00fcrdigkeit im Ges\u00e4use\",\"potentialAction\":[{\"@type\":\"SearchAction\",\"target\":{\"@type\":\"EntryPoint\",\"urlTemplate\":\"https:\/\/stiftadmont.at\/?s={search_term_string}\"},\"query-input\":{\"@type\":\"PropertyValueSpecification\",\"valueRequired\":true,\"valueName\":\"search_term_string\"}}],\"inLanguage\":\"es\"}]}<\/script>\n<!-- \/ Yoast SEO Premium plugin. -->","yoast_head_json":{"title":"Nueva opci\u00f3n de enterramiento - pradera de urnas en Ardning - Abad\u00eda de Admont","robots":{"index":"index","follow":"follow","max-snippet":"max-snippet:-1","max-image-preview":"max-image-preview:large","max-video-preview":"max-video-preview:-1"},"canonical":"https:\/\/stiftadmont.at\/es\/parroquias\/comunidad-parroquial-frauenberg-ardning-hall\/vicariato-ardning\/prado-de-la-urna\/","og_locale":"es_ES","og_type":"article","og_title":"Neue Bestattungsm\u00f6glichkeit \u2013 Urnenwiese in Ardning","og_url":"https:\/\/stiftadmont.at\/es\/parroquias\/comunidad-parroquial-frauenberg-ardning-hall\/vicariato-ardning\/prado-de-la-urna\/","og_site_name":"Stift Admont","article_modified_time":"2026-03-04T07:09:03+00:00","og_image":[{"width":769,"height":1024,"url":"https:\/\/stiftadmont.at\/wp-content\/uploads\/urnenwiese-ardning-769x1024.png","type":"image\/png"}],"twitter_card":"summary_large_image","twitter_misc":{"Tiempo de lectura":"1 minuto"},"schema":{"@context":"https:\/\/schema.org","@graph":[{"@type":"WebPage","@id":"https:\/\/stiftadmont.at\/pfarren\/pfarrgemeinschaft-frauenberg-ardning-hall\/vikariat-ardning\/urnenwiese\/","url":"https:\/\/stiftadmont.at\/pfarren\/pfarrgemeinschaft-frauenberg-ardning-hall\/vikariat-ardning\/urnenwiese\/","name":"Nueva opci\u00f3n de enterramiento - pradera de urnas en Ardning - Abad\u00eda de Admont","isPartOf":{"@id":"https:\/\/stiftadmont.at\/#website"},"primaryImageOfPage":{"@id":"https:\/\/stiftadmont.at\/pfarren\/pfarrgemeinschaft-frauenberg-ardning-hall\/vikariat-ardning\/urnenwiese\/#primaryimage"},"image":{"@id":"https:\/\/stiftadmont.at\/pfarren\/pfarrgemeinschaft-frauenberg-ardning-hall\/vikariat-ardning\/urnenwiese\/#primaryimage"},"thumbnailUrl":"https:\/\/stiftadmont.at\/wp-content\/uploads\/urnenwiese-ardning.png","datePublished":"2026-03-03T21:49:46+00:00","dateModified":"2026-03-04T07:09:03+00:00","breadcrumb":{"@id":"https:\/\/stiftadmont.at\/pfarren\/pfarrgemeinschaft-frauenberg-ardning-hall\/vikariat-ardning\/urnenwiese\/#breadcrumb"},"inLanguage":"es","potentialAction":[{"@type":"ReadAction","target":["https:\/\/stiftadmont.at\/pfarren\/pfarrgemeinschaft-frauenberg-ardning-hall\/vikariat-ardning\/urnenwiese\/"]}]},{"@type":"ImageObject","inLanguage":"es","@id":"https:\/\/stiftadmont.at\/pfarren\/pfarrgemeinschaft-frauenberg-ardning-hall\/vikariat-ardning\/urnenwiese\/#primaryimage","url":"https:\/\/stiftadmont.at\/wp-content\/uploads\/urnenwiese-ardning.png","contentUrl":"https:\/\/stiftadmont.at\/wp-content\/uploads\/urnenwiese-ardning.png","width":1390,"height":1851,"caption":"urnenwiese ardning"},{"@type":"BreadcrumbList","@id":"https:\/\/stiftadmont.at\/pfarren\/pfarrgemeinschaft-frauenberg-ardning-hall\/vikariat-ardning\/urnenwiese\/#breadcrumb","itemListElement":[{"@type":"ListItem","position":1,"name":"Start","item":"https:\/\/stiftadmont.at\/"},{"@type":"ListItem","position":2,"name":"Pfarren","item":"https:\/\/stiftadmont.at\/pfarren\/"},{"@type":"ListItem","position":3,"name":"Pfarrgemeinschaft Frauenberg-Ardning-Hall","item":"https:\/\/stiftadmont.at\/pfarren\/pfarrgemeinschaft-frauenberg-ardning-hall\/"},{"@type":"ListItem","position":4,"name":"Das Vikariat Ardning","item":"https:\/\/stiftadmont.at\/pfarren\/pfarrgemeinschaft-frauenberg-ardning-hall\/vikariat-ardning\/"},{"@type":"ListItem","position":5,"name":"Neue Bestattungsm\u00f6glichkeit \u2013 Urnenwiese in Ardning"}]},{"@type":"WebSite","@id":"https:\/\/stiftadmont.at\/#website","url":"https:\/\/stiftadmont.at\/","name":"Abad\u00eda de Admont","description":"Monasterio benedictino y atracci\u00f3n tur\u00edstica en el Ges\u00e4use","potentialAction":[{"@type":"SearchAction","target":{"@type":"EntryPoint","urlTemplate":"https:\/\/stiftadmont.at\/?s={search_term_string}"},"query-input":{"@type":"PropertyValueSpecification","valueRequired":true,"valueName":"search_term_string"}}],"inLanguage":"es"}]}},"_links":{"self":[{"href":"https:\/\/stiftadmont.at\/es\/wp-json\/wp\/v2\/pages\/39926","targetHints":{"allow":["GET"]}}],"collection":[{"href":"https:\/\/stiftadmont.at\/es\/wp-json\/wp\/v2\/pages"}],"about":[{"href":"https:\/\/stiftadmont.at\/es\/wp-json\/wp\/v2\/types\/page"}],"author":[{"embeddable":true,"href":"https:\/\/stiftadmont.at\/es\/wp-json\/wp\/v2\/users\/7"}],"replies":[{"embeddable":true,"href":"https:\/\/stiftadmont.at\/es\/wp-json\/wp\/v2\/comments?post=39926"}],"version-history":[{"count":5,"href":"https:\/\/stiftadmont.at\/es\/wp-json\/wp\/v2\/pages\/39926\/revisions"}],"predecessor-version":[{"id":39936,"href":"https:\/\/stiftadmont.at\/es\/wp-json\/wp\/v2\/pages\/39926\/revisions\/39936"}],"up":[{"embeddable":true,"href":"https:\/\/stiftadmont.at\/es\/wp-json\/wp\/v2\/pages\/39535"}],"wp:featuredmedia":[{"embeddable":true,"href":"https:\/\/stiftadmont.at\/es\/wp-json\/wp\/v2\/media\/39927"}],"wp:attachment":[{"href":"https:\/\/stiftadmont.at\/es\/wp-json\/wp\/v2\/media?parent=39926"}],"wp:term":[{"taxonomy":"category","embeddable":true,"href":"https:\/\/stiftadmont.at\/es\/wp-json\/wp\/v2\/categories?post=39926"}],"curies":[{"name":"wp","href":"https:\/\/api.w.org\/{rel}","templated":true}]}}