{"id":448,"date":"2021-07-15T14:10:59","date_gmt":"2021-07-15T12:10:59","guid":{"rendered":"https:\/\/stiftadmont.at\/?page_id=448"},"modified":"2025-01-08T10:12:55","modified_gmt":"2025-01-08T08:12:55","slug":"precios-de-entrada-2","status":"publish","type":"page","link":"https:\/\/stiftadmont.at\/es\/eintrittspreise-2\/","title":{"rendered":"Precios de entrada"},"content":{"rendered":"<section id='lightpress__section--block_9e6e8375dff635e0ef60131607a0eee7' class='lightpress__section--more-links--950 bg--beige lightpress__section--colored-bg lightpress__section--full-width lightpress__section--default-section-space lightpress__section lightpress__section--more-links'><div class=\"more\" x-init=\"initMoreLinksBlockAnim($el)\">\n            <style>\n            #lightpress__section--block_9e6e8375dff635e0ef60131607a0eee7 .more {\n                --entry-width: calc(100% \/ 2 - var(--grid-gap) * 2);\n                grid-template-columns: repeat(auto-fit, minmax(max(var(--entry-width),50rem), 1fr));\n            }\n        <\/style>\n    \n                    <a class=\"more__link\" href=\"\">\n            <div class=\"more__media\">\n                            <\/div>\n            <div class=\"more__content\">\n                <div class=\"more__title--container\">\n                                            \n                                                                            \n                        <p class=\"text-bold text-white text--serif text--40\"><\/p>\n                                                            <\/div>\n                                    <div class=\"more__cta\">\n                        <i class=\"fa-thin fa-chevron-right\"><\/i>\n                    <\/div>\n                            <\/div>\n        <\/a>\n                    <a class=\"more__link\" href=\"https:\/\/stiftadmont.at\/es\/precios-de-admision-2025\/\">\n            <div class=\"more__media\">\n                                    <picture class=\"more__image\">\n                        <source srcset=\"https:\/\/stiftadmont.at\/wp-content\/uploads\/Klosterbibliothek_cStefan-Leitner-1024x730.webp\" type=\"image\/webp\">\n                        <source srcset=\"https:\/\/stiftadmont.at\/wp-content\/uploads\/Klosterbibliothek_cStefan-Leitner-1024x730.jpg\" type=\"image\/jpeg\">\n                        <img decoding=\"async\" loading=\"lazy\" src=\"https:\/\/stiftadmont.at\/wp-content\/uploads\/Klosterbibliothek_cStefan-Leitner-1024x730.jpg\" alt=\"Abad\u00eda de Admont: la biblioteca de monasterio m\u00e1s grande del mundo \u00a9 Stefan Leitner\" \/>\n                    <\/picture>\n                            <\/div>\n            <div class=\"more__content\">\n                <div class=\"more__title--container\">\n                                            \n                                                                            \n                        <p class=\"text-bold text-white text--serif text--40\">Precios de entrada 2025<\/p>\n                                                            <\/div>\n                                    <div class=\"more__cta\">\n                        <i class=\"fa-thin fa-chevron-right\"><\/i>\n                    <\/div>\n                            <\/div>\n        <\/a>\n    \n<\/div>\n\n    <div class=\"background__container background__container--beige\">\n    <\/div>\n\n<\/section>\n\n<section id='lightpress__section--block_87d71d71f00477b66a970a7bbc846d7e' class='lightpress__section--default-section-space lightpress__section lightpress__section--icon-grid'><div class=\"icon-grid__container\">\n            \n        <picture class=\"icon-grid__icon\">\n                        <source srcset=\"https:\/\/stiftadmont.at\/wp-content\/uploads\/STA_Verbot_Museum_Icons_Seite_1.webp\"\n                    type=\"image\/webp\">\n            <source srcset=\"https:\/\/stiftadmont.at\/wp-content\/uploads\/STA_Verbot_Museum_Icons_Seite_1.jpg\"\n                    type=\"image\/jpeg\">\n            <img decoding=\"async\" loading=\"lazy\" src=\"https:\/\/stiftadmont.at\/wp-content\/uploads\/STA_Verbot_Museum_Icons_Seite_1.png\" alt=\"STA Ban Iconos del Museo P\u00e1gina 1\" \/>\n        <\/picture>\n\n            \n        <picture class=\"icon-grid__icon\">\n                        <source srcset=\"https:\/\/stiftadmont.at\/wp-content\/uploads\/STA_Verbot_Museum_Icons_Seite_5.webp\"\n                    type=\"image\/webp\">\n            <source srcset=\"https:\/\/stiftadmont.at\/wp-content\/uploads\/STA_Verbot_Museum_Icons_Seite_5.jpg\"\n                    type=\"image\/jpeg\">\n            <img decoding=\"async\" loading=\"lazy\" src=\"https:\/\/stiftadmont.at\/wp-content\/uploads\/STA_Verbot_Museum_Icons_Seite_5.png\" alt=\"STA Ban Iconos del Museo P\u00e1gina 5\" \/>\n        <\/picture>\n\n            \n        <picture class=\"icon-grid__icon\">\n                        <source srcset=\"https:\/\/stiftadmont.at\/wp-content\/uploads\/STA_Verbot_Museum_Icons_Seite_6.webp\"\n                    type=\"image\/webp\">\n            <source srcset=\"https:\/\/stiftadmont.at\/wp-content\/uploads\/STA_Verbot_Museum_Icons_Seite_6.jpg\"\n                    type=\"image\/jpeg\">\n            <img decoding=\"async\" loading=\"lazy\" src=\"https:\/\/stiftadmont.at\/wp-content\/uploads\/STA_Verbot_Museum_Icons_Seite_6.png\" alt=\"STA Ban Iconos del Museo P\u00e1gina 6\" \/>\n        <\/picture>\n\n            \n        <picture class=\"icon-grid__icon\">\n                        <source srcset=\"https:\/\/stiftadmont.at\/wp-content\/uploads\/STA_Verbot_Museum_Icons_Seite_8.webp\"\n                    type=\"image\/webp\">\n            <source srcset=\"https:\/\/stiftadmont.at\/wp-content\/uploads\/STA_Verbot_Museum_Icons_Seite_8.jpg\"\n                    type=\"image\/jpeg\">\n            <img decoding=\"async\" loading=\"lazy\" src=\"https:\/\/stiftadmont.at\/wp-content\/uploads\/STA_Verbot_Museum_Icons_Seite_8.png\" alt=\"STA Ban Iconos del Museo P\u00e1gina 8\" \/>\n        <\/picture>\n\n            \n        <picture class=\"icon-grid__icon\">\n                        <source srcset=\"https:\/\/stiftadmont.at\/wp-content\/uploads\/STA_Verbot_Museum_Icons_Seite_9.webp\"\n                    type=\"image\/webp\">\n            <source srcset=\"https:\/\/stiftadmont.at\/wp-content\/uploads\/STA_Verbot_Museum_Icons_Seite_9.jpg\"\n                    type=\"image\/jpeg\">\n            <img decoding=\"async\" loading=\"lazy\" src=\"https:\/\/stiftadmont.at\/wp-content\/uploads\/STA_Verbot_Museum_Icons_Seite_9.png\" alt=\"P\u00e1gina de iconos del Museo STA Ban\" \/>\n        <\/picture>\n\n            \n        <picture class=\"icon-grid__icon\">\n                        <source srcset=\"https:\/\/stiftadmont.at\/wp-content\/uploads\/STA_Videoueberwachung2.webp\"\n                    type=\"image\/webp\">\n            <source srcset=\"https:\/\/stiftadmont.at\/wp-content\/uploads\/STA_Videoueberwachung2.jpg\"\n                    type=\"image\/jpeg\">\n            <img decoding=\"async\" loading=\"lazy\" src=\"https:\/\/stiftadmont.at\/wp-content\/uploads\/STA_Videoueberwachung2.png\" alt=\"STA videovigilancia1\" \/>\n        <\/picture>\n\n    <\/div><\/section>\n\n<section id='lightpress__section--block_a83790973b4d271bec54782536bade3c' class='lightpress__section--default-section-space lightpress__section lightpress__section--content'><div class=\"content__inner\"\n         x-init=\"initContentBlockAnim($el)\">\n        \n    <div class=\"content__grid content__grid--fifty-fifty\">\n                                            <div class=\"content__box content__box\"\n                 style=\"\">\n                                \n                \n                                            <div class=\"prose\"><h3 class=\"heading-xl line line--gold\">Fotograf\u00eda<\/h3>\n<p>\u00a0<\/p>\n<p>\u00a0<\/p>\n<p class=\"paragraph-m\">Es posible fotografiar en todo el museo sin flash y sin tr\u00edpode para uso privado. Las personas con tr\u00edpode entran en la categor\u00eda de \"fotograf\u00eda profesional\" y requieren un registro por escrito o un contrato de fot\u00f3grafo firmado. Esto debe acordarse con 3-5 d\u00edas laborables de antelaci\u00f3n. No se permiten sesiones fotogr\u00e1ficas de bodas en la biblioteca del monasterio.<\/p>\n<p class=\"paragraph-m\">Inscripciones en <a href=\"mailto:presse@stiftadmont.at\">presse@stiftadmont.at<\/a> posible.<\/p>\n<\/div>\n                    \n                            <\/div>\n        \n                                                    <div class=\"content__box content__box--2\"\n                     >\n                                        \n                    \n                                                    <div class=\"prose\"><h3 id=\"h_4994488012871626786459174\" class=\"heading-xl line line--red line--gold\">Descuentos<\/h3>\n<p>\u00a0<\/p>\n<p>\u00a0<\/p>\n<p class=\"paragraph-m\">Disfrute de una visita al museo con descuentos.<\/p>\n<p class=\"paragraph-m\">Hemos resumido para usted todos los descuentos disponibles.<\/p>\n<p>\u00a0<\/p>\n<p><button class=\"popup-buton admont-button admont-button--big admont-button--primary-outline\" test-attr=\"test\" x-on:click=\"$store.popups.setOpen('ermaessigungen', true)\">Mostrar descuentos<\/button><\/p>\n<\/div>\n                        \n                                    <\/div>\n            \n            <\/div>\n<\/div>\n\n<\/section>\n\n<section id='lightpress__section--block_af48ec2543b95f7f659998e4fb21a777' class='lightpress__section--default-section-space lightpress__section lightpress__section--content'><div class=\"content__inner\"\n         x-init=\"initContentBlockAnim($el)\">\n        \n    <div class=\"content__grid content__grid\">\n                                            <div class=\"content__box content__box--one-hundred\"\n                 style=\"\">\n                                \n                \n                                            <div class=\"prose\"><h3 class=\"heading-xl line line--red line--gold\">Audiogu\u00edas<\/h3>\n<p>\u00a0<\/p>\n<p>\u00a0<\/p>\n<p class=\"paragraph-m\">Haga de su visita al museo una experiencia inolvidable con las audiogu\u00edas. Inf\u00f3rmese en la taquilla del museo.\u00a0<\/p>\n<p class=\"paragraph-m\">4,00 \u20ac Tasa de pr\u00e9stamo\u00a0<\/p>\n<\/div>\n                    \n                            <\/div>\n        \n            <\/div>\n<\/div>\n\n<\/section>\n\n<section id='lightpress__section--block_a121515b05030dde2736eadfc76031f8' class='bg--beige lightpress__section--colored-bg lightpress__section--default-section-space lightpress__section lightpress__section--content'><div class=\"content__inner\"\n         x-init=\"initContentBlockAnim($el)\">\n        \n    <div class=\"content__grid content__grid\">\n                                            <div class=\"content__box content__box--one-hundred\"\n                 style=\"\">\n                                \n                \n                                            <div class=\"prose\"><h3 class=\"heading-xl line line--gold text-center\">Esto tambi\u00e9n podr\u00eda interesarle<\/h3>\n<\/div>\n                    \n                            <\/div>\n        \n            <\/div>\n<\/div>\n\n    <div class=\"background__container background__container--beige\">\n    <\/div>\n\n<\/section>\n\n<section id='lightpress__section--block_9642fd6c2c8c1141765940287e6548f9' class='lightpress__section--more-links--950 bg--beige lightpress__section--colored-bg lightpress__section--full-width lightpress__section--default-section-space lightpress__section lightpress__section--more-links'><div class=\"more\" x-init=\"initMoreLinksBlockAnim($el)\">\n            <style>\n            #lightpress__section--block_9642fd6c2c8c1141765940287e6548f9 .more {\n                --entry-width: calc(100% \/ 4 - var(--grid-gap) * 4);\n                grid-template-columns: repeat(auto-fit, minmax(max(var(--entry-width),50rem), 1fr));\n            }\n        <\/style>\n    \n                    <a class=\"more__link\" href=\"\/es\/museo\/\">\n            <div class=\"more__media\">\n                                    <picture class=\"more__image\">\n                        <source srcset=\"https:\/\/stiftadmont.at\/wp-content\/uploads\/Stift-Admont-KHM-Gotik-GWK-\u00a9-Michael-Braunsteiner-2-1024x683.webp\" type=\"image\/webp\">\n                        <source srcset=\"https:\/\/stiftadmont.at\/wp-content\/uploads\/Stift-Admont-KHM-Gotik-GWK-\u00a9-Michael-Braunsteiner-2-1024x683.jpg\" type=\"image\/jpeg\">\n                        <img decoding=\"async\" loading=\"lazy\" src=\"https:\/\/stiftadmont.at\/wp-content\/uploads\/Stift-Admont-KHM-Gotik-GWK-\u00a9-Michael-Braunsteiner-2-1024x683.jpg\" alt=\"Abad\u00eda de Admont KHM G\u00f3tico GWK \u00a9 Michael Braunsteiner 2\" \/>\n                    <\/picture>\n                            <\/div>\n            <div class=\"more__content\">\n                <div class=\"more__title--container\">\n                                            \n                                                                            \n                        <p class=\"text-bold text-white text--serif text--26\">Museo<\/p>\n                                                            <\/div>\n                                    <div class=\"more__cta\">\n                        <i class=\"fa-thin fa-chevron-right\"><\/i>\n                    <\/div>\n                            <\/div>\n        <\/a>\n                    <a class=\"more__link\" href=\"\/es\/colegiata\/\">\n            <div class=\"more__media\">\n                                    <picture class=\"more__image\">\n                        <source srcset=\"https:\/\/stiftadmont.at\/wp-content\/uploads\/00_StiftAdmont_Kirche\u00a9StefanLeitner-e1634723661194-1024x748.webp\" type=\"image\/webp\">\n                        <source srcset=\"https:\/\/stiftadmont.at\/wp-content\/uploads\/00_StiftAdmont_Kirche\u00a9StefanLeitner-e1634723661194-1024x748.jpg\" type=\"image\/jpeg\">\n                        <img decoding=\"async\" loading=\"lazy\" src=\"https:\/\/stiftadmont.at\/wp-content\/uploads\/00_StiftAdmont_Kirche\u00a9StefanLeitner-e1634723661194-1024x748.jpg\" alt=\"Iglesia abacial de Admont \u00a9 Stefan Leitner\" \/>\n                    <\/picture>\n                            <\/div>\n            <div class=\"more__content\">\n                <div class=\"more__title--container\">\n                                            \n                                                                            \n                        <p class=\"text-bold text-white text--serif text--26\">Colegiata<\/p>\n                                                            <\/div>\n                                    <div class=\"more__cta\">\n                        <i class=\"fa-thin fa-chevron-right\"><\/i>\n                    <\/div>\n                            <\/div>\n        <\/a>\n                    <a class=\"more__link\" href=\"\/es\/sobre-la-biblioteca-de-la-abadia\/\">\n            <div class=\"more__media\">\n                                    <picture class=\"more__image\">\n                        <source srcset=\"https:\/\/stiftadmont.at\/wp-content\/uploads\/Bibliothek_hohe-Quali-1024x727.webp\" type=\"image\/webp\">\n                        <source srcset=\"https:\/\/stiftadmont.at\/wp-content\/uploads\/Bibliothek_hohe-Quali-1024x727.jpg\" type=\"image\/jpeg\">\n                        <img decoding=\"async\" loading=\"lazy\" src=\"https:\/\/stiftadmont.at\/wp-content\/uploads\/Bibliothek_hohe-Quali-1024x727.jpg\" alt=\"Abad\u00eda de Admont: la biblioteca de monasterio m\u00e1s grande del mundo \u00a9 Stefan Leitner\" \/>\n                    <\/picture>\n                            <\/div>\n            <div class=\"more__content\">\n                <div class=\"more__title--container\">\n                                            \n                                                                            \n                        <p class=\"text-bold text-white text--serif text--26\">Biblioteca del monasterio<\/p>\n                                                            <\/div>\n                                    <div class=\"more__cta\">\n                        <i class=\"fa-thin fa-chevron-right\"><\/i>\n                    <\/div>\n                            <\/div>\n        <\/a>\n                    <a class=\"more__link\" href=\"\/es\/instalaciones-exteriores\/\">\n            <div class=\"more__media\">\n                                    <picture class=\"more__image\">\n                        <source srcset=\"https:\/\/stiftadmont.at\/wp-content\/uploads\/Rosarium-1-1024x681.webp\" type=\"image\/webp\">\n                        <source srcset=\"https:\/\/stiftadmont.at\/wp-content\/uploads\/Rosarium-1-1024x681.jpg\" type=\"image\/jpeg\">\n                        <img decoding=\"async\" loading=\"lazy\" src=\"https:\/\/stiftadmont.at\/wp-content\/uploads\/Rosarium-1-1024x681.jpg\" alt=\"Rosario 1\" \/>\n                    <\/picture>\n                            <\/div>\n            <div class=\"more__content\">\n                <div class=\"more__title--container\">\n                                            \n                                                                            \n                        <p class=\"text-bold text-white text--serif text--26\">Instalaciones exteriores<\/p>\n                                                            <\/div>\n                                    <div class=\"more__cta\">\n                        <i class=\"fa-thin fa-chevron-right\"><\/i>\n                    <\/div>\n                            <\/div>\n        <\/a>\n    \n<\/div>\n\n    <div class=\"background__container background__container--beige\">\n    <\/div>\n\n<\/section>","protected":false},"excerpt":{"rendered":"","protected":false},"author":3,"featured_media":0,"parent":0,"menu_order":94,"comment_status":"closed","ping_status":"closed","template":"","meta":{"_acf_changed":false,"footnotes":""},"categories":[],"class_list":["post-448","page","type-page","status-publish","hentry"],"acf":[],"yoast_head":"<!-- This site is optimized with the Yoast SEO Premium plugin v26.0 (Yoast SEO v26.8) - https:\/\/yoast.com\/product\/yoast-seo-premium-wordpress\/ -->\n<title>Eintrittspreise - Stift Admont<\/title>\n<meta name=\"description\" content=\"J\u00c4NNER, FEBRUAR, M\u00c4RZ: Gruppenbuchungen (ab 15 Personen) f\u00fcr Museum und Bibliothek nur Dienstag und Donnerstag m\u00f6glich.\" \/>\n<meta name=\"robots\" content=\"index, follow, max-snippet:-1, max-image-preview:large, max-video-preview:-1\" \/>\n<link rel=\"canonical\" href=\"https:\/\/stiftadmont.at\/es\/precios-de-entrada-2\/\" \/>\n<meta property=\"og:locale\" content=\"es_ES\" \/>\n<meta property=\"og:type\" content=\"article\" \/>\n<meta property=\"og:title\" content=\"Eintrittspreise\" \/>\n<meta property=\"og:description\" content=\"J\u00c4NNER, FEBRUAR, M\u00c4RZ: Gruppenbuchungen (ab 15 Personen) f\u00fcr Museum und Bibliothek nur Dienstag und Donnerstag m\u00f6glich.\" \/>\n<meta property=\"og:url\" content=\"https:\/\/stiftadmont.at\/es\/precios-de-entrada-2\/\" \/>\n<meta property=\"og:site_name\" content=\"Stift Admont\" \/>\n<meta property=\"article:modified_time\" content=\"2025-01-08T08:12:55+00:00\" \/>\n<meta property=\"og:image\" content=\"https:\/\/stiftadmont.at\/wp-content\/uploads\/Klosteranlage-innen.jpg\" \/>\n\t<meta property=\"og:image:width\" content=\"1912\" \/>\n\t<meta property=\"og:image:height\" content=\"1188\" \/>\n\t<meta property=\"og:image:type\" content=\"image\/jpeg\" \/>\n<meta name=\"twitter:card\" content=\"summary_large_image\" \/>\n<script type=\"application\/ld+json\" class=\"yoast-schema-graph\">{\"@context\":\"https:\/\/schema.org\",\"@graph\":[{\"@type\":\"WebPage\",\"@id\":\"https:\/\/stiftadmont.at\/eintrittspreise-2\/\",\"url\":\"https:\/\/stiftadmont.at\/eintrittspreise-2\/\",\"name\":\"Eintrittspreise - Stift Admont\",\"isPartOf\":{\"@id\":\"https:\/\/stiftadmont.at\/#website\"},\"datePublished\":\"2021-07-15T12:10:59+00:00\",\"dateModified\":\"2025-01-08T08:12:55+00:00\",\"description\":\"J\u00c4NNER, FEBRUAR, M\u00c4RZ: Gruppenbuchungen (ab 15 Personen) f\u00fcr Museum und Bibliothek nur Dienstag und Donnerstag m\u00f6glich.\",\"breadcrumb\":{\"@id\":\"https:\/\/stiftadmont.at\/eintrittspreise-2\/#breadcrumb\"},\"inLanguage\":\"es\",\"potentialAction\":[{\"@type\":\"ReadAction\",\"target\":[\"https:\/\/stiftadmont.at\/eintrittspreise-2\/\"]}]},{\"@type\":\"BreadcrumbList\",\"@id\":\"https:\/\/stiftadmont.at\/eintrittspreise-2\/#breadcrumb\",\"itemListElement\":[{\"@type\":\"ListItem\",\"position\":1,\"name\":\"Start\",\"item\":\"https:\/\/stiftadmont.at\/\"},{\"@type\":\"ListItem\",\"position\":2,\"name\":\"Eintrittspreise\"}]},{\"@type\":\"WebSite\",\"@id\":\"https:\/\/stiftadmont.at\/#website\",\"url\":\"https:\/\/stiftadmont.at\/\",\"name\":\"Stift Admont\",\"description\":\"Benediktinerkloster und Sehensw\u00fcrdigkeit im Ges\u00e4use\",\"potentialAction\":[{\"@type\":\"SearchAction\",\"target\":{\"@type\":\"EntryPoint\",\"urlTemplate\":\"https:\/\/stiftadmont.at\/?s={search_term_string}\"},\"query-input\":{\"@type\":\"PropertyValueSpecification\",\"valueRequired\":true,\"valueName\":\"search_term_string\"}}],\"inLanguage\":\"es\"}]}<\/script>\n<!-- \/ Yoast SEO Premium plugin. -->","yoast_head_json":{"title":"Precios de entrada - Abad\u00eda de Admont","description":"ENERO, FEBRERO, MARZO: Las reservas de grupos (a partir de 15 personas) para el museo y la biblioteca s\u00f3lo son posibles los martes y jueves.","robots":{"index":"index","follow":"follow","max-snippet":"max-snippet:-1","max-image-preview":"max-image-preview:large","max-video-preview":"max-video-preview:-1"},"canonical":"https:\/\/stiftadmont.at\/es\/precios-de-entrada-2\/","og_locale":"es_ES","og_type":"article","og_title":"Eintrittspreise","og_description":"J\u00c4NNER, FEBRUAR, M\u00c4RZ: Gruppenbuchungen (ab 15 Personen) f\u00fcr Museum und Bibliothek nur Dienstag und Donnerstag m\u00f6glich.","og_url":"https:\/\/stiftadmont.at\/es\/precios-de-entrada-2\/","og_site_name":"Stift Admont","article_modified_time":"2025-01-08T08:12:55+00:00","og_image":[{"width":1912,"height":1188,"url":"https:\/\/stiftadmont.at\/wp-content\/uploads\/Klosteranlage-innen.jpg","type":"image\/jpeg"}],"twitter_card":"summary_large_image","schema":{"@context":"https:\/\/schema.org","@graph":[{"@type":"WebPage","@id":"https:\/\/stiftadmont.at\/eintrittspreise-2\/","url":"https:\/\/stiftadmont.at\/eintrittspreise-2\/","name":"Precios de entrada - Abad\u00eda de Admont","isPartOf":{"@id":"https:\/\/stiftadmont.at\/#website"},"datePublished":"2021-07-15T12:10:59+00:00","dateModified":"2025-01-08T08:12:55+00:00","description":"ENERO, FEBRERO, MARZO: Las reservas de grupos (a partir de 15 personas) para el museo y la biblioteca s\u00f3lo son posibles los martes y jueves.","breadcrumb":{"@id":"https:\/\/stiftadmont.at\/eintrittspreise-2\/#breadcrumb"},"inLanguage":"es","potentialAction":[{"@type":"ReadAction","target":["https:\/\/stiftadmont.at\/eintrittspreise-2\/"]}]},{"@type":"BreadcrumbList","@id":"https:\/\/stiftadmont.at\/eintrittspreise-2\/#breadcrumb","itemListElement":[{"@type":"ListItem","position":1,"name":"Start","item":"https:\/\/stiftadmont.at\/"},{"@type":"ListItem","position":2,"name":"Eintrittspreise"}]},{"@type":"WebSite","@id":"https:\/\/stiftadmont.at\/#website","url":"https:\/\/stiftadmont.at\/","name":"Abad\u00eda de Admont","description":"Monasterio benedictino y atracci\u00f3n tur\u00edstica en el Ges\u00e4use","potentialAction":[{"@type":"SearchAction","target":{"@type":"EntryPoint","urlTemplate":"https:\/\/stiftadmont.at\/?s={search_term_string}"},"query-input":{"@type":"PropertyValueSpecification","valueRequired":true,"valueName":"search_term_string"}}],"inLanguage":"es"}]}},"_links":{"self":[{"href":"https:\/\/stiftadmont.at\/es\/wp-json\/wp\/v2\/pages\/448","targetHints":{"allow":["GET"]}}],"collection":[{"href":"https:\/\/stiftadmont.at\/es\/wp-json\/wp\/v2\/pages"}],"about":[{"href":"https:\/\/stiftadmont.at\/es\/wp-json\/wp\/v2\/types\/page"}],"author":[{"embeddable":true,"href":"https:\/\/stiftadmont.at\/es\/wp-json\/wp\/v2\/users\/3"}],"replies":[{"embeddable":true,"href":"https:\/\/stiftadmont.at\/es\/wp-json\/wp\/v2\/comments?post=448"}],"version-history":[{"count":783,"href":"https:\/\/stiftadmont.at\/es\/wp-json\/wp\/v2\/pages\/448\/revisions"}],"predecessor-version":[{"id":31824,"href":"https:\/\/stiftadmont.at\/es\/wp-json\/wp\/v2\/pages\/448\/revisions\/31824"}],"wp:attachment":[{"href":"https:\/\/stiftadmont.at\/es\/wp-json\/wp\/v2\/media?parent=448"}],"wp:term":[{"taxonomy":"category","embeddable":true,"href":"https:\/\/stiftadmont.at\/es\/wp-json\/wp\/v2\/categories?post=448"}],"curies":[{"name":"wp","href":"https:\/\/api.w.org\/{rel}","templated":true}]}}