{"id":469,"date":"2021-07-15T14:16:36","date_gmt":"2021-07-15T12:16:36","guid":{"rendered":"https:\/\/stiftadmont.at\/?page_id=469"},"modified":"2026-03-06T09:41:58","modified_gmt":"2026-03-06T07:41:58","slug":"tienda-del-monasterio-de-admont","status":"publish","type":"page","link":"https:\/\/stiftadmont.at\/es\/klosterladen-stift-admont\/","title":{"rendered":"Tienda de la Abad\u00eda de Admont"},"content":{"rendered":"<section id='lightpress__section--block_e6fdb802769a68e2a580535b1b609336' class='align-center lightpress__section--default-section-space lightpress__section lightpress__section--headline'><div class=\"headline__container\">\n            <p class=\"headline text--40 text-medium line line--gold line-above line-middle\">Diversiones art\u00edsticas y especialidades regionales<\/p>\n        <p class=\"text-center text-gold text--20 text-medium text--uppercase\">En la tienda del monasterio encontrar\u00e1 literatura, recuerdos, vinos DVERI PAX con posibilidad de degustaci\u00f3n, especialidades regionales y mucho m\u00e1s.<\/p>\n        <div class=\"spacer--40\"><\/div>\n<\/div>\n\n<\/section>\n\n<section id='lightpress__section--block_a1c32d312b997d3cd07ff92b328ac9a9' class='bg--beige lightpress__section--colored-bg lightpress__section--default-section-space lightpress__section lightpress__section--content'><div class=\"content__inner\"\n         x-init=\"initContentBlockAnim($el)\">\n        \n    <div class=\"content__grid content__grid--fifty-fifty\">\n                                            <div class=\"content__box content__box\"\n                 style=\"\">\n                                \n                \n                                            <div class=\"prose\"><p>En <strong>Tienda del monasterio de la abad\u00eda benedictina de Admont<\/strong> es mucho m\u00e1s que una cl\u00e1sica tienda de recuerdos: es un lugar de descubrimiento, disfrute e inspiraci\u00f3n. Con gran atenci\u00f3n al detalle, ofrece una exclusiva selecci\u00f3n de productos de alta calidad de la regi\u00f3n, h\u00e1bilmente dispuestos y con un car\u00e1cter especial.<\/p>\n<p>En el centro de la gama se encuentra la l\u00ednea de productos propios \"Made for Admont\", que impresiona con especialidades seleccionadas a mano: desde vinos exquisitos y licores finos hasta chocolates artesanales, dulces, siropes y sal de vino tinto.<\/p>\n<p>\u00a0<\/p>\n<p><span style=\"text-decoration: underline;\"><strong>Lo m\u00e1s destacado en la tienda del monasterio:<\/strong><\/span><\/p>\n<p>\u00a0<\/p>\n<p>-<span style=\"white-space: pre;\"> <\/span>Vinos DVERI PAX del vi\u00f1edo propio del monasterio en Eslovenia - degustaci\u00f3n posible en la tienda<\/p>\n<p>-<span style=\"white-space: pre;\"> <\/span>Una amplia gama de art\u00edculos de devoci\u00f3n: rosarios, cruces, \u00e1ngeles de la guarda, colgantes, etc.<\/p>\n<p>-<span style=\"white-space: pre;\"> <\/span>Literatura selecta sobre temas como la fe, la familia, la cocina y las publicaciones propias del monasterio.<\/p>\n<p>-<span style=\"white-space: pre;\"> <\/span>Regalos personalizados para ocasiones especiales como bautizos, comuniones o confirmaciones<\/p>\n<p>-<span style=\"white-space: pre;\"> <\/span>Postales y billetes con un toque espiritual y art\u00edstico<\/p>\n<p>-<span style=\"white-space: pre;\"> <\/span>Cestas de regalo: confeccionadas con esmero y personalizadas si lo desea<\/p>\n<p>\u00a0<\/p>\n<p>Vis\u00edtenos y deje que le inspiremos.<\/p>\n<p>La tienda del monasterio es de libre acceso y puede visitarse sin entrada de museo.<\/p>\n<p>\u00a0<\/p>\n<p><strong>\u00a1Le esperamos!<\/strong><\/p>\n<\/div>\n                    \n                            <\/div>\n        \n                                                    <div class=\"content__box content__box--2\"\n                     >\n                                        \n                                            \n                                                    <a href=\"https:\/\/stiftadmont.at\/wp-content\/uploads\/Klosterladen.mp4\" class=\"content__video content__media\"\n                               x-data\n x-init=\"initContentLightBox('#lightpress__section--block_a1c32d312b997d3cd07ff92b328ac9a9 .content__video')\">\n                                                                                                                                <picture class=\"content__image\">\n                                    <source srcset=\"https:\/\/stiftadmont.at\/wp-content\/uploads\/klosterladen5-1024x682.webp\" type=\"image\/webp\">\n                                    <source srcset=\"https:\/\/stiftadmont.at\/wp-content\/uploads\/klosterladen5-1024x682.jpg\" type=\"image\/jpeg\">\n                                    <img decoding=\"async\" class=\"content__image\" loading=\"lazy\" src=\"https:\/\/stiftadmont.at\/wp-content\/uploads\/klosterladen5-1024x682.png\" alt=\"tienda del monasterio\" width=\"600\" height=\"450\" \/>\n                                <\/picture>\n\n                                <span class=\"overlay-dark\"><\/span>\n                                <span class=\"content-overlay\"><\/span>\n                                <div class=\"content__plaque\">\n                                    <div class=\"content__plaque-inner\">\n                                        <span><i class=\"fas fa-play content__icon\"><\/i><\/span>\n                                        <p class=\"paragraph-m\">Jugar<\/p>\n                                    <\/div>\n                                <\/div>\n                            <\/a>\n                        \n                                    <\/div>\n            \n            <\/div>\n<\/div>\n\n    <div class=\"background__container background__container--beige\">\n    <\/div>\n\n<\/section>\n\n<section id='lightpress__section--block_06ce95a907df41efe82d3881cc291933' class='lightpress__section--more-links--950 lightpress__section--full-width lightpress__section--default-section-space lightpress__section lightpress__section--more-links'><div class=\"more\" x-init=\"initMoreLinksBlockAnim($el)\">\n            <style>\n            #lightpress__section--block_06ce95a907df41efe82d3881cc291933 .more {\n                --entry-width: calc(100% \/ 4 - var(--grid-gap) * 4);\n                grid-template-columns: repeat(auto-fit, minmax(max(var(--entry-width),50rem), 1fr));\n            }\n        <\/style>\n    \n                    <a class=\"more__link\" href=\"https:\/\/stiftadmont.at\/es\/tienda-del-monasterio-de-admont\/personas-de-contacto\/\">\n            <div class=\"more__media\">\n                                    <picture class=\"more__image\">\n                        <source srcset=\"https:\/\/stiftadmont.at\/wp-content\/uploads\/Stift-Admont-Loberauer-Silvana_c-Thomas-Sattler_www-1024x683.webp\" type=\"image\/webp\">\n                        <source srcset=\"https:\/\/stiftadmont.at\/wp-content\/uploads\/Stift-Admont-Loberauer-Silvana_c-Thomas-Sattler_www-1024x683.jpg\" type=\"image\/jpeg\">\n                        <img decoding=\"async\" loading=\"lazy\" src=\"https:\/\/stiftadmont.at\/wp-content\/uploads\/Stift-Admont-Loberauer-Silvana_c-Thomas-Sattler_www-1024x683.jpg\" alt=\"Admont Abad\u00eda Loberauer Silvana c Thomas Sattler www\" \/>\n                    <\/picture>\n                            <\/div>\n            <div class=\"more__content\">\n                <div class=\"more__title--container\">\n                                            \n                                                                            \n                        <p class=\"text-bold text-white text--serif text--26\">Personas de contacto<\/p>\n                                                            <\/div>\n                                    <div class=\"more__cta\">\n                        <i class=\"fa-thin fa-chevron-right\"><\/i>\n                    <\/div>\n                            <\/div>\n        <\/a>\n                    <a class=\"more__link\" href=\"https:\/\/stiftadmont.at\/es\/horario-de-apertura\/\">\n            <div class=\"more__media\">\n                                    <picture class=\"more__image\">\n                        <source srcset=\"https:\/\/stiftadmont.at\/wp-content\/uploads\/Klosterladen4-1024x672.webp\" type=\"image\/webp\">\n                        <source srcset=\"https:\/\/stiftadmont.at\/wp-content\/uploads\/Klosterladen4-1024x672.jpg\" type=\"image\/jpeg\">\n                        <img decoding=\"async\" loading=\"lazy\" src=\"https:\/\/stiftadmont.at\/wp-content\/uploads\/Klosterladen4-1024x672.png\" alt=\"Tienda del monasterio\" \/>\n                    <\/picture>\n                            <\/div>\n            <div class=\"more__content\">\n                <div class=\"more__title--container\">\n                                            \n                                                                            \n                        <p class=\"text-bold text-white text--serif text--26\">Horario de apertura de la tienda del monasterio<\/p>\n                                                            <\/div>\n                                    <div class=\"more__cta\">\n                        <i class=\"fa-thin fa-chevron-right\"><\/i>\n                    <\/div>\n                            <\/div>\n        <\/a>\n                    <a class=\"more__link\" href=\"https:\/\/stiftadmont.at\/es\/tienda-del-monasterio-de-admont\/vinos-y-cestas-de-regalo\/\">\n            <div class=\"more__media\">\n                                    <picture class=\"more__image\">\n                        <source srcset=\"https:\/\/stiftadmont.at\/wp-content\/uploads\/Geschenkskorb_\u00a9Thomas-Sattler_www-1024x683.webp\" type=\"image\/webp\">\n                        <source srcset=\"https:\/\/stiftadmont.at\/wp-content\/uploads\/Geschenkskorb_\u00a9Thomas-Sattler_www-1024x683.jpg\" type=\"image\/jpeg\">\n                        <img decoding=\"async\" loading=\"lazy\" src=\"https:\/\/stiftadmont.at\/wp-content\/uploads\/Geschenkskorb_\u00a9Thomas-Sattler_www-1024x683.jpg\" alt=\"Cesta de regalo \u00a9Thomas Sattler www\" \/>\n                    <\/picture>\n                            <\/div>\n            <div class=\"more__content\">\n                <div class=\"more__title--container\">\n                                            \n                                                                            \n                        <p class=\"text-bold text-white text--serif text--26\">Vinos selectos y cestas de regalo<\/p>\n                                                            <\/div>\n                                    <div class=\"more__cta\">\n                        <i class=\"fa-thin fa-chevron-right\"><\/i>\n                    <\/div>\n                            <\/div>\n        <\/a>\n                    <a class=\"more__link\" href=\"https:\/\/stiftadmont.at\/es\/tienda-del-monasterio-de-admont\/libro-infantil\/\">\n            <div class=\"more__media\">\n                                    <picture class=\"more__image\">\n                        <source srcset=\"https:\/\/stiftadmont.at\/wp-content\/uploads\/Kinder_Museum_c-Thomas-Sattler-58_www-1024x683.webp\" type=\"image\/webp\">\n                        <source srcset=\"https:\/\/stiftadmont.at\/wp-content\/uploads\/Kinder_Museum_c-Thomas-Sattler-58_www-1024x683.jpg\" type=\"image\/jpeg\">\n                        <img decoding=\"async\" loading=\"lazy\" src=\"https:\/\/stiftadmont.at\/wp-content\/uploads\/Kinder_Museum_c-Thomas-Sattler-58_www-1024x683.jpg\" alt=\"Museo de la Infancia c Thomas Sattler 58 www\" \/>\n                    <\/picture>\n                            <\/div>\n            <div class=\"more__content\">\n                <div class=\"more__title--container\">\n                                            \n                                                                            \n                        <p class=\"text-bold text-white text--serif text--26\">Primer libro infantil Admont Abbey<\/p>\n                                                            <\/div>\n                                    <div class=\"more__cta\">\n                        <i class=\"fa-thin fa-chevron-right\"><\/i>\n                    <\/div>\n                            <\/div>\n        <\/a>\n    \n<\/div>\n\n<\/section>","protected":false},"excerpt":{"rendered":"","protected":false},"author":3,"featured_media":7355,"parent":0,"menu_order":122,"comment_status":"closed","ping_status":"closed","template":"","meta":{"_acf_changed":false,"footnotes":""},"categories":[],"class_list":["post-469","page","type-page","status-publish","has-post-thumbnail","hentry"],"acf":[],"yoast_head":"<!-- This site is optimized with the Yoast SEO Premium plugin v26.0 (Yoast SEO v26.8) - https:\/\/yoast.com\/product\/yoast-seo-premium-wordpress\/ -->\n<title>Klosterladen Stift Admont - Stift Admont<\/title>\n<meta name=\"description\" content=\"Kunstnaher Genuss und regionale Vielfalt! Literatur, Souvenirs, DVERI PAX Weine, regionale Spezialit\u00e4ten und vieles mehr sind im Klosterladen erh\u00e4ltlich.\" \/>\n<meta name=\"robots\" content=\"index, follow, max-snippet:-1, max-image-preview:large, max-video-preview:-1\" \/>\n<link rel=\"canonical\" href=\"https:\/\/stiftadmont.at\/es\/tienda-del-monasterio-de-admont\/\" \/>\n<meta property=\"og:locale\" content=\"es_ES\" \/>\n<meta property=\"og:type\" content=\"article\" \/>\n<meta property=\"og:title\" content=\"Klosterladen Stift Admont\" \/>\n<meta property=\"og:description\" content=\"Kunstnaher Genuss und regionale Vielfalt! Literatur, Souvenirs, DVERI PAX Weine, regionale Spezialit\u00e4ten und vieles mehr sind im Klosterladen erh\u00e4ltlich.\" \/>\n<meta property=\"og:url\" content=\"https:\/\/stiftadmont.at\/es\/tienda-del-monasterio-de-admont\/\" \/>\n<meta property=\"og:site_name\" content=\"Stift Admont\" \/>\n<meta property=\"article:modified_time\" content=\"2026-03-06T07:41:58+00:00\" \/>\n<meta property=\"og:image\" content=\"https:\/\/stiftadmont.at\/wp-content\/uploads\/Museumsshop_\u00a9Thomas-Sattler-4-e1648801069784.jpg\" \/>\n\t<meta property=\"og:image:width\" content=\"2048\" \/>\n\t<meta property=\"og:image:height\" content=\"1365\" \/>\n\t<meta property=\"og:image:type\" content=\"image\/jpeg\" \/>\n<meta name=\"twitter:card\" content=\"summary_large_image\" \/>\n<meta name=\"twitter:label1\" content=\"Tiempo de lectura\" \/>\n\t<meta name=\"twitter:data1\" content=\"1 minuto\" \/>\n<script type=\"application\/ld+json\" class=\"yoast-schema-graph\">{\"@context\":\"https:\/\/schema.org\",\"@graph\":[{\"@type\":\"WebPage\",\"@id\":\"https:\/\/stiftadmont.at\/klosterladen-stift-admont\/\",\"url\":\"https:\/\/stiftadmont.at\/klosterladen-stift-admont\/\",\"name\":\"Klosterladen Stift Admont - Stift Admont\",\"isPartOf\":{\"@id\":\"https:\/\/stiftadmont.at\/#website\"},\"primaryImageOfPage\":{\"@id\":\"https:\/\/stiftadmont.at\/klosterladen-stift-admont\/#primaryimage\"},\"image\":{\"@id\":\"https:\/\/stiftadmont.at\/klosterladen-stift-admont\/#primaryimage\"},\"thumbnailUrl\":\"https:\/\/stiftadmont.at\/wp-content\/uploads\/Museumsshop_\u00a9Thomas-Sattler-4-e1648801069784.jpg\",\"datePublished\":\"2021-07-15T12:16:36+00:00\",\"dateModified\":\"2026-03-06T07:41:58+00:00\",\"description\":\"Kunstnaher Genuss und regionale Vielfalt! Literatur, Souvenirs, DVERI PAX Weine, regionale Spezialit\u00e4ten und vieles mehr sind im Klosterladen erh\u00e4ltlich.\",\"breadcrumb\":{\"@id\":\"https:\/\/stiftadmont.at\/klosterladen-stift-admont\/#breadcrumb\"},\"inLanguage\":\"es\",\"potentialAction\":[{\"@type\":\"ReadAction\",\"target\":[\"https:\/\/stiftadmont.at\/klosterladen-stift-admont\/\"]}]},{\"@type\":\"ImageObject\",\"inLanguage\":\"es\",\"@id\":\"https:\/\/stiftadmont.at\/klosterladen-stift-admont\/#primaryimage\",\"url\":\"https:\/\/stiftadmont.at\/wp-content\/uploads\/Museumsshop_\u00a9Thomas-Sattler-4-e1648801069784.jpg\",\"contentUrl\":\"https:\/\/stiftadmont.at\/wp-content\/uploads\/Museumsshop_\u00a9Thomas-Sattler-4-e1648801069784.jpg\",\"width\":2048,\"height\":1365,\"caption\":\"Museumsshop \u00a9Thomas Sattler 4 e1648801069784\"},{\"@type\":\"BreadcrumbList\",\"@id\":\"https:\/\/stiftadmont.at\/klosterladen-stift-admont\/#breadcrumb\",\"itemListElement\":[{\"@type\":\"ListItem\",\"position\":1,\"name\":\"Start\",\"item\":\"https:\/\/stiftadmont.at\/\"},{\"@type\":\"ListItem\",\"position\":2,\"name\":\"Klosterladen Stift Admont\"}]},{\"@type\":\"WebSite\",\"@id\":\"https:\/\/stiftadmont.at\/#website\",\"url\":\"https:\/\/stiftadmont.at\/\",\"name\":\"Stift Admont\",\"description\":\"Benediktinerkloster und Sehensw\u00fcrdigkeit im Ges\u00e4use\",\"potentialAction\":[{\"@type\":\"SearchAction\",\"target\":{\"@type\":\"EntryPoint\",\"urlTemplate\":\"https:\/\/stiftadmont.at\/?s={search_term_string}\"},\"query-input\":{\"@type\":\"PropertyValueSpecification\",\"valueRequired\":true,\"valueName\":\"search_term_string\"}}],\"inLanguage\":\"es\"}]}<\/script>\n<!-- \/ Yoast SEO Premium plugin. -->","yoast_head_json":{"title":"Tienda de la Abad\u00eda de Admont - Abad\u00eda de Admont","description":"Diversi\u00f3n art\u00edstica y diversidad regional En la tienda del monasterio encontrar\u00e1 literatura, recuerdos, vinos DVERI PAX, especialidades regionales y mucho m\u00e1s.","robots":{"index":"index","follow":"follow","max-snippet":"max-snippet:-1","max-image-preview":"max-image-preview:large","max-video-preview":"max-video-preview:-1"},"canonical":"https:\/\/stiftadmont.at\/es\/tienda-del-monasterio-de-admont\/","og_locale":"es_ES","og_type":"article","og_title":"Klosterladen Stift Admont","og_description":"Kunstnaher Genuss und regionale Vielfalt! Literatur, Souvenirs, DVERI PAX Weine, regionale Spezialit\u00e4ten und vieles mehr sind im Klosterladen erh\u00e4ltlich.","og_url":"https:\/\/stiftadmont.at\/es\/tienda-del-monasterio-de-admont\/","og_site_name":"Stift Admont","article_modified_time":"2026-03-06T07:41:58+00:00","og_image":[{"width":2048,"height":1365,"url":"https:\/\/stiftadmont.at\/wp-content\/uploads\/Museumsshop_\u00a9Thomas-Sattler-4-e1648801069784.jpg","type":"image\/jpeg"}],"twitter_card":"summary_large_image","twitter_misc":{"Tiempo de lectura":"1 minuto"},"schema":{"@context":"https:\/\/schema.org","@graph":[{"@type":"WebPage","@id":"https:\/\/stiftadmont.at\/klosterladen-stift-admont\/","url":"https:\/\/stiftadmont.at\/klosterladen-stift-admont\/","name":"Tienda de la Abad\u00eda de Admont - Abad\u00eda de Admont","isPartOf":{"@id":"https:\/\/stiftadmont.at\/#website"},"primaryImageOfPage":{"@id":"https:\/\/stiftadmont.at\/klosterladen-stift-admont\/#primaryimage"},"image":{"@id":"https:\/\/stiftadmont.at\/klosterladen-stift-admont\/#primaryimage"},"thumbnailUrl":"https:\/\/stiftadmont.at\/wp-content\/uploads\/Museumsshop_\u00a9Thomas-Sattler-4-e1648801069784.jpg","datePublished":"2021-07-15T12:16:36+00:00","dateModified":"2026-03-06T07:41:58+00:00","description":"Diversi\u00f3n art\u00edstica y diversidad regional En la tienda del monasterio encontrar\u00e1 literatura, recuerdos, vinos DVERI PAX, especialidades regionales y mucho m\u00e1s.","breadcrumb":{"@id":"https:\/\/stiftadmont.at\/klosterladen-stift-admont\/#breadcrumb"},"inLanguage":"es","potentialAction":[{"@type":"ReadAction","target":["https:\/\/stiftadmont.at\/klosterladen-stift-admont\/"]}]},{"@type":"ImageObject","inLanguage":"es","@id":"https:\/\/stiftadmont.at\/klosterladen-stift-admont\/#primaryimage","url":"https:\/\/stiftadmont.at\/wp-content\/uploads\/Museumsshop_\u00a9Thomas-Sattler-4-e1648801069784.jpg","contentUrl":"https:\/\/stiftadmont.at\/wp-content\/uploads\/Museumsshop_\u00a9Thomas-Sattler-4-e1648801069784.jpg","width":2048,"height":1365,"caption":"Museumsshop \u00a9Thomas Sattler 4 e1648801069784"},{"@type":"BreadcrumbList","@id":"https:\/\/stiftadmont.at\/klosterladen-stift-admont\/#breadcrumb","itemListElement":[{"@type":"ListItem","position":1,"name":"Start","item":"https:\/\/stiftadmont.at\/"},{"@type":"ListItem","position":2,"name":"Klosterladen Stift Admont"}]},{"@type":"WebSite","@id":"https:\/\/stiftadmont.at\/#website","url":"https:\/\/stiftadmont.at\/","name":"Abad\u00eda de Admont","description":"Monasterio benedictino y atracci\u00f3n tur\u00edstica en el Ges\u00e4use","potentialAction":[{"@type":"SearchAction","target":{"@type":"EntryPoint","urlTemplate":"https:\/\/stiftadmont.at\/?s={search_term_string}"},"query-input":{"@type":"PropertyValueSpecification","valueRequired":true,"valueName":"search_term_string"}}],"inLanguage":"es"}]}},"_links":{"self":[{"href":"https:\/\/stiftadmont.at\/es\/wp-json\/wp\/v2\/pages\/469","targetHints":{"allow":["GET"]}}],"collection":[{"href":"https:\/\/stiftadmont.at\/es\/wp-json\/wp\/v2\/pages"}],"about":[{"href":"https:\/\/stiftadmont.at\/es\/wp-json\/wp\/v2\/types\/page"}],"author":[{"embeddable":true,"href":"https:\/\/stiftadmont.at\/es\/wp-json\/wp\/v2\/users\/3"}],"replies":[{"embeddable":true,"href":"https:\/\/stiftadmont.at\/es\/wp-json\/wp\/v2\/comments?post=469"}],"version-history":[{"count":570,"href":"https:\/\/stiftadmont.at\/es\/wp-json\/wp\/v2\/pages\/469\/revisions"}],"predecessor-version":[{"id":40009,"href":"https:\/\/stiftadmont.at\/es\/wp-json\/wp\/v2\/pages\/469\/revisions\/40009"}],"wp:featuredmedia":[{"embeddable":true,"href":"https:\/\/stiftadmont.at\/es\/wp-json\/wp\/v2\/media\/7355"}],"wp:attachment":[{"href":"https:\/\/stiftadmont.at\/es\/wp-json\/wp\/v2\/media?parent=469"}],"wp:term":[{"taxonomy":"category","embeddable":true,"href":"https:\/\/stiftadmont.at\/es\/wp-json\/wp\/v2\/categories?post=469"}],"curies":[{"name":"wp","href":"https:\/\/api.w.org\/{rel}","templated":true}]}}