{"id":515,"date":"2021-07-15T14:28:06","date_gmt":"2021-07-15T12:28:06","guid":{"rendered":"https:\/\/stiftadmont.at\/?page_id=515"},"modified":"2026-04-07T08:06:17","modified_gmt":"2026-04-07T06:06:17","slug":"vivero-monasterio-flores-y-vino","status":"publish","type":"page","link":"https:\/\/stiftadmont.at\/es\/stiftsgaertnerei-blumen-und-wein\/","title":{"rendered":"Flores y vino del vivero de la Abad\u00eda"},"content":{"rendered":"<section id='lightpress__section--block_5c1d8061b32f84f290f93c85e36e6619' class='align-center lightpress__section--default-section-space lightpress__section lightpress__section--headline'><div class=\"headline__container\">\n            <h2 class=\"headline text--40 text-medium line line--gold line-above line-middle\">La guarder\u00eda del monasterio de la abad\u00eda benedictina de Admont<\/h2>\n        <p class=\"text-center text-gold text--20 text-medium text--uppercase\">Flores y vino de la mejor calidad<\/p>\n        <div class=\"spacer--40\"><\/div>\n<\/div>\n\n<\/section>\n\n<section id='lightpress__section--block_2b1d73e6ad27c683d9da4dacb91bfb92' class='lightpress__section--default-section-space lightpress__section lightpress__section--content'><div class=\"content__inner\"\n         x-init=\"initContentBlockAnim($el)\">\n        \n    <div class=\"content__grid content__grid--fifty-fifty\">\n                                            <div class=\"content__box content__box\"\n                 style=\"\">\n                                \n                \n                                        <div class=\"content__media stickyTo\" x-init=\"imageSticky($el)\">\n\n                                                                                                <picture\n                                class=\"content__image sticky\">\n                            <source srcset=\"https:\/\/stiftadmont.at\/wp-content\/uploads\/Blumen_min_Thomas-Sattler1-1024x676.png\"\n                                    type=\"image\/webp\">\n                            <source srcset=\"https:\/\/stiftadmont.at\/wp-content\/uploads\/Blumen_min_Thomas-Sattler1-1024x676.png\"\n                                    type=\"image\/jpeg\">\n                            <img decoding=\"async\" loading=\"lazy\" src=\"https:\/\/stiftadmont.at\/wp-content\/uploads\/Blumen_min_Thomas-Sattler1-1024x676.png\" alt=\"Flores min Thomas Sattler\" width=\"600\" height=\"450\" \/>\n                                                                                                            <\/picture>\n\n                    <\/div>\n\n                            <\/div>\n        \n                                                    <div class=\"content__box content__box--2\"\n                     >\n                                        \n                    \n                                                    <div class=\"prose\"><h5 class=\"heading-m line line-above line--gold\" data-start=\"0\" data-end=\"65\"><strong data-start=\"0\" data-end=\"65\">Porque amamos lo que hacemos - Flores y m\u00e1s de la Abad\u00eda de Admont<\/strong><\/h5>\n<p data-start=\"0\" data-end=\"65\">\u00a0<\/p>\n<p data-start=\"67\" data-end=\"316\">Ya sea para un cumplea\u00f1os, como muestra de amor, un peque\u00f1o agradecimiento o simplemente \"porque s\u00ed\", las flores dicen m\u00e1s que mil palabras. Y como hemos convertido nuestra pasi\u00f3n en nuestra profesi\u00f3n, dise\u00f1amos cada ramo con especial cuidado y atenci\u00f3n al detalle.<\/p>\n<p data-start=\"67\" data-end=\"316\">\u00a0<\/p>\n<p data-start=\"318\" data-end=\"479\">Gracias a nuestro propio vivero y a las entregas diarias de flores frescas, garantizamos una floraci\u00f3n de calidad para cada ocasi\u00f3n: fresca, de temporada y con estilo.<\/p>\n<p data-start=\"318\" data-end=\"479\">\u00a0<\/p>\n<p data-start=\"481\" data-end=\"756\"><strong>M\u00e1s que flores<\/strong><br data-start=\"506\" data-end=\"509\" \/>En nuestra florister\u00eda no s\u00f3lo encontrar\u00e1 bellezas florales, sino tambi\u00e9n acompa\u00f1antes especiales:<\/p>\n<p data-start=\"481\" data-end=\"756\"><br data-start=\"610\" data-end=\"613\" \/><strong>- El galardonado vino DVERI PAX<\/strong><br data-start=\"644\" data-end=\"647\" \/><strong> - Productos regionales de la tienda del monasterio<\/strong><br data-start=\"698\" data-end=\"701\" \/><strong> - Objetos de decoraci\u00f3n atmosf\u00e9rica para la temporada<\/strong><\/p>\n<p class=\"paragraph-m\">\u00a0<\/p>\n<p data-start=\"758\" data-end=\"846\" data-is-last-node=\"\" data-is-only-node=\"\"><strong data-start=\"758\" data-end=\"846\" data-is-last-node=\"\">Vis\u00edtenos y estaremos encantados de hacer que sus momentos especiales sean a\u00fan m\u00e1s hermosos.<\/strong><\/p>\n<p>\u00a0<\/p>\n<p><a class=\"admont-button admont-button--secondary\" title=\"www.dveri-pax.at\" href=\"https:\/\/dveri-pax.at\/weinshop\/\" target=\"_blank\" rel=\"noopener\">A la tienda de vinos en l\u00ednea - www.dveri-pax.at<\/a><\/p>\n<p>\u00a0<\/p>\n<\/div>\n                        \n                                    <\/div>\n            \n            <\/div>\n<\/div>\n\n<\/section>\n\n<section id='lightpress__section--block_a03a5fa2194968f8081f430b1fab3eca' class='bg--beige lightpress__section--colored-bg lightpress__section--default-section-space lightpress__section lightpress__section--content'><div class=\"content__inner\"\n         x-init=\"initContentBlockAnim($el)\">\n        \n    <div class=\"content__grid content__grid--fifty-fifty\">\n                                            <div class=\"content__box content__box\"\n                 style=\"\">\n                                \n                \n                                            <div class=\"prose\"><h5 class=\"heading-m line line-above line--gold\">Jornada de puertas abiertas en la guarder\u00eda de la Abad\u00eda de Admont<\/h5>\n<p>\u00a0<\/p>\n<p><strong>El 25 de abril de 2026 <\/strong>Descubra el vivero de la Abad\u00eda de Admont en toda su diversidad. En la jornada de puertas abiertas, le invitamos cordialmente a echar un vistazo entre bastidores a nuestro tradicional vivero y descubrir el fascinante mundo de las plantas con todos los sentidos.<\/p>\n<p>\u00a0<\/p>\n<p>Pasee por nuestros invernaderos, cuidados con esmero, d\u00e9jese inspirar por el colorido de las flores de temporada y reciba valiosos consejos directamente de nuestros jardineros y floristas. Ya sea un amante de la jardiner\u00eda, un jardinero aficionado o simplemente un curioso, aqu\u00ed hay algo para todos los gustos.<\/p>\n<p>\u00a0<\/p>\n<p>Disfrute de un ambiente especial, descubra la diversidad de las plantas de la regi\u00f3n y aprenda m\u00e1s sobre la cultura del jard\u00edn sostenible en el coraz\u00f3n de la Abad\u00eda de Admont.\u00a0<\/p>\n<p>\u00a0<\/p>\n<p><strong>Venga, insp\u00edrese y pase un d\u00eda relajado y florido con nosotros en el Vivero de la Abad\u00eda de Admont.<\/strong><\/p>\n<p>\u00a0<\/p>\n<p>Esperamos su visita.<\/p>\n<\/div>\n                    \n                            <\/div>\n        \n                                                    <div class=\"content__box content__box--2\"\n                     >\n                                        \n                    \n                                                <div class=\"content__media stickyTo\" x-init=\"imageSticky($el)\">\n\n                                                                                    <picture\n                                    class=\"content__image sticky\">\n                                <source srcset=\"https:\/\/stiftadmont.at\/wp-content\/uploads\/gaertnerei-offene-Tuere-727x1024.webp\" type=\"image\/webp\">\n                                <source srcset=\"https:\/\/stiftadmont.at\/wp-content\/uploads\/gaertnerei-offene-Tuere-727x1024.jpg\" type=\"image\/jpeg\">\n                                <img decoding=\"async\" class=\"sticky\" loading=\"lazy\" src=\"https:\/\/stiftadmont.at\/wp-content\/uploads\/gaertnerei-offene-Tuere-727x1024.png\" alt=\"guarder\u00eda puerta abierta\" \/>\n\n                                                                                                                            <\/picture>\n\n                        <\/div>\n\n                                    <\/div>\n            \n            <\/div>\n<\/div>\n\n    <div class=\"background__container background__container--beige\">\n    <\/div>\n\n<\/section>\n\n<section id='lightpress__section--block_c9a70092a1e215a321e42c26aeddde8a' class='lightpress__section--more-links--950 lightpress__section--full-width lightpress__section--default-section-space lightpress__section lightpress__section--more-links'><div class=\"more\" x-init=\"initMoreLinksBlockAnim($el)\">\n            <style>\n            #lightpress__section--block_c9a70092a1e215a321e42c26aeddde8a .more {\n                --entry-width: calc(100% \/ 4 - var(--grid-gap) * 4);\n                grid-template-columns: repeat(auto-fit, minmax(max(var(--entry-width),50rem), 1fr));\n            }\n        <\/style>\n    \n                    <a class=\"more__link\" href=\"https:\/\/stiftadmont.at\/es\/vivero-monasterio-flores-y-vino\/horario-de-apertura-equipo-contacto\/\">\n            <div class=\"more__media\">\n                                    <picture class=\"more__image\">\n                        <source srcset=\"https:\/\/stiftadmont.at\/wp-content\/uploads\/Gaertnerei-11-1024x683.webp\" type=\"image\/webp\">\n                        <source srcset=\"https:\/\/stiftadmont.at\/wp-content\/uploads\/Gaertnerei-11-1024x683.jpg\" type=\"image\/jpeg\">\n                        <img decoding=\"async\" loading=\"lazy\" src=\"https:\/\/stiftadmont.at\/wp-content\/uploads\/Gaertnerei-11-1024x683.jpg\"\n                             alt=\"Guarder\u00eda 2022\" >\n                    <\/picture>\n                            <\/div>\n            <div class=\"more__content\">\n                <div class=\"more__title--container\">\n                                            \n                                                                            \n                        <p class=\"text-bold text-white text--serif text--26\">Horario, equipo, contacto<\/p>\n                                                            <\/div>\n                                    <div class=\"more__cta\">\n                        <i class=\"fa-thin fa-chevron-right\"><\/i>\n                    <\/div>\n                            <\/div>\n        <\/a>\n                    <a class=\"more__link\" href=\"https:\/\/stiftadmont.at\/es\/vivero-monasterio-flores-y-vino\/floristeria\/\">\n            <div class=\"more__media\">\n                                    <picture class=\"more__image\">\n                        <source srcset=\"https:\/\/stiftadmont.at\/wp-content\/uploads\/Blumenstrauss_min_Thomas-Sattler-1024x803.webp\" type=\"image\/webp\">\n                        <source srcset=\"https:\/\/stiftadmont.at\/wp-content\/uploads\/Blumenstrauss_min_Thomas-Sattler-1024x803.jpg\" type=\"image\/jpeg\">\n                        <img decoding=\"async\" loading=\"lazy\" src=\"https:\/\/stiftadmont.at\/wp-content\/uploads\/Blumenstrauss_min_Thomas-Sattler-1024x803.png\" alt=\"Ramo de flores min Thomas Sattler\" \/>\n                    <\/picture>\n                            <\/div>\n            <div class=\"more__content\">\n                <div class=\"more__title--container\">\n                                            \n                                                                            \n                        <p class=\"text-bold text-white text--serif text--26\">Flores y florister\u00eda<\/p>\n                                                            <\/div>\n                                    <div class=\"more__cta\">\n                        <i class=\"fa-thin fa-chevron-right\"><\/i>\n                    <\/div>\n                            <\/div>\n        <\/a>\n                    <a class=\"more__link\" href=\"https:\/\/stiftadmont.at\/es\/vivero-monasterio-flores-y-vino\/guarderia\/\">\n            <div class=\"more__media\">\n                                    <picture class=\"more__image\">\n                        <source srcset=\"https:\/\/stiftadmont.at\/wp-content\/uploads\/Gaertnerei-2-1024x683.webp\" type=\"image\/webp\">\n                        <source srcset=\"https:\/\/stiftadmont.at\/wp-content\/uploads\/Gaertnerei-2-1024x683.jpg\" type=\"image\/jpeg\">\n                        <img decoding=\"async\" loading=\"lazy\" src=\"https:\/\/stiftadmont.at\/wp-content\/uploads\/Gaertnerei-2-1024x683.jpg\"\n                             alt=\"Guarder\u00eda 2022\" >\n                    <\/picture>\n                            <\/div>\n            <div class=\"more__content\">\n                <div class=\"more__title--container\">\n                                            \n                                                                            \n                        <p class=\"text-bold text-white text--serif text--26\">Guarder\u00eda<\/p>\n                                                            <\/div>\n                                    <div class=\"more__cta\">\n                        <i class=\"fa-thin fa-chevron-right\"><\/i>\n                    <\/div>\n                            <\/div>\n        <\/a>\n                    <a class=\"more__link\" href=\"https:\/\/stiftadmont.at\/es\/vivero-monasterio-flores-y-vino\/vino\/\">\n            <div class=\"more__media\">\n                                    <picture class=\"more__image\">\n                        <source srcset=\"https:\/\/stiftadmont.at\/wp-content\/uploads\/Dveri-Pax-Stimmungsbilder-www-86-1024x683.webp\" type=\"image\/webp\">\n                        <source srcset=\"https:\/\/stiftadmont.at\/wp-content\/uploads\/Dveri-Pax-Stimmungsbilder-www-86-1024x683.jpg\" type=\"image\/jpeg\">\n                        <img decoding=\"async\" loading=\"lazy\" src=\"https:\/\/stiftadmont.at\/wp-content\/uploads\/Dveri-Pax-Stimmungsbilder-www-86-1024x683.jpg\"\n                             alt=\"Im\u00e1genes del estado de \u00e1nimo de Dveri Pax\" >\n                    <\/picture>\n                            <\/div>\n            <div class=\"more__content\">\n                <div class=\"more__title--container\">\n                                            \n                                                                            \n                        <p class=\"text-bold text-white text--serif text--26\">Vinos DVERI PAX<\/p>\n                                                            <\/div>\n                                    <div class=\"more__cta\">\n                        <i class=\"fa-thin fa-chevron-right\"><\/i>\n                    <\/div>\n                            <\/div>\n        <\/a>\n    \n<\/div>\n\n<\/section>","protected":false},"excerpt":{"rendered":"","protected":false},"author":3,"featured_media":0,"parent":0,"menu_order":112,"comment_status":"closed","ping_status":"closed","template":"","meta":{"_acf_changed":false,"footnotes":""},"categories":[],"class_list":["post-515","page","type-page","status-publish","hentry"],"acf":[],"yoast_head":"<!-- This site is optimized with the Yoast SEO Premium plugin v26.0 (Yoast SEO v26.8) - https:\/\/yoast.com\/product\/yoast-seo-premium-wordpress\/ -->\n<title>Stiftsg\u00e4rtnerei Blumen und Wein - Stift Admont<\/title>\n<meta name=\"description\" content=\"Stiftsg\u00e4rtnerei Admont: Frische Blumen, regionaler DVERI PAX Wein und feine Klosterprodukte. F\u00fcr besondere Momente mit Herz und Qualit\u00e4t.\" \/>\n<meta name=\"robots\" content=\"index, follow, max-snippet:-1, max-image-preview:large, max-video-preview:-1\" \/>\n<link rel=\"canonical\" href=\"https:\/\/stiftadmont.at\/es\/vivero-monasterio-flores-y-vino\/\" \/>\n<meta property=\"og:locale\" content=\"es_ES\" \/>\n<meta property=\"og:type\" content=\"article\" \/>\n<meta property=\"og:title\" content=\"Stiftsg\u00e4rtnerei Blumen und Wein\" \/>\n<meta property=\"og:description\" content=\"Stiftsg\u00e4rtnerei Admont: Frische Blumen, regionaler DVERI PAX Wein und feine Klosterprodukte. F\u00fcr besondere Momente mit Herz und Qualit\u00e4t.\" \/>\n<meta property=\"og:url\" content=\"https:\/\/stiftadmont.at\/es\/vivero-monasterio-flores-y-vino\/\" \/>\n<meta property=\"og:site_name\" content=\"Stift Admont\" \/>\n<meta property=\"article:modified_time\" content=\"2026-04-07T06:06:17+00:00\" \/>\n<meta property=\"og:image\" content=\"https:\/\/stiftadmont.at\/wp-content\/uploads\/Klosteranlage-innen.jpg\" \/>\n\t<meta property=\"og:image:width\" content=\"1912\" \/>\n\t<meta property=\"og:image:height\" content=\"1188\" \/>\n\t<meta property=\"og:image:type\" content=\"image\/jpeg\" \/>\n<meta name=\"twitter:card\" content=\"summary_large_image\" \/>\n<script type=\"application\/ld+json\" class=\"yoast-schema-graph\">{\"@context\":\"https:\/\/schema.org\",\"@graph\":[{\"@type\":\"WebPage\",\"@id\":\"https:\/\/stiftadmont.at\/stiftsgaertnerei-blumen-und-wein\/\",\"url\":\"https:\/\/stiftadmont.at\/stiftsgaertnerei-blumen-und-wein\/\",\"name\":\"Stiftsg\u00e4rtnerei Blumen und Wein - Stift Admont\",\"isPartOf\":{\"@id\":\"https:\/\/stiftadmont.at\/#website\"},\"datePublished\":\"2021-07-15T12:28:06+00:00\",\"dateModified\":\"2026-04-07T06:06:17+00:00\",\"description\":\"Stiftsg\u00e4rtnerei Admont: Frische Blumen, regionaler DVERI PAX Wein und feine Klosterprodukte. F\u00fcr besondere Momente mit Herz und Qualit\u00e4t.\",\"breadcrumb\":{\"@id\":\"https:\/\/stiftadmont.at\/stiftsgaertnerei-blumen-und-wein\/#breadcrumb\"},\"inLanguage\":\"es\",\"potentialAction\":[{\"@type\":\"ReadAction\",\"target\":[\"https:\/\/stiftadmont.at\/stiftsgaertnerei-blumen-und-wein\/\"]}]},{\"@type\":\"BreadcrumbList\",\"@id\":\"https:\/\/stiftadmont.at\/stiftsgaertnerei-blumen-und-wein\/#breadcrumb\",\"itemListElement\":[{\"@type\":\"ListItem\",\"position\":1,\"name\":\"Start\",\"item\":\"https:\/\/stiftadmont.at\/\"},{\"@type\":\"ListItem\",\"position\":2,\"name\":\"Stiftsg\u00e4rtnerei Blumen und Wein\"}]},{\"@type\":\"WebSite\",\"@id\":\"https:\/\/stiftadmont.at\/#website\",\"url\":\"https:\/\/stiftadmont.at\/\",\"name\":\"Stift Admont\",\"description\":\"Benediktinerkloster und Sehensw\u00fcrdigkeit im Ges\u00e4use\",\"potentialAction\":[{\"@type\":\"SearchAction\",\"target\":{\"@type\":\"EntryPoint\",\"urlTemplate\":\"https:\/\/stiftadmont.at\/?s={search_term_string}\"},\"query-input\":{\"@type\":\"PropertyValueSpecification\",\"valueRequired\":true,\"valueName\":\"search_term_string\"}}],\"inLanguage\":\"es\"}]}<\/script>\n<!-- \/ Yoast SEO Premium plugin. -->","yoast_head_json":{"title":"Flores y vino del vivero de la abad\u00eda - Abad\u00eda de Admont","description":"Stiftsg\u00e4rtnerei Admont: Flores frescas, vino regional DVERI PAX y finos productos del monasterio. Para momentos especiales con coraz\u00f3n y calidad.","robots":{"index":"index","follow":"follow","max-snippet":"max-snippet:-1","max-image-preview":"max-image-preview:large","max-video-preview":"max-video-preview:-1"},"canonical":"https:\/\/stiftadmont.at\/es\/vivero-monasterio-flores-y-vino\/","og_locale":"es_ES","og_type":"article","og_title":"Stiftsg\u00e4rtnerei Blumen und Wein","og_description":"Stiftsg\u00e4rtnerei Admont: Frische Blumen, regionaler DVERI PAX Wein und feine Klosterprodukte. F\u00fcr besondere Momente mit Herz und Qualit\u00e4t.","og_url":"https:\/\/stiftadmont.at\/es\/vivero-monasterio-flores-y-vino\/","og_site_name":"Stift Admont","article_modified_time":"2026-04-07T06:06:17+00:00","og_image":[{"width":1912,"height":1188,"url":"https:\/\/stiftadmont.at\/wp-content\/uploads\/Klosteranlage-innen.jpg","type":"image\/jpeg"}],"twitter_card":"summary_large_image","schema":{"@context":"https:\/\/schema.org","@graph":[{"@type":"WebPage","@id":"https:\/\/stiftadmont.at\/stiftsgaertnerei-blumen-und-wein\/","url":"https:\/\/stiftadmont.at\/stiftsgaertnerei-blumen-und-wein\/","name":"Flores y vino del vivero de la abad\u00eda - Abad\u00eda de Admont","isPartOf":{"@id":"https:\/\/stiftadmont.at\/#website"},"datePublished":"2021-07-15T12:28:06+00:00","dateModified":"2026-04-07T06:06:17+00:00","description":"Stiftsg\u00e4rtnerei Admont: Flores frescas, vino regional DVERI PAX y finos productos del monasterio. Para momentos especiales con coraz\u00f3n y calidad.","breadcrumb":{"@id":"https:\/\/stiftadmont.at\/stiftsgaertnerei-blumen-und-wein\/#breadcrumb"},"inLanguage":"es","potentialAction":[{"@type":"ReadAction","target":["https:\/\/stiftadmont.at\/stiftsgaertnerei-blumen-und-wein\/"]}]},{"@type":"BreadcrumbList","@id":"https:\/\/stiftadmont.at\/stiftsgaertnerei-blumen-und-wein\/#breadcrumb","itemListElement":[{"@type":"ListItem","position":1,"name":"Start","item":"https:\/\/stiftadmont.at\/"},{"@type":"ListItem","position":2,"name":"Stiftsg\u00e4rtnerei Blumen und Wein"}]},{"@type":"WebSite","@id":"https:\/\/stiftadmont.at\/#website","url":"https:\/\/stiftadmont.at\/","name":"Abad\u00eda de Admont","description":"Monasterio benedictino y atracci\u00f3n tur\u00edstica en el Ges\u00e4use","potentialAction":[{"@type":"SearchAction","target":{"@type":"EntryPoint","urlTemplate":"https:\/\/stiftadmont.at\/?s={search_term_string}"},"query-input":{"@type":"PropertyValueSpecification","valueRequired":true,"valueName":"search_term_string"}}],"inLanguage":"es"}]}},"_links":{"self":[{"href":"https:\/\/stiftadmont.at\/es\/wp-json\/wp\/v2\/pages\/515","targetHints":{"allow":["GET"]}}],"collection":[{"href":"https:\/\/stiftadmont.at\/es\/wp-json\/wp\/v2\/pages"}],"about":[{"href":"https:\/\/stiftadmont.at\/es\/wp-json\/wp\/v2\/types\/page"}],"author":[{"embeddable":true,"href":"https:\/\/stiftadmont.at\/es\/wp-json\/wp\/v2\/users\/3"}],"replies":[{"embeddable":true,"href":"https:\/\/stiftadmont.at\/es\/wp-json\/wp\/v2\/comments?post=515"}],"version-history":[{"count":248,"href":"https:\/\/stiftadmont.at\/es\/wp-json\/wp\/v2\/pages\/515\/revisions"}],"predecessor-version":[{"id":40887,"href":"https:\/\/stiftadmont.at\/es\/wp-json\/wp\/v2\/pages\/515\/revisions\/40887"}],"wp:attachment":[{"href":"https:\/\/stiftadmont.at\/es\/wp-json\/wp\/v2\/media?parent=515"}],"wp:term":[{"taxonomy":"category","embeddable":true,"href":"https:\/\/stiftadmont.at\/es\/wp-json\/wp\/v2\/categories?post=515"}],"curies":[{"name":"wp","href":"https:\/\/api.w.org\/{rel}","templated":true}]}}