{"id":527,"date":"2021-07-15T14:30:29","date_gmt":"2021-07-15T12:30:29","guid":{"rendered":"https:\/\/stiftadmont.at\/?page_id=527"},"modified":"2023-08-16T13:09:32","modified_gmt":"2023-08-16T11:09:32","slug":"transporte-terrestre","status":"publish","type":"page","link":"https:\/\/stiftadmont.at\/es\/grundverkehr\/","title":{"rendered":"Transacciones inmobiliarias"},"content":{"rendered":"<section id='lightpress__section--block_60fe7f733da85' class='lightpress__section--default-section-space lightpress__section lightpress__section--content'><div class=\"content__inner\"\n         x-init=\"initContentBlockAnim($el)\">\n        \n    <div class=\"content__grid content__grid\">\n                                            <div class=\"content__box content__box--one-hundred\"\n                 style=\"\">\n                                \n                \n                                            <div class=\"prose\"><h2 class=\"heading-xxl line line--gold\">Propiedad de la Abad\u00eda de Admont<\/h2>\n<p class=\"paragraph-m\">El conjunto de las tierras de la abad\u00eda de Admont abarca unas 25.000 hect\u00e1reas. El departamento de transacciones de tierras se encarga de la administraci\u00f3n de las tierras, as\u00ed como del tratamiento y archivo de las transacciones.<\/p>\n<p>\u00a0<\/p>\n<div class=\"info info--info\">\n<p>Para cualquier consulta sobre los terrenos o propiedades de la Abad\u00eda de Admont, dir\u00edjase a las personas de contacto indicadas a continuaci\u00f3n.<\/p>\n<\/div>\n<\/div>\n                    \n                            <\/div>\n        \n            <\/div>\n<\/div>\n\n<\/section>\n\n<section id='lightpress__section--block_624170699645c' class='lightpress__section lightpress__section--contacts-slider'><div class=\"contacts\" x-init=\"initContactsTeaserAnim($el)\">\n\n    <div class=\"contacts__inner\">\n\n        <div class=\"swiper-container\"\n             x-data\n x-init=\"initContactsTeaser($el, $refs.btnPrev, $refs.btnNext)\">\n\n            <div class=\"swiper-wrapper\">\n                                    <div class=\"swiper-slide\">\n                        <article class=\"contacts__contact\">\n                                                        <div class=\"contacts__media\">\n                <span class=\"image-overlay\">\n                  <picture>\n                    <source srcset=\"https:\/\/stiftadmont.at\/wp-content\/uploads\/Admont_Buero_\u00a9Thomas-Sattler-4-768x508.webp\" type=\"image\/webp\">\n                    <source srcset=\"https:\/\/stiftadmont.at\/wp-content\/uploads\/Admont_Buero_\u00a9Thomas-Sattler-4-768x508.jpg\" type=\"image\/jpeg\">\n                    <img decoding=\"async\" loading=\"lazy\" src=\"https:\/\/stiftadmont.at\/wp-content\/uploads\/Admont_Buero_\u00a9Thomas-Sattler-4-768x508.jpg\"\n                         alt=\"Oficina de Admont \u00a9Thomas Sattler 4 escalas\" width=\"416\" height=\"418\">\n                  <\/picture>\n                <\/span>\n                            <\/div>\n                            <div class=\"contacts__content\">\n                                <h2 class=\"contacts__name heading-s\">ING. MAG. ALFRED FUCHS<\/h2>\n                                <p\n                                        class=\"contacts__title paragraph-s\">Admont - Zona de Ennstal<\/p>                                                                    <a href=\"mailto:alfred.fuchs@stiftadmont.at\" class=\"email\"><span class=\"icon-outer\"><i\n                                                    class=\"fa-solid fa-envelope\"><\/i><\/span>alfred.fuchs@stiftadmont.at<\/a>\n                                \n                                                                                                            <a href=\"tel:+43 (0) 3613\/2312-800\" class=\"phone\"><span class=\"icon-outer\"><i\n                                                        class=\"fa-solid fa-phone\"><\/i><\/span>+43 (0) 3613\/2312-800<\/a>\n                                                                                                <\/div>\n                        <\/article>\n                    <\/div>\n                                    <div class=\"swiper-slide\">\n                        <article class=\"contacts__contact\">\n                                                        <div class=\"contacts__media\">\n                <span class=\"image-overlay\">\n                  <picture>\n                    <source srcset=\"https:\/\/stiftadmont.at\/wp-content\/uploads\/115_Forst_Jagd_Stift_Admont\u00a9StefanLeitner-768x1152.webp\" type=\"image\/webp\">\n                    <source srcset=\"https:\/\/stiftadmont.at\/wp-content\/uploads\/115_Forst_Jagd_Stift_Admont\u00a9StefanLeitner-768x1152.jpg\" type=\"image\/jpeg\">\n                    <img decoding=\"async\" loading=\"lazy\" src=\"https:\/\/stiftadmont.at\/wp-content\/uploads\/115_Forst_Jagd_Stift_Admont\u00a9StefanLeitner-768x1152.jpg\"\n                         alt=\"Abad\u00eda de Admont - Caza en el bosque \u00a9 Stefan Leitner\" width=\"416\" height=\"418\">\n                  <\/picture>\n                <\/span>\n                            <\/div>\n                            <div class=\"contacts__content\">\n                                <h2 class=\"contacts__name heading-s\">OFM DI Karl J\u00e4ger<\/h2>\n                                <p\n                                        class=\"contacts__title paragraph-s\">Departamento Forestal de Trieben<\/p>                                                                    <a href=\"mailto:karl.jaeger@stiftadmont.at\" class=\"email\"><span class=\"icon-outer\"><i\n                                                    class=\"fa-solid fa-envelope\"><\/i><\/span>karl.jaeger@stiftadmont.at<\/a>\n                                \n                                                                                                            <a href=\"tel:+43 (0) 3615\/2281-11\" class=\"phone\"><span class=\"icon-outer\"><i\n                                                        class=\"fa-solid fa-phone\"><\/i><\/span>+43 (0) 3615\/2281-11<\/a>\n                                                                                                <\/div>\n                        <\/article>\n                    <\/div>\n                            <\/div>\n\n                            <button class=\"swiper-button-prev slider-button slider-button--prev\" x-ref=\"btnPrev\"\n                        aria-label=\"Mostrar persona de contacto anterior\"><i class=\"fa-regular fa-chevron-left\"><\/i><\/button>\n                <button class=\"swiper-button-next slider-button slider-button--next\" x-ref=\"btnNext\"\n                        aria-label=\"Mostrar siguiente persona de contacto\"><i class=\"fa-regular fa-chevron-right\"><\/i><\/button>\n                    <\/div>\n    <\/div>\n\n<\/div><\/section>","protected":false},"excerpt":{"rendered":"","protected":false},"author":3,"featured_media":0,"parent":0,"menu_order":132,"comment_status":"closed","ping_status":"closed","template":"","meta":{"_acf_changed":false,"footnotes":""},"categories":[],"class_list":["post-527","page","type-page","status-publish","hentry"],"acf":[],"yoast_head":"<!-- This site is optimized with the Yoast SEO Premium plugin v26.0 (Yoast SEO v26.8) - https:\/\/yoast.com\/product\/yoast-seo-premium-wordpress\/ -->\n<title>Grundverkehr - Stift Admont<\/title>\n<meta name=\"robots\" content=\"index, follow, max-snippet:-1, max-image-preview:large, max-video-preview:-1\" \/>\n<link rel=\"canonical\" href=\"https:\/\/stiftadmont.at\/es\/transporte-terrestre\/\" \/>\n<meta property=\"og:locale\" content=\"es_ES\" \/>\n<meta property=\"og:type\" content=\"article\" \/>\n<meta property=\"og:title\" content=\"Grundverkehr\" \/>\n<meta property=\"og:url\" content=\"https:\/\/stiftadmont.at\/es\/transporte-terrestre\/\" \/>\n<meta property=\"og:site_name\" content=\"Stift Admont\" \/>\n<meta property=\"article:modified_time\" content=\"2023-08-16T11:09:32+00:00\" \/>\n<meta property=\"og:image\" content=\"https:\/\/stiftadmont.at\/wp-content\/uploads\/Klosteranlage-innen.jpg\" \/>\n\t<meta property=\"og:image:width\" content=\"1912\" \/>\n\t<meta property=\"og:image:height\" content=\"1188\" \/>\n\t<meta property=\"og:image:type\" content=\"image\/jpeg\" \/>\n<meta name=\"twitter:card\" content=\"summary_large_image\" \/>\n<script type=\"application\/ld+json\" class=\"yoast-schema-graph\">{\"@context\":\"https:\/\/schema.org\",\"@graph\":[{\"@type\":\"WebPage\",\"@id\":\"https:\/\/stiftadmont.at\/grundverkehr\/\",\"url\":\"https:\/\/stiftadmont.at\/grundverkehr\/\",\"name\":\"Grundverkehr - Stift Admont\",\"isPartOf\":{\"@id\":\"https:\/\/stiftadmont.at\/#website\"},\"datePublished\":\"2021-07-15T12:30:29+00:00\",\"dateModified\":\"2023-08-16T11:09:32+00:00\",\"breadcrumb\":{\"@id\":\"https:\/\/stiftadmont.at\/grundverkehr\/#breadcrumb\"},\"inLanguage\":\"es\",\"potentialAction\":[{\"@type\":\"ReadAction\",\"target\":[\"https:\/\/stiftadmont.at\/grundverkehr\/\"]}]},{\"@type\":\"BreadcrumbList\",\"@id\":\"https:\/\/stiftadmont.at\/grundverkehr\/#breadcrumb\",\"itemListElement\":[{\"@type\":\"ListItem\",\"position\":1,\"name\":\"Start\",\"item\":\"https:\/\/stiftadmont.at\/\"},{\"@type\":\"ListItem\",\"position\":2,\"name\":\"Grundverkehr\"}]},{\"@type\":\"WebSite\",\"@id\":\"https:\/\/stiftadmont.at\/#website\",\"url\":\"https:\/\/stiftadmont.at\/\",\"name\":\"Stift Admont\",\"description\":\"Benediktinerkloster und Sehensw\u00fcrdigkeit im Ges\u00e4use\",\"potentialAction\":[{\"@type\":\"SearchAction\",\"target\":{\"@type\":\"EntryPoint\",\"urlTemplate\":\"https:\/\/stiftadmont.at\/?s={search_term_string}\"},\"query-input\":{\"@type\":\"PropertyValueSpecification\",\"valueRequired\":true,\"valueName\":\"search_term_string\"}}],\"inLanguage\":\"es\"}]}<\/script>\n<!-- \/ Yoast SEO Premium plugin. -->","yoast_head_json":{"title":"Transacciones inmobiliarias - Admont Abbey","robots":{"index":"index","follow":"follow","max-snippet":"max-snippet:-1","max-image-preview":"max-image-preview:large","max-video-preview":"max-video-preview:-1"},"canonical":"https:\/\/stiftadmont.at\/es\/transporte-terrestre\/","og_locale":"es_ES","og_type":"article","og_title":"Grundverkehr","og_url":"https:\/\/stiftadmont.at\/es\/transporte-terrestre\/","og_site_name":"Stift Admont","article_modified_time":"2023-08-16T11:09:32+00:00","og_image":[{"width":1912,"height":1188,"url":"https:\/\/stiftadmont.at\/wp-content\/uploads\/Klosteranlage-innen.jpg","type":"image\/jpeg"}],"twitter_card":"summary_large_image","schema":{"@context":"https:\/\/schema.org","@graph":[{"@type":"WebPage","@id":"https:\/\/stiftadmont.at\/grundverkehr\/","url":"https:\/\/stiftadmont.at\/grundverkehr\/","name":"Transacciones inmobiliarias - Admont Abbey","isPartOf":{"@id":"https:\/\/stiftadmont.at\/#website"},"datePublished":"2021-07-15T12:30:29+00:00","dateModified":"2023-08-16T11:09:32+00:00","breadcrumb":{"@id":"https:\/\/stiftadmont.at\/grundverkehr\/#breadcrumb"},"inLanguage":"es","potentialAction":[{"@type":"ReadAction","target":["https:\/\/stiftadmont.at\/grundverkehr\/"]}]},{"@type":"BreadcrumbList","@id":"https:\/\/stiftadmont.at\/grundverkehr\/#breadcrumb","itemListElement":[{"@type":"ListItem","position":1,"name":"Start","item":"https:\/\/stiftadmont.at\/"},{"@type":"ListItem","position":2,"name":"Grundverkehr"}]},{"@type":"WebSite","@id":"https:\/\/stiftadmont.at\/#website","url":"https:\/\/stiftadmont.at\/","name":"Abad\u00eda de Admont","description":"Monasterio benedictino y atracci\u00f3n tur\u00edstica en el Ges\u00e4use","potentialAction":[{"@type":"SearchAction","target":{"@type":"EntryPoint","urlTemplate":"https:\/\/stiftadmont.at\/?s={search_term_string}"},"query-input":{"@type":"PropertyValueSpecification","valueRequired":true,"valueName":"search_term_string"}}],"inLanguage":"es"}]}},"_links":{"self":[{"href":"https:\/\/stiftadmont.at\/es\/wp-json\/wp\/v2\/pages\/527","targetHints":{"allow":["GET"]}}],"collection":[{"href":"https:\/\/stiftadmont.at\/es\/wp-json\/wp\/v2\/pages"}],"about":[{"href":"https:\/\/stiftadmont.at\/es\/wp-json\/wp\/v2\/types\/page"}],"author":[{"embeddable":true,"href":"https:\/\/stiftadmont.at\/es\/wp-json\/wp\/v2\/users\/3"}],"replies":[{"embeddable":true,"href":"https:\/\/stiftadmont.at\/es\/wp-json\/wp\/v2\/comments?post=527"}],"version-history":[{"count":25,"href":"https:\/\/stiftadmont.at\/es\/wp-json\/wp\/v2\/pages\/527\/revisions"}],"predecessor-version":[{"id":12787,"href":"https:\/\/stiftadmont.at\/es\/wp-json\/wp\/v2\/pages\/527\/revisions\/12787"}],"wp:attachment":[{"href":"https:\/\/stiftadmont.at\/es\/wp-json\/wp\/v2\/media?parent=527"}],"wp:term":[{"taxonomy":"category","embeddable":true,"href":"https:\/\/stiftadmont.at\/es\/wp-json\/wp\/v2\/categories?post=527"}],"curies":[{"name":"wp","href":"https:\/\/api.w.org\/{rel}","templated":true}]}}