{"id":533,"date":"2021-07-15T14:33:02","date_gmt":"2021-07-15T12:33:02","guid":{"rendered":"https:\/\/stiftadmont.at\/?page_id=533"},"modified":"2025-07-01T11:29:01","modified_gmt":"2025-07-01T09:29:01","slug":"residencias-de-estudiantes","status":"publish","type":"page","link":"https:\/\/stiftadmont.at\/es\/studentenheime\/","title":{"rendered":"Residencias de estudiantes"},"content":{"rendered":"<section id='lightpress__section--block_ade6cf06d8aa05bb892b83eea718cc7d' class='align-center lightpress__section--default-section-space lightpress__section lightpress__section--headline'><div class=\"headline__container\">\n            <p class=\"headline text--40 text-medium line line--gold line-above line-middle\">Estudiar con estilo y sustancia: las residencias de estudiantes de la Abad\u00eda de Admont<\/p>\n        <p class=\"text-center text-gold text--20 text-medium text--uppercase\">La abad\u00eda benedictina de Admont promueve la educaci\u00f3n con visi\u00f3n de futuro y ofrece a los estudiantes de Graz, Innsbruck y Leoben un alojamiento de primera clase en el centro de la universidad.<\/p>\n        <div class=\"spacer--40\"><\/div>\n<\/div>\n\n<\/section>\n\n<section id='lightpress__section--block_2d9aa950b9ec78ea79842f1532e8c8f7' class='lightpress__section--default-section-space lightpress__section lightpress__section--content'><div class=\"content__inner\"\n         x-init=\"initContentBlockAnim($el)\">\n        \n    <div class=\"content__grid content__grid\">\n                                            <div class=\"content__box content__box--one-hundred\"\n                 style=\"\">\n                                \n                \n                                            <div class=\"prose\"><p class=\"paragraph-m\">Las tres residencias de estudiantes est\u00e1n situadas en edificios de antiguos monasterios con estructuras hist\u00f3ricas de gran calidad, cuidadosamente renovadas y puestas al d\u00eda. La moderna tecnolog\u00eda, las elegantes habitaciones, las amplias zonas comunes y las tranquilas zonas de estudio crean un entorno que combina a la perfecci\u00f3n la vida, el aprendizaje y la convivencia.<\/p>\n<p class=\"paragraph-m\">\u00a0<\/p>\n<p class=\"paragraph-m\"><strong>La mejor ubicaci\u00f3n, el mejor equipamiento y el mejor servicio<\/strong><\/p>\n<p class=\"paragraph-m\">Las casas est\u00e1n gestionadas profesionalmente por Akademikerhilfe, una organizaci\u00f3n con experiencia en alojamientos para estudiantes.<\/p>\n<p class=\"paragraph-m\">\u00a0<\/p>\n<p class=\"paragraph-m\">Ya sea para toda una carrera o para un semestre en el extranjero:\u00a0<strong>Mudarse y despegar - con encanto mon\u00e1stico y confort contempor\u00e1neo.<\/strong><\/p>\n<p class=\"paragraph-m\">\u00a0<\/p>\n<p class=\"paragraph-m\"><em>M\u00e1s informaci\u00f3n y solicitud en: www.akademikerhilfe.at<\/em><\/p>\n<\/div>\n                    \n                            <\/div>\n        \n            <\/div>\n<\/div>\n\n<\/section>\n\n<section id='lightpress__section--block_728ba4c1f2a8acec82e4e72593108cff' class='lightpress__section--more-links--950 lightpress__section--full-width lightpress__section--default-section-space lightpress__section lightpress__section--more-links'><div class=\"more\" x-init=\"initMoreLinksBlockAnim($el)\">\n            <style>\n            #lightpress__section--block_728ba4c1f2a8acec82e4e72593108cff .more {\n                --entry-width: calc(100% \/ 3 - var(--grid-gap) * 3);\n                grid-template-columns: repeat(auto-fit, minmax(max(var(--entry-width),50rem), 1fr));\n            }\n        <\/style>\n    \n                    <a class=\"more__link\" href=\"https:\/\/www.akademikerhilfe.at\/de\/haus-goesserstrasse-15\/11\"_blank>\n            <div class=\"more__media\">\n                                    <picture class=\"more__image\">\n                        <source srcset=\"https:\/\/stiftadmont.at\/wp-content\/uploads\/Studentenheim_\u00a9Thomas-Sattler-13-1-1024x683.webp\" type=\"image\/webp\">\n                        <source srcset=\"https:\/\/stiftadmont.at\/wp-content\/uploads\/Studentenheim_\u00a9Thomas-Sattler-13-1-1024x683.jpg\" type=\"image\/jpeg\">\n                        <img decoding=\"async\" loading=\"lazy\" src=\"https:\/\/stiftadmont.at\/wp-content\/uploads\/Studentenheim_\u00a9Thomas-Sattler-13-1-1024x683.jpg\"\n                             alt=\"Residencia de estudiantes \u00a9Thomas Sattler 13 1 a escala\" >\n                    <\/picture>\n                            <\/div>\n            <div class=\"more__content\">\n                <div class=\"more__title--container\">\n                                            \n                                                                            \n                        <p class=\"text-bold text-white text--serif text--35\">Residencia de estudiantes Leoben<\/p>\n                                                    <p class=\"text-white text--26\">G\u00f6sserstrasse 15, 8700 Leoben<\/p>\n                                                            <\/div>\n                                    <div class=\"more__cta\">\n                        <i class=\"fa-thin fa-chevron-right\"><\/i>\n                    <\/div>\n                            <\/div>\n        <\/a>\n                    <a class=\"more__link\" href=\"https:\/\/www.akademikerhilfe.at\/de\/haus-muenzgrabenstrasse-59-und-61\/6\"_blank>\n            <div class=\"more__media\">\n                                    <picture class=\"more__image\">\n                        <source srcset=\"https:\/\/stiftadmont.at\/wp-content\/uploads\/MG_1520_0_www-1024x593.webp\" type=\"image\/webp\">\n                        <source srcset=\"https:\/\/stiftadmont.at\/wp-content\/uploads\/MG_1520_0_www-1024x593.jpg\" type=\"image\/jpeg\">\n                        <img decoding=\"async\" loading=\"lazy\" src=\"https:\/\/stiftadmont.at\/wp-content\/uploads\/MG_1520_0_www-1024x593.jpg\" alt=\"MG 1520 0 www\" \/>\n                    <\/picture>\n                            <\/div>\n            <div class=\"more__content\">\n                <div class=\"more__title--container\">\n                                            \n                                                                            \n                        <p class=\"text-bold text-white text--serif text--35\">Residencia de estudiantes M\u00fcnze<\/p>\n                                                    <p class=\"text-white text--26\">M\u00fcnzgrabenstra\u00dfe 59, 8010 Graz<\/p>\n                                                            <\/div>\n                                    <div class=\"more__cta\">\n                        <i class=\"fa-thin fa-chevron-right\"><\/i>\n                    <\/div>\n                            <\/div>\n        <\/a>\n                    <a class=\"more__link\" href=\"https:\/\/www.akademikerhilfe.at\/de\/haus-maximilianstrasse-8\/39\"_blank>\n            <div class=\"more__media\">\n                                    <picture class=\"more__image\">\n                        <source srcset=\"https:\/\/stiftadmont.at\/wp-content\/uploads\/Aussenansicht-neu-\u00a9-Simon-Legner-1024x682.webp\" type=\"image\/webp\">\n                        <source srcset=\"https:\/\/stiftadmont.at\/wp-content\/uploads\/Aussenansicht-neu-\u00a9-Simon-Legner-1024x682.jpg\" type=\"image\/jpeg\">\n                        <img decoding=\"async\" loading=\"lazy\" src=\"https:\/\/stiftadmont.at\/wp-content\/uploads\/Aussenansicht-neu-\u00a9-Simon-Legner-1024x682.jpg\" alt=\"Nueva vista exterior \u00a9 Simon Legner\" \/>\n                    <\/picture>\n                            <\/div>\n            <div class=\"more__content\">\n                <div class=\"more__title--container\">\n                                            \n                                                                            \n                        <p class=\"text-bold text-white text--serif text--35\">Residencia de estudiantes Innsbruck<\/p>\n                                                    <p class=\"text-white text--26\">Maximilianstra\u00dfe 8, 6020 Innsbruck<\/p>\n                                                            <\/div>\n                                    <div class=\"more__cta\">\n                        <i class=\"fa-thin fa-chevron-right\"><\/i>\n                    <\/div>\n                            <\/div>\n        <\/a>\n    \n<\/div>\n\n<\/section>","protected":false},"excerpt":{"rendered":"","protected":false},"author":3,"featured_media":0,"parent":0,"menu_order":86,"comment_status":"closed","ping_status":"closed","template":"","meta":{"_acf_changed":false,"footnotes":""},"categories":[],"class_list":["post-533","page","type-page","status-publish","hentry"],"acf":[],"yoast_head":"<!-- This site is optimized with the Yoast SEO Premium plugin v26.0 (Yoast SEO v26.8) - https:\/\/yoast.com\/product\/yoast-seo-premium-wordpress\/ -->\n<title>Studentenheime - Stift Admont<\/title>\n<meta name=\"description\" content=\"Studentenheime Stift Admont \u2013 moderne, gem\u00fctliche Wohnheime in Graz, Innsbruck &amp; Leoben f\u00fcr entspanntes Studium. Jetzt informieren!\" \/>\n<meta name=\"robots\" content=\"index, follow, max-snippet:-1, max-image-preview:large, max-video-preview:-1\" \/>\n<link rel=\"canonical\" href=\"https:\/\/stiftadmont.at\/es\/residencias-de-estudiantes\/\" \/>\n<meta property=\"og:locale\" content=\"es_ES\" \/>\n<meta property=\"og:type\" content=\"article\" \/>\n<meta property=\"og:title\" content=\"Studentenheime\" \/>\n<meta property=\"og:description\" content=\"Studentenheime Stift Admont \u2013 moderne, gem\u00fctliche Wohnheime in Graz, Innsbruck &amp; Leoben f\u00fcr entspanntes Studium. Jetzt informieren!\" \/>\n<meta property=\"og:url\" content=\"https:\/\/stiftadmont.at\/es\/residencias-de-estudiantes\/\" \/>\n<meta property=\"og:site_name\" content=\"Stift Admont\" \/>\n<meta property=\"article:modified_time\" content=\"2025-07-01T09:29:01+00:00\" \/>\n<meta property=\"og:image\" content=\"https:\/\/stiftadmont.at\/wp-content\/uploads\/Klosteranlage-innen.jpg\" \/>\n\t<meta property=\"og:image:width\" content=\"1912\" \/>\n\t<meta property=\"og:image:height\" content=\"1188\" \/>\n\t<meta property=\"og:image:type\" content=\"image\/jpeg\" \/>\n<meta name=\"twitter:card\" content=\"summary_large_image\" \/>\n<script type=\"application\/ld+json\" class=\"yoast-schema-graph\">{\"@context\":\"https:\/\/schema.org\",\"@graph\":[{\"@type\":\"WebPage\",\"@id\":\"https:\/\/stiftadmont.at\/studentenheime\/\",\"url\":\"https:\/\/stiftadmont.at\/studentenheime\/\",\"name\":\"Studentenheime - Stift Admont\",\"isPartOf\":{\"@id\":\"https:\/\/stiftadmont.at\/#website\"},\"datePublished\":\"2021-07-15T12:33:02+00:00\",\"dateModified\":\"2025-07-01T09:29:01+00:00\",\"description\":\"Studentenheime Stift Admont \u2013 moderne, gem\u00fctliche Wohnheime in Graz, Innsbruck & Leoben f\u00fcr entspanntes Studium. Jetzt informieren!\",\"breadcrumb\":{\"@id\":\"https:\/\/stiftadmont.at\/studentenheime\/#breadcrumb\"},\"inLanguage\":\"es\",\"potentialAction\":[{\"@type\":\"ReadAction\",\"target\":[\"https:\/\/stiftadmont.at\/studentenheime\/\"]}]},{\"@type\":\"BreadcrumbList\",\"@id\":\"https:\/\/stiftadmont.at\/studentenheime\/#breadcrumb\",\"itemListElement\":[{\"@type\":\"ListItem\",\"position\":1,\"name\":\"Start\",\"item\":\"https:\/\/stiftadmont.at\/\"},{\"@type\":\"ListItem\",\"position\":2,\"name\":\"Studentenheime\"}]},{\"@type\":\"WebSite\",\"@id\":\"https:\/\/stiftadmont.at\/#website\",\"url\":\"https:\/\/stiftadmont.at\/\",\"name\":\"Stift Admont\",\"description\":\"Benediktinerkloster und Sehensw\u00fcrdigkeit im Ges\u00e4use\",\"potentialAction\":[{\"@type\":\"SearchAction\",\"target\":{\"@type\":\"EntryPoint\",\"urlTemplate\":\"https:\/\/stiftadmont.at\/?s={search_term_string}\"},\"query-input\":{\"@type\":\"PropertyValueSpecification\",\"valueRequired\":true,\"valueName\":\"search_term_string\"}}],\"inLanguage\":\"es\"}]}<\/script>\n<!-- \/ Yoast SEO Premium plugin. -->","yoast_head_json":{"title":"Residencias de estudiantes - Abad\u00eda de Admont","description":"Residencias de estudiantes Stift Admont: residencias modernas y acogedoras en Graz, Innsbruck y Leoben para estudiar relajadamente. Inf\u00f3rmese ahora.","robots":{"index":"index","follow":"follow","max-snippet":"max-snippet:-1","max-image-preview":"max-image-preview:large","max-video-preview":"max-video-preview:-1"},"canonical":"https:\/\/stiftadmont.at\/es\/residencias-de-estudiantes\/","og_locale":"es_ES","og_type":"article","og_title":"Studentenheime","og_description":"Studentenheime Stift Admont \u2013 moderne, gem\u00fctliche Wohnheime in Graz, Innsbruck & Leoben f\u00fcr entspanntes Studium. Jetzt informieren!","og_url":"https:\/\/stiftadmont.at\/es\/residencias-de-estudiantes\/","og_site_name":"Stift Admont","article_modified_time":"2025-07-01T09:29:01+00:00","og_image":[{"width":1912,"height":1188,"url":"https:\/\/stiftadmont.at\/wp-content\/uploads\/Klosteranlage-innen.jpg","type":"image\/jpeg"}],"twitter_card":"summary_large_image","schema":{"@context":"https:\/\/schema.org","@graph":[{"@type":"WebPage","@id":"https:\/\/stiftadmont.at\/studentenheime\/","url":"https:\/\/stiftadmont.at\/studentenheime\/","name":"Residencias de estudiantes - Abad\u00eda de Admont","isPartOf":{"@id":"https:\/\/stiftadmont.at\/#website"},"datePublished":"2021-07-15T12:33:02+00:00","dateModified":"2025-07-01T09:29:01+00:00","description":"Residencias de estudiantes Stift Admont: residencias modernas y acogedoras en Graz, Innsbruck y Leoben para estudiar relajadamente. Inf\u00f3rmese ahora.","breadcrumb":{"@id":"https:\/\/stiftadmont.at\/studentenheime\/#breadcrumb"},"inLanguage":"es","potentialAction":[{"@type":"ReadAction","target":["https:\/\/stiftadmont.at\/studentenheime\/"]}]},{"@type":"BreadcrumbList","@id":"https:\/\/stiftadmont.at\/studentenheime\/#breadcrumb","itemListElement":[{"@type":"ListItem","position":1,"name":"Start","item":"https:\/\/stiftadmont.at\/"},{"@type":"ListItem","position":2,"name":"Studentenheime"}]},{"@type":"WebSite","@id":"https:\/\/stiftadmont.at\/#website","url":"https:\/\/stiftadmont.at\/","name":"Abad\u00eda de Admont","description":"Monasterio benedictino y atracci\u00f3n tur\u00edstica en el Ges\u00e4use","potentialAction":[{"@type":"SearchAction","target":{"@type":"EntryPoint","urlTemplate":"https:\/\/stiftadmont.at\/?s={search_term_string}"},"query-input":{"@type":"PropertyValueSpecification","valueRequired":true,"valueName":"search_term_string"}}],"inLanguage":"es"}]}},"_links":{"self":[{"href":"https:\/\/stiftadmont.at\/es\/wp-json\/wp\/v2\/pages\/533","targetHints":{"allow":["GET"]}}],"collection":[{"href":"https:\/\/stiftadmont.at\/es\/wp-json\/wp\/v2\/pages"}],"about":[{"href":"https:\/\/stiftadmont.at\/es\/wp-json\/wp\/v2\/types\/page"}],"author":[{"embeddable":true,"href":"https:\/\/stiftadmont.at\/es\/wp-json\/wp\/v2\/users\/3"}],"replies":[{"embeddable":true,"href":"https:\/\/stiftadmont.at\/es\/wp-json\/wp\/v2\/comments?post=533"}],"version-history":[{"count":37,"href":"https:\/\/stiftadmont.at\/es\/wp-json\/wp\/v2\/pages\/533\/revisions"}],"predecessor-version":[{"id":35203,"href":"https:\/\/stiftadmont.at\/es\/wp-json\/wp\/v2\/pages\/533\/revisions\/35203"}],"wp:attachment":[{"href":"https:\/\/stiftadmont.at\/es\/wp-json\/wp\/v2\/media?parent=533"}],"wp:term":[{"taxonomy":"category","embeddable":true,"href":"https:\/\/stiftadmont.at\/es\/wp-json\/wp\/v2\/categories?post=533"}],"curies":[{"name":"wp","href":"https:\/\/api.w.org\/{rel}","templated":true}]}}