{"id":5885,"date":"2021-09-27T10:54:53","date_gmt":"2021-09-27T08:54:53","guid":{"rendered":"https:\/\/stiftadmont.at\/?page_id=5885"},"modified":"2023-12-08T18:36:40","modified_gmt":"2023-12-08T16:36:40","slug":"insectos","status":"publish","type":"page","link":"https:\/\/stiftadmont.at\/es\/museum\/ausstellungsrueckblick\/insekten\/","title":{"rendered":"INSECTOS"},"content":{"rendered":"<section id='lightpress__section--block_61518ff213106' class='lightpress__section--default-section-space lightpress__section lightpress__section--content'><div class=\"content__inner\"\n         x-init=\"initContentBlockAnim($el)\">\n        \n    <div class=\"content__grid content__grid--fifty-fifty\">\n                                            <div class=\"content__box content__box\"\n                 style=\"\">\n                                \n                \n                                            <div class=\"prose\"><h2 class=\"heading-xxl line line--gold\">Insekten<\/h2>\n<p class=\"paragraph-m\"><span style=\"color: #666666; font-size: 16px; font-weight: bold; background-color: #ffffff;\">Den Raum f\u00fcr K\u00fcnstlerische Intervention im Kunsthistorischen Museum wird 2020 von K\u00fcnstlerin Lisa Huber bespielt. Sie widmet die Rauminstallation dem Thema &#8222;Insekten&#8220; &#8211; nicht nur durch Zufall eine Bezugnahme auf die Insektensammlung im stiftischen Naturhistorischen Museum. Hubers Papierschnitte erscheinen nicht zum ersten Mal im Stift Admont, auch eines ihrer Fr\u00fchwerke ist bereits Teil der hauseigenen Sammlung.\u00a0<\/span><\/p>\n<\/div>\n                    \n                            <\/div>\n        \n                                                    <div class=\"content__box content__box--2\"\n                     >\n                                        \n                    \n                                                <div class=\"content__media stickyTo\" x-init=\"imageSticky($el)\">\n\n                                                                                    <picture\n                                    class=\"content__image sticky\">\n                                <source srcset=\"https:\/\/stiftadmont.at\/wp-content\/uploads\/MZ20-Verortungen-Insekten-Huber179-1024x683.webp\" type=\"image\/webp\">\n                                <source srcset=\"https:\/\/stiftadmont.at\/wp-content\/uploads\/MZ20-Verortungen-Insekten-Huber179-1024x683.jpg\" type=\"image\/jpeg\">\n                                <img decoding=\"async\" class=\"sticky\" loading=\"lazy\" src=\"https:\/\/stiftadmont.at\/wp-content\/uploads\/MZ20-Verortungen-Insekten-Huber179-1024x683.jpg\"\n                                     alt=\"MZ20 Verortungen Insekten Huber179 scaled\">\n\n                                                                                                                            <\/picture>\n\n                        <\/div>\n\n                                    <\/div>\n            \n            <\/div>\n<\/div>\n\n<\/section>\n\n<section id='lightpress__section--block_6151d4535f56d' class='lightpress__section--default-section-space lightpress__section lightpress__section--content'><div class=\"content__inner\"\n         x-init=\"initContentBlockAnim($el)\">\n        \n    <div class=\"content__grid content__grid--fifty-fifty\">\n                                            <div class=\"content__box content__box\"\n                 style=\"\">\n                                \n                \n                                        <div class=\"content__media stickyTo\" x-init=\"imageSticky($el)\">\n\n                                                                                                <picture\n                                class=\"content__image sticky image-mask\">\n                            <source srcset=\"https:\/\/stiftadmont.at\/wp-content\/uploads\/Bild-028_square-e1632832013154-1024x1024.png\"\n                                    type=\"image\/webp\">\n                            <source srcset=\"https:\/\/stiftadmont.at\/wp-content\/uploads\/Bild-028_square-e1632832013154-1024x1024.png\"\n                                    type=\"image\/jpeg\">\n                            <img decoding=\"async\" loading=\"lazy\" src=\"https:\/\/stiftadmont.at\/wp-content\/uploads\/Bild-028_square-e1632832013154-1024x1024.png\" alt=\"Bild 028 square e1632832013154\" width=\"600\" height=\"450\" \/>\n                                                                                                            <\/picture>\n\n                    <\/div>\n\n                            <\/div>\n        \n                                                    <div class=\"content__box content__box--2\"\n                     >\n                                        \n                    \n                                                    <div class=\"prose\"><h3 class=\"heading-xl line line--red\">Der Raum &#8211; K\u00fcnstlerische Intervention<\/h3>\n<p class=\"paragraph-m\">Bestens \u00fcber die Jahre bew\u00e4hrt hat sich der Raum f\u00fcr K\u00fcnstlerische Intervention im Kunsthistorischen Museum. Ein Raum der Resonanzbeziehungen, ein spezieller Dialog-Ort des Sakralen mit dem Profanen, des Erwarteten mit dem Unerwarteten. Transformationen und Prozesse. Die bisher eingeladenen K\u00fcnstlerInnen \u00fcberraschten immer wieder aufs Neue \u2013 mit ihren unglaublich vielschichtigen und komplexen k\u00fcnstlerischen L\u00f6sungen in ihren Bez\u00fcgen zum aktiven Stift Admont mit seinem \u00fcber 945-j\u00e4hrigen kulturellen Ged\u00e4chtnis.<\/p>\n<p class=\"paragraph-m\">In der Saison 2020 wird der Raum mit Papierschnitten zum Thema \u201eInsekten\u201c von der K\u00fcnstlerin Lisa Huber gestaltet. Aufmerksamen G\u00e4sten erschlie\u00dft sich sofort, dass diese Rauminstallation Bezug auf die aus 252.000 Insekten bestehende Insektensammlung im stiftischen Naturhistorischen Museum von P. Gabriel Strobl nimmt.<\/p>\n<p>\u00a0<\/p>\n<p class=\"paragraph-m\"><strong>Chronologie der K\u00fcnstlerischen Interventionen:<\/strong><\/p>\n<p class=\"paragraph-m\">Franz Graf (2003), Ingeborg Strobl (2004), Markus Wilfling (2005), Norbert Trummer (2006), Thomas Baumann und Martin Kaltner (2007), Stefan Emmelmann (2008), Wilhelm Scher\u00fcbl (2009), Werner Reiterer (2010), Karl Leitgeb (2011), Hannelore Demel-Lerchster (2012), Emil Siemeister (2013\/14), G\u00f6tz Bury (2015\/16), Carola Willbrand (2017\/18), Daniel Zimmermann (2019), Lisa Huber (2020).<\/p>\n<\/div>\n                        \n                                    <\/div>\n            \n            <\/div>\n<\/div>\n\n<\/section>\n\n<section id='lightpress__section--block_6151d5a757a2b' class='lightpress__section--default-section-space lightpress__section lightpress__section--content'><div class=\"content__inner\"\n         x-init=\"initContentBlockAnim($el)\">\n        \n    <div class=\"content__grid content__grid--fifty-fifty\">\n                                            <div class=\"content__box content__box\"\n                 style=\"\">\n                                \n                \n                                            <div class=\"prose\"><h3 class=\"heading-xl line line--gold\">DIE K\u00dcNSTLERIN &#8211; LISA HUBER<\/h3>\n<p class=\"paragraph-m\">Nachdem Lisa Huber davor prim\u00e4r mit gro\u00dfen Holzschnitten besch\u00e4ftigt war, wendet sie ab 2004 eine neue Technik an: den Papierschnitt. Grund daf\u00fcr war ein schwerer Unfall mit nachfolgender Rehabilitation. In dieser Phase begann die K\u00fcnstlerin, kleine Kupferdruckpapiere unterschiedlicher Gr\u00f6\u00dfe mit Papierklebeband zu gro\u00dfformatigen Arbeiten zusammen zu f\u00fcgen. Diese bildeten den Fond f\u00fcr dar\u00fcber gelegte Papierschnitte. Der motivische Ausgangspunkt f\u00fcr die zahlreichen folgenden Papierschnitte findet sich im \u201cRhinozerus\u201c, einem Holzschnitt von Albrecht D\u00fcrer aus dem Jahre 1515. Das sich daran anlehnende Papierschnitt-Fr\u00fchwerk von Lisa Huber, ein gro\u00dfformatiges Nashorn aus dem Jahr 2004, befindet sich ebenfalls in der Sammlung des Stiftes.<\/p>\n<\/div>\n                    \n                            <\/div>\n        \n                                                    <div class=\"content__box content__box--2\"\n                     >\n                                        \n                    \n                                                    <div class=\"prose\"><p class=\"paragraph-m\">Lisa Huber hat sich vor geraumer Zeit auch in der Admonter Stiftsbibliothek nach Tiermotiven umgesehen. Eine Inspirationsquelle fand sie hier u. a. in einer Ausgabe von Conrad Gessner\u2018s (1516-1565) \u201eThierbuch\u201c aus dem Jahre 1669 (Historia animalium, 1551-1558). Dieses stellt einen wahren Fundus an zahlreichen, heute als Fabeltiere geltenden Tieren dar, etwa dem Einhorn, das Lisa Huber danach auch k\u00fcnstlerisch grandios umgesetzt hat. Konstruiert sind die Papierschnitte aus mehreren \u00fcbereinander gelagerten Schichten von Wachspapier. Ihre Transparenz erm\u00f6glicht je nach Platzierung, Verschiebung und Dichte der Schichten virtuos von der K\u00fcnstlerin eingesetzte Licht-Schatten-Effekte, Oberfl\u00e4chen- und Tiefenwirkungen.<\/p>\n<p class=\"paragraph-m\">In der Darstellung geht es Lisa Huber nicht um naturalistische N\u00e4he, sondern, den historischen Vorbildern folgend, um Abstraktion, Schematisierung und nicht zuletzt um Ornamentalisierung. Einen weiteren Papierschnitt aus dem Jahre 2005 von Lisa Huber k\u00f6nnen Sie im Stiegenhaus zwischen dem Erdgeschoss und dem 1. Obergeschoss des Museums sehen &#8211; ein \u00fcberlebensgro\u00dfes, gewaltige 3,7 Meter langes Krokodil.<\/p>\n<\/div>\n                        \n                                    <\/div>\n            \n            <\/div>\n<\/div>\n\n<\/section>\n\n<section id='lightpress__section--block_6151d65157a2f' class='lightpress__section--default-section-space lightpress__section lightpress__section--content'><div class=\"content__inner\"\n         x-init=\"initContentBlockAnim($el)\">\n        \n    <div class=\"content__grid content__grid\">\n                                            <div class=\"content__box content__box--one-hundred\"\n                 style=\"\">\n                                \n                \n                                            <div class=\"prose\"><div class=\"info info--info\">\n<p>K\u00fcnstlerin: Lisa Huber<\/p>\n<\/div>\n<div class=\"info info--info\">\n<p>Kuratiert von: Michael Braunsteiner<\/p>\n<\/div>\n<\/div>\n                    \n                            <\/div>\n        \n            <\/div>\n<\/div>\n\n<\/section>\n\n<section id='lightpress__section--block_61518ad4130f2' class='lightpress__section--default-section-space lightpress__section lightpress__section--image-slider'>\n<div class=\"image-slider\"\n     x-data=\"{ gallery: null, shown: false }\"\n     x-init=\"gallery = initSliderGallery([{&quot;href&quot;:&quot;https:\\\/\\\/stiftadmont.at\\\/wp-content\\\/uploads\\\/Bild-028-e1632831923859.png&quot;,&quot;type&quot;:&quot;image&quot;},{&quot;href&quot;:&quot;https:\\\/\\\/stiftadmont.at\\\/wp-content\\\/uploads\\\/Bild-030-e1632831767865.png&quot;,&quot;type&quot;:&quot;image&quot;},{&quot;href&quot;:&quot;https:\\\/\\\/stiftadmont.at\\\/wp-content\\\/uploads\\\/MZ20-Verortungen-Insekten-Huber180-1920x2877.jpg&quot;,&quot;type&quot;:&quot;image&quot;},{&quot;href&quot;:&quot;https:\\\/\\\/stiftadmont.at\\\/wp-content\\\/uploads\\\/MZ20-Verortungen-Insekten-Huber179-1920x1281.jpg&quot;,&quot;type&quot;:&quot;image&quot;},{&quot;href&quot;:&quot;https:\\\/\\\/stiftadmont.at\\\/wp-content\\\/uploads\\\/MZ20-Verortungen-Insekten-Huber178-1920x1281.jpg&quot;,&quot;type&quot;:&quot;image&quot;}]); initImageSliderBlockAnim($el);\">\n    <div class=\"image-slider__inner\">\n\n        <div class=\"swiper-container\" x-init=\"initImageSliderBlock($el, $refs.btnPrev, $refs.btnNext)\">\n            <div class=\"swiper-wrapper\">\n                                    <div class=\"swiper-slide\">\n                        <div class=\"image-slider__media\">\n                            <img decoding=\"async\" class=\"image-slider__image\"\n                                 src=\"https:\/\/stiftadmont.at\/wp-content\/uploads\/Bild-028-e1632831923859-768x1023.png\"\n                                 alt=\"Bild 028 e1632831923859\">\n                        <\/div>\n                    <\/div>\n                                    <div class=\"swiper-slide\">\n                        <div class=\"image-slider__media\">\n                            <img decoding=\"async\" class=\"image-slider__image\"\n                                 src=\"https:\/\/stiftadmont.at\/wp-content\/uploads\/Bild-030-e1632831767865-768x1023.png\"\n                                 alt=\"Bild 030 e1632831767865\">\n                        <\/div>\n                    <\/div>\n                                    <div class=\"swiper-slide\">\n                        <div class=\"image-slider__media\">\n                            <img decoding=\"async\" class=\"image-slider__image\"\n                                 src=\"https:\/\/stiftadmont.at\/wp-content\/uploads\/MZ20-Verortungen-Insekten-Huber180-768x1151.jpg\"\n                                 alt=\"MZ20 Verortungen Insekten Huber180 scaled\">\n                        <\/div>\n                    <\/div>\n                                    <div class=\"swiper-slide\">\n                        <div class=\"image-slider__media\">\n                            <img decoding=\"async\" class=\"image-slider__image\"\n                                 src=\"https:\/\/stiftadmont.at\/wp-content\/uploads\/MZ20-Verortungen-Insekten-Huber179-768x513.jpg\"\n                                 alt=\"MZ20 Verortungen Insekten Huber179 scaled\">\n                        <\/div>\n                    <\/div>\n                                    <div class=\"swiper-slide\">\n                        <div class=\"image-slider__media\">\n                            <img decoding=\"async\" class=\"image-slider__image\"\n                                 src=\"https:\/\/stiftadmont.at\/wp-content\/uploads\/MZ20-Verortungen-Insekten-Huber178-768x513.jpg\"\n                                 alt=\"MZ20 Verortungen Insekten Huber178 scaled\">\n                        <\/div>\n                    <\/div>\n                            <\/div>\n\n            <div class=\"swiper-nav-wrapper\">\n                <button class=\"swiper-button-prev slider-button--prev\" x-ref=\"btnPrev\"\n                        aria-label=\"Vorige Bilder anzeigen\">\n                    <img decoding=\"async\" src=\"\/wp-content\/themes\/stift-admont\/src\/assets\/img\/arrow-left-big-new.svg\" alt=\"Pfeil nach Links\">\n                <\/button>\n\n\n                <a class=\"image-slider__gallery\" @click=\"openGallery(gallery)\"><i class=\"fa-thin fa-plus\"><\/i><\/a>\n                <button class=\"swiper-button-next slider-button--next\"\n                        x-ref=\"btnNext\"\n                        aria-label=\"N\u00e4chste Bilder anzeigen\">\n                    <img decoding=\"async\" src=\"\/wp-content\/themes\/stift-admont\/src\/assets\/img\/arrow-right-big-new.svg\" alt=\"Pfeil nach Rechts\">\n                <\/button>\n            <\/div>\n        <\/div>\n    <\/div>\n\n\n<\/div><\/section>","protected":false},"excerpt":{"rendered":"","protected":false},"author":7,"featured_media":0,"parent":5864,"menu_order":5,"comment_status":"closed","ping_status":"closed","template":"","meta":{"_acf_changed":false,"footnotes":""},"categories":[73],"class_list":["post-5885","page","type-page","status-publish","hentry","category-ausstellungsrueckblick"],"acf":[],"yoast_head":"<!-- This site is optimized with the Yoast SEO Premium plugin v26.0 (Yoast SEO v26.8) - https:\/\/yoast.com\/product\/yoast-seo-premium-wordpress\/ -->\n<title>INSEKTEN - Stift Admont<\/title>\n<meta name=\"robots\" content=\"index, follow, max-snippet:-1, max-image-preview:large, max-video-preview:-1\" \/>\n<link rel=\"canonical\" href=\"https:\/\/stiftadmont.at\/es\/museo\/resena-de-la-exposicion\/insectos\/\" \/>\n<meta property=\"og:locale\" content=\"es_ES\" \/>\n<meta property=\"og:type\" content=\"article\" \/>\n<meta property=\"og:title\" content=\"INSEKTEN\" \/>\n<meta property=\"og:url\" content=\"https:\/\/stiftadmont.at\/es\/museo\/resena-de-la-exposicion\/insectos\/\" \/>\n<meta property=\"og:site_name\" content=\"Stift Admont\" \/>\n<meta property=\"article:modified_time\" content=\"2023-12-08T16:36:40+00:00\" \/>\n<meta property=\"og:image\" content=\"https:\/\/stiftadmont.at\/wp-content\/uploads\/Klosteranlage-innen.jpg\" \/>\n\t<meta property=\"og:image:width\" content=\"1912\" \/>\n\t<meta property=\"og:image:height\" content=\"1188\" \/>\n\t<meta property=\"og:image:type\" content=\"image\/jpeg\" \/>\n<meta name=\"twitter:card\" content=\"summary_large_image\" \/>\n<script type=\"application\/ld+json\" class=\"yoast-schema-graph\">{\"@context\":\"https:\/\/schema.org\",\"@graph\":[{\"@type\":\"WebPage\",\"@id\":\"https:\/\/stiftadmont.at\/museum\/ausstellungsrueckblick\/insekten\/\",\"url\":\"https:\/\/stiftadmont.at\/museum\/ausstellungsrueckblick\/insekten\/\",\"name\":\"INSEKTEN - Stift Admont\",\"isPartOf\":{\"@id\":\"https:\/\/stiftadmont.at\/#website\"},\"datePublished\":\"2021-09-27T08:54:53+00:00\",\"dateModified\":\"2023-12-08T16:36:40+00:00\",\"breadcrumb\":{\"@id\":\"https:\/\/stiftadmont.at\/museum\/ausstellungsrueckblick\/insekten\/#breadcrumb\"},\"inLanguage\":\"es\",\"potentialAction\":[{\"@type\":\"ReadAction\",\"target\":[\"https:\/\/stiftadmont.at\/museum\/ausstellungsrueckblick\/insekten\/\"]}]},{\"@type\":\"BreadcrumbList\",\"@id\":\"https:\/\/stiftadmont.at\/museum\/ausstellungsrueckblick\/insekten\/#breadcrumb\",\"itemListElement\":[{\"@type\":\"ListItem\",\"position\":1,\"name\":\"Start\",\"item\":\"https:\/\/stiftadmont.at\/\"},{\"@type\":\"ListItem\",\"position\":2,\"name\":\"Museum Stift Admont\",\"item\":\"https:\/\/stiftadmont.at\/museum\/\"},{\"@type\":\"ListItem\",\"position\":3,\"name\":\"Ausstellungsr\u00fcckblick\",\"item\":\"https:\/\/stiftadmont.at\/museum\/ausstellungsrueckblick\/\"},{\"@type\":\"ListItem\",\"position\":4,\"name\":\"INSEKTEN\"}]},{\"@type\":\"WebSite\",\"@id\":\"https:\/\/stiftadmont.at\/#website\",\"url\":\"https:\/\/stiftadmont.at\/\",\"name\":\"Stift Admont\",\"description\":\"Benediktinerkloster und Sehensw\u00fcrdigkeit im Ges\u00e4use\",\"potentialAction\":[{\"@type\":\"SearchAction\",\"target\":{\"@type\":\"EntryPoint\",\"urlTemplate\":\"https:\/\/stiftadmont.at\/?s={search_term_string}\"},\"query-input\":{\"@type\":\"PropertyValueSpecification\",\"valueRequired\":true,\"valueName\":\"search_term_string\"}}],\"inLanguage\":\"es\"}]}<\/script>\n<!-- \/ Yoast SEO Premium plugin. -->","yoast_head_json":{"title":"INSEKTEN - Abad\u00eda de Admont","robots":{"index":"index","follow":"follow","max-snippet":"max-snippet:-1","max-image-preview":"max-image-preview:large","max-video-preview":"max-video-preview:-1"},"canonical":"https:\/\/stiftadmont.at\/es\/museo\/resena-de-la-exposicion\/insectos\/","og_locale":"es_ES","og_type":"article","og_title":"INSEKTEN","og_url":"https:\/\/stiftadmont.at\/es\/museo\/resena-de-la-exposicion\/insectos\/","og_site_name":"Stift Admont","article_modified_time":"2023-12-08T16:36:40+00:00","og_image":[{"width":1912,"height":1188,"url":"https:\/\/stiftadmont.at\/wp-content\/uploads\/Klosteranlage-innen.jpg","type":"image\/jpeg"}],"twitter_card":"summary_large_image","schema":{"@context":"https:\/\/schema.org","@graph":[{"@type":"WebPage","@id":"https:\/\/stiftadmont.at\/museum\/ausstellungsrueckblick\/insekten\/","url":"https:\/\/stiftadmont.at\/museum\/ausstellungsrueckblick\/insekten\/","name":"INSEKTEN - Abad\u00eda de Admont","isPartOf":{"@id":"https:\/\/stiftadmont.at\/#website"},"datePublished":"2021-09-27T08:54:53+00:00","dateModified":"2023-12-08T16:36:40+00:00","breadcrumb":{"@id":"https:\/\/stiftadmont.at\/museum\/ausstellungsrueckblick\/insekten\/#breadcrumb"},"inLanguage":"es","potentialAction":[{"@type":"ReadAction","target":["https:\/\/stiftadmont.at\/museum\/ausstellungsrueckblick\/insekten\/"]}]},{"@type":"BreadcrumbList","@id":"https:\/\/stiftadmont.at\/museum\/ausstellungsrueckblick\/insekten\/#breadcrumb","itemListElement":[{"@type":"ListItem","position":1,"name":"Start","item":"https:\/\/stiftadmont.at\/"},{"@type":"ListItem","position":2,"name":"Museum Stift Admont","item":"https:\/\/stiftadmont.at\/museum\/"},{"@type":"ListItem","position":3,"name":"Ausstellungsr\u00fcckblick","item":"https:\/\/stiftadmont.at\/museum\/ausstellungsrueckblick\/"},{"@type":"ListItem","position":4,"name":"INSEKTEN"}]},{"@type":"WebSite","@id":"https:\/\/stiftadmont.at\/#website","url":"https:\/\/stiftadmont.at\/","name":"Abad\u00eda de Admont","description":"Monasterio benedictino y atracci\u00f3n tur\u00edstica en el Ges\u00e4use","potentialAction":[{"@type":"SearchAction","target":{"@type":"EntryPoint","urlTemplate":"https:\/\/stiftadmont.at\/?s={search_term_string}"},"query-input":{"@type":"PropertyValueSpecification","valueRequired":true,"valueName":"search_term_string"}}],"inLanguage":"es"}]}},"_links":{"self":[{"href":"https:\/\/stiftadmont.at\/es\/wp-json\/wp\/v2\/pages\/5885","targetHints":{"allow":["GET"]}}],"collection":[{"href":"https:\/\/stiftadmont.at\/es\/wp-json\/wp\/v2\/pages"}],"about":[{"href":"https:\/\/stiftadmont.at\/es\/wp-json\/wp\/v2\/types\/page"}],"author":[{"embeddable":true,"href":"https:\/\/stiftadmont.at\/es\/wp-json\/wp\/v2\/users\/7"}],"replies":[{"embeddable":true,"href":"https:\/\/stiftadmont.at\/es\/wp-json\/wp\/v2\/comments?post=5885"}],"version-history":[{"count":59,"href":"https:\/\/stiftadmont.at\/es\/wp-json\/wp\/v2\/pages\/5885\/revisions"}],"predecessor-version":[{"id":24216,"href":"https:\/\/stiftadmont.at\/es\/wp-json\/wp\/v2\/pages\/5885\/revisions\/24216"}],"up":[{"embeddable":true,"href":"https:\/\/stiftadmont.at\/es\/wp-json\/wp\/v2\/pages\/5864"}],"wp:attachment":[{"href":"https:\/\/stiftadmont.at\/es\/wp-json\/wp\/v2\/media?parent=5885"}],"wp:term":[{"taxonomy":"category","embeddable":true,"href":"https:\/\/stiftadmont.at\/es\/wp-json\/wp\/v2\/categories?post=5885"}],"curies":[{"name":"wp","href":"https:\/\/api.w.org\/{rel}","templated":true}]}}