{"id":6289,"date":"2021-09-28T13:55:12","date_gmt":"2021-09-28T11:55:12","guid":{"rendered":"https:\/\/stiftadmont.at\/?page_id=6289"},"modified":"2023-12-08T18:47:53","modified_gmt":"2023-12-08T16:47:53","slug":"abrir-el-enlace","status":"publish","type":"page","link":"https:\/\/stiftadmont.at\/es\/museum\/ausstellungsrueckblick\/open-the-link\/","title":{"rendered":"ABRE EL ENLACE."},"content":{"rendered":"<section id='lightpress__section--block_61530186a0c2a' class='lightpress__section--default-section-space lightpress__section lightpress__section--content'><div class=\"content__inner\"\n         x-init=\"initContentBlockAnim($el)\">\n        \n    <div class=\"content__grid content__grid\">\n                                            <div class=\"content__box content__box--one-hundred\"\n                 style=\"\">\n                                \n                \n                                            <div class=\"prose\"><h2 class=\"heading-xxl line line--gold\">Abre el enlace.\u00a0<\/h2>\n<h3 class=\"heading-xl\">Exposici\u00f3n especial en el Museo de Arte Contempor\u00e1neo<\/h3>\n<p class=\"paragraph-m\">La exposici\u00f3n especial de 2017 en el Museum Gegenwartskunst ofrece vivas perspectivas de la colecci\u00f3n de arte contempor\u00e1neo, que comenz\u00f3 en 1997 y ya lleva 20 a\u00f1os.<\/p>\n<p class=\"paragraph-m\">El espectro abarca desde las primeras hasta las m\u00e1s recientes adquisiciones, desde las obras MADE FOR ADMONT hasta las intervenciones art\u00edsticas. Y, por supuesto, la presentaci\u00f3n de la colecci\u00f3n especial \"<a href=\"\/es\/sammlungen__trashed\/mas-alla-de-la-vista\/\">JENSEITS DES SEHENS - El arte conecta a ciegos y videntes<\/a>\" como un \u00e1rea de colecci\u00f3n independiente en el conjunto de la colecci\u00f3n. Los anuncios documentales permiten experimentar c\u00f3mo ha crecido la colecci\u00f3n de arte contempor\u00e1neo y c\u00f3mo pone mundos en movimiento.<\/p>\n<p class=\"paragraph-m\">Alrededor de 170 artistas, la mayor\u00eda nacidos en Austria o que trabajaron aqu\u00ed a partir de mediados del siglo XX, est\u00e1n representados con obras en la colecci\u00f3n. Algunos de ellos se exhiben en esta exposici\u00f3n, por ser representativa de todos ellos y representativa de la estructura interna de la colecci\u00f3n.<\/p>\n<p class=\"paragraph-m\">ABRIR EL V\u00cdNCULO como una de las numerosas posibilidades de selecci\u00f3n y combinaci\u00f3n de obras - en una estructura expositiva para conmemorar el 20 aniversario de la Colecci\u00f3n de Arte Contempor\u00e1neo. \u00a1Cel\u00e9brelo con nosotros! ABRA EL ENLACE<\/p>\n<\/div>\n                    \n                            <\/div>\n        \n            <\/div>\n<\/div>\n\n<\/section>\n\n<section id='lightpress__section--block_615302aba0c2c' class='lightpress__section--default-section-space lightpress__section lightpress__section--content'><div class=\"content__inner\"\n         x-init=\"initContentBlockAnim($el)\">\n        \n    <div class=\"content__grid content__grid\">\n                                            <div class=\"content__box content__box--one-hundred\"\n                 style=\"\">\n                                \n                \n                                            <div class=\"prose\"><div class=\"info info--info\">\n<p>Comisario: Michael Braunsteiner<\/p>\n<\/div>\n<div class=\"info info--info\">\n<p>Artistas representados en la exposici\u00f3n: Siegfried Anzinger - Erwin Bohatsch - Herbert Brandl - Adi Brunner - G\u00f6tz Bury - Gunter Damisch - Lore Demel-Lerchster - Johannes Deutsch - Manfred Erjautz - Bruno Gironcoli - Franz Grabmayr - Franz Graf - Michael Gumhold - Claudia Hirtl - Lisa Huber - Judith Huemer - Christian Hutzinger - Alfred Klinkan - Ronald Kodritsch - Rudi Molacek - Tobias Pils - Konrad Rainer - Werner Reiterer - Lois Renner - Gerhard R\u00fchm - Hubert Scheibl - Eva Schlegel - Hubert Schmalix - Christoph Schmidberger - Martin Schnur - Hannes Schwarz - Emil Siemeister - Norbert Trummer - Walter Vopava - Markus Wilfling - Erwin Wurm - Otto Zitko<\/p>\n<\/div>\n<\/div>\n                    \n                            <\/div>\n        \n            <\/div>\n<\/div>\n\n<\/section>","protected":false},"excerpt":{"rendered":"","protected":false},"author":7,"featured_media":0,"parent":5864,"menu_order":8,"comment_status":"closed","ping_status":"closed","template":"","meta":{"_acf_changed":false,"footnotes":""},"categories":[73],"class_list":["post-6289","page","type-page","status-publish","hentry","category-ausstellungsrueckblick"],"acf":[],"yoast_head":"<!-- This site is optimized with the Yoast SEO Premium plugin v26.0 (Yoast SEO v26.8) - https:\/\/yoast.com\/product\/yoast-seo-premium-wordpress\/ -->\n<title>OPEN THE LINK. - Stift Admont<\/title>\n<meta name=\"robots\" content=\"index, follow, max-snippet:-1, max-image-preview:large, max-video-preview:-1\" \/>\n<link rel=\"canonical\" href=\"https:\/\/stiftadmont.at\/es\/museo\/resena-de-la-exposicion\/abrir-el-enlace\/\" \/>\n<meta property=\"og:locale\" content=\"es_ES\" \/>\n<meta property=\"og:type\" content=\"article\" \/>\n<meta property=\"og:title\" content=\"OPEN THE LINK.\" \/>\n<meta property=\"og:url\" content=\"https:\/\/stiftadmont.at\/es\/museo\/resena-de-la-exposicion\/abrir-el-enlace\/\" \/>\n<meta property=\"og:site_name\" content=\"Stift Admont\" \/>\n<meta property=\"article:modified_time\" content=\"2023-12-08T16:47:53+00:00\" \/>\n<meta property=\"og:image\" content=\"https:\/\/stiftadmont.at\/wp-content\/uploads\/Klosteranlage-innen.jpg\" \/>\n\t<meta property=\"og:image:width\" content=\"1912\" \/>\n\t<meta property=\"og:image:height\" content=\"1188\" \/>\n\t<meta property=\"og:image:type\" content=\"image\/jpeg\" \/>\n<meta name=\"twitter:card\" content=\"summary_large_image\" \/>\n<script type=\"application\/ld+json\" class=\"yoast-schema-graph\">{\"@context\":\"https:\/\/schema.org\",\"@graph\":[{\"@type\":\"WebPage\",\"@id\":\"https:\/\/stiftadmont.at\/museum\/ausstellungsrueckblick\/open-the-link\/\",\"url\":\"https:\/\/stiftadmont.at\/museum\/ausstellungsrueckblick\/open-the-link\/\",\"name\":\"OPEN THE LINK. - Stift Admont\",\"isPartOf\":{\"@id\":\"https:\/\/stiftadmont.at\/#website\"},\"datePublished\":\"2021-09-28T11:55:12+00:00\",\"dateModified\":\"2023-12-08T16:47:53+00:00\",\"breadcrumb\":{\"@id\":\"https:\/\/stiftadmont.at\/museum\/ausstellungsrueckblick\/open-the-link\/#breadcrumb\"},\"inLanguage\":\"es\",\"potentialAction\":[{\"@type\":\"ReadAction\",\"target\":[\"https:\/\/stiftadmont.at\/museum\/ausstellungsrueckblick\/open-the-link\/\"]}]},{\"@type\":\"BreadcrumbList\",\"@id\":\"https:\/\/stiftadmont.at\/museum\/ausstellungsrueckblick\/open-the-link\/#breadcrumb\",\"itemListElement\":[{\"@type\":\"ListItem\",\"position\":1,\"name\":\"Start\",\"item\":\"https:\/\/stiftadmont.at\/\"},{\"@type\":\"ListItem\",\"position\":2,\"name\":\"Museum Stift Admont\",\"item\":\"https:\/\/stiftadmont.at\/museum\/\"},{\"@type\":\"ListItem\",\"position\":3,\"name\":\"Ausstellungsr\u00fcckblick\",\"item\":\"https:\/\/stiftadmont.at\/museum\/ausstellungsrueckblick\/\"},{\"@type\":\"ListItem\",\"position\":4,\"name\":\"OPEN THE LINK.\"}]},{\"@type\":\"WebSite\",\"@id\":\"https:\/\/stiftadmont.at\/#website\",\"url\":\"https:\/\/stiftadmont.at\/\",\"name\":\"Stift Admont\",\"description\":\"Benediktinerkloster und Sehensw\u00fcrdigkeit im Ges\u00e4use\",\"potentialAction\":[{\"@type\":\"SearchAction\",\"target\":{\"@type\":\"EntryPoint\",\"urlTemplate\":\"https:\/\/stiftadmont.at\/?s={search_term_string}\"},\"query-input\":{\"@type\":\"PropertyValueSpecification\",\"valueRequired\":true,\"valueName\":\"search_term_string\"}}],\"inLanguage\":\"es\"}]}<\/script>\n<!-- \/ Yoast SEO Premium plugin. -->","yoast_head_json":{"title":"ABRIR EL ENLACE. - Abad\u00eda de Admont","robots":{"index":"index","follow":"follow","max-snippet":"max-snippet:-1","max-image-preview":"max-image-preview:large","max-video-preview":"max-video-preview:-1"},"canonical":"https:\/\/stiftadmont.at\/es\/museo\/resena-de-la-exposicion\/abrir-el-enlace\/","og_locale":"es_ES","og_type":"article","og_title":"OPEN THE LINK.","og_url":"https:\/\/stiftadmont.at\/es\/museo\/resena-de-la-exposicion\/abrir-el-enlace\/","og_site_name":"Stift Admont","article_modified_time":"2023-12-08T16:47:53+00:00","og_image":[{"width":1912,"height":1188,"url":"https:\/\/stiftadmont.at\/wp-content\/uploads\/Klosteranlage-innen.jpg","type":"image\/jpeg"}],"twitter_card":"summary_large_image","schema":{"@context":"https:\/\/schema.org","@graph":[{"@type":"WebPage","@id":"https:\/\/stiftadmont.at\/museum\/ausstellungsrueckblick\/open-the-link\/","url":"https:\/\/stiftadmont.at\/museum\/ausstellungsrueckblick\/open-the-link\/","name":"ABRIR EL ENLACE. - Abad\u00eda de Admont","isPartOf":{"@id":"https:\/\/stiftadmont.at\/#website"},"datePublished":"2021-09-28T11:55:12+00:00","dateModified":"2023-12-08T16:47:53+00:00","breadcrumb":{"@id":"https:\/\/stiftadmont.at\/museum\/ausstellungsrueckblick\/open-the-link\/#breadcrumb"},"inLanguage":"es","potentialAction":[{"@type":"ReadAction","target":["https:\/\/stiftadmont.at\/museum\/ausstellungsrueckblick\/open-the-link\/"]}]},{"@type":"BreadcrumbList","@id":"https:\/\/stiftadmont.at\/museum\/ausstellungsrueckblick\/open-the-link\/#breadcrumb","itemListElement":[{"@type":"ListItem","position":1,"name":"Start","item":"https:\/\/stiftadmont.at\/"},{"@type":"ListItem","position":2,"name":"Museum Stift Admont","item":"https:\/\/stiftadmont.at\/museum\/"},{"@type":"ListItem","position":3,"name":"Ausstellungsr\u00fcckblick","item":"https:\/\/stiftadmont.at\/museum\/ausstellungsrueckblick\/"},{"@type":"ListItem","position":4,"name":"OPEN THE LINK."}]},{"@type":"WebSite","@id":"https:\/\/stiftadmont.at\/#website","url":"https:\/\/stiftadmont.at\/","name":"Abad\u00eda de Admont","description":"Monasterio benedictino y atracci\u00f3n tur\u00edstica en el Ges\u00e4use","potentialAction":[{"@type":"SearchAction","target":{"@type":"EntryPoint","urlTemplate":"https:\/\/stiftadmont.at\/?s={search_term_string}"},"query-input":{"@type":"PropertyValueSpecification","valueRequired":true,"valueName":"search_term_string"}}],"inLanguage":"es"}]}},"_links":{"self":[{"href":"https:\/\/stiftadmont.at\/es\/wp-json\/wp\/v2\/pages\/6289","targetHints":{"allow":["GET"]}}],"collection":[{"href":"https:\/\/stiftadmont.at\/es\/wp-json\/wp\/v2\/pages"}],"about":[{"href":"https:\/\/stiftadmont.at\/es\/wp-json\/wp\/v2\/types\/page"}],"author":[{"embeddable":true,"href":"https:\/\/stiftadmont.at\/es\/wp-json\/wp\/v2\/users\/7"}],"replies":[{"embeddable":true,"href":"https:\/\/stiftadmont.at\/es\/wp-json\/wp\/v2\/comments?post=6289"}],"version-history":[{"count":11,"href":"https:\/\/stiftadmont.at\/es\/wp-json\/wp\/v2\/pages\/6289\/revisions"}],"predecessor-version":[{"id":13523,"href":"https:\/\/stiftadmont.at\/es\/wp-json\/wp\/v2\/pages\/6289\/revisions\/13523"}],"up":[{"embeddable":true,"href":"https:\/\/stiftadmont.at\/es\/wp-json\/wp\/v2\/pages\/5864"}],"wp:attachment":[{"href":"https:\/\/stiftadmont.at\/es\/wp-json\/wp\/v2\/media?parent=6289"}],"wp:term":[{"taxonomy":"category","embeddable":true,"href":"https:\/\/stiftadmont.at\/es\/wp-json\/wp\/v2\/categories?post=6289"}],"curies":[{"name":"wp","href":"https:\/\/api.w.org\/{rel}","templated":true}]}}