{"id":6480,"date":"2021-09-29T16:40:07","date_gmt":"2021-09-29T14:40:07","guid":{"rendered":"https:\/\/stiftadmont.at\/?page_id=6480"},"modified":"2023-12-11T10:55:04","modified_gmt":"2023-12-11T08:55:04","slug":"neo-redescubierto-en-el-museo-de-historia-del-arte","status":"publish","type":"page","link":"https:\/\/stiftadmont.at\/es\/museum\/ausstellungsrueckblick\/neo-neu-wiederentdeckt-im-kunsthistorischen-museum\/","title":{"rendered":"NEO\/NEW - Redescubierto en el Kunsthistorisches Museum"},"content":{"rendered":"<section id='lightpress__section--block_61547ac0e6543' class='lightpress__section--default-section-space lightpress__section lightpress__section--content'><div class=\"content__inner\"\n         x-init=\"initContentBlockAnim($el)\">\n        \n    <div class=\"content__grid content__grid\">\n                                            <div class=\"content__box content__box--one-hundred\"\n                 style=\"\">\n                                \n                \n                                            <div class=\"prose\"><p class=\"paragraph-m\">Tras el incendio del monasterio en 1865, la iglesia de la abad\u00eda de Admont se reconstruy\u00f3 en el entonces moderno estilo neog\u00f3tico. Durante la reconstrucci\u00f3n, se cre\u00f3 una gran cantidad de objetos lit\u00fargicos inspirados en el estilo g\u00f3tico medieval para la iglesia, pero tambi\u00e9n para los monjes, siempre abiertos al arte. Aunque estos c\u00e1lices, copones, custodias, etc. no se acercan al gran arte del g\u00f3tico medieval, son sin embargo testigos apasionantes de una \u00e9poca art\u00edstica que no s\u00f3lo tuvo un impacto significativo en Admont con la colegiata, sino en todo el continente europeo. En los \u00faltimos a\u00f1os, ha sido una prioridad para el conservador P. Maximilian restaurar en particular estos objetos, desgraciadamente a menudo menospreciados. Algunos de ellos se presentaron al p\u00fablico por primera vez en la temporada 2017.<\/p>\n<p class=\"paragraph-m\">Tras una larga pausa, las \"Regal\u00edas de Navidad\" de Frater Benno Haan, obra maestra del monje de Admont de la d\u00e9cada de 1680, volvieron a exponerse desde la c\u00e1mara del paramento. Rica en su programa pict\u00f3rico, pintura de aguja de la m\u00e1s alta calidad - un maravilloso testimonio del arte barroco, realizado en la Abad\u00eda de Admont y utilizado siempre para la gloria de Dios. Junto a ella -expuesta por primera vez- una vestidura barroca en el raro color rosa lit\u00fargico, obra maestra de la t\u00e9cnica del tejido.<\/p>\n<div class=\"info info--info\">\n<p>Custodio: P. Maximilian Schieferm\u00fcller OSB<\/p>\n<\/div>\n<\/div>\n                    \n                            <\/div>\n        \n            <\/div>\n<\/div>\n\n<\/section>","protected":false},"excerpt":{"rendered":"","protected":false},"author":7,"featured_media":0,"parent":5864,"menu_order":7,"comment_status":"closed","ping_status":"closed","template":"","meta":{"_acf_changed":false,"footnotes":""},"categories":[73],"class_list":["post-6480","page","type-page","status-publish","hentry","category-ausstellungsrueckblick"],"acf":[],"yoast_head":"<!-- This site is optimized with the Yoast SEO Premium plugin v26.0 (Yoast SEO v26.8) - https:\/\/yoast.com\/product\/yoast-seo-premium-wordpress\/ -->\n<title>NEO\/NEU \u2013 Wiederentdeckt im Kunsthistorischen Museum - Stift Admont<\/title>\n<meta name=\"robots\" content=\"index, follow, max-snippet:-1, max-image-preview:large, max-video-preview:-1\" \/>\n<link rel=\"canonical\" href=\"https:\/\/stiftadmont.at\/es\/museo\/resena-de-la-exposicion\/neo-redescubierto-en-el-museo-de-historia-del-arte\/\" \/>\n<meta property=\"og:locale\" content=\"es_ES\" \/>\n<meta property=\"og:type\" content=\"article\" \/>\n<meta property=\"og:title\" content=\"NEO\/NEU \u2013 Wiederentdeckt im Kunsthistorischen Museum\" \/>\n<meta property=\"og:url\" content=\"https:\/\/stiftadmont.at\/es\/museo\/resena-de-la-exposicion\/neo-redescubierto-en-el-museo-de-historia-del-arte\/\" \/>\n<meta property=\"og:site_name\" content=\"Stift Admont\" \/>\n<meta property=\"article:modified_time\" content=\"2023-12-11T08:55:04+00:00\" \/>\n<meta property=\"og:image\" content=\"https:\/\/stiftadmont.at\/wp-content\/uploads\/Klosteranlage-innen.jpg\" \/>\n\t<meta property=\"og:image:width\" content=\"1912\" \/>\n\t<meta property=\"og:image:height\" content=\"1188\" \/>\n\t<meta property=\"og:image:type\" content=\"image\/jpeg\" \/>\n<meta name=\"twitter:card\" content=\"summary_large_image\" \/>\n<script type=\"application\/ld+json\" class=\"yoast-schema-graph\">{\"@context\":\"https:\/\/schema.org\",\"@graph\":[{\"@type\":\"WebPage\",\"@id\":\"https:\/\/stiftadmont.at\/museum\/ausstellungsrueckblick\/neo-neu-wiederentdeckt-im-kunsthistorischen-museum\/\",\"url\":\"https:\/\/stiftadmont.at\/museum\/ausstellungsrueckblick\/neo-neu-wiederentdeckt-im-kunsthistorischen-museum\/\",\"name\":\"NEO\/NEU \u2013 Wiederentdeckt im Kunsthistorischen Museum - Stift Admont\",\"isPartOf\":{\"@id\":\"https:\/\/stiftadmont.at\/#website\"},\"datePublished\":\"2021-09-29T14:40:07+00:00\",\"dateModified\":\"2023-12-11T08:55:04+00:00\",\"breadcrumb\":{\"@id\":\"https:\/\/stiftadmont.at\/museum\/ausstellungsrueckblick\/neo-neu-wiederentdeckt-im-kunsthistorischen-museum\/#breadcrumb\"},\"inLanguage\":\"es\",\"potentialAction\":[{\"@type\":\"ReadAction\",\"target\":[\"https:\/\/stiftadmont.at\/museum\/ausstellungsrueckblick\/neo-neu-wiederentdeckt-im-kunsthistorischen-museum\/\"]}]},{\"@type\":\"BreadcrumbList\",\"@id\":\"https:\/\/stiftadmont.at\/museum\/ausstellungsrueckblick\/neo-neu-wiederentdeckt-im-kunsthistorischen-museum\/#breadcrumb\",\"itemListElement\":[{\"@type\":\"ListItem\",\"position\":1,\"name\":\"Start\",\"item\":\"https:\/\/stiftadmont.at\/\"},{\"@type\":\"ListItem\",\"position\":2,\"name\":\"Museum Stift Admont\",\"item\":\"https:\/\/stiftadmont.at\/museum\/\"},{\"@type\":\"ListItem\",\"position\":3,\"name\":\"Ausstellungsr\u00fcckblick\",\"item\":\"https:\/\/stiftadmont.at\/museum\/ausstellungsrueckblick\/\"},{\"@type\":\"ListItem\",\"position\":4,\"name\":\"NEO\/NEU \u2013 Wiederentdeckt im Kunsthistorischen Museum\"}]},{\"@type\":\"WebSite\",\"@id\":\"https:\/\/stiftadmont.at\/#website\",\"url\":\"https:\/\/stiftadmont.at\/\",\"name\":\"Stift Admont\",\"description\":\"Benediktinerkloster und Sehensw\u00fcrdigkeit im Ges\u00e4use\",\"potentialAction\":[{\"@type\":\"SearchAction\",\"target\":{\"@type\":\"EntryPoint\",\"urlTemplate\":\"https:\/\/stiftadmont.at\/?s={search_term_string}\"},\"query-input\":{\"@type\":\"PropertyValueSpecification\",\"valueRequired\":true,\"valueName\":\"search_term_string\"}}],\"inLanguage\":\"es\"}]}<\/script>\n<!-- \/ Yoast SEO Premium plugin. -->","yoast_head_json":{"title":"NEO\/NEW - Redescubierto en el Kunsthistorisches Museum - Abad\u00eda de Admont","robots":{"index":"index","follow":"follow","max-snippet":"max-snippet:-1","max-image-preview":"max-image-preview:large","max-video-preview":"max-video-preview:-1"},"canonical":"https:\/\/stiftadmont.at\/es\/museo\/resena-de-la-exposicion\/neo-redescubierto-en-el-museo-de-historia-del-arte\/","og_locale":"es_ES","og_type":"article","og_title":"NEO\/NEU \u2013 Wiederentdeckt im Kunsthistorischen Museum","og_url":"https:\/\/stiftadmont.at\/es\/museo\/resena-de-la-exposicion\/neo-redescubierto-en-el-museo-de-historia-del-arte\/","og_site_name":"Stift Admont","article_modified_time":"2023-12-11T08:55:04+00:00","og_image":[{"width":1912,"height":1188,"url":"https:\/\/stiftadmont.at\/wp-content\/uploads\/Klosteranlage-innen.jpg","type":"image\/jpeg"}],"twitter_card":"summary_large_image","schema":{"@context":"https:\/\/schema.org","@graph":[{"@type":"WebPage","@id":"https:\/\/stiftadmont.at\/museum\/ausstellungsrueckblick\/neo-neu-wiederentdeckt-im-kunsthistorischen-museum\/","url":"https:\/\/stiftadmont.at\/museum\/ausstellungsrueckblick\/neo-neu-wiederentdeckt-im-kunsthistorischen-museum\/","name":"NEO\/NEW - Redescubierto en el Kunsthistorisches Museum - Abad\u00eda de Admont","isPartOf":{"@id":"https:\/\/stiftadmont.at\/#website"},"datePublished":"2021-09-29T14:40:07+00:00","dateModified":"2023-12-11T08:55:04+00:00","breadcrumb":{"@id":"https:\/\/stiftadmont.at\/museum\/ausstellungsrueckblick\/neo-neu-wiederentdeckt-im-kunsthistorischen-museum\/#breadcrumb"},"inLanguage":"es","potentialAction":[{"@type":"ReadAction","target":["https:\/\/stiftadmont.at\/museum\/ausstellungsrueckblick\/neo-neu-wiederentdeckt-im-kunsthistorischen-museum\/"]}]},{"@type":"BreadcrumbList","@id":"https:\/\/stiftadmont.at\/museum\/ausstellungsrueckblick\/neo-neu-wiederentdeckt-im-kunsthistorischen-museum\/#breadcrumb","itemListElement":[{"@type":"ListItem","position":1,"name":"Start","item":"https:\/\/stiftadmont.at\/"},{"@type":"ListItem","position":2,"name":"Museum Stift Admont","item":"https:\/\/stiftadmont.at\/museum\/"},{"@type":"ListItem","position":3,"name":"Ausstellungsr\u00fcckblick","item":"https:\/\/stiftadmont.at\/museum\/ausstellungsrueckblick\/"},{"@type":"ListItem","position":4,"name":"NEO\/NEU \u2013 Wiederentdeckt im Kunsthistorischen Museum"}]},{"@type":"WebSite","@id":"https:\/\/stiftadmont.at\/#website","url":"https:\/\/stiftadmont.at\/","name":"Abad\u00eda de Admont","description":"Monasterio benedictino y atracci\u00f3n tur\u00edstica en el Ges\u00e4use","potentialAction":[{"@type":"SearchAction","target":{"@type":"EntryPoint","urlTemplate":"https:\/\/stiftadmont.at\/?s={search_term_string}"},"query-input":{"@type":"PropertyValueSpecification","valueRequired":true,"valueName":"search_term_string"}}],"inLanguage":"es"}]}},"_links":{"self":[{"href":"https:\/\/stiftadmont.at\/es\/wp-json\/wp\/v2\/pages\/6480","targetHints":{"allow":["GET"]}}],"collection":[{"href":"https:\/\/stiftadmont.at\/es\/wp-json\/wp\/v2\/pages"}],"about":[{"href":"https:\/\/stiftadmont.at\/es\/wp-json\/wp\/v2\/types\/page"}],"author":[{"embeddable":true,"href":"https:\/\/stiftadmont.at\/es\/wp-json\/wp\/v2\/users\/7"}],"replies":[{"embeddable":true,"href":"https:\/\/stiftadmont.at\/es\/wp-json\/wp\/v2\/comments?post=6480"}],"version-history":[{"count":7,"href":"https:\/\/stiftadmont.at\/es\/wp-json\/wp\/v2\/pages\/6480\/revisions"}],"predecessor-version":[{"id":24272,"href":"https:\/\/stiftadmont.at\/es\/wp-json\/wp\/v2\/pages\/6480\/revisions\/24272"}],"up":[{"embeddable":true,"href":"https:\/\/stiftadmont.at\/es\/wp-json\/wp\/v2\/pages\/5864"}],"wp:attachment":[{"href":"https:\/\/stiftadmont.at\/es\/wp-json\/wp\/v2\/media?parent=6480"}],"wp:term":[{"taxonomy":"category","embeddable":true,"href":"https:\/\/stiftadmont.at\/es\/wp-json\/wp\/v2\/categories?post=6480"}],"curies":[{"name":"wp","href":"https:\/\/api.w.org\/{rel}","templated":true}]}}