{"id":6484,"date":"2021-09-29T16:41:00","date_gmt":"2021-09-29T14:41:00","guid":{"rendered":"https:\/\/stiftadmont.at\/?page_id=6484"},"modified":"2023-12-08T18:36:27","modified_gmt":"2023-12-08T16:36:27","slug":"exposicion-de-manuscritos-2017","status":"publish","type":"page","link":"https:\/\/stiftadmont.at\/es\/museum\/ausstellungsrueckblick\/handschriftenausstellung-2017\/","title":{"rendered":"Exposici\u00f3n de manuscritos 2017"},"content":{"rendered":"<section id='lightpress__section--block_61547af7cdc98' class='lightpress__section--default-section-space lightpress__section lightpress__section--content'><div class=\"content__inner\"\n         x-init=\"initContentBlockAnim($el)\">\n        \n    <div class=\"content__grid content__grid\">\n                                            <div class=\"content__box content__box--one-hundred\"\n                 style=\"\">\n                                \n                \n                                            <div class=\"prose\"><h2 class=\"heading-xxl line line--gold\">Doblar y romper - (manuscritos) de la \u00e9poca g\u00f3tica<\/h2>\n<p class=\"paragraph-m\">La g\u00f3tica de la min\u00fascula carolingia a finales del siglo XII es visible en el scriptorium de Admont. Esta escritura, que se hab\u00eda utilizado en toda Europa durante casi cuatro siglos desde la \u00e9poca de Carlomagno, cambi\u00f3 gradualmente. Los escribas empezaron a \"doblar\" las letras y a utilizar cada vez m\u00e1s la textura g\u00f3tica \"rota\" en las escrituras caligr\u00e1ficas.<\/p>\n<p class=\"paragraph-m\">La exposici\u00f3n de manuscritos de 2017 document\u00f3 el desarrollo de la escritura desde la min\u00fascula carolingia hasta las nuevas escrituras del libro g\u00f3tico, como la textura, la bastarda y la cursiva, as\u00ed como los dise\u00f1os de los manuscritos g\u00f3ticos con nuevos elementos ilustrativos. El dise\u00f1o de fuentes e im\u00e1genes en la cultura del libro g\u00f3tico se present\u00f3 utilizando manuscritos y fragmentos de Admont. Los primeros manuales de historia de la escritura, tambi\u00e9n expuestos, mostraron la evoluci\u00f3n de la escritura desde el siglo XVII.<\/p>\n<\/div>\n                    \n                            <\/div>\n        \n            <\/div>\n<\/div>\n\n<\/section>","protected":false},"excerpt":{"rendered":"","protected":false},"author":7,"featured_media":0,"parent":5864,"menu_order":2,"comment_status":"closed","ping_status":"closed","template":"","meta":{"_acf_changed":false,"footnotes":""},"categories":[73],"class_list":["post-6484","page","type-page","status-publish","hentry","category-ausstellungsrueckblick"],"acf":[],"yoast_head":"<!-- This site is optimized with the Yoast SEO Premium plugin v26.0 (Yoast SEO v26.8) - https:\/\/yoast.com\/product\/yoast-seo-premium-wordpress\/ -->\n<title>Handschriftenausstellung 2017 - Stift Admont<\/title>\n<meta name=\"robots\" content=\"index, follow, max-snippet:-1, max-image-preview:large, max-video-preview:-1\" \/>\n<link rel=\"canonical\" href=\"https:\/\/stiftadmont.at\/es\/museo\/resena-de-la-exposicion\/exposicion-de-manuscritos-2017\/\" \/>\n<meta property=\"og:locale\" content=\"es_ES\" \/>\n<meta property=\"og:type\" content=\"article\" \/>\n<meta property=\"og:title\" content=\"Handschriftenausstellung 2017\" \/>\n<meta property=\"og:url\" content=\"https:\/\/stiftadmont.at\/es\/museo\/resena-de-la-exposicion\/exposicion-de-manuscritos-2017\/\" \/>\n<meta property=\"og:site_name\" content=\"Stift Admont\" \/>\n<meta property=\"article:modified_time\" content=\"2023-12-08T16:36:27+00:00\" \/>\n<meta property=\"og:image\" content=\"https:\/\/stiftadmont.at\/wp-content\/uploads\/Klosteranlage-innen.jpg\" \/>\n\t<meta property=\"og:image:width\" content=\"1912\" \/>\n\t<meta property=\"og:image:height\" content=\"1188\" \/>\n\t<meta property=\"og:image:type\" content=\"image\/jpeg\" \/>\n<meta name=\"twitter:card\" content=\"summary_large_image\" \/>\n<script type=\"application\/ld+json\" class=\"yoast-schema-graph\">{\"@context\":\"https:\/\/schema.org\",\"@graph\":[{\"@type\":\"WebPage\",\"@id\":\"https:\/\/stiftadmont.at\/museum\/ausstellungsrueckblick\/handschriftenausstellung-2017\/\",\"url\":\"https:\/\/stiftadmont.at\/museum\/ausstellungsrueckblick\/handschriftenausstellung-2017\/\",\"name\":\"Handschriftenausstellung 2017 - Stift Admont\",\"isPartOf\":{\"@id\":\"https:\/\/stiftadmont.at\/#website\"},\"datePublished\":\"2021-09-29T14:41:00+00:00\",\"dateModified\":\"2023-12-08T16:36:27+00:00\",\"breadcrumb\":{\"@id\":\"https:\/\/stiftadmont.at\/museum\/ausstellungsrueckblick\/handschriftenausstellung-2017\/#breadcrumb\"},\"inLanguage\":\"es\",\"potentialAction\":[{\"@type\":\"ReadAction\",\"target\":[\"https:\/\/stiftadmont.at\/museum\/ausstellungsrueckblick\/handschriftenausstellung-2017\/\"]}]},{\"@type\":\"BreadcrumbList\",\"@id\":\"https:\/\/stiftadmont.at\/museum\/ausstellungsrueckblick\/handschriftenausstellung-2017\/#breadcrumb\",\"itemListElement\":[{\"@type\":\"ListItem\",\"position\":1,\"name\":\"Start\",\"item\":\"https:\/\/stiftadmont.at\/\"},{\"@type\":\"ListItem\",\"position\":2,\"name\":\"Museum Stift Admont\",\"item\":\"https:\/\/stiftadmont.at\/museum\/\"},{\"@type\":\"ListItem\",\"position\":3,\"name\":\"Ausstellungsr\u00fcckblick\",\"item\":\"https:\/\/stiftadmont.at\/museum\/ausstellungsrueckblick\/\"},{\"@type\":\"ListItem\",\"position\":4,\"name\":\"Handschriftenausstellung 2017\"}]},{\"@type\":\"WebSite\",\"@id\":\"https:\/\/stiftadmont.at\/#website\",\"url\":\"https:\/\/stiftadmont.at\/\",\"name\":\"Stift Admont\",\"description\":\"Benediktinerkloster und Sehensw\u00fcrdigkeit im Ges\u00e4use\",\"potentialAction\":[{\"@type\":\"SearchAction\",\"target\":{\"@type\":\"EntryPoint\",\"urlTemplate\":\"https:\/\/stiftadmont.at\/?s={search_term_string}\"},\"query-input\":{\"@type\":\"PropertyValueSpecification\",\"valueRequired\":true,\"valueName\":\"search_term_string\"}}],\"inLanguage\":\"es\"}]}<\/script>\n<!-- \/ Yoast SEO Premium plugin. -->","yoast_head_json":{"title":"Exposici\u00f3n de manuscritos 2017 - Abad\u00eda de Admont","robots":{"index":"index","follow":"follow","max-snippet":"max-snippet:-1","max-image-preview":"max-image-preview:large","max-video-preview":"max-video-preview:-1"},"canonical":"https:\/\/stiftadmont.at\/es\/museo\/resena-de-la-exposicion\/exposicion-de-manuscritos-2017\/","og_locale":"es_ES","og_type":"article","og_title":"Handschriftenausstellung 2017","og_url":"https:\/\/stiftadmont.at\/es\/museo\/resena-de-la-exposicion\/exposicion-de-manuscritos-2017\/","og_site_name":"Stift Admont","article_modified_time":"2023-12-08T16:36:27+00:00","og_image":[{"width":1912,"height":1188,"url":"https:\/\/stiftadmont.at\/wp-content\/uploads\/Klosteranlage-innen.jpg","type":"image\/jpeg"}],"twitter_card":"summary_large_image","schema":{"@context":"https:\/\/schema.org","@graph":[{"@type":"WebPage","@id":"https:\/\/stiftadmont.at\/museum\/ausstellungsrueckblick\/handschriftenausstellung-2017\/","url":"https:\/\/stiftadmont.at\/museum\/ausstellungsrueckblick\/handschriftenausstellung-2017\/","name":"Exposici\u00f3n de manuscritos 2017 - Abad\u00eda de Admont","isPartOf":{"@id":"https:\/\/stiftadmont.at\/#website"},"datePublished":"2021-09-29T14:41:00+00:00","dateModified":"2023-12-08T16:36:27+00:00","breadcrumb":{"@id":"https:\/\/stiftadmont.at\/museum\/ausstellungsrueckblick\/handschriftenausstellung-2017\/#breadcrumb"},"inLanguage":"es","potentialAction":[{"@type":"ReadAction","target":["https:\/\/stiftadmont.at\/museum\/ausstellungsrueckblick\/handschriftenausstellung-2017\/"]}]},{"@type":"BreadcrumbList","@id":"https:\/\/stiftadmont.at\/museum\/ausstellungsrueckblick\/handschriftenausstellung-2017\/#breadcrumb","itemListElement":[{"@type":"ListItem","position":1,"name":"Start","item":"https:\/\/stiftadmont.at\/"},{"@type":"ListItem","position":2,"name":"Museum Stift Admont","item":"https:\/\/stiftadmont.at\/museum\/"},{"@type":"ListItem","position":3,"name":"Ausstellungsr\u00fcckblick","item":"https:\/\/stiftadmont.at\/museum\/ausstellungsrueckblick\/"},{"@type":"ListItem","position":4,"name":"Handschriftenausstellung 2017"}]},{"@type":"WebSite","@id":"https:\/\/stiftadmont.at\/#website","url":"https:\/\/stiftadmont.at\/","name":"Abad\u00eda de Admont","description":"Monasterio benedictino y atracci\u00f3n tur\u00edstica en el Ges\u00e4use","potentialAction":[{"@type":"SearchAction","target":{"@type":"EntryPoint","urlTemplate":"https:\/\/stiftadmont.at\/?s={search_term_string}"},"query-input":{"@type":"PropertyValueSpecification","valueRequired":true,"valueName":"search_term_string"}}],"inLanguage":"es"}]}},"_links":{"self":[{"href":"https:\/\/stiftadmont.at\/es\/wp-json\/wp\/v2\/pages\/6484","targetHints":{"allow":["GET"]}}],"collection":[{"href":"https:\/\/stiftadmont.at\/es\/wp-json\/wp\/v2\/pages"}],"about":[{"href":"https:\/\/stiftadmont.at\/es\/wp-json\/wp\/v2\/types\/page"}],"author":[{"embeddable":true,"href":"https:\/\/stiftadmont.at\/es\/wp-json\/wp\/v2\/users\/7"}],"replies":[{"embeddable":true,"href":"https:\/\/stiftadmont.at\/es\/wp-json\/wp\/v2\/comments?post=6484"}],"version-history":[{"count":10,"href":"https:\/\/stiftadmont.at\/es\/wp-json\/wp\/v2\/pages\/6484\/revisions"}],"predecessor-version":[{"id":24214,"href":"https:\/\/stiftadmont.at\/es\/wp-json\/wp\/v2\/pages\/6484\/revisions\/24214"}],"up":[{"embeddable":true,"href":"https:\/\/stiftadmont.at\/es\/wp-json\/wp\/v2\/pages\/5864"}],"wp:attachment":[{"href":"https:\/\/stiftadmont.at\/es\/wp-json\/wp\/v2\/media?parent=6484"}],"wp:term":[{"taxonomy":"category","embeddable":true,"href":"https:\/\/stiftadmont.at\/es\/wp-json\/wp\/v2\/categories?post=6484"}],"curies":[{"name":"wp","href":"https:\/\/api.w.org\/{rel}","templated":true}]}}