{"id":6492,"date":"2021-09-29T16:43:24","date_gmt":"2021-09-29T14:43:24","guid":{"rendered":"https:\/\/stiftadmont.at\/?page_id=6492"},"modified":"2023-12-08T18:36:21","modified_gmt":"2023-12-08T16:36:21","slug":"el-fuego-es-a-la-vez-una-maldicion-y-una-bendicion","status":"publish","type":"page","link":"https:\/\/stiftadmont.at\/es\/museum\/ausstellungsrueckblick\/das-feuer-fluch-und-segen-zugleich\/","title":{"rendered":"El fuego, maldici\u00f3n y bendici\u00f3n a la vez"},"content":{"rendered":"<section id='lightpress__section--block_61547b7f9d340' class='lightpress__section--default-section-space lightpress__section lightpress__section--content'><div class=\"content__inner\"\n         x-init=\"initContentBlockAnim($el)\">\n        \n    <div class=\"content__grid content__grid\">\n                                            <div class=\"content__box content__box--one-hundred\"\n                 style=\"\">\n                                \n                \n                                            <div class=\"prose\"><h2 class=\"heading-xxl line line--gold\">El fuego es a la vez una maldici\u00f3n y una bendici\u00f3n, un don de Dios y un castigo.<\/h2>\n<p class=\"paragraph-m\">Hasta bien entrado el siglo XIX, la gente estaba a merced del fuego. Las normas contra incendios evitaron muchos incendios, y muchos valientes ayudantes extinguieron fuegos menores con cadenas de cubos y bombas manuales. Pero s\u00f3lo la oraci\u00f3n ayudaba contra los incendios. Se invocaba a la Virgen Mar\u00eda y a \"santos del fuego\" como San Flori\u00e1n, Santa B\u00e1rbara y San Crist\u00f3bal. Numerosas respuestas a las oraciones, registradas en el \"Libro de Milagros de Frauenberg\", hablan de la confianza en Dios y la intercesi\u00f3n celestial.<\/p>\n<p class=\"paragraph-m\">La tecnolog\u00eda moderna, la aparici\u00f3n de la motorizaci\u00f3n y la creencia en el progreso marcaron cada vez m\u00e1s el siglo XIX. La gente toma las riendas de su destino. En 1851 se fund\u00f3 en Reichstadt (Bohemia) el primer cuerpo de bomberos voluntarios de la monarqu\u00eda, y en 1853 se cre\u00f3 en Graz el primero de Estiria. En 1872 se fundaron en la regi\u00f3n los cuerpos de bomberos de Liezen, Rottenmann y Aussee, seguidos por los de Admont y St.<\/p>\n<p class=\"paragraph-m\">Hoy en d\u00eda, la tecnolog\u00eda de alto rendimiento determina la protecci\u00f3n contra incendios. Equipos de \u00faltima generaci\u00f3n, manejados por voluntarios altamente cualificados, ayudan a combatir los incendios. Y, sin embargo, San Flori\u00e1n vela por sus \"disc\u00edpulos Floriani\" en cada parque de bomberos...<\/p>\n<p class=\"paragraph-m\"><em>Winfried Schwab OSB, representante cultural del convento<\/em><\/p>\n<\/div>\n                    \n                            <\/div>\n        \n            <\/div>\n<\/div>\n\n<\/section>","protected":false},"excerpt":{"rendered":"","protected":false},"author":7,"featured_media":0,"parent":5864,"menu_order":1,"comment_status":"closed","ping_status":"closed","template":"","meta":{"_acf_changed":false,"footnotes":""},"categories":[73],"class_list":["post-6492","page","type-page","status-publish","hentry","category-ausstellungsrueckblick"],"acf":[],"yoast_head":"<!-- This site is optimized with the Yoast SEO Premium plugin v26.0 (Yoast SEO v26.8) - https:\/\/yoast.com\/product\/yoast-seo-premium-wordpress\/ -->\n<title>Das Feuer \u2013 Fluch und Segen zugleich - Stift Admont<\/title>\n<meta name=\"robots\" content=\"index, follow, max-snippet:-1, max-image-preview:large, max-video-preview:-1\" \/>\n<link rel=\"canonical\" href=\"https:\/\/stiftadmont.at\/es\/museo\/resena-de-la-exposicion\/el-fuego-es-a-la-vez-una-maldicion-y-una-bendicion\/\" \/>\n<meta property=\"og:locale\" content=\"es_ES\" \/>\n<meta property=\"og:type\" content=\"article\" \/>\n<meta property=\"og:title\" content=\"Das Feuer \u2013 Fluch und Segen zugleich\" \/>\n<meta property=\"og:url\" content=\"https:\/\/stiftadmont.at\/es\/museo\/resena-de-la-exposicion\/el-fuego-es-a-la-vez-una-maldicion-y-una-bendicion\/\" \/>\n<meta property=\"og:site_name\" content=\"Stift Admont\" \/>\n<meta property=\"article:modified_time\" content=\"2023-12-08T16:36:21+00:00\" \/>\n<meta property=\"og:image\" content=\"https:\/\/stiftadmont.at\/wp-content\/uploads\/Klosteranlage-innen.jpg\" \/>\n\t<meta property=\"og:image:width\" content=\"1912\" \/>\n\t<meta property=\"og:image:height\" content=\"1188\" \/>\n\t<meta property=\"og:image:type\" content=\"image\/jpeg\" \/>\n<meta name=\"twitter:card\" content=\"summary_large_image\" \/>\n<script type=\"application\/ld+json\" class=\"yoast-schema-graph\">{\"@context\":\"https:\/\/schema.org\",\"@graph\":[{\"@type\":\"WebPage\",\"@id\":\"https:\/\/stiftadmont.at\/museum\/ausstellungsrueckblick\/das-feuer-fluch-und-segen-zugleich\/\",\"url\":\"https:\/\/stiftadmont.at\/museum\/ausstellungsrueckblick\/das-feuer-fluch-und-segen-zugleich\/\",\"name\":\"Das Feuer \u2013 Fluch und Segen zugleich - Stift Admont\",\"isPartOf\":{\"@id\":\"https:\/\/stiftadmont.at\/#website\"},\"datePublished\":\"2021-09-29T14:43:24+00:00\",\"dateModified\":\"2023-12-08T16:36:21+00:00\",\"breadcrumb\":{\"@id\":\"https:\/\/stiftadmont.at\/museum\/ausstellungsrueckblick\/das-feuer-fluch-und-segen-zugleich\/#breadcrumb\"},\"inLanguage\":\"es\",\"potentialAction\":[{\"@type\":\"ReadAction\",\"target\":[\"https:\/\/stiftadmont.at\/museum\/ausstellungsrueckblick\/das-feuer-fluch-und-segen-zugleich\/\"]}]},{\"@type\":\"BreadcrumbList\",\"@id\":\"https:\/\/stiftadmont.at\/museum\/ausstellungsrueckblick\/das-feuer-fluch-und-segen-zugleich\/#breadcrumb\",\"itemListElement\":[{\"@type\":\"ListItem\",\"position\":1,\"name\":\"Start\",\"item\":\"https:\/\/stiftadmont.at\/\"},{\"@type\":\"ListItem\",\"position\":2,\"name\":\"Museum Stift Admont\",\"item\":\"https:\/\/stiftadmont.at\/museum\/\"},{\"@type\":\"ListItem\",\"position\":3,\"name\":\"Ausstellungsr\u00fcckblick\",\"item\":\"https:\/\/stiftadmont.at\/museum\/ausstellungsrueckblick\/\"},{\"@type\":\"ListItem\",\"position\":4,\"name\":\"Das Feuer \u2013 Fluch und Segen zugleich\"}]},{\"@type\":\"WebSite\",\"@id\":\"https:\/\/stiftadmont.at\/#website\",\"url\":\"https:\/\/stiftadmont.at\/\",\"name\":\"Stift Admont\",\"description\":\"Benediktinerkloster und Sehensw\u00fcrdigkeit im Ges\u00e4use\",\"potentialAction\":[{\"@type\":\"SearchAction\",\"target\":{\"@type\":\"EntryPoint\",\"urlTemplate\":\"https:\/\/stiftadmont.at\/?s={search_term_string}\"},\"query-input\":{\"@type\":\"PropertyValueSpecification\",\"valueRequired\":true,\"valueName\":\"search_term_string\"}}],\"inLanguage\":\"es\"}]}<\/script>\n<!-- \/ Yoast SEO Premium plugin. -->","yoast_head_json":{"title":"El fuego, maldici\u00f3n y bendici\u00f3n - Abad\u00eda de Admont","robots":{"index":"index","follow":"follow","max-snippet":"max-snippet:-1","max-image-preview":"max-image-preview:large","max-video-preview":"max-video-preview:-1"},"canonical":"https:\/\/stiftadmont.at\/es\/museo\/resena-de-la-exposicion\/el-fuego-es-a-la-vez-una-maldicion-y-una-bendicion\/","og_locale":"es_ES","og_type":"article","og_title":"Das Feuer \u2013 Fluch und Segen zugleich","og_url":"https:\/\/stiftadmont.at\/es\/museo\/resena-de-la-exposicion\/el-fuego-es-a-la-vez-una-maldicion-y-una-bendicion\/","og_site_name":"Stift Admont","article_modified_time":"2023-12-08T16:36:21+00:00","og_image":[{"width":1912,"height":1188,"url":"https:\/\/stiftadmont.at\/wp-content\/uploads\/Klosteranlage-innen.jpg","type":"image\/jpeg"}],"twitter_card":"summary_large_image","schema":{"@context":"https:\/\/schema.org","@graph":[{"@type":"WebPage","@id":"https:\/\/stiftadmont.at\/museum\/ausstellungsrueckblick\/das-feuer-fluch-und-segen-zugleich\/","url":"https:\/\/stiftadmont.at\/museum\/ausstellungsrueckblick\/das-feuer-fluch-und-segen-zugleich\/","name":"El fuego, maldici\u00f3n y bendici\u00f3n - Abad\u00eda de Admont","isPartOf":{"@id":"https:\/\/stiftadmont.at\/#website"},"datePublished":"2021-09-29T14:43:24+00:00","dateModified":"2023-12-08T16:36:21+00:00","breadcrumb":{"@id":"https:\/\/stiftadmont.at\/museum\/ausstellungsrueckblick\/das-feuer-fluch-und-segen-zugleich\/#breadcrumb"},"inLanguage":"es","potentialAction":[{"@type":"ReadAction","target":["https:\/\/stiftadmont.at\/museum\/ausstellungsrueckblick\/das-feuer-fluch-und-segen-zugleich\/"]}]},{"@type":"BreadcrumbList","@id":"https:\/\/stiftadmont.at\/museum\/ausstellungsrueckblick\/das-feuer-fluch-und-segen-zugleich\/#breadcrumb","itemListElement":[{"@type":"ListItem","position":1,"name":"Start","item":"https:\/\/stiftadmont.at\/"},{"@type":"ListItem","position":2,"name":"Museum Stift Admont","item":"https:\/\/stiftadmont.at\/museum\/"},{"@type":"ListItem","position":3,"name":"Ausstellungsr\u00fcckblick","item":"https:\/\/stiftadmont.at\/museum\/ausstellungsrueckblick\/"},{"@type":"ListItem","position":4,"name":"Das Feuer \u2013 Fluch und Segen zugleich"}]},{"@type":"WebSite","@id":"https:\/\/stiftadmont.at\/#website","url":"https:\/\/stiftadmont.at\/","name":"Abad\u00eda de Admont","description":"Monasterio benedictino y atracci\u00f3n tur\u00edstica en el Ges\u00e4use","potentialAction":[{"@type":"SearchAction","target":{"@type":"EntryPoint","urlTemplate":"https:\/\/stiftadmont.at\/?s={search_term_string}"},"query-input":{"@type":"PropertyValueSpecification","valueRequired":true,"valueName":"search_term_string"}}],"inLanguage":"es"}]}},"_links":{"self":[{"href":"https:\/\/stiftadmont.at\/es\/wp-json\/wp\/v2\/pages\/6492","targetHints":{"allow":["GET"]}}],"collection":[{"href":"https:\/\/stiftadmont.at\/es\/wp-json\/wp\/v2\/pages"}],"about":[{"href":"https:\/\/stiftadmont.at\/es\/wp-json\/wp\/v2\/types\/page"}],"author":[{"embeddable":true,"href":"https:\/\/stiftadmont.at\/es\/wp-json\/wp\/v2\/users\/7"}],"replies":[{"embeddable":true,"href":"https:\/\/stiftadmont.at\/es\/wp-json\/wp\/v2\/comments?post=6492"}],"version-history":[{"count":15,"href":"https:\/\/stiftadmont.at\/es\/wp-json\/wp\/v2\/pages\/6492\/revisions"}],"predecessor-version":[{"id":24213,"href":"https:\/\/stiftadmont.at\/es\/wp-json\/wp\/v2\/pages\/6492\/revisions\/24213"}],"up":[{"embeddable":true,"href":"https:\/\/stiftadmont.at\/es\/wp-json\/wp\/v2\/pages\/5864"}],"wp:attachment":[{"href":"https:\/\/stiftadmont.at\/es\/wp-json\/wp\/v2\/media?parent=6492"}],"wp:term":[{"taxonomy":"category","embeddable":true,"href":"https:\/\/stiftadmont.at\/es\/wp-json\/wp\/v2\/categories?post=6492"}],"curies":[{"name":"wp","href":"https:\/\/api.w.org\/{rel}","templated":true}]}}