{"id":7407,"date":"2022-03-10T01:07:39","date_gmt":"2022-03-09T23:07:39","guid":{"rendered":"https:\/\/stiftadmont.at\/?page_id=7407"},"modified":"2023-08-16T13:09:35","modified_gmt":"2023-08-16T11:09:35","slug":"region-gesaeuse","status":"publish","type":"page","link":"https:\/\/stiftadmont.at\/es\/region-gesaeuse\/","title":{"rendered":"Regi\u00f3n de Ges\u00e4use"},"content":{"rendered":"<section id='lightpress__section--block_622932fb8b3b1' class='lightpress__section--default-section-space lightpress__section lightpress__section--content'><div class=\"content__inner\"\n         x-init=\"initContentBlockAnim($el)\">\n        \n    <div class=\"content__grid content__grid\">\n                                            <div class=\"content__box content__box--one-hundred\"\n                 style=\"\">\n                                \n                \n                                            <div class=\"prose\"><h3 class=\"heading-xl line line--gold\">La Ges\u00e4use te da fuerza<\/h3>\n<p class=\"paragraph-m\">Y en el sentido m\u00e1s estricto de la palabra. No lo decimos porque suene bien. No, lo decimos porque lo decimos de verdad. Hay fuerza tanto en la tranquilidad y la sencillez como en la actividad deportiva. Disfrutar conscientemente de aut\u00e9nticas especialidades regionales, sumergirse en la alta cultura casi milenaria de la Abad\u00eda de Admont y en una cultura popular tan antigua como viva... todo esto da fuerza.<\/p>\n<\/div>\n                    \n                            <\/div>\n        \n            <\/div>\n<\/div>\n\n<\/section>\n\n<section id='lightpress__section--block_622bbc3c555d2' class='lightpress__section--more-links--legacy lightpress__section--full-width lightpress__section--default-section-space lightpress__section lightpress__section--more-links'><div class=\"more\" x-init=\"initMoreLinksBlockAnim($el)\">\n    \n                    <a class=\"more__link\" href=\"https:\/\/www.steiermark.com\/de\/Gesaeuse\/Staedte-Orte\"_blank>\n            <div class=\"more__media\">\n                                    <picture class=\"more__image\">\n                        <source srcset=\"https:\/\/stiftadmont.at\/wp-content\/uploads\/LEI6666-e1648797031581-1024x768.webp\" type=\"image\/webp\">\n                        <source srcset=\"https:\/\/stiftadmont.at\/wp-content\/uploads\/LEI6666-e1648797031581-1024x768.jpg\" type=\"image\/jpeg\">\n                        <img decoding=\"async\" loading=\"lazy\" src=\"https:\/\/stiftadmont.at\/wp-content\/uploads\/LEI6666-e1648797031581-1024x768.jpg\" alt=\"LEI6666 e1648797031581\" width=\"480\" height=\"280\" \/>\n                    <\/picture>\n                            <\/div>\n            <div class=\"more__content\">\n                <div class=\"more__title--container\">\n                                            <p class=\"more__title\">Lugares<\/p>\n                                    <\/div>\n                            <\/div>\n        <\/a>\n                    <a class=\"more__link\" href=\"https:\/\/www.steiermark.com\/de\/Gesaeuse\/Urlaub-planen\/Unterkuenfte?randSeed=226&#038;showMap=1&#038;zoom=11&#038;bounds%5Bsouth%5D=47.35239580195146&#038;bounds%5Bwest%5D=13.99254074281638&#038;bounds%5Bnorth%5D=47.84596350227762&#038;bounds%5Beast%5D=15.26970138734763\"_blank>\n            <div class=\"more__media\">\n                                    <picture class=\"more__image\">\n                        <source srcset=\"https:\/\/stiftadmont.at\/wp-content\/uploads\/K\u251cAlblwirt_c_StefanLeitner-NPG_001-e1648796964912-1024x768.webp\" type=\"image\/webp\">\n                        <source srcset=\"https:\/\/stiftadmont.at\/wp-content\/uploads\/K\u251cAlblwirt_c_StefanLeitner-NPG_001-e1648796964912-1024x768.jpg\" type=\"image\/jpeg\">\n                        <img decoding=\"async\" loading=\"lazy\" src=\"https:\/\/stiftadmont.at\/wp-content\/uploads\/K\u251cAlblwirt_c_StefanLeitner-NPG_001-e1648796964912-1024x768.jpg\" alt=\"K\u251cAlblwirt c StefanLeitner NPG 001 e1648796964912\" width=\"480\" height=\"280\" \/>\n                    <\/picture>\n                            <\/div>\n            <div class=\"more__content\">\n                <div class=\"more__title--container\">\n                                            <p class=\"more__title\">Alojamiento <\/p>\n                                    <\/div>\n                            <\/div>\n        <\/a>\n                    <a class=\"more__link\" href=\"https:\/\/www.steiermark.com\/de\/Gesaeuse\/Urlaub-planen\/Erlebnisse-im-Gesaeuse\"_blank>\n            <div class=\"more__media\">\n                                    <picture class=\"more__image\">\n                        <source srcset=\"https:\/\/stiftadmont.at\/wp-content\/uploads\/Nationalparks_Austria_Gesa\u2560euse\u252c\u00aeStefanLeitner_013-e1648796455599-1024x683.webp\" type=\"image\/webp\">\n                        <source srcset=\"https:\/\/stiftadmont.at\/wp-content\/uploads\/Nationalparks_Austria_Gesa\u2560euse\u252c\u00aeStefanLeitner_013-e1648796455599-1024x683.jpg\" type=\"image\/jpeg\">\n                        <img decoding=\"async\" loading=\"lazy\" src=\"https:\/\/stiftadmont.at\/wp-content\/uploads\/Nationalparks_Austria_Gesa\u2560euse\u252c\u00aeStefanLeitner_013-e1648796455599-1024x683.jpg\" alt=\"Parques Nacionales Austria Gesa\u2560euse\u252c\u00aeStefanLeitner 013 e1648796455599\" width=\"480\" height=\"280\" \/>\n                    <\/picture>\n                            <\/div>\n            <div class=\"more__content\">\n                <div class=\"more__title--container\">\n                                            <p class=\"more__title\">Experiencias<\/p>\n                                    <\/div>\n                            <\/div>\n        <\/a>\n                    <a class=\"more__link\" href=\"https:\/\/www.steiermark.com\/de\/Gesaeuse\/Urlaub-planen\/Veranstaltungen\"_blank>\n            <div class=\"more__media\">\n                                    <picture class=\"more__image\">\n                        <source srcset=\"https:\/\/stiftadmont.at\/wp-content\/uploads\/Festival_LEI6303-1024x683.webp\" type=\"image\/webp\">\n                        <source srcset=\"https:\/\/stiftadmont.at\/wp-content\/uploads\/Festival_LEI6303-1024x683.jpg\" type=\"image\/jpeg\">\n                        <img decoding=\"async\" loading=\"lazy\" src=\"https:\/\/stiftadmont.at\/wp-content\/uploads\/Festival_LEI6303-1024x683.jpg\"\n                             alt=\"Festival LEI6303 a escala\" width=\"480\"\n                             height=\"280\">\n                    <\/picture>\n                            <\/div>\n            <div class=\"more__content\">\n                <div class=\"more__title--container\">\n                                            <p class=\"more__title\">eventos <\/p>\n                                    <\/div>\n                            <\/div>\n        <\/a>\n    \n<\/div>\n\n<\/section>\n\n<section id='lightpress__section--block_6240de1a448fa' class='lightpress__section--default-section-space lightpress__section lightpress__section--content'><div class=\"content__inner\"\n         x-init=\"initContentBlockAnim($el)\">\n        \n    <div class=\"content__grid content__grid\">\n                                            <div class=\"content__box content__box--one-hundred\"\n                 style=\"\">\n                                \n                \n                                            <div class=\"prose\"><p class=\"paragraph-m\">El Ges\u00e4use ha crecido. Y eso es estupendo. Con la reforma de la estructura tur\u00edstica, han surgido once regiones de aventura en Estiria. La Ges\u00e4use es una de ellas y ha sido nombrada \"regi\u00f3n de aventura al aire libre\".<\/p>\n<p class=\"paragraph-m\">La buena noticia para empezar: la Ges\u00e4use sigue existiendo. Y con el extenso valle de Paltental, el id\u00edlico Lassing y la reina de las compras Liezen, tenemos incluso algunas buenas nuevas incorporaciones. El nuevo Ges\u00e4use abarca ahora todo el distrito oriental de Liezen, que constituye alrededor de 1,7% del territorio nacional de Austria.<\/p>\n<p class=\"paragraph-m\">Pero a pesar de todo el tama\u00f1o (de superficie), seguimos siendo lo que siempre ha buscado con nosotros, \u00a1se lo prometemos!<\/p>\n<\/div>\n                    \n                            <\/div>\n        \n            <\/div>\n<\/div>\n\n<\/section>\n\n<section id='lightpress__section--block_622bbe473483d' class='lightpress__section--more-links--legacy lightpress__section--full-width lightpress__section--default-section-space lightpress__section lightpress__section--more-links'><div class=\"more\" x-init=\"initMoreLinksBlockAnim($el)\">\n    \n                    <a class=\"more__link\" href=\"https:\/\/www.steiermark.com\/de\/Gesaeuse\/Urlaub-planen\/Tourenportal\"_blank>\n            <div class=\"more__media\">\n                                    <picture class=\"more__image\">\n                        <source srcset=\"https:\/\/stiftadmont.at\/wp-content\/uploads\/LEI3490-e1648798490544-1024x683.webp\" type=\"image\/webp\">\n                        <source srcset=\"https:\/\/stiftadmont.at\/wp-content\/uploads\/LEI3490-e1648798490544-1024x683.jpg\" type=\"image\/jpeg\">\n                        <img decoding=\"async\" loading=\"lazy\" src=\"https:\/\/stiftadmont.at\/wp-content\/uploads\/LEI3490-e1648798490544-1024x683.jpg\" alt=\"LEI3490 e1648798490544\" width=\"480\" height=\"280\" \/>\n                    <\/picture>\n                            <\/div>\n            <div class=\"more__content\">\n                <div class=\"more__title--container\">\n                                            <p class=\"more__title\">Portal de visitas<\/p>\n                                    <\/div>\n                            <\/div>\n        <\/a>\n                    <a class=\"more__link\" href=\"https:\/\/www.steiermark.com\/de\/Gesaeuse\/Urlaub-planen\/Angebote?randSeed=406&#038;showMap=0\"_blank>\n            <div class=\"more__media\">\n                                    <picture class=\"more__image\">\n                        <source srcset=\"https:\/\/stiftadmont.at\/wp-content\/uploads\/Schloss-Kassegg_2_\u252c\u00aeThomas-Sattler-1024x683.webp\" type=\"image\/webp\">\n                        <source srcset=\"https:\/\/stiftadmont.at\/wp-content\/uploads\/Schloss-Kassegg_2_\u252c\u00aeThomas-Sattler-1024x683.jpg\" type=\"image\/jpeg\">\n                        <img decoding=\"async\" loading=\"lazy\" src=\"https:\/\/stiftadmont.at\/wp-content\/uploads\/Schloss-Kassegg_2_\u252c\u00aeThomas-Sattler-1024x683.jpg\"\n                             alt=\"Castillo Kassegg 2 \u252c\u00aeThomas Sattler a escala\" width=\"480\"\n                             height=\"280\">\n                    <\/picture>\n                            <\/div>\n            <div class=\"more__content\">\n                <div class=\"more__title--container\">\n                                            <p class=\"more__title\">Ofertas<\/p>\n                                    <\/div>\n                            <\/div>\n        <\/a>\n                    <a class=\"more__link\" href=\"https:\/\/www.steiermark.com\/de\/Gesaeuse\/Urlaub-planen\/Essen-und-Trinken\"_blank>\n            <div class=\"more__media\">\n                                    <picture class=\"more__image\">\n                        <source srcset=\"https:\/\/stiftadmont.at\/wp-content\/uploads\/Nationalpark_Ges\u251cnuse_Ennsbr\u251c\u255dcke_\u252c\u00aeStefanLeitner_040-e1648796558700-1024x768.webp\" type=\"image\/webp\">\n                        <source srcset=\"https:\/\/stiftadmont.at\/wp-content\/uploads\/Nationalpark_Ges\u251cnuse_Ennsbr\u251c\u255dcke_\u252c\u00aeStefanLeitner_040-e1648796558700-1024x768.jpg\" type=\"image\/jpeg\">\n                        <img decoding=\"async\" loading=\"lazy\" src=\"https:\/\/stiftadmont.at\/wp-content\/uploads\/Nationalpark_Ges\u251cnuse_Ennsbr\u251c\u255dcke_\u252c\u00aeStefanLeitner_040-e1648796558700-1024x768.jpg\" alt=\"Parque Nacional Ges\u251cnuse Ennsbr\u251c\u255dcke \u252c\u00aeStefanLeitner 040 e1648796558700\" width=\"480\" height=\"280\" \/>\n                    <\/picture>\n                            <\/div>\n            <div class=\"more__content\">\n                <div class=\"more__title--container\">\n                                            <p class=\"more__title\">Alimentaci\u00f3n <\/p>\n                                    <\/div>\n                            <\/div>\n        <\/a>\n                    <a class=\"more__link\" href=\"https:\/\/www.steiermark.com\/de\/Gesaeuse\/Urlaub-planen\/Gesaeuse-Urlaubsplaner\"_blank>\n            <div class=\"more__media\">\n                                    <picture class=\"more__image\">\n                        <source srcset=\"https:\/\/stiftadmont.at\/wp-content\/uploads\/Eli_\u252c\u00aeThomas-Sattler-2-1024x683.webp\" type=\"image\/webp\">\n                        <source srcset=\"https:\/\/stiftadmont.at\/wp-content\/uploads\/Eli_\u252c\u00aeThomas-Sattler-2-1024x683.jpg\" type=\"image\/jpeg\">\n                        <img decoding=\"async\" loading=\"lazy\" src=\"https:\/\/stiftadmont.at\/wp-content\/uploads\/Eli_\u252c\u00aeThomas-Sattler-2-1024x683.jpg\"\n                             alt=\"Eli \u252c\u00aeThomas Sattler 2 a escala\" width=\"480\"\n                             height=\"280\">\n                    <\/picture>\n                            <\/div>\n            <div class=\"more__content\">\n                <div class=\"more__title--container\">\n                                            <p class=\"more__title\">de la A a la Z <\/p>\n                                    <\/div>\n                            <\/div>\n        <\/a>\n    \n<\/div>\n\n<\/section>\n\n<section id='lightpress__section--block_6240de27448fd' class='lightpress__section--default-section-space lightpress__section lightpress__section--content'><div class=\"content__inner\"\n         x-init=\"initContentBlockAnim($el)\">\n        \n    <div class=\"content__grid content__grid\">\n                                            <div class=\"content__box content__box--one-hundred\"\n                 style=\"\">\n                                \n                \n                                            <div class=\"prose\"><h4 class=\"heading-l line line--red text-center\" style=\"margin-top: 1em;\"><strong>CONTACTO<\/strong><\/h4>\n<p class=\"text-center paragraph-m\" style=\"margin-top: 1em;\">Asociaci\u00f3n de Turismo de Ges\u00e4use<br \/>Calle principal 35<br \/>8911 Admont<br \/>Austria<\/p>\n<p class=\"text-center\"><a class=\"phone\" href=\"tel:T +43 (0)3613 \/ 211 60 10\"><span class=\"icon-outer\" style=\"border: 2px solid var(--color-stiftsrot);\"><span class=\"phone-icon\"><\/span><\/span>\u00a0+43 (0)3613 \/ 211 60 10<\/a><br \/><a class=\"email\" href=\"mailto:info@gesaeuse.at\"><span class=\"icon-outer\" style=\"border: 2px solid var(--color-stiftsrot);\"><span class=\"email-icon\"><\/span><\/span>info@gesaeuse.at<\/a><\/p>\n<\/div>\n                    \n                            <\/div>\n        \n            <\/div>\n<\/div>\n\n<\/section>","protected":false},"excerpt":{"rendered":"","protected":false},"author":7,"featured_media":0,"parent":0,"menu_order":138,"comment_status":"closed","ping_status":"closed","template":"","meta":{"_acf_changed":false,"footnotes":""},"categories":[],"class_list":["post-7407","page","type-page","status-publish","hentry"],"acf":[],"yoast_head":"<!-- This site is optimized with the Yoast SEO Premium plugin v26.0 (Yoast SEO v26.8) - https:\/\/yoast.com\/product\/yoast-seo-premium-wordpress\/ -->\n<title>Region Ges\u00e4use - Stift Admont<\/title>\n<meta name=\"robots\" content=\"index, follow, max-snippet:-1, max-image-preview:large, max-video-preview:-1\" \/>\n<link rel=\"canonical\" href=\"https:\/\/stiftadmont.at\/es\/region-gesaeuse\/\" \/>\n<meta property=\"og:locale\" content=\"es_ES\" \/>\n<meta property=\"og:type\" content=\"article\" \/>\n<meta property=\"og:title\" content=\"Region Ges\u00e4use\" \/>\n<meta property=\"og:url\" content=\"https:\/\/stiftadmont.at\/es\/region-gesaeuse\/\" \/>\n<meta property=\"og:site_name\" content=\"Stift Admont\" \/>\n<meta property=\"article:modified_time\" content=\"2023-08-16T11:09:35+00:00\" \/>\n<meta property=\"og:image\" content=\"https:\/\/stiftadmont.at\/wp-content\/uploads\/Klosteranlage-innen.jpg\" \/>\n\t<meta property=\"og:image:width\" content=\"1912\" \/>\n\t<meta property=\"og:image:height\" content=\"1188\" \/>\n\t<meta property=\"og:image:type\" content=\"image\/jpeg\" \/>\n<meta name=\"twitter:card\" content=\"summary_large_image\" \/>\n<script type=\"application\/ld+json\" class=\"yoast-schema-graph\">{\"@context\":\"https:\/\/schema.org\",\"@graph\":[{\"@type\":\"WebPage\",\"@id\":\"https:\/\/stiftadmont.at\/region-gesaeuse\/\",\"url\":\"https:\/\/stiftadmont.at\/region-gesaeuse\/\",\"name\":\"Region Ges\u00e4use - Stift Admont\",\"isPartOf\":{\"@id\":\"https:\/\/stiftadmont.at\/#website\"},\"datePublished\":\"2022-03-09T23:07:39+00:00\",\"dateModified\":\"2023-08-16T11:09:35+00:00\",\"breadcrumb\":{\"@id\":\"https:\/\/stiftadmont.at\/region-gesaeuse\/#breadcrumb\"},\"inLanguage\":\"es\",\"potentialAction\":[{\"@type\":\"ReadAction\",\"target\":[\"https:\/\/stiftadmont.at\/region-gesaeuse\/\"]}]},{\"@type\":\"BreadcrumbList\",\"@id\":\"https:\/\/stiftadmont.at\/region-gesaeuse\/#breadcrumb\",\"itemListElement\":[{\"@type\":\"ListItem\",\"position\":1,\"name\":\"Start\",\"item\":\"https:\/\/stiftadmont.at\/\"},{\"@type\":\"ListItem\",\"position\":2,\"name\":\"Region Ges\u00e4use\"}]},{\"@type\":\"WebSite\",\"@id\":\"https:\/\/stiftadmont.at\/#website\",\"url\":\"https:\/\/stiftadmont.at\/\",\"name\":\"Stift Admont\",\"description\":\"Benediktinerkloster und Sehensw\u00fcrdigkeit im Ges\u00e4use\",\"potentialAction\":[{\"@type\":\"SearchAction\",\"target\":{\"@type\":\"EntryPoint\",\"urlTemplate\":\"https:\/\/stiftadmont.at\/?s={search_term_string}\"},\"query-input\":{\"@type\":\"PropertyValueSpecification\",\"valueRequired\":true,\"valueName\":\"search_term_string\"}}],\"inLanguage\":\"es\"}]}<\/script>\n<!-- \/ Yoast SEO Premium plugin. -->","yoast_head_json":{"title":"Regi\u00f3n de Ges\u00e4use - Abad\u00eda de Admont","robots":{"index":"index","follow":"follow","max-snippet":"max-snippet:-1","max-image-preview":"max-image-preview:large","max-video-preview":"max-video-preview:-1"},"canonical":"https:\/\/stiftadmont.at\/es\/region-gesaeuse\/","og_locale":"es_ES","og_type":"article","og_title":"Region Ges\u00e4use","og_url":"https:\/\/stiftadmont.at\/es\/region-gesaeuse\/","og_site_name":"Stift Admont","article_modified_time":"2023-08-16T11:09:35+00:00","og_image":[{"width":1912,"height":1188,"url":"https:\/\/stiftadmont.at\/wp-content\/uploads\/Klosteranlage-innen.jpg","type":"image\/jpeg"}],"twitter_card":"summary_large_image","schema":{"@context":"https:\/\/schema.org","@graph":[{"@type":"WebPage","@id":"https:\/\/stiftadmont.at\/region-gesaeuse\/","url":"https:\/\/stiftadmont.at\/region-gesaeuse\/","name":"Regi\u00f3n de Ges\u00e4use - Abad\u00eda de Admont","isPartOf":{"@id":"https:\/\/stiftadmont.at\/#website"},"datePublished":"2022-03-09T23:07:39+00:00","dateModified":"2023-08-16T11:09:35+00:00","breadcrumb":{"@id":"https:\/\/stiftadmont.at\/region-gesaeuse\/#breadcrumb"},"inLanguage":"es","potentialAction":[{"@type":"ReadAction","target":["https:\/\/stiftadmont.at\/region-gesaeuse\/"]}]},{"@type":"BreadcrumbList","@id":"https:\/\/stiftadmont.at\/region-gesaeuse\/#breadcrumb","itemListElement":[{"@type":"ListItem","position":1,"name":"Start","item":"https:\/\/stiftadmont.at\/"},{"@type":"ListItem","position":2,"name":"Region Ges\u00e4use"}]},{"@type":"WebSite","@id":"https:\/\/stiftadmont.at\/#website","url":"https:\/\/stiftadmont.at\/","name":"Abad\u00eda de Admont","description":"Monasterio benedictino y atracci\u00f3n tur\u00edstica en el Ges\u00e4use","potentialAction":[{"@type":"SearchAction","target":{"@type":"EntryPoint","urlTemplate":"https:\/\/stiftadmont.at\/?s={search_term_string}"},"query-input":{"@type":"PropertyValueSpecification","valueRequired":true,"valueName":"search_term_string"}}],"inLanguage":"es"}]}},"_links":{"self":[{"href":"https:\/\/stiftadmont.at\/es\/wp-json\/wp\/v2\/pages\/7407","targetHints":{"allow":["GET"]}}],"collection":[{"href":"https:\/\/stiftadmont.at\/es\/wp-json\/wp\/v2\/pages"}],"about":[{"href":"https:\/\/stiftadmont.at\/es\/wp-json\/wp\/v2\/types\/page"}],"author":[{"embeddable":true,"href":"https:\/\/stiftadmont.at\/es\/wp-json\/wp\/v2\/users\/7"}],"replies":[{"embeddable":true,"href":"https:\/\/stiftadmont.at\/es\/wp-json\/wp\/v2\/comments?post=7407"}],"version-history":[{"count":52,"href":"https:\/\/stiftadmont.at\/es\/wp-json\/wp\/v2\/pages\/7407\/revisions"}],"predecessor-version":[{"id":12803,"href":"https:\/\/stiftadmont.at\/es\/wp-json\/wp\/v2\/pages\/7407\/revisions\/12803"}],"wp:attachment":[{"href":"https:\/\/stiftadmont.at\/es\/wp-json\/wp\/v2\/media?parent=7407"}],"wp:term":[{"taxonomy":"category","embeddable":true,"href":"https:\/\/stiftadmont.at\/es\/wp-json\/wp\/v2\/categories?post=7407"}],"curies":[{"name":"wp","href":"https:\/\/api.w.org\/{rel}","templated":true}]}}