{"id":10271,"date":"2022-05-01T23:45:20","date_gmt":"2022-05-01T21:45:20","guid":{"rendered":"https:\/\/stiftadmont.at\/?page_id=10271"},"modified":"2023-08-16T13:09:30","modified_gmt":"2023-08-16T11:09:30","slug":"axe-temporel","status":"publish","type":"page","link":"https:\/\/stiftadmont.at\/fr\/zeitachse\/","title":{"rendered":"Axe temporel"},"content":{"rendered":"<section id='lightpress__section--block_626efe3265d35' class='lightpress__section--default-section-space lightpress__section lightpress__section--content'><div class=\"content__inner\"\n         x-init=\"initContentBlockAnim($el)\">\n        \n    <div class=\"content__grid content__grid\">\n                                            <div class=\"content__box content__box--one-hundred\"\n                 style=\"\">\n                                \n                \n                                            <div class=\"prose\"><h2 class=\"heading-xxl line line--gold\">Chronologie de la fondation<\/h2>\n<p><strong>1043, Donation<\/strong><br \/>Sainte Hemma fait don \u00e0 l'archev\u00eaque de Salzbourg Balduin de larges parties de ses possessions avec le souhait explicite de fonder un monast\u00e8re sur la rivi\u00e8re Enns.<\/p>\n<p><strong>1074, Fondation<\/strong><br \/>Le 29 septembre 1074, l'archev\u00eaque Gebhard de Salzbourg consacre l'abbaye d'Admont comme premier monast\u00e8re sur le sol styrien. Les premiers moines venaient de l'abbaye b\u00e9n\u00e9dictine de Saint-Pierre\/Salzbourg.<\/p>\n<p><strong>1103, Premi\u00e8re \u00e9lection abbatiale<\/strong><br \/>Les moines d'Admont \u00e9lisent pour la premi\u00e8re fois eux-m\u00eames un abb\u00e9, en l'occurrence Henri Ier (de Kremsm\u00fcnster). Celui-ci meurt dans l'Enns en crue en 1112.<\/p>\n<p><strong>1120, couvent de femmes<\/strong><br \/>Cette ann\u00e9e-l\u00e0, l'abbaye fut dot\u00e9e d'un monast\u00e8re de femmes suivant la r\u00e8gle de saint Beno\u00eet, dont les religieuses acquirent une grande r\u00e9putation gr\u00e2ce \u00e0 leur grande culture et \u00e0 leur activit\u00e9 litt\u00e9raire. Le couvent s'\u00e9teignit \u00e0 l'\u00e9poque de la R\u00e9forme.<\/p>\n<p><strong>1137, monast\u00e8re d'Attel<\/strong><br \/>Sous l'abb\u00e9 Wolfold, les b\u00e9n\u00e9dictins d'Admont repeuplent le monast\u00e8re d'Attel dans le district de Rosenheim en Haute-Bavi\u00e8re. Celui-ci fut dissous en 1803.<\/p>\n<p><strong>1152, incendie<\/strong><br \/>Dans la nuit du 10 au 11 mars, un incendie se d\u00e9clare dans la chaufferie situ\u00e9e au c\u0153ur de l'abbaye d'Admont. Un t\u00e9moignage oculaire du p\u00e8re Irimbert se trouve dans le Codex 16 des archives de l'abbaye, entre le commentaire sur les livres des rois. La cons\u00e9cration des b\u00e2timents nouvellement construits a lieu d\u00e8s l'automne.<\/p>\n<p><strong>1165, Premier abb\u00e9 \"propre<\/strong><br \/>Avec l'abb\u00e9 Liutold, les conventuels d'Admont \u00e9lisent pour la premi\u00e8re fois comme abb\u00e9 un confr\u00e8re issu de leurs propres rangs.<\/p>\n<p><strong>1189, Paroisses<\/strong><br \/>Cette ann\u00e9e-l\u00e0, Rodolphe II est \u00e9lu abb\u00e9 d'Admont. \u00c0 son \u00e9poque, de nombreuses paroisses reviennent \u00e0 l'abbaye d'Admont. Nombre d'entre elles sont encore aujourd'hui desservies par des p\u00e8res d'Admont.  Voici une liste des paroisses.<\/p>\n<p><strong>1230, mitre<\/strong><br \/>Le pape Gr\u00e9goire IX accorde aux abb\u00e9s d'Admont le droit de porter la mitre lors des offices solennels. Le premier abb\u00e9 \u00e0 porter la mitre fut Berthold Ier.<\/p>\n<p><strong>1261, Famine<\/strong><br \/>Cette ann\u00e9e-l\u00e0, une grande famine \u00e9clate et les moines se r\u00e9fugient dans le monast\u00e8re m\u00e8re de Salzbourg, St. Peter, o\u00f9 ils restent deux ans.<\/p>\n<p><strong>1275, l'abb\u00e9 Henri II<\/strong><br \/>Cette ann\u00e9e-l\u00e0, Henri II est \u00e9lu abb\u00e9. En raison de son habilet\u00e9 \u00e9conomique, il est \u00e9galement appel\u00e9 le \"deuxi\u00e8me fondateur\". Plus tard, il est \u00e9galement gouverneur de la Styrie. Il est le seul abb\u00e9 d'Admont \u00e0 avoir \u00e9t\u00e9 assassin\u00e9, en 1297, par son neveu \u00e0 Kaiserau.<\/p>\n<p><strong>1297, l'abb\u00e9 Engelbert Poetsch<\/strong><br \/>Engelbert Poetsch, l'un des esprits les plus universels de l'Autriche m\u00e9di\u00e9vale, est \u00e9lu abb\u00e9. Sa m\u00e9moire est depuis toujours tenue en haute estime dans la maison : On l'a m\u00eame parfois class\u00e9 tacitement parmi les saints. Depuis des si\u00e8cles, un membre du monast\u00e8re porte son nom.<\/p>\n<p><strong>1399, Autres paroisses<\/strong><br \/>D'autres paroisses rel\u00e8vent de la comp\u00e9tence de l'abbaye.<\/p>\n<p><strong>1410, Frauenberg an der Enns<\/strong><br \/>C'est en cette ann\u00e9e que l'\u00e9glise de p\u00e8lerinage de Frauenberg an der Enns est mentionn\u00e9e pour la premi\u00e8re fois dans un document. \u00c0 l'\u00e9poque, l'antipape Jean XXIII a accord\u00e9 diff\u00e9rentes indulgences.<\/p>\n<p><strong>1451, R\u00e9forme de Salzbourg<\/strong><br \/>Par d\u00e9cision du synode de Salzbourg, tous les monast\u00e8res b\u00e9n\u00e9dictins de l'archidioc\u00e8se et des \u00e9v\u00each\u00e9s suffragants sont r\u00e9form\u00e9s. Cette r\u00e9forme, dite \"r\u00e9forme de Melk\", doit permettre de vivre selon la r\u00e8gle de Saint Beno\u00eet en menant une vie plus stricte et en \u00e9levant la discipline.<\/p>\n<p><strong>1483, l'abb\u00e9 Antoine<\/strong><br \/>Cette ann\u00e9e-l\u00e0, l'empereur Fr\u00e9d\u00e9ric III installe \u00e0 Admont un mineur v\u00e9nitien, l'abb\u00e9 Antonius Gottesgnad. Il est consid\u00e9r\u00e9 comme un excellent repr\u00e9sentant de l'humanisme. Outre de nombreuses acquisitions de manuscrits pr\u00e9cieux pour la biblioth\u00e8que, il posa \u00e9galement la premi\u00e8re pierre de l'\u00e9glise de p\u00e8lerinage Frauenberg Maria Rehkogel dans l'actuelle ville de Bruck\/Mur.<\/p>\n<p><strong>1581, R\u00e9formes<\/strong><br \/>La R\u00e9forme est tomb\u00e9e sur un terrain fertile \u00e0 Admont, seuls deux p\u00e8res vivent encore dans le monast\u00e8re. Le couvent des femmes est compl\u00e8tement abandonn\u00e9. Cette ann\u00e9e-l\u00e0, Johannes IV Hofmann, de St. Lambrecht, reprend la fonction d'abb\u00e9. Sous son \u00e9gide, le monast\u00e8re conna\u00eet un renouveau : 24 moines prononcent leurs v\u0153ux entre ses mains. Il est consid\u00e9r\u00e9 comme la cheville ouvri\u00e8re de la Contre-R\u00e9forme dans la vall\u00e9e de l'Enns.<\/p>\n<p><strong>1628, l'abb\u00e9 Urban Weber<\/strong><br \/>Urban Weber est \u00e9lu 47e abb\u00e9. Il est appel\u00e9 le ,,troisi\u00e8me fondateur\" en raison de sa grande activit\u00e9 de construction. Sous son r\u00e8gne, 15 confr\u00e8res font profession.<\/p>\n<p><strong>1644, fondation du lyc\u00e9e<\/strong><br \/>L'abb\u00e9 Urban fonde le gymnase et fait notamment construire un presbyt\u00e8re baroque \u00e0 Frauenberg an der Enns. Au m\u00eame si\u00e8cle, une \u00e9cole de broderie prosp\u00e8re sous la direction du fr\u00e8re Benno Haan, originaire de Copenhague, qui a donn\u00e9 naissance \u00e0 une collection de magnifiques textiles liturgiques baroques. Dans le cadre de l'intense activit\u00e9 de construction de l'\u00e9poque baroque, l'architecte Johann Gotthard Hayberger entreprit vers 1735 une vaste transformation du monast\u00e8re, qui fut poursuivie par l'architecte de Graz Josef Hueber.<\/p>\n<p><strong>1675, abb\u00e9 Adalbert Heufler<\/strong><br \/>Cette ann\u00e9e-l\u00e0, Adalbert Heufler zu Rasen et H\u00f6henb\u00fchel, un grand promoteur du sanctuaire de Frauenberg an der Enns, est \u00e9lu abb\u00e9.<\/p>\n<p><strong>1680, incendie dans l'arsenal<\/strong><br \/>Un incendie d\u00e9truit l'arsenal du couvent.<\/p>\n<p><strong>1726, Joseph Stammel<\/strong><br \/>Cette ann\u00e9e-l\u00e0, Joseph Stammel, un artiste important pour Admont, commence son travail.<\/p>\n<p><strong>1786, Lyc\u00e9e de Leoben<\/strong><br \/>Le Stiftsgymnasium d'Admont est transf\u00e9r\u00e9 \u00e0 Leoben.<\/p>\n<p><strong>1865, incendie de l'abbaye<\/strong><br \/>En 1865, un grand incendie d\u00e9truit une grande partie du monast\u00e8re, \u00e0 l'exception de la biblioth\u00e8que. Dans les ann\u00e9es qui suivirent, les b\u00e2timents abbatiaux furent en grande partie reconstruits. L'\u00e9glise abbatiale d'Admont a \u00e9t\u00e9 reconstruite sur les anciennes fondations et est le premier grand \u00e9difice religieux n\u00e9ogothique d'Autriche.<\/p>\n<p><strong>1869, cons\u00e9cration de l'\u00e9glise<\/strong><br \/>Apr\u00e8s un incendie d\u00e9vastateur, la nouvelle coll\u00e9giale est consacr\u00e9e.<\/p>\n<p><strong>1883, Kastner&amp;\u00d6hler<\/strong><br \/>\u00c0 Graz, le premier Kastner&amp;\u00d6hler ouvre ses portes dans l'Admonterhof.<\/p>\n<p><strong>1898, Mus\u00e9e d'histoire naturelle<\/strong><br \/>P. Gabriel Strobl construit le mus\u00e9e d'histoire naturelle.<\/p>\n<p><strong>1906, l'empereur Fran\u00e7ois-Joseph<\/strong><br \/>L'empereur Fran\u00e7ois-Joseph visite l'abbaye d'Admont.<\/p>\n<p><strong>1911, premi\u00e8re usine \u00e9lectrique<\/strong><br \/>La premi\u00e8re centrale \u00e9lectrique de l'abbaye est mise en service \u00e0 M\u00fchlau.<\/p>\n<p><strong>1939, 2\u00e8me guerre mondiale<\/strong><br \/>Tous les biens de l'abbaye d'Admont sont confisqu\u00e9s par le r\u00e9gime nazi, les p\u00e8res doivent quitter le monast\u00e8re.<\/p>\n<p><strong>1945, retour<\/strong><br \/>Apr\u00e8s la fin de la Seconde Guerre mondiale, les moines peuvent r\u00e9int\u00e9grer l'abbaye le 17 octobre.<\/p>\n<p><strong>1974, 900e anniversaire<\/strong><br \/>Pour son 900e anniversaire, l'abbaye construit un nouveau b\u00e2timent scolaire \u00e0 Admont. Depuis cette ann\u00e9e, les filles sont \u00e9galement admises.<\/p>\n<p><strong>1996, abb\u00e9 Bruno Hubl<\/strong><br \/>Bruno Hubl est \u00e9lu abb\u00e9. Dans l'abbaye, il a \u00e9t\u00e9 nomm\u00e9 prieur par l'abb\u00e9 Benedikt Schl\u00f6micher en 1978. Parall\u00e8lement, il a \u00e9t\u00e9 ma\u00eetre des novices et membre de diff\u00e9rentes commissions liturgiques. Apr\u00e8s la d\u00e9mission soudaine de l'abb\u00e9 Benedikt Schl\u00f6micher, le p\u00e8re prieur Bruno Hubl a \u00e9t\u00e9 \u00e9lu abb\u00e9 par les moines de l'abbaye d'Admont le 1er ao\u00fbt 1996. Il a re\u00e7u la b\u00e9n\u00e9diction le 1er septembre 1996 dans l'\u00e9glise abbatiale par l'\u00e9v\u00eaque Johann Weber.<br \/>Il a \u00e9t\u00e9 membre de la pr\u00e9sidence de la congr\u00e9gation b\u00e9n\u00e9dictine autrichienne jusqu'en 2009 et si\u00e8ge dans divers comit\u00e9s dioc\u00e9sains et suprar\u00e9gionaux. La restauration de larges parties du complexe abbatial ainsi que de la biblioth\u00e8que monastique mondialement connue, mais aussi la construction du nouveau mus\u00e9e et de la Maison de la rencontre \u00e0 Graz, inaugur\u00e9e le 6 octobre 2002, font partie de son mandat.<br \/>Le 23 mars 2009, l'abb\u00e9 Bruno a donn\u00e9 sa d\u00e9mission. Il a toutefois \u00e9t\u00e9 r\u00e9\u00e9lu lors de l'\u00e9lection abbatiale du 27 avril. Le 30 avril, il a accept\u00e9 \u00e0 nouveau sa fonction, apr\u00e8s trois jours de r\u00e9flexion. Dans son discours de remerciement, il souligna que cette d\u00e9mission \u00e9tait s\u00e9rieuse pour lui. La confiance de ses confr\u00e8res l'a cependant incit\u00e9 \u00e0 accepter \u00e0 nouveau la fonction d'abb\u00e9\".<\/p>\n<p><strong>2003, ouverture du mus\u00e9e<\/strong><br \/>L'abbaye b\u00e9n\u00e9dictine d'Admont abrite depuis 2003, outre une biblioth\u00e8que abbatiale de style baroque tardif, un grand mus\u00e9e qui s'\u00e9tend sur quatre \u00e9tages dans deux ailes de b\u00e2timent. Les objets expos\u00e9s comprennent des manuscrits m\u00e9di\u00e9vaux et des premiers imprim\u00e9s, de l'art du Moyen-\u00c2ge \u00e0 nos jours ainsi qu'une collection d'histoire naturelle. En outre, une pr\u00e9sentation multim\u00e9dia de l'abbaye, des expositions sp\u00e9ciales et un escalier panoramique sont propos\u00e9s.<\/p>\n<p><strong>2008, Restauration de la biblioth\u00e8que<\/strong><br \/>Restauration de la biblioth\u00e8que : un projet d'un si\u00e8cle a \u00e9t\u00e9 men\u00e9 \u00e0 bien. Depuis l'ach\u00e8vement de la salle de la biblioth\u00e8que en 1776, aucun travail comparable n'avait jamais \u00e9t\u00e9 r\u00e9alis\u00e9 : En trois grandes phases de travail, de 2004 \u00e0 2008, tous les fonds en pierre et en m\u00e9tal, les fresques du plafond, l'ensemble des sculptures et tous les \u00e9l\u00e9ments en bois ont \u00e9t\u00e9 restaur\u00e9s. L'ensemble des livres, soit environ 70.000 pi\u00e8ces, a \u00e9t\u00e9 nettoy\u00e9 et examin\u00e9 quant \u00e0 ses dommages. Plus de 5.000 livres ont \u00e9t\u00e9 restaur\u00e9s. Pendant cette phase de restauration, la biblioth\u00e8que de l'abbaye d'Admont est rest\u00e9e accessible aux visiteurs.<\/p>\n<p><strong>2015, Nettoyage des livres<\/strong><br \/>L'ensemble des livres de la biblioth\u00e8que baroque de l'abbaye est nettoy\u00e9 apr\u00e8s une fumigation n\u00e9cessaire (infestation de parasites). 70 000 livres seront nettoy\u00e9s et r\u00e9organis\u00e9s dans les r\u00e8gles de l'art. Le projet devrait \u00eatre achev\u00e9 en 2016.<\/p>\n<p>M\u00eame dans le <a title=\" Archives de l&#039;abbaye\" href=\"https:\/\/stiftadmont.at\/fr\/a-propos-des-archives-du-monastere\/\">Archives de l'abbaye<\/a>\u00a0les m\u00e9dias modernes ont \u00e9t\u00e9 introduits et facilitent la recherche et le travail des utilisateurs sur les pr\u00e9cieuses collections.<\/p>\n<\/div>\n                    \n                            <\/div>\n        \n            <\/div>\n<\/div>\n\n<\/section>","protected":false},"excerpt":{"rendered":"","protected":false},"author":7,"featured_media":0,"parent":0,"menu_order":127,"comment_status":"closed","ping_status":"closed","template":"","meta":{"_acf_changed":false,"footnotes":""},"categories":[],"class_list":["post-10271","page","type-page","status-publish","hentry"],"acf":[],"yoast_head":"<!-- This site is optimized with the Yoast SEO Premium plugin v26.0 (Yoast SEO v26.8) - https:\/\/yoast.com\/product\/yoast-seo-premium-wordpress\/ -->\n<title>Zeitachse - Stift Admont<\/title>\n<meta name=\"robots\" content=\"index, follow, max-snippet:-1, max-image-preview:large, max-video-preview:-1\" \/>\n<link rel=\"canonical\" href=\"https:\/\/stiftadmont.at\/fr\/axe-temporel\/\" \/>\n<meta property=\"og:locale\" content=\"fr_FR\" \/>\n<meta property=\"og:type\" content=\"article\" \/>\n<meta property=\"og:title\" content=\"Zeitachse\" \/>\n<meta property=\"og:url\" content=\"https:\/\/stiftadmont.at\/fr\/axe-temporel\/\" \/>\n<meta property=\"og:site_name\" content=\"Stift Admont\" \/>\n<meta property=\"article:modified_time\" content=\"2023-08-16T11:09:30+00:00\" \/>\n<meta property=\"og:image\" content=\"https:\/\/stiftadmont.at\/wp-content\/uploads\/Klosteranlage-innen.jpg\" \/>\n\t<meta property=\"og:image:width\" content=\"1912\" \/>\n\t<meta property=\"og:image:height\" content=\"1188\" \/>\n\t<meta property=\"og:image:type\" content=\"image\/jpeg\" \/>\n<meta name=\"twitter:card\" content=\"summary_large_image\" \/>\n<script type=\"application\/ld+json\" class=\"yoast-schema-graph\">{\"@context\":\"https:\/\/schema.org\",\"@graph\":[{\"@type\":\"WebPage\",\"@id\":\"https:\/\/stiftadmont.at\/zeitachse\/\",\"url\":\"https:\/\/stiftadmont.at\/zeitachse\/\",\"name\":\"Zeitachse - Stift Admont\",\"isPartOf\":{\"@id\":\"https:\/\/stiftadmont.at\/#website\"},\"datePublished\":\"2022-05-01T21:45:20+00:00\",\"dateModified\":\"2023-08-16T11:09:30+00:00\",\"breadcrumb\":{\"@id\":\"https:\/\/stiftadmont.at\/zeitachse\/#breadcrumb\"},\"inLanguage\":\"fr-FR\",\"potentialAction\":[{\"@type\":\"ReadAction\",\"target\":[\"https:\/\/stiftadmont.at\/zeitachse\/\"]}]},{\"@type\":\"BreadcrumbList\",\"@id\":\"https:\/\/stiftadmont.at\/zeitachse\/#breadcrumb\",\"itemListElement\":[{\"@type\":\"ListItem\",\"position\":1,\"name\":\"Start\",\"item\":\"https:\/\/stiftadmont.at\/\"},{\"@type\":\"ListItem\",\"position\":2,\"name\":\"Zeitachse\"}]},{\"@type\":\"WebSite\",\"@id\":\"https:\/\/stiftadmont.at\/#website\",\"url\":\"https:\/\/stiftadmont.at\/\",\"name\":\"Stift Admont\",\"description\":\"Benediktinerkloster und Sehensw\u00fcrdigkeit im Ges\u00e4use\",\"potentialAction\":[{\"@type\":\"SearchAction\",\"target\":{\"@type\":\"EntryPoint\",\"urlTemplate\":\"https:\/\/stiftadmont.at\/?s={search_term_string}\"},\"query-input\":{\"@type\":\"PropertyValueSpecification\",\"valueRequired\":true,\"valueName\":\"search_term_string\"}}],\"inLanguage\":\"fr-FR\"}]}<\/script>\n<!-- \/ Yoast SEO Premium plugin. -->","yoast_head_json":{"title":"Chronologie - L'abbaye d'Admont","robots":{"index":"index","follow":"follow","max-snippet":"max-snippet:-1","max-image-preview":"max-image-preview:large","max-video-preview":"max-video-preview:-1"},"canonical":"https:\/\/stiftadmont.at\/fr\/axe-temporel\/","og_locale":"fr_FR","og_type":"article","og_title":"Zeitachse","og_url":"https:\/\/stiftadmont.at\/fr\/axe-temporel\/","og_site_name":"Stift Admont","article_modified_time":"2023-08-16T11:09:30+00:00","og_image":[{"width":1912,"height":1188,"url":"https:\/\/stiftadmont.at\/wp-content\/uploads\/Klosteranlage-innen.jpg","type":"image\/jpeg"}],"twitter_card":"summary_large_image","schema":{"@context":"https:\/\/schema.org","@graph":[{"@type":"WebPage","@id":"https:\/\/stiftadmont.at\/zeitachse\/","url":"https:\/\/stiftadmont.at\/zeitachse\/","name":"Chronologie - L'abbaye d'Admont","isPartOf":{"@id":"https:\/\/stiftadmont.at\/#website"},"datePublished":"2022-05-01T21:45:20+00:00","dateModified":"2023-08-16T11:09:30+00:00","breadcrumb":{"@id":"https:\/\/stiftadmont.at\/zeitachse\/#breadcrumb"},"inLanguage":"fr-FR","potentialAction":[{"@type":"ReadAction","target":["https:\/\/stiftadmont.at\/zeitachse\/"]}]},{"@type":"BreadcrumbList","@id":"https:\/\/stiftadmont.at\/zeitachse\/#breadcrumb","itemListElement":[{"@type":"ListItem","position":1,"name":"Start","item":"https:\/\/stiftadmont.at\/"},{"@type":"ListItem","position":2,"name":"Zeitachse"}]},{"@type":"WebSite","@id":"https:\/\/stiftadmont.at\/#website","url":"https:\/\/stiftadmont.at\/","name":"Abbaye d'Admont","description":"Monast\u00e8re b\u00e9n\u00e9dictin et attraction touristique dans le Ges\u00e4use","potentialAction":[{"@type":"SearchAction","target":{"@type":"EntryPoint","urlTemplate":"https:\/\/stiftadmont.at\/?s={search_term_string}"},"query-input":{"@type":"PropertyValueSpecification","valueRequired":true,"valueName":"search_term_string"}}],"inLanguage":"fr-FR"}]}},"_links":{"self":[{"href":"https:\/\/stiftadmont.at\/fr\/wp-json\/wp\/v2\/pages\/10271","targetHints":{"allow":["GET"]}}],"collection":[{"href":"https:\/\/stiftadmont.at\/fr\/wp-json\/wp\/v2\/pages"}],"about":[{"href":"https:\/\/stiftadmont.at\/fr\/wp-json\/wp\/v2\/types\/page"}],"author":[{"embeddable":true,"href":"https:\/\/stiftadmont.at\/fr\/wp-json\/wp\/v2\/users\/7"}],"replies":[{"embeddable":true,"href":"https:\/\/stiftadmont.at\/fr\/wp-json\/wp\/v2\/comments?post=10271"}],"version-history":[{"count":35,"href":"https:\/\/stiftadmont.at\/fr\/wp-json\/wp\/v2\/pages\/10271\/revisions"}],"predecessor-version":[{"id":13471,"href":"https:\/\/stiftadmont.at\/fr\/wp-json\/wp\/v2\/pages\/10271\/revisions\/13471"}],"wp:attachment":[{"href":"https:\/\/stiftadmont.at\/fr\/wp-json\/wp\/v2\/media?parent=10271"}],"wp:term":[{"taxonomy":"category","embeddable":true,"href":"https:\/\/stiftadmont.at\/fr\/wp-json\/wp\/v2\/categories?post=10271"}],"curies":[{"name":"wp","href":"https:\/\/api.w.org\/{rel}","templated":true}]}}