{"id":10304,"date":"2022-05-02T00:13:48","date_gmt":"2022-05-01T22:13:48","guid":{"rendered":"https:\/\/stiftadmont.at\/?page_id=10304"},"modified":"2025-02-12T12:08:00","modified_gmt":"2025-02-12T10:08:00","slug":"choeur-de-leglise","status":"publish","type":"page","link":"https:\/\/stiftadmont.at\/fr\/kirchenchor\/","title":{"rendered":"Chorale de l'\u00e9glise"},"content":{"rendered":"<section id='lightpress__section--block_071a3900d8704069693305cca1833d1e' class='align-center lightpress__section--default-section-space lightpress__section lightpress__section--headline'><div class=\"headline__container\">\n            <h2 class=\"headline text--40 text-medium line line--gold line-above line-middle\">Der Admonter Kirchenchor<\/h2>\n        <p class=\"text-center text-gold text--20 text-medium text--uppercase\">\u201eBis orat qui bene cantat\u201c &#8211; Doppelt betet, wer gut singt\u201c (Augustinus)<\/p>\n        <div class=\"spacer--40\"><\/div>\n<\/div>\n\n<\/section>\n\n<section id='lightpress__section--block_5eaf36a72cbf794c5f61b26344fa6159' class='lightpress__section--default-section-space lightpress__section lightpress__section--content'><div class=\"content__inner\"\n         x-init=\"initContentBlockAnim($el)\">\n        \n    <div class=\"content__grid content__grid--fifty-fifty\">\n                                            <div class=\"content__box content__box\"\n                 style=\"\">\n                                \n                \n                                            <div class=\"prose\"><p class=\"paragraph-m\">Das Zweite Vatikanische Konzil hat festgelegt, dass \u201eder Schatz der Kirchenmusik mit gr\u00f6\u00dfter Sorgfalt bewahrt und gepflegt werden solle.\u201c Dieser Bestimmung widmet sich der Kirchenchor Admont, rund 45 S\u00e4ngerinnen und S\u00e4nger unter der Leitung von Mag. Albert Wonasch\u00fctz, mit gro\u00dfer Umsicht.<\/p>\n<p>\u00a0<\/p>\n<p class=\"paragraph-m\">Seine Hauptaufgabe liegt daher in der musikalischen Gestaltung der Pontifikal- und Pfarrliturgie. Gesungen wird Musik aller Epochen, von den Anf\u00e4ngen der Gregorianik \u00fcber die gro\u00dfen Messen der Wiener Klassiker bis hin zu neuer Musik. An den Hochfesten wird die feierliche Liturgie immer mit einer Orchestermesse gestaltet. Daneben wird dann und wann auf Wunsch bei Hochzeiten und Begr\u00e4bnissen gesungen oder bei anderen Veranstaltungen mitgewirkt. (Admonter Adventsingen, Styria cantat etc.)\u00a0Interessierte Frauen und M\u00e4nner, die Freude an der Musik haben und die Bereitschaft zu regelm\u00e4\u00dfiger Probenarbeit mitbringen, sind stets herzlich eingeladen, bei uns mitzusingen. Die Probe ist jeden Donnerstag von 19.30 Uhr bis 21.00 Uhr im Kleinen Festsaal des Stiftes Admont, au\u00dfer w\u00e4hrend der Schulferien.<\/p>\n<p>\u00a0<\/p>\n<p class=\"paragraph-m\">Gelegenheit zu geselligen Austausch gibt es anschlie\u00dfend im C\u00e4cilien-St\u00fcberl. Auch sonst kommt die Geselligkeit nicht zu kurz, sei es bei diversen Geburtstagsfeiern oder beim zweit\u00e4gigen Chorausflug, der alle zwei Jahre stattfindet.<\/p>\n<\/div>\n                    \n                            <\/div>\n        \n                                                    <div class=\"content__box content__box--2\"\n                     >\n                                        \n                    \n                                                <div class=\"content__media stickyTo\" x-init=\"imageSticky($el)\">\n\n                                                                                    <picture\n                                    class=\"content__image sticky\">\n                                <source srcset=\"https:\/\/stiftadmont.at\/wp-content\/uploads\/Stift-Admont-Kirchenchor-1-1024x558.webp\" type=\"image\/webp\">\n                                <source srcset=\"https:\/\/stiftadmont.at\/wp-content\/uploads\/Stift-Admont-Kirchenchor-1-1024x558.jpg\" type=\"image\/jpeg\">\n                                <img decoding=\"async\" class=\"sticky\" loading=\"lazy\" src=\"https:\/\/stiftadmont.at\/wp-content\/uploads\/Stift-Admont-Kirchenchor-1-1024x558.jpg\" alt=\"Stift Admont Kirchenchor 1\" \/>\n\n                                                                                                                            <\/picture>\n\n                        <\/div>\n\n                                    <\/div>\n            \n            <\/div>\n<\/div>\n\n<\/section>\n\n<section id='lightpress__section--block_30e8d069804bb6e882414067a02a7356' class='align-center lightpress__section--default-section-space lightpress__section lightpress__section--headline'><div class=\"headline__container\">\n            <h2 class=\"headline text--40 text-medium line line--gold line-above line-middle\">Orchestermessen im Repertoire<\/h2>\n        <p class=\"text-center text-gold text--20 text-medium text--uppercase\">Der Kirchenchor Admont<\/p>\n        <div class=\"spacer--40\"><\/div>\n<\/div>\n\n<\/section>\n\n<section id='lightpress__section--block_ba69f38068d69ca439bfbf9104b44219' class='lightpress__section--default-section-space lightpress__section lightpress__section--content'><div class=\"content__inner\"\n         x-init=\"initContentBlockAnim($el)\">\n        \n    <div class=\"content__grid content__grid--fifty-fifty\">\n                                            <div class=\"content__box content__box\"\n                 style=\"\">\n                                \n                \n                                            <div class=\"prose\"><p><strong>W.A. Mozart:<br \/><\/strong>Missa brevis in G-dur, KV 140<br \/>Missa brevis in C-dur , KV 220 (Spatzenmesse)<br \/>Missa in C-dur, KV 258 (Credo-Messe)<br \/>Missa brevis in C-dur, KV 259 (Orgelsolomesse)<br \/>Missa in B-dur, KV 275<br \/>Missa in C-dur, KV 317 (Kr\u00f6nungsmesse)<\/p>\n<\/div>\n                    \n                            <\/div>\n        \n                                                    <div class=\"content__box content__box--2\"\n                     >\n                                        \n                    \n                                                    <div class=\"prose\"><p><strong>Haydn:<br \/><\/strong>Missa brevis Sancti Johannis de Deo (Kleine Orgelsolomesse)<br \/>Missa Sancti NicolaiMissa in tempore belli (Paukenmesse)<\/p>\n<p><strong>Schubert:\u00a0<\/strong>Missa in G-dur, D 167<\/p>\n<p><strong>Reimann:<\/strong>\u00a0Pastoralmesse in C-dur<\/p>\n<p><strong>Kempter:\u00a0<\/strong>Pastoralmesse in G-dur<\/p>\n<p><strong>Rathgeber:<\/strong>\u00a0Missa fac bonum<\/p>\n<p><strong>Kronsteiner:<\/strong>\u00a0Christkindl-Messe<\/p>\n<\/div>\n                        \n                                    <\/div>\n            \n            <\/div>\n<\/div>\n\n<\/section>\n\n<section id='lightpress__section--block_1e6107ce4f498d2cac3b99383cd3117a' class='lightpress__section--default-section-space lightpress__section lightpress__section--image-slider'>\n<div class=\"image-slider\"\n     x-data=\"{ gallery: null, shown: false }\"\n     x-init=\"gallery = initSliderGallery([{&quot;href&quot;:&quot;https:\\\/\\\/stiftadmont.at\\\/wp-content\\\/uploads\\\/Stift-Admont-Kirchenchor-1.jpg&quot;,&quot;type&quot;:&quot;image&quot;},{&quot;href&quot;:&quot;https:\\\/\\\/stiftadmont.at\\\/wp-content\\\/uploads\\\/Stift-Admont-Kirchenchor-2.jpg&quot;,&quot;type&quot;:&quot;image&quot;},{&quot;href&quot;:&quot;https:\\\/\\\/stiftadmont.at\\\/wp-content\\\/uploads\\\/Stift-Admont-Kirchenchor-3.jpg&quot;,&quot;type&quot;:&quot;image&quot;},{&quot;href&quot;:&quot;https:\\\/\\\/stiftadmont.at\\\/wp-content\\\/uploads\\\/Stift-Admont-Kirchenchor-4.jpg&quot;,&quot;type&quot;:&quot;image&quot;},{&quot;href&quot;:&quot;https:\\\/\\\/stiftadmont.at\\\/wp-content\\\/uploads\\\/Stift-Admont-Kirchenchor-5.jpg&quot;,&quot;type&quot;:&quot;image&quot;},{&quot;href&quot;:&quot;https:\\\/\\\/stiftadmont.at\\\/wp-content\\\/uploads\\\/Stift-Admont-Kirchenchor-6-scaled.jpg&quot;,&quot;type&quot;:&quot;image&quot;}]); initImageSliderBlockAnim($el);\">\n    <div class=\"image-slider__inner\">\n\n        <div class=\"swiper-container\" x-init=\"initImageSliderBlock($el, $refs.btnPrev, $refs.btnNext)\">\n            <div class=\"swiper-wrapper\">\n                                    <div class=\"swiper-slide\">\n                        <div class=\"image-slider__media\">\n                            <img decoding=\"async\" class=\"image-slider__image\"\n                                 src=\"https:\/\/stiftadmont.at\/wp-content\/uploads\/Stift-Admont-Kirchenchor-1-768x419.jpg\"\n                                 alt=\"Stift Admont Kirchenchor 1\">\n                        <\/div>\n                    <\/div>\n                                    <div class=\"swiper-slide\">\n                        <div class=\"image-slider__media\">\n                            <img decoding=\"async\" class=\"image-slider__image\"\n                                 src=\"https:\/\/stiftadmont.at\/wp-content\/uploads\/Stift-Admont-Kirchenchor-2-768x596.jpg\"\n                                 alt=\"Stift Admont Kirchenchor 2\">\n                        <\/div>\n                    <\/div>\n                                    <div class=\"swiper-slide\">\n                        <div class=\"image-slider__media\">\n                            <img decoding=\"async\" class=\"image-slider__image\"\n                                 src=\"https:\/\/stiftadmont.at\/wp-content\/uploads\/Stift-Admont-Kirchenchor-3-768x651.jpg\"\n                                 alt=\"Stift Admont Kirchenchor 3\">\n                        <\/div>\n                    <\/div>\n                                    <div class=\"swiper-slide\">\n                        <div class=\"image-slider__media\">\n                            <img decoding=\"async\" class=\"image-slider__image\"\n                                 src=\"https:\/\/stiftadmont.at\/wp-content\/uploads\/Stift-Admont-Kirchenchor-4-768x664.jpg\"\n                                 alt=\"Stift Admont Kirchenchor 4\">\n                        <\/div>\n                    <\/div>\n                                    <div class=\"swiper-slide\">\n                        <div class=\"image-slider__media\">\n                            <img decoding=\"async\" class=\"image-slider__image\"\n                                 src=\"https:\/\/stiftadmont.at\/wp-content\/uploads\/Stift-Admont-Kirchenchor-5-768x736.jpg\"\n                                 alt=\"Stift Admont Kirchenchor 5\">\n                        <\/div>\n                    <\/div>\n                                    <div class=\"swiper-slide\">\n                        <div class=\"image-slider__media\">\n                            <img decoding=\"async\" class=\"image-slider__image\"\n                                 src=\"https:\/\/stiftadmont.at\/wp-content\/uploads\/Stift-Admont-Kirchenchor-6-768x1236.jpg\"\n                                 alt=\"Stift Admont Kirchenchor 6 scaled\">\n                        <\/div>\n                    <\/div>\n                            <\/div>\n\n            <div class=\"swiper-nav-wrapper\">\n                <button class=\"swiper-button-prev slider-button--prev\" x-ref=\"btnPrev\"\n                        aria-label=\"Vorige Bilder anzeigen\">\n                    <img decoding=\"async\" src=\"\/wp-content\/themes\/stift-admont\/src\/assets\/img\/arrow-left-big-new.svg\" alt=\"Pfeil nach Links\">\n                <\/button>\n\n\n                <a class=\"image-slider__gallery\" @click=\"openGallery(gallery)\"><i class=\"fa-thin fa-plus\"><\/i><\/a>\n                <button class=\"swiper-button-next slider-button--next\"\n                        x-ref=\"btnNext\"\n                        aria-label=\"N\u00e4chste Bilder anzeigen\">\n                    <img decoding=\"async\" src=\"\/wp-content\/themes\/stift-admont\/src\/assets\/img\/arrow-right-big-new.svg\" alt=\"Pfeil nach Rechts\">\n                <\/button>\n            <\/div>\n        <\/div>\n    <\/div>\n\n\n<\/div><\/section>","protected":false},"excerpt":{"rendered":"","protected":false},"author":7,"featured_media":0,"parent":0,"menu_order":133,"comment_status":"closed","ping_status":"closed","template":"","meta":{"_acf_changed":false,"footnotes":""},"categories":[],"class_list":["post-10304","page","type-page","status-publish","hentry"],"acf":[],"yoast_head":"<!-- This site is optimized with the Yoast SEO Premium plugin v26.0 (Yoast SEO v26.8) - https:\/\/yoast.com\/product\/yoast-seo-premium-wordpress\/ -->\n<title>Kirchenchor - Stift Admont<\/title>\n<meta name=\"robots\" content=\"index, follow, max-snippet:-1, max-image-preview:large, max-video-preview:-1\" \/>\n<link rel=\"canonical\" href=\"https:\/\/stiftadmont.at\/fr\/choeur-de-leglise\/\" \/>\n<meta property=\"og:locale\" content=\"fr_FR\" \/>\n<meta property=\"og:type\" content=\"article\" \/>\n<meta property=\"og:title\" content=\"Kirchenchor\" \/>\n<meta property=\"og:url\" content=\"https:\/\/stiftadmont.at\/fr\/choeur-de-leglise\/\" \/>\n<meta property=\"og:site_name\" content=\"Stift Admont\" \/>\n<meta property=\"article:modified_time\" content=\"2025-02-12T10:08:00+00:00\" \/>\n<meta property=\"og:image\" content=\"https:\/\/stiftadmont.at\/wp-content\/uploads\/Klosteranlage-innen.jpg\" \/>\n\t<meta property=\"og:image:width\" content=\"1912\" \/>\n\t<meta property=\"og:image:height\" content=\"1188\" \/>\n\t<meta property=\"og:image:type\" content=\"image\/jpeg\" \/>\n<meta name=\"twitter:card\" content=\"summary_large_image\" \/>\n<script type=\"application\/ld+json\" class=\"yoast-schema-graph\">{\"@context\":\"https:\/\/schema.org\",\"@graph\":[{\"@type\":\"WebPage\",\"@id\":\"https:\/\/stiftadmont.at\/kirchenchor\/\",\"url\":\"https:\/\/stiftadmont.at\/kirchenchor\/\",\"name\":\"Kirchenchor - Stift Admont\",\"isPartOf\":{\"@id\":\"https:\/\/stiftadmont.at\/#website\"},\"datePublished\":\"2022-05-01T22:13:48+00:00\",\"dateModified\":\"2025-02-12T10:08:00+00:00\",\"breadcrumb\":{\"@id\":\"https:\/\/stiftadmont.at\/kirchenchor\/#breadcrumb\"},\"inLanguage\":\"fr-FR\",\"potentialAction\":[{\"@type\":\"ReadAction\",\"target\":[\"https:\/\/stiftadmont.at\/kirchenchor\/\"]}]},{\"@type\":\"BreadcrumbList\",\"@id\":\"https:\/\/stiftadmont.at\/kirchenchor\/#breadcrumb\",\"itemListElement\":[{\"@type\":\"ListItem\",\"position\":1,\"name\":\"Start\",\"item\":\"https:\/\/stiftadmont.at\/\"},{\"@type\":\"ListItem\",\"position\":2,\"name\":\"Kirchenchor\"}]},{\"@type\":\"WebSite\",\"@id\":\"https:\/\/stiftadmont.at\/#website\",\"url\":\"https:\/\/stiftadmont.at\/\",\"name\":\"Stift Admont\",\"description\":\"Benediktinerkloster und Sehensw\u00fcrdigkeit im Ges\u00e4use\",\"potentialAction\":[{\"@type\":\"SearchAction\",\"target\":{\"@type\":\"EntryPoint\",\"urlTemplate\":\"https:\/\/stiftadmont.at\/?s={search_term_string}\"},\"query-input\":{\"@type\":\"PropertyValueSpecification\",\"valueRequired\":true,\"valueName\":\"search_term_string\"}}],\"inLanguage\":\"fr-FR\"}]}<\/script>\n<!-- \/ Yoast SEO Premium plugin. -->","yoast_head_json":{"title":"Ch\u0153ur d'\u00e9glise - Stift Admont","robots":{"index":"index","follow":"follow","max-snippet":"max-snippet:-1","max-image-preview":"max-image-preview:large","max-video-preview":"max-video-preview:-1"},"canonical":"https:\/\/stiftadmont.at\/fr\/choeur-de-leglise\/","og_locale":"fr_FR","og_type":"article","og_title":"Kirchenchor","og_url":"https:\/\/stiftadmont.at\/fr\/choeur-de-leglise\/","og_site_name":"Stift Admont","article_modified_time":"2025-02-12T10:08:00+00:00","og_image":[{"width":1912,"height":1188,"url":"https:\/\/stiftadmont.at\/wp-content\/uploads\/Klosteranlage-innen.jpg","type":"image\/jpeg"}],"twitter_card":"summary_large_image","schema":{"@context":"https:\/\/schema.org","@graph":[{"@type":"WebPage","@id":"https:\/\/stiftadmont.at\/kirchenchor\/","url":"https:\/\/stiftadmont.at\/kirchenchor\/","name":"Ch\u0153ur d'\u00e9glise - Stift Admont","isPartOf":{"@id":"https:\/\/stiftadmont.at\/#website"},"datePublished":"2022-05-01T22:13:48+00:00","dateModified":"2025-02-12T10:08:00+00:00","breadcrumb":{"@id":"https:\/\/stiftadmont.at\/kirchenchor\/#breadcrumb"},"inLanguage":"fr-FR","potentialAction":[{"@type":"ReadAction","target":["https:\/\/stiftadmont.at\/kirchenchor\/"]}]},{"@type":"BreadcrumbList","@id":"https:\/\/stiftadmont.at\/kirchenchor\/#breadcrumb","itemListElement":[{"@type":"ListItem","position":1,"name":"Start","item":"https:\/\/stiftadmont.at\/"},{"@type":"ListItem","position":2,"name":"Kirchenchor"}]},{"@type":"WebSite","@id":"https:\/\/stiftadmont.at\/#website","url":"https:\/\/stiftadmont.at\/","name":"Abbaye d'Admont","description":"Monast\u00e8re b\u00e9n\u00e9dictin et attraction touristique dans le Ges\u00e4use","potentialAction":[{"@type":"SearchAction","target":{"@type":"EntryPoint","urlTemplate":"https:\/\/stiftadmont.at\/?s={search_term_string}"},"query-input":{"@type":"PropertyValueSpecification","valueRequired":true,"valueName":"search_term_string"}}],"inLanguage":"fr-FR"}]}},"_links":{"self":[{"href":"https:\/\/stiftadmont.at\/fr\/wp-json\/wp\/v2\/pages\/10304","targetHints":{"allow":["GET"]}}],"collection":[{"href":"https:\/\/stiftadmont.at\/fr\/wp-json\/wp\/v2\/pages"}],"about":[{"href":"https:\/\/stiftadmont.at\/fr\/wp-json\/wp\/v2\/types\/page"}],"author":[{"embeddable":true,"href":"https:\/\/stiftadmont.at\/fr\/wp-json\/wp\/v2\/users\/7"}],"replies":[{"embeddable":true,"href":"https:\/\/stiftadmont.at\/fr\/wp-json\/wp\/v2\/comments?post=10304"}],"version-history":[{"count":27,"href":"https:\/\/stiftadmont.at\/fr\/wp-json\/wp\/v2\/pages\/10304\/revisions"}],"predecessor-version":[{"id":32850,"href":"https:\/\/stiftadmont.at\/fr\/wp-json\/wp\/v2\/pages\/10304\/revisions\/32850"}],"wp:attachment":[{"href":"https:\/\/stiftadmont.at\/fr\/wp-json\/wp\/v2\/media?parent=10304"}],"wp:term":[{"taxonomy":"category","embeddable":true,"href":"https:\/\/stiftadmont.at\/fr\/wp-json\/wp\/v2\/categories?post=10304"}],"curies":[{"name":"wp","href":"https:\/\/api.w.org\/{rel}","templated":true}]}}