{"id":17107,"date":"2023-03-08T13:09:59","date_gmt":"2023-03-08T11:09:59","guid":{"rendered":"https:\/\/stiftadmont.at\/?page_id=17107"},"modified":"2023-12-08T18:48:16","modified_gmt":"2023-12-08T16:48:16","slug":"hannes-schwarz-exposition-speciale-2023","status":"publish","type":"page","link":"https:\/\/stiftadmont.at\/fr\/museum\/ausstellungsrueckblick\/hannes-schwarz-sonderausstellung-2023\/","title":{"rendered":"Hannes Schwarz - Exposition sp\u00e9ciale 2023"},"content":{"rendered":"<section id='lightpress__section--block_f93211bf838cb14fe99ff68e7328ecb0' class='lightpress__section--default-section-space lightpress__section lightpress__section--content'><div class=\"content__inner\"\n         x-init=\"initContentBlockAnim($el)\">\n        \n    <div class=\"content__grid content__grid\">\n                                            <div class=\"content__box content__box--one-hundred\"\n                 style=\"\">\n                                \n                \n                                            <div class=\"prose\"><h2 class=\"heading-xxl line line--gold text-center\">Hannes Schwarz<\/h2>\n<h6 class=\"heading-s text-center\">Sonderausstellung im Museum f\u00fcr Gegenwartskunst<\/p>\n<\/h6>\n<p class=\"text-center\">von 01. April bis 01. Nov. 2023 ge\u00f6ffnet<\/p>\n<\/div>\n                    \n                            <\/div>\n        \n            <\/div>\n<\/div>\n\n<\/section>\n\n<section id='lightpress__section--block_dcbdd8db4d5b233b88a1f454f5a2f1a5' class='lightpress__section--default-section-space lightpress__section lightpress__section--content'><div class=\"content__inner\"\n         x-init=\"initContentBlockAnim($el)\">\n        \n    <div class=\"content__grid content__grid\">\n                                            <div class=\"content__box content__box--one-hundred\"\n                 style=\"\">\n                                \n                \n                                            <div class=\"prose\"><p class=\"paragraph-m\">F\u00fcr Hannes Schwarz war die kritische Auseinandersetzung mit Zeitgeschichte werksbestimmend. Intensiv gepr\u00e4gt wurde er von der Philosophie des Existentialismus und der Frankfurter Schule. 1997 hat Schwarz dem Stift Admont 24 seiner \u00d6lbilder und 68 seiner Grafiken zum Geschenk gemacht. Von 2002 bis 2019 waren diese Werke in der ehemaligen Winterreitschule im Erdgeschoss zu sehen.<\/p>\n<p class=\"paragraph-m\">Die heurige Neupr\u00e4sentation im Museum f\u00fcr Gegenwartskunst bringt das k\u00fcnstlerische Werk von Hannes Schwarz in einen Dialog mit seinen erst j\u00fcngst entdeckten Aufzeichnungen und Notizen. Unter dem Titel \u201eMan sieht nur, was man denkt\u201c wurden diese 2021 von der Tochter des K\u00fcnstlers anl\u00e4sslich des 95. Geburtstages des K\u00fcnstlers in Form eines Buches publiziert. Reingard Schwarz dazu: \u201eAls ich im Nachlass meines Vaters zwei Schachteln mit den Zettelchen fand, war ich \u00fcberrascht. Ich wusste nichts von der Existenz der Aufzeichnungen. Dass mein Vater ein Gr\u00fcbler, ein Denker war und Philosophie sein Lebenselixier, das ist bekannt. Aber dass er als Maler seine Gedanken in dieser Form schriftlich ausformulierte, das mag erstaunen \u2013 seine Ausdrucksmittel waren ja in erster Linie Farbe und Form und nicht Worte.\u201c<\/p>\n<p class=\"paragraph-m\">Das Buch enth\u00e4lt gr\u00f6\u00dftenteils Notizen aus seinem Nachlass, aphoristische Gedanken und Reflexionen \u00fcber Themen, die Hannes Schwarz zeitlebens besch\u00e4ftigt haben. \u201cDiese Aufzeichnungen vermitteln ein sehr authentisches Bild von der Pers\u00f6nlichkeit hinter den Kunstwerken: Sie erz\u00e4hlen davon, was den K\u00fcnstler antrieb, wie er sich selbst im Kontext der zeitgen\u00f6ssischen Kunst sah und welche Zweifel ihn plagten. Daneben sind sie Zeugnis seiner kritischen Weltsicht, die schon ungew\u00f6hnlich fr\u00fch auf zivilisatorische Gefahren hinwies, mit denen wir uns jetzt unmittelbar konfrontiert sehen. Die in diesem Buch abgedruckte Textauswahl kann daher auch als Schl\u00fcssel zum besseren Verst\u00e4ndnis der Bilder von Hannes Schwarz dienen\u2026\u201d<\/p>\n<\/div>\n                    \n                            <\/div>\n        \n            <\/div>\n<\/div>\n\n<\/section>\n\n<section id='lightpress__section--block_62d586d2fb1a9982d61624487507c79f' class='lightpress__section--default-section-space lightpress__section lightpress__section--image-slider'>\n<div class=\"image-slider\"\n     x-data=\"{ gallery: null, shown: false }\"\n     x-init=\"gallery = initSliderGallery([{&quot;href&quot;:&quot;https:\\\/\\\/stiftadmont.at\\\/wp-content\\\/uploads\\\/Stift-Admont-Sonderausstellung-GWK-c-Thomas-Sattler-21_www.jpg&quot;,&quot;type&quot;:&quot;image&quot;},{&quot;href&quot;:&quot;https:\\\/\\\/stiftadmont.at\\\/wp-content\\\/uploads\\\/Stift-Admont-Sonderausstellung-GWK-c-Thomas-Sattler-37_www.jpg&quot;,&quot;type&quot;:&quot;image&quot;},{&quot;href&quot;:&quot;https:\\\/\\\/stiftadmont.at\\\/wp-content\\\/uploads\\\/Stift-Admont-Sonderausstellung-GWK-c-Thomas-Sattler-22_www-1920x1280.jpg&quot;,&quot;type&quot;:&quot;image&quot;},{&quot;href&quot;:&quot;https:\\\/\\\/stiftadmont.at\\\/wp-content\\\/uploads\\\/Stift-Admont-Sonderausstellung-GWK-c-Thomas-Sattler-36_www-1920x1280.jpg&quot;,&quot;type&quot;:&quot;image&quot;}]); initImageSliderBlockAnim($el);\">\n    <div class=\"image-slider__inner\">\n\n        <div class=\"swiper-container\" x-init=\"initImageSliderBlock($el, $refs.btnPrev, $refs.btnNext)\">\n            <div class=\"swiper-wrapper\">\n                                    <div class=\"swiper-slide\">\n                        <div class=\"image-slider__media\">\n                            <img decoding=\"async\" class=\"image-slider__image\"\n                                 src=\"https:\/\/stiftadmont.at\/wp-content\/uploads\/Stift-Admont-Sonderausstellung-GWK-c-Thomas-Sattler-21_www-768x1152.jpg\"\n                                 alt=\"Stift Admont   Sonderausstellung GWK (c) Thomas Sattler 21 www\">\n                        <\/div>\n                    <\/div>\n                                    <div class=\"swiper-slide\">\n                        <div class=\"image-slider__media\">\n                            <img decoding=\"async\" class=\"image-slider__image\"\n                                 src=\"https:\/\/stiftadmont.at\/wp-content\/uploads\/Stift-Admont-Sonderausstellung-GWK-c-Thomas-Sattler-37_www-768x1152.jpg\"\n                                 alt=\"Stift Admont   Sonderausstellung GWK (c) Thomas Sattler 37 www\">\n                        <\/div>\n                    <\/div>\n                                    <div class=\"swiper-slide\">\n                        <div class=\"image-slider__media\">\n                            <img decoding=\"async\" class=\"image-slider__image\"\n                                 src=\"https:\/\/stiftadmont.at\/wp-content\/uploads\/Stift-Admont-Sonderausstellung-GWK-c-Thomas-Sattler-22_www-768x512.jpg\"\n                                 alt=\"Stift Admont   Sonderausstellung GWK (c) Thomas Sattler 22 www\">\n                        <\/div>\n                    <\/div>\n                                    <div class=\"swiper-slide\">\n                        <div class=\"image-slider__media\">\n                            <img decoding=\"async\" class=\"image-slider__image\"\n                                 src=\"https:\/\/stiftadmont.at\/wp-content\/uploads\/Stift-Admont-Sonderausstellung-GWK-c-Thomas-Sattler-36_www-768x512.jpg\"\n                                 alt=\"Stift Admont   Sonderausstellung GWK (c) Thomas Sattler 36 www\">\n                        <\/div>\n                    <\/div>\n                            <\/div>\n\n            <div class=\"swiper-nav-wrapper\">\n                <button class=\"swiper-button-prev slider-button--prev\" x-ref=\"btnPrev\"\n                        aria-label=\"Vorige Bilder anzeigen\">\n                    <img decoding=\"async\" src=\"\/wp-content\/themes\/stift-admont\/src\/assets\/img\/arrow-left-big-new.svg\" alt=\"Pfeil nach Links\">\n                <\/button>\n\n\n                <a class=\"image-slider__gallery\" @click=\"openGallery(gallery)\"><i class=\"fa-thin fa-plus\"><\/i><\/a>\n                <button class=\"swiper-button-next slider-button--next\"\n                        x-ref=\"btnNext\"\n                        aria-label=\"N\u00e4chste Bilder anzeigen\">\n                    <img decoding=\"async\" src=\"\/wp-content\/themes\/stift-admont\/src\/assets\/img\/arrow-right-big-new.svg\" alt=\"Pfeil nach Rechts\">\n                <\/button>\n            <\/div>\n        <\/div>\n    <\/div>\n\n\n<\/div><\/section>\n\n<section id='lightpress__section--block_a69b485dcac5e4cae9d6e3202a58437c' class='lightpress__section--default-section-space lightpress__section lightpress__section--content'><div class=\"content__inner\"\n         x-init=\"initContentBlockAnim($el)\">\n        \n    <div class=\"content__grid content__grid--fifty-fifty\">\n                                            <div class=\"content__box content__box\"\n                 style=\"\">\n                                \n                \n                                            <div class=\"prose\"><h4 class=\"heading-l line line--red\"><strong>DIE B\u00dcCHER<\/strong><\/h4>\n<p><strong>Schwarz Reingard (Hrsg.):<br \/><\/strong><br \/><strong>HANNES SCHWARZ:<br \/>MAN SIEHT NUR, <br \/>WAS <\/strong><strong>MAN DENKT.<\/strong><\/p>\n<p class=\"paragraph-m\">\u2022 Buch &#8222;Aufzeichnungen und Notizen&#8220;<br \/>Eigenverlag 2021<\/p>\n<p class=\"paragraph-m\">\u2022 Buch\u00a0&#8222;Hannes Schwarz, Innenreise.&#8220; &#8211; Das k\u00fcnstlerische Werk von Hannes Schwarz im Benediktinerstift Admont<\/p>\n<p class=\"paragraph-m\">Beide B\u00fccher sind in unserem Klosterladen erh\u00e4ltlich.<\/p>\n<p>Hrsg. Abt Bruno Hubl und Michael Braunsteiner,<br \/>Admont 2002.<\/p>\n<\/div>\n                    \n                            <\/div>\n        \n                                                    <div class=\"content__box content__box--2\"\n                     >\n                                        \n                    \n                                                <div class=\"content__media stickyTo\" x-init=\"imageSticky($el)\">\n\n                                                                                    <picture\n                                    class=\"content__image sticky\">\n                                <source srcset=\"https:\/\/stiftadmont.at\/wp-content\/uploads\/Hannes-Schwarz-Buchtitel_www-768x1024.webp\" type=\"image\/webp\">\n                                <source srcset=\"https:\/\/stiftadmont.at\/wp-content\/uploads\/Hannes-Schwarz-Buchtitel_www-768x1024.jpg\" type=\"image\/jpeg\">\n                                <img decoding=\"async\" class=\"sticky\" loading=\"lazy\" src=\"https:\/\/stiftadmont.at\/wp-content\/uploads\/Hannes-Schwarz-Buchtitel_www-768x1024.jpg\"\n                                     alt=\"Hannes Schwarz Buchtitel www scaled\">\n\n                                                                                                                            <\/picture>\n\n                        <\/div>\n\n                                    <\/div>\n            \n            <\/div>\n<\/div>\n\n<\/section>\n\n<section id='lightpress__section--block_58b9abd3b1bd7fa3c4062ecb2dc62ae6' class='lightpress__section--default-section-space lightpress__section lightpress__section--content'><div class=\"content__inner\"\n         x-init=\"initContentBlockAnim($el)\">\n        \n    <div class=\"content__grid content__grid\">\n                                            <div class=\"content__box content__box--one-hundred\"\n                 style=\"\">\n                                \n                \n                                            <div class=\"prose\"><p class=\"paragraph-m\">Hannes Schwarz wurde 1926 als Sohn einer Arbeiterfamilie, die ihm keine h\u00f6here Ausbildung erm\u00f6glichen konnte, in Anger bei Weiz geboren. Er wuchs unter der Erziehung seines sozialdemokratischen Vaters und seiner streng religi\u00f6sen Mutter in einem kargen l\u00e4ndlichen Umfeld auf. Hannes Schwarz war schon fr\u00fch durch au\u00dferordentliche geistige, kulturelle und sportliche Begabung aufgefallen. Um ihm eine Karriere zu erm\u00f6glichen, willigten seine Eltern im Jahre 1938 z\u00f6gernd ein, ihn die NSSpitzenschule Ordensburg Sonthofen besuchen zu lassen. Diese ideologische Pr\u00e4gung stand ganz im Gegensatz zu der Geisteshaltung seiner Familie. Sie hat w\u00e4hrend der NS-Zeit eine j\u00fcdische Familie unterst\u00fctzt. Nach der Matura 1944 wollte er Maler werden. Er bestand die Aufnahmepr\u00fcfung an der Akademie in Stuttgart, wurde aber bald an die Front kommandiert. Nach den unz\u00e4hligen Schrecken des Krieges brachte das Jahr 1945 f\u00fcr Hannes Schwarz eine v\u00f6llige geistige Neuorientierung mit sich. Er erwachte wie aus einem Albtraum. Und er besch\u00e4ftigte sich mit dem Existenzialismus und der Frankfurter Schule, mit informeller und abstrakter Malerei. Seine Ausbildung zum K\u00fcnstler fand im Wesentlichen auf autodidaktischen Wegen statt. Dank seines Brotberufes als Kunsterzieher konnte er ohne Verkaufsdruck konsequent einen eigenen k\u00fcnstlerischen Weg fern des Mainstreams und des turbulenten Kunstgeschehens gehen.<\/p>\n<p class=\"paragraph-m\">Ab 1955 gewannen Abstraktion und Informell an Bedeutung f\u00fcr das Werk von Schwarz. Ab 1959 entstand eine Serie von besonders innovativen Materialdrucken. Die Werke der 60er Jahre sind von surrealistisch modellierten weiblichen Figuren, expressiv deformierten Leibern hinter Gittern und ausgesetzten und hilflos leidenden Menschen gepr\u00e4gt. Den hoffnungslos todgeweihten, isolierten Kreaturen in den Bildern der fr\u00fchen 70er Jahre folgte schlie\u00dflich um 1975 eine Werksphase, in der die Darstellung des Menschen in den Hintergrund r\u00fcckte.<\/p>\n<p class=\"paragraph-m\">Die Bilder von Hannes Schwarz sind von der Erfahrung des NS-Grauens gepr\u00e4gt. In einigen Werkphasen finden sich deutliche Erinnerungs-Relikte aus der \u00c4ra des Faschismus: etwa Fahnen, Wimpel, Mauern, Monumente, Stelen, Opferst\u00e4tten. Die Kunst von Hannes Schwarz entspringt einer metaphysischen Not. Aus Ihrer oft erschreckend wirkenden \u00c4sthetik weht der Geist tiefer Nachdenklichkeit, Skepsis, Warnung. Seine geschundenen Leiber malte Schwarz, wie Wilfried Skreiner bemerkt hat, zeitgleich mit oder teilweise sogar vor Francis Bacon. In den sp\u00e4teren Bildern verschwindet der Mensch. Er ist noch nicht da oder schon wieder weg. In den Landschaften voller minimalistischer \u00c4sthetik, den Fr\u00fcchten als Emanationen des Geistes, wird zunehmend die starke Sehnsucht des K\u00fcnstlers nach einer vorsichtigen Bejahung des Lebens sp\u00fcrbar.<\/p>\n<\/div>\n                    \n                            <\/div>\n        \n            <\/div>\n<\/div>\n\n<\/section>\n\n<section id='lightpress__section--block_c26e123603137d73c6551d652372d66d' class='lightpress__section--default-section-space lightpress__section lightpress__section--content'><div class=\"content__inner\"\n         x-init=\"initContentBlockAnim($el)\">\n        \n    <div class=\"content__grid content__grid\">\n                                            <div class=\"content__box content__box--one-hundred\"\n                 style=\"\">\n                                \n                \n                                            <div class=\"prose\"><h5 class=\"heading-m line line--gold text-center\">MAN SIEHT NUR, WAS MAN DENKT<\/h5>\n<p class=\"text-center\">HANNES SCHWARZ (1926 ANGER B. WEIZ \u2013 2014 WEIZ)<\/p>\n<\/div>\n                    \n                            <\/div>\n        \n            <\/div>\n<\/div>\n\n<\/section>","protected":false},"excerpt":{"rendered":"","protected":false},"author":7,"featured_media":0,"parent":5864,"menu_order":57,"comment_status":"closed","ping_status":"closed","template":"","meta":{"_acf_changed":false,"footnotes":""},"categories":[73],"class_list":["post-17107","page","type-page","status-publish","hentry","category-ausstellungsrueckblick"],"acf":[],"yoast_head":"<!-- This site is optimized with the Yoast SEO Premium plugin v26.0 (Yoast SEO v26.8) - https:\/\/yoast.com\/product\/yoast-seo-premium-wordpress\/ -->\n<title>Hannes Schwarz - Sonderausstellung 2023 - Stift Admont<\/title>\n<meta name=\"robots\" content=\"index, follow, max-snippet:-1, max-image-preview:large, max-video-preview:-1\" \/>\n<link rel=\"canonical\" href=\"https:\/\/stiftadmont.at\/fr\/musee\/retrospective-de-lexposition\/hannes-schwarz-exposition-speciale-2023\/\" \/>\n<meta property=\"og:locale\" content=\"fr_FR\" \/>\n<meta property=\"og:type\" content=\"article\" \/>\n<meta property=\"og:title\" content=\"Hannes Schwarz - Sonderausstellung 2023\" \/>\n<meta property=\"og:url\" content=\"https:\/\/stiftadmont.at\/fr\/musee\/retrospective-de-lexposition\/hannes-schwarz-exposition-speciale-2023\/\" \/>\n<meta property=\"og:site_name\" content=\"Stift Admont\" \/>\n<meta property=\"article:modified_time\" content=\"2023-12-08T16:48:16+00:00\" \/>\n<meta property=\"og:image\" content=\"https:\/\/stiftadmont.at\/wp-content\/uploads\/Klosteranlage-innen.jpg\" \/>\n\t<meta property=\"og:image:width\" content=\"1912\" \/>\n\t<meta property=\"og:image:height\" content=\"1188\" \/>\n\t<meta property=\"og:image:type\" content=\"image\/jpeg\" \/>\n<meta name=\"twitter:card\" content=\"summary_large_image\" \/>\n<script type=\"application\/ld+json\" class=\"yoast-schema-graph\">{\"@context\":\"https:\/\/schema.org\",\"@graph\":[{\"@type\":\"WebPage\",\"@id\":\"https:\/\/stiftadmont.at\/museum\/ausstellungsrueckblick\/hannes-schwarz-sonderausstellung-2023\/\",\"url\":\"https:\/\/stiftadmont.at\/museum\/ausstellungsrueckblick\/hannes-schwarz-sonderausstellung-2023\/\",\"name\":\"Hannes Schwarz - Sonderausstellung 2023 - Stift Admont\",\"isPartOf\":{\"@id\":\"https:\/\/stiftadmont.at\/#website\"},\"datePublished\":\"2023-03-08T11:09:59+00:00\",\"dateModified\":\"2023-12-08T16:48:16+00:00\",\"breadcrumb\":{\"@id\":\"https:\/\/stiftadmont.at\/museum\/ausstellungsrueckblick\/hannes-schwarz-sonderausstellung-2023\/#breadcrumb\"},\"inLanguage\":\"fr-FR\",\"potentialAction\":[{\"@type\":\"ReadAction\",\"target\":[\"https:\/\/stiftadmont.at\/museum\/ausstellungsrueckblick\/hannes-schwarz-sonderausstellung-2023\/\"]}]},{\"@type\":\"BreadcrumbList\",\"@id\":\"https:\/\/stiftadmont.at\/museum\/ausstellungsrueckblick\/hannes-schwarz-sonderausstellung-2023\/#breadcrumb\",\"itemListElement\":[{\"@type\":\"ListItem\",\"position\":1,\"name\":\"Start\",\"item\":\"https:\/\/stiftadmont.at\/\"},{\"@type\":\"ListItem\",\"position\":2,\"name\":\"Museum Stift Admont\",\"item\":\"https:\/\/stiftadmont.at\/museum\/\"},{\"@type\":\"ListItem\",\"position\":3,\"name\":\"Ausstellungsr\u00fcckblick\",\"item\":\"https:\/\/stiftadmont.at\/museum\/ausstellungsrueckblick\/\"},{\"@type\":\"ListItem\",\"position\":4,\"name\":\"Hannes Schwarz &#8211; Sonderausstellung 2023\"}]},{\"@type\":\"WebSite\",\"@id\":\"https:\/\/stiftadmont.at\/#website\",\"url\":\"https:\/\/stiftadmont.at\/\",\"name\":\"Stift Admont\",\"description\":\"Benediktinerkloster und Sehensw\u00fcrdigkeit im Ges\u00e4use\",\"potentialAction\":[{\"@type\":\"SearchAction\",\"target\":{\"@type\":\"EntryPoint\",\"urlTemplate\":\"https:\/\/stiftadmont.at\/?s={search_term_string}\"},\"query-input\":{\"@type\":\"PropertyValueSpecification\",\"valueRequired\":true,\"valueName\":\"search_term_string\"}}],\"inLanguage\":\"fr-FR\"}]}<\/script>\n<!-- \/ Yoast SEO Premium plugin. -->","yoast_head_json":{"title":"Hannes Schwarz - Exposition sp\u00e9ciale 2023 - Stift Admont","robots":{"index":"index","follow":"follow","max-snippet":"max-snippet:-1","max-image-preview":"max-image-preview:large","max-video-preview":"max-video-preview:-1"},"canonical":"https:\/\/stiftadmont.at\/fr\/musee\/retrospective-de-lexposition\/hannes-schwarz-exposition-speciale-2023\/","og_locale":"fr_FR","og_type":"article","og_title":"Hannes Schwarz - Sonderausstellung 2023","og_url":"https:\/\/stiftadmont.at\/fr\/musee\/retrospective-de-lexposition\/hannes-schwarz-exposition-speciale-2023\/","og_site_name":"Stift Admont","article_modified_time":"2023-12-08T16:48:16+00:00","og_image":[{"width":1912,"height":1188,"url":"https:\/\/stiftadmont.at\/wp-content\/uploads\/Klosteranlage-innen.jpg","type":"image\/jpeg"}],"twitter_card":"summary_large_image","schema":{"@context":"https:\/\/schema.org","@graph":[{"@type":"WebPage","@id":"https:\/\/stiftadmont.at\/museum\/ausstellungsrueckblick\/hannes-schwarz-sonderausstellung-2023\/","url":"https:\/\/stiftadmont.at\/museum\/ausstellungsrueckblick\/hannes-schwarz-sonderausstellung-2023\/","name":"Hannes Schwarz - Exposition sp\u00e9ciale 2023 - Stift Admont","isPartOf":{"@id":"https:\/\/stiftadmont.at\/#website"},"datePublished":"2023-03-08T11:09:59+00:00","dateModified":"2023-12-08T16:48:16+00:00","breadcrumb":{"@id":"https:\/\/stiftadmont.at\/museum\/ausstellungsrueckblick\/hannes-schwarz-sonderausstellung-2023\/#breadcrumb"},"inLanguage":"fr-FR","potentialAction":[{"@type":"ReadAction","target":["https:\/\/stiftadmont.at\/museum\/ausstellungsrueckblick\/hannes-schwarz-sonderausstellung-2023\/"]}]},{"@type":"BreadcrumbList","@id":"https:\/\/stiftadmont.at\/museum\/ausstellungsrueckblick\/hannes-schwarz-sonderausstellung-2023\/#breadcrumb","itemListElement":[{"@type":"ListItem","position":1,"name":"Start","item":"https:\/\/stiftadmont.at\/"},{"@type":"ListItem","position":2,"name":"Museum Stift Admont","item":"https:\/\/stiftadmont.at\/museum\/"},{"@type":"ListItem","position":3,"name":"Ausstellungsr\u00fcckblick","item":"https:\/\/stiftadmont.at\/museum\/ausstellungsrueckblick\/"},{"@type":"ListItem","position":4,"name":"Hannes Schwarz &#8211; Sonderausstellung 2023"}]},{"@type":"WebSite","@id":"https:\/\/stiftadmont.at\/#website","url":"https:\/\/stiftadmont.at\/","name":"Abbaye d'Admont","description":"Monast\u00e8re b\u00e9n\u00e9dictin et attraction touristique dans le Ges\u00e4use","potentialAction":[{"@type":"SearchAction","target":{"@type":"EntryPoint","urlTemplate":"https:\/\/stiftadmont.at\/?s={search_term_string}"},"query-input":{"@type":"PropertyValueSpecification","valueRequired":true,"valueName":"search_term_string"}}],"inLanguage":"fr-FR"}]}},"_links":{"self":[{"href":"https:\/\/stiftadmont.at\/fr\/wp-json\/wp\/v2\/pages\/17107","targetHints":{"allow":["GET"]}}],"collection":[{"href":"https:\/\/stiftadmont.at\/fr\/wp-json\/wp\/v2\/pages"}],"about":[{"href":"https:\/\/stiftadmont.at\/fr\/wp-json\/wp\/v2\/types\/page"}],"author":[{"embeddable":true,"href":"https:\/\/stiftadmont.at\/fr\/wp-json\/wp\/v2\/users\/7"}],"replies":[{"embeddable":true,"href":"https:\/\/stiftadmont.at\/fr\/wp-json\/wp\/v2\/comments?post=17107"}],"version-history":[{"count":35,"href":"https:\/\/stiftadmont.at\/fr\/wp-json\/wp\/v2\/pages\/17107\/revisions"}],"predecessor-version":[{"id":18045,"href":"https:\/\/stiftadmont.at\/fr\/wp-json\/wp\/v2\/pages\/17107\/revisions\/18045"}],"up":[{"embeddable":true,"href":"https:\/\/stiftadmont.at\/fr\/wp-json\/wp\/v2\/pages\/5864"}],"wp:attachment":[{"href":"https:\/\/stiftadmont.at\/fr\/wp-json\/wp\/v2\/media?parent=17107"}],"wp:term":[{"taxonomy":"category","embeddable":true,"href":"https:\/\/stiftadmont.at\/fr\/wp-json\/wp\/v2\/categories?post=17107"}],"curies":[{"name":"wp","href":"https:\/\/api.w.org\/{rel}","templated":true}]}}