{"id":17276,"date":"2023-03-17T16:53:04","date_gmt":"2023-03-17T14:53:04","guid":{"rendered":"https:\/\/stiftadmont.at\/?page_id=17276"},"modified":"2026-01-12T12:27:00","modified_gmt":"2026-01-12T10:27:00","slug":"heribert-friedl-intervention-artistique-2023","status":"publish","type":"page","link":"https:\/\/stiftadmont.at\/fr\/museum\/ausstellungsrueckblick\/heribert-friedl-kuenstlerische-intervention-2023\/","title":{"rendered":"Heribert Friedl - Intervention artistique 2023"},"content":{"rendered":"<section id='lightpress__section--block_985b0f4faf0609efc1809b2c15cff84f' class='lightpress__section--default-section-space lightpress__section lightpress__section--content'><div class=\"content__inner\"\n         x-init=\"initContentBlockAnim($el)\">\n        \n    <div class=\"content__grid content__grid\">\n                                            <div class=\"content__box content__box--one-hundred\"\n                 style=\"\">\n                                \n                \n                                            <div class=\"prose\"><h2 class=\"heading-xxl line line--gold text-center\">Heribert Friedl<\/h2>\n<h6 class=\"heading-s text-center\">Intervention artistique<br \/>au Mus\u00e9e d'histoire de l'art<\/h6>\n<p class=\"text-center\">ouvert du 01 avril au 01 nov. 2023<\/p>\n<\/div>\n                    \n                            <\/div>\n        \n            <\/div>\n<\/div>\n\n<\/section>\n\n<section id='lightpress__section--block_54098f1d566e80a26c1b8443492c19d8' class='lightpress__section--default-section-space lightpress__section lightpress__section--content'><div class=\"content__inner\"\n         x-init=\"initContentBlockAnim($el)\">\n        \n    <div class=\"content__grid content__grid\">\n                                            <div class=\"content__box content__box--one-hundred\"\n                 style=\"\">\n                                \n                \n                                            <div class=\"prose\"><p class=\"paragraph-m\">Depuis 2003, le <a href=\"https:\/\/stiftadmont.at\/fr\/museen\/musee-dhistoire-de-lart\/\">Mus\u00e9e d'histoire de l'art<\/a> un espace d'intervention artistique est int\u00e9gr\u00e9. Un espace de relations de r\u00e9sonance, de dialogue : le sacr\u00e9 avec le profane, le pass\u00e9 avec le pr\u00e9sent. Des transformations et des processus. En 2022, cet espace a \u00e9t\u00e9 con\u00e7u par Heribert Friedl !<\/p>\n<p class=\"paragraph-m\">Les artistes invit\u00e9s jusqu'\u00e0 pr\u00e9sent n'ont cess\u00e9 de surprendre - avec leurs solutions artistiques incroyablement vari\u00e9es et complexes dans leurs rapports avec l'abbaye d'Admont en tant que lieu du spirituel, en tant que lieu des collections si vari\u00e9es ; avec la biblioth\u00e8que, les archives et la m\u00e9moire culturelle vieille de presque 950 ans. En 2022, cet espace a \u00e9t\u00e9 con\u00e7u par Heribert Friedl. L'installation se compose de v\u00eatements soigneusement pr\u00e9sent\u00e9s sous forme d'archives, qui ont \u00e9t\u00e9 port\u00e9s par un \u00eatre cher bien sp\u00e9cifique. Au d\u00e9but, on peut \u00eatre irrit\u00e9 de tomber sur quelque chose d'aussi banal dans le contexte du Kunsthistorisches Museum. Qu'est-ce que cela signifie ? Un bref retour sur le d\u00e9veloppement artistique de Friedl offre une cl\u00e9 de compr\u00e9hension. Les parfums et leurs effets ont longtemps \u00e9t\u00e9 au centre des int\u00e9r\u00eats de Heribert Friedl. De larges pans de son travail consistent en des installations spatiales ou des architectures \u00e9ph\u00e9m\u00e8res qui s'int\u00e9ressent \u00e0 la notion de \"nonvisualobjects\" (un terme qu'il utilise depuis 1996 pour d\u00e9signer son travail). Dans ces derni\u00e8res, des substances odorantes servent de support au contenu. Friedl a \u00e9galement emprunt\u00e9 cette voie au cours des ann\u00e9es pr\u00e9c\u00e9dentes \u00e0 l'abbaye d'Admont.<\/p>\n<p class=\"paragraph-m\">En 2007, lors de la phase de restauration de la biblioth\u00e8que de l'abbaye d'Admont qui a dur\u00e9 plusieurs ann\u00e9es, il a enduit une plaque de support blanche sur l'\u00e9chafaudage d'une substance odorante invisible. Un frottement actif a permis de lib\u00e9rer une odeur d'encens. Comme dans beaucoup de ses installations, Heribert Friedl ne s'est pas content\u00e9 d'une simple indication visuelle. Une partie du travail consistait \u00e9galement en des cartes parfum\u00e9es en rapport avec la biblioth\u00e8que baroque de l'abbaye. Avec la carte, on emportait aussi un morceau d'original. Dans le cadre d'une exposition sur le th\u00e8me de la \"biblioth\u00e8que\" en 2008, Heribert Friedl a cr\u00e9\u00e9 une biblioth\u00e8que de parfums compos\u00e9e de 100 senteurs au Museum f\u00fcr Gegenwartskunst - des archives de parfums, si l'on veut. En 2012, il a cr\u00e9\u00e9 pour la collection sp\u00e9ciale d'Admont \"<a href=\"https:\/\/stiftadmont.at\/fr\/musee\/retrospective-de-lexposition\/au-dela-de-la-vision\/\">Au-del\u00e0 de la vue - l'art relie les aveugles et les voyants<\/a>\"a cr\u00e9\u00e9 une \u0153uvre : Une spirale odorante visible, compos\u00e9e d'un tube de cuivre perfor\u00e9, d'o\u00f9 s'\u00e9chappe une odeur au moyen d'un soufflet, qui se r\u00e9pand dans l'espace comme une sculpture \u00e9ph\u00e9m\u00e8re invisible.<\/p>\n<\/div>\n                    \n                            <\/div>\n        \n            <\/div>\n<\/div>\n\n<\/section>\n\n<section id='lightpress__section--block_d52993c148b8a37512070a50a087e92f' class='lightpress__section--default-section-space lightpress__section lightpress__section--content'><div class=\"content__inner\"\n         x-init=\"initContentBlockAnim($el)\">\n        \n    <div class=\"content__grid content__grid--fifty-fifty\">\n                                            <div class=\"content__box content__box\"\n                 style=\"\">\n                                \n                \n                                        <div class=\"content__media stickyTo\" x-init=\"imageSticky($el)\">\n\n                                                                                                <picture\n                                class=\"content__image sticky image-overlay\">\n                            <source srcset=\"https:\/\/stiftadmont.at\/wp-content\/uploads\/Friedl-677x1024_www.jpg\"\n                                    type=\"image\/webp\">\n                            <source srcset=\"https:\/\/stiftadmont.at\/wp-content\/uploads\/Friedl-677x1024_www.jpg\"\n                                    type=\"image\/jpeg\">\n                            <img decoding=\"async\" loading=\"lazy\" src=\"https:\/\/stiftadmont.at\/wp-content\/uploads\/Friedl-677x1024_www.jpg\" alt=\"Friedl 677x1024 www\" width=\"600\" height=\"450\" \/>\n                                                                                                            <\/picture>\n\n                    <\/div>\n\n                            <\/div>\n        \n                                                    <div class=\"content__box content__box--2\"\n                     >\n                                        \n                    \n                                                    <div class=\"prose\"><h6 class=\"heading-s text-center\">Heribert Friedl<br \/>*1969 \u00e0 Feldbach \/ Styrie<br \/>vit et travaille \u00e0 Vienne<\/h6>\n<p class=\"paragraph-m text-center\">Portrait de la personne la plus aim\u00e9e <br \/>dans le monde et au-del\u00e0.<\/p>\n<p class=\"paragraph-m text-center\">V\u00eatements divers, chaussures, cravates,<br \/>Chaussettes, entre autres, installation, 2022<\/p>\n<\/div>\n                        \n                                    <\/div>\n            \n            <\/div>\n<\/div>\n\n<\/section>\n\n<section id='lightpress__section--block_3709ce691766e9f17602f7fd3eebb526' class='lightpress__section--default-section-space lightpress__section lightpress__section--content'><div class=\"content__inner\"\n         x-init=\"initContentBlockAnim($el)\">\n        \n    <div class=\"content__grid content__grid\">\n                                            <div class=\"content__box content__box--one-hundred\"\n                 style=\"\">\n                                \n                \n                                            <div class=\"prose\"><p class=\"paragraph-m\">Dans l'art de Heribert Friedl, qui se concentre sur la perception olfactive, les moments visuels sont \u00e9vit\u00e9s autant que possible. Ainsi, dans l'installation actuelle, il ne s'agit pas non plus de la perception plate du v\u00eatement lui-m\u00eame. Il s'agit de la personne qui les a port\u00e9s. Il s'agit d'un \u00eatre cher qui, apr\u00e8s sa mort, n'est plus physiquement pr\u00e9sent parmi nous. Il s'agit de ce qui reste de cette personne. Il s'agit d'une absence, de souvenirs - d\u00e9clench\u00e9s entre autres par des parfums - qui se sont inscrits dans ces v\u00eatements. Il s'agit de ce que nous \"sentons\" individuellement dans les objets, dans les \u0153uvres d'art - chacun diff\u00e9remment, selon les cas. Il s'agit des microparticules invisibles qui y ont \u00e9t\u00e9 incorpor\u00e9es. Elles sont invisibles \u00e0 l'\u0153il nu, mais constituent un cosmos par excellence pour les experts en m\u00e9decine l\u00e9gale. Il est question d'amour, de travail de deuil, de l\u00e2cher prise, de \"vanitas\" et de \"memento mori\". En fin de compte, il s'agit de consolation, d'espoir, du fait que ce n'est pas parce qu'on ne peut pas voir qu'il n'y a rien. Et du fait que ce qui est visible masque souvent ce qui est vraiment important, ce qui est en fait des valeurs de perception.<\/p>\n<p class=\"paragraph-m\">Heribert Friedl parle \u00e9galement du parfum du temps qui s'est exprim\u00e9 dans ces objets. Et dans le contexte de sa confrontation avec le philosophe, sp\u00e9cialiste de la culture et auteur cor\u00e9en-allemand Byung-Chul Han, il estime que l'histoire qui s'attache aux objets apr\u00e8s une longue utilisation les anime et en fait des \"choses du c\u0153ur\". Ce n'est pas seulement l'impression visuelle imm\u00e9diate, qui refl\u00e8te peut-\u00eatre une certaine \u00e9poque, mais aussi ce qui est invisible dans les choses et que l'on peut ressentir, qui donne naissance \u00e0 un \"cosmos de choses de c\u0153ur\".<\/p>\n<p class=\"paragraph-m\">Le lien avec le mus\u00e9e se situe plut\u00f4t du c\u00f4t\u00e9 structurel. Le mus\u00e9e comme archive, comme \"sauveur de la disparition\". Il est bien s\u00fbr possible d'\u00e9tablir des liens avec les parchemins.<\/p>\n<\/div>\n                    \n                            <\/div>\n        \n            <\/div>\n<\/div>\n\n<\/section>\n\n<section id='lightpress__section--block_0f61eee28506e933142a4e1aa78383e1' class='lightpress__section--default-section-space lightpress__section lightpress__section--content'><div class=\"content__inner\"\n         x-init=\"initContentBlockAnim($el)\">\n        \n    <div class=\"content__grid content__grid\">\n                                            <div class=\"content__box content__box--one-hundred\"\n                 style=\"\">\n                                \n                \n                                            <div class=\"prose\"><h6 class=\"heading-s text-center\">On ne voit bien qu'avec le c\u0153ur\".<br \/>L'essentiel est invisible <br \/>pour les yeux\". <\/h6>\n<p class=\"text-center\">(Antoine de Saint-Exup\u00e9ry)<\/p>\n<\/div>\n                    \n                            <\/div>\n        \n            <\/div>\n<\/div>\n\n<\/section>","protected":false},"excerpt":{"rendered":"","protected":false},"author":7,"featured_media":0,"parent":5864,"menu_order":58,"comment_status":"closed","ping_status":"closed","template":"","meta":{"_acf_changed":false,"footnotes":""},"categories":[73],"class_list":["post-17276","page","type-page","status-publish","hentry","category-ausstellungsrueckblick"],"acf":[],"yoast_head":"<!-- This site is optimized with the Yoast SEO Premium plugin v26.0 (Yoast SEO v26.8) - https:\/\/yoast.com\/product\/yoast-seo-premium-wordpress\/ -->\n<title>Heribert Friedl \u2013 K\u00fcnstlerische Intervention 2023 - Stift Admont<\/title>\n<meta name=\"robots\" content=\"index, follow, max-snippet:-1, max-image-preview:large, max-video-preview:-1\" \/>\n<link rel=\"canonical\" href=\"https:\/\/stiftadmont.at\/fr\/musee\/retrospective-de-lexposition\/heribert-friedl-intervention-artistique-2023\/\" \/>\n<meta property=\"og:locale\" content=\"fr_FR\" \/>\n<meta property=\"og:type\" content=\"article\" \/>\n<meta property=\"og:title\" content=\"Heribert Friedl \u2013 K\u00fcnstlerische Intervention 2023\" \/>\n<meta property=\"og:url\" content=\"https:\/\/stiftadmont.at\/fr\/musee\/retrospective-de-lexposition\/heribert-friedl-intervention-artistique-2023\/\" \/>\n<meta property=\"og:site_name\" content=\"Stift Admont\" \/>\n<meta property=\"article:modified_time\" content=\"2026-01-12T10:27:00+00:00\" \/>\n<meta property=\"og:image\" content=\"https:\/\/stiftadmont.at\/wp-content\/uploads\/Klosteranlage-innen.jpg\" \/>\n\t<meta property=\"og:image:width\" content=\"1912\" \/>\n\t<meta property=\"og:image:height\" content=\"1188\" \/>\n\t<meta property=\"og:image:type\" content=\"image\/jpeg\" \/>\n<meta name=\"twitter:card\" content=\"summary_large_image\" \/>\n<script type=\"application\/ld+json\" class=\"yoast-schema-graph\">{\"@context\":\"https:\/\/schema.org\",\"@graph\":[{\"@type\":\"WebPage\",\"@id\":\"https:\/\/stiftadmont.at\/museum\/ausstellungsrueckblick\/heribert-friedl-kuenstlerische-intervention-2023\/\",\"url\":\"https:\/\/stiftadmont.at\/museum\/ausstellungsrueckblick\/heribert-friedl-kuenstlerische-intervention-2023\/\",\"name\":\"Heribert Friedl \u2013 K\u00fcnstlerische Intervention 2023 - Stift Admont\",\"isPartOf\":{\"@id\":\"https:\/\/stiftadmont.at\/#website\"},\"datePublished\":\"2023-03-17T14:53:04+00:00\",\"dateModified\":\"2026-01-12T10:27:00+00:00\",\"breadcrumb\":{\"@id\":\"https:\/\/stiftadmont.at\/museum\/ausstellungsrueckblick\/heribert-friedl-kuenstlerische-intervention-2023\/#breadcrumb\"},\"inLanguage\":\"fr-FR\",\"potentialAction\":[{\"@type\":\"ReadAction\",\"target\":[\"https:\/\/stiftadmont.at\/museum\/ausstellungsrueckblick\/heribert-friedl-kuenstlerische-intervention-2023\/\"]}]},{\"@type\":\"BreadcrumbList\",\"@id\":\"https:\/\/stiftadmont.at\/museum\/ausstellungsrueckblick\/heribert-friedl-kuenstlerische-intervention-2023\/#breadcrumb\",\"itemListElement\":[{\"@type\":\"ListItem\",\"position\":1,\"name\":\"Start\",\"item\":\"https:\/\/stiftadmont.at\/\"},{\"@type\":\"ListItem\",\"position\":2,\"name\":\"Museum Stift Admont\",\"item\":\"https:\/\/stiftadmont.at\/museum\/\"},{\"@type\":\"ListItem\",\"position\":3,\"name\":\"Ausstellungsr\u00fcckblick\",\"item\":\"https:\/\/stiftadmont.at\/museum\/ausstellungsrueckblick\/\"},{\"@type\":\"ListItem\",\"position\":4,\"name\":\"Heribert Friedl \u2013 K\u00fcnstlerische Intervention 2023\"}]},{\"@type\":\"WebSite\",\"@id\":\"https:\/\/stiftadmont.at\/#website\",\"url\":\"https:\/\/stiftadmont.at\/\",\"name\":\"Stift Admont\",\"description\":\"Benediktinerkloster und Sehensw\u00fcrdigkeit im Ges\u00e4use\",\"potentialAction\":[{\"@type\":\"SearchAction\",\"target\":{\"@type\":\"EntryPoint\",\"urlTemplate\":\"https:\/\/stiftadmont.at\/?s={search_term_string}\"},\"query-input\":{\"@type\":\"PropertyValueSpecification\",\"valueRequired\":true,\"valueName\":\"search_term_string\"}}],\"inLanguage\":\"fr-FR\"}]}<\/script>\n<!-- \/ Yoast SEO Premium plugin. -->","yoast_head_json":{"title":"Heribert Friedl - Intervention artistique 2023 - Abbaye d'Admont","robots":{"index":"index","follow":"follow","max-snippet":"max-snippet:-1","max-image-preview":"max-image-preview:large","max-video-preview":"max-video-preview:-1"},"canonical":"https:\/\/stiftadmont.at\/fr\/musee\/retrospective-de-lexposition\/heribert-friedl-intervention-artistique-2023\/","og_locale":"fr_FR","og_type":"article","og_title":"Heribert Friedl \u2013 K\u00fcnstlerische Intervention 2023","og_url":"https:\/\/stiftadmont.at\/fr\/musee\/retrospective-de-lexposition\/heribert-friedl-intervention-artistique-2023\/","og_site_name":"Stift Admont","article_modified_time":"2026-01-12T10:27:00+00:00","og_image":[{"width":1912,"height":1188,"url":"https:\/\/stiftadmont.at\/wp-content\/uploads\/Klosteranlage-innen.jpg","type":"image\/jpeg"}],"twitter_card":"summary_large_image","schema":{"@context":"https:\/\/schema.org","@graph":[{"@type":"WebPage","@id":"https:\/\/stiftadmont.at\/museum\/ausstellungsrueckblick\/heribert-friedl-kuenstlerische-intervention-2023\/","url":"https:\/\/stiftadmont.at\/museum\/ausstellungsrueckblick\/heribert-friedl-kuenstlerische-intervention-2023\/","name":"Heribert Friedl - Intervention artistique 2023 - Abbaye d'Admont","isPartOf":{"@id":"https:\/\/stiftadmont.at\/#website"},"datePublished":"2023-03-17T14:53:04+00:00","dateModified":"2026-01-12T10:27:00+00:00","breadcrumb":{"@id":"https:\/\/stiftadmont.at\/museum\/ausstellungsrueckblick\/heribert-friedl-kuenstlerische-intervention-2023\/#breadcrumb"},"inLanguage":"fr-FR","potentialAction":[{"@type":"ReadAction","target":["https:\/\/stiftadmont.at\/museum\/ausstellungsrueckblick\/heribert-friedl-kuenstlerische-intervention-2023\/"]}]},{"@type":"BreadcrumbList","@id":"https:\/\/stiftadmont.at\/museum\/ausstellungsrueckblick\/heribert-friedl-kuenstlerische-intervention-2023\/#breadcrumb","itemListElement":[{"@type":"ListItem","position":1,"name":"Start","item":"https:\/\/stiftadmont.at\/"},{"@type":"ListItem","position":2,"name":"Museum Stift Admont","item":"https:\/\/stiftadmont.at\/museum\/"},{"@type":"ListItem","position":3,"name":"Ausstellungsr\u00fcckblick","item":"https:\/\/stiftadmont.at\/museum\/ausstellungsrueckblick\/"},{"@type":"ListItem","position":4,"name":"Heribert Friedl \u2013 K\u00fcnstlerische Intervention 2023"}]},{"@type":"WebSite","@id":"https:\/\/stiftadmont.at\/#website","url":"https:\/\/stiftadmont.at\/","name":"Abbaye d'Admont","description":"Monast\u00e8re b\u00e9n\u00e9dictin et attraction touristique dans le Ges\u00e4use","potentialAction":[{"@type":"SearchAction","target":{"@type":"EntryPoint","urlTemplate":"https:\/\/stiftadmont.at\/?s={search_term_string}"},"query-input":{"@type":"PropertyValueSpecification","valueRequired":true,"valueName":"search_term_string"}}],"inLanguage":"fr-FR"}]}},"_links":{"self":[{"href":"https:\/\/stiftadmont.at\/fr\/wp-json\/wp\/v2\/pages\/17276","targetHints":{"allow":["GET"]}}],"collection":[{"href":"https:\/\/stiftadmont.at\/fr\/wp-json\/wp\/v2\/pages"}],"about":[{"href":"https:\/\/stiftadmont.at\/fr\/wp-json\/wp\/v2\/types\/page"}],"author":[{"embeddable":true,"href":"https:\/\/stiftadmont.at\/fr\/wp-json\/wp\/v2\/users\/7"}],"replies":[{"embeddable":true,"href":"https:\/\/stiftadmont.at\/fr\/wp-json\/wp\/v2\/comments?post=17276"}],"version-history":[{"count":25,"href":"https:\/\/stiftadmont.at\/fr\/wp-json\/wp\/v2\/pages\/17276\/revisions"}],"predecessor-version":[{"id":39064,"href":"https:\/\/stiftadmont.at\/fr\/wp-json\/wp\/v2\/pages\/17276\/revisions\/39064"}],"up":[{"embeddable":true,"href":"https:\/\/stiftadmont.at\/fr\/wp-json\/wp\/v2\/pages\/5864"}],"wp:attachment":[{"href":"https:\/\/stiftadmont.at\/fr\/wp-json\/wp\/v2\/media?parent=17276"}],"wp:term":[{"taxonomy":"category","embeddable":true,"href":"https:\/\/stiftadmont.at\/fr\/wp-json\/wp\/v2\/categories?post=17276"}],"curies":[{"name":"wp","href":"https:\/\/api.w.org\/{rel}","templated":true}]}}