{"id":19201,"date":"2023-08-02T14:30:02","date_gmt":"2023-08-02T12:30:02","guid":{"rendered":"https:\/\/stiftadmont.at\/?page_id=19201"},"modified":"2025-06-05T11:08:05","modified_gmt":"2025-06-05T09:08:05","slug":"ski-de-fond","status":"publish","type":"page","link":"https:\/\/stiftadmont.at\/fr\/familienparadies-kaiserau\/winter\/langlaufen\/","title":{"rendered":"Ski de fond"},"content":{"rendered":"<section id='lightpress__section--block_261ce2b0c88465ea3ae5654b4513f552' class='align-center lightpress__section--default-section-space lightpress__section lightpress__section--headline'><div class=\"headline__container\">\n            <p class=\"headline text--40 text-medium line line--gold line-above line-middle\">Langlaufen auf der Kaiserau<\/p>\n        <p class=\"text-center text-gold text--20 text-medium text--uppercase\">weitl\u00e4ufige Loipenanlage f\u00fcr alle Langlauf-Enthusiasten <\/p>\n        <div class=\"spacer--40\"><\/div>\n<\/div>\n\n<\/section>\n\n<section id='lightpress__section--block_c63c5bc6910cf4ee55606ac990024cc2' class='bg--beige lightpress__section--colored-bg lightpress__section--default-section-space lightpress__section lightpress__section--content'><div class=\"content__inner\"\n         x-init=\"initContentBlockAnim($el)\">\n        \n    <div class=\"content__grid content__grid--fifty-fifty\">\n                                            <div class=\"content__box content__box\"\n                 style=\"\">\n                                \n                \n                                            <div class=\"prose\"><p class=\"paragraph-m\">Neben dem alpinen Skilauf bietet die Kaiserau auch f\u00fcr Langlauf-Enthusiasten beste Bedingungen. Rund um das Schloss Kaiserau f\u00fchrt eine weitl\u00e4ufige und idyllisch angelegte Loipenanlage &#8211; f\u00fcr sportlich Aktive wie f\u00fcr Sonnenhungrige.<\/p>\n<p>\u00a0<\/p>\n<p class=\"paragraph-m\">Die rund 5 km lange Route entspricht den Anforderungen eines H\u00f6hentrainings. <strong>Die Ben\u00fctzung der Loipe ist ausschlie\u00dflich w\u00e4hrend der Betriebszeiten von 09:00 bis 16:00 Uhr gestattet!<\/strong><\/p>\n<p>\u00a0<\/p>\n<p class=\"paragraph-m\">Die Strecke bietet Platz f\u00fcr Anf\u00e4nger bis Profisportler, die entweder den Klassischen Stil oder Skaten bevorzugen. Es besteht die M\u00f6glichkeit, sich die gesamte Ausr\u00fcstung vor Ort auszuleihen. Die Ben\u00fctzung der Langlaufloipe ist gegen eine kleine Ben\u00fctzungsgeb\u00fchr m\u00f6glich. Die Loipenf\u00fchrung kann je nach Schneelage dem Winterpanorama abweichen.<\/p>\n<p>\u00a0<\/p>\n<p>\u00a0<\/p>\n<p>\u00a0<\/p>\n<h5 class=\"heading-m line line-above line--gold text-center\" style=\"margin-right: auto; margin-left: auto; max-width: 52ch;\"><strong><span style=\"color: var(--color-black);\">WINTERSAISON 2025\/2026<\/span><\/strong><\/h5>\n<p>\u00a0<\/p>\n<p class=\"paragraph-m text-center\" style=\"margin-right: auto; margin-left: auto; max-width: 52ch;\">20. Dezember 2025 bis 15. M\u00e4rz 2026<br \/>(je nach Schneelage)<\/p>\n<\/div>\n                    \n                            <\/div>\n        \n                                                    <div class=\"content__box content__box--2\"\n                     >\n                                        \n                    \n                                                <div class=\"content__media stickyTo\" x-init=\"imageSticky($el)\">\n\n                                                                                    <picture\n                                    class=\"content__image sticky\">\n                                <source srcset=\"https:\/\/stiftadmont.at\/wp-content\/uploads\/Kaiserau\u00a9StefanLeitner_037-e1634723571816-1024x683.webp\" type=\"image\/webp\">\n                                <source srcset=\"https:\/\/stiftadmont.at\/wp-content\/uploads\/Kaiserau\u00a9StefanLeitner_037-e1634723571816-1024x683.jpg\" type=\"image\/jpeg\">\n                                <img decoding=\"async\" class=\"sticky\" loading=\"lazy\" src=\"https:\/\/stiftadmont.at\/wp-content\/uploads\/Kaiserau\u00a9StefanLeitner_037-e1634723571816-1024x683.jpg\" alt=\"Kaiserau\u00a9StefanLeitner 037 e1634723571816\" \/>\n\n                                                                                                                            <\/picture>\n\n                        <\/div>\n\n                                    <\/div>\n            \n            <\/div>\n<\/div>\n\n    <div class=\"background__container background__container--beige\">\n    <\/div>\n\n<\/section>\n\n<section id='lightpress__section--block_a12c820c3a36c823845bbb27ab75f1a6' class='lightpress__section--default-section-space lightpress__section lightpress__section--image-slider'>\n<div class=\"image-slider\"\n     x-data=\"{ gallery: null, shown: false }\"\n     x-init=\"gallery = initSliderGallery([{&quot;href&quot;:&quot;https:\\\/\\\/stiftadmont.at\\\/wp-content\\\/uploads\\\/Kaiserau\\u00a9StefanLeitner_039_www-1920x1280.jpg&quot;,&quot;type&quot;:&quot;image&quot;},{&quot;href&quot;:&quot;https:\\\/\\\/stiftadmont.at\\\/wp-content\\\/uploads\\\/Kaiserau\\u00a9StefanLeitner_049-e1634723535425-1920x1280.jpg&quot;,&quot;type&quot;:&quot;image&quot;},{&quot;href&quot;:&quot;https:\\\/\\\/stiftadmont.at\\\/wp-content\\\/uploads\\\/Kaiserau\\u00a9StefanLeitner_052-e1634723519600-1920x1280.jpg&quot;,&quot;type&quot;:&quot;image&quot;},{&quot;href&quot;:&quot;https:\\\/\\\/stiftadmont.at\\\/wp-content\\\/uploads\\\/Kaiserau\\u00a9StefanLeitner_037-e1634723571816-1920x1280.jpg&quot;,&quot;type&quot;:&quot;image&quot;},{&quot;href&quot;:&quot;https:\\\/\\\/stiftadmont.at\\\/wp-content\\\/uploads\\\/Kaiserau\\u00a9StefanLeitner_030_www.jpg&quot;,&quot;type&quot;:&quot;image&quot;}]); initImageSliderBlockAnim($el);\">\n    <div class=\"image-slider__inner\">\n\n        <div class=\"swiper-container\" x-init=\"initImageSliderBlock($el, $refs.btnPrev, $refs.btnNext)\">\n            <div class=\"swiper-wrapper\">\n                                    <div class=\"swiper-slide\">\n                        <div class=\"image-slider__media\">\n                            <img decoding=\"async\" class=\"image-slider__image\"\n                                 src=\"https:\/\/stiftadmont.at\/wp-content\/uploads\/Kaiserau\u00a9StefanLeitner_039_www-768x512.jpg\"\n                                 alt=\"Kaiserau\u00a9StefanLeitner 039 www\">\n                        <\/div>\n                    <\/div>\n                                    <div class=\"swiper-slide\">\n                        <div class=\"image-slider__media\">\n                            <img decoding=\"async\" class=\"image-slider__image\"\n                                 src=\"https:\/\/stiftadmont.at\/wp-content\/uploads\/Kaiserau\u00a9StefanLeitner_049-e1634723535425-768x512.jpg\"\n                                 alt=\"Kaiserau\u00a9StefanLeitner 049 e1634723535425\">\n                        <\/div>\n                    <\/div>\n                                    <div class=\"swiper-slide\">\n                        <div class=\"image-slider__media\">\n                            <img decoding=\"async\" class=\"image-slider__image\"\n                                 src=\"https:\/\/stiftadmont.at\/wp-content\/uploads\/Kaiserau\u00a9StefanLeitner_052-e1634723519600-768x512.jpg\"\n                                 alt=\"Kaiserau\u00a9StefanLeitner 052 e1634723519600\">\n                        <\/div>\n                    <\/div>\n                                    <div class=\"swiper-slide\">\n                        <div class=\"image-slider__media\">\n                            <img decoding=\"async\" class=\"image-slider__image\"\n                                 src=\"https:\/\/stiftadmont.at\/wp-content\/uploads\/Kaiserau\u00a9StefanLeitner_037-e1634723571816-768x512.jpg\"\n                                 alt=\"Kaiserau\u00a9StefanLeitner 037 e1634723571816\">\n                        <\/div>\n                    <\/div>\n                                    <div class=\"swiper-slide\">\n                        <div class=\"image-slider__media\">\n                            <img decoding=\"async\" class=\"image-slider__image\"\n                                 src=\"https:\/\/stiftadmont.at\/wp-content\/uploads\/Kaiserau\u00a9StefanLeitner_030_www-768x1152.jpg\"\n                                 alt=\"Kaiserau\u00a9StefanLeitner 030 www\">\n                        <\/div>\n                    <\/div>\n                            <\/div>\n\n            <div class=\"swiper-nav-wrapper\">\n                <button class=\"swiper-button-prev slider-button--prev\" x-ref=\"btnPrev\"\n                        aria-label=\"Vorige Bilder anzeigen\">\n                    <img decoding=\"async\" src=\"\/wp-content\/themes\/stift-admont\/src\/assets\/img\/arrow-left-big-new.svg\" alt=\"Pfeil nach Links\">\n                <\/button>\n\n\n                <a class=\"image-slider__gallery\" @click=\"openGallery(gallery)\"><i class=\"fa-thin fa-plus\"><\/i><\/a>\n                <button class=\"swiper-button-next slider-button--next\"\n                        x-ref=\"btnNext\"\n                        aria-label=\"N\u00e4chste Bilder anzeigen\">\n                    <img decoding=\"async\" src=\"\/wp-content\/themes\/stift-admont\/src\/assets\/img\/arrow-right-big-new.svg\" alt=\"Pfeil nach Rechts\">\n                <\/button>\n            <\/div>\n        <\/div>\n    <\/div>\n\n\n<\/div><\/section>","protected":false},"excerpt":{"rendered":"","protected":false},"author":19,"featured_media":0,"parent":19040,"menu_order":59,"comment_status":"closed","ping_status":"closed","template":"","meta":{"_acf_changed":false,"footnotes":""},"categories":[],"class_list":["post-19201","page","type-page","status-publish","hentry"],"acf":[],"yoast_head":"<!-- This site is optimized with the Yoast SEO Premium plugin v26.0 (Yoast SEO v26.8) - https:\/\/yoast.com\/product\/yoast-seo-premium-wordpress\/ -->\n<title>Langlaufen - Stift Admont<\/title>\n<meta name=\"robots\" content=\"index, follow, max-snippet:-1, max-image-preview:large, max-video-preview:-1\" \/>\n<link rel=\"canonical\" href=\"https:\/\/stiftadmont.at\/fr\/paradis-des-familles-kaiserau\/hiver\/ski-de-fond\/\" \/>\n<meta property=\"og:locale\" content=\"fr_FR\" \/>\n<meta property=\"og:type\" content=\"article\" \/>\n<meta property=\"og:title\" content=\"Langlaufen\" \/>\n<meta property=\"og:url\" content=\"https:\/\/stiftadmont.at\/fr\/paradis-des-familles-kaiserau\/hiver\/ski-de-fond\/\" \/>\n<meta property=\"og:site_name\" content=\"Stift Admont\" \/>\n<meta property=\"article:modified_time\" content=\"2025-06-05T09:08:05+00:00\" \/>\n<meta property=\"og:image\" content=\"https:\/\/stiftadmont.at\/wp-content\/uploads\/Klosteranlage-innen.jpg\" \/>\n\t<meta property=\"og:image:width\" content=\"1912\" \/>\n\t<meta property=\"og:image:height\" content=\"1188\" \/>\n\t<meta property=\"og:image:type\" content=\"image\/jpeg\" \/>\n<meta name=\"twitter:card\" content=\"summary_large_image\" \/>\n<script type=\"application\/ld+json\" class=\"yoast-schema-graph\">{\"@context\":\"https:\/\/schema.org\",\"@graph\":[{\"@type\":\"WebPage\",\"@id\":\"https:\/\/stiftadmont.at\/familienparadies-kaiserau\/winter\/langlaufen\/\",\"url\":\"https:\/\/stiftadmont.at\/familienparadies-kaiserau\/winter\/langlaufen\/\",\"name\":\"Langlaufen - Stift Admont\",\"isPartOf\":{\"@id\":\"https:\/\/stiftadmont.at\/#website\"},\"datePublished\":\"2023-08-02T12:30:02+00:00\",\"dateModified\":\"2025-06-05T09:08:05+00:00\",\"breadcrumb\":{\"@id\":\"https:\/\/stiftadmont.at\/familienparadies-kaiserau\/winter\/langlaufen\/#breadcrumb\"},\"inLanguage\":\"fr-FR\",\"potentialAction\":[{\"@type\":\"ReadAction\",\"target\":[\"https:\/\/stiftadmont.at\/familienparadies-kaiserau\/winter\/langlaufen\/\"]}]},{\"@type\":\"BreadcrumbList\",\"@id\":\"https:\/\/stiftadmont.at\/familienparadies-kaiserau\/winter\/langlaufen\/#breadcrumb\",\"itemListElement\":[{\"@type\":\"ListItem\",\"position\":1,\"name\":\"Start\",\"item\":\"https:\/\/stiftadmont.at\/\"},{\"@type\":\"ListItem\",\"position\":2,\"name\":\"Familienparadies Kaiserau\",\"item\":\"https:\/\/stiftadmont.at\/familienparadies-kaiserau\/\"},{\"@type\":\"ListItem\",\"position\":3,\"name\":\"Winter auf der Kaiserau\",\"item\":\"https:\/\/stiftadmont.at\/familienparadies-kaiserau\/winter\/\"},{\"@type\":\"ListItem\",\"position\":4,\"name\":\"Langlaufen\"}]},{\"@type\":\"WebSite\",\"@id\":\"https:\/\/stiftadmont.at\/#website\",\"url\":\"https:\/\/stiftadmont.at\/\",\"name\":\"Stift Admont\",\"description\":\"Benediktinerkloster und Sehensw\u00fcrdigkeit im Ges\u00e4use\",\"potentialAction\":[{\"@type\":\"SearchAction\",\"target\":{\"@type\":\"EntryPoint\",\"urlTemplate\":\"https:\/\/stiftadmont.at\/?s={search_term_string}\"},\"query-input\":{\"@type\":\"PropertyValueSpecification\",\"valueRequired\":true,\"valueName\":\"search_term_string\"}}],\"inLanguage\":\"fr-FR\"}]}<\/script>\n<!-- \/ Yoast SEO Premium plugin. -->","yoast_head_json":{"title":"Ski de fond - Stift Admont","robots":{"index":"index","follow":"follow","max-snippet":"max-snippet:-1","max-image-preview":"max-image-preview:large","max-video-preview":"max-video-preview:-1"},"canonical":"https:\/\/stiftadmont.at\/fr\/paradis-des-familles-kaiserau\/hiver\/ski-de-fond\/","og_locale":"fr_FR","og_type":"article","og_title":"Langlaufen","og_url":"https:\/\/stiftadmont.at\/fr\/paradis-des-familles-kaiserau\/hiver\/ski-de-fond\/","og_site_name":"Stift Admont","article_modified_time":"2025-06-05T09:08:05+00:00","og_image":[{"width":1912,"height":1188,"url":"https:\/\/stiftadmont.at\/wp-content\/uploads\/Klosteranlage-innen.jpg","type":"image\/jpeg"}],"twitter_card":"summary_large_image","schema":{"@context":"https:\/\/schema.org","@graph":[{"@type":"WebPage","@id":"https:\/\/stiftadmont.at\/familienparadies-kaiserau\/winter\/langlaufen\/","url":"https:\/\/stiftadmont.at\/familienparadies-kaiserau\/winter\/langlaufen\/","name":"Ski de fond - Stift Admont","isPartOf":{"@id":"https:\/\/stiftadmont.at\/#website"},"datePublished":"2023-08-02T12:30:02+00:00","dateModified":"2025-06-05T09:08:05+00:00","breadcrumb":{"@id":"https:\/\/stiftadmont.at\/familienparadies-kaiserau\/winter\/langlaufen\/#breadcrumb"},"inLanguage":"fr-FR","potentialAction":[{"@type":"ReadAction","target":["https:\/\/stiftadmont.at\/familienparadies-kaiserau\/winter\/langlaufen\/"]}]},{"@type":"BreadcrumbList","@id":"https:\/\/stiftadmont.at\/familienparadies-kaiserau\/winter\/langlaufen\/#breadcrumb","itemListElement":[{"@type":"ListItem","position":1,"name":"Start","item":"https:\/\/stiftadmont.at\/"},{"@type":"ListItem","position":2,"name":"Familienparadies Kaiserau","item":"https:\/\/stiftadmont.at\/familienparadies-kaiserau\/"},{"@type":"ListItem","position":3,"name":"Winter auf der Kaiserau","item":"https:\/\/stiftadmont.at\/familienparadies-kaiserau\/winter\/"},{"@type":"ListItem","position":4,"name":"Langlaufen"}]},{"@type":"WebSite","@id":"https:\/\/stiftadmont.at\/#website","url":"https:\/\/stiftadmont.at\/","name":"Abbaye d'Admont","description":"Monast\u00e8re b\u00e9n\u00e9dictin et attraction touristique dans le Ges\u00e4use","potentialAction":[{"@type":"SearchAction","target":{"@type":"EntryPoint","urlTemplate":"https:\/\/stiftadmont.at\/?s={search_term_string}"},"query-input":{"@type":"PropertyValueSpecification","valueRequired":true,"valueName":"search_term_string"}}],"inLanguage":"fr-FR"}]}},"_links":{"self":[{"href":"https:\/\/stiftadmont.at\/fr\/wp-json\/wp\/v2\/pages\/19201","targetHints":{"allow":["GET"]}}],"collection":[{"href":"https:\/\/stiftadmont.at\/fr\/wp-json\/wp\/v2\/pages"}],"about":[{"href":"https:\/\/stiftadmont.at\/fr\/wp-json\/wp\/v2\/types\/page"}],"author":[{"embeddable":true,"href":"https:\/\/stiftadmont.at\/fr\/wp-json\/wp\/v2\/users\/19"}],"replies":[{"embeddable":true,"href":"https:\/\/stiftadmont.at\/fr\/wp-json\/wp\/v2\/comments?post=19201"}],"version-history":[{"count":88,"href":"https:\/\/stiftadmont.at\/fr\/wp-json\/wp\/v2\/pages\/19201\/revisions"}],"predecessor-version":[{"id":35326,"href":"https:\/\/stiftadmont.at\/fr\/wp-json\/wp\/v2\/pages\/19201\/revisions\/35326"}],"up":[{"embeddable":true,"href":"https:\/\/stiftadmont.at\/fr\/wp-json\/wp\/v2\/pages\/19040"}],"wp:attachment":[{"href":"https:\/\/stiftadmont.at\/fr\/wp-json\/wp\/v2\/media?parent=19201"}],"wp:term":[{"taxonomy":"category","embeddable":true,"href":"https:\/\/stiftadmont.at\/fr\/wp-json\/wp\/v2\/categories?post=19201"}],"curies":[{"name":"wp","href":"https:\/\/api.w.org\/{rel}","templated":true}]}}