{"id":19232,"date":"2023-08-02T15:35:34","date_gmt":"2023-08-02T13:35:34","guid":{"rendered":"https:\/\/stiftadmont.at\/?page_id=19232"},"modified":"2025-01-31T10:20:02","modified_gmt":"2025-01-31T08:20:02","slug":"projets","status":"publish","type":"page","link":"https:\/\/stiftadmont.at\/fr\/familienparadies-kaiserau\/projekte\/","title":{"rendered":"Projets"},"content":{"rendered":"<section id='lightpress__section--block_d4dd4f0ca04d3f6f13b4ebc912ea566a' class='align-center lightpress__section--default-section-space lightpress__section lightpress__section--headline'><div class=\"headline__container\">\n            <p class=\"headline text--40 text-medium line line--gold line-above line-middle\">Projekte auf der Kaiserau<\/p>\n        <p class=\"text-center text-gold text--20 text-medium text--uppercase\">In den letzten Jahren wurden zahlreiche Projekte auf der Kaiserau umgesetzt<\/p>\n        <div class=\"spacer--40\"><\/div>\n<\/div>\n\n<\/section>\n\n<section id='lightpress__section--block_052b313b3f82ac3d5e5f9766b86dcbe9' class='lightpress__section--default-section-space lightpress__section lightpress__section--content'><div class=\"content__inner\"\n         x-init=\"initContentBlockAnim($el)\">\n        \n    <div class=\"content__grid content__grid\">\n                                            <div class=\"content__box content__box--one-hundred\"\n                 style=\"\">\n                                \n                \n                                            <div class=\"prose\"><p class=\"paragraph-m\">Das Ges\u00e4use ist vor allem Bergsteigern und Wildwassersportlern ein Begriff. Gepr\u00e4gt durch das wilde Wasser und den steilen Fels sind bis auf wenige Ausnahmen die touristischen und freizeittechnischen Angebote auf Bergsteiger und Wildwassersportler ausgerichtet. Allerdings l\u00e4sst sich in den letzten Jahren ein Trend hin zum Familienurlaub erkennen.<\/p>\n<p class=\"paragraph-m\">Durch ihre Topografie ist die Kaiserau perfekt geeignet, um Angebote auf die gesamte Familie ausrichten zu k\u00f6nnen. Obwohl erste Schritte in diese Richtung (zB Gr\u00fcndung der Ges\u00e4use Skischule) bereits gesetzt wurden, sollten auf der Kaiserau eine dementsprechende Infrastruktur bzw. ein weitreichenderes Angebot geschaffen werden.<\/p>\n<p class=\"paragraph-m\">\u00a0<\/p>\n<p class=\"paragraph-m\">\u00a0<\/p>\n<p>\u00a0<\/p>\n<h5 class=\"heading-m line line-above line--gold\"><strong>Projekt: &#8222;Kaiserau &#8211; Das familienfreundliche Freizeitparadies&#8220;\u00a0<\/strong><\/h5>\n<p>\u00a0<\/p>\n<p class=\"paragraph-m\">Dieses Leader-Projekt verfolgt das Ziel, durch Adaptierungen und Neuerungen auf der Kaiserau die Wertsch\u00f6pfung in der Gesamtregion Ges\u00e4use ganzj\u00e4hrig und nachhaltig zu st\u00e4rken. Um den Buchungszahlen Rechnung zu tragen, wurden einige Kernpunkte des Projektes (Themen-Rundweg, Abenteuerspielplatz, Ski-Kinderland) speziell f\u00fcr Familien mit Kindern geschaffen bzw. kindgerecht aufbereitet.<\/p>\n<p class=\"paragraph-m\">Durch Adaptierungen im bestehenden Gastronomiebetrieb, die Schaffung eines Leitsystems und die teilweise Begr\u00fcnung des Parkplatzes sollte das idyllische Hochplateau auf der Kaiserau f\u00fcr Touristen und Einheimische gleicherma\u00dfen erlebbar gemacht werden und als Erholungsgebiet dienen.<\/p>\n<p>\u00a0<\/p>\n<p class=\"paragraph-m\">Projekt-Gesamtkosten:\u00a0 \u00a0 \u00a0 \u00a0 \u00a0 \u00a0 \u20ac 753.913,52<\/p>\n<p class=\"paragraph-m\">Maximaler F\u00f6rderbetrag:\u00a0 \u00a0 \u00a0 \u00a0 \u20ac 452.348,12<\/p>\n<p class=\"paragraph-m\">Fertigstellungszeitpunkt:\u00a0 \u00a0 \u00a0 \u00a0 \u00a0April 2019<\/p>\n<p class=\"paragraph-m\">\u00a0<\/p>\n<p>\u00a0<\/p>\n<p>\u00a0<\/p>\n<h5 class=\"heading-m line line-above line--gold\"><strong>Projekt: &#8222;Kaiserau \u2013 Entdecken, Erleben, Genie\u00dfen!\u201c<\/strong><\/h5>\n<p>\u00a0<\/p>\n<p class=\"paragraph-m\">Die Kaiserau Tourismus GmbH verfolgt mit dem Projekt das Ziel, die (durch das Leader-Projekt \u201eKaiserau \u2013 Das familienfreundliche Freizeitparadies\u201c erreichten) umfassenden Angebotserweiterungen und Adaptierungen der Kaiserau zielgruppenorientiert und bedarfsgerecht zu vermarkten und weitere Angebote zu schaffen\u2013 dies stets unter Ber\u00fccksichtigung der regionalen touristischen Anforderungen. Es muss gelingen, im Rahmen dieses Projektes unter anderem das Bewusstsein zum Thema \u201eregionale Sommer- und Winterangebote\u201c und \u201eKaiserau \u2013 Entdecken! Erleben! Genie\u00dfen!\u201c zu sch\u00e4rfen und durch Pr\u00e4senz in (\u00fcber-)regionalen Print- und Onlinemedien das Erholungsgebiet \u201eKaiserau\u201c als Standort abzusichern. Durch die Errichtung eines sogenannten Pumptracks wird ein zus\u00e4tzliches Angebot f\u00fcr G\u00e4ste der Kaiserau geboten \u2013 und das von Jung bis Alt. Besonders die Konzentration, Koordination, das Gleichgewicht und damit die Verkehrssicherheit von Kindern und Erwachsenen wird dadurch gef\u00f6rdert und nicht zuletzt die Gesundheit gest\u00e4rkt. Ebenso soll durch die Errichtung einer ad\u00e4quaten Ladeinfrastruktur f\u00fcr E-Bikes die \u201eDestination Kaiserau\u201c auch f\u00fcr E-Bike-FahrerInnen attraktiver werden. Gerade der Trend des \u201eE-Biken\u201c wird immer st\u00e4rker und eine entsprechende Infrastruktur vor Ort ist daf\u00fcr unverzichtbar. Nicht zuletzt wird dadurch eine effiziente und abgestimmte Umsetzung der regionalpolitischen Entwicklungsvorhaben gew\u00e4hrleistet und den Grunds\u00e4tzen der LEADER-Region Liezen-Ges\u00e4use entsprochen. Die vorhandenen St\u00e4rken der gesamten Region werden auch zuk\u00fcnftig noch pr\u00e4ziser und vor allem attraktiver kommuniziert. Die Sch\u00e4rfung der Positionierung z\u00e4hlt zu den Hauptschwerpunkten der zuk\u00fcnftigen Arbeit im Tourismusbereich.<\/p>\n<p>\u00a0<\/p>\n<p class=\"paragraph-m\">Projekt-Gesamtkosten:\u00a0 \u00a0 \u00a0 \u00a0 \u00a0 \u00a0 \u00a0 \u00a0\u20ac 92.922,04<\/p>\n<p class=\"paragraph-m\">Maximaler F\u00f6rderbetrag:\u00a0 \u00a0 \u00a0 \u00a0 \u00a0 \u00a0\u20ac 55.753,22<\/p>\n<p class=\"paragraph-m\">Fertigstellungszeitpunkt:\u00a0 \u00a0 \u00a0 \u00a0 \u00a0 \u00a0 September 2019<\/p>\n<p class=\"paragraph-m\">\u00a0<\/p>\n<p style=\"margin-bottom: 2em; color: #777777; font-family: 'Open Sans', Arial, sans-serif; font-size: 16px; background-color: #ffffff;\">\u00a0<\/p>\n<h5 class=\"heading-m line line-above line--gold\"><strong>Projekt: &#8222;Kinderski f\u00fcr die Region&#8220;<\/strong><\/h5>\n<p>\u00a0<\/p>\n<p>\u00a0<\/p>\n<p class=\"paragraph-m\">Um die Kinder beim Erlernen des Skifahrens zu unterst\u00fctzen und die Eltern j\u00e4hrlich finanziell bei der Anschaffung von neuen Ski Equipment zu entlasten, wurde das LEADER Projekt \u201eKinderski f\u00fcr die Region\u201c gemacht. Die F\u00f6rderung des Skinachwuchses ist der Kaiserau Tourismus GmbH ein gro\u00dfes Anliegen. Deshalb wurden allen Sch\u00fcler*innen der 1. und 2. Volksschulklasse, sowie den Kindergartenkindern der Gemeinden Admont und Ardning eine kostenlose Skiausr\u00fcstung (Ski und Skischuhe) zur Verf\u00fcgung gestellt.<\/p>\n<p>\u00a0<\/p>\n<p class=\"paragraph-m\">Projekt-Gesamtkosten:\u00a0 \u00a0 \u00a0 \u00a0 \u00a0 \u00a0 \u00a0 \u00a0\u20ac 38.772,74<\/p>\n<p class=\"paragraph-m\">Maximaler F\u00f6rderbetrag:\u00a0 \u00a0 \u00a0 \u00a0 \u00a0 \u00a0\u20ac 23.263,72<\/p>\n<p class=\"paragraph-m\">Fertigstellungszeitpunkt:\u00a0 \u00a0 \u00a0 \u00a0 \u00a0 \u00a0 Juni 2020<\/p>\n<p class=\"paragraph-m\">\u00a0<\/p>\n<\/div>\n                    \n                            <\/div>\n        \n            <\/div>\n<\/div>\n\n<\/section>\n\n<section id='lightpress__section--block_0d41df90fb691b70ec5b02354d6dbf16' class='lightpress__section lightpress__section--image lightpress__section-- lightpress__section--'>                        <img decoding=\"async\" src=\"https:\/\/stiftadmont.at\/wp-content\/uploads\/Foeg_Leiste-Bund_ELER_LAND_LEADER-EU-STMK-scaled.jpg\" alt=\"4 Foeg Leiste Bund+ELER+Land+Leader+EU 2022 4C\" \/>\n<\/section>\n\n<section id='lightpress__section--block_1f5b5e7777a3fc7fcd4b76161afbb344' class='lightpress__section--default-section-space lightpress__section lightpress__section--content'><div class=\"content__inner\"\n         x-init=\"initContentBlockAnim($el)\">\n        \n    <div class=\"content__grid content__grid\">\n                                            <div class=\"content__box content__box--one-hundred\"\n                 style=\"\">\n                                \n                \n                                            <div class=\"prose\"><p class=\"paragraph-m\"><strong>weitere Informationen unter:\u00a0<\/strong><\/p>\n<p class=\"paragraph-m\"><a href=\"http:\/\/www.landesentwicklung.steiermark.at\/cms\/ziel\/141980347\/DE\" target=\"_blank\" rel=\"noopener noreferrer\">www.landesentwicklung.steiermark.at<\/a><\/p>\n<p class=\"paragraph-m\"><a href=\"http:\/\/www.bmlrt.gv.at\/\">www.bmlrt.gv.at<\/a><\/p>\n<p class=\"paragraph-m\"><a href=\"http:\/\/ec.europa.eu\/agriculture\/rural-development-2014-2020_de\" target=\"_blank\" rel=\"noopener noreferrer\">ec.europa.eu<\/a><\/p>\n<p class=\"paragraph-m\"><a href=\"http:\/\/www.rml.at\/leader\" target=\"_blank\" rel=\"noopener noreferrer\">www.rml.at\/leader<\/a><\/p>\n<\/div>\n                    \n                            <\/div>\n        \n            <\/div>\n<\/div>\n\n<\/section>\n\n<section id='lightpress__section--block_990bdb05819b1c977bd4aacec1c96d98' class='lightpress__section--default-section-space lightpress__section lightpress__section--image-slider'>\n<div class=\"image-slider\"\n     x-data=\"{ gallery: null, shown: false }\"\n     x-init=\"gallery = initSliderGallery([{&quot;href&quot;:&quot;https:\\\/\\\/stiftadmont.at\\\/wp-content\\\/uploads\\\/spielplatz3.jpg&quot;,&quot;type&quot;:&quot;image&quot;},{&quot;href&quot;:&quot;https:\\\/\\\/stiftadmont.at\\\/wp-content\\\/uploads\\\/Kaiserau-Station-12-2-1920x1440.jpg&quot;,&quot;type&quot;:&quot;image&quot;},{&quot;href&quot;:&quot;https:\\\/\\\/stiftadmont.at\\\/wp-content\\\/uploads\\\/Kaiserau-Station-7-1920x1440.jpg&quot;,&quot;type&quot;:&quot;image&quot;},{&quot;href&quot;:&quot;https:\\\/\\\/stiftadmont.at\\\/wp-content\\\/uploads\\\/Kaiserau_\\u00a9ThomasSattler-3-e1648800904845-1920x1280.jpg&quot;,&quot;type&quot;:&quot;image&quot;},{&quot;href&quot;:&quot;https:\\\/\\\/stiftadmont.at\\\/wp-content\\\/uploads\\\/Kaiserau_Themenweg_Plan_RZ_L.png&quot;,&quot;type&quot;:&quot;image&quot;},{&quot;href&quot;:&quot;https:\\\/\\\/stiftadmont.at\\\/wp-content\\\/uploads\\\/Stift-Admont-Foto-Kaiserau-Skier-1920x2204.jpg&quot;,&quot;type&quot;:&quot;image&quot;}]); initImageSliderBlockAnim($el);\">\n    <div class=\"image-slider__inner\">\n\n        <div class=\"swiper-container\" x-init=\"initImageSliderBlock($el, $refs.btnPrev, $refs.btnNext)\">\n            <div class=\"swiper-wrapper\">\n                                    <div class=\"swiper-slide\">\n                        <div class=\"image-slider__media\">\n                            <img decoding=\"async\" class=\"image-slider__image\"\n                                 src=\"https:\/\/stiftadmont.at\/wp-content\/uploads\/spielplatz3-768x576.jpg\"\n                                 alt=\"spielplatz3\">\n                        <\/div>\n                    <\/div>\n                                    <div class=\"swiper-slide\">\n                        <div class=\"image-slider__media\">\n                            <img decoding=\"async\" class=\"image-slider__image\"\n                                 src=\"https:\/\/stiftadmont.at\/wp-content\/uploads\/Kaiserau-Station-12-2-768x576.jpg\"\n                                 alt=\"dav\">\n                        <\/div>\n                    <\/div>\n                                    <div class=\"swiper-slide\">\n                        <div class=\"image-slider__media\">\n                            <img decoding=\"async\" class=\"image-slider__image\"\n                                 src=\"https:\/\/stiftadmont.at\/wp-content\/uploads\/Kaiserau-Station-7-768x576.jpg\"\n                                 alt=\"dav\">\n                        <\/div>\n                    <\/div>\n                                    <div class=\"swiper-slide\">\n                        <div class=\"image-slider__media\">\n                            <img decoding=\"async\" class=\"image-slider__image\"\n                                 src=\"https:\/\/stiftadmont.at\/wp-content\/uploads\/Kaiserau_\u00a9ThomasSattler-3-e1648800904845-768x512.jpg\"\n                                 alt=\"Kaiserau \u00a9ThomasSattler 3 e1648800904845\">\n                        <\/div>\n                    <\/div>\n                                    <div class=\"swiper-slide\">\n                        <div class=\"image-slider__media\">\n                            <img decoding=\"async\" class=\"image-slider__image\"\n                                 src=\"https:\/\/stiftadmont.at\/wp-content\/uploads\/Kaiserau_Themenweg_Plan_RZ_L-768x382.png\"\n                                 alt=\"Kaiserau Themenweg Plan RZ L\">\n                        <\/div>\n                    <\/div>\n                                    <div class=\"swiper-slide\">\n                        <div class=\"image-slider__media\">\n                            <img decoding=\"async\" class=\"image-slider__image\"\n                                 src=\"https:\/\/stiftadmont.at\/wp-content\/uploads\/Stift-Admont-Foto-Kaiserau-Skier-768x882.jpg\"\n                                 alt=\"Stift Admont Foto Kaiserau Skier scaled\">\n                        <\/div>\n                    <\/div>\n                            <\/div>\n\n            <div class=\"swiper-nav-wrapper\">\n                <button class=\"swiper-button-prev slider-button--prev\" x-ref=\"btnPrev\"\n                        aria-label=\"Vorige Bilder anzeigen\">\n                    <img decoding=\"async\" src=\"\/wp-content\/themes\/stift-admont\/src\/assets\/img\/arrow-left-big-new.svg\" alt=\"Pfeil nach Links\">\n                <\/button>\n\n\n                <a class=\"image-slider__gallery\" @click=\"openGallery(gallery)\"><i class=\"fa-thin fa-plus\"><\/i><\/a>\n                <button class=\"swiper-button-next slider-button--next\"\n                        x-ref=\"btnNext\"\n                        aria-label=\"N\u00e4chste Bilder anzeigen\">\n                    <img decoding=\"async\" src=\"\/wp-content\/themes\/stift-admont\/src\/assets\/img\/arrow-right-big-new.svg\" alt=\"Pfeil nach Rechts\">\n                <\/button>\n            <\/div>\n        <\/div>\n    <\/div>\n\n\n<\/div><\/section>","protected":false},"excerpt":{"rendered":"","protected":false},"author":19,"featured_media":0,"parent":478,"menu_order":4,"comment_status":"closed","ping_status":"closed","template":"","meta":{"_acf_changed":false,"footnotes":""},"categories":[],"class_list":["post-19232","page","type-page","status-publish","hentry"],"acf":[],"yoast_head":"<!-- This site is optimized with the Yoast SEO Premium plugin v26.0 (Yoast SEO v26.8) - https:\/\/yoast.com\/product\/yoast-seo-premium-wordpress\/ -->\n<title>Projekte - Stift Admont<\/title>\n<meta name=\"robots\" content=\"index, follow, max-snippet:-1, max-image-preview:large, max-video-preview:-1\" \/>\n<link rel=\"canonical\" href=\"https:\/\/stiftadmont.at\/fr\/paradis-des-familles-kaiserau\/projets\/\" \/>\n<meta property=\"og:locale\" content=\"fr_FR\" \/>\n<meta property=\"og:type\" content=\"article\" \/>\n<meta property=\"og:title\" content=\"Projekte\" \/>\n<meta property=\"og:url\" content=\"https:\/\/stiftadmont.at\/fr\/paradis-des-familles-kaiserau\/projets\/\" \/>\n<meta property=\"og:site_name\" content=\"Stift Admont\" \/>\n<meta property=\"article:modified_time\" content=\"2025-01-31T08:20:02+00:00\" \/>\n<meta property=\"og:image\" content=\"https:\/\/stiftadmont.at\/wp-content\/uploads\/Klosteranlage-innen.jpg\" \/>\n\t<meta property=\"og:image:width\" content=\"1912\" \/>\n\t<meta property=\"og:image:height\" content=\"1188\" \/>\n\t<meta property=\"og:image:type\" content=\"image\/jpeg\" \/>\n<meta name=\"twitter:card\" content=\"summary_large_image\" \/>\n<script type=\"application\/ld+json\" class=\"yoast-schema-graph\">{\"@context\":\"https:\/\/schema.org\",\"@graph\":[{\"@type\":\"WebPage\",\"@id\":\"https:\/\/stiftadmont.at\/familienparadies-kaiserau\/projekte\/\",\"url\":\"https:\/\/stiftadmont.at\/familienparadies-kaiserau\/projekte\/\",\"name\":\"Projekte - Stift Admont\",\"isPartOf\":{\"@id\":\"https:\/\/stiftadmont.at\/#website\"},\"datePublished\":\"2023-08-02T13:35:34+00:00\",\"dateModified\":\"2025-01-31T08:20:02+00:00\",\"breadcrumb\":{\"@id\":\"https:\/\/stiftadmont.at\/familienparadies-kaiserau\/projekte\/#breadcrumb\"},\"inLanguage\":\"fr-FR\",\"potentialAction\":[{\"@type\":\"ReadAction\",\"target\":[\"https:\/\/stiftadmont.at\/familienparadies-kaiserau\/projekte\/\"]}]},{\"@type\":\"BreadcrumbList\",\"@id\":\"https:\/\/stiftadmont.at\/familienparadies-kaiserau\/projekte\/#breadcrumb\",\"itemListElement\":[{\"@type\":\"ListItem\",\"position\":1,\"name\":\"Start\",\"item\":\"https:\/\/stiftadmont.at\/\"},{\"@type\":\"ListItem\",\"position\":2,\"name\":\"Familienparadies Kaiserau\",\"item\":\"https:\/\/stiftadmont.at\/familienparadies-kaiserau\/\"},{\"@type\":\"ListItem\",\"position\":3,\"name\":\"Projekte\"}]},{\"@type\":\"WebSite\",\"@id\":\"https:\/\/stiftadmont.at\/#website\",\"url\":\"https:\/\/stiftadmont.at\/\",\"name\":\"Stift Admont\",\"description\":\"Benediktinerkloster und Sehensw\u00fcrdigkeit im Ges\u00e4use\",\"potentialAction\":[{\"@type\":\"SearchAction\",\"target\":{\"@type\":\"EntryPoint\",\"urlTemplate\":\"https:\/\/stiftadmont.at\/?s={search_term_string}\"},\"query-input\":{\"@type\":\"PropertyValueSpecification\",\"valueRequired\":true,\"valueName\":\"search_term_string\"}}],\"inLanguage\":\"fr-FR\"}]}<\/script>\n<!-- \/ Yoast SEO Premium plugin. -->","yoast_head_json":{"title":"Projets - Abbaye d'Admont","robots":{"index":"index","follow":"follow","max-snippet":"max-snippet:-1","max-image-preview":"max-image-preview:large","max-video-preview":"max-video-preview:-1"},"canonical":"https:\/\/stiftadmont.at\/fr\/paradis-des-familles-kaiserau\/projets\/","og_locale":"fr_FR","og_type":"article","og_title":"Projekte","og_url":"https:\/\/stiftadmont.at\/fr\/paradis-des-familles-kaiserau\/projets\/","og_site_name":"Stift Admont","article_modified_time":"2025-01-31T08:20:02+00:00","og_image":[{"width":1912,"height":1188,"url":"https:\/\/stiftadmont.at\/wp-content\/uploads\/Klosteranlage-innen.jpg","type":"image\/jpeg"}],"twitter_card":"summary_large_image","schema":{"@context":"https:\/\/schema.org","@graph":[{"@type":"WebPage","@id":"https:\/\/stiftadmont.at\/familienparadies-kaiserau\/projekte\/","url":"https:\/\/stiftadmont.at\/familienparadies-kaiserau\/projekte\/","name":"Projets - Abbaye d'Admont","isPartOf":{"@id":"https:\/\/stiftadmont.at\/#website"},"datePublished":"2023-08-02T13:35:34+00:00","dateModified":"2025-01-31T08:20:02+00:00","breadcrumb":{"@id":"https:\/\/stiftadmont.at\/familienparadies-kaiserau\/projekte\/#breadcrumb"},"inLanguage":"fr-FR","potentialAction":[{"@type":"ReadAction","target":["https:\/\/stiftadmont.at\/familienparadies-kaiserau\/projekte\/"]}]},{"@type":"BreadcrumbList","@id":"https:\/\/stiftadmont.at\/familienparadies-kaiserau\/projekte\/#breadcrumb","itemListElement":[{"@type":"ListItem","position":1,"name":"Start","item":"https:\/\/stiftadmont.at\/"},{"@type":"ListItem","position":2,"name":"Familienparadies Kaiserau","item":"https:\/\/stiftadmont.at\/familienparadies-kaiserau\/"},{"@type":"ListItem","position":3,"name":"Projekte"}]},{"@type":"WebSite","@id":"https:\/\/stiftadmont.at\/#website","url":"https:\/\/stiftadmont.at\/","name":"Abbaye d'Admont","description":"Monast\u00e8re b\u00e9n\u00e9dictin et attraction touristique dans le Ges\u00e4use","potentialAction":[{"@type":"SearchAction","target":{"@type":"EntryPoint","urlTemplate":"https:\/\/stiftadmont.at\/?s={search_term_string}"},"query-input":{"@type":"PropertyValueSpecification","valueRequired":true,"valueName":"search_term_string"}}],"inLanguage":"fr-FR"}]}},"_links":{"self":[{"href":"https:\/\/stiftadmont.at\/fr\/wp-json\/wp\/v2\/pages\/19232","targetHints":{"allow":["GET"]}}],"collection":[{"href":"https:\/\/stiftadmont.at\/fr\/wp-json\/wp\/v2\/pages"}],"about":[{"href":"https:\/\/stiftadmont.at\/fr\/wp-json\/wp\/v2\/types\/page"}],"author":[{"embeddable":true,"href":"https:\/\/stiftadmont.at\/fr\/wp-json\/wp\/v2\/users\/19"}],"replies":[{"embeddable":true,"href":"https:\/\/stiftadmont.at\/fr\/wp-json\/wp\/v2\/comments?post=19232"}],"version-history":[{"count":19,"href":"https:\/\/stiftadmont.at\/fr\/wp-json\/wp\/v2\/pages\/19232\/revisions"}],"predecessor-version":[{"id":32502,"href":"https:\/\/stiftadmont.at\/fr\/wp-json\/wp\/v2\/pages\/19232\/revisions\/32502"}],"up":[{"embeddable":true,"href":"https:\/\/stiftadmont.at\/fr\/wp-json\/wp\/v2\/pages\/478"}],"wp:attachment":[{"href":"https:\/\/stiftadmont.at\/fr\/wp-json\/wp\/v2\/media?parent=19232"}],"wp:term":[{"taxonomy":"category","embeddable":true,"href":"https:\/\/stiftadmont.at\/fr\/wp-json\/wp\/v2\/categories?post=19232"}],"curies":[{"name":"wp","href":"https:\/\/api.w.org\/{rel}","templated":true}]}}