{"id":20202,"date":"2023-09-22T10:58:32","date_gmt":"2023-09-22T08:58:32","guid":{"rendered":"https:\/\/stiftadmont.at\/?page_id=20202"},"modified":"2025-08-28T13:23:51","modified_gmt":"2025-08-28T11:23:51","slug":"art-floral","status":"publish","type":"page","link":"https:\/\/stiftadmont.at\/fr\/stiftsgaertnerei-blumen-und-wein\/floristik\/","title":{"rendered":"Fleurs et art floral"},"content":{"rendered":"<section id='lightpress__section--block_6f9c9643ba5242fcce8a129d83d1824a' class='lightpress__section--default-section-space lightpress__section lightpress__section--content'><div class=\"content__inner\"\n         x-init=\"initContentBlockAnim($el)\">\n        \n    <div class=\"content__grid content__grid--fifty-fifty\">\n                                            <div class=\"content__box content__box\"\n                 style=\"\">\n                                \n                \n                                        <div class=\"content__media stickyTo\" x-init=\"imageSticky($el)\">\n\n                                                                                                <picture\n                                class=\"content__image sticky\">\n                            <source srcset=\"https:\/\/stiftadmont.at\/wp-content\/uploads\/Blumenhaus-Admont-1024x661.png\"\n                                    type=\"image\/webp\">\n                            <source srcset=\"https:\/\/stiftadmont.at\/wp-content\/uploads\/Blumenhaus-Admont-1024x661.png\"\n                                    type=\"image\/jpeg\">\n                            <img decoding=\"async\" loading=\"lazy\" src=\"https:\/\/stiftadmont.at\/wp-content\/uploads\/Blumenhaus-Admont-1024x661.png\" alt=\"Maison des fleurs Admont\" width=\"600\" height=\"450\" \/>\n                                                                                                            <\/picture>\n\n                    <\/div>\n\n                            <\/div>\n        \n                                                    <div class=\"content__box content__box--2\"\n                     >\n                                        \n                    \n                                                    <div class=\"prose\"><h5 class=\"heading-m line line-above line--gold\" data-start=\"0\" data-end=\"76\"><strong data-start=\"3\" data-end=\"73\">Boutique de fleurs \u00e0 l'abbaye d'Admont - Offrir de beaux cadeaux, faire plaisir<\/strong><\/h5>\n<p data-start=\"0\" data-end=\"76\">\u00a0<\/p>\n<p data-start=\"78\" data-end=\"328\">Notre boutique de fleurs est\u00a0<strong data-start=\"103\" data-end=\"134\">ouvert toute l'ann\u00e9e pour vous<\/strong>\u00a0- \u00e0 chaque saison, \u00e0 chaque occasion. Que ce soit pour un cadeau affectueux, une d\u00e9coration \u00e9l\u00e9gante ou une petite attention de temps en temps : Chez nous, vous trouverez\u00a0<strong data-start=\"286\" data-end=\"327\">tout ce qui fait fleurir le c\u0153ur<\/strong>.<\/p>\n<p data-start=\"78\" data-end=\"328\">\u00a0<\/p>\n<p data-start=\"330\" data-end=\"565\"><strong data-start=\"330\" data-end=\"358\">Notre assortiment pour vous :<\/strong><\/p>\n<ul>\n<li data-start=\"330\" data-end=\"565\">Fleurs fra\u00eeches coup\u00e9es<\/li>\n<li data-start=\"330\" data-end=\"565\">Bouquets de fleurs nou\u00e9s \u00e0 la main<\/li>\n<li data-start=\"330\" data-end=\"565\">Id\u00e9es de d\u00e9coration saisonni\u00e8re<\/li>\n<li data-start=\"330\" data-end=\"565\">Vins s\u00e9lectionn\u00e9s du domaine\u00a0<strong data-start=\"484\" data-end=\"497\">DVERI PAX<\/strong><\/li>\n<li data-start=\"330\" data-end=\"565\">Sp\u00e9cialit\u00e9s r\u00e9gionales de la\u00a0<strong data-start=\"536\" data-end=\"565\">Magasin du monast\u00e8re d'Admont<\/strong><\/li>\n<\/ul>\n<p>\u00a0<\/p>\n<p><strong>Venez nous voir et laissez-vous inspirer - nous nous ferons un plaisir de vous conseiller personnellement avec un sens aigu de l'exceptionnel !<\/strong><\/p>\n<p><span data-mce-type=\"bookmark\" style=\"display: inline-block; width: 0px; overflow: hidden; line-height: 0;\" class=\"mce_SELRES_start\"><\/span><\/p>\n<\/div>\n                        \n                                    <\/div>\n            \n            <\/div>\n<\/div>\n\n<\/section>\n\n<section id='lightpress__section--block_257fe92b2940d8d0c48ecb9f007c226e' class='bg--beige lightpress__section--colored-bg lightpress__section--default-section-space lightpress__section lightpress__section--content'><div class=\"content__inner\"\n         x-init=\"initContentBlockAnim($el)\">\n        \n    <div class=\"content__grid content__grid--fifty-fifty\">\n                                            <div class=\"content__box content__box\"\n                 style=\"\">\n                                \n                \n                                            <div class=\"prose\"><h5 class=\"heading-m line line-above line--gold\">Les fleurs de la p\u00e9pini\u00e8re de l'abbaye d'Admont - des compagnons fleuris pour vos moments particuliers<\/h5>\n<p>\u00a0<\/p>\n<p>Que ce soit <strong>Mariage, bapt\u00eame, anniversaire ou un adieu affectueux <\/strong>- notre art floral conf\u00e8re un \u00e9clat particulier \u00e0 votre \u00e9v\u00e9nement. C'est dans les serres de la p\u00e9pini\u00e8re de l'abbaye d'Admont que poussent les fleurs dont nos fleuristes <strong>cr\u00e9er des bouquets, des arrangements, des guirlandes et des d\u00e9corations uniques avec beaucoup de c\u0153ur et de savoir-faire.<\/strong> Fra\u00eechement coup\u00e9s, artistiquement arrang\u00e9s - et toujours adapt\u00e9s \u00e0 l'occasion.<\/p>\n<p>\u00a0<\/p>\n<p><strong>Selon vos souhaits -\u00a0<\/strong>Nous personnalisons votre d\u00e9coration florale, que ce soit pour la mairie, l'\u00e9glise, la salle de f\u00eate ou la voiture de mariage. Chaque bouquet est unique, adapt\u00e9 \u00e0 vos id\u00e9es de couleurs et de style.<\/p>\n<p>\u00a0<\/p>\n<p>Notre service pour vous :<\/p>\n<p>\u2714 Bouquet d'\u00e9chantillons personnel pour l'entretien pr\u00e9alable<\/p>\n<p>\u2714 \u00c9l\u00e9ments de d\u00e9coration en pr\u00eat<\/p>\n<p>\u2714 Conseil et livraison directement sur place<\/p>\n<p>\u00a0<\/p>\n<p><strong>Laissez parler les fleurs - avec des fleurs d'Admont qui font fleurir les \u00e9motions.<\/strong><\/p>\n<\/div>\n                    \n                            <\/div>\n        \n                                                    <div class=\"content__box content__box--2\"\n                     >\n                                        \n                    \n                                                <div class=\"content__media stickyTo\" x-init=\"imageSticky($el)\">\n\n                                                                                    <picture\n                                    class=\"content__image sticky\">\n                                <source srcset=\"https:\/\/stiftadmont.at\/wp-content\/uploads\/150-20231110-Eroeffnung-Blumenhaus-196-1024x683.webp\" type=\"image\/webp\">\n                                <source srcset=\"https:\/\/stiftadmont.at\/wp-content\/uploads\/150-20231110-Eroeffnung-Blumenhaus-196-1024x683.jpg\" type=\"image\/jpeg\">\n                                <img decoding=\"async\" class=\"sticky\" loading=\"lazy\" src=\"https:\/\/stiftadmont.at\/wp-content\/uploads\/150-20231110-Eroeffnung-Blumenhaus-196-1024x683.jpg\"\n                                     alt=\"150 20231110 Ouverture de la maison des fleurs 196\">\n\n                                                                                                                            <\/picture>\n\n                        <\/div>\n\n                                    <\/div>\n            \n            <\/div>\n<\/div>\n\n    <div class=\"background__container background__container--beige\">\n    <\/div>\n\n<\/section>\n\n<section id='lightpress__section--block_aa8e242a900a382e9f135ce66835b0b9' class='lightpress__section--more-links--950 lightpress__section--full-width lightpress__section--default-section-space lightpress__section lightpress__section--more-links'><div class=\"more\" x-init=\"initMoreLinksBlockAnim($el)\">\n            <style>\n            #lightpress__section--block_aa8e242a900a382e9f135ce66835b0b9 .more {\n                --entry-width: calc(100% \/ 4 - var(--grid-gap) * 4);\n                grid-template-columns: repeat(auto-fit, minmax(max(var(--entry-width),50rem), 1fr));\n            }\n        <\/style>\n    \n                    <a class=\"more__link\" href=\"https:\/\/stiftadmont.at\/fr\/stiftsgaertnerei-fleurs-et-vin\/art-floral\/art-floral-de-mariage-2\/\">\n            <div class=\"more__media\">\n                                    <picture class=\"more__image\">\n                        <source srcset=\"https:\/\/stiftadmont.at\/wp-content\/uploads\/Hochzeitsfloristik-768x1024.webp\" type=\"image\/webp\">\n                        <source srcset=\"https:\/\/stiftadmont.at\/wp-content\/uploads\/Hochzeitsfloristik-768x1024.jpg\" type=\"image\/jpeg\">\n                        <img decoding=\"async\" loading=\"lazy\" src=\"https:\/\/stiftadmont.at\/wp-content\/uploads\/Hochzeitsfloristik-768x1024.jpg\" alt=\"Art floral de mariage\" \/>\n                    <\/picture>\n                            <\/div>\n            <div class=\"more__content\">\n                <div class=\"more__title--container\">\n                                            \n                                                                            \n                        <p class=\"text-bold text-white text--serif text--26\">Art floral de mariage<\/p>\n                                                            <\/div>\n                                    <div class=\"more__cta\">\n                        <i class=\"fa-thin fa-chevron-right\"><\/i>\n                    <\/div>\n                            <\/div>\n        <\/a>\n                    <a class=\"more__link\" href=\"https:\/\/stiftadmont.at\/fr\/stiftsgaertnerei-fleurs-et-vin\/art-floral\/fleurs-de-deuil-2\/\">\n            <div class=\"more__media\">\n                                    <picture class=\"more__image\">\n                        <source srcset=\"https:\/\/stiftadmont.at\/wp-content\/uploads\/Trauerfloristik.webp\" type=\"image\/webp\">\n                        <source srcset=\"https:\/\/stiftadmont.at\/wp-content\/uploads\/Trauerfloristik.jpg\" type=\"image\/jpeg\">\n                        <img decoding=\"async\" loading=\"lazy\" src=\"https:\/\/stiftadmont.at\/wp-content\/uploads\/Trauerfloristik.jpg\" alt=\"Fleurs de deuil\" \/>\n                    <\/picture>\n                            <\/div>\n            <div class=\"more__content\">\n                <div class=\"more__title--container\">\n                                            \n                                                                            \n                        <p class=\"text-bold text-white text--serif text--26\">Fleurs de deuil<\/p>\n                                                            <\/div>\n                                    <div class=\"more__cta\">\n                        <i class=\"fa-thin fa-chevron-right\"><\/i>\n                    <\/div>\n                            <\/div>\n        <\/a>\n                    <a class=\"more__link\" href=\"https:\/\/stiftadmont.at\/fr\/stiftsgaertnerei-fleurs-et-vin\/art-floral\/decoration-devenements\/\">\n            <div class=\"more__media\">\n                                    <picture class=\"more__image\">\n                        <source srcset=\"https:\/\/stiftadmont.at\/wp-content\/uploads\/Eventdekoration_Floristik.webp\" type=\"image\/webp\">\n                        <source srcset=\"https:\/\/stiftadmont.at\/wp-content\/uploads\/Eventdekoration_Floristik.jpg\" type=\"image\/jpeg\">\n                        <img decoding=\"async\" loading=\"lazy\" src=\"https:\/\/stiftadmont.at\/wp-content\/uploads\/Eventdekoration_Floristik.jpg\" alt=\"D\u00e9coration \u00e9v\u00e9nementielle Fleuriste\" \/>\n                    <\/picture>\n                            <\/div>\n            <div class=\"more__content\">\n                <div class=\"more__title--container\">\n                                            \n                                                                            \n                        <p class=\"text-bold text-white text--serif text--26\">D\u00e9coration d'\u00e9v\u00e9nements<\/p>\n                                                            <\/div>\n                                    <div class=\"more__cta\">\n                        <i class=\"fa-thin fa-chevron-right\"><\/i>\n                    <\/div>\n                            <\/div>\n        <\/a>\n                    <a class=\"more__link\" href=\"https:\/\/stiftadmont.at\/fr\/stiftsgaertnerei-fleurs-et-vin\/art-floral\/une-maison-decoree\/\">\n            <div class=\"more__media\">\n                                    <picture class=\"more__image\">\n                        <source srcset=\"https:\/\/stiftadmont.at\/wp-content\/uploads\/Schmuckvolles_Zuhause_Floristik.webp\" type=\"image\/webp\">\n                        <source srcset=\"https:\/\/stiftadmont.at\/wp-content\/uploads\/Schmuckvolles_Zuhause_Floristik.jpg\" type=\"image\/jpeg\">\n                        <img decoding=\"async\" loading=\"lazy\" src=\"https:\/\/stiftadmont.at\/wp-content\/uploads\/Schmuckvolles_Zuhause_Floristik.jpg\" alt=\"D\u00e9coration de la maison Fleuriste\" \/>\n                    <\/picture>\n                            <\/div>\n            <div class=\"more__content\">\n                <div class=\"more__title--container\">\n                                            \n                                                                            \n                        <p class=\"text-bold text-white text--serif text--26\">Une maison pleine de bijoux<\/p>\n                                                            <\/div>\n                                    <div class=\"more__cta\">\n                        <i class=\"fa-thin fa-chevron-right\"><\/i>\n                    <\/div>\n                            <\/div>\n        <\/a>\n    \n<\/div>\n\n<\/section>","protected":false},"excerpt":{"rendered":"","protected":false},"author":20,"featured_media":0,"parent":515,"menu_order":0,"comment_status":"closed","ping_status":"closed","template":"","meta":{"_acf_changed":false,"footnotes":""},"categories":[],"class_list":["post-20202","page","type-page","status-publish","hentry"],"acf":[],"yoast_head":"<!-- This site is optimized with the Yoast SEO Premium plugin v26.0 (Yoast SEO v26.8) - https:\/\/yoast.com\/product\/yoast-seo-premium-wordpress\/ -->\n<title>Blumen und Floristik - Stift Admont<\/title>\n<meta name=\"robots\" content=\"index, follow, max-snippet:-1, max-image-preview:large, max-video-preview:-1\" \/>\n<link rel=\"canonical\" href=\"https:\/\/stiftadmont.at\/fr\/stiftsgaertnerei-fleurs-et-vin\/art-floral\/\" \/>\n<meta property=\"og:locale\" content=\"fr_FR\" \/>\n<meta property=\"og:type\" content=\"article\" \/>\n<meta property=\"og:title\" content=\"Blumen und Floristik\" \/>\n<meta property=\"og:url\" content=\"https:\/\/stiftadmont.at\/fr\/stiftsgaertnerei-fleurs-et-vin\/art-floral\/\" \/>\n<meta property=\"og:site_name\" content=\"Stift Admont\" \/>\n<meta property=\"article:modified_time\" content=\"2025-08-28T11:23:51+00:00\" \/>\n<meta property=\"og:image\" content=\"https:\/\/stiftadmont.at\/wp-content\/uploads\/Klosteranlage-innen.jpg\" \/>\n\t<meta property=\"og:image:width\" content=\"1912\" \/>\n\t<meta property=\"og:image:height\" content=\"1188\" \/>\n\t<meta property=\"og:image:type\" content=\"image\/jpeg\" \/>\n<meta name=\"twitter:card\" content=\"summary_large_image\" \/>\n<script type=\"application\/ld+json\" class=\"yoast-schema-graph\">{\"@context\":\"https:\/\/schema.org\",\"@graph\":[{\"@type\":\"WebPage\",\"@id\":\"https:\/\/stiftadmont.at\/stiftsgaertnerei-blumen-und-wein\/floristik\/\",\"url\":\"https:\/\/stiftadmont.at\/stiftsgaertnerei-blumen-und-wein\/floristik\/\",\"name\":\"Blumen und Floristik - Stift Admont\",\"isPartOf\":{\"@id\":\"https:\/\/stiftadmont.at\/#website\"},\"datePublished\":\"2023-09-22T08:58:32+00:00\",\"dateModified\":\"2025-08-28T11:23:51+00:00\",\"breadcrumb\":{\"@id\":\"https:\/\/stiftadmont.at\/stiftsgaertnerei-blumen-und-wein\/floristik\/#breadcrumb\"},\"inLanguage\":\"fr-FR\",\"potentialAction\":[{\"@type\":\"ReadAction\",\"target\":[\"https:\/\/stiftadmont.at\/stiftsgaertnerei-blumen-und-wein\/floristik\/\"]}]},{\"@type\":\"BreadcrumbList\",\"@id\":\"https:\/\/stiftadmont.at\/stiftsgaertnerei-blumen-und-wein\/floristik\/#breadcrumb\",\"itemListElement\":[{\"@type\":\"ListItem\",\"position\":1,\"name\":\"Start\",\"item\":\"https:\/\/stiftadmont.at\/\"},{\"@type\":\"ListItem\",\"position\":2,\"name\":\"Stiftsg\u00e4rtnerei Blumen und Wein\",\"item\":\"https:\/\/stiftadmont.at\/stiftsgaertnerei-blumen-und-wein\/\"},{\"@type\":\"ListItem\",\"position\":3,\"name\":\"Blumen und Floristik\"}]},{\"@type\":\"WebSite\",\"@id\":\"https:\/\/stiftadmont.at\/#website\",\"url\":\"https:\/\/stiftadmont.at\/\",\"name\":\"Stift Admont\",\"description\":\"Benediktinerkloster und Sehensw\u00fcrdigkeit im Ges\u00e4use\",\"potentialAction\":[{\"@type\":\"SearchAction\",\"target\":{\"@type\":\"EntryPoint\",\"urlTemplate\":\"https:\/\/stiftadmont.at\/?s={search_term_string}\"},\"query-input\":{\"@type\":\"PropertyValueSpecification\",\"valueRequired\":true,\"valueName\":\"search_term_string\"}}],\"inLanguage\":\"fr-FR\"}]}<\/script>\n<!-- \/ Yoast SEO Premium plugin. -->","yoast_head_json":{"title":"Fleurs et art floral - Stift Admont","robots":{"index":"index","follow":"follow","max-snippet":"max-snippet:-1","max-image-preview":"max-image-preview:large","max-video-preview":"max-video-preview:-1"},"canonical":"https:\/\/stiftadmont.at\/fr\/stiftsgaertnerei-fleurs-et-vin\/art-floral\/","og_locale":"fr_FR","og_type":"article","og_title":"Blumen und Floristik","og_url":"https:\/\/stiftadmont.at\/fr\/stiftsgaertnerei-fleurs-et-vin\/art-floral\/","og_site_name":"Stift Admont","article_modified_time":"2025-08-28T11:23:51+00:00","og_image":[{"width":1912,"height":1188,"url":"https:\/\/stiftadmont.at\/wp-content\/uploads\/Klosteranlage-innen.jpg","type":"image\/jpeg"}],"twitter_card":"summary_large_image","schema":{"@context":"https:\/\/schema.org","@graph":[{"@type":"WebPage","@id":"https:\/\/stiftadmont.at\/stiftsgaertnerei-blumen-und-wein\/floristik\/","url":"https:\/\/stiftadmont.at\/stiftsgaertnerei-blumen-und-wein\/floristik\/","name":"Fleurs et art floral - Stift Admont","isPartOf":{"@id":"https:\/\/stiftadmont.at\/#website"},"datePublished":"2023-09-22T08:58:32+00:00","dateModified":"2025-08-28T11:23:51+00:00","breadcrumb":{"@id":"https:\/\/stiftadmont.at\/stiftsgaertnerei-blumen-und-wein\/floristik\/#breadcrumb"},"inLanguage":"fr-FR","potentialAction":[{"@type":"ReadAction","target":["https:\/\/stiftadmont.at\/stiftsgaertnerei-blumen-und-wein\/floristik\/"]}]},{"@type":"BreadcrumbList","@id":"https:\/\/stiftadmont.at\/stiftsgaertnerei-blumen-und-wein\/floristik\/#breadcrumb","itemListElement":[{"@type":"ListItem","position":1,"name":"Start","item":"https:\/\/stiftadmont.at\/"},{"@type":"ListItem","position":2,"name":"Stiftsg\u00e4rtnerei Blumen und Wein","item":"https:\/\/stiftadmont.at\/stiftsgaertnerei-blumen-und-wein\/"},{"@type":"ListItem","position":3,"name":"Blumen und Floristik"}]},{"@type":"WebSite","@id":"https:\/\/stiftadmont.at\/#website","url":"https:\/\/stiftadmont.at\/","name":"Abbaye d'Admont","description":"Monast\u00e8re b\u00e9n\u00e9dictin et attraction touristique dans le Ges\u00e4use","potentialAction":[{"@type":"SearchAction","target":{"@type":"EntryPoint","urlTemplate":"https:\/\/stiftadmont.at\/?s={search_term_string}"},"query-input":{"@type":"PropertyValueSpecification","valueRequired":true,"valueName":"search_term_string"}}],"inLanguage":"fr-FR"}]}},"_links":{"self":[{"href":"https:\/\/stiftadmont.at\/fr\/wp-json\/wp\/v2\/pages\/20202","targetHints":{"allow":["GET"]}}],"collection":[{"href":"https:\/\/stiftadmont.at\/fr\/wp-json\/wp\/v2\/pages"}],"about":[{"href":"https:\/\/stiftadmont.at\/fr\/wp-json\/wp\/v2\/types\/page"}],"author":[{"embeddable":true,"href":"https:\/\/stiftadmont.at\/fr\/wp-json\/wp\/v2\/users\/20"}],"replies":[{"embeddable":true,"href":"https:\/\/stiftadmont.at\/fr\/wp-json\/wp\/v2\/comments?post=20202"}],"version-history":[{"count":68,"href":"https:\/\/stiftadmont.at\/fr\/wp-json\/wp\/v2\/pages\/20202\/revisions"}],"predecessor-version":[{"id":37214,"href":"https:\/\/stiftadmont.at\/fr\/wp-json\/wp\/v2\/pages\/20202\/revisions\/37214"}],"up":[{"embeddable":true,"href":"https:\/\/stiftadmont.at\/fr\/wp-json\/wp\/v2\/pages\/515"}],"wp:attachment":[{"href":"https:\/\/stiftadmont.at\/fr\/wp-json\/wp\/v2\/media?parent=20202"}],"wp:term":[{"taxonomy":"category","embeddable":true,"href":"https:\/\/stiftadmont.at\/fr\/wp-json\/wp\/v2\/categories?post=20202"}],"curies":[{"name":"wp","href":"https:\/\/api.w.org\/{rel}","templated":true}]}}