{"id":20335,"date":"2023-09-18T11:22:58","date_gmt":"2023-09-18T09:22:58","guid":{"rendered":"https:\/\/stiftadmont.at\/?page_id=20335"},"modified":"2025-09-02T08:48:13","modified_gmt":"2025-09-02T06:48:13","slug":"stationnement-ete","status":"publish","type":"page","link":"https:\/\/stiftadmont.at\/fr\/familienparadies-kaiserau\/parken-und-maut\/parken-sommer\/","title":{"rendered":"Parking \u00e9t\u00e9"},"content":{"rendered":"<section id='lightpress__section--block_8ffc2bff8ec273c3870dbd74e8415437' class='align-center lightpress__section--default-section-space lightpress__section lightpress__section--headline'><div class=\"headline__container\">\n            <h2 class=\"headline text--40 text-medium line line--gold line-above line-middle\">Stationnement en \u00e9t\u00e9<\/h2>\n        <p class=\"text-center text-gold text--20 text-medium text--uppercase\">Pendant les mois d'\u00e9t\u00e9, le parking de Kaiserau est gratuit pendant la journ\u00e9e.<\/p>\n        <div class=\"spacer--40\"><\/div>\n<\/div>\n\n<\/section>\n\n<section id='lightpress__section--block_c18381775e6f9461a096bdd24dd0a4ca' class='lightpress__section--default-section-space lightpress__section lightpress__section--content'><div class=\"content__inner\"\n         x-init=\"initContentBlockAnim($el)\">\n        \n    <div class=\"content__grid content__grid\">\n                                            <div class=\"content__box content__box--one-hundred\"\n                 style=\"\">\n                                \n                \n                                            <div class=\"prose\"><p class=\"paragraph-m\"><span style=\"color: var(--color-black);\">de mai \u00e0 octobre<\/span><\/p>\n<ol style=\"padding-left: 2em; font-size: 16px;\">\n<li class=\"paragraph-m\">Tirer le ticket de stationnement \u00e0 la barri\u00e8re \u00e0 l'entr\u00e9e<\/li>\n<li class=\"paragraph-m\">Entrer et se garer<\/li>\n<li class=\"paragraph-m\">Conserver le ticket de parking pendant votre s\u00e9jour<\/li>\n<li class=\"paragraph-m\">Le ticket de parking est \u00e9galement valable comme ticket de p\u00e9age pour la mont\u00e9e de la route \u00e0 p\u00e9age payante. Veuillez consulter les conditions actuelles <a title=\"Tarifs des p\u00e9ages en \u00e9t\u00e9\" href=\"https:\/\/stiftadmont.at\/fr\/paradis-des-familles-kaiserau\/parking-et-peage\/peage-dete\/\">Tarifs des p\u00e9ages en \u00e9t\u00e9<\/a> (Les p\u00e9ages doivent \u00eatre pay\u00e9s avant de quitter le parking \u00e0 la borne de p\u00e9age situ\u00e9e dans le b\u00e2timent des caisses ou directement \u00e0 la sortie par carte bancaire ou de cr\u00e9dit)<\/li>\n<li class=\"paragraph-m\">Sortie possible uniquement avec un ticket de parking pay\u00e9 !<\/li>\n<\/ol>\n<p>\u00a0<\/p>\n<p class=\"paragraph-m paragraph-s\"><em><strong>En cas de perte du ticket de parking, vous pouvez obtenir un ticket de perte (40,00 \u20ac) \u00e0 la borne de p\u00e9age situ\u00e9e pr\u00e8s du b\u00e2timent des caisses.<\/strong><\/em><\/p>\n<p>\u00a0<\/p>\n<p>\u00a0<\/p>\n<p>\u00a0<\/p>\n<h5 class=\"heading-m line line-above line--gold\"><span style=\"color: var(--color-black);\">Frais de parking \u00c9T\u00c9<\/span><\/h5>\n<p>\u00a0<\/p>\n<ul style=\"padding-left: 2em; font-size: 16px;\">\n<li class=\"paragraph-m\">Frais de stationnement au parking Kaiserau <strong>pendant la journ\u00e9e<\/strong> <strong>gratuit<\/strong> de mai \u00e0 octobre (gratuit de 06:00 \u00e0 22:00)<\/li>\n<li class=\"paragraph-m\">Frais de parking voiture\/moto <strong>2,00 \u20ac par<\/strong> <strong>heure de nuit entam\u00e9e<\/strong> (de 22:00 \u00e0 06:00 heures)<\/li>\n<li class=\"paragraph-m\">Frais de parking minibus\/camping-car\/bus\/camion <strong>\u20ac<\/strong> <strong>10,00 par heure de nuit entam\u00e9e<\/strong> (de 22:00 \u00e0 06:00 heures)\n<p><strong><br \/>ATTENTION<\/strong> Barri\u00e8re photo\u00e9lectrique se d\u00e9clenche \u00e0 partir d'une hauteur de 2,10 m sur le tarif major\u00e9 de minibus, etc.... !<\/li>\n<\/ul>\n<p>\u00a0<\/p>\n<p class=\"paragraph-m paragraph-s\"><em><strong>Remarques : En cas de perte du ticket de parking, un montant de 40,00 \u20ac de frais de perte doit \u00eatre pay\u00e9. Le camping et les feux ouverts (entre autres les barbecues, les feux de camp) sont interdits dans toute la zone !<\/strong><\/em><\/p>\n<p>\u00a0<\/p>\n<p>\u00a0<\/p>\n<p>\u00a0<\/p>\n<h5 class=\"heading-m line line-above line--gold\"><span style=\"color: var(--color-black);\">Paiement<\/span><\/h5>\n<p>\u00a0<\/p>\n<ul>\n<li class=\"paragraph-m\"><strong>Pr\u00e8s du b\u00e2timent des skis (caisse) <\/strong>vous trouverez notre caisse automatique o\u00f9 vous pourrez payer en esp\u00e8ces ou par carte bancaire \/ carte de cr\u00e9dit. Le paiement est possible de 0 \u00e0 24 heures. <span style=\"text-decoration: underline;\"><strong>Le site<\/strong> <strong>La sortie doit \u00eatre effectu\u00e9e dans les 15 minutes suivant le paiement.<\/strong><\/span><\/li>\n<li class=\"paragraph-m\"><strong>Pr\u00e8s de la barri\u00e8re (sortie) <\/strong>Sans argent liquide, uniquement possible avec une carte Bancomat \/ carte de cr\u00e9dit. Un paiement par Bancomat ou carte de cr\u00e9dit des taxes est possible \u00e0 la sortie directement \u00e0 la barri\u00e8re (0-24h).<\/li>\n<\/ul>\n<p>\u00a0<\/p>\n<p style=\"font-size: medium;\">\u00a0<\/p>\n<\/div>\n                    \n                            <\/div>\n        \n            <\/div>\n<\/div>\n\n<\/section>","protected":false},"excerpt":{"rendered":"","protected":false},"author":7,"featured_media":0,"parent":19221,"menu_order":0,"comment_status":"closed","ping_status":"closed","template":"","meta":{"_acf_changed":false,"footnotes":""},"categories":[],"class_list":["post-20335","page","type-page","status-publish","hentry"],"acf":[],"yoast_head":"<!-- This site is optimized with the Yoast SEO Premium plugin v26.0 (Yoast SEO v26.8) - https:\/\/yoast.com\/product\/yoast-seo-premium-wordpress\/ -->\n<title>Parken Sommer - Stift Admont<\/title>\n<meta name=\"robots\" content=\"index, follow, max-snippet:-1, max-image-preview:large, max-video-preview:-1\" \/>\n<link rel=\"canonical\" href=\"https:\/\/stiftadmont.at\/fr\/paradis-des-familles-kaiserau\/parking-et-peage\/stationnement-ete\/\" \/>\n<meta property=\"og:locale\" content=\"fr_FR\" \/>\n<meta property=\"og:type\" content=\"article\" \/>\n<meta property=\"og:title\" content=\"Parken Sommer\" \/>\n<meta property=\"og:url\" content=\"https:\/\/stiftadmont.at\/fr\/paradis-des-familles-kaiserau\/parking-et-peage\/stationnement-ete\/\" \/>\n<meta property=\"og:site_name\" content=\"Stift Admont\" \/>\n<meta property=\"article:modified_time\" content=\"2025-09-02T06:48:13+00:00\" \/>\n<meta property=\"og:image\" content=\"https:\/\/stiftadmont.at\/wp-content\/uploads\/Klosteranlage-innen.jpg\" \/>\n\t<meta property=\"og:image:width\" content=\"1912\" \/>\n\t<meta property=\"og:image:height\" content=\"1188\" \/>\n\t<meta property=\"og:image:type\" content=\"image\/jpeg\" \/>\n<meta name=\"twitter:card\" content=\"summary_large_image\" \/>\n<script type=\"application\/ld+json\" class=\"yoast-schema-graph\">{\"@context\":\"https:\/\/schema.org\",\"@graph\":[{\"@type\":\"WebPage\",\"@id\":\"https:\/\/stiftadmont.at\/familienparadies-kaiserau\/parken-und-maut\/parken-sommer\/\",\"url\":\"https:\/\/stiftadmont.at\/familienparadies-kaiserau\/parken-und-maut\/parken-sommer\/\",\"name\":\"Parken Sommer - Stift Admont\",\"isPartOf\":{\"@id\":\"https:\/\/stiftadmont.at\/#website\"},\"datePublished\":\"2023-09-18T09:22:58+00:00\",\"dateModified\":\"2025-09-02T06:48:13+00:00\",\"breadcrumb\":{\"@id\":\"https:\/\/stiftadmont.at\/familienparadies-kaiserau\/parken-und-maut\/parken-sommer\/#breadcrumb\"},\"inLanguage\":\"fr-FR\",\"potentialAction\":[{\"@type\":\"ReadAction\",\"target\":[\"https:\/\/stiftadmont.at\/familienparadies-kaiserau\/parken-und-maut\/parken-sommer\/\"]}]},{\"@type\":\"BreadcrumbList\",\"@id\":\"https:\/\/stiftadmont.at\/familienparadies-kaiserau\/parken-und-maut\/parken-sommer\/#breadcrumb\",\"itemListElement\":[{\"@type\":\"ListItem\",\"position\":1,\"name\":\"Start\",\"item\":\"https:\/\/stiftadmont.at\/\"},{\"@type\":\"ListItem\",\"position\":2,\"name\":\"Familienparadies Kaiserau\",\"item\":\"https:\/\/stiftadmont.at\/familienparadies-kaiserau\/\"},{\"@type\":\"ListItem\",\"position\":3,\"name\":\"Parken &amp; Maut\",\"item\":\"https:\/\/stiftadmont.at\/familienparadies-kaiserau\/parken-und-maut\/\"},{\"@type\":\"ListItem\",\"position\":4,\"name\":\"Parken Sommer\"}]},{\"@type\":\"WebSite\",\"@id\":\"https:\/\/stiftadmont.at\/#website\",\"url\":\"https:\/\/stiftadmont.at\/\",\"name\":\"Stift Admont\",\"description\":\"Benediktinerkloster und Sehensw\u00fcrdigkeit im Ges\u00e4use\",\"potentialAction\":[{\"@type\":\"SearchAction\",\"target\":{\"@type\":\"EntryPoint\",\"urlTemplate\":\"https:\/\/stiftadmont.at\/?s={search_term_string}\"},\"query-input\":{\"@type\":\"PropertyValueSpecification\",\"valueRequired\":true,\"valueName\":\"search_term_string\"}}],\"inLanguage\":\"fr-FR\"}]}<\/script>\n<!-- \/ Yoast SEO Premium plugin. -->","yoast_head_json":{"title":"Parking \u00e9t\u00e9 - Stift Admont","robots":{"index":"index","follow":"follow","max-snippet":"max-snippet:-1","max-image-preview":"max-image-preview:large","max-video-preview":"max-video-preview:-1"},"canonical":"https:\/\/stiftadmont.at\/fr\/paradis-des-familles-kaiserau\/parking-et-peage\/stationnement-ete\/","og_locale":"fr_FR","og_type":"article","og_title":"Parken Sommer","og_url":"https:\/\/stiftadmont.at\/fr\/paradis-des-familles-kaiserau\/parking-et-peage\/stationnement-ete\/","og_site_name":"Stift Admont","article_modified_time":"2025-09-02T06:48:13+00:00","og_image":[{"width":1912,"height":1188,"url":"https:\/\/stiftadmont.at\/wp-content\/uploads\/Klosteranlage-innen.jpg","type":"image\/jpeg"}],"twitter_card":"summary_large_image","schema":{"@context":"https:\/\/schema.org","@graph":[{"@type":"WebPage","@id":"https:\/\/stiftadmont.at\/familienparadies-kaiserau\/parken-und-maut\/parken-sommer\/","url":"https:\/\/stiftadmont.at\/familienparadies-kaiserau\/parken-und-maut\/parken-sommer\/","name":"Parking \u00e9t\u00e9 - Stift Admont","isPartOf":{"@id":"https:\/\/stiftadmont.at\/#website"},"datePublished":"2023-09-18T09:22:58+00:00","dateModified":"2025-09-02T06:48:13+00:00","breadcrumb":{"@id":"https:\/\/stiftadmont.at\/familienparadies-kaiserau\/parken-und-maut\/parken-sommer\/#breadcrumb"},"inLanguage":"fr-FR","potentialAction":[{"@type":"ReadAction","target":["https:\/\/stiftadmont.at\/familienparadies-kaiserau\/parken-und-maut\/parken-sommer\/"]}]},{"@type":"BreadcrumbList","@id":"https:\/\/stiftadmont.at\/familienparadies-kaiserau\/parken-und-maut\/parken-sommer\/#breadcrumb","itemListElement":[{"@type":"ListItem","position":1,"name":"Start","item":"https:\/\/stiftadmont.at\/"},{"@type":"ListItem","position":2,"name":"Familienparadies Kaiserau","item":"https:\/\/stiftadmont.at\/familienparadies-kaiserau\/"},{"@type":"ListItem","position":3,"name":"Parken &amp; Maut","item":"https:\/\/stiftadmont.at\/familienparadies-kaiserau\/parken-und-maut\/"},{"@type":"ListItem","position":4,"name":"Parken Sommer"}]},{"@type":"WebSite","@id":"https:\/\/stiftadmont.at\/#website","url":"https:\/\/stiftadmont.at\/","name":"Abbaye d'Admont","description":"Monast\u00e8re b\u00e9n\u00e9dictin et attraction touristique dans le Ges\u00e4use","potentialAction":[{"@type":"SearchAction","target":{"@type":"EntryPoint","urlTemplate":"https:\/\/stiftadmont.at\/?s={search_term_string}"},"query-input":{"@type":"PropertyValueSpecification","valueRequired":true,"valueName":"search_term_string"}}],"inLanguage":"fr-FR"}]}},"_links":{"self":[{"href":"https:\/\/stiftadmont.at\/fr\/wp-json\/wp\/v2\/pages\/20335","targetHints":{"allow":["GET"]}}],"collection":[{"href":"https:\/\/stiftadmont.at\/fr\/wp-json\/wp\/v2\/pages"}],"about":[{"href":"https:\/\/stiftadmont.at\/fr\/wp-json\/wp\/v2\/types\/page"}],"author":[{"embeddable":true,"href":"https:\/\/stiftadmont.at\/fr\/wp-json\/wp\/v2\/users\/7"}],"replies":[{"embeddable":true,"href":"https:\/\/stiftadmont.at\/fr\/wp-json\/wp\/v2\/comments?post=20335"}],"version-history":[{"count":38,"href":"https:\/\/stiftadmont.at\/fr\/wp-json\/wp\/v2\/pages\/20335\/revisions"}],"predecessor-version":[{"id":37284,"href":"https:\/\/stiftadmont.at\/fr\/wp-json\/wp\/v2\/pages\/20335\/revisions\/37284"}],"up":[{"embeddable":true,"href":"https:\/\/stiftadmont.at\/fr\/wp-json\/wp\/v2\/pages\/19221"}],"wp:attachment":[{"href":"https:\/\/stiftadmont.at\/fr\/wp-json\/wp\/v2\/media?parent=20335"}],"wp:term":[{"taxonomy":"category","embeddable":true,"href":"https:\/\/stiftadmont.at\/fr\/wp-json\/wp\/v2\/categories?post=20335"}],"curies":[{"name":"wp","href":"https:\/\/api.w.org\/{rel}","templated":true}]}}