{"id":20339,"date":"2023-09-18T11:23:46","date_gmt":"2023-09-18T09:23:46","guid":{"rendered":"https:\/\/stiftadmont.at\/?page_id=20339"},"modified":"2026-01-05T10:49:31","modified_gmt":"2026-01-05T08:49:31","slug":"stationnement-hiver","status":"publish","type":"page","link":"https:\/\/stiftadmont.at\/fr\/familienparadies-kaiserau\/parken-und-maut\/parken-winter\/","title":{"rendered":"Stationnement en hiver"},"content":{"rendered":"<section id='lightpress__section--block_00e9f62c5e7b0069d080992bdb42ac8d' class='align-center lightpress__section--default-section-space lightpress__section lightpress__section--headline'><div class=\"headline__container\">\n            <h2 class=\"headline text--40 text-medium line line--gold line-above line-middle\">Se garer en hiver<\/h2>\n        <p class=\"text-center text-gold text--20 text-medium text--uppercase\">Pendant les mois d'hiver, le parking de Kaiserau est payant. Veuillez toutefois tenir compte des exceptions.  <\/p>\n        <div class=\"spacer--40\"><\/div>\n<\/div>\n\n<\/section>\n\n<section id='lightpress__section--block_2a270ff2c36bdba2f7a7e87de320d446' class='lightpress__section--default-section-space lightpress__section lightpress__section--content'><div class=\"content__inner\"\n         x-init=\"initContentBlockAnim($el)\">\n        \n    <div class=\"content__grid content__grid\">\n                                            <div class=\"content__box content__box--one-hundred\"\n                 style=\"\">\n                                \n                \n                                            <div class=\"prose\"><p class=\"paragraph-m\"><strong>de novembre \u00e0 avril (payant)<br \/><\/strong>pendant la saison et les heures de fonctionnement des remont\u00e9es m\u00e9caniques de Kaiserau<\/p>\n<ol style=\"padding-left: 2em; font-size: 16px;\">\n<li class=\"paragraph-m\">Prendre un ticket de parking \u00e0 l'entr\u00e9e<\/li>\n<li class=\"paragraph-m\">Entrer et se garer<\/li>\n<li class=\"paragraph-m\">Acheter le forfait de ski \u00e0 la caisse<\/li>\n<li class=\"paragraph-m\">Apr\u00e8s la journ\u00e9e de ski, faire valider le ticket de parking \u00e0 la caisse des remont\u00e9es m\u00e9caniques<\/li>\n<li class=\"paragraph-m\">Sortir<\/li>\n<\/ol>\n<h5>\u00a0<\/h5>\n<h5>ATTENTION : Le ticket de parking peut \u00eatre valid\u00e9 gratuitement en cas de possession d'un forfait de ski ou d'une carte de saison. MAIS UNIQUEMENT DANS LES HORAIRES DE FONCTIONNEMENT des remont\u00e9es m\u00e9caniques.\u00a0<\/h5>\n<p>\u00a0<\/p>\n<p>\u00a0<\/p>\n<h5 class=\"heading-m line line-above line--gold\"><span style=\"color: var(--color-black);\">Frais de parking HIVER<\/span><\/h5>\n<p>\u00a0<\/p>\n<ul style=\"padding-left: 2em; font-size: 16px;\">\n<li class=\"paragraph-m\">Frais de parking gratuit jusqu'\u00e0 30 minutes <strong>(uniquement pendant le fonctionnement des remont\u00e9es m\u00e9caniques)<\/strong><\/li>\n<li class=\"paragraph-m\">Frais de parking voiture \u20ac 2,00 par heure entam\u00e9e (de 06:00 \u00e0 22:00 heures) ;<br \/><strong>Remarque : <\/strong>Entre l'entr\u00e9e \u00e0 08:00 et la sortie \u00e0 17:00, la limite est de 6,00 \u20ac au total.<\/li>\n<li class=\"paragraph-m\">Frais de parking voiture \u20ac 3,00 par heure de nuit entam\u00e9e (de 22:00 \u00e0 06:00)<br \/><strong>ATTENTION<\/strong> La cellule photo\u00e9lectrique se d\u00e9clenche \u00e0 partir d'une hauteur de 2,10m sur le tarif sur\u00e9lev\u00e9 des minibus, etc.\u00a0<\/li>\n<li class=\"paragraph-m\">Frais de parking bus\/camion\/petit bus\/camping-car \u20ac 5,00 par heure entam\u00e9e (de 07:00 \u00e0 20:00 heures)<\/li>\n<li class=\"paragraph-m\">Frais de parking bus\/camion\/petit bus\/camping-car \u20ac 10,00 par heure de nuit entam\u00e9e (de 20:00 \u00e0 07:00)<\/li>\n<li class=\"paragraph-m\">En cas de perte du ticket de parking, un montant de 40,00 \u20ac de frais de perte doit \u00eatre pay\u00e9.<\/li>\n<\/ul>\n<p>\u00a0<\/p>\n<p>\u00a0<\/p>\n<h5 class=\"heading-m line line-above line--gold\"><span style=\"color: var(--color-black);\">Quand le stationnement est-il gratuit ?\u00a0<\/span><\/h5>\n<p>\u00a0<\/p>\n<p class=\"paragraph-m paragraph-s\"><strong>Lors de l'achat d'un forfait de ski ou de ski de fond valable (\u00e0 l'exception des forfaits \"1 jour ski de fond\", \"remont\u00e9e m\u00e9canique \u00e0 l'unit\u00e9\" et \"forfait journalier petits enfants\"), le ticket de parking est valid\u00e9 le jour de l'achat de 09h00 \u00e0 16h00 \u00e0 la caisse de Kaiserau Tourismus GmbH et le parking est gratuit. Un ticket de parking est valid\u00e9 par achat (pas par forfait de ski).<\/strong><\/p>\n<p>\u00a0<\/p>\n<p>\u00a0<\/p>\n<p>\u00a0<\/p>\n<h5 class=\"heading-m line line-above line--gold\"><span style=\"color: var(--color-black);\">Paiement<\/span><\/h5>\n<p>\u00a0<\/p>\n<ul style=\"padding-left: 2em; font-size: 16px;\">\n<li class=\"paragraph-m\"><span style=\"color: var(--color-black);\">Pr\u00e8s du p\u00e9age automatique\u00a0<\/span>Le paiement en esp\u00e8ces n'est possible qu'\u00e0 la borne de p\u00e9age situ\u00e9e directement pr\u00e8s du b\u00e2timent des caisses (0-24 heures).<\/li>\n<li class=\"paragraph-m\"><span style=\"color: var(--color-black);\">Pr\u00e8s de la barri\u00e8re (sortie)<\/span>\u00a0Le ticket de parking est d\u00e9livr\u00e9 \u00e0 l'entr\u00e9e du parking, directement \u00e0 la barri\u00e8re, et est valable le jour correspondant au ticket achet\u00e9. Le paiement s'effectue \u00e0 la sortie, directement \u00e0 la barri\u00e8re, au moyen d'un distributeur automatique de billets ou d'une carte de cr\u00e9dit.<\/li>\n<\/ul>\n<\/div>\n                    \n                            <\/div>\n        \n            <\/div>\n<\/div>\n\n<\/section>","protected":false},"excerpt":{"rendered":"","protected":false},"author":7,"featured_media":0,"parent":19221,"menu_order":0,"comment_status":"closed","ping_status":"closed","template":"","meta":{"_acf_changed":false,"footnotes":""},"categories":[],"class_list":["post-20339","page","type-page","status-publish","hentry"],"acf":[],"yoast_head":"<!-- This site is optimized with the Yoast SEO Premium plugin v26.0 (Yoast SEO v26.8) - https:\/\/yoast.com\/product\/yoast-seo-premium-wordpress\/ -->\n<title>Parken Winter - Stift Admont<\/title>\n<meta name=\"robots\" content=\"index, follow, max-snippet:-1, max-image-preview:large, max-video-preview:-1\" \/>\n<link rel=\"canonical\" href=\"https:\/\/stiftadmont.at\/fr\/paradis-des-familles-kaiserau\/parking-et-peage\/stationnement-hiver\/\" \/>\n<meta property=\"og:locale\" content=\"fr_FR\" \/>\n<meta property=\"og:type\" content=\"article\" \/>\n<meta property=\"og:title\" content=\"Parken Winter\" \/>\n<meta property=\"og:url\" content=\"https:\/\/stiftadmont.at\/fr\/paradis-des-familles-kaiserau\/parking-et-peage\/stationnement-hiver\/\" \/>\n<meta property=\"og:site_name\" content=\"Stift Admont\" \/>\n<meta property=\"article:modified_time\" content=\"2026-01-05T08:49:31+00:00\" \/>\n<meta property=\"og:image\" content=\"https:\/\/stiftadmont.at\/wp-content\/uploads\/Klosteranlage-innen.jpg\" \/>\n\t<meta property=\"og:image:width\" content=\"1912\" \/>\n\t<meta property=\"og:image:height\" content=\"1188\" \/>\n\t<meta property=\"og:image:type\" content=\"image\/jpeg\" \/>\n<meta name=\"twitter:card\" content=\"summary_large_image\" \/>\n<script type=\"application\/ld+json\" class=\"yoast-schema-graph\">{\"@context\":\"https:\/\/schema.org\",\"@graph\":[{\"@type\":\"WebPage\",\"@id\":\"https:\/\/stiftadmont.at\/familienparadies-kaiserau\/parken-und-maut\/parken-winter\/\",\"url\":\"https:\/\/stiftadmont.at\/familienparadies-kaiserau\/parken-und-maut\/parken-winter\/\",\"name\":\"Parken Winter - Stift Admont\",\"isPartOf\":{\"@id\":\"https:\/\/stiftadmont.at\/#website\"},\"datePublished\":\"2023-09-18T09:23:46+00:00\",\"dateModified\":\"2026-01-05T08:49:31+00:00\",\"breadcrumb\":{\"@id\":\"https:\/\/stiftadmont.at\/familienparadies-kaiserau\/parken-und-maut\/parken-winter\/#breadcrumb\"},\"inLanguage\":\"fr-FR\",\"potentialAction\":[{\"@type\":\"ReadAction\",\"target\":[\"https:\/\/stiftadmont.at\/familienparadies-kaiserau\/parken-und-maut\/parken-winter\/\"]}]},{\"@type\":\"BreadcrumbList\",\"@id\":\"https:\/\/stiftadmont.at\/familienparadies-kaiserau\/parken-und-maut\/parken-winter\/#breadcrumb\",\"itemListElement\":[{\"@type\":\"ListItem\",\"position\":1,\"name\":\"Start\",\"item\":\"https:\/\/stiftadmont.at\/\"},{\"@type\":\"ListItem\",\"position\":2,\"name\":\"Familienparadies Kaiserau\",\"item\":\"https:\/\/stiftadmont.at\/familienparadies-kaiserau\/\"},{\"@type\":\"ListItem\",\"position\":3,\"name\":\"Parken &amp; Maut\",\"item\":\"https:\/\/stiftadmont.at\/familienparadies-kaiserau\/parken-und-maut\/\"},{\"@type\":\"ListItem\",\"position\":4,\"name\":\"Parken Winter\"}]},{\"@type\":\"WebSite\",\"@id\":\"https:\/\/stiftadmont.at\/#website\",\"url\":\"https:\/\/stiftadmont.at\/\",\"name\":\"Stift Admont\",\"description\":\"Benediktinerkloster und Sehensw\u00fcrdigkeit im Ges\u00e4use\",\"potentialAction\":[{\"@type\":\"SearchAction\",\"target\":{\"@type\":\"EntryPoint\",\"urlTemplate\":\"https:\/\/stiftadmont.at\/?s={search_term_string}\"},\"query-input\":{\"@type\":\"PropertyValueSpecification\",\"valueRequired\":true,\"valueName\":\"search_term_string\"}}],\"inLanguage\":\"fr-FR\"}]}<\/script>\n<!-- \/ Yoast SEO Premium plugin. -->","yoast_head_json":{"title":"Stationnement hiver - Stift Admont","robots":{"index":"index","follow":"follow","max-snippet":"max-snippet:-1","max-image-preview":"max-image-preview:large","max-video-preview":"max-video-preview:-1"},"canonical":"https:\/\/stiftadmont.at\/fr\/paradis-des-familles-kaiserau\/parking-et-peage\/stationnement-hiver\/","og_locale":"fr_FR","og_type":"article","og_title":"Parken Winter","og_url":"https:\/\/stiftadmont.at\/fr\/paradis-des-familles-kaiserau\/parking-et-peage\/stationnement-hiver\/","og_site_name":"Stift Admont","article_modified_time":"2026-01-05T08:49:31+00:00","og_image":[{"width":1912,"height":1188,"url":"https:\/\/stiftadmont.at\/wp-content\/uploads\/Klosteranlage-innen.jpg","type":"image\/jpeg"}],"twitter_card":"summary_large_image","schema":{"@context":"https:\/\/schema.org","@graph":[{"@type":"WebPage","@id":"https:\/\/stiftadmont.at\/familienparadies-kaiserau\/parken-und-maut\/parken-winter\/","url":"https:\/\/stiftadmont.at\/familienparadies-kaiserau\/parken-und-maut\/parken-winter\/","name":"Stationnement hiver - Stift Admont","isPartOf":{"@id":"https:\/\/stiftadmont.at\/#website"},"datePublished":"2023-09-18T09:23:46+00:00","dateModified":"2026-01-05T08:49:31+00:00","breadcrumb":{"@id":"https:\/\/stiftadmont.at\/familienparadies-kaiserau\/parken-und-maut\/parken-winter\/#breadcrumb"},"inLanguage":"fr-FR","potentialAction":[{"@type":"ReadAction","target":["https:\/\/stiftadmont.at\/familienparadies-kaiserau\/parken-und-maut\/parken-winter\/"]}]},{"@type":"BreadcrumbList","@id":"https:\/\/stiftadmont.at\/familienparadies-kaiserau\/parken-und-maut\/parken-winter\/#breadcrumb","itemListElement":[{"@type":"ListItem","position":1,"name":"Start","item":"https:\/\/stiftadmont.at\/"},{"@type":"ListItem","position":2,"name":"Familienparadies Kaiserau","item":"https:\/\/stiftadmont.at\/familienparadies-kaiserau\/"},{"@type":"ListItem","position":3,"name":"Parken &amp; Maut","item":"https:\/\/stiftadmont.at\/familienparadies-kaiserau\/parken-und-maut\/"},{"@type":"ListItem","position":4,"name":"Parken Winter"}]},{"@type":"WebSite","@id":"https:\/\/stiftadmont.at\/#website","url":"https:\/\/stiftadmont.at\/","name":"Abbaye d'Admont","description":"Monast\u00e8re b\u00e9n\u00e9dictin et attraction touristique dans le Ges\u00e4use","potentialAction":[{"@type":"SearchAction","target":{"@type":"EntryPoint","urlTemplate":"https:\/\/stiftadmont.at\/?s={search_term_string}"},"query-input":{"@type":"PropertyValueSpecification","valueRequired":true,"valueName":"search_term_string"}}],"inLanguage":"fr-FR"}]}},"_links":{"self":[{"href":"https:\/\/stiftadmont.at\/fr\/wp-json\/wp\/v2\/pages\/20339","targetHints":{"allow":["GET"]}}],"collection":[{"href":"https:\/\/stiftadmont.at\/fr\/wp-json\/wp\/v2\/pages"}],"about":[{"href":"https:\/\/stiftadmont.at\/fr\/wp-json\/wp\/v2\/types\/page"}],"author":[{"embeddable":true,"href":"https:\/\/stiftadmont.at\/fr\/wp-json\/wp\/v2\/users\/7"}],"replies":[{"embeddable":true,"href":"https:\/\/stiftadmont.at\/fr\/wp-json\/wp\/v2\/comments?post=20339"}],"version-history":[{"count":25,"href":"https:\/\/stiftadmont.at\/fr\/wp-json\/wp\/v2\/pages\/20339\/revisions"}],"predecessor-version":[{"id":38987,"href":"https:\/\/stiftadmont.at\/fr\/wp-json\/wp\/v2\/pages\/20339\/revisions\/38987"}],"up":[{"embeddable":true,"href":"https:\/\/stiftadmont.at\/fr\/wp-json\/wp\/v2\/pages\/19221"}],"wp:attachment":[{"href":"https:\/\/stiftadmont.at\/fr\/wp-json\/wp\/v2\/media?parent=20339"}],"wp:term":[{"taxonomy":"category","embeddable":true,"href":"https:\/\/stiftadmont.at\/fr\/wp-json\/wp\/v2\/categories?post=20339"}],"curies":[{"name":"wp","href":"https:\/\/api.w.org\/{rel}","templated":true}]}}