{"id":20346,"date":"2023-09-18T11:25:24","date_gmt":"2023-09-18T09:25:24","guid":{"rendered":"https:\/\/stiftadmont.at\/?page_id=20346"},"modified":"2025-09-02T08:50:58","modified_gmt":"2025-09-02T06:50:58","slug":"peage-dete","status":"publish","type":"page","link":"https:\/\/stiftadmont.at\/fr\/familienparadies-kaiserau\/parken-und-maut\/maut-im-sommer\/","title":{"rendered":"P\u00e9age en \u00e9t\u00e9"},"content":{"rendered":"<section id='lightpress__section--block_c6eb46fd5d26db2207a9698939ff8754' class='align-center lightpress__section--default-section-space lightpress__section lightpress__section--headline'><div class=\"headline__container\">\n            <h2 class=\"headline text--40 text-medium line line--gold line-above line-middle\">P\u00e9age en \u00e9t\u00e9 <\/h2>\n        <p class=\"text-center text-gold text--20 text-medium text--uppercase\">Route \u00e0 p\u00e9age \"Oberst-Klinke-H\u00fctte <\/p>\n        <div class=\"spacer--40\"><\/div>\n<\/div>\n\n<\/section>\n\n<section id='lightpress__section--block_d16c0757731c3d88dc2ebcaa5a626bd6' class='lightpress__section--default-section-space lightpress__section lightpress__section--content'><div class=\"content__inner\"\n         x-init=\"initContentBlockAnim($el)\">\n        \n    <div class=\"content__grid content__grid\">\n                                            <div class=\"content__box content__box--one-hundred\"\n                 style=\"\">\n                                \n                \n                                            <div class=\"prose\"><p class=\"paragraph-m\">ouvert de mai \u00e0 octobre &amp; payant.<\/p>\n<p class=\"paragraph-m\">Depuis le parking de Kaiserau, une route \u00e0 p\u00e9age de 5 km m\u00e8ne au refuge Klinke, qui est le point de d\u00e9part de nombreuses randonn\u00e9es. L'utilisation de la route \u00e0 p\u00e9age est possible de mai \u00e0 octobre selon les conditions m\u00e9t\u00e9orologiques et est payante (contr\u00f4le de l'altitude). En \u00e9t\u00e9, la route \u00e0 p\u00e9age est \u00e9galement ouverte aux VTTistes. <strong>En hiver, la route \u00e0 p\u00e9age est invariablement ferm\u00e9e\/ferm\u00e9e.<\/strong><\/p>\n<p>\u00a0<\/p>\n<p>\u00a0<\/p>\n<p>\u00a0<\/p>\n<h5 class=\"heading-m line line-above line--gold\">P\u00e9ages<\/h5>\n<p>\u00a0<\/p>\n<p class=\"paragraph-m\">VTT \/ V\u00e9lo \u00e9lectrique : gratuit<br \/>Voiture \/ moto : \u20ac 8,00<br \/><strong>ATTENTION<\/strong> La cellule photo\u00e9lectrique se d\u00e9clenche \u00e0 partir d'une hauteur de 2,10 m sur le tarif sur\u00e9lev\u00e9 des minibus, etc.<br \/>Minibus \/ camping-car \/ bus \/ camion : \u20ac 40,00<\/p>\n<p>\u00a0<\/p>\n<p class=\"paragraph-m paragraph-s\"><strong>Remarques : Les prix indiqu\u00e9s comprennent l'utilisation de la route \u00e0 p\u00e9age \"Oberst-Klinke-H\u00fctte\". Selon les conditions m\u00e9t\u00e9orologiques, la route \u00e0 p\u00e9age est ouverte de mai \u00e0 octobre et ferm\u00e9e de novembre \u00e0 avril. En \u00e9t\u00e9, aucune caisse n'est ouverte ! Possibilit\u00e9 de payer via l'automate de p\u00e9age (en esp\u00e8ces ou avec une carte Bancomat\/carte de cr\u00e9dit) ou \u00e0 la sortie du parking directement \u00e0 la barri\u00e8re (Bancomat ou carte de cr\u00e9dit). Veuillez tenir compte des panneaux de signalisation. Les prix incluent la TVA l\u00e9gale. Sous r\u00e9serve de modifications de prix, d'erreurs d'impression et de composition. Le camping et les feux ouverts (entre autres les barbecues et les feux de camp) sont interdits dans toute la zone !<\/strong><\/p>\n<p>\u00a0<\/p>\n<p><a class=\"admont-button admont-button--secondary\" title=\"Kaiserau - Route \u00e0 p\u00e9age Remarques\" href=\"https:\/\/stiftadmont.at\/wp-content\/uploads\/Kaiserau-Mautstrasse-Hinweise.pdf\" target=\"_blank\" rel=\"noopener\">Kaiserau - Route \u00e0 p\u00e9age Remarques<\/a> | <a class=\"admont-button admont-button--secondary\" title=\"Kaiserau route \u00e0 p\u00e9age CGV\" href=\"https:\/\/stiftadmont.at\/wp-content\/uploads\/Kaiserau-Tarife-2023-24_AGB-Mautstrasse.pdf\" target=\"_blank\" rel=\"noopener\">Kaiserau - Route \u00e0 p\u00e9age CG<\/a><\/p>\n<\/div>\n                    \n                            <\/div>\n        \n            <\/div>\n<\/div>\n\n<\/section>","protected":false},"excerpt":{"rendered":"","protected":false},"author":7,"featured_media":0,"parent":19221,"menu_order":0,"comment_status":"closed","ping_status":"closed","template":"","meta":{"_acf_changed":false,"footnotes":""},"categories":[],"class_list":["post-20346","page","type-page","status-publish","hentry"],"acf":[],"yoast_head":"<!-- This site is optimized with the Yoast SEO Premium plugin v26.0 (Yoast SEO v26.8) - https:\/\/yoast.com\/product\/yoast-seo-premium-wordpress\/ -->\n<title>Maut im Sommer - Stift Admont<\/title>\n<meta name=\"robots\" content=\"index, follow, max-snippet:-1, max-image-preview:large, max-video-preview:-1\" \/>\n<link rel=\"canonical\" href=\"https:\/\/stiftadmont.at\/fr\/paradis-des-familles-kaiserau\/parking-et-peage\/peage-dete\/\" \/>\n<meta property=\"og:locale\" content=\"fr_FR\" \/>\n<meta property=\"og:type\" content=\"article\" \/>\n<meta property=\"og:title\" content=\"Maut im Sommer\" \/>\n<meta property=\"og:url\" content=\"https:\/\/stiftadmont.at\/fr\/paradis-des-familles-kaiserau\/parking-et-peage\/peage-dete\/\" \/>\n<meta property=\"og:site_name\" content=\"Stift Admont\" \/>\n<meta property=\"article:modified_time\" content=\"2025-09-02T06:50:58+00:00\" \/>\n<meta property=\"og:image\" content=\"https:\/\/stiftadmont.at\/wp-content\/uploads\/Klosteranlage-innen.jpg\" \/>\n\t<meta property=\"og:image:width\" content=\"1912\" \/>\n\t<meta property=\"og:image:height\" content=\"1188\" \/>\n\t<meta property=\"og:image:type\" content=\"image\/jpeg\" \/>\n<meta name=\"twitter:card\" content=\"summary_large_image\" \/>\n<script type=\"application\/ld+json\" class=\"yoast-schema-graph\">{\"@context\":\"https:\/\/schema.org\",\"@graph\":[{\"@type\":\"WebPage\",\"@id\":\"https:\/\/stiftadmont.at\/familienparadies-kaiserau\/parken-und-maut\/maut-im-sommer\/\",\"url\":\"https:\/\/stiftadmont.at\/familienparadies-kaiserau\/parken-und-maut\/maut-im-sommer\/\",\"name\":\"Maut im Sommer - Stift Admont\",\"isPartOf\":{\"@id\":\"https:\/\/stiftadmont.at\/#website\"},\"datePublished\":\"2023-09-18T09:25:24+00:00\",\"dateModified\":\"2025-09-02T06:50:58+00:00\",\"breadcrumb\":{\"@id\":\"https:\/\/stiftadmont.at\/familienparadies-kaiserau\/parken-und-maut\/maut-im-sommer\/#breadcrumb\"},\"inLanguage\":\"fr-FR\",\"potentialAction\":[{\"@type\":\"ReadAction\",\"target\":[\"https:\/\/stiftadmont.at\/familienparadies-kaiserau\/parken-und-maut\/maut-im-sommer\/\"]}]},{\"@type\":\"BreadcrumbList\",\"@id\":\"https:\/\/stiftadmont.at\/familienparadies-kaiserau\/parken-und-maut\/maut-im-sommer\/#breadcrumb\",\"itemListElement\":[{\"@type\":\"ListItem\",\"position\":1,\"name\":\"Start\",\"item\":\"https:\/\/stiftadmont.at\/\"},{\"@type\":\"ListItem\",\"position\":2,\"name\":\"Familienparadies Kaiserau\",\"item\":\"https:\/\/stiftadmont.at\/familienparadies-kaiserau\/\"},{\"@type\":\"ListItem\",\"position\":3,\"name\":\"Parken &amp; Maut\",\"item\":\"https:\/\/stiftadmont.at\/familienparadies-kaiserau\/parken-und-maut\/\"},{\"@type\":\"ListItem\",\"position\":4,\"name\":\"Maut im Sommer\"}]},{\"@type\":\"WebSite\",\"@id\":\"https:\/\/stiftadmont.at\/#website\",\"url\":\"https:\/\/stiftadmont.at\/\",\"name\":\"Stift Admont\",\"description\":\"Benediktinerkloster und Sehensw\u00fcrdigkeit im Ges\u00e4use\",\"potentialAction\":[{\"@type\":\"SearchAction\",\"target\":{\"@type\":\"EntryPoint\",\"urlTemplate\":\"https:\/\/stiftadmont.at\/?s={search_term_string}\"},\"query-input\":{\"@type\":\"PropertyValueSpecification\",\"valueRequired\":true,\"valueName\":\"search_term_string\"}}],\"inLanguage\":\"fr-FR\"}]}<\/script>\n<!-- \/ Yoast SEO Premium plugin. -->","yoast_head_json":{"title":"P\u00e9age en \u00e9t\u00e9 - Stift Admont","robots":{"index":"index","follow":"follow","max-snippet":"max-snippet:-1","max-image-preview":"max-image-preview:large","max-video-preview":"max-video-preview:-1"},"canonical":"https:\/\/stiftadmont.at\/fr\/paradis-des-familles-kaiserau\/parking-et-peage\/peage-dete\/","og_locale":"fr_FR","og_type":"article","og_title":"Maut im Sommer","og_url":"https:\/\/stiftadmont.at\/fr\/paradis-des-familles-kaiserau\/parking-et-peage\/peage-dete\/","og_site_name":"Stift Admont","article_modified_time":"2025-09-02T06:50:58+00:00","og_image":[{"width":1912,"height":1188,"url":"https:\/\/stiftadmont.at\/wp-content\/uploads\/Klosteranlage-innen.jpg","type":"image\/jpeg"}],"twitter_card":"summary_large_image","schema":{"@context":"https:\/\/schema.org","@graph":[{"@type":"WebPage","@id":"https:\/\/stiftadmont.at\/familienparadies-kaiserau\/parken-und-maut\/maut-im-sommer\/","url":"https:\/\/stiftadmont.at\/familienparadies-kaiserau\/parken-und-maut\/maut-im-sommer\/","name":"P\u00e9age en \u00e9t\u00e9 - Stift Admont","isPartOf":{"@id":"https:\/\/stiftadmont.at\/#website"},"datePublished":"2023-09-18T09:25:24+00:00","dateModified":"2025-09-02T06:50:58+00:00","breadcrumb":{"@id":"https:\/\/stiftadmont.at\/familienparadies-kaiserau\/parken-und-maut\/maut-im-sommer\/#breadcrumb"},"inLanguage":"fr-FR","potentialAction":[{"@type":"ReadAction","target":["https:\/\/stiftadmont.at\/familienparadies-kaiserau\/parken-und-maut\/maut-im-sommer\/"]}]},{"@type":"BreadcrumbList","@id":"https:\/\/stiftadmont.at\/familienparadies-kaiserau\/parken-und-maut\/maut-im-sommer\/#breadcrumb","itemListElement":[{"@type":"ListItem","position":1,"name":"Start","item":"https:\/\/stiftadmont.at\/"},{"@type":"ListItem","position":2,"name":"Familienparadies Kaiserau","item":"https:\/\/stiftadmont.at\/familienparadies-kaiserau\/"},{"@type":"ListItem","position":3,"name":"Parken &amp; Maut","item":"https:\/\/stiftadmont.at\/familienparadies-kaiserau\/parken-und-maut\/"},{"@type":"ListItem","position":4,"name":"Maut im Sommer"}]},{"@type":"WebSite","@id":"https:\/\/stiftadmont.at\/#website","url":"https:\/\/stiftadmont.at\/","name":"Abbaye d'Admont","description":"Monast\u00e8re b\u00e9n\u00e9dictin et attraction touristique dans le Ges\u00e4use","potentialAction":[{"@type":"SearchAction","target":{"@type":"EntryPoint","urlTemplate":"https:\/\/stiftadmont.at\/?s={search_term_string}"},"query-input":{"@type":"PropertyValueSpecification","valueRequired":true,"valueName":"search_term_string"}}],"inLanguage":"fr-FR"}]}},"_links":{"self":[{"href":"https:\/\/stiftadmont.at\/fr\/wp-json\/wp\/v2\/pages\/20346","targetHints":{"allow":["GET"]}}],"collection":[{"href":"https:\/\/stiftadmont.at\/fr\/wp-json\/wp\/v2\/pages"}],"about":[{"href":"https:\/\/stiftadmont.at\/fr\/wp-json\/wp\/v2\/types\/page"}],"author":[{"embeddable":true,"href":"https:\/\/stiftadmont.at\/fr\/wp-json\/wp\/v2\/users\/7"}],"replies":[{"embeddable":true,"href":"https:\/\/stiftadmont.at\/fr\/wp-json\/wp\/v2\/comments?post=20346"}],"version-history":[{"count":41,"href":"https:\/\/stiftadmont.at\/fr\/wp-json\/wp\/v2\/pages\/20346\/revisions"}],"predecessor-version":[{"id":37286,"href":"https:\/\/stiftadmont.at\/fr\/wp-json\/wp\/v2\/pages\/20346\/revisions\/37286"}],"up":[{"embeddable":true,"href":"https:\/\/stiftadmont.at\/fr\/wp-json\/wp\/v2\/pages\/19221"}],"wp:attachment":[{"href":"https:\/\/stiftadmont.at\/fr\/wp-json\/wp\/v2\/media?parent=20346"}],"wp:term":[{"taxonomy":"category","embeddable":true,"href":"https:\/\/stiftadmont.at\/fr\/wp-json\/wp\/v2\/categories?post=20346"}],"curies":[{"name":"wp","href":"https:\/\/api.w.org\/{rel}","templated":true}]}}