{"id":20350,"date":"2023-09-18T11:26:33","date_gmt":"2023-09-18T09:26:33","guid":{"rendered":"https:\/\/stiftadmont.at\/?page_id=20350"},"modified":"2025-09-01T12:12:58","modified_gmt":"2025-09-01T10:12:58","slug":"peage-en-hiver","status":"publish","type":"page","link":"https:\/\/stiftadmont.at\/fr\/familienparadies-kaiserau\/parken-und-maut\/maut-im-winter\/","title":{"rendered":"P\u00e9age en hiver"},"content":{"rendered":"<section id='lightpress__section--block_d3783b30168a602be335f31daa3f03f7' class='align-center lightpress__section--default-section-space lightpress__section lightpress__section--headline'><div class=\"headline__container\">\n            <h2 class=\"headline text--40 text-medium line line--gold line-above line-middle\">P\u00e9age en hiver<\/h2>\n        <p class=\"text-center text-gold text--20 text-medium text--uppercase\">Route \u00e0 p\u00e9age \"Oberst-Klinke-H\u00fctte\" ferm\u00e9e de novembre \u00e0 avril sans exception<\/p>\n        <div class=\"spacer--40\"><\/div>\n<\/div>\n\n<\/section>\n\n<section id='lightpress__section--block_5994cc399608ee5fb04e30623d29c6d9' class='lightpress__section--default-section-space lightpress__section lightpress__section--content'><div class=\"content__inner\"\n         x-init=\"initContentBlockAnim($el)\">\n        \n    <div class=\"content__grid content__grid\">\n                                            <div class=\"content__box content__box--one-hundred\"\n                 style=\"\">\n                                \n                \n                                            <div class=\"prose\"><p class=\"paragraph-m\"><strong><span style=\"font-size: clamp(1rem, 1vw, 1.25rem);\"><\/span>Route \u00e0 p\u00e9age \"Oberst-Klinke-H\u00fctte\" ferm\u00e9e de novembre \u00e0 avril<\/strong><\/p>\n<p>\u00a0<\/p>\n<p class=\"paragraph-m\">Depuis le parking de Kaiserau, une route \u00e0 p\u00e9age de 5 km m\u00e8ne \u00e0 la Klinkeh\u00fctte, qui est ferm\u00e9e\/ferm\u00e9e en hiver.<\/p>\n<p class=\"paragraph-m\">L'utilisation de la route \u00e0 p\u00e9age n'est possible et payante qu'en \u00e9t\u00e9, de mai \u00e0 octobre, selon les conditions m\u00e9t\u00e9orologiques (contr\u00f4le de l'altitude). En \u00e9t\u00e9, la route \u00e0 p\u00e9age est ouverte aux VTTistes et est \u00e9galement gratuite.<\/p>\n<p>\u00a0<\/p>\n<p class=\"paragraph-m\"><strong>En hiver, la route \u00e0 p\u00e9age est ferm\u00e9e\/ferm\u00e9e sans exception. La luge est interdite sur cette route !<\/strong><\/p>\n<\/div>\n                    \n                            <\/div>\n        \n            <\/div>\n<\/div>\n\n<\/section>","protected":false},"excerpt":{"rendered":"","protected":false},"author":7,"featured_media":0,"parent":19221,"menu_order":0,"comment_status":"closed","ping_status":"closed","template":"","meta":{"_acf_changed":false,"footnotes":""},"categories":[],"class_list":["post-20350","page","type-page","status-publish","hentry"],"acf":[],"yoast_head":"<!-- This site is optimized with the Yoast SEO Premium plugin v26.0 (Yoast SEO v26.8) - https:\/\/yoast.com\/product\/yoast-seo-premium-wordpress\/ -->\n<title>Maut im Winter - Stift Admont<\/title>\n<meta name=\"robots\" content=\"index, follow, max-snippet:-1, max-image-preview:large, max-video-preview:-1\" \/>\n<link rel=\"canonical\" href=\"https:\/\/stiftadmont.at\/fr\/paradis-des-familles-kaiserau\/parking-et-peage\/peage-en-hiver\/\" \/>\n<meta property=\"og:locale\" content=\"fr_FR\" \/>\n<meta property=\"og:type\" content=\"article\" \/>\n<meta property=\"og:title\" content=\"Maut im Winter\" \/>\n<meta property=\"og:url\" content=\"https:\/\/stiftadmont.at\/fr\/paradis-des-familles-kaiserau\/parking-et-peage\/peage-en-hiver\/\" \/>\n<meta property=\"og:site_name\" content=\"Stift Admont\" \/>\n<meta property=\"article:modified_time\" content=\"2025-09-01T10:12:58+00:00\" \/>\n<meta property=\"og:image\" content=\"https:\/\/stiftadmont.at\/wp-content\/uploads\/Klosteranlage-innen.jpg\" \/>\n\t<meta property=\"og:image:width\" content=\"1912\" \/>\n\t<meta property=\"og:image:height\" content=\"1188\" \/>\n\t<meta property=\"og:image:type\" content=\"image\/jpeg\" \/>\n<meta name=\"twitter:card\" content=\"summary_large_image\" \/>\n<script type=\"application\/ld+json\" class=\"yoast-schema-graph\">{\"@context\":\"https:\/\/schema.org\",\"@graph\":[{\"@type\":\"WebPage\",\"@id\":\"https:\/\/stiftadmont.at\/familienparadies-kaiserau\/parken-und-maut\/maut-im-winter\/\",\"url\":\"https:\/\/stiftadmont.at\/familienparadies-kaiserau\/parken-und-maut\/maut-im-winter\/\",\"name\":\"Maut im Winter - Stift Admont\",\"isPartOf\":{\"@id\":\"https:\/\/stiftadmont.at\/#website\"},\"datePublished\":\"2023-09-18T09:26:33+00:00\",\"dateModified\":\"2025-09-01T10:12:58+00:00\",\"breadcrumb\":{\"@id\":\"https:\/\/stiftadmont.at\/familienparadies-kaiserau\/parken-und-maut\/maut-im-winter\/#breadcrumb\"},\"inLanguage\":\"fr-FR\",\"potentialAction\":[{\"@type\":\"ReadAction\",\"target\":[\"https:\/\/stiftadmont.at\/familienparadies-kaiserau\/parken-und-maut\/maut-im-winter\/\"]}]},{\"@type\":\"BreadcrumbList\",\"@id\":\"https:\/\/stiftadmont.at\/familienparadies-kaiserau\/parken-und-maut\/maut-im-winter\/#breadcrumb\",\"itemListElement\":[{\"@type\":\"ListItem\",\"position\":1,\"name\":\"Start\",\"item\":\"https:\/\/stiftadmont.at\/\"},{\"@type\":\"ListItem\",\"position\":2,\"name\":\"Familienparadies Kaiserau\",\"item\":\"https:\/\/stiftadmont.at\/familienparadies-kaiserau\/\"},{\"@type\":\"ListItem\",\"position\":3,\"name\":\"Parken &amp; Maut\",\"item\":\"https:\/\/stiftadmont.at\/familienparadies-kaiserau\/parken-und-maut\/\"},{\"@type\":\"ListItem\",\"position\":4,\"name\":\"Maut im Winter\"}]},{\"@type\":\"WebSite\",\"@id\":\"https:\/\/stiftadmont.at\/#website\",\"url\":\"https:\/\/stiftadmont.at\/\",\"name\":\"Stift Admont\",\"description\":\"Benediktinerkloster und Sehensw\u00fcrdigkeit im Ges\u00e4use\",\"potentialAction\":[{\"@type\":\"SearchAction\",\"target\":{\"@type\":\"EntryPoint\",\"urlTemplate\":\"https:\/\/stiftadmont.at\/?s={search_term_string}\"},\"query-input\":{\"@type\":\"PropertyValueSpecification\",\"valueRequired\":true,\"valueName\":\"search_term_string\"}}],\"inLanguage\":\"fr-FR\"}]}<\/script>\n<!-- \/ Yoast SEO Premium plugin. -->","yoast_head_json":{"title":"P\u00e9age en hiver - Stift Admont","robots":{"index":"index","follow":"follow","max-snippet":"max-snippet:-1","max-image-preview":"max-image-preview:large","max-video-preview":"max-video-preview:-1"},"canonical":"https:\/\/stiftadmont.at\/fr\/paradis-des-familles-kaiserau\/parking-et-peage\/peage-en-hiver\/","og_locale":"fr_FR","og_type":"article","og_title":"Maut im Winter","og_url":"https:\/\/stiftadmont.at\/fr\/paradis-des-familles-kaiserau\/parking-et-peage\/peage-en-hiver\/","og_site_name":"Stift Admont","article_modified_time":"2025-09-01T10:12:58+00:00","og_image":[{"width":1912,"height":1188,"url":"https:\/\/stiftadmont.at\/wp-content\/uploads\/Klosteranlage-innen.jpg","type":"image\/jpeg"}],"twitter_card":"summary_large_image","schema":{"@context":"https:\/\/schema.org","@graph":[{"@type":"WebPage","@id":"https:\/\/stiftadmont.at\/familienparadies-kaiserau\/parken-und-maut\/maut-im-winter\/","url":"https:\/\/stiftadmont.at\/familienparadies-kaiserau\/parken-und-maut\/maut-im-winter\/","name":"P\u00e9age en hiver - Stift Admont","isPartOf":{"@id":"https:\/\/stiftadmont.at\/#website"},"datePublished":"2023-09-18T09:26:33+00:00","dateModified":"2025-09-01T10:12:58+00:00","breadcrumb":{"@id":"https:\/\/stiftadmont.at\/familienparadies-kaiserau\/parken-und-maut\/maut-im-winter\/#breadcrumb"},"inLanguage":"fr-FR","potentialAction":[{"@type":"ReadAction","target":["https:\/\/stiftadmont.at\/familienparadies-kaiserau\/parken-und-maut\/maut-im-winter\/"]}]},{"@type":"BreadcrumbList","@id":"https:\/\/stiftadmont.at\/familienparadies-kaiserau\/parken-und-maut\/maut-im-winter\/#breadcrumb","itemListElement":[{"@type":"ListItem","position":1,"name":"Start","item":"https:\/\/stiftadmont.at\/"},{"@type":"ListItem","position":2,"name":"Familienparadies Kaiserau","item":"https:\/\/stiftadmont.at\/familienparadies-kaiserau\/"},{"@type":"ListItem","position":3,"name":"Parken &amp; Maut","item":"https:\/\/stiftadmont.at\/familienparadies-kaiserau\/parken-und-maut\/"},{"@type":"ListItem","position":4,"name":"Maut im Winter"}]},{"@type":"WebSite","@id":"https:\/\/stiftadmont.at\/#website","url":"https:\/\/stiftadmont.at\/","name":"Abbaye d'Admont","description":"Monast\u00e8re b\u00e9n\u00e9dictin et attraction touristique dans le Ges\u00e4use","potentialAction":[{"@type":"SearchAction","target":{"@type":"EntryPoint","urlTemplate":"https:\/\/stiftadmont.at\/?s={search_term_string}"},"query-input":{"@type":"PropertyValueSpecification","valueRequired":true,"valueName":"search_term_string"}}],"inLanguage":"fr-FR"}]}},"_links":{"self":[{"href":"https:\/\/stiftadmont.at\/fr\/wp-json\/wp\/v2\/pages\/20350","targetHints":{"allow":["GET"]}}],"collection":[{"href":"https:\/\/stiftadmont.at\/fr\/wp-json\/wp\/v2\/pages"}],"about":[{"href":"https:\/\/stiftadmont.at\/fr\/wp-json\/wp\/v2\/types\/page"}],"author":[{"embeddable":true,"href":"https:\/\/stiftadmont.at\/fr\/wp-json\/wp\/v2\/users\/7"}],"replies":[{"embeddable":true,"href":"https:\/\/stiftadmont.at\/fr\/wp-json\/wp\/v2\/comments?post=20350"}],"version-history":[{"count":42,"href":"https:\/\/stiftadmont.at\/fr\/wp-json\/wp\/v2\/pages\/20350\/revisions"}],"predecessor-version":[{"id":37281,"href":"https:\/\/stiftadmont.at\/fr\/wp-json\/wp\/v2\/pages\/20350\/revisions\/37281"}],"up":[{"embeddable":true,"href":"https:\/\/stiftadmont.at\/fr\/wp-json\/wp\/v2\/pages\/19221"}],"wp:attachment":[{"href":"https:\/\/stiftadmont.at\/fr\/wp-json\/wp\/v2\/media?parent=20350"}],"wp:term":[{"taxonomy":"category","embeddable":true,"href":"https:\/\/stiftadmont.at\/fr\/wp-json\/wp\/v2\/categories?post=20350"}],"curies":[{"name":"wp","href":"https:\/\/api.w.org\/{rel}","templated":true}]}}