{"id":20517,"date":"2023-09-18T14:33:55","date_gmt":"2023-09-18T12:33:55","guid":{"rendered":"https:\/\/stiftadmont.at\/?page_id=20517"},"modified":"2025-01-29T13:28:24","modified_gmt":"2025-01-29T11:28:24","slug":"herbes-et-plants","status":"publish","type":"page","link":"https:\/\/stiftadmont.at\/fr\/stiftsgaertnerei-blumen-und-wein\/gaertnerei\/kraeuter-und-setzlinge\/","title":{"rendered":"Herbes et plants"},"content":{"rendered":"<section id='lightpress__section--block_0252fd038c4143abaaa1baf171593724' class='align-center lightpress__section--default-section-space lightpress__section lightpress__section--headline'><div class=\"headline__container\">\n            <h2 class=\"headline text--40 text-medium line line--gold line-above line-middle\">Une diversit\u00e9 saine et parfum\u00e9e dans votre jardin<\/h2>\n        <p class=\"text-center text-gold text--20 text-medium text--uppercase\">Herbes et plants de la maison des fleurs <\/p>\n        <div class=\"spacer--40\"><\/div>\n<\/div>\n\n<\/section>\n\n<section id='lightpress__section--block_0d34774feaa29b77d5ad5bb959e4e590' class='lightpress__section--default-section-space lightpress__section lightpress__section--content'><div class=\"content__inner\"\n         x-init=\"initContentBlockAnim($el)\">\n        \n    <div class=\"content__grid content__grid\">\n                                            <div class=\"content__box content__box--one-hundred\"\n                 style=\"\">\n                                \n                \n                                            <div class=\"prose\"><h5 class=\"heading-m line line-above line--gold\">Herbes aromatiques et plants cultiv\u00e9s sur place<\/h5>\n<p>\u00a0<\/p>\n<p class=\"paragraph-m\">Elles chassent la fi\u00e8vre et les maux de t\u00eate, ont un effet antibact\u00e9rien et calmant ou stimulent la circulation sanguine - les herbes ont des effets multiples sur le corps humain.\u00a0<\/p>\n<p class=\"paragraph-m\">Plant\u00e9es dans votre jardin, elles servent de pharmacie naturelle salutaire, mais aussi \u00e0 relever le go\u00fbt de vos plats.<\/p>\n<p class=\"paragraph-m\">Notre passion pour la cueillette d'herbes du monde entier vous permet de puiser dans un vaste assortiment. Outre les herbes culinaires courantes, les serres de la Stiftsg\u00e4rtnerei Admont abritent \u00e9galement des plantes aromatiques orientales et m\u00e9diterran\u00e9ennes qui jouissent d'une nature robuste et saine.<\/p>\n<p>\u00a0<\/p>\n<p>\u00a0<\/p>\n<h5 class=\"heading-m line line-above line--gold\">Jeunes plantes pour votre jardin familial<\/h5>\n<p>\u00a0<\/p>\n<p class=\"paragraph-m\">D\u00e8s l'hiver, les premiers plants attendent dans nos serres d'\u00eatre repiqu\u00e9s. Mais ce n'est que lorsque notre prog\u00e9niture sera devenue de jeunes plants vigoureux qu'elle pourra prendre racine dans votre jardin.<\/p>\n<p class=\"paragraph-m\">C'est avec beaucoup d'amour et de d\u00e9vouement que nous cultivons dans les serres de l'abbaye d'Admont de nombreuses vari\u00e9t\u00e9s de plants de tomates, de poivrons, de concombres et de salades, qui contribuent \u00e0 votre alimentation saine, sans produits phytosanitaires chimiques.<\/p>\n<\/div>\n                    \n                            <\/div>\n        \n            <\/div>\n<\/div>\n\n<\/section>","protected":false},"excerpt":{"rendered":"","protected":false},"author":20,"featured_media":0,"parent":20245,"menu_order":0,"comment_status":"closed","ping_status":"closed","template":"","meta":{"_acf_changed":false,"footnotes":""},"categories":[],"class_list":["post-20517","page","type-page","status-publish","hentry"],"acf":[],"yoast_head":"<!-- This site is optimized with the Yoast SEO Premium plugin v26.0 (Yoast SEO v26.8) - https:\/\/yoast.com\/product\/yoast-seo-premium-wordpress\/ -->\n<title>Kr\u00e4uter und Setzlinge - Stift Admont<\/title>\n<meta name=\"robots\" content=\"index, follow, max-snippet:-1, max-image-preview:large, max-video-preview:-1\" \/>\n<link rel=\"canonical\" href=\"https:\/\/stiftadmont.at\/fr\/stiftsgaertnerei-fleurs-et-vin\/gaertnerei\/herbes-et-plants\/\" \/>\n<meta property=\"og:locale\" content=\"fr_FR\" \/>\n<meta property=\"og:type\" content=\"article\" \/>\n<meta property=\"og:title\" content=\"Kr\u00e4uter und Setzlinge\" \/>\n<meta property=\"og:url\" content=\"https:\/\/stiftadmont.at\/fr\/stiftsgaertnerei-fleurs-et-vin\/gaertnerei\/herbes-et-plants\/\" \/>\n<meta property=\"og:site_name\" content=\"Stift Admont\" \/>\n<meta property=\"article:modified_time\" content=\"2025-01-29T11:28:24+00:00\" \/>\n<meta property=\"og:image\" content=\"https:\/\/stiftadmont.at\/wp-content\/uploads\/Klosteranlage-innen.jpg\" \/>\n\t<meta property=\"og:image:width\" content=\"1912\" \/>\n\t<meta property=\"og:image:height\" content=\"1188\" \/>\n\t<meta property=\"og:image:type\" content=\"image\/jpeg\" \/>\n<meta name=\"twitter:card\" content=\"summary_large_image\" \/>\n<script type=\"application\/ld+json\" class=\"yoast-schema-graph\">{\"@context\":\"https:\/\/schema.org\",\"@graph\":[{\"@type\":\"WebPage\",\"@id\":\"https:\/\/stiftadmont.at\/stiftsgaertnerei-blumen-und-wein\/gaertnerei\/kraeuter-und-setzlinge\/\",\"url\":\"https:\/\/stiftadmont.at\/stiftsgaertnerei-blumen-und-wein\/gaertnerei\/kraeuter-und-setzlinge\/\",\"name\":\"Kr\u00e4uter und Setzlinge - Stift Admont\",\"isPartOf\":{\"@id\":\"https:\/\/stiftadmont.at\/#website\"},\"datePublished\":\"2023-09-18T12:33:55+00:00\",\"dateModified\":\"2025-01-29T11:28:24+00:00\",\"breadcrumb\":{\"@id\":\"https:\/\/stiftadmont.at\/stiftsgaertnerei-blumen-und-wein\/gaertnerei\/kraeuter-und-setzlinge\/#breadcrumb\"},\"inLanguage\":\"fr-FR\",\"potentialAction\":[{\"@type\":\"ReadAction\",\"target\":[\"https:\/\/stiftadmont.at\/stiftsgaertnerei-blumen-und-wein\/gaertnerei\/kraeuter-und-setzlinge\/\"]}]},{\"@type\":\"BreadcrumbList\",\"@id\":\"https:\/\/stiftadmont.at\/stiftsgaertnerei-blumen-und-wein\/gaertnerei\/kraeuter-und-setzlinge\/#breadcrumb\",\"itemListElement\":[{\"@type\":\"ListItem\",\"position\":1,\"name\":\"Start\",\"item\":\"https:\/\/stiftadmont.at\/\"},{\"@type\":\"ListItem\",\"position\":2,\"name\":\"Stiftsg\u00e4rtnerei Blumen und Wein\",\"item\":\"https:\/\/stiftadmont.at\/stiftsgaertnerei-blumen-und-wein\/\"},{\"@type\":\"ListItem\",\"position\":3,\"name\":\"G\u00e4rtnerei\",\"item\":\"https:\/\/stiftadmont.at\/stiftsgaertnerei-blumen-und-wein\/gaertnerei\/\"},{\"@type\":\"ListItem\",\"position\":4,\"name\":\"Kr\u00e4uter und Setzlinge\"}]},{\"@type\":\"WebSite\",\"@id\":\"https:\/\/stiftadmont.at\/#website\",\"url\":\"https:\/\/stiftadmont.at\/\",\"name\":\"Stift Admont\",\"description\":\"Benediktinerkloster und Sehensw\u00fcrdigkeit im Ges\u00e4use\",\"potentialAction\":[{\"@type\":\"SearchAction\",\"target\":{\"@type\":\"EntryPoint\",\"urlTemplate\":\"https:\/\/stiftadmont.at\/?s={search_term_string}\"},\"query-input\":{\"@type\":\"PropertyValueSpecification\",\"valueRequired\":true,\"valueName\":\"search_term_string\"}}],\"inLanguage\":\"fr-FR\"}]}<\/script>\n<!-- \/ Yoast SEO Premium plugin. -->","yoast_head_json":{"title":"Herbes et plants - Stift Admont","robots":{"index":"index","follow":"follow","max-snippet":"max-snippet:-1","max-image-preview":"max-image-preview:large","max-video-preview":"max-video-preview:-1"},"canonical":"https:\/\/stiftadmont.at\/fr\/stiftsgaertnerei-fleurs-et-vin\/gaertnerei\/herbes-et-plants\/","og_locale":"fr_FR","og_type":"article","og_title":"Kr\u00e4uter und Setzlinge","og_url":"https:\/\/stiftadmont.at\/fr\/stiftsgaertnerei-fleurs-et-vin\/gaertnerei\/herbes-et-plants\/","og_site_name":"Stift Admont","article_modified_time":"2025-01-29T11:28:24+00:00","og_image":[{"width":1912,"height":1188,"url":"https:\/\/stiftadmont.at\/wp-content\/uploads\/Klosteranlage-innen.jpg","type":"image\/jpeg"}],"twitter_card":"summary_large_image","schema":{"@context":"https:\/\/schema.org","@graph":[{"@type":"WebPage","@id":"https:\/\/stiftadmont.at\/stiftsgaertnerei-blumen-und-wein\/gaertnerei\/kraeuter-und-setzlinge\/","url":"https:\/\/stiftadmont.at\/stiftsgaertnerei-blumen-und-wein\/gaertnerei\/kraeuter-und-setzlinge\/","name":"Herbes et plants - Stift Admont","isPartOf":{"@id":"https:\/\/stiftadmont.at\/#website"},"datePublished":"2023-09-18T12:33:55+00:00","dateModified":"2025-01-29T11:28:24+00:00","breadcrumb":{"@id":"https:\/\/stiftadmont.at\/stiftsgaertnerei-blumen-und-wein\/gaertnerei\/kraeuter-und-setzlinge\/#breadcrumb"},"inLanguage":"fr-FR","potentialAction":[{"@type":"ReadAction","target":["https:\/\/stiftadmont.at\/stiftsgaertnerei-blumen-und-wein\/gaertnerei\/kraeuter-und-setzlinge\/"]}]},{"@type":"BreadcrumbList","@id":"https:\/\/stiftadmont.at\/stiftsgaertnerei-blumen-und-wein\/gaertnerei\/kraeuter-und-setzlinge\/#breadcrumb","itemListElement":[{"@type":"ListItem","position":1,"name":"Start","item":"https:\/\/stiftadmont.at\/"},{"@type":"ListItem","position":2,"name":"Stiftsg\u00e4rtnerei Blumen und Wein","item":"https:\/\/stiftadmont.at\/stiftsgaertnerei-blumen-und-wein\/"},{"@type":"ListItem","position":3,"name":"G\u00e4rtnerei","item":"https:\/\/stiftadmont.at\/stiftsgaertnerei-blumen-und-wein\/gaertnerei\/"},{"@type":"ListItem","position":4,"name":"Kr\u00e4uter und Setzlinge"}]},{"@type":"WebSite","@id":"https:\/\/stiftadmont.at\/#website","url":"https:\/\/stiftadmont.at\/","name":"Abbaye d'Admont","description":"Monast\u00e8re b\u00e9n\u00e9dictin et attraction touristique dans le Ges\u00e4use","potentialAction":[{"@type":"SearchAction","target":{"@type":"EntryPoint","urlTemplate":"https:\/\/stiftadmont.at\/?s={search_term_string}"},"query-input":{"@type":"PropertyValueSpecification","valueRequired":true,"valueName":"search_term_string"}}],"inLanguage":"fr-FR"}]}},"_links":{"self":[{"href":"https:\/\/stiftadmont.at\/fr\/wp-json\/wp\/v2\/pages\/20517","targetHints":{"allow":["GET"]}}],"collection":[{"href":"https:\/\/stiftadmont.at\/fr\/wp-json\/wp\/v2\/pages"}],"about":[{"href":"https:\/\/stiftadmont.at\/fr\/wp-json\/wp\/v2\/types\/page"}],"author":[{"embeddable":true,"href":"https:\/\/stiftadmont.at\/fr\/wp-json\/wp\/v2\/users\/20"}],"replies":[{"embeddable":true,"href":"https:\/\/stiftadmont.at\/fr\/wp-json\/wp\/v2\/comments?post=20517"}],"version-history":[{"count":8,"href":"https:\/\/stiftadmont.at\/fr\/wp-json\/wp\/v2\/pages\/20517\/revisions"}],"predecessor-version":[{"id":32297,"href":"https:\/\/stiftadmont.at\/fr\/wp-json\/wp\/v2\/pages\/20517\/revisions\/32297"}],"up":[{"embeddable":true,"href":"https:\/\/stiftadmont.at\/fr\/wp-json\/wp\/v2\/pages\/20245"}],"wp:attachment":[{"href":"https:\/\/stiftadmont.at\/fr\/wp-json\/wp\/v2\/media?parent=20517"}],"wp:term":[{"taxonomy":"category","embeddable":true,"href":"https:\/\/stiftadmont.at\/fr\/wp-json\/wp\/v2\/categories?post=20517"}],"curies":[{"name":"wp","href":"https:\/\/api.w.org\/{rel}","templated":true}]}}