{"id":20816,"date":"2023-09-21T13:02:24","date_gmt":"2023-09-21T11:02:24","guid":{"rendered":"https:\/\/stiftadmont.at\/?page_id=20816"},"modified":"2025-01-31T10:30:53","modified_gmt":"2025-01-31T08:30:53","slug":"arrivee-kaiserau","status":"publish","type":"page","link":"https:\/\/stiftadmont.at\/fr\/familienparadies-kaiserau\/anreise-kaiserau\/","title":{"rendered":"Arriv\u00e9e"},"content":{"rendered":"<section id='lightpress__section--block_d3b31cedd75d64e160551adddd14ef80' class='align-center lightpress__section--default-section-space lightpress__section lightpress__section--headline'><div class=\"headline__container\">\n            <h2 class=\"headline text--40 text-medium line line--gold line-above line-middle\">Informations sur l'acc\u00e8s<\/h2>\n        <p class=\"text-center text-gold text--20 text-medium text--uppercase\">Kaiserau se trouve entre Admont et Trieben, \u00e0 environ 10 km de chacune des deux localit\u00e9s.<\/p>\n        <div class=\"spacer--40\"><\/div>\n<\/div>\n\n<\/section>\n\n<section id='lightpress__section--block_1e705222a9d90a43346f655582675841' class='lightpress__section--default-section-space lightpress__section lightpress__section--content'><div class=\"content__inner\"\n         x-init=\"initContentBlockAnim($el)\">\n        \n    <div class=\"content__grid content__grid\">\n                                            <div class=\"content__box content__box--one-hundred\"\n                 style=\"\">\n                                \n                \n                                            <div class=\"prose\"><ul>\n<li class=\"paragraph-m\">Elle est\u00a0<span style=\"color: var(--color-black);\">depuis le sud<\/span> en venant de la sortie d'autoroute de Trieben (A9 Pyhrnautobahn) par la Kaiserauer Landesstra\u00dfe L 713 en 10 min.<\/li>\n<li class=\"paragraph-m\"><span style=\"color: var(--color-black);\">En provenance du nord<\/span> on arrive \u00e0 Kaiserau \u00e9galement par l'autoroute A9 Pyhrnautobahn. Depuis la sortie Ardning, il faut suivre la route nationale Ges\u00e4use B146 sur environ 10 km jusqu'\u00e0 Admont. De l\u00e0, la Kaiserau est accessible en 10 minutes par la Kaiserauer Landesstra\u00dfe L 713.<\/li>\n<li class=\"paragraph-m\"><span style=\"color: var(--color-black);\">Depuis le nord-est<\/span> on arrive \u00e0 Admont par Amstetten, Weyer et St. Gallen, de l'est par Eisenerz et le Ges\u00e4use. \u00c0 partir d'Admont, on suit la route nationale L 713 de Kaiserau, sur laquelle on arrive au bout de 10 minutes.<\/li>\n<li class=\"paragraph-m\"><span style=\"color: var(--color-black);\">Voyageurs en train ou en bus<\/span>\u00a0vont jusqu'\u00e0 Selzthal ou Trieben et prennent ensuite les transports publics ou le ski-bus gratuit jusqu'\u00e0 Kaiserau.<\/li>\n<\/ul>\n<p>\u00a0<\/p>\n<p>\u00a0<\/p>\n<p class=\"paragraph-m\" style=\"font-size: medium;\"><strong>\u00c0 partir de d\u00e9but mai, les voitures et les bus peuvent emprunter la route \u00e0 p\u00e9age jusqu'au refuge Oberst-Klinke. En hiver, l'acc\u00e8s au refuge Oberst-Klinke n'est pas possible.<\/strong><\/p>\n<\/div>\n                    \n                            <\/div>\n        \n            <\/div>\n<\/div>\n\n<\/section>","protected":false},"excerpt":{"rendered":"","protected":false},"author":7,"featured_media":0,"parent":478,"menu_order":0,"comment_status":"closed","ping_status":"closed","template":"","meta":{"_acf_changed":false,"footnotes":""},"categories":[],"class_list":["post-20816","page","type-page","status-publish","hentry"],"acf":[],"yoast_head":"<!-- This site is optimized with the Yoast SEO Premium plugin v26.0 (Yoast SEO v26.8) - https:\/\/yoast.com\/product\/yoast-seo-premium-wordpress\/ -->\n<title>Anreise - Stift Admont<\/title>\n<meta name=\"robots\" content=\"index, follow, max-snippet:-1, max-image-preview:large, max-video-preview:-1\" \/>\n<link rel=\"canonical\" href=\"https:\/\/stiftadmont.at\/fr\/paradis-des-familles-kaiserau\/arrivee-kaiserau\/\" \/>\n<meta property=\"og:locale\" content=\"fr_FR\" \/>\n<meta property=\"og:type\" content=\"article\" \/>\n<meta property=\"og:title\" content=\"Anreise\" \/>\n<meta property=\"og:url\" content=\"https:\/\/stiftadmont.at\/fr\/paradis-des-familles-kaiserau\/arrivee-kaiserau\/\" \/>\n<meta property=\"og:site_name\" content=\"Stift Admont\" \/>\n<meta property=\"article:modified_time\" content=\"2025-01-31T08:30:53+00:00\" \/>\n<meta property=\"og:image\" content=\"https:\/\/stiftadmont.at\/wp-content\/uploads\/Klosteranlage-innen.jpg\" \/>\n\t<meta property=\"og:image:width\" content=\"1912\" \/>\n\t<meta property=\"og:image:height\" content=\"1188\" \/>\n\t<meta property=\"og:image:type\" content=\"image\/jpeg\" \/>\n<meta name=\"twitter:card\" content=\"summary_large_image\" \/>\n<script type=\"application\/ld+json\" class=\"yoast-schema-graph\">{\"@context\":\"https:\/\/schema.org\",\"@graph\":[{\"@type\":\"WebPage\",\"@id\":\"https:\/\/stiftadmont.at\/familienparadies-kaiserau\/anreise-kaiserau\/\",\"url\":\"https:\/\/stiftadmont.at\/familienparadies-kaiserau\/anreise-kaiserau\/\",\"name\":\"Anreise - Stift Admont\",\"isPartOf\":{\"@id\":\"https:\/\/stiftadmont.at\/#website\"},\"datePublished\":\"2023-09-21T11:02:24+00:00\",\"dateModified\":\"2025-01-31T08:30:53+00:00\",\"breadcrumb\":{\"@id\":\"https:\/\/stiftadmont.at\/familienparadies-kaiserau\/anreise-kaiserau\/#breadcrumb\"},\"inLanguage\":\"fr-FR\",\"potentialAction\":[{\"@type\":\"ReadAction\",\"target\":[\"https:\/\/stiftadmont.at\/familienparadies-kaiserau\/anreise-kaiserau\/\"]}]},{\"@type\":\"BreadcrumbList\",\"@id\":\"https:\/\/stiftadmont.at\/familienparadies-kaiserau\/anreise-kaiserau\/#breadcrumb\",\"itemListElement\":[{\"@type\":\"ListItem\",\"position\":1,\"name\":\"Start\",\"item\":\"https:\/\/stiftadmont.at\/\"},{\"@type\":\"ListItem\",\"position\":2,\"name\":\"Familienparadies Kaiserau\",\"item\":\"https:\/\/stiftadmont.at\/familienparadies-kaiserau\/\"},{\"@type\":\"ListItem\",\"position\":3,\"name\":\"Anreise\"}]},{\"@type\":\"WebSite\",\"@id\":\"https:\/\/stiftadmont.at\/#website\",\"url\":\"https:\/\/stiftadmont.at\/\",\"name\":\"Stift Admont\",\"description\":\"Benediktinerkloster und Sehensw\u00fcrdigkeit im Ges\u00e4use\",\"potentialAction\":[{\"@type\":\"SearchAction\",\"target\":{\"@type\":\"EntryPoint\",\"urlTemplate\":\"https:\/\/stiftadmont.at\/?s={search_term_string}\"},\"query-input\":{\"@type\":\"PropertyValueSpecification\",\"valueRequired\":true,\"valueName\":\"search_term_string\"}}],\"inLanguage\":\"fr-FR\"}]}<\/script>\n<!-- \/ Yoast SEO Premium plugin. -->","yoast_head_json":{"title":"Arriv\u00e9e - Stift Admont","robots":{"index":"index","follow":"follow","max-snippet":"max-snippet:-1","max-image-preview":"max-image-preview:large","max-video-preview":"max-video-preview:-1"},"canonical":"https:\/\/stiftadmont.at\/fr\/paradis-des-familles-kaiserau\/arrivee-kaiserau\/","og_locale":"fr_FR","og_type":"article","og_title":"Anreise","og_url":"https:\/\/stiftadmont.at\/fr\/paradis-des-familles-kaiserau\/arrivee-kaiserau\/","og_site_name":"Stift Admont","article_modified_time":"2025-01-31T08:30:53+00:00","og_image":[{"width":1912,"height":1188,"url":"https:\/\/stiftadmont.at\/wp-content\/uploads\/Klosteranlage-innen.jpg","type":"image\/jpeg"}],"twitter_card":"summary_large_image","schema":{"@context":"https:\/\/schema.org","@graph":[{"@type":"WebPage","@id":"https:\/\/stiftadmont.at\/familienparadies-kaiserau\/anreise-kaiserau\/","url":"https:\/\/stiftadmont.at\/familienparadies-kaiserau\/anreise-kaiserau\/","name":"Arriv\u00e9e - Stift Admont","isPartOf":{"@id":"https:\/\/stiftadmont.at\/#website"},"datePublished":"2023-09-21T11:02:24+00:00","dateModified":"2025-01-31T08:30:53+00:00","breadcrumb":{"@id":"https:\/\/stiftadmont.at\/familienparadies-kaiserau\/anreise-kaiserau\/#breadcrumb"},"inLanguage":"fr-FR","potentialAction":[{"@type":"ReadAction","target":["https:\/\/stiftadmont.at\/familienparadies-kaiserau\/anreise-kaiserau\/"]}]},{"@type":"BreadcrumbList","@id":"https:\/\/stiftadmont.at\/familienparadies-kaiserau\/anreise-kaiserau\/#breadcrumb","itemListElement":[{"@type":"ListItem","position":1,"name":"Start","item":"https:\/\/stiftadmont.at\/"},{"@type":"ListItem","position":2,"name":"Familienparadies Kaiserau","item":"https:\/\/stiftadmont.at\/familienparadies-kaiserau\/"},{"@type":"ListItem","position":3,"name":"Anreise"}]},{"@type":"WebSite","@id":"https:\/\/stiftadmont.at\/#website","url":"https:\/\/stiftadmont.at\/","name":"Abbaye d'Admont","description":"Monast\u00e8re b\u00e9n\u00e9dictin et attraction touristique dans le Ges\u00e4use","potentialAction":[{"@type":"SearchAction","target":{"@type":"EntryPoint","urlTemplate":"https:\/\/stiftadmont.at\/?s={search_term_string}"},"query-input":{"@type":"PropertyValueSpecification","valueRequired":true,"valueName":"search_term_string"}}],"inLanguage":"fr-FR"}]}},"_links":{"self":[{"href":"https:\/\/stiftadmont.at\/fr\/wp-json\/wp\/v2\/pages\/20816","targetHints":{"allow":["GET"]}}],"collection":[{"href":"https:\/\/stiftadmont.at\/fr\/wp-json\/wp\/v2\/pages"}],"about":[{"href":"https:\/\/stiftadmont.at\/fr\/wp-json\/wp\/v2\/types\/page"}],"author":[{"embeddable":true,"href":"https:\/\/stiftadmont.at\/fr\/wp-json\/wp\/v2\/users\/7"}],"replies":[{"embeddable":true,"href":"https:\/\/stiftadmont.at\/fr\/wp-json\/wp\/v2\/comments?post=20816"}],"version-history":[{"count":10,"href":"https:\/\/stiftadmont.at\/fr\/wp-json\/wp\/v2\/pages\/20816\/revisions"}],"predecessor-version":[{"id":32514,"href":"https:\/\/stiftadmont.at\/fr\/wp-json\/wp\/v2\/pages\/20816\/revisions\/32514"}],"up":[{"embeddable":true,"href":"https:\/\/stiftadmont.at\/fr\/wp-json\/wp\/v2\/pages\/478"}],"wp:attachment":[{"href":"https:\/\/stiftadmont.at\/fr\/wp-json\/wp\/v2\/media?parent=20816"}],"wp:term":[{"taxonomy":"category","embeddable":true,"href":"https:\/\/stiftadmont.at\/fr\/wp-json\/wp\/v2\/categories?post=20816"}],"curies":[{"name":"wp","href":"https:\/\/api.w.org\/{rel}","templated":true}]}}