{"id":2099,"date":"2021-07-22T14:04:19","date_gmt":"2021-07-22T12:04:19","guid":{"rendered":"https:\/\/stiftadmont.at\/?page_id=2099"},"modified":"2022-06-30T16:04:51","modified_gmt":"2022-06-30T14:04:51","slug":"groupe-de-figurines-les-quatre-dernieres-choses","status":"publish","type":"page","link":"https:\/\/stiftadmont.at\/fr\/ueber-die-stiftsbibliothek\/figurengruppe-die-vier-letzten-dinge\/","title":{"rendered":"Groupe de figurines - Les quatre derni\u00e8res choses"},"content":{"rendered":"<section id='lightpress__section--block_60f95ebd1bb4f' class='lightpress__section--default-section-space lightpress__section lightpress__section--content'><div class=\"content__inner\"\n         x-init=\"initContentBlockAnim($el)\">\n        \n    <div class=\"content__grid content__grid--fifty-fifty\">\n                                            <div class=\"content__box content__box\"\n                 style=\"\">\n                                \n                \n                                            <div class=\"prose\"><h2 class=\"heading-xxl line line--gold\">JOSEF STAMMEL, LES QUATRE DERNI\u00c8RES CHOSES<\/h2>\n<p class=\"paragraph-m\">Les quatre statues plus grandes que nature sont caract\u00e9ris\u00e9es par une gestuelle et des mimiques prononc\u00e9es. Elles repr\u00e9sentent la mort, la r\u00e9surrection (en m\u00eame temps que le jugement), l'enfer et le paradis.<\/p>\n<\/div>\n                    \n                            <\/div>\n        \n                                                    <div class=\"content__box content__box--2\"\n                     >\n                                        \n                    \n                                                <div class=\"content__media stickyTo\" x-init=\"imageSticky($el)\">\n\n                                                                                    <picture\n                                    class=\"content__image sticky\">\n                                <source srcset=\"https:\/\/stiftadmont.at\/wp-content\/uploads\/Bibliothek-4-1024x768.webp\" type=\"image\/webp\">\n                                <source srcset=\"https:\/\/stiftadmont.at\/wp-content\/uploads\/Bibliothek-4-1024x768.jpg\" type=\"image\/jpeg\">\n                                <img decoding=\"async\" class=\"sticky\" loading=\"lazy\" src=\"https:\/\/stiftadmont.at\/wp-content\/uploads\/Bibliothek-4-1024x768.jpg\" alt=\"Biblioth\u00e8que 4\" \/>\n\n                                                                                                                            <\/picture>\n\n                        <\/div>\n\n                                    <\/div>\n            \n            <\/div>\n<\/div>\n\n<\/section>\n\n<section id='lightpress__section--block_60f95f591bb51' class='lightpress__section--default-section-space lightpress__section lightpress__section--content'><div class=\"content__inner\"\n         x-init=\"initContentBlockAnim($el)\">\n        \n    <div class=\"content__grid content__grid--fifty-fifty\">\n                                            <div class=\"content__box content__box\"\n                 style=\"\">\n                                \n                \n                                        <div class=\"content__media stickyTo\" x-init=\"imageSticky($el)\">\n\n                                                                                                <picture\n                                class=\"content__image sticky\">\n                            <source srcset=\"https:\/\/stiftadmont.at\/wp-content\/uploads\/Bibliothek4LETZTE2-817x1024.jpg\"\n                                    type=\"image\/webp\">\n                            <source srcset=\"https:\/\/stiftadmont.at\/wp-content\/uploads\/Bibliothek4LETZTE2-817x1024.jpg\"\n                                    type=\"image\/jpeg\">\n                            <img decoding=\"async\" loading=\"lazy\" src=\"https:\/\/stiftadmont.at\/wp-content\/uploads\/Bibliothek4LETZTE2-817x1024.jpg\" alt=\"Stift Admont - Les quatre derni\u00e8res choses de Josef Stammel\" width=\"600\" height=\"450\" \/>\n                                                                                                            <\/picture>\n\n                    <\/div>\n\n                            <\/div>\n        \n                                                    <div class=\"content__box content__box--2\"\n                     >\n                                        \n                    \n                                                    <div class=\"prose\"><h3 class=\"heading-xl line line--red\">(1) La mort<\/h3>\n<p class=\"paragraph-m\">L'homme est arriv\u00e9 au terme de sa vie. Il est repr\u00e9sent\u00e9 comme un vieux p\u00e8lerin avec une croix de p\u00e8lerin, un b\u00e2ton de p\u00e8lerin et une coquille Saint-Jacques.<\/p>\n<p class=\"paragraph-m\">L'homme osseux ail\u00e9, personnification de la mort, s'approche de lui par derri\u00e8re. Dans sa main droite, la Mort, repr\u00e9sent\u00e9e de mani\u00e8re effrayante, tient un sablier ail\u00e9 qui indique la dur\u00e9e de vie \u00e9coul\u00e9e de l'homme. De la gauche, il tient un poignard pointu, allusion \u00e0 la mort subite. Les petits anges aux pieds du mourant tiennent des attributs dans leurs mains. Ces symboles de vanitas (bulle de savon, coquille vide, bougie \u00e9teinte et bris\u00e9e) font r\u00e9f\u00e9rence au caract\u00e8re \u00e9ph\u00e9m\u00e8re de tout \u00eatre. Quant \u00e0 la grappe dite \"sodomite\", elle se transforme en poussi\u00e8re lorsqu'on la touche. Ce motif fait penser aux paroles prononc\u00e9es \u00e0 l'\u00e9glise le mercredi des Cendres : \"Pense, \u00f4 homme, que tu es poussi\u00e8re et que tu retourneras \u00e0 la poussi\u00e8re\".<\/p>\n<\/div>\n                        \n                                    <\/div>\n            \n            <\/div>\n<\/div>\n\n<\/section>\n\n<section id='lightpress__section--block_60f9631a16cc9' class='lightpress__section--default-section-space lightpress__section lightpress__section--content'><div class=\"content__inner\"\n         x-init=\"initContentBlockAnim($el)\">\n        \n    <div class=\"content__grid content__grid--fifty-fifty\">\n                                            <div class=\"content__box content__box\"\n                 style=\"\">\n                                \n                \n                                            <div class=\"prose\"><h3 class=\"heading-xl line line--gold\">(2) LA R\u00c9SURRECTION<\/h3>\n<p class=\"paragraph-m\">Couvert d'un linceul, un jeune homme, accompagn\u00e9 d'un petit ange, sort de la tombe.<\/p>\n<p class=\"paragraph-m\">Au-dessus de sa t\u00eate s'\u00e9tend un arc-en-ciel. Sur celui-ci tr\u00f4ne le Christ, ressuscit\u00e9 et juge du monde. Le jugement individuel n'a pas encore \u00e9t\u00e9 prononc\u00e9.<\/p>\n<p class=\"paragraph-m\">Le regard du jeune homme est dirig\u00e9 vers le diable accroupi \u00e0 ses pieds. Celui-ci fait office d'accusateur, porte un gousset sur le nez et est pouss\u00e9 sur le c\u00f4t\u00e9 par l'imposant livre sur lequel sont consign\u00e9es les actions de celui qui doit \u00eatre jug\u00e9.<\/p>\n<p class=\"paragraph-m\">Sur la droite, face au l\u00e9gendaire \"diable de la biblioth\u00e8que d'Admont\", se dresse la pierre tombale \u00e9rig\u00e9e. Elle montre une t\u00eate de mort, une bougie en train de s'\u00e9teindre, l'ann\u00e9e 1760 (date probable de l'ach\u00e8vement du groupe de figures) et les initiales ST (pour Stammel).<\/p>\n<\/div>\n                    \n                            <\/div>\n        \n                                                    <div class=\"content__box content__box--2\"\n                     >\n                                        \n                    \n                                                <div class=\"content__media stickyTo\" x-init=\"imageSticky($el)\">\n\n                                                                                    <picture\n                                    class=\"content__image sticky\">\n                                <source srcset=\"https:\/\/stiftadmont.at\/wp-content\/uploads\/Bibliothek-4LETZTE1-R-814x1024.webp\" type=\"image\/webp\">\n                                <source srcset=\"https:\/\/stiftadmont.at\/wp-content\/uploads\/Bibliothek-4LETZTE1-R-814x1024.jpg\" type=\"image\/jpeg\">\n                                <img decoding=\"async\" class=\"sticky\" loading=\"lazy\" src=\"https:\/\/stiftadmont.at\/wp-content\/uploads\/Bibliothek-4LETZTE1-R-814x1024.jpg\" alt=\"Stift Admont - Les quatre derni\u00e8res choses de Josef Stammel\" \/>\n\n                                                                                                                            <\/picture>\n\n                        <\/div>\n\n                                    <\/div>\n            \n            <\/div>\n<\/div>\n\n<\/section>\n\n<section id='lightpress__section--block_60f963be16cca' class='lightpress__section--default-section-space lightpress__section lightpress__section--content'><div class=\"content__inner\"\n         x-init=\"initContentBlockAnim($el)\">\n        \n    <div class=\"content__grid content__grid--fifty-fifty\">\n                                            <div class=\"content__box content__box\"\n                 style=\"\">\n                                \n                \n                                        <div class=\"content__media stickyTo\" x-init=\"imageSticky($el)\">\n\n                                                                                                <picture\n                                class=\"content__image sticky\">\n                            <source srcset=\"https:\/\/stiftadmont.at\/wp-content\/uploads\/Die-Stiftsbibliothek-b-3-818x1024.jpg\"\n                                    type=\"image\/webp\">\n                            <source srcset=\"https:\/\/stiftadmont.at\/wp-content\/uploads\/Die-Stiftsbibliothek-b-3-818x1024.jpg\"\n                                    type=\"image\/jpeg\">\n                            <img decoding=\"async\" loading=\"lazy\" src=\"https:\/\/stiftadmont.at\/wp-content\/uploads\/Die-Stiftsbibliothek-b-3-818x1024.jpg\" alt=\"Stift Admont - Les quatre derni\u00e8res choses de Josef Stammel\" width=\"600\" height=\"450\" \/>\n                                                                                                            <\/picture>\n\n                    <\/div>\n\n                            <\/div>\n        \n                                                    <div class=\"content__box content__box--2\"\n                     >\n                                        \n                    \n                                                    <div class=\"prose\"><h3 class=\"heading-xl line line--red\">(3) L'ENFER<\/h3>\n<p class=\"paragraph-m\">Selon la sentence, le chemin m\u00e8ne maintenant en enfer ou au paradis. L'all\u00e9gorie de l'enfer se compose de deux figures principales monumentales en mouvement et de plusieurs figures assistantes plus petites.<\/p>\n<p class=\"paragraph-m\">Un homme m\u00fbr nu, par lequel on entend l'\u00e2me damn\u00e9e, chevauche les \u00e9paules d'un \u00eatre hybride. Il s'agit d'un \u00eatre mi-animal, mi-humain, mi-homme, mi-femme. Les deux personnages sont emport\u00e9s par les flammes qui s'en \u00e9chappent dans le dragon infernal \u00e0 t\u00eate de dragon. Les traits de l'\u00e2me damn\u00e9e sont d\u00e9form\u00e9s par la col\u00e8re et la peur. Sa droite lev\u00e9e tient un serpent en forme d'anneau qui se mord la queue, symbole de l'\u00e9ternit\u00e9. Sa gauche tient un poignard dans son poing ferm\u00e9, en signe de d\u00e9fense. Un ver s'est log\u00e9 dans la r\u00e9gion du c\u0153ur.<\/p>\n<p class=\"paragraph-m\">Dans la partie inf\u00e9rieure de la repr\u00e9sentation, des all\u00e9gories en forme de buste, repr\u00e9sent\u00e9es sous forme de t\u00eates, sont dispos\u00e9es en guise d'avertissement pour le voyage en enfer : la vanit\u00e9 avec une casquette en paon et des plumes de paon ; la paresse comme un enfant endormi avec un bonnet de nuit et un hippopotame sur la t\u00eate ; l'avarice avec une casquette en pi\u00e8ces de monnaie et un diable qui regarde par-dessus son \u00e9paule ; l'intemp\u00e9rance avec une bouteille d'alcool et des saucisses.<\/p>\n<p class=\"paragraph-m\">\"L'Enfer\" compte parmi les \u0153uvres les plus fortes, les plus narratives, mais aussi les plus originales et les plus denses de Stammel. Des mod\u00e8les tels que le diable d'Albrecht D\u00fcrer dans la gravure \"Ritter, Tod und Teufel\" (1513) ou le buste en marbre du Bernin \"Anima Damnata\" (1616) sont ici fusionn\u00e9s avec la propre imagination de Stammel pour former une unit\u00e9 artistique de haut niveau.<\/p>\n<\/div>\n                        \n                                    <\/div>\n            \n            <\/div>\n<\/div>\n\n<\/section>\n\n<section id='lightpress__section--block_60f964f516ccc' class='lightpress__section--default-section-space lightpress__section lightpress__section--content'><div class=\"content__inner\"\n         x-init=\"initContentBlockAnim($el)\">\n        \n    <div class=\"content__grid content__grid--fifty-fifty\">\n                                            <div class=\"content__box content__box\"\n                 style=\"\">\n                                \n                \n                                            <div class=\"prose\"><h3 class=\"heading-xl line line--gold\">(4) Le ciel<\/h3>\n<p class=\"paragraph-m\">L'all\u00e9gorie du ciel constitue le couronnement du contenu des \"Quatre derni\u00e8res choses\". Elle est symbolis\u00e9e par une beaut\u00e9 magnifiquement v\u00eatue et par\u00e9e, ainsi que par quelques personnages assistants. En tant qu'\u00e9pouse de Dieu couronn\u00e9e et androgyne, v\u00eatue de la gloire c\u00e9leste, elle est soulev\u00e9e dans le ciel par un ange \u00e9lanc\u00e9. Son regard transfigur\u00e9 est dirig\u00e9 vers une sph\u00e8re sup\u00e9rieure, au-del\u00e0 de l'observateur terrestre. Dans sa main gauche lev\u00e9e, elle tient un c\u0153ur, signe de sa foi in\u00e9branlable et flamboyante. Au-dessus de sa t\u00eate, le symbole de la Sainte Trinit\u00e9 se dresse dans une couronne de rayons. Une \u00e9toile flamboyante et une croix richement d\u00e9cor\u00e9e se dressent sur sa poitrine. Sous la couronne, la lettre grecque TAU (Ez 9, 3-4) est inscrite sur son front, ce qui la d\u00e9signe comme juste. Comme chez le Bernin, l'\"Anima beata\" fait ici office de contrepartie \u00e0 l'\"Anima damnata\" en enfer. Aux pieds du personnage, trois petits anges sont assis sur un banc de nuages. Ces all\u00e9gories des trois vertus (je\u00fbner, prier, faire l'aum\u00f4ne) justifient la d\u00e9cision prise lors du jugement divin. Elles constituent les contreparties des vices repr\u00e9sent\u00e9s en enfer. Dans le sens positif oppos\u00e9, on rencontre ici aussi, comme en enfer, le serpent en forme d'anneau. Symbole de la f\u00e9licit\u00e9 \u00e9ternelle, il est tenu par le petit ange assis au milieu du banc de nuages.<\/p>\n<\/div>\n                    \n                            <\/div>\n        \n                                                    <div class=\"content__box content__box--2\"\n                     >\n                                        \n                    \n                                                <div class=\"content__media stickyTo\" x-init=\"imageSticky($el)\">\n\n                                                                                    <picture\n                                    class=\"content__image sticky\">\n                                <source srcset=\"https:\/\/stiftadmont.at\/wp-content\/uploads\/Bibliothek-4LETZTE3-R-808x1024.webp\" type=\"image\/webp\">\n                                <source srcset=\"https:\/\/stiftadmont.at\/wp-content\/uploads\/Bibliothek-4LETZTE3-R-808x1024.jpg\" type=\"image\/jpeg\">\n                                <img decoding=\"async\" class=\"sticky\" loading=\"lazy\" src=\"https:\/\/stiftadmont.at\/wp-content\/uploads\/Bibliothek-4LETZTE3-R-808x1024.jpg\" alt=\"Stift Admont - Les quatre derni\u00e8res choses de Josef Stammel\" \/>\n\n                                                                                                                            <\/picture>\n\n                        <\/div>\n\n                                    <\/div>\n            \n            <\/div>\n<\/div>\n\n<\/section>","protected":false},"excerpt":{"rendered":"","protected":false},"author":7,"featured_media":0,"parent":454,"menu_order":0,"comment_status":"closed","ping_status":"closed","template":"","meta":{"_acf_changed":false,"footnotes":""},"categories":[],"class_list":["post-2099","page","type-page","status-publish","hentry"],"acf":[],"yoast_head":"<!-- This site is optimized with the Yoast SEO Premium plugin v26.0 (Yoast SEO v26.8) - https:\/\/yoast.com\/product\/yoast-seo-premium-wordpress\/ -->\n<title>Figurengruppe - Die vier letzten Dinge - Stift Admont<\/title>\n<meta name=\"robots\" content=\"index, follow, max-snippet:-1, max-image-preview:large, max-video-preview:-1\" \/>\n<link rel=\"canonical\" href=\"https:\/\/stiftadmont.at\/fr\/a-propos-de-la-bibliotheque-du-monastere\/groupe-de-figurines-les-quatre-dernieres-choses\/\" \/>\n<meta property=\"og:locale\" content=\"fr_FR\" \/>\n<meta property=\"og:type\" content=\"article\" \/>\n<meta property=\"og:title\" content=\"Figurengruppe - Die vier letzten Dinge\" \/>\n<meta property=\"og:url\" content=\"https:\/\/stiftadmont.at\/fr\/a-propos-de-la-bibliotheque-du-monastere\/groupe-de-figurines-les-quatre-dernieres-choses\/\" \/>\n<meta property=\"og:site_name\" content=\"Stift Admont\" \/>\n<meta property=\"article:modified_time\" content=\"2022-06-30T14:04:51+00:00\" \/>\n<meta property=\"og:image\" content=\"https:\/\/stiftadmont.at\/wp-content\/uploads\/Klosteranlage-innen.jpg\" \/>\n\t<meta property=\"og:image:width\" content=\"1912\" \/>\n\t<meta property=\"og:image:height\" content=\"1188\" \/>\n\t<meta property=\"og:image:type\" content=\"image\/jpeg\" \/>\n<meta name=\"twitter:card\" content=\"summary_large_image\" \/>\n<script type=\"application\/ld+json\" class=\"yoast-schema-graph\">{\"@context\":\"https:\/\/schema.org\",\"@graph\":[{\"@type\":\"WebPage\",\"@id\":\"https:\/\/stiftadmont.at\/ueber-die-stiftsbibliothek\/figurengruppe-die-vier-letzten-dinge\/\",\"url\":\"https:\/\/stiftadmont.at\/ueber-die-stiftsbibliothek\/figurengruppe-die-vier-letzten-dinge\/\",\"name\":\"Figurengruppe - Die vier letzten Dinge - Stift Admont\",\"isPartOf\":{\"@id\":\"https:\/\/stiftadmont.at\/#website\"},\"datePublished\":\"2021-07-22T12:04:19+00:00\",\"dateModified\":\"2022-06-30T14:04:51+00:00\",\"breadcrumb\":{\"@id\":\"https:\/\/stiftadmont.at\/ueber-die-stiftsbibliothek\/figurengruppe-die-vier-letzten-dinge\/#breadcrumb\"},\"inLanguage\":\"fr-FR\",\"potentialAction\":[{\"@type\":\"ReadAction\",\"target\":[\"https:\/\/stiftadmont.at\/ueber-die-stiftsbibliothek\/figurengruppe-die-vier-letzten-dinge\/\"]}]},{\"@type\":\"BreadcrumbList\",\"@id\":\"https:\/\/stiftadmont.at\/ueber-die-stiftsbibliothek\/figurengruppe-die-vier-letzten-dinge\/#breadcrumb\",\"itemListElement\":[{\"@type\":\"ListItem\",\"position\":1,\"name\":\"Start\",\"item\":\"https:\/\/stiftadmont.at\/\"},{\"@type\":\"ListItem\",\"position\":2,\"name\":\"\u00dcber unsere Klosterbibliothek\",\"item\":\"https:\/\/stiftadmont.at\/ueber-die-stiftsbibliothek\/\"},{\"@type\":\"ListItem\",\"position\":3,\"name\":\"Figurengruppe &#8211; Die vier letzten Dinge\"}]},{\"@type\":\"WebSite\",\"@id\":\"https:\/\/stiftadmont.at\/#website\",\"url\":\"https:\/\/stiftadmont.at\/\",\"name\":\"Stift Admont\",\"description\":\"Benediktinerkloster und Sehensw\u00fcrdigkeit im Ges\u00e4use\",\"potentialAction\":[{\"@type\":\"SearchAction\",\"target\":{\"@type\":\"EntryPoint\",\"urlTemplate\":\"https:\/\/stiftadmont.at\/?s={search_term_string}\"},\"query-input\":{\"@type\":\"PropertyValueSpecification\",\"valueRequired\":true,\"valueName\":\"search_term_string\"}}],\"inLanguage\":\"fr-FR\"}]}<\/script>\n<!-- \/ Yoast SEO Premium plugin. -->","yoast_head_json":{"title":"Groupe de statues - Les quatre derni\u00e8res choses - Stift Admont","robots":{"index":"index","follow":"follow","max-snippet":"max-snippet:-1","max-image-preview":"max-image-preview:large","max-video-preview":"max-video-preview:-1"},"canonical":"https:\/\/stiftadmont.at\/fr\/a-propos-de-la-bibliotheque-du-monastere\/groupe-de-figurines-les-quatre-dernieres-choses\/","og_locale":"fr_FR","og_type":"article","og_title":"Figurengruppe - Die vier letzten Dinge","og_url":"https:\/\/stiftadmont.at\/fr\/a-propos-de-la-bibliotheque-du-monastere\/groupe-de-figurines-les-quatre-dernieres-choses\/","og_site_name":"Stift Admont","article_modified_time":"2022-06-30T14:04:51+00:00","og_image":[{"width":1912,"height":1188,"url":"https:\/\/stiftadmont.at\/wp-content\/uploads\/Klosteranlage-innen.jpg","type":"image\/jpeg"}],"twitter_card":"summary_large_image","schema":{"@context":"https:\/\/schema.org","@graph":[{"@type":"WebPage","@id":"https:\/\/stiftadmont.at\/ueber-die-stiftsbibliothek\/figurengruppe-die-vier-letzten-dinge\/","url":"https:\/\/stiftadmont.at\/ueber-die-stiftsbibliothek\/figurengruppe-die-vier-letzten-dinge\/","name":"Groupe de statues - Les quatre derni\u00e8res choses - Stift Admont","isPartOf":{"@id":"https:\/\/stiftadmont.at\/#website"},"datePublished":"2021-07-22T12:04:19+00:00","dateModified":"2022-06-30T14:04:51+00:00","breadcrumb":{"@id":"https:\/\/stiftadmont.at\/ueber-die-stiftsbibliothek\/figurengruppe-die-vier-letzten-dinge\/#breadcrumb"},"inLanguage":"fr-FR","potentialAction":[{"@type":"ReadAction","target":["https:\/\/stiftadmont.at\/ueber-die-stiftsbibliothek\/figurengruppe-die-vier-letzten-dinge\/"]}]},{"@type":"BreadcrumbList","@id":"https:\/\/stiftadmont.at\/ueber-die-stiftsbibliothek\/figurengruppe-die-vier-letzten-dinge\/#breadcrumb","itemListElement":[{"@type":"ListItem","position":1,"name":"Start","item":"https:\/\/stiftadmont.at\/"},{"@type":"ListItem","position":2,"name":"\u00dcber unsere Klosterbibliothek","item":"https:\/\/stiftadmont.at\/ueber-die-stiftsbibliothek\/"},{"@type":"ListItem","position":3,"name":"Figurengruppe &#8211; Die vier letzten Dinge"}]},{"@type":"WebSite","@id":"https:\/\/stiftadmont.at\/#website","url":"https:\/\/stiftadmont.at\/","name":"Abbaye d'Admont","description":"Monast\u00e8re b\u00e9n\u00e9dictin et attraction touristique dans le Ges\u00e4use","potentialAction":[{"@type":"SearchAction","target":{"@type":"EntryPoint","urlTemplate":"https:\/\/stiftadmont.at\/?s={search_term_string}"},"query-input":{"@type":"PropertyValueSpecification","valueRequired":true,"valueName":"search_term_string"}}],"inLanguage":"fr-FR"}]}},"_links":{"self":[{"href":"https:\/\/stiftadmont.at\/fr\/wp-json\/wp\/v2\/pages\/2099","targetHints":{"allow":["GET"]}}],"collection":[{"href":"https:\/\/stiftadmont.at\/fr\/wp-json\/wp\/v2\/pages"}],"about":[{"href":"https:\/\/stiftadmont.at\/fr\/wp-json\/wp\/v2\/types\/page"}],"author":[{"embeddable":true,"href":"https:\/\/stiftadmont.at\/fr\/wp-json\/wp\/v2\/users\/7"}],"replies":[{"embeddable":true,"href":"https:\/\/stiftadmont.at\/fr\/wp-json\/wp\/v2\/comments?post=2099"}],"version-history":[{"count":40,"href":"https:\/\/stiftadmont.at\/fr\/wp-json\/wp\/v2\/pages\/2099\/revisions"}],"predecessor-version":[{"id":13714,"href":"https:\/\/stiftadmont.at\/fr\/wp-json\/wp\/v2\/pages\/2099\/revisions\/13714"}],"up":[{"embeddable":true,"href":"https:\/\/stiftadmont.at\/fr\/wp-json\/wp\/v2\/pages\/454"}],"wp:attachment":[{"href":"https:\/\/stiftadmont.at\/fr\/wp-json\/wp\/v2\/media?parent=2099"}],"wp:term":[{"taxonomy":"category","embeddable":true,"href":"https:\/\/stiftadmont.at\/fr\/wp-json\/wp\/v2\/categories?post=2099"}],"curies":[{"name":"wp","href":"https:\/\/api.w.org\/{rel}","templated":true}]}}