{"id":21126,"date":"2023-09-25T14:24:52","date_gmt":"2023-09-25T12:24:52","guid":{"rendered":"https:\/\/stiftadmont.at\/?page_id=21126"},"modified":"2025-12-12T12:32:12","modified_gmt":"2025-12-12T10:32:12","slug":"programme-de-lavent","status":"publish","type":"page","link":"https:\/\/stiftadmont.at\/fr\/advent-im-stift-admont\/advent-programm\/","title":{"rendered":"Programme"},"content":{"rendered":"<section id='lightpress__section--block_e6fb00a13f0f4d39fe4f109dd8ddbb7e' class='align-center lightpress__section--default-section-space lightpress__section lightpress__section--headline'><div class=\"headline__container\">\n            <h2 class=\"headline text--40 text-medium line line--gold line-above line-middle\">Artisanat d'art &amp; sp\u00e9cialit\u00e9s culinaires - L'Avent \u00e0 l'abbaye d'Admont<\/h2>\n        <p class=\"text-center text-gold text--20 text-medium text--uppercase\">Vivez l'Avent avec tous vos sens - dans la magie de l'abbaye d'Admont !<\/p>\n        <div class=\"spacer--40\"><\/div>\n<\/div>\n\n<\/section>\n\n<section id='lightpress__section--block_35730e315939eb308d72d2ca8f6995df' class='lightpress__section--default-section-space lightpress__section lightpress__section--content'><div class=\"content__inner\"\n         x-init=\"initContentBlockAnim($el)\">\n        \n    <div class=\"content__grid content__grid\">\n                                            <div class=\"content__box content__box--one-hundred\"\n                 style=\"\">\n                                \n                \n                                            <div class=\"prose\"><p>Pour la 26e fois d\u00e9j\u00e0, l'Avent plein d'ambiance vous invite \u00e0 l'abbaye d'Admont - une f\u00eate pleine de tradition, de plaisir et de particularit\u00e9s artisanales. Dans l'espace ext\u00e9rieur pittoresque de l'abbaye b\u00e9n\u00e9dictine, des stands am\u00e9nag\u00e9s avec amour vous attendent avec un artisanat d'art unique et des d\u00e9lices culinaires s\u00e9duisants.<\/p>\n<p>\u00a0<\/p>\n<p class=\"paragraph-m text-left\">L'ambiance particuli\u00e8re fait de ce march\u00e9 de l'Avent un v\u00e9ritable point fort - mais le programme vari\u00e9 garantit des moments inoubliables, surtout pour les petits visiteurs : Dans le bureau de poste du Christkindl, les enfants peuvent envoyer leurs lettres au Christkind et se r\u00e9jouir de recevoir une r\u00e9ponse. Dans l'atelier du mus\u00e9e, ils confectionneront des cadeaux de No\u00ebl cr\u00e9atifs, tandis qu'ils pourront admirer les impressionnantes cr\u00e8ches de No\u00ebl dans la coll\u00e9giale. Des promenades en poney et des messes solennelles pr\u00e9parent \u00e0 la f\u00eate de No\u00ebl.<\/p>\n<p class=\"paragraph-m text-left\">\u00a0<\/p>\n<p class=\"paragraph-m text-left\">Les gourmands ne seront pas en reste : d\u00e9gustez des sp\u00e9cialit\u00e9s r\u00e9gionales telles que les savoureux beignets de seigle et de caspate de la vall\u00e9e de l'Ennstal, le c\u00e9l\u00e8bre burger du Ges\u00e4use, des boucles d'ange sucr\u00e9es ou un punch aux pommes qui r\u00e9chauffe.<\/p>\n<p>\u00a0<\/p>\n<p><a title=\"Programme du 26e Avent \u00e0 l&#039;abbaye d&#039;Admont\" href=\"\"><div class=\"_df_book df-lite\" id=\"df_37813\"  _slug=\"adventmarkt-stift-admont-programm-2025\" data-title=\"adventmarkt-stift-admont-programm-2025\" wpoptions=\"true\" thumbtype=\"\" ><\/div><script class=\"df-shortcode-script\" nowprocket type=\"application\/javascript\">window.option_df_37813 = {\"outline\":[],\"autoEnableOutline\":\"false\",\"autoEnableThumbnail\":\"false\",\"overwritePDFOutline\":\"false\",\"direction\":\"1\",\"pageSize\":\"0\",\"source\":\"https:\\\/\\\/stiftadmont.at\\\/wp-content\\\/uploads\\\/STA_Advent_Programm-2025_A4_290925.pdf\",\"wpOptions\":\"true\"}; if(window.DFLIP && window.DFLIP.parseBooks){window.DFLIP.parseBooks();}<\/script><\/a><\/p>\n<p>\u00a0<\/p>\n<p><a title=\"Programme de l&#039;Avent-2025\" href=\"https:\/\/stiftadmont.at\/wp-content\/uploads\/STA_Advent_Programm-2025_A4_290925.pdf\">Programme de l'Avent-2025.pdf<\/a><\/p>\n<\/div>\n                    \n                            <\/div>\n        \n            <\/div>\n<\/div>\n\n<\/section>\n\n<section id='lightpress__section--block_dd80e8f7bb754aa8f9c6aaa9108e922c' class='lightpress__section--default-section-space lightpress__section lightpress__section--content'><div class=\"content__inner\"\n         x-init=\"initContentBlockAnim($el)\">\n        \n    <div class=\"content__grid content__grid\">\n                                            <div class=\"content__box content__box--one-hundred\"\n                 style=\"\">\n                                \n                \n                                            <div class=\"prose\"><p>\u00a0<\/p>\n<p><strong>Daniela de Santos - Concert de fl\u00fbte de pan le 12.12.2025 \u00e0 15:00 ANNUL\u00c9 !<\/strong><\/p>\n<p>\u00a0<\/p>\n<h5 class=\"heading-m line line-above line--gold\"><strong>samedi 06 d\u00e9cembre\u00a0<\/strong><\/h5>\n<p>\u00a0<\/p>\n<p>10:00 - 19:00\u00a0<span style=\"white-space: pre;\"> <\/span>\u00a0 \u00a0 <strong>\u00a0Biblioth\u00e8que du monast\u00e8re <\/strong>ouvert au public \u00e0 prix r\u00e9duit<\/p>\n<p>11:00 <span style=\"white-space: pre;\"> <\/span>\u00a0 \u00a0 \u00a0 \u00a0 \u00a0 \u00a0 \u00a0 \u00a0 \u00a0 \u00a0 \u00a0<strong>OUVERTURE<\/strong> du march\u00e9 de l'Avent par l'abb\u00e9 Gerhard Hafner OSB, encadr\u00e9 musicalement\u00a0<\/p>\n<p>\u00e0 partir de 11:00<span style=\"white-space: pre;\"> <\/span>\u00a0 \u00a0 \u00a0 \u00a0 \u00a0 \u00a0 \u00a0 \u00a0 <strong>Cr\u00e8che \u00e0 troncs<\/strong> ouvert dans la coll\u00e9giale<span style=\"white-space: pre;\"> <\/span>\u00a0 \u00a0 \u00a0 \u00a0\u00a0<\/p>\n<p>\u00e0 partir de 13:00<span style=\"white-space: pre;\"> <\/span>\u00a0 \u00a0 \u00a0 \u00a0 \u00a0 \u00a0 \u00a0 \u00a0 <strong>Bureau de poste de Christkindl<\/strong> pour les v\u0153ux des enfants au P\u00e8re No\u00ebl<br \/>14:00 - 16:00\u00a0 \u00a0 \u00a0 \u00a0<strong>Programme pour enfants<\/strong> dans l'atelier du mus\u00e9e de l'abbaye d'Admont (mus\u00e9e au 1er \u00e9tage) - changement d'horaire<\/p>\n<p>\u00e0 partir de 16:00<span style=\"white-space: pre;\"> <\/span>\u00a0 \u00a0 \u00a0 \u00a0 \u00a0 \u00a0 \u00a0 \u00a0 <strong>Joueurs de pipeau<\/strong> de la MV Admont\/Hall cr\u00e9ent une ambiance musicale de l'Avent<\/p>\n<p>\u00a0<\/p>\n<p>\u00a0<\/p>\n<p>\u00a0<\/p>\n<h5 class=\"heading-m line line-above line--gold\"><strong>Dimanche 07 d\u00e9cembre<\/strong><\/h5>\n<p>\u00a0<\/p>\n<p>10:00\u00a0 \u00a0 \u00a0 \u00a0 \u00a0 \u00a0 \u00a0\u00a0<span style=\"white-space: pre;\"> <\/span>\u00a0 \u00a0 \u00a0 <strong>\u00a0 Sainte Messe<\/strong> dans la coll\u00e9giale<\/p>\n<p><span style=\"white-space: pre;\">10:00 - 19:00<\/span><span style=\"white-space: pre;\"> <\/span>\u00a0 \u00a0 \u00a0 <strong>Biblioth\u00e8que du monast\u00e8re<\/strong> ouvert au public \u00e0 prix r\u00e9duit<\/p>\n<p>\u00e0 partir de 11:00\u00a0 \u00a0 \u00a0\u00a0<span style=\"white-space: pre;\"> <\/span>\u00a0 \u00a0 \u00a0 \u00a0<strong> \u00a0 Cr\u00e8che \u00e0 troncs<\/strong> ouvert dans la coll\u00e9giale<br \/>\u00e0 partir de 11:00\u00a0 \u00a0 \u00a0 \u00a0 \u00a0 \u00a0 \u00a0 \u00a0 <strong>\u00a0Bureau de poste de Christkindl <\/strong>pour les v\u0153ux des enfants \u00e0 l'enfant J\u00e9sus<\/p>\n<p>14:00 - 16:00<span style=\"white-space: pre;\"> <\/span>\u00a0 \u00a0 \u00a0<strong> Programme pour enfants<\/strong> dans l'atelier du mus\u00e9e de l'abbaye d'Admont (mus\u00e9e au 1er \u00e9tage) - changement d'horaire<br \/>14:00\u00a0 \u00a0 \u00a0 \u00a0 \u00a0 \u00a0 \u00a0 \u00a0 \u00a0 \u00a0 \u00a0 <strong>\u00a0\"Hoamat-Advent\"<\/strong> avec musique et lecture sous la direction de Michael Reiter dans la Stiftskirche<\/p>\n<p>\u00e0 partir de 16:00<span style=\"white-space: pre;\"> <\/span>\u00a0 \u00a0 \u00a0 \u00a0 \u00a0 \u00a0 \u00a0 \u00a0 <strong>Joueurs de pipeau <\/strong>de l'association musicale Admont\/Hall et de l'association musicale Weng<strong> <\/strong>cr\u00e9ent une ambiance musicale de l'Avent<strong><br \/><\/strong>17:30<strong>\u00a0 \u00a0 \u00a0 \u00a0 \u00a0 \u00a0 \u00a0 \u00a0 \u00a0 \u00a0 \u00a0 V\u00eapres chorales<\/strong> dans la coll\u00e9giale<\/p>\n<p>\u00a0<\/p>\n<p>\u00a0<\/p>\n<h5>\u00a0<\/h5>\n<h5 class=\"heading-m line line-above line--gold\"><strong>lundi 08 d\u00e9cembre<\/strong><\/h5>\n<p>\u00a0<\/p>\n<p>10:00<span style=\"white-space: pre;\"> <\/span>\u00a0 \u00a0 \u00a0 \u00a0 \u00a0 \u00a0 \u00a0 \u00a0 \u00a0 \u00a0 \u00a0 <strong>Sainte Messe<\/strong> \u00e0 l'occasion de l'Immacul\u00e9e Conception dans la coll\u00e9giale\u00a0<\/p>\n<p>10:00 - 19:00 <span style=\"white-space: pre;\"> <\/span>\u00a0 \u00a0 \u00a0<strong>Biblioth\u00e8que du monast\u00e8re <\/strong>ouvert au public \u00e0 prix r\u00e9duit<\/p>\n<p>\u00e0 partir de 11:00<span style=\"white-space: pre;\"> <\/span>\u00a0 \u00a0 \u00a0 \u00a0 \u00a0 \u00a0 \u00a0 \u00a0 <strong>Cr\u00e8che \u00e0 troncs<\/strong> ouvert dans la coll\u00e9giale<\/p>\n<p>\u00e0 partir de 11:00<span style=\"white-space: pre;\"> <\/span>\u00a0 \u00a0 \u00a0 \u00a0 \u00a0 \u00a0 \u00a0 \u00a0 <strong>Bureau de poste de Christkindl<\/strong> pour les v\u0153ux des enfants \u00e0 l'enfant J\u00e9sus<\/p>\n<p>14:00 - 16:00<span style=\"white-space: pre;\"> <\/span>\u00a0 \u00a0 \u00a0 <strong>Programme pour enfants<\/strong> dans l'atelier du mus\u00e9e de l'abbaye d'Admont (mus\u00e9e au 1er \u00e9tage) - changement d'horaire<\/p>\n<p>\u00e0 partir de 16:00<span style=\"white-space: pre;\"> <\/span>\u00a0 \u00a0 \u00a0 \u00a0 \u00a0 \u00a0 \u00a0 \u00a0 <strong>Joueurs de pipeau<\/strong> MV Admont\/Hall et MV Weng cr\u00e9ent une ambiance musicale de l'Avent<\/p>\n<p>\u00a0<\/p>\n<p>\u00a0<\/p>\n<p>\u00a0<\/p>\n<h5 class=\"heading-m line line--gold line-above\"><strong>Vendredi 12 d\u00e9cembre<\/strong><\/h5>\n<p>\u00a0<\/p>\n<p>10:00 - 19:00\u00a0 \u00a0 \u00a0 <strong>\u00a0 \u00a0Biblioth\u00e8que du monast\u00e8re<\/strong> ouvert au public \u00e0 prix r\u00e9duit<br \/>\u00e0 partir de 11:00\u00a0 \u00a0 \u00a0 \u00a0 \u00a0 \u00a0 \u00a0 \u00a0 \u00a0<strong> \u00a0Cr\u00e8che \u00e0 troncs<\/strong> ouvert dans la coll\u00e9giale<br \/>\u00e0 partir de 11:00\u00a0 \u00a0 \u00a0 \u00a0 \u00a0 \u00a0 \u00a0 \u00a0 \u00a0 \u00a0<strong>Bureau de poste de Christkindl<\/strong> pour les v\u0153ux des enfants \u00e0 l'enfant J\u00e9sus<br \/>\u00e0 partir de 13:00\u00a0 \u00a0 \u00a0 \u00a0 \u00a0 \u00a0 \u00a0 \u00a0<strong>\u00a0 \u00a0 Caf\u00e9 paroissial<\/strong> de la paroisse d'Admont ouvert<br \/>14:00 - 16:00\u00a0 \u00a0 \u00a0 \u00a0<strong> \u00a0Programme pour enfants<\/strong> dans l'atelier du mus\u00e9e de l'abbaye d'Admont (mus\u00e9e au 1er \u00e9tage) - changement d'horaire<br \/>\u00e0 partir de 16:00\u00a0 \u00a0 \u00a0 \u00a0 \u00a0 \u00a0 \u00a0 \u00a0 <strong>\u00a0 \u00a0Joueurs de pipeau <\/strong>MV Admont\/Hall et MV Weng cr\u00e9ent une ambiance musicale de l'Avent<\/p>\n<p>\u00a0<\/p>\n<p>\u00a0<\/p>\n<p>\u00a0<\/p>\n<h5 class=\"heading-m line line--gold line-above\"><strong>Samedi 13 d\u00e9cembre<\/strong><\/h5>\n<p>\u00a0<\/p>\n<p>10:00 - 19:00\u00a0 \u00a0 \u00a0 \u00a0 \u00a0 \u00a0<strong>Biblioth\u00e8que du monast\u00e8re<\/strong> ouvert au public \u00e0 prix r\u00e9duit<br \/>\u00e0 partir de 11:00\u00a0 \u00a0 \u00a0 \u00a0 \u00a0 \u00a0 \u00a0 \u00a0 \u00a0 \u00a0 <strong>\u00a0Cr\u00e8che \u00e0 troncs<\/strong> ouvert dans la coll\u00e9giale<br \/>\u00e0 partir de 11:00\u00a0 \u00a0 \u00a0 \u00a0 \u00a0 \u00a0 \u00a0 \u00a0 \u00a0 \u00a0 <strong>\u00a0Bureau de poste de Christkindl<\/strong> pour les v\u0153ux des enfants \u00e0 l'enfant J\u00e9sus<br \/>\u00e0 partir de 13:00\u00a0 \u00a0 \u00a0 \u00a0 \u00a0 \u00a0 \u00a0 \u00a0 \u00a0 \u00a0 <strong>\u00a0Caf\u00e9 paroissial<\/strong> de la paroisse d'Admont ouvert<br \/>14:00 - 16:00\u00a0 \u00a0 \u00a0 \u00a0 \u00a0 <strong>\u00a0Programme pour enfants<\/strong> dans l'atelier du mus\u00e9e de l'abbaye d'Admont (mus\u00e9e au 1er \u00e9tage) - changement d'horaire<br \/>15:00\u00a0 \u00a0 \u00a0 \u00a0 \u00a0 \u00a0 \u00a0 \u00a0 \u00a0 \u00a0 \u00a0 \u00a0 \u00a0 \u00a0<strong>Concert de No\u00ebl<\/strong> de l'association musicale Admont\/Hall dans la grande salle de f\u00eate de l'abbaye<br \/>\u00e0 partir de 16:00\u00a0 \u00a0 \u00a0 \u00a0 \u00a0 \u00a0 \u00a0 \u00a0 \u00a0 \u00a0 \u00a0<strong>Joueurs de pipeau <\/strong>de la MV Weng cr\u00e9ent une ambiance musicale de l'Avent<br \/>18:00\u00a0 \u00a0 \u00a0 \u00a0 \u00a0 \u00a0 \u00a0 \u00a0 \u00a0 \u00a0 \u00a0 <strong>\u00a0 \u00a0 P\u00e8lerinage des 13<\/strong> suivi d'une procession aux flambeaux dans la coll\u00e9giale<\/p>\n<p>\u00a0<\/p>\n<p>\u00a0<\/p>\n<p>\u00a0<\/p>\n<h5 class=\"heading-m line line--gold line-above\"><strong>Dimanche 14 d\u00e9cembre<\/strong><\/h5>\n<p>\u00a0<\/p>\n<p>10:00 - 19:00\u00a0 \u00a0 \u00a0 \u00a0 \u00a0 \u00a0<strong>\u00a0Biblioth\u00e8que du monast\u00e8re<\/strong> ouvert au public \u00e0 prix r\u00e9duit<br \/>\u00e0 partir de 11:00\u00a0 \u00a0 \u00a0 \u00a0 \u00a0 \u00a0 \u00a0 \u00a0 \u00a0 \u00a0 \u00a0<strong>\u00a0Cr\u00e8che \u00e0 troncs<\/strong> ouvert dans la coll\u00e9giale<br \/>\u00e0 partir de 11:00\u00a0 \u00a0 \u00a0 \u00a0 \u00a0 \u00a0 \u00a0 \u00a0 \u00a0 \u00a0 \u00a0 <strong>Bureau de poste de Christkindl<\/strong> pour les v\u0153ux des enfants \u00e0 l'enfant J\u00e9sus<br \/>\u00e0 partir de 13:00\u00a0 \u00a0 \u00a0 \u00a0 \u00a0 \u00a0 \u00a0 \u00a0 \u00a0 \u00a0 \u00a0 <strong>Caf\u00e9 paroissial<\/strong> de la paroisse d'Admont ouvert<br \/>14:00 - 16:00\u00a0 \u00a0 \u00a0 \u00a0 \u00a0 \u00a0 <strong>Programme pour enfants<\/strong> dans l'atelier du mus\u00e9e de l'abbaye d'Admont (mus\u00e9e au 1er \u00e9tage) - changement d'horaire<br \/>\u00e0 partir de 16:00\u00a0 \u00a0 \u00a0 \u00a0 \u00a0 \u00a0 \u00a0 \u00a0 \u00a0 \u00a0<strong>\u00a0 \u00a0Joueurs de pipeau<\/strong> MV Admont\/Hall et MV Weng cr\u00e9ent une ambiance musicale de l'Avent<br \/>18:00\u00a0 \u00a0 \u00a0 \u00a0 \u00a0 \u00a0 \u00a0 \u00a0 \u00a0 \u00a0 \u00a0<strong> \u00a0 \u00a0 \u00a0Chant de l'Avent d'Admont<\/strong> dans la coll\u00e9giale<\/p>\n<\/div>\n                    \n                            <\/div>\n        \n            <\/div>\n<\/div>\n\n<\/section>","protected":false},"excerpt":{"rendered":"","protected":false},"author":20,"featured_media":0,"parent":21115,"menu_order":0,"comment_status":"closed","ping_status":"closed","template":"","meta":{"_acf_changed":false,"footnotes":""},"categories":[],"class_list":["post-21126","page","type-page","status-publish","hentry"],"acf":[],"yoast_head":"<!-- This site is optimized with the Yoast SEO Premium plugin v26.0 (Yoast SEO v26.8) - https:\/\/yoast.com\/product\/yoast-seo-premium-wordpress\/ -->\n<title>Programm - Stift Admont<\/title>\n<meta name=\"robots\" content=\"index, follow, max-snippet:-1, max-image-preview:large, max-video-preview:-1\" \/>\n<link rel=\"canonical\" href=\"https:\/\/stiftadmont.at\/fr\/avent-au-couvent-dadmont\/programme-de-lavent\/\" \/>\n<meta property=\"og:locale\" content=\"fr_FR\" \/>\n<meta property=\"og:type\" content=\"article\" \/>\n<meta property=\"og:title\" content=\"Programm\" \/>\n<meta property=\"og:url\" content=\"https:\/\/stiftadmont.at\/fr\/avent-au-couvent-dadmont\/programme-de-lavent\/\" \/>\n<meta property=\"og:site_name\" content=\"Stift Admont\" \/>\n<meta property=\"article:modified_time\" content=\"2025-12-12T10:32:12+00:00\" \/>\n<meta property=\"og:image\" content=\"https:\/\/stiftadmont.at\/wp-content\/uploads\/Klosteranlage-innen.jpg\" \/>\n\t<meta property=\"og:image:width\" content=\"1912\" \/>\n\t<meta property=\"og:image:height\" content=\"1188\" \/>\n\t<meta property=\"og:image:type\" content=\"image\/jpeg\" \/>\n<meta name=\"twitter:card\" content=\"summary_large_image\" \/>\n<script type=\"application\/ld+json\" class=\"yoast-schema-graph\">{\"@context\":\"https:\/\/schema.org\",\"@graph\":[{\"@type\":\"WebPage\",\"@id\":\"https:\/\/stiftadmont.at\/advent-im-stift-admont\/advent-programm\/\",\"url\":\"https:\/\/stiftadmont.at\/advent-im-stift-admont\/advent-programm\/\",\"name\":\"Programm - Stift Admont\",\"isPartOf\":{\"@id\":\"https:\/\/stiftadmont.at\/#website\"},\"datePublished\":\"2023-09-25T12:24:52+00:00\",\"dateModified\":\"2025-12-12T10:32:12+00:00\",\"breadcrumb\":{\"@id\":\"https:\/\/stiftadmont.at\/advent-im-stift-admont\/advent-programm\/#breadcrumb\"},\"inLanguage\":\"fr-FR\",\"potentialAction\":[{\"@type\":\"ReadAction\",\"target\":[\"https:\/\/stiftadmont.at\/advent-im-stift-admont\/advent-programm\/\"]}]},{\"@type\":\"BreadcrumbList\",\"@id\":\"https:\/\/stiftadmont.at\/advent-im-stift-admont\/advent-programm\/#breadcrumb\",\"itemListElement\":[{\"@type\":\"ListItem\",\"position\":1,\"name\":\"Start\",\"item\":\"https:\/\/stiftadmont.at\/\"},{\"@type\":\"ListItem\",\"position\":2,\"name\":\"Advent im Stift Admont\",\"item\":\"https:\/\/stiftadmont.at\/advent-im-stift-admont\/\"},{\"@type\":\"ListItem\",\"position\":3,\"name\":\"Programm\"}]},{\"@type\":\"WebSite\",\"@id\":\"https:\/\/stiftadmont.at\/#website\",\"url\":\"https:\/\/stiftadmont.at\/\",\"name\":\"Stift Admont\",\"description\":\"Benediktinerkloster und Sehensw\u00fcrdigkeit im Ges\u00e4use\",\"potentialAction\":[{\"@type\":\"SearchAction\",\"target\":{\"@type\":\"EntryPoint\",\"urlTemplate\":\"https:\/\/stiftadmont.at\/?s={search_term_string}\"},\"query-input\":{\"@type\":\"PropertyValueSpecification\",\"valueRequired\":true,\"valueName\":\"search_term_string\"}}],\"inLanguage\":\"fr-FR\"}]}<\/script>\n<!-- \/ Yoast SEO Premium plugin. -->","yoast_head_json":{"title":"Programme - Abbaye d'Admont","robots":{"index":"index","follow":"follow","max-snippet":"max-snippet:-1","max-image-preview":"max-image-preview:large","max-video-preview":"max-video-preview:-1"},"canonical":"https:\/\/stiftadmont.at\/fr\/avent-au-couvent-dadmont\/programme-de-lavent\/","og_locale":"fr_FR","og_type":"article","og_title":"Programm","og_url":"https:\/\/stiftadmont.at\/fr\/avent-au-couvent-dadmont\/programme-de-lavent\/","og_site_name":"Stift Admont","article_modified_time":"2025-12-12T10:32:12+00:00","og_image":[{"width":1912,"height":1188,"url":"https:\/\/stiftadmont.at\/wp-content\/uploads\/Klosteranlage-innen.jpg","type":"image\/jpeg"}],"twitter_card":"summary_large_image","schema":{"@context":"https:\/\/schema.org","@graph":[{"@type":"WebPage","@id":"https:\/\/stiftadmont.at\/advent-im-stift-admont\/advent-programm\/","url":"https:\/\/stiftadmont.at\/advent-im-stift-admont\/advent-programm\/","name":"Programme - Abbaye d'Admont","isPartOf":{"@id":"https:\/\/stiftadmont.at\/#website"},"datePublished":"2023-09-25T12:24:52+00:00","dateModified":"2025-12-12T10:32:12+00:00","breadcrumb":{"@id":"https:\/\/stiftadmont.at\/advent-im-stift-admont\/advent-programm\/#breadcrumb"},"inLanguage":"fr-FR","potentialAction":[{"@type":"ReadAction","target":["https:\/\/stiftadmont.at\/advent-im-stift-admont\/advent-programm\/"]}]},{"@type":"BreadcrumbList","@id":"https:\/\/stiftadmont.at\/advent-im-stift-admont\/advent-programm\/#breadcrumb","itemListElement":[{"@type":"ListItem","position":1,"name":"Start","item":"https:\/\/stiftadmont.at\/"},{"@type":"ListItem","position":2,"name":"Advent im Stift Admont","item":"https:\/\/stiftadmont.at\/advent-im-stift-admont\/"},{"@type":"ListItem","position":3,"name":"Programm"}]},{"@type":"WebSite","@id":"https:\/\/stiftadmont.at\/#website","url":"https:\/\/stiftadmont.at\/","name":"Abbaye d'Admont","description":"Monast\u00e8re b\u00e9n\u00e9dictin et attraction touristique dans le Ges\u00e4use","potentialAction":[{"@type":"SearchAction","target":{"@type":"EntryPoint","urlTemplate":"https:\/\/stiftadmont.at\/?s={search_term_string}"},"query-input":{"@type":"PropertyValueSpecification","valueRequired":true,"valueName":"search_term_string"}}],"inLanguage":"fr-FR"}]}},"_links":{"self":[{"href":"https:\/\/stiftadmont.at\/fr\/wp-json\/wp\/v2\/pages\/21126","targetHints":{"allow":["GET"]}}],"collection":[{"href":"https:\/\/stiftadmont.at\/fr\/wp-json\/wp\/v2\/pages"}],"about":[{"href":"https:\/\/stiftadmont.at\/fr\/wp-json\/wp\/v2\/types\/page"}],"author":[{"embeddable":true,"href":"https:\/\/stiftadmont.at\/fr\/wp-json\/wp\/v2\/users\/20"}],"replies":[{"embeddable":true,"href":"https:\/\/stiftadmont.at\/fr\/wp-json\/wp\/v2\/comments?post=21126"}],"version-history":[{"count":153,"href":"https:\/\/stiftadmont.at\/fr\/wp-json\/wp\/v2\/pages\/21126\/revisions"}],"predecessor-version":[{"id":38642,"href":"https:\/\/stiftadmont.at\/fr\/wp-json\/wp\/v2\/pages\/21126\/revisions\/38642"}],"up":[{"embeddable":true,"href":"https:\/\/stiftadmont.at\/fr\/wp-json\/wp\/v2\/pages\/21115"}],"wp:attachment":[{"href":"https:\/\/stiftadmont.at\/fr\/wp-json\/wp\/v2\/media?parent=21126"}],"wp:term":[{"taxonomy":"category","embeddable":true,"href":"https:\/\/stiftadmont.at\/fr\/wp-json\/wp\/v2\/categories?post=21126"}],"curies":[{"name":"wp","href":"https:\/\/api.w.org\/{rel}","templated":true}]}}