{"id":21181,"date":"2023-10-06T09:20:52","date_gmt":"2023-10-06T07:20:52","guid":{"rendered":"https:\/\/stiftadmont.at\/?page_id=21181"},"modified":"2025-05-26T13:52:51","modified_gmt":"2025-05-26T11:52:51","slug":"partenaire-advent","status":"publish","type":"page","link":"https:\/\/stiftadmont.at\/fr\/advent-im-stift-admont\/advent-partner\/","title":{"rendered":"Partenaire de l'Avent"},"content":{"rendered":"<section id='lightpress__section--block_fef7ab90673e9a2c3c298d16a71bb986' class='lightpress__section--default-section-space lightpress__section lightpress__section--content'><div class=\"content__inner\"\n         x-init=\"initContentBlockAnim($el)\">\n        \n    <div class=\"content__grid content__grid\">\n                                            <div class=\"content__box content__box--one-hundred\"\n                 style=\"\">\n                                \n                \n                                            <div class=\"prose\"><h5 class=\"heading-m line line-above line--gold\">Abbaye b\u00e9n\u00e9dictine d'Admont<\/h5>\n<p>\u00a0<\/p>\n<p class=\"paragraph-m\">L'impression de la biblioth\u00e8que de style baroque tardif est \u00e0 couper le souffle pour la plupart des h\u00f4tes. Il s'agit de la plus grande salle de biblioth\u00e8que monastique du monde. Le dialogue vivant entre tradition et innovation est perceptible dans les contenus et la conception de l'exposition et bien au-del\u00e0. L'art contemporain est au c\u0153ur de l'activit\u00e9 de la collection. Les \u0153uvres d'art de commande de la fili\u00e8re interne MADE FOR ADMONT constituent un point fort. La collection sp\u00e9ciale JENSEITS DES SEHENS - KUNST VERBINDET BLINDE UND SEHENDE est unique en son genre.<\/p>\n<p>\u00a0<\/p>\n<p>\u00a0<\/p>\n<h5 class=\"heading-m line line-above line--gold\">Office du tourisme du Ges\u00e4use<\/h5>\n<p>\u00a0<\/p>\n<p class=\"paragraph-m\">L\u00e0 o\u00f9 les eaux sauvages de la Salza et de l'Enns rencontrent les imposantes parois rocheuses des montagnes du Ges\u00e4use, o\u00f9 le seul parc national rencontre le plus grand parc naturel de Styrie et o\u00f9 la culture mill\u00e9naire de l'abbaye d'Admont rencontre une culture populaire tout aussi ancienne, c'est l\u00e0 que se trouve le Ges\u00e4use. Qu'il s'agisse de randonn\u00e9e, d'alpinisme, d'aventure en eaux vives ou de culture, le Ges\u00e4use ne te donne pas une liste de contr\u00f4le \u00e0 cocher. C'est un lieu de possibilit\u00e9s personnelles, pour que tu puisses finalement dire que tu l'as fait. Le Ges\u00e4use donne de la force...<\/p>\n<p>\u00a0<\/p>\n<p>\u00a0<\/p>\n<h5 class=\"heading-m line line-above line--gold\">DVERI PAX<\/h5>\n<p>\u00a0<\/p>\n<p class=\"paragraph-m\">Dans la cave \u00e0 vin de Dveri-Pax, au nord-est de la Slov\u00e9nie, nous perp\u00e9tuons la tradition viticole des moines b\u00e9n\u00e9dictins d'Admont, vieille de plus de 800 ans. Nos vignobles s'\u00e9tendent sur 73 hectares et nous travaillons \u00e0 la production de vin avec un grand respect pour la nature et les traditions, ainsi qu'avec un sens aigu des tendances. La qualit\u00e9 sup\u00e9rieure de nos vins est attest\u00e9e par les nombreuses distinctions obtenues avec les \u00e9valuations les plus prestigieuses du monde entier.<\/p>\n<p>\u00a0<\/p>\n<p>\u00a0<\/p>\n<h5 class=\"heading-m line line-above line--gold\">Kaiserau<\/h5>\n<p>\u00a0<\/p>\n<p class=\"paragraph-m\">Au sud d'Admont, \u00e0 environ 1100 m d'altitude, s'\u00e9l\u00e8ve un vaste haut plateau - le charmant paysage naturel de Kaiserau. Le remarquable Kalbling d'Admont et ses environs offrent des conditions id\u00e9ales pour les randonneurs, les alpinistes et les amoureux de la nature ! Avec ses trois remont\u00e9es m\u00e9caniques et ses tapis magiques, le petit domaine skiable situ\u00e9 sur le magnifique haut plateau de Kaiserau est LE domaine skiable de la r\u00e9gion. Il est membre de l'association Schneeb\u00e4renland !<\/p>\n<p>\u00a0<\/p>\n<p>\u00a0<\/p>\n<h5 class=\"heading-m line line-above line--gold\">Commune de march\u00e9 d'Admont<\/h5>\n<p>\u00a0<\/p>\n<p class=\"paragraph-m\">Admont, \u00e9galement appel\u00e9e la \"porte du parc national du Ges\u00e4use\", se trouve dans un large bassin de la vall\u00e9e de l'Enns. Fond\u00e9e en 1074, cette abbaye b\u00e9n\u00e9dictine abrite la plus grande biblioth\u00e8que monastique du monde, int\u00e9gr\u00e9e dans un paysage mus\u00e9al moderne. Les expositions sp\u00e9ciales annuelles et l'\u00e9glise abbatiale n\u00e9ogothique sont d'autres d\u00e9lices culturels. Admont est une commune de march\u00e9 depuis 1443 et a \u00e9t\u00e9...<\/p>\n<p>\u00a0<\/p>\n<p>\u00a0<\/p>\n<h5 class=\"heading-m line line-above line--gold\">Parc national du Ges\u00e4use<\/h5>\n<p>\u00a0<\/p>\n<p class=\"paragraph-m\">Le parc national du Ges\u00e4use comprend \u00e0 la fois le Ges\u00e4use, c'est-\u00e0-dire le fleuve sauvage et tumultueux de l'Enns avec sa vall\u00e9e de perc\u00e9e monumentale entre Admont et Hieflau, et les \"montagnes du Ges\u00e4use\" environnantes, qui s'\u00e9l\u00e8vent au-dessus du fond de la vall\u00e9e de l'Enns, d'apparence sombre, sous la forme d'une haute montagne sauvage et marquante, avec des parois rocheuses claires et abruptes et des cr\u00eates bizarres, formant un d\u00e9cor v\u00e9ritablement grandiose. Le parc national du Ges\u00e4use est le troisi\u00e8me plus grand parc national d'Autriche. Il se situe dans la r\u00e9gion des Alpes de l'Ennstal\/Ges\u00e4use et comprend essentiellement deux massifs montagneux, le Buchsteinmassiv et le Hochtorgruppe...<\/p>\n<p>\u00a0<\/p>\n<p>\u00a0<\/p>\n<h5 class=\"heading-m line line-above line--gold\">Grawe<\/h5>\n<p>\u00a0<\/p>\n<p class=\"paragraph-m\">\"C'est dans la concorde entre plusieurs que r\u00e9side la force qui produit le bien. C'est le devoir de chacun d'y contribuer\". (Archiduc Johann, 1846)<\/p>\n<p class=\"paragraph-m\">L'archiduc Johann a compris qu'il fallait s'unir pour \u00eatre fort et a fond\u00e9 la Grazer Wechselseitige en tant que soci\u00e9t\u00e9 d'assurance mutuelle. Aujourd'hui, apr\u00e8s environ 190 ans d'existence, l'id\u00e9e fondatrice initiale de la responsabilit\u00e9 collective est plus que jamais d'actualit\u00e9 : seule une pr\u00e9voyance opportune permet d'assurer son existence \u00e9conomique.<\/p>\n<p>\u00a0<\/p>\n<p>\u00a0<\/p>\n<h5 class=\"heading-m line line-above line--gold\">Envesta<\/h5>\n<p>\u00a0<\/p>\n<p class=\"paragraph-m\">En ces temps de \"tournant \u00e9nerg\u00e9tique\", ENVESTA montre la voie \u00e0 suivre en s'engageant \u00e0 produire de l'\u00e9nergie \u00e0 partir de sources locales et renouvelables tout en respectant la nature : L'\u00e9nergie hydraulique, le photovolta\u00efque et la biomasse constituent le c\u0153ur de la production d'\u00e9nergie. Les \u00e9nergies locales et renouvelables sont ainsi utilis\u00e9es de mani\u00e8re optimale dans la r\u00e9gion et contribuent \u00e0 une production d'\u00e9nergie respectueuse de la nature. Aujourd'hui, les centrales \u00e9lectriques d'ENVESTA produisent environ 50 millions de kWh par an et alimentent la grande commune d'Admont, ...<\/p>\n<p>\u00a0<\/p>\n<p>\u00a0<\/p>\n<h5 class=\"heading-m line line-above line--gold\">Banque Raiffeisen de la r\u00e9gion de Liezen<\/h5>\n<p>\u00a0<\/p>\n<p class=\"paragraph-m\">Depuis 1865, nous nous effor\u00e7ons de r\u00e9pondre aux exigences particuli\u00e8res de nos clients. Notre espace de vie doit \u00eatre en harmonie avec l'homme et la nature, les technologies modernes rendent cela possible. Nous voulons que nos clients se sentent bien chez eux. Cela pr\u00e9suppose un d\u00e9roulement sans faille et une technique qui fonctionne, garantissant un habitat sans souci. Il nous tient \u00e0 c\u0153ur d'appliquer nos connaissances l\u00e0 o\u00f9 elles sont n\u00e9cessaires. Nous r\u00e9alisons des solutions allant de la maison individuelle \u00e0 la centrale industrielle. L'exp\u00e9rience que nous acqu\u00e9rons \u00e0 cette occasion est int\u00e9gr\u00e9e dans chaque domaine de notre activit\u00e9.<\/p>\n<\/div>\n                    \n                            <\/div>\n        \n            <\/div>\n<\/div>\n\n<\/section>","protected":false},"excerpt":{"rendered":"","protected":false},"author":20,"featured_media":0,"parent":21115,"menu_order":0,"comment_status":"closed","ping_status":"closed","template":"","meta":{"_acf_changed":false,"footnotes":""},"categories":[],"class_list":["post-21181","page","type-page","status-publish","hentry"],"acf":[],"yoast_head":"<!-- This site is optimized with the Yoast SEO Premium plugin v26.0 (Yoast SEO v26.8) - https:\/\/yoast.com\/product\/yoast-seo-premium-wordpress\/ -->\n<title>Advent-Partner - Stift Admont<\/title>\n<meta name=\"robots\" content=\"index, follow, max-snippet:-1, max-image-preview:large, max-video-preview:-1\" \/>\n<link rel=\"canonical\" href=\"https:\/\/stiftadmont.at\/fr\/avent-au-couvent-dadmont\/partenaire-advent\/\" \/>\n<meta property=\"og:locale\" content=\"fr_FR\" \/>\n<meta property=\"og:type\" content=\"article\" \/>\n<meta property=\"og:title\" content=\"Advent-Partner\" \/>\n<meta property=\"og:url\" content=\"https:\/\/stiftadmont.at\/fr\/avent-au-couvent-dadmont\/partenaire-advent\/\" \/>\n<meta property=\"og:site_name\" content=\"Stift Admont\" \/>\n<meta property=\"article:modified_time\" content=\"2025-05-26T11:52:51+00:00\" \/>\n<meta property=\"og:image\" content=\"https:\/\/stiftadmont.at\/wp-content\/uploads\/Klosteranlage-innen.jpg\" \/>\n\t<meta property=\"og:image:width\" content=\"1912\" \/>\n\t<meta property=\"og:image:height\" content=\"1188\" \/>\n\t<meta property=\"og:image:type\" content=\"image\/jpeg\" \/>\n<meta name=\"twitter:card\" content=\"summary_large_image\" \/>\n<script type=\"application\/ld+json\" class=\"yoast-schema-graph\">{\"@context\":\"https:\/\/schema.org\",\"@graph\":[{\"@type\":\"WebPage\",\"@id\":\"https:\/\/stiftadmont.at\/advent-im-stift-admont\/advent-partner\/\",\"url\":\"https:\/\/stiftadmont.at\/advent-im-stift-admont\/advent-partner\/\",\"name\":\"Advent-Partner - Stift Admont\",\"isPartOf\":{\"@id\":\"https:\/\/stiftadmont.at\/#website\"},\"datePublished\":\"2023-10-06T07:20:52+00:00\",\"dateModified\":\"2025-05-26T11:52:51+00:00\",\"breadcrumb\":{\"@id\":\"https:\/\/stiftadmont.at\/advent-im-stift-admont\/advent-partner\/#breadcrumb\"},\"inLanguage\":\"fr-FR\",\"potentialAction\":[{\"@type\":\"ReadAction\",\"target\":[\"https:\/\/stiftadmont.at\/advent-im-stift-admont\/advent-partner\/\"]}]},{\"@type\":\"BreadcrumbList\",\"@id\":\"https:\/\/stiftadmont.at\/advent-im-stift-admont\/advent-partner\/#breadcrumb\",\"itemListElement\":[{\"@type\":\"ListItem\",\"position\":1,\"name\":\"Start\",\"item\":\"https:\/\/stiftadmont.at\/\"},{\"@type\":\"ListItem\",\"position\":2,\"name\":\"Advent im Stift Admont\",\"item\":\"https:\/\/stiftadmont.at\/advent-im-stift-admont\/\"},{\"@type\":\"ListItem\",\"position\":3,\"name\":\"Advent-Partner\"}]},{\"@type\":\"WebSite\",\"@id\":\"https:\/\/stiftadmont.at\/#website\",\"url\":\"https:\/\/stiftadmont.at\/\",\"name\":\"Stift Admont\",\"description\":\"Benediktinerkloster und Sehensw\u00fcrdigkeit im Ges\u00e4use\",\"potentialAction\":[{\"@type\":\"SearchAction\",\"target\":{\"@type\":\"EntryPoint\",\"urlTemplate\":\"https:\/\/stiftadmont.at\/?s={search_term_string}\"},\"query-input\":{\"@type\":\"PropertyValueSpecification\",\"valueRequired\":true,\"valueName\":\"search_term_string\"}}],\"inLanguage\":\"fr-FR\"}]}<\/script>\n<!-- \/ Yoast SEO Premium plugin. -->","yoast_head_json":{"title":"Partenaires de l'Avent - Stift Admont","robots":{"index":"index","follow":"follow","max-snippet":"max-snippet:-1","max-image-preview":"max-image-preview:large","max-video-preview":"max-video-preview:-1"},"canonical":"https:\/\/stiftadmont.at\/fr\/avent-au-couvent-dadmont\/partenaire-advent\/","og_locale":"fr_FR","og_type":"article","og_title":"Advent-Partner","og_url":"https:\/\/stiftadmont.at\/fr\/avent-au-couvent-dadmont\/partenaire-advent\/","og_site_name":"Stift Admont","article_modified_time":"2025-05-26T11:52:51+00:00","og_image":[{"width":1912,"height":1188,"url":"https:\/\/stiftadmont.at\/wp-content\/uploads\/Klosteranlage-innen.jpg","type":"image\/jpeg"}],"twitter_card":"summary_large_image","schema":{"@context":"https:\/\/schema.org","@graph":[{"@type":"WebPage","@id":"https:\/\/stiftadmont.at\/advent-im-stift-admont\/advent-partner\/","url":"https:\/\/stiftadmont.at\/advent-im-stift-admont\/advent-partner\/","name":"Partenaires de l'Avent - Stift Admont","isPartOf":{"@id":"https:\/\/stiftadmont.at\/#website"},"datePublished":"2023-10-06T07:20:52+00:00","dateModified":"2025-05-26T11:52:51+00:00","breadcrumb":{"@id":"https:\/\/stiftadmont.at\/advent-im-stift-admont\/advent-partner\/#breadcrumb"},"inLanguage":"fr-FR","potentialAction":[{"@type":"ReadAction","target":["https:\/\/stiftadmont.at\/advent-im-stift-admont\/advent-partner\/"]}]},{"@type":"BreadcrumbList","@id":"https:\/\/stiftadmont.at\/advent-im-stift-admont\/advent-partner\/#breadcrumb","itemListElement":[{"@type":"ListItem","position":1,"name":"Start","item":"https:\/\/stiftadmont.at\/"},{"@type":"ListItem","position":2,"name":"Advent im Stift Admont","item":"https:\/\/stiftadmont.at\/advent-im-stift-admont\/"},{"@type":"ListItem","position":3,"name":"Advent-Partner"}]},{"@type":"WebSite","@id":"https:\/\/stiftadmont.at\/#website","url":"https:\/\/stiftadmont.at\/","name":"Abbaye d'Admont","description":"Monast\u00e8re b\u00e9n\u00e9dictin et attraction touristique dans le Ges\u00e4use","potentialAction":[{"@type":"SearchAction","target":{"@type":"EntryPoint","urlTemplate":"https:\/\/stiftadmont.at\/?s={search_term_string}"},"query-input":{"@type":"PropertyValueSpecification","valueRequired":true,"valueName":"search_term_string"}}],"inLanguage":"fr-FR"}]}},"_links":{"self":[{"href":"https:\/\/stiftadmont.at\/fr\/wp-json\/wp\/v2\/pages\/21181","targetHints":{"allow":["GET"]}}],"collection":[{"href":"https:\/\/stiftadmont.at\/fr\/wp-json\/wp\/v2\/pages"}],"about":[{"href":"https:\/\/stiftadmont.at\/fr\/wp-json\/wp\/v2\/types\/page"}],"author":[{"embeddable":true,"href":"https:\/\/stiftadmont.at\/fr\/wp-json\/wp\/v2\/users\/20"}],"replies":[{"embeddable":true,"href":"https:\/\/stiftadmont.at\/fr\/wp-json\/wp\/v2\/comments?post=21181"}],"version-history":[{"count":24,"href":"https:\/\/stiftadmont.at\/fr\/wp-json\/wp\/v2\/pages\/21181\/revisions"}],"predecessor-version":[{"id":34975,"href":"https:\/\/stiftadmont.at\/fr\/wp-json\/wp\/v2\/pages\/21181\/revisions\/34975"}],"up":[{"embeddable":true,"href":"https:\/\/stiftadmont.at\/fr\/wp-json\/wp\/v2\/pages\/21115"}],"wp:attachment":[{"href":"https:\/\/stiftadmont.at\/fr\/wp-json\/wp\/v2\/media?parent=21181"}],"wp:term":[{"taxonomy":"category","embeddable":true,"href":"https:\/\/stiftadmont.at\/fr\/wp-json\/wp\/v2\/categories?post=21181"}],"curies":[{"name":"wp","href":"https:\/\/api.w.org\/{rel}","templated":true}]}}