{"id":24642,"date":"2023-12-20T11:21:39","date_gmt":"2023-12-20T09:21:39","guid":{"rendered":"https:\/\/stiftadmont.at\/?page_id=24642"},"modified":"2024-10-30T12:55:57","modified_gmt":"2024-10-30T10:55:57","slug":"linceul-de-jeune-de-lisa-huber-dans-leglise-collegiale-dadmont","status":"publish","type":"page","link":"https:\/\/stiftadmont.at\/fr\/aktuelle-ausstellungen\/fastentuch-von-lisa-huber-in-der-stiftskirche-admont\/","title":{"rendered":"Tapis de car\u00eame de Lisa Huber \u00e0 l'abbatiale d'Admont"},"content":{"rendered":"<section id='lightpress__section--block_c56bc50a4b0bbe308534f443ae90f354' class='lightpress__section--default-section-space lightpress__section lightpress__section--content'><div class=\"content__inner\"\n         x-init=\"initContentBlockAnim($el)\">\n        \n    <div class=\"content__grid content__grid\">\n                                            <div class=\"content__box content__box--one-hundred\"\n                 style=\"\">\n                                \n                \n                                            <div class=\"prose\"><h1 class=\"line line--gold text-center\">Fastentuch von Lisa Huber in der Stiftskirche Admont<\/h1>\n<p class=\"text-center paragraph-m\">\u00a0<\/p>\n<p class=\"text-center paragraph-m\"><strong>In der Stiftskirche Admont wird am Aschermittwoch, 14. Februar 2024 um 18:30 Uhr, das neue Fastentuch der K\u00fcnstlerin Lisa Huber gesegnet. Es h\u00e4ngt bis Pfingstmontag &#8211; also auch in der ganzen Osterzeit &#8211; da das siegreiche Osterlamm (ein Symbol f\u00fcr den auferstandenen Christus) ebenso darauf zu sehen ist.<\/strong><span lang=\"DE-AT\" style=\"font-size: 12.0pt; line-height: 115%; font-family: 'Times',serif; color: black;\"><\/span><\/p>\n<\/div>\n                    \n                            <\/div>\n        \n            <\/div>\n<\/div>\n\n<\/section>\n\n<section id='lightpress__section--block_c107b173d0c55920feda55f9845e95ba' class='bg--black lightpress__section--colored-bg lightpress__section--default-section-space lightpress__section lightpress__section--content'><div class=\"content__inner\"\n         x-init=\"initContentBlockAnim($el)\">\n        \n    <div class=\"content__grid content__grid\">\n                                            <div class=\"content__box content__box--one-hundred\"\n                 style=\"\">\n                                \n                \n                                            <div class=\"prose\"><p>Lisa Huber, Lamm Gottes nimm hinweg die S\u00fcnde der Welt&#8230;<\/p>\n<p>Fastentuch, Holzschnitt Handabzug, Unikat, \u00d6l\/auf Leinwand, 2021\/ 2022.<br \/>5,13 m x 3,10 m (Hintergrundfarbe, gr\u00fcn); Bildmotiv: 5 Tondis 1,30 m, die 4 Evangelisten und das Lamm Gottes.<\/p>\n<p>Lisa Huber, * 1959 in Villach (A), Lisa Huber lebt und arbeitet in Berlin, Wien und K\u00e4rnten. <\/p>\n<p>1979-1981 Kunstgewerbeschule Graz,<br \/>1981\/82 Malerei und Bildhauerei bei Josef Pillhofer, Graz,<br \/>1982 bis 1988 Hochschule f\u00fcr angewandte Kunst in Wien.<br \/>1990 DAAD Stipendium Berlin<br \/>1997 Cit\u00e9 de Art Paris Stipendium, 6 Monate<br \/>1999 \u00d6sterr. Graphikpreis des Landes Tirol; Erwin Ringel Kunstpreis, 1. Preis; F\u00f6rderpreis des Landes K\u00e4rnten; Strabag Kulturpreis<br \/>2017 Kulturpreistr\u00e4gerin der Stadt Villach<\/p>\n<\/div>\n                    \n                            <\/div>\n        \n            <\/div>\n<\/div>\n\n    <div class=\"background__container background__container--black\">\n    <\/div>\n\n<\/section>\n\n<section id='lightpress__section--block_b83a679b9a545e96c5fe4056cd3dbfdb' class='lightpress__section--default-section-space lightpress__section lightpress__section--content'><div class=\"content__inner\"\n         x-init=\"initContentBlockAnim($el)\">\n        \n    <div class=\"content__grid content__grid--fifty-fifty\">\n                                            <div class=\"content__box content__box\"\n                 style=\"\">\n                                \n                \n                                            <div class=\"prose\"><p class=\"paragraph-m\">Abt Gerhard Hafner, der auch Pfarrer von Admont ist, hat sich im Zuge der Vorbereitungen f\u00fcr das Jubil\u00e4umsjahr mit dem Gedanken getragen, ein Fastentuch f\u00fcr die Stiftskirche zu erwerben. In dieses Fastentuch von Lisa Huber hat er sich auf Anhieb verliebt. Es tr\u00e4gt den Titel \u201eLamm Gottes nimm hinweg die S\u00fcnde der Welt \u2026\u201c und ist in einem aufw\u00e4ndigen 1 1\/2-j\u00e4hrigen Arbeitsprozess in den Jahren 2021\/22 in den Werkst\u00e4tten der K\u00fcnstlerin entstanden. <br \/>Lisa Huber, die auch mit Scherenschnitten im \u00dcberformat in der Sammlung des Stiftes vertreten ist, arbeitet u.a. in der traditionellen Technik des Holzschnittes. Sie hat diese Technik auch in diesem riesigen Fastentuch angewandt, was es zu einer k\u00fcnstlerischen Besonderheit macht. Es gibt keine anderen Fastent\u00fccher, die mittels Holzschnitttechnik entstanden sind. Die \u00fcber 5m lange Leinwand wurde nicht maschinell, sondern in einem St\u00fcck durch Handabz\u00fcge bedruckt. Mit dieser speziellen Holzdrucktechnik hat Lisa Huber den Eindruck gemalter Motive erzielt und ein Unikat der Sonderklasse geschaffen.<br \/>Lisa Hubers Fastent\u00fccher waren bereits im Klagenfurter und Babenberger Dom, im Wiener Stephansdom und im Dom zu Worms zu bewundern. Abt Gerhard Hafner hat seiner Wertsch\u00e4tzung f\u00fcr das in der Admonter Stiftskirche heimatlich gewordene Fastentuch mit folgenden Worten Ausdruck verliehen: \u201eDie wichtigste Botschaft, die ich als Priester zu verk\u00fcnden habe, ist das Wort Gottes, besonders die Evangelien, da in den Evangelien Jesus direkt zu uns spricht. Bei jeder Hl. Messe stehen wir &#8211; aus Ehrfurcht vor den Worten Jesu &#8211; auf, wenn das Evangelium verk\u00fcndet wird. Au\u00dferdem hei\u00dft Evangelium ins Deutsche \u00fcbersetzt: Frohe Botschaft. In Zeiten, in denen wir leben, hungern wir f\u00f6rmlich nach einer guten Botschaft, nach Hoffnung, nach Worten, die uns Aufrichten und Mut geben und das bringt unser Herr Jesus Christus mit seiner Nachricht zustande.<br \/>Au\u00dferdem korrespondiert dieses Fastenbuch mit meinen Abtsstab, darauf sind die 4 Evangelisten dargestellt, und dem Lektionarseinband, wo die 4 Evangelisten mit ihren Symbolen zu sehen sind: Markus als L\u00f6we, Matth\u00e4us als Engel, Lukas als Stier, Johannes als Adler.<br \/>Ein Dank an die K\u00fcnstlerin Frau Lisa Huber f\u00fcr dieses gelungene und ansprechende Kunstwerk.\u201c<\/p>\n<\/div>\n                    \n                            <\/div>\n        \n                                                    <div class=\"content__box content__box--2\"\n                     >\n                                        \n                    \n                                                <div class=\"content__media stickyTo\" x-init=\"imageSticky($el)\">\n\n                                                                                    <picture\n                                    class=\"content__image sticky\">\n                                <source srcset=\"https:\/\/stiftadmont.at\/wp-content\/uploads\/LH_Admont_160-768x1024.webp\" type=\"image\/webp\">\n                                <source srcset=\"https:\/\/stiftadmont.at\/wp-content\/uploads\/LH_Admont_160-768x1024.jpg\" type=\"image\/jpeg\">\n                                <img decoding=\"async\" class=\"sticky\" loading=\"lazy\" src=\"https:\/\/stiftadmont.at\/wp-content\/uploads\/LH_Admont_160-768x1024.jpg\"\n                                     alt=\"Lisa Huber\">\n\n                                                                                                                            <\/picture>\n\n                        <\/div>\n\n                                    <\/div>\n            \n            <\/div>\n<\/div>\n\n<\/section>\n\n<section id='lightpress__section--block_ec049056615519e2366ba410003d119e' class='lightpress__section--default-section-space lightpress__section lightpress__section--image-slider'>\n<div class=\"image-slider\"\n     x-data=\"{ gallery: null, shown: false }\"\n     x-init=\"gallery = initSliderGallery([{&quot;href&quot;:&quot;https:\\\/\\\/stiftadmont.at\\\/wp-content\\\/uploads\\\/LH_Admont_076-1920x2560.jpg&quot;,&quot;type&quot;:&quot;image&quot;},{&quot;href&quot;:&quot;https:\\\/\\\/stiftadmont.at\\\/wp-content\\\/uploads\\\/LH_Admont_010-1920x2560.jpg&quot;,&quot;type&quot;:&quot;image&quot;},{&quot;href&quot;:&quot;https:\\\/\\\/stiftadmont.at\\\/wp-content\\\/uploads\\\/LH_Admont_013-1920x2560.jpg&quot;,&quot;type&quot;:&quot;image&quot;},{&quot;href&quot;:&quot;https:\\\/\\\/stiftadmont.at\\\/wp-content\\\/uploads\\\/LH_Admont_016-1920x2560.jpg&quot;,&quot;type&quot;:&quot;image&quot;},{&quot;href&quot;:&quot;https:\\\/\\\/stiftadmont.at\\\/wp-content\\\/uploads\\\/LH_Admont_023-1920x2560.jpg&quot;,&quot;type&quot;:&quot;image&quot;}]); initImageSliderBlockAnim($el);\">\n    <div class=\"image-slider__inner\">\n\n        <div class=\"swiper-container\" x-init=\"initImageSliderBlock($el, $refs.btnPrev, $refs.btnNext)\">\n            <div class=\"swiper-wrapper\">\n                                    <div class=\"swiper-slide\">\n                        <div class=\"image-slider__media\">\n                            <img decoding=\"async\" class=\"image-slider__image\"\n                                 src=\"https:\/\/stiftadmont.at\/wp-content\/uploads\/LH_Admont_076-768x1024.jpg\"\n                                 alt=\"Lisa Huber\">\n                        <\/div>\n                    <\/div>\n                                    <div class=\"swiper-slide\">\n                        <div class=\"image-slider__media\">\n                            <img decoding=\"async\" class=\"image-slider__image\"\n                                 src=\"https:\/\/stiftadmont.at\/wp-content\/uploads\/LH_Admont_010-768x1024.jpg\"\n                                 alt=\"Lisa Huber\">\n                        <\/div>\n                    <\/div>\n                                    <div class=\"swiper-slide\">\n                        <div class=\"image-slider__media\">\n                            <img decoding=\"async\" class=\"image-slider__image\"\n                                 src=\"https:\/\/stiftadmont.at\/wp-content\/uploads\/LH_Admont_013-768x1024.jpg\"\n                                 alt=\"Lisa Huber\">\n                        <\/div>\n                    <\/div>\n                                    <div class=\"swiper-slide\">\n                        <div class=\"image-slider__media\">\n                            <img decoding=\"async\" class=\"image-slider__image\"\n                                 src=\"https:\/\/stiftadmont.at\/wp-content\/uploads\/LH_Admont_016-768x1024.jpg\"\n                                 alt=\"Lisa Huber\">\n                        <\/div>\n                    <\/div>\n                                    <div class=\"swiper-slide\">\n                        <div class=\"image-slider__media\">\n                            <img decoding=\"async\" class=\"image-slider__image\"\n                                 src=\"https:\/\/stiftadmont.at\/wp-content\/uploads\/LH_Admont_023-768x1024.jpg\"\n                                 alt=\"Lisa Huber\">\n                        <\/div>\n                    <\/div>\n                            <\/div>\n\n            <div class=\"swiper-nav-wrapper\">\n                <button class=\"swiper-button-prev slider-button--prev\" x-ref=\"btnPrev\"\n                        aria-label=\"Vorige Bilder anzeigen\">\n                    <img decoding=\"async\" src=\"\/wp-content\/themes\/stift-admont\/src\/assets\/img\/arrow-left-big-new.svg\" alt=\"Pfeil nach Links\">\n                <\/button>\n\n\n                <a class=\"image-slider__gallery\" @click=\"openGallery(gallery)\"><i class=\"fa-thin fa-plus\"><\/i><\/a>\n                <button class=\"swiper-button-next slider-button--next\"\n                        x-ref=\"btnNext\"\n                        aria-label=\"N\u00e4chste Bilder anzeigen\">\n                    <img decoding=\"async\" src=\"\/wp-content\/themes\/stift-admont\/src\/assets\/img\/arrow-right-big-new.svg\" alt=\"Pfeil nach Rechts\">\n                <\/button>\n            <\/div>\n        <\/div>\n    <\/div>\n\n\n<\/div><\/section>","protected":false},"excerpt":{"rendered":"","protected":false},"author":7,"featured_media":24649,"parent":13092,"menu_order":0,"comment_status":"closed","ping_status":"closed","template":"","meta":{"_acf_changed":false,"footnotes":""},"categories":[74],"class_list":["post-24642","page","type-page","status-publish","has-post-thumbnail","hentry","category-aktuelle-ausstellungen"],"acf":[],"yoast_head":"<!-- This site is optimized with the Yoast SEO Premium plugin v26.0 (Yoast SEO v26.8) - https:\/\/yoast.com\/product\/yoast-seo-premium-wordpress\/ -->\n<title>Fastentuch von Lisa Huber in der Stiftskirche Admont - Stift Admont<\/title>\n<meta name=\"robots\" content=\"index, follow, max-snippet:-1, max-image-preview:large, max-video-preview:-1\" \/>\n<link rel=\"canonical\" href=\"https:\/\/stiftadmont.at\/fr\/expositions-actuelles\/linceul-de-jeune-de-lisa-huber-dans-leglise-collegiale-dadmont\/\" \/>\n<meta property=\"og:locale\" content=\"fr_FR\" \/>\n<meta property=\"og:type\" content=\"article\" \/>\n<meta property=\"og:title\" content=\"Fastentuch von Lisa Huber in der Stiftskirche Admont\" \/>\n<meta property=\"og:url\" content=\"https:\/\/stiftadmont.at\/fr\/expositions-actuelles\/linceul-de-jeune-de-lisa-huber-dans-leglise-collegiale-dadmont\/\" \/>\n<meta property=\"og:site_name\" content=\"Stift Admont\" \/>\n<meta property=\"article:modified_time\" content=\"2024-10-30T10:55:57+00:00\" \/>\n<meta property=\"og:image\" content=\"https:\/\/stiftadmont.at\/wp-content\/uploads\/LH_Admont_157-scaled.jpg\" \/>\n\t<meta property=\"og:image:width\" content=\"1920\" \/>\n\t<meta property=\"og:image:height\" content=\"2560\" \/>\n\t<meta property=\"og:image:type\" content=\"image\/jpeg\" \/>\n<meta name=\"twitter:card\" content=\"summary_large_image\" \/>\n<meta name=\"twitter:label1\" content=\"Dur\u00e9e de lecture estim\u00e9e\" \/>\n\t<meta name=\"twitter:data1\" content=\"1 minute\" \/>\n<script type=\"application\/ld+json\" class=\"yoast-schema-graph\">{\"@context\":\"https:\/\/schema.org\",\"@graph\":[{\"@type\":\"WebPage\",\"@id\":\"https:\/\/stiftadmont.at\/aktuelle-ausstellungen\/fastentuch-von-lisa-huber-in-der-stiftskirche-admont\/\",\"url\":\"https:\/\/stiftadmont.at\/aktuelle-ausstellungen\/fastentuch-von-lisa-huber-in-der-stiftskirche-admont\/\",\"name\":\"Fastentuch von Lisa Huber in der Stiftskirche Admont - Stift Admont\",\"isPartOf\":{\"@id\":\"https:\/\/stiftadmont.at\/#website\"},\"primaryImageOfPage\":{\"@id\":\"https:\/\/stiftadmont.at\/aktuelle-ausstellungen\/fastentuch-von-lisa-huber-in-der-stiftskirche-admont\/#primaryimage\"},\"image\":{\"@id\":\"https:\/\/stiftadmont.at\/aktuelle-ausstellungen\/fastentuch-von-lisa-huber-in-der-stiftskirche-admont\/#primaryimage\"},\"thumbnailUrl\":\"https:\/\/stiftadmont.at\/wp-content\/uploads\/LH_Admont_157-scaled.jpg\",\"datePublished\":\"2023-12-20T09:21:39+00:00\",\"dateModified\":\"2024-10-30T10:55:57+00:00\",\"breadcrumb\":{\"@id\":\"https:\/\/stiftadmont.at\/aktuelle-ausstellungen\/fastentuch-von-lisa-huber-in-der-stiftskirche-admont\/#breadcrumb\"},\"inLanguage\":\"fr-FR\",\"potentialAction\":[{\"@type\":\"ReadAction\",\"target\":[\"https:\/\/stiftadmont.at\/aktuelle-ausstellungen\/fastentuch-von-lisa-huber-in-der-stiftskirche-admont\/\"]}]},{\"@type\":\"ImageObject\",\"inLanguage\":\"fr-FR\",\"@id\":\"https:\/\/stiftadmont.at\/aktuelle-ausstellungen\/fastentuch-von-lisa-huber-in-der-stiftskirche-admont\/#primaryimage\",\"url\":\"https:\/\/stiftadmont.at\/wp-content\/uploads\/LH_Admont_157-scaled.jpg\",\"contentUrl\":\"https:\/\/stiftadmont.at\/wp-content\/uploads\/LH_Admont_157-scaled.jpg\",\"width\":1920,\"height\":2560,\"caption\":\"Lisa Huber\"},{\"@type\":\"BreadcrumbList\",\"@id\":\"https:\/\/stiftadmont.at\/aktuelle-ausstellungen\/fastentuch-von-lisa-huber-in-der-stiftskirche-admont\/#breadcrumb\",\"itemListElement\":[{\"@type\":\"ListItem\",\"position\":1,\"name\":\"Start\",\"item\":\"https:\/\/stiftadmont.at\/\"},{\"@type\":\"ListItem\",\"position\":2,\"name\":\"Aktuelle Ausstellungen\",\"item\":\"https:\/\/stiftadmont.at\/aktuelle-ausstellungen\/\"},{\"@type\":\"ListItem\",\"position\":3,\"name\":\"Fastentuch von Lisa Huber in der Stiftskirche Admont\"}]},{\"@type\":\"WebSite\",\"@id\":\"https:\/\/stiftadmont.at\/#website\",\"url\":\"https:\/\/stiftadmont.at\/\",\"name\":\"Stift Admont\",\"description\":\"Benediktinerkloster und Sehensw\u00fcrdigkeit im Ges\u00e4use\",\"potentialAction\":[{\"@type\":\"SearchAction\",\"target\":{\"@type\":\"EntryPoint\",\"urlTemplate\":\"https:\/\/stiftadmont.at\/?s={search_term_string}\"},\"query-input\":{\"@type\":\"PropertyValueSpecification\",\"valueRequired\":true,\"valueName\":\"search_term_string\"}}],\"inLanguage\":\"fr-FR\"}]}<\/script>\n<!-- \/ Yoast SEO Premium plugin. -->","yoast_head_json":{"title":"Tapis de car\u00eame de Lisa Huber dans l'\u00e9glise abbatiale d'Admont - Stift Admont","robots":{"index":"index","follow":"follow","max-snippet":"max-snippet:-1","max-image-preview":"max-image-preview:large","max-video-preview":"max-video-preview:-1"},"canonical":"https:\/\/stiftadmont.at\/fr\/expositions-actuelles\/linceul-de-jeune-de-lisa-huber-dans-leglise-collegiale-dadmont\/","og_locale":"fr_FR","og_type":"article","og_title":"Fastentuch von Lisa Huber in der Stiftskirche Admont","og_url":"https:\/\/stiftadmont.at\/fr\/expositions-actuelles\/linceul-de-jeune-de-lisa-huber-dans-leglise-collegiale-dadmont\/","og_site_name":"Stift Admont","article_modified_time":"2024-10-30T10:55:57+00:00","og_image":[{"width":1920,"height":2560,"url":"https:\/\/stiftadmont.at\/wp-content\/uploads\/LH_Admont_157-scaled.jpg","type":"image\/jpeg"}],"twitter_card":"summary_large_image","twitter_misc":{"Dur\u00e9e de lecture estim\u00e9e":"1 minute"},"schema":{"@context":"https:\/\/schema.org","@graph":[{"@type":"WebPage","@id":"https:\/\/stiftadmont.at\/aktuelle-ausstellungen\/fastentuch-von-lisa-huber-in-der-stiftskirche-admont\/","url":"https:\/\/stiftadmont.at\/aktuelle-ausstellungen\/fastentuch-von-lisa-huber-in-der-stiftskirche-admont\/","name":"Tapis de car\u00eame de Lisa Huber dans l'\u00e9glise abbatiale d'Admont - Stift Admont","isPartOf":{"@id":"https:\/\/stiftadmont.at\/#website"},"primaryImageOfPage":{"@id":"https:\/\/stiftadmont.at\/aktuelle-ausstellungen\/fastentuch-von-lisa-huber-in-der-stiftskirche-admont\/#primaryimage"},"image":{"@id":"https:\/\/stiftadmont.at\/aktuelle-ausstellungen\/fastentuch-von-lisa-huber-in-der-stiftskirche-admont\/#primaryimage"},"thumbnailUrl":"https:\/\/stiftadmont.at\/wp-content\/uploads\/LH_Admont_157-scaled.jpg","datePublished":"2023-12-20T09:21:39+00:00","dateModified":"2024-10-30T10:55:57+00:00","breadcrumb":{"@id":"https:\/\/stiftadmont.at\/aktuelle-ausstellungen\/fastentuch-von-lisa-huber-in-der-stiftskirche-admont\/#breadcrumb"},"inLanguage":"fr-FR","potentialAction":[{"@type":"ReadAction","target":["https:\/\/stiftadmont.at\/aktuelle-ausstellungen\/fastentuch-von-lisa-huber-in-der-stiftskirche-admont\/"]}]},{"@type":"ImageObject","inLanguage":"fr-FR","@id":"https:\/\/stiftadmont.at\/aktuelle-ausstellungen\/fastentuch-von-lisa-huber-in-der-stiftskirche-admont\/#primaryimage","url":"https:\/\/stiftadmont.at\/wp-content\/uploads\/LH_Admont_157-scaled.jpg","contentUrl":"https:\/\/stiftadmont.at\/wp-content\/uploads\/LH_Admont_157-scaled.jpg","width":1920,"height":2560,"caption":"Lisa Huber"},{"@type":"BreadcrumbList","@id":"https:\/\/stiftadmont.at\/aktuelle-ausstellungen\/fastentuch-von-lisa-huber-in-der-stiftskirche-admont\/#breadcrumb","itemListElement":[{"@type":"ListItem","position":1,"name":"Start","item":"https:\/\/stiftadmont.at\/"},{"@type":"ListItem","position":2,"name":"Aktuelle Ausstellungen","item":"https:\/\/stiftadmont.at\/aktuelle-ausstellungen\/"},{"@type":"ListItem","position":3,"name":"Fastentuch von Lisa Huber in der Stiftskirche Admont"}]},{"@type":"WebSite","@id":"https:\/\/stiftadmont.at\/#website","url":"https:\/\/stiftadmont.at\/","name":"Abbaye d'Admont","description":"Monast\u00e8re b\u00e9n\u00e9dictin et attraction touristique dans le Ges\u00e4use","potentialAction":[{"@type":"SearchAction","target":{"@type":"EntryPoint","urlTemplate":"https:\/\/stiftadmont.at\/?s={search_term_string}"},"query-input":{"@type":"PropertyValueSpecification","valueRequired":true,"valueName":"search_term_string"}}],"inLanguage":"fr-FR"}]}},"_links":{"self":[{"href":"https:\/\/stiftadmont.at\/fr\/wp-json\/wp\/v2\/pages\/24642","targetHints":{"allow":["GET"]}}],"collection":[{"href":"https:\/\/stiftadmont.at\/fr\/wp-json\/wp\/v2\/pages"}],"about":[{"href":"https:\/\/stiftadmont.at\/fr\/wp-json\/wp\/v2\/types\/page"}],"author":[{"embeddable":true,"href":"https:\/\/stiftadmont.at\/fr\/wp-json\/wp\/v2\/users\/7"}],"replies":[{"embeddable":true,"href":"https:\/\/stiftadmont.at\/fr\/wp-json\/wp\/v2\/comments?post=24642"}],"version-history":[{"count":24,"href":"https:\/\/stiftadmont.at\/fr\/wp-json\/wp\/v2\/pages\/24642\/revisions"}],"predecessor-version":[{"id":30848,"href":"https:\/\/stiftadmont.at\/fr\/wp-json\/wp\/v2\/pages\/24642\/revisions\/30848"}],"up":[{"embeddable":true,"href":"https:\/\/stiftadmont.at\/fr\/wp-json\/wp\/v2\/pages\/13092"}],"wp:featuredmedia":[{"embeddable":true,"href":"https:\/\/stiftadmont.at\/fr\/wp-json\/wp\/v2\/media\/24649"}],"wp:attachment":[{"href":"https:\/\/stiftadmont.at\/fr\/wp-json\/wp\/v2\/media?parent=24642"}],"wp:term":[{"taxonomy":"category","embeddable":true,"href":"https:\/\/stiftadmont.at\/fr\/wp-json\/wp\/v2\/categories?post=24642"}],"curies":[{"name":"wp","href":"https:\/\/api.w.org\/{rel}","templated":true}]}}