{"id":24672,"date":"2023-12-20T11:21:43","date_gmt":"2023-12-20T09:21:43","guid":{"rendered":"https:\/\/stiftadmont.at\/?page_id=24672"},"modified":"2025-06-04T09:37:45","modified_gmt":"2025-06-04T07:37:45","slug":"relancement-des-salles-multimedia-du-monastere-dadmont","status":"publish","type":"page","link":"https:\/\/stiftadmont.at\/fr\/aktuelle-ausstellungen\/relaunch-der-multimedia-raeume-im-stift-admont\/","title":{"rendered":"Salles multim\u00e9dias \u00e0 l'abbaye d'Admont"},"content":{"rendered":"<section id='lightpress__section--block_88995b5275c445ba8010ff8ae85feb48' class='align-center lightpress__section--default-section-space lightpress__section lightpress__section--headline'><div class=\"headline__container\">\n            <h2 class=\"headline text--40 text-medium line line--gold line-above line-middle\">Les salles multim\u00e9dias du mus\u00e9e de l'abbaye d'Admont<\/h2>\n        <p class=\"text-center text-gold text--20 text-medium text--uppercase\">Le mus\u00e9e Stift Admont dispose depuis 2003 de trois salles multim\u00e9dia con\u00e7ues par Peter Hans Felzmann.<\/p>\n        <div class=\"spacer--40\"><\/div>\n<\/div>\n\n<\/section>\n\n<section id='lightpress__section--block_0ded1a3e51dce8cfcf14f660a6a54c84' class='lightpress__section--default-section-space lightpress__section lightpress__section--content'><div class=\"content__inner\"\n         x-init=\"initContentBlockAnim($el)\">\n        \n    <div class=\"content__grid content__grid--fifty-fifty\">\n                                            <div class=\"content__box content__box\"\n                 style=\"\">\n                                \n                \n                                            <div class=\"prose\"><h5 class=\"heading-m line line-above line--gold\">Nouveau d\u00e9part multim\u00e9dia \u00e0 l'abbaye d'Admont - La voie de Saint Beno\u00eet revisit\u00e9e<\/h5>\n<p>\u00a0<\/p>\n<p>Plongez dans la vie mouvement\u00e9e du fondateur de l'ordre, Beno\u00eet de Nursie, et d\u00e9couvrez comment la \"Regula Benedicti\", vieille de plusieurs si\u00e8cles, est devenue une boussole moderne de valeurs - mise en sc\u00e8ne de mani\u00e8re passionnante, compr\u00e9hensible et captivante. Deux espaces multim\u00e9dias dans l'abbaye b\u00e9n\u00e9dictine d'Admont rendent l'histoire et la spiritualit\u00e9 tangibles et vivantes :<\/p>\n<p>\u00a0<\/p>\n<ul>\n<li>La premi\u00e8re salle raconte la vie de Saint Beno\u00eet - impressionnante et atmosph\u00e9rique.<\/li>\n<li>La deuxi\u00e8me salle explique la \"Regula Benedicti\", consid\u00e9r\u00e9e comme la pierre angulaire de nombreuses constitutions europ\u00e9ennes, de mani\u00e8re moderne et divertissante.<\/li>\n<\/ul>\n<p>\u00a0<\/p>\n<p><strong>Une nouvelle mise en sc\u00e8ne sur le plan technique et du contenu<\/strong><\/p>\n<p>\u00a0<\/p>\n<p>Apr\u00e8s 20 ans de fonctionnement, les salles prim\u00e9es \u00e0 plusieurs reprises - r\u00e9compens\u00e9es par le prix national du multim\u00e9dia - ont \u00e9t\u00e9 remises au go\u00fbt du jour. Une technique LED moderne, du mat\u00e9riel cin\u00e9matographique nouvellement mont\u00e9, des contenus actualis\u00e9s et des interventions architecturales discr\u00e8tes cr\u00e9ent une sensation d'espace frais avec de la profondeur et du style.<\/p>\n<p>\u00a0<\/p>\n<p><strong>Une exp\u00e9rience \u00e0 valeur ajout\u00e9e<\/strong><\/p>\n<p>\u00a0<\/p>\n<p>Qu'il s'agisse de r\u00e9trospectives historiques, d'impulsions spirituelles ou d'aper\u00e7us de la vie monastique actuelle - ici, le savoir est transmis de mani\u00e8re \u00e9motionnelle, reste en m\u00e9moire et est tout simplement amusant.<\/p>\n<p>\u00a0<\/p>\n<p>D\u00e9couvrez \"La voie de saint Beno\u00eet\" et \"La voie de la R\u00e8gle\" - repens\u00e9es, remodel\u00e9es, pr\u00e9sent\u00e9es de mani\u00e8re inoubliable.<\/p>\n<p>\u00a0<\/p>\n<p><em>Vid\u00e9o de pr\u00e9sentation : MonteProjekts, Autriche.<\/em><\/p>\n<\/div>\n                    \n                            <\/div>\n        \n                                                    <div class=\"content__box content__box--2\"\n                     >\n                                        \n                    \n                                                <div class=\"content__media stickyTo\" x-init=\"imageSticky($el)\">\n\n                                                                                    <picture\n                                    class=\"content__image sticky\">\n                                <source srcset=\"https:\/\/stiftadmont.at\/wp-content\/uploads\/RAUM_der_Weg_des-Hl_B_004-\u00a9-Michael-Richter-Grall-P.H.-Felzmann-1024x629.webp\" type=\"image\/webp\">\n                                <source srcset=\"https:\/\/stiftadmont.at\/wp-content\/uploads\/RAUM_der_Weg_des-Hl_B_004-\u00a9-Michael-Richter-Grall-P.H.-Felzmann-1024x629.jpg\" type=\"image\/jpeg\">\n                                <img decoding=\"async\" class=\"sticky\" loading=\"lazy\" src=\"https:\/\/stiftadmont.at\/wp-content\/uploads\/RAUM_der_Weg_des-Hl_B_004-\u00a9-Michael-Richter-Grall-P.H.-Felzmann-1024x629.jpg\" alt=\"ESPACE le chemin du Saint B 004 \u00a9 Michael Richter Grall &amp; P.H. Felzmann\" \/>\n\n                                                                    <div class=\"spacer--20\"><\/div>\n                                                                                                                                    <p class=\"text--15\">ESPACE le chemin du Saint B 004 \u00a9 Michael Richter Grall &amp; P.H. Felzmann<\/p>\n                                                            <\/picture>\n\n                        <\/div>\n\n                                    <\/div>\n            \n            <\/div>\n<\/div>\n\n<\/section>\n\n<section id='lightpress__section--block_e6b33f8effd96514c38602f9fc3e5c23' class='bg--beige lightpress__section--colored-bg lightpress__section--default-section-space lightpress__section lightpress__section--content'><div class=\"content__inner\"\n         x-init=\"initContentBlockAnim($el)\">\n        \n    <div class=\"content__grid content__grid\">\n                                            <div class=\"content__box content__box--one-hundred\"\n                 style=\"\">\n                                \n                \n                                            <div class=\"prose\"><\/div>\n                    \n                            <\/div>\n        \n            <\/div>\n<\/div>\n\n    <div class=\"background__container background__container--beige\">\n    <\/div>\n\n<\/section>","protected":false},"excerpt":{"rendered":"","protected":false},"author":7,"featured_media":0,"parent":13092,"menu_order":0,"comment_status":"closed","ping_status":"closed","template":"","meta":{"_acf_changed":false,"footnotes":""},"categories":[74],"class_list":["post-24672","page","type-page","status-publish","hentry","category-aktuelle-ausstellungen"],"acf":[],"yoast_head":"<!-- This site is optimized with the Yoast SEO Premium plugin v26.0 (Yoast SEO v26.8) - https:\/\/yoast.com\/product\/yoast-seo-premium-wordpress\/ -->\n<title>Multimedia-R\u00e4ume im Stift Admont - Stift Admont<\/title>\n<meta name=\"robots\" content=\"index, follow, max-snippet:-1, max-image-preview:large, max-video-preview:-1\" \/>\n<link rel=\"canonical\" href=\"https:\/\/stiftadmont.at\/fr\/expositions-actuelles\/relancement-des-salles-multimedia-du-monastere-dadmont\/\" \/>\n<meta property=\"og:locale\" content=\"fr_FR\" \/>\n<meta property=\"og:type\" content=\"article\" \/>\n<meta property=\"og:title\" content=\"Multimedia-R\u00e4ume im Stift Admont\" \/>\n<meta property=\"og:url\" content=\"https:\/\/stiftadmont.at\/fr\/expositions-actuelles\/relancement-des-salles-multimedia-du-monastere-dadmont\/\" \/>\n<meta property=\"og:site_name\" content=\"Stift Admont\" \/>\n<meta property=\"article:modified_time\" content=\"2025-06-04T07:37:45+00:00\" \/>\n<meta property=\"og:image\" content=\"https:\/\/stiftadmont.at\/wp-content\/uploads\/Klosteranlage-innen.jpg\" \/>\n\t<meta property=\"og:image:width\" content=\"1912\" \/>\n\t<meta property=\"og:image:height\" content=\"1188\" \/>\n\t<meta property=\"og:image:type\" content=\"image\/jpeg\" \/>\n<meta name=\"twitter:card\" content=\"summary_large_image\" \/>\n<script type=\"application\/ld+json\" class=\"yoast-schema-graph\">{\"@context\":\"https:\/\/schema.org\",\"@graph\":[{\"@type\":\"WebPage\",\"@id\":\"https:\/\/stiftadmont.at\/aktuelle-ausstellungen\/relaunch-der-multimedia-raeume-im-stift-admont\/\",\"url\":\"https:\/\/stiftadmont.at\/aktuelle-ausstellungen\/relaunch-der-multimedia-raeume-im-stift-admont\/\",\"name\":\"Multimedia-R\u00e4ume im Stift Admont - Stift Admont\",\"isPartOf\":{\"@id\":\"https:\/\/stiftadmont.at\/#website\"},\"datePublished\":\"2023-12-20T09:21:43+00:00\",\"dateModified\":\"2025-06-04T07:37:45+00:00\",\"breadcrumb\":{\"@id\":\"https:\/\/stiftadmont.at\/aktuelle-ausstellungen\/relaunch-der-multimedia-raeume-im-stift-admont\/#breadcrumb\"},\"inLanguage\":\"fr-FR\",\"potentialAction\":[{\"@type\":\"ReadAction\",\"target\":[\"https:\/\/stiftadmont.at\/aktuelle-ausstellungen\/relaunch-der-multimedia-raeume-im-stift-admont\/\"]}]},{\"@type\":\"BreadcrumbList\",\"@id\":\"https:\/\/stiftadmont.at\/aktuelle-ausstellungen\/relaunch-der-multimedia-raeume-im-stift-admont\/#breadcrumb\",\"itemListElement\":[{\"@type\":\"ListItem\",\"position\":1,\"name\":\"Start\",\"item\":\"https:\/\/stiftadmont.at\/\"},{\"@type\":\"ListItem\",\"position\":2,\"name\":\"Aktuelle Ausstellungen\",\"item\":\"https:\/\/stiftadmont.at\/aktuelle-ausstellungen\/\"},{\"@type\":\"ListItem\",\"position\":3,\"name\":\"Multimedia-R\u00e4ume im Stift Admont\"}]},{\"@type\":\"WebSite\",\"@id\":\"https:\/\/stiftadmont.at\/#website\",\"url\":\"https:\/\/stiftadmont.at\/\",\"name\":\"Stift Admont\",\"description\":\"Benediktinerkloster und Sehensw\u00fcrdigkeit im Ges\u00e4use\",\"potentialAction\":[{\"@type\":\"SearchAction\",\"target\":{\"@type\":\"EntryPoint\",\"urlTemplate\":\"https:\/\/stiftadmont.at\/?s={search_term_string}\"},\"query-input\":{\"@type\":\"PropertyValueSpecification\",\"valueRequired\":true,\"valueName\":\"search_term_string\"}}],\"inLanguage\":\"fr-FR\"}]}<\/script>\n<!-- \/ Yoast SEO Premium plugin. -->","yoast_head_json":{"title":"Salles multim\u00e9dias \u00e0 l'abbaye d'Admont - Stift Admont","robots":{"index":"index","follow":"follow","max-snippet":"max-snippet:-1","max-image-preview":"max-image-preview:large","max-video-preview":"max-video-preview:-1"},"canonical":"https:\/\/stiftadmont.at\/fr\/expositions-actuelles\/relancement-des-salles-multimedia-du-monastere-dadmont\/","og_locale":"fr_FR","og_type":"article","og_title":"Multimedia-R\u00e4ume im Stift Admont","og_url":"https:\/\/stiftadmont.at\/fr\/expositions-actuelles\/relancement-des-salles-multimedia-du-monastere-dadmont\/","og_site_name":"Stift Admont","article_modified_time":"2025-06-04T07:37:45+00:00","og_image":[{"width":1912,"height":1188,"url":"https:\/\/stiftadmont.at\/wp-content\/uploads\/Klosteranlage-innen.jpg","type":"image\/jpeg"}],"twitter_card":"summary_large_image","schema":{"@context":"https:\/\/schema.org","@graph":[{"@type":"WebPage","@id":"https:\/\/stiftadmont.at\/aktuelle-ausstellungen\/relaunch-der-multimedia-raeume-im-stift-admont\/","url":"https:\/\/stiftadmont.at\/aktuelle-ausstellungen\/relaunch-der-multimedia-raeume-im-stift-admont\/","name":"Salles multim\u00e9dias \u00e0 l'abbaye d'Admont - Stift Admont","isPartOf":{"@id":"https:\/\/stiftadmont.at\/#website"},"datePublished":"2023-12-20T09:21:43+00:00","dateModified":"2025-06-04T07:37:45+00:00","breadcrumb":{"@id":"https:\/\/stiftadmont.at\/aktuelle-ausstellungen\/relaunch-der-multimedia-raeume-im-stift-admont\/#breadcrumb"},"inLanguage":"fr-FR","potentialAction":[{"@type":"ReadAction","target":["https:\/\/stiftadmont.at\/aktuelle-ausstellungen\/relaunch-der-multimedia-raeume-im-stift-admont\/"]}]},{"@type":"BreadcrumbList","@id":"https:\/\/stiftadmont.at\/aktuelle-ausstellungen\/relaunch-der-multimedia-raeume-im-stift-admont\/#breadcrumb","itemListElement":[{"@type":"ListItem","position":1,"name":"Start","item":"https:\/\/stiftadmont.at\/"},{"@type":"ListItem","position":2,"name":"Aktuelle Ausstellungen","item":"https:\/\/stiftadmont.at\/aktuelle-ausstellungen\/"},{"@type":"ListItem","position":3,"name":"Multimedia-R\u00e4ume im Stift Admont"}]},{"@type":"WebSite","@id":"https:\/\/stiftadmont.at\/#website","url":"https:\/\/stiftadmont.at\/","name":"Abbaye d'Admont","description":"Monast\u00e8re b\u00e9n\u00e9dictin et attraction touristique dans le Ges\u00e4use","potentialAction":[{"@type":"SearchAction","target":{"@type":"EntryPoint","urlTemplate":"https:\/\/stiftadmont.at\/?s={search_term_string}"},"query-input":{"@type":"PropertyValueSpecification","valueRequired":true,"valueName":"search_term_string"}}],"inLanguage":"fr-FR"}]}},"_links":{"self":[{"href":"https:\/\/stiftadmont.at\/fr\/wp-json\/wp\/v2\/pages\/24672","targetHints":{"allow":["GET"]}}],"collection":[{"href":"https:\/\/stiftadmont.at\/fr\/wp-json\/wp\/v2\/pages"}],"about":[{"href":"https:\/\/stiftadmont.at\/fr\/wp-json\/wp\/v2\/types\/page"}],"author":[{"embeddable":true,"href":"https:\/\/stiftadmont.at\/fr\/wp-json\/wp\/v2\/users\/7"}],"replies":[{"embeddable":true,"href":"https:\/\/stiftadmont.at\/fr\/wp-json\/wp\/v2\/comments?post=24672"}],"version-history":[{"count":19,"href":"https:\/\/stiftadmont.at\/fr\/wp-json\/wp\/v2\/pages\/24672\/revisions"}],"predecessor-version":[{"id":35177,"href":"https:\/\/stiftadmont.at\/fr\/wp-json\/wp\/v2\/pages\/24672\/revisions\/35177"}],"up":[{"embeddable":true,"href":"https:\/\/stiftadmont.at\/fr\/wp-json\/wp\/v2\/pages\/13092"}],"wp:attachment":[{"href":"https:\/\/stiftadmont.at\/fr\/wp-json\/wp\/v2\/media?parent=24672"}],"wp:term":[{"taxonomy":"category","embeddable":true,"href":"https:\/\/stiftadmont.at\/fr\/wp-json\/wp\/v2\/categories?post=24672"}],"curies":[{"name":"wp","href":"https:\/\/api.w.org\/{rel}","templated":true}]}}