{"id":26792,"date":"2024-02-22T15:18:11","date_gmt":"2024-02-22T13:18:11","guid":{"rendered":"https:\/\/stiftadmont.at\/?page_id=26792"},"modified":"2025-02-06T17:31:24","modified_gmt":"2025-02-06T15:31:24","slug":"dans-les-livres-numeriques","status":"publish","type":"page","link":"https:\/\/stiftadmont.at\/fr\/in-buechern-digital-blaettern\/","title":{"rendered":"Feuilleter des livres"},"content":{"rendered":"<section id='lightpress__section--block_183cd1ec60e948e5ead1e2ed38bf5e41' class='lightpress__section--default-section-space lightpress__section lightpress__section--content'><div class=\"content__inner\"\n         x-init=\"initContentBlockAnim($el)\">\n        \n    <div class=\"content__grid content__grid\">\n                                            <div class=\"content__box content__box--one-hundred\"\n                 style=\"\">\n                                \n                \n                                            <div class=\"prose\"><h5 class=\"heading-m line line-above line--gold text-center\"><strong>Bl\u00e4ttern Sie in drei der B\u00fccher aus unserer Stiftsbibliothek.<\/strong><\/h5>\n<\/div>\n                    \n                            <\/div>\n        \n            <\/div>\n<\/div>\n\n<\/section>\n\n<section id='lightpress__section--block_d4829ca66c0b7d1e8f684e8f38db69fc' class='lightpress__section--default-section-space lightpress__section lightpress__section--content'><div class=\"content__inner\"\n         x-init=\"initContentBlockAnim($el)\">\n        \n    <div class=\"content__grid content__grid\">\n                                            <div class=\"content__box content__box--one-hundred\"\n                 style=\"\">\n                                \n                \n                                            <div class=\"prose\"><h5 class=\"heading-m text-center line line-above line--gold\">Buch: Goldene Klassiker-Bibel<\/h5>\n<p>\u00a0<\/p>\n<div class=\"_df_book df-lite\" id=\"df_12495\"  _slug=\"goldene-klassiker-bibel\" data-title=\"buch-goldene-klassiker-bibel\" wpoptions=\"true\" thumb=\"https:\/\/stiftadmont.at\/wp-content\/uploads\/9773-1.png\" thumbtype=\"\" ><\/div><script class=\"df-shortcode-script\" nowprocket type=\"application\/javascript\">window.option_df_12495 = {\"outline\":[],\"autoEnableOutline\":\"false\",\"autoEnableThumbnail\":\"false\",\"overwritePDFOutline\":\"false\",\"direction\":\"1\",\"pageSize\":\"0\",\"source\":[\"https:\\\/\\\/stiftadmont.at\\\/wp-content\\\/uploads\\\/9773-1.png\",\"https:\\\/\\\/stiftadmont.at\\\/wp-content\\\/uploads\\\/9773-2.png\",\"https:\\\/\\\/stiftadmont.at\\\/wp-content\\\/uploads\\\/9773-3.png\",\"https:\\\/\\\/stiftadmont.at\\\/wp-content\\\/uploads\\\/9773-4.png\",\"https:\\\/\\\/stiftadmont.at\\\/wp-content\\\/uploads\\\/9773-5.png\",\"https:\\\/\\\/stiftadmont.at\\\/wp-content\\\/uploads\\\/9773-6.png\",\"https:\\\/\\\/stiftadmont.at\\\/wp-content\\\/uploads\\\/9773-7.png\",\"https:\\\/\\\/stiftadmont.at\\\/wp-content\\\/uploads\\\/9773-8.png\",\"https:\\\/\\\/stiftadmont.at\\\/wp-content\\\/uploads\\\/9773-9.png\",\"https:\\\/\\\/stiftadmont.at\\\/wp-content\\\/uploads\\\/9773-10.png\",\"https:\\\/\\\/stiftadmont.at\\\/wp-content\\\/uploads\\\/9773-11.png\",\"https:\\\/\\\/stiftadmont.at\\\/wp-content\\\/uploads\\\/9773-12.png\",\"https:\\\/\\\/stiftadmont.at\\\/wp-content\\\/uploads\\\/9773-13.png\",\"https:\\\/\\\/stiftadmont.at\\\/wp-content\\\/uploads\\\/9773-14.png\",\"https:\\\/\\\/stiftadmont.at\\\/wp-content\\\/uploads\\\/9773-15.png\",\"https:\\\/\\\/stiftadmont.at\\\/wp-content\\\/uploads\\\/9773-16.png\",\"https:\\\/\\\/stiftadmont.at\\\/wp-content\\\/uploads\\\/9773-17.png\",\"https:\\\/\\\/stiftadmont.at\\\/wp-content\\\/uploads\\\/9773-18.png\",\"https:\\\/\\\/stiftadmont.at\\\/wp-content\\\/uploads\\\/9773-19.png\",\"https:\\\/\\\/stiftadmont.at\\\/wp-content\\\/uploads\\\/9773-20.png\",\"https:\\\/\\\/stiftadmont.at\\\/wp-content\\\/uploads\\\/9773-21.png\",\"https:\\\/\\\/stiftadmont.at\\\/wp-content\\\/uploads\\\/9773-22.png\",\"https:\\\/\\\/stiftadmont.at\\\/wp-content\\\/uploads\\\/9773-23.png\",\"https:\\\/\\\/stiftadmont.at\\\/wp-content\\\/uploads\\\/9773-24.png\",\"https:\\\/\\\/stiftadmont.at\\\/wp-content\\\/uploads\\\/9773-25.png\",\"https:\\\/\\\/stiftadmont.at\\\/wp-content\\\/uploads\\\/9773-26.png\",\"https:\\\/\\\/stiftadmont.at\\\/wp-content\\\/uploads\\\/9773-27.png\",\"https:\\\/\\\/stiftadmont.at\\\/wp-content\\\/uploads\\\/9773-28.png\",\"https:\\\/\\\/stiftadmont.at\\\/wp-content\\\/uploads\\\/9773-29.png\",\"https:\\\/\\\/stiftadmont.at\\\/wp-content\\\/uploads\\\/9773-30.png\",\"https:\\\/\\\/stiftadmont.at\\\/wp-content\\\/uploads\\\/9773-31.png\",\"https:\\\/\\\/stiftadmont.at\\\/wp-content\\\/uploads\\\/9773-32.png\",\"https:\\\/\\\/stiftadmont.at\\\/wp-content\\\/uploads\\\/9773-33.png\",\"https:\\\/\\\/stiftadmont.at\\\/wp-content\\\/uploads\\\/9773-34.png\",\"https:\\\/\\\/stiftadmont.at\\\/wp-content\\\/uploads\\\/9773-35.png\",\"https:\\\/\\\/stiftadmont.at\\\/wp-content\\\/uploads\\\/9773-36.png\",\"https:\\\/\\\/stiftadmont.at\\\/wp-content\\\/uploads\\\/9773-37.png\",\"https:\\\/\\\/stiftadmont.at\\\/wp-content\\\/uploads\\\/9773-38.png\",\"https:\\\/\\\/stiftadmont.at\\\/wp-content\\\/uploads\\\/9773-39.png\",\"https:\\\/\\\/stiftadmont.at\\\/wp-content\\\/uploads\\\/9773-40.png\",\"https:\\\/\\\/stiftadmont.at\\\/wp-content\\\/uploads\\\/9773-41.png\",\"https:\\\/\\\/stiftadmont.at\\\/wp-content\\\/uploads\\\/9773-42.png\",\"https:\\\/\\\/stiftadmont.at\\\/wp-content\\\/uploads\\\/9773-43.png\",\"https:\\\/\\\/stiftadmont.at\\\/wp-content\\\/uploads\\\/9773-44.png\",\"https:\\\/\\\/stiftadmont.at\\\/wp-content\\\/uploads\\\/9773-45.png\",\"https:\\\/\\\/stiftadmont.at\\\/wp-content\\\/uploads\\\/9773-46.png\",\"https:\\\/\\\/stiftadmont.at\\\/wp-content\\\/uploads\\\/9773-47.png\",\"https:\\\/\\\/stiftadmont.at\\\/wp-content\\\/uploads\\\/9773-48.png\",\"https:\\\/\\\/stiftadmont.at\\\/wp-content\\\/uploads\\\/9773-49.png\",\"https:\\\/\\\/stiftadmont.at\\\/wp-content\\\/uploads\\\/9773-50.png\",\"https:\\\/\\\/stiftadmont.at\\\/wp-content\\\/uploads\\\/9773-51.png\",\"https:\\\/\\\/stiftadmont.at\\\/wp-content\\\/uploads\\\/9773-52.png\",\"https:\\\/\\\/stiftadmont.at\\\/wp-content\\\/uploads\\\/9773-53.png\",\"https:\\\/\\\/stiftadmont.at\\\/wp-content\\\/uploads\\\/9773-54.png\",\"https:\\\/\\\/stiftadmont.at\\\/wp-content\\\/uploads\\\/9773-55.png\",\"https:\\\/\\\/stiftadmont.at\\\/wp-content\\\/uploads\\\/9773-56.png\",\"https:\\\/\\\/stiftadmont.at\\\/wp-content\\\/uploads\\\/9773-57.png\",\"https:\\\/\\\/stiftadmont.at\\\/wp-content\\\/uploads\\\/9773-58.png\",\"https:\\\/\\\/stiftadmont.at\\\/wp-content\\\/uploads\\\/9773-59.png\"],\"wpOptions\":\"true\",\"links\":[[],[],[],[],[],[],[],[],[],[],[],[],[],[],[],[],[],[],[],[],[],[],[],[],[],[],[],[],[],[],[],[],[],[],[],[],[],[],[],[],[],[],[],[],[],[],[],[],[],[],[],[],[],[],[],[],[],[],[],[]]}; if(window.DFLIP && window.DFLIP.parseBooks){window.DFLIP.parseBooks();}<\/script>\n<\/div>\n                    \n                            <\/div>\n        \n            <\/div>\n<\/div>\n\n<\/section>\n\n<section id='lightpress__section--block_4dcbeed96908fbc6158919f0a6d2a54e' class='lightpress__section--default-section-space lightpress__section lightpress__section--content'><div class=\"content__inner\"\n         x-init=\"initContentBlockAnim($el)\">\n        \n    <div class=\"content__grid content__grid\">\n                                            <div class=\"content__box content__box--one-hundred\"\n                 style=\"\">\n                                \n                \n                                            <div class=\"prose\"><h5 class=\"heading-m line line-above line--gold text-center\">Buch: Icones Biblicae<\/h5>\n<p>\u00a0<\/p>\n<div class=\"_df_book df-lite\" id=\"df_12556\"  _slug=\"icones-biblicae\" data-title=\"buch-icones-biblicae\" wpoptions=\"true\" thumb=\"https:\/\/stiftadmont.at\/wp-content\/uploads\/10647-1.png\" thumbtype=\"\" ><\/div><script class=\"df-shortcode-script\" nowprocket type=\"application\/javascript\">window.option_df_12556 = {\"outline\":[],\"autoEnableOutline\":\"false\",\"autoEnableThumbnail\":\"false\",\"overwritePDFOutline\":\"false\",\"direction\":\"1\",\"pageSize\":\"0\",\"source\":[\"https:\\\/\\\/stiftadmont.at\\\/wp-content\\\/uploads\\\/10647-1.png\",\"https:\\\/\\\/stiftadmont.at\\\/wp-content\\\/uploads\\\/10647-2.png\",\"https:\\\/\\\/stiftadmont.at\\\/wp-content\\\/uploads\\\/10647-3.png\",\"https:\\\/\\\/stiftadmont.at\\\/wp-content\\\/uploads\\\/10647-4.png\",\"https:\\\/\\\/stiftadmont.at\\\/wp-content\\\/uploads\\\/10647-5.png\",\"https:\\\/\\\/stiftadmont.at\\\/wp-content\\\/uploads\\\/10647-6.png\",\"https:\\\/\\\/stiftadmont.at\\\/wp-content\\\/uploads\\\/10647-7.png\",\"https:\\\/\\\/stiftadmont.at\\\/wp-content\\\/uploads\\\/10647-8.png\",\"https:\\\/\\\/stiftadmont.at\\\/wp-content\\\/uploads\\\/10647-9.png\",\"https:\\\/\\\/stiftadmont.at\\\/wp-content\\\/uploads\\\/10647-10.png\",\"https:\\\/\\\/stiftadmont.at\\\/wp-content\\\/uploads\\\/10647-11.png\",\"https:\\\/\\\/stiftadmont.at\\\/wp-content\\\/uploads\\\/10647-12.png\",\"https:\\\/\\\/stiftadmont.at\\\/wp-content\\\/uploads\\\/10647-13.png\",\"https:\\\/\\\/stiftadmont.at\\\/wp-content\\\/uploads\\\/10647-14.png\",\"https:\\\/\\\/stiftadmont.at\\\/wp-content\\\/uploads\\\/10647-15.png\",\"https:\\\/\\\/stiftadmont.at\\\/wp-content\\\/uploads\\\/10647-16.png\",\"https:\\\/\\\/stiftadmont.at\\\/wp-content\\\/uploads\\\/10866-17.png\",\"https:\\\/\\\/stiftadmont.at\\\/wp-content\\\/uploads\\\/10647-18.png\",\"https:\\\/\\\/stiftadmont.at\\\/wp-content\\\/uploads\\\/10647-19.png\",\"https:\\\/\\\/stiftadmont.at\\\/wp-content\\\/uploads\\\/10647-20.png\",\"https:\\\/\\\/stiftadmont.at\\\/wp-content\\\/uploads\\\/10647-21.png\",\"https:\\\/\\\/stiftadmont.at\\\/wp-content\\\/uploads\\\/10647-22.png\",\"https:\\\/\\\/stiftadmont.at\\\/wp-content\\\/uploads\\\/10647-23.png\",\"https:\\\/\\\/stiftadmont.at\\\/wp-content\\\/uploads\\\/10647-24.png\",\"https:\\\/\\\/stiftadmont.at\\\/wp-content\\\/uploads\\\/10647-25.png\",\"https:\\\/\\\/stiftadmont.at\\\/wp-content\\\/uploads\\\/10647-26.png\",\"https:\\\/\\\/stiftadmont.at\\\/wp-content\\\/uploads\\\/10647-27.png\",\"https:\\\/\\\/stiftadmont.at\\\/wp-content\\\/uploads\\\/10647-28.png\",\"https:\\\/\\\/stiftadmont.at\\\/wp-content\\\/uploads\\\/10647-29.png\",\"https:\\\/\\\/stiftadmont.at\\\/wp-content\\\/uploads\\\/10647-30.png\",\"https:\\\/\\\/stiftadmont.at\\\/wp-content\\\/uploads\\\/10647-31.png\",\"https:\\\/\\\/stiftadmont.at\\\/wp-content\\\/uploads\\\/10647-32.png\",\"https:\\\/\\\/stiftadmont.at\\\/wp-content\\\/uploads\\\/10647-33.png\",\"https:\\\/\\\/stiftadmont.at\\\/wp-content\\\/uploads\\\/10647-34.png\",\"https:\\\/\\\/stiftadmont.at\\\/wp-content\\\/uploads\\\/10647-35.png\",\"https:\\\/\\\/stiftadmont.at\\\/wp-content\\\/uploads\\\/10647-36.png\",\"https:\\\/\\\/stiftadmont.at\\\/wp-content\\\/uploads\\\/10647-37.png\",\"https:\\\/\\\/stiftadmont.at\\\/wp-content\\\/uploads\\\/10647-38.png\",\"https:\\\/\\\/stiftadmont.at\\\/wp-content\\\/uploads\\\/10647-39.png\",\"https:\\\/\\\/stiftadmont.at\\\/wp-content\\\/uploads\\\/10647-40.png\",\"https:\\\/\\\/stiftadmont.at\\\/wp-content\\\/uploads\\\/10647-41.png\",\"https:\\\/\\\/stiftadmont.at\\\/wp-content\\\/uploads\\\/10647-42.png\",\"https:\\\/\\\/stiftadmont.at\\\/wp-content\\\/uploads\\\/10647-43.png\",\"https:\\\/\\\/stiftadmont.at\\\/wp-content\\\/uploads\\\/10647-44.png\",\"https:\\\/\\\/stiftadmont.at\\\/wp-content\\\/uploads\\\/10647-45.png\",\"https:\\\/\\\/stiftadmont.at\\\/wp-content\\\/uploads\\\/10647-46.png\",\"https:\\\/\\\/stiftadmont.at\\\/wp-content\\\/uploads\\\/10647-47.png\",\"https:\\\/\\\/stiftadmont.at\\\/wp-content\\\/uploads\\\/10647-48.png\",\"https:\\\/\\\/stiftadmont.at\\\/wp-content\\\/uploads\\\/10647-49.png\",\"https:\\\/\\\/stiftadmont.at\\\/wp-content\\\/uploads\\\/10647-50.png\",\"https:\\\/\\\/stiftadmont.at\\\/wp-content\\\/uploads\\\/10647-51.png\",\"https:\\\/\\\/stiftadmont.at\\\/wp-content\\\/uploads\\\/10647-52.png\",\"https:\\\/\\\/stiftadmont.at\\\/wp-content\\\/uploads\\\/10647-53.png\",\"https:\\\/\\\/stiftadmont.at\\\/wp-content\\\/uploads\\\/10647-54.png\",\"https:\\\/\\\/stiftadmont.at\\\/wp-content\\\/uploads\\\/10647-55.png\",\"https:\\\/\\\/stiftadmont.at\\\/wp-content\\\/uploads\\\/10647-56.png\",\"https:\\\/\\\/stiftadmont.at\\\/wp-content\\\/uploads\\\/10647-57.png\",\"https:\\\/\\\/stiftadmont.at\\\/wp-content\\\/uploads\\\/10647-58.png\"],\"wpOptions\":\"true\",\"links\":[[],[],[],[],[],[],[],[],[],[],[],[],[],[],[],[],[],[],[],[],[],[],[],[],[],[],[],[],[],[],[],[],[],[],[],[],[],[],[],[],[],[],[],[],[],[],[],[],[],[],[],[],[],[],[],[],[],[],[]]}; if(window.DFLIP && window.DFLIP.parseBooks){window.DFLIP.parseBooks();}<\/script>\n<\/div>\n                    \n                            <\/div>\n        \n            <\/div>\n<\/div>\n\n<\/section>\n\n<section id='lightpress__section--block_864ea0212abcc09a97a12b934a2d77e0' class='lightpress__section--default-section-space lightpress__section lightpress__section--content'><div class=\"content__inner\"\n         x-init=\"initContentBlockAnim($el)\">\n        \n    <div class=\"content__grid content__grid\">\n                                            <div class=\"content__box content__box--one-hundred\"\n                 style=\"\">\n                                \n                \n                                            <div class=\"prose\"><h5 class=\"heading-m line line-above line--gold text-center\">Buch: Passio<\/h5>\n<p>\u00a0<\/p>\n<div class=\"_df_book df-lite\" id=\"df_12616\"  _slug=\"passio\" data-title=\"buch-passio\" wpoptions=\"true\" thumb=\"https:\/\/stiftadmont.at\/wp-content\/uploads\/10866-1.png\" thumbtype=\"\" ><\/div><script class=\"df-shortcode-script\" nowprocket type=\"application\/javascript\">window.option_df_12616 = {\"outline\":[],\"autoEnableOutline\":\"false\",\"autoEnableThumbnail\":\"false\",\"overwritePDFOutline\":\"false\",\"direction\":\"1\",\"pageSize\":\"0\",\"source\":[\"https:\\\/\\\/stiftadmont.at\\\/wp-content\\\/uploads\\\/10866-1.png\",\"https:\\\/\\\/stiftadmont.at\\\/wp-content\\\/uploads\\\/10866-3.png\",\"https:\\\/\\\/stiftadmont.at\\\/wp-content\\\/uploads\\\/10866-4.png\",\"https:\\\/\\\/stiftadmont.at\\\/wp-content\\\/uploads\\\/10866-5.png\",\"https:\\\/\\\/stiftadmont.at\\\/wp-content\\\/uploads\\\/10866-6.png\",\"https:\\\/\\\/stiftadmont.at\\\/wp-content\\\/uploads\\\/10866-7.png\",\"https:\\\/\\\/stiftadmont.at\\\/wp-content\\\/uploads\\\/10866-8.png\",\"https:\\\/\\\/stiftadmont.at\\\/wp-content\\\/uploads\\\/10866-9.png\",\"https:\\\/\\\/stiftadmont.at\\\/wp-content\\\/uploads\\\/10866-10.png\",\"https:\\\/\\\/stiftadmont.at\\\/wp-content\\\/uploads\\\/10866-11.png\",\"https:\\\/\\\/stiftadmont.at\\\/wp-content\\\/uploads\\\/10866-12.png\",\"https:\\\/\\\/stiftadmont.at\\\/wp-content\\\/uploads\\\/10866-13.png\",\"https:\\\/\\\/stiftadmont.at\\\/wp-content\\\/uploads\\\/10866-14.png\",\"https:\\\/\\\/stiftadmont.at\\\/wp-content\\\/uploads\\\/10866-15.png\",\"https:\\\/\\\/stiftadmont.at\\\/wp-content\\\/uploads\\\/10866-16.png\",\"https:\\\/\\\/stiftadmont.at\\\/wp-content\\\/uploads\\\/10866-17-1.png\",\"https:\\\/\\\/stiftadmont.at\\\/wp-content\\\/uploads\\\/10866-18.png\",\"https:\\\/\\\/stiftadmont.at\\\/wp-content\\\/uploads\\\/10866-19.png\",\"https:\\\/\\\/stiftadmont.at\\\/wp-content\\\/uploads\\\/10866-20.png\",\"https:\\\/\\\/stiftadmont.at\\\/wp-content\\\/uploads\\\/10866-21.png\",\"https:\\\/\\\/stiftadmont.at\\\/wp-content\\\/uploads\\\/10866-22.png\",\"https:\\\/\\\/stiftadmont.at\\\/wp-content\\\/uploads\\\/10866-23.png\",\"https:\\\/\\\/stiftadmont.at\\\/wp-content\\\/uploads\\\/10866-24.png\",\"https:\\\/\\\/stiftadmont.at\\\/wp-content\\\/uploads\\\/10866-25.png\",\"https:\\\/\\\/stiftadmont.at\\\/wp-content\\\/uploads\\\/10866-26.png\",\"https:\\\/\\\/stiftadmont.at\\\/wp-content\\\/uploads\\\/10866-27.png\",\"https:\\\/\\\/stiftadmont.at\\\/wp-content\\\/uploads\\\/10866-28.png\",\"https:\\\/\\\/stiftadmont.at\\\/wp-content\\\/uploads\\\/10866-29.png\",\"https:\\\/\\\/stiftadmont.at\\\/wp-content\\\/uploads\\\/10866-30.png\",\"https:\\\/\\\/stiftadmont.at\\\/wp-content\\\/uploads\\\/10866-31.png\",\"https:\\\/\\\/stiftadmont.at\\\/wp-content\\\/uploads\\\/10866-32.png\",\"https:\\\/\\\/stiftadmont.at\\\/wp-content\\\/uploads\\\/10866-33.png\",\"https:\\\/\\\/stiftadmont.at\\\/wp-content\\\/uploads\\\/10866-34.png\",\"https:\\\/\\\/stiftadmont.at\\\/wp-content\\\/uploads\\\/10866-35.png\",\"https:\\\/\\\/stiftadmont.at\\\/wp-content\\\/uploads\\\/10866-36.png\",\"https:\\\/\\\/stiftadmont.at\\\/wp-content\\\/uploads\\\/10866-37.png\",\"https:\\\/\\\/stiftadmont.at\\\/wp-content\\\/uploads\\\/10866-38.png\",\"https:\\\/\\\/stiftadmont.at\\\/wp-content\\\/uploads\\\/10866-39.png\",\"https:\\\/\\\/stiftadmont.at\\\/wp-content\\\/uploads\\\/10866-40.png\",\"https:\\\/\\\/stiftadmont.at\\\/wp-content\\\/uploads\\\/10866-41.png\",\"https:\\\/\\\/stiftadmont.at\\\/wp-content\\\/uploads\\\/10866-42.png\",\"https:\\\/\\\/stiftadmont.at\\\/wp-content\\\/uploads\\\/10866-43.png\",\"https:\\\/\\\/stiftadmont.at\\\/wp-content\\\/uploads\\\/10866-44.png\",\"https:\\\/\\\/stiftadmont.at\\\/wp-content\\\/uploads\\\/10866-45.png\",\"https:\\\/\\\/stiftadmont.at\\\/wp-content\\\/uploads\\\/10866-46.png\",\"https:\\\/\\\/stiftadmont.at\\\/wp-content\\\/uploads\\\/10866-47.png\",\"https:\\\/\\\/stiftadmont.at\\\/wp-content\\\/uploads\\\/10866-48.png\",\"https:\\\/\\\/stiftadmont.at\\\/wp-content\\\/uploads\\\/10866-49.png\"],\"wpOptions\":\"true\",\"links\":[[],[],[],[],[],[],[],[],[],[],[],[],[],[],[],[],[],[],[],[],[],[],[],[],[],[],[],[],[],[],[],[],[],[],[],[],[],[],[],[],[],[],[],[],[],[],[],[],[]]}; if(window.DFLIP && window.DFLIP.parseBooks){window.DFLIP.parseBooks();}<\/script>\n<\/div>\n                    \n                            <\/div>\n        \n            <\/div>\n<\/div>\n\n<\/section>","protected":false},"excerpt":{"rendered":"","protected":false},"author":20,"featured_media":0,"parent":0,"menu_order":16,"comment_status":"closed","ping_status":"closed","template":"","meta":{"_acf_changed":false,"footnotes":""},"categories":[],"class_list":["post-26792","page","type-page","status-publish","hentry"],"acf":[],"yoast_head":"<!-- This site is optimized with the Yoast SEO Premium plugin v26.0 (Yoast SEO v26.8) - https:\/\/yoast.com\/product\/yoast-seo-premium-wordpress\/ -->\n<title>In B\u00fcchern bl\u00e4ttern - Stift Admont<\/title>\n<meta name=\"robots\" content=\"index, follow, max-snippet:-1, max-image-preview:large, max-video-preview:-1\" \/>\n<link rel=\"canonical\" href=\"https:\/\/stiftadmont.at\/fr\/dans-les-livres-numeriques\/\" \/>\n<meta property=\"og:locale\" content=\"fr_FR\" \/>\n<meta property=\"og:type\" content=\"article\" \/>\n<meta property=\"og:title\" content=\"In B\u00fcchern bl\u00e4ttern\" \/>\n<meta property=\"og:url\" content=\"https:\/\/stiftadmont.at\/fr\/dans-les-livres-numeriques\/\" \/>\n<meta property=\"og:site_name\" content=\"Stift Admont\" \/>\n<meta property=\"article:modified_time\" content=\"2025-02-06T15:31:24+00:00\" \/>\n<meta property=\"og:image\" content=\"https:\/\/stiftadmont.at\/wp-content\/uploads\/Klosteranlage-innen.jpg\" \/>\n\t<meta property=\"og:image:width\" content=\"1912\" \/>\n\t<meta property=\"og:image:height\" content=\"1188\" \/>\n\t<meta property=\"og:image:type\" content=\"image\/jpeg\" \/>\n<meta name=\"twitter:card\" content=\"summary_large_image\" \/>\n<script type=\"application\/ld+json\" class=\"yoast-schema-graph\">{\"@context\":\"https:\/\/schema.org\",\"@graph\":[{\"@type\":\"WebPage\",\"@id\":\"https:\/\/stiftadmont.at\/in-buechern-digital-blaettern\/\",\"url\":\"https:\/\/stiftadmont.at\/in-buechern-digital-blaettern\/\",\"name\":\"In B\u00fcchern bl\u00e4ttern - Stift Admont\",\"isPartOf\":{\"@id\":\"https:\/\/stiftadmont.at\/#website\"},\"datePublished\":\"2024-02-22T13:18:11+00:00\",\"dateModified\":\"2025-02-06T15:31:24+00:00\",\"breadcrumb\":{\"@id\":\"https:\/\/stiftadmont.at\/in-buechern-digital-blaettern\/#breadcrumb\"},\"inLanguage\":\"fr-FR\",\"potentialAction\":[{\"@type\":\"ReadAction\",\"target\":[\"https:\/\/stiftadmont.at\/in-buechern-digital-blaettern\/\"]}]},{\"@type\":\"BreadcrumbList\",\"@id\":\"https:\/\/stiftadmont.at\/in-buechern-digital-blaettern\/#breadcrumb\",\"itemListElement\":[{\"@type\":\"ListItem\",\"position\":1,\"name\":\"Start\",\"item\":\"https:\/\/stiftadmont.at\/\"},{\"@type\":\"ListItem\",\"position\":2,\"name\":\"In B\u00fcchern bl\u00e4ttern\"}]},{\"@type\":\"WebSite\",\"@id\":\"https:\/\/stiftadmont.at\/#website\",\"url\":\"https:\/\/stiftadmont.at\/\",\"name\":\"Stift Admont\",\"description\":\"Benediktinerkloster und Sehensw\u00fcrdigkeit im Ges\u00e4use\",\"potentialAction\":[{\"@type\":\"SearchAction\",\"target\":{\"@type\":\"EntryPoint\",\"urlTemplate\":\"https:\/\/stiftadmont.at\/?s={search_term_string}\"},\"query-input\":{\"@type\":\"PropertyValueSpecification\",\"valueRequired\":true,\"valueName\":\"search_term_string\"}}],\"inLanguage\":\"fr-FR\"}]}<\/script>\n<!-- \/ Yoast SEO Premium plugin. -->","yoast_head_json":{"title":"Feuilleter des livres - Stift Admont","robots":{"index":"index","follow":"follow","max-snippet":"max-snippet:-1","max-image-preview":"max-image-preview:large","max-video-preview":"max-video-preview:-1"},"canonical":"https:\/\/stiftadmont.at\/fr\/dans-les-livres-numeriques\/","og_locale":"fr_FR","og_type":"article","og_title":"In B\u00fcchern bl\u00e4ttern","og_url":"https:\/\/stiftadmont.at\/fr\/dans-les-livres-numeriques\/","og_site_name":"Stift Admont","article_modified_time":"2025-02-06T15:31:24+00:00","og_image":[{"width":1912,"height":1188,"url":"https:\/\/stiftadmont.at\/wp-content\/uploads\/Klosteranlage-innen.jpg","type":"image\/jpeg"}],"twitter_card":"summary_large_image","schema":{"@context":"https:\/\/schema.org","@graph":[{"@type":"WebPage","@id":"https:\/\/stiftadmont.at\/in-buechern-digital-blaettern\/","url":"https:\/\/stiftadmont.at\/in-buechern-digital-blaettern\/","name":"Feuilleter des livres - Stift Admont","isPartOf":{"@id":"https:\/\/stiftadmont.at\/#website"},"datePublished":"2024-02-22T13:18:11+00:00","dateModified":"2025-02-06T15:31:24+00:00","breadcrumb":{"@id":"https:\/\/stiftadmont.at\/in-buechern-digital-blaettern\/#breadcrumb"},"inLanguage":"fr-FR","potentialAction":[{"@type":"ReadAction","target":["https:\/\/stiftadmont.at\/in-buechern-digital-blaettern\/"]}]},{"@type":"BreadcrumbList","@id":"https:\/\/stiftadmont.at\/in-buechern-digital-blaettern\/#breadcrumb","itemListElement":[{"@type":"ListItem","position":1,"name":"Start","item":"https:\/\/stiftadmont.at\/"},{"@type":"ListItem","position":2,"name":"In B\u00fcchern bl\u00e4ttern"}]},{"@type":"WebSite","@id":"https:\/\/stiftadmont.at\/#website","url":"https:\/\/stiftadmont.at\/","name":"Abbaye d'Admont","description":"Monast\u00e8re b\u00e9n\u00e9dictin et attraction touristique dans le Ges\u00e4use","potentialAction":[{"@type":"SearchAction","target":{"@type":"EntryPoint","urlTemplate":"https:\/\/stiftadmont.at\/?s={search_term_string}"},"query-input":{"@type":"PropertyValueSpecification","valueRequired":true,"valueName":"search_term_string"}}],"inLanguage":"fr-FR"}]}},"_links":{"self":[{"href":"https:\/\/stiftadmont.at\/fr\/wp-json\/wp\/v2\/pages\/26792","targetHints":{"allow":["GET"]}}],"collection":[{"href":"https:\/\/stiftadmont.at\/fr\/wp-json\/wp\/v2\/pages"}],"about":[{"href":"https:\/\/stiftadmont.at\/fr\/wp-json\/wp\/v2\/types\/page"}],"author":[{"embeddable":true,"href":"https:\/\/stiftadmont.at\/fr\/wp-json\/wp\/v2\/users\/20"}],"replies":[{"embeddable":true,"href":"https:\/\/stiftadmont.at\/fr\/wp-json\/wp\/v2\/comments?post=26792"}],"version-history":[{"count":17,"href":"https:\/\/stiftadmont.at\/fr\/wp-json\/wp\/v2\/pages\/26792\/revisions"}],"predecessor-version":[{"id":32725,"href":"https:\/\/stiftadmont.at\/fr\/wp-json\/wp\/v2\/pages\/26792\/revisions\/32725"}],"wp:attachment":[{"href":"https:\/\/stiftadmont.at\/fr\/wp-json\/wp\/v2\/media?parent=26792"}],"wp:term":[{"taxonomy":"category","embeddable":true,"href":"https:\/\/stiftadmont.at\/fr\/wp-json\/wp\/v2\/categories?post=26792"}],"curies":[{"name":"wp","href":"https:\/\/api.w.org\/{rel}","templated":true}]}}