{"id":27126,"date":"2024-03-06T13:08:29","date_gmt":"2024-03-06T11:08:29","guid":{"rendered":"https:\/\/stiftadmont.at\/?page_id=27126"},"modified":"2025-03-07T10:49:03","modified_gmt":"2025-03-07T08:49:03","slug":"niveau-b-b4-hofsteatter","status":"publish","type":"page","link":"https:\/\/stiftadmont.at\/fr\/gesundheitszentrum-admont\/ebene-b-b4-hofsteatter\/","title":{"rendered":"Niveau B | B4 - HOFST\u00c4TTER"},"content":{"rendered":"<section id='lightpress__section--block_631f3da4489e59b2349487783cec66a4' class='align-center lightpress__section--default-section-space lightpress__section lightpress__section--headline'><div class=\"headline__container\">\n            <h2 class=\"headline text--40 text-medium line line--gold line-above line-middle\">Niveau B4 - Gabriele Hofst\u00e4tter<\/h2>\n        <p class=\"text-center text-gold text--20 text-medium text--uppercase\">Masseuse professionnelle, Dip. Praticienne en Shiatsu <\/p>\n        <div class=\"spacer--40\"><\/div>\n<\/div>\n\n<\/section>\n\n<section id='lightpress__section--block_0dbaacc66cfae3e683e4c1ec1c825c35' class='bg--beige lightpress__section--colored-bg lightpress__section--default-section-space lightpress__section lightpress__section--content'><div class=\"content__inner\"\n         x-init=\"initContentBlockAnim($el)\">\n        \n    <div class=\"content__grid content__grid--fifty-fifty\">\n                                            <div class=\"content__box content__box\"\n                 style=\"\">\n                                \n                \n                                            <div class=\"prose\"><h5 class=\"heading-m line line-above line--gold\">Massage th\u00e9rapeutique \/ massage complet ou partiel<\/h5>\n<p>\u00a0<\/p>\n<p class=\"paragraph-m\">L'effleurage, le p\u00e9trissage et diff\u00e9rentes manipulations permettent de rel\u00e2cher les tensions et les durcissements musculaires. Une irrigation sanguine optimale des tissus est obtenue.<\/p>\n<p>\u00a0<\/p>\n<p>\u00a0<\/p>\n<h5 class=\"heading-m line line-above line--gold\">Traitement shiatsu<\/h5>\n<p>\u00a0<\/p>\n<p class=\"paragraph-m\">M\u00e9thode de gu\u00e9rison holistique bas\u00e9e sur l'Extr\u00eame-Orient pour harmoniser le flux \u00e9nerg\u00e9tique. Application de pressions avec les doigts et la paume de la main sur les points des m\u00e9ridiens. Le traitement est adapt\u00e9 aux besoins et aux souhaits du client.<\/p>\n<p>\u00a0<\/p>\n<p>\u00a0<\/p>\n<h5 class=\"heading-m line line-above line--gold\">Travail corporel quantique<\/h5>\n<p>\u00a0<\/p>\n<p class=\"paragraph-m\">Traitement cranio-sacr\u00e9<\/p>\n<h6>\u00a0<\/h6>\n<h6>\u00a0<\/h6>\n<h6>\u00a0<\/h6>\n<h5 class=\"heading-m line line-above line--gold\">R\u00e9flexologie plantaire<\/h5>\n<p>\u00a0<\/p>\n<p class=\"paragraph-m\">Tous les organes et parties du corps ont des zones r\u00e9flexes associ\u00e9es au pied. Celles-ci sont stimul\u00e9es pour l'autogu\u00e9rison par un massage de pression sp\u00e9cial.<\/p>\n<\/div>\n                    \n                            <\/div>\n        \n                                                    <div class=\"content__box content__box--2\"\n                     >\n                                        \n                    \n                                                    <div class=\"prose\"><h5 class=\"heading-m line line-above line--gold\">Drainage lymphatique<\/h5>\n<p>\u00a0<\/p>\n<p class=\"paragraph-m\">Gr\u00e2ce \u00e0 une technique sp\u00e9ciale douce, le flux lymphatique est stimul\u00e9 et les toxines et d\u00e9chets stock\u00e9s sont \u00e9vacu\u00e9s.<\/p>\n<h6>\u00a0<\/h6>\n<h6>\u00a0<\/h6>\n<h6>\u00a0<\/h6>\n<h5 class=\"heading-m line line-above line--gold\">Th\u00e9rapie Somm \u00e0 l'infrarouge<\/h5>\n<p>\u00a0<\/p>\n<p class=\"paragraph-m\">Une m\u00e9thode qui harmonise durablement les circuits de r\u00e9gulation du corps.<\/p>\n<p>\u00a0<\/p>\n<p class=\"paragraph-m\">-\u00a0<strong>Micro-vibration\u00a0<\/strong>agit sur les cellules de l'organisme<br \/>-\u00a0<strong>Vibrations\u00a0<\/strong>sont per\u00e7us dans le domaine audible, comme des sons et de la musique.<br \/>-\u00a0<strong>R\u00e9sonance \u00e9lectro-magn\u00e9tique<\/strong>\u00a0stimule en premier lieu l'ensemble du m\u00e9tabolisme cellulaire<br \/>-\u00a0<strong>Infrarouge\u00a0<\/strong>avec chaleur profonde assure une meilleure circulation sanguine et une \u00e9limination des toxines.<\/p>\n<\/div>\n                        \n                                    <\/div>\n            \n            <\/div>\n<\/div>\n\n    <div class=\"background__container background__container--beige\">\n    <\/div>\n\n<\/section>\n\n<section id='lightpress__section--block_c9cd3820fea29a85ce12f8ea094aaf83' class='lightpress__section--default-section-space lightpress__section lightpress__section--content'><div class=\"content__inner\"\n         x-init=\"initContentBlockAnim($el)\">\n        \n    <div class=\"content__grid content__grid--fifty-fifty\">\n                                            <div class=\"content__box content__box\"\n                 style=\"\">\n                                \n                \n                                            <div class=\"prose\"><h5 class=\"heading-m line line-above line--gold\">Contact<\/h5>\n<p>\u00a0<\/p>\n<p>Centre de sant\u00e9 d'Admont<\/p>\n<p>Gabriele Hofst\u00e4tter<\/p>\n<p class=\"paragraph-m\">167, rue principale<br \/>8911 Admont<\/p>\n<p>\u00a0<\/p>\n<p><a class=\"phone\" href=\"tel:+436641547973\"><span class=\"icon-outer\"><i class=\"fa-light fa-phone\"><\/i><\/span>+43 (0)664 \/ 1547973<\/a><\/p>\n<p>\u00a0<\/p>\n<p>\u00a0<\/p>\n<p>\u00a0<\/p>\n<h5 class=\"heading-m line line-above line--gold\"><strong>Heures d'ouverture<\/strong><\/h5>\n<h5>\u00a0<\/h5>\n<p class=\"paragraph-m\">du lundi au vendredi de 08:00 \u00e0 18:00 heures<\/p>\n<\/div>\n                    \n                            <\/div>\n        \n                                                    <div class=\"content__box content__box--2\"\n                     >\n                                        \n                    \n                                                <div class=\"content__media stickyTo\" x-init=\"imageSticky($el)\">\n\n                                                                                    <picture\n                                    class=\"content__image sticky\">\n                                <source srcset=\"https:\/\/stiftadmont.at\/wp-content\/uploads\/Gesundheitszentrum_aussen-\u00a9Thoms-Sattler_www_Neu-1024x683.webp\" type=\"image\/webp\">\n                                <source srcset=\"https:\/\/stiftadmont.at\/wp-content\/uploads\/Gesundheitszentrum_aussen-\u00a9Thoms-Sattler_www_Neu-1024x683.jpg\" type=\"image\/jpeg\">\n                                <img decoding=\"async\" class=\"sticky\" loading=\"lazy\" src=\"https:\/\/stiftadmont.at\/wp-content\/uploads\/Gesundheitszentrum_aussen-\u00a9Thoms-Sattler_www_Neu-1024x683.jpg\"\n                                     alt=\"Centre de sant\u00e9 ext\u00e9rieur \u00a9Thoms Sattler www Neu scaled\">\n\n                                                                                                                            <\/picture>\n\n                        <\/div>\n\n                                    <\/div>\n            \n            <\/div>\n<\/div>\n\n<\/section>","protected":false},"excerpt":{"rendered":"","protected":false},"author":7,"featured_media":0,"parent":545,"menu_order":0,"comment_status":"closed","ping_status":"closed","template":"","meta":{"_acf_changed":false,"footnotes":""},"categories":[],"class_list":["post-27126","page","type-page","status-publish","hentry"],"acf":[],"yoast_head":"<!-- This site is optimized with the Yoast SEO Premium plugin v26.0 (Yoast SEO v26.8) - https:\/\/yoast.com\/product\/yoast-seo-premium-wordpress\/ -->\n<title>Ebene B | B4 \u2013 HOFST\u00c4TTER - Stift Admont<\/title>\n<meta name=\"robots\" content=\"index, follow, max-snippet:-1, max-image-preview:large, max-video-preview:-1\" \/>\n<link rel=\"canonical\" href=\"https:\/\/stiftadmont.at\/fr\/centre-de-sante-dadmont\/niveau-b-b4-hofsteatter\/\" \/>\n<meta property=\"og:locale\" content=\"fr_FR\" \/>\n<meta property=\"og:type\" content=\"article\" \/>\n<meta property=\"og:title\" content=\"Ebene B | B4 \u2013 HOFST\u00c4TTER\" \/>\n<meta property=\"og:url\" content=\"https:\/\/stiftadmont.at\/fr\/centre-de-sante-dadmont\/niveau-b-b4-hofsteatter\/\" \/>\n<meta property=\"og:site_name\" content=\"Stift Admont\" \/>\n<meta property=\"article:modified_time\" content=\"2025-03-07T08:49:03+00:00\" \/>\n<meta property=\"og:image\" content=\"https:\/\/stiftadmont.at\/wp-content\/uploads\/Klosteranlage-innen.jpg\" \/>\n\t<meta property=\"og:image:width\" content=\"1912\" \/>\n\t<meta property=\"og:image:height\" content=\"1188\" \/>\n\t<meta property=\"og:image:type\" content=\"image\/jpeg\" \/>\n<meta name=\"twitter:card\" content=\"summary_large_image\" \/>\n<script type=\"application\/ld+json\" class=\"yoast-schema-graph\">{\"@context\":\"https:\/\/schema.org\",\"@graph\":[{\"@type\":\"WebPage\",\"@id\":\"https:\/\/stiftadmont.at\/gesundheitszentrum-admont\/ebene-b-b4-hofsteatter\/\",\"url\":\"https:\/\/stiftadmont.at\/gesundheitszentrum-admont\/ebene-b-b4-hofsteatter\/\",\"name\":\"Ebene B | B4 \u2013 HOFST\u00c4TTER - Stift Admont\",\"isPartOf\":{\"@id\":\"https:\/\/stiftadmont.at\/#website\"},\"datePublished\":\"2024-03-06T11:08:29+00:00\",\"dateModified\":\"2025-03-07T08:49:03+00:00\",\"breadcrumb\":{\"@id\":\"https:\/\/stiftadmont.at\/gesundheitszentrum-admont\/ebene-b-b4-hofsteatter\/#breadcrumb\"},\"inLanguage\":\"fr-FR\",\"potentialAction\":[{\"@type\":\"ReadAction\",\"target\":[\"https:\/\/stiftadmont.at\/gesundheitszentrum-admont\/ebene-b-b4-hofsteatter\/\"]}]},{\"@type\":\"BreadcrumbList\",\"@id\":\"https:\/\/stiftadmont.at\/gesundheitszentrum-admont\/ebene-b-b4-hofsteatter\/#breadcrumb\",\"itemListElement\":[{\"@type\":\"ListItem\",\"position\":1,\"name\":\"Start\",\"item\":\"https:\/\/stiftadmont.at\/\"},{\"@type\":\"ListItem\",\"position\":2,\"name\":\"Gesundheitszentrum Admont\",\"item\":\"https:\/\/stiftadmont.at\/gesundheitszentrum-admont\/\"},{\"@type\":\"ListItem\",\"position\":3,\"name\":\"Ebene B | B4 \u2013 HOFST\u00c4TTER\"}]},{\"@type\":\"WebSite\",\"@id\":\"https:\/\/stiftadmont.at\/#website\",\"url\":\"https:\/\/stiftadmont.at\/\",\"name\":\"Stift Admont\",\"description\":\"Benediktinerkloster und Sehensw\u00fcrdigkeit im Ges\u00e4use\",\"potentialAction\":[{\"@type\":\"SearchAction\",\"target\":{\"@type\":\"EntryPoint\",\"urlTemplate\":\"https:\/\/stiftadmont.at\/?s={search_term_string}\"},\"query-input\":{\"@type\":\"PropertyValueSpecification\",\"valueRequired\":true,\"valueName\":\"search_term_string\"}}],\"inLanguage\":\"fr-FR\"}]}<\/script>\n<!-- \/ Yoast SEO Premium plugin. -->","yoast_head_json":{"title":"Niveau B | B4 - HOFST\u00c4TTER - Abbaye d'Admont","robots":{"index":"index","follow":"follow","max-snippet":"max-snippet:-1","max-image-preview":"max-image-preview:large","max-video-preview":"max-video-preview:-1"},"canonical":"https:\/\/stiftadmont.at\/fr\/centre-de-sante-dadmont\/niveau-b-b4-hofsteatter\/","og_locale":"fr_FR","og_type":"article","og_title":"Ebene B | B4 \u2013 HOFST\u00c4TTER","og_url":"https:\/\/stiftadmont.at\/fr\/centre-de-sante-dadmont\/niveau-b-b4-hofsteatter\/","og_site_name":"Stift Admont","article_modified_time":"2025-03-07T08:49:03+00:00","og_image":[{"width":1912,"height":1188,"url":"https:\/\/stiftadmont.at\/wp-content\/uploads\/Klosteranlage-innen.jpg","type":"image\/jpeg"}],"twitter_card":"summary_large_image","schema":{"@context":"https:\/\/schema.org","@graph":[{"@type":"WebPage","@id":"https:\/\/stiftadmont.at\/gesundheitszentrum-admont\/ebene-b-b4-hofsteatter\/","url":"https:\/\/stiftadmont.at\/gesundheitszentrum-admont\/ebene-b-b4-hofsteatter\/","name":"Niveau B | B4 - HOFST\u00c4TTER - Abbaye d'Admont","isPartOf":{"@id":"https:\/\/stiftadmont.at\/#website"},"datePublished":"2024-03-06T11:08:29+00:00","dateModified":"2025-03-07T08:49:03+00:00","breadcrumb":{"@id":"https:\/\/stiftadmont.at\/gesundheitszentrum-admont\/ebene-b-b4-hofsteatter\/#breadcrumb"},"inLanguage":"fr-FR","potentialAction":[{"@type":"ReadAction","target":["https:\/\/stiftadmont.at\/gesundheitszentrum-admont\/ebene-b-b4-hofsteatter\/"]}]},{"@type":"BreadcrumbList","@id":"https:\/\/stiftadmont.at\/gesundheitszentrum-admont\/ebene-b-b4-hofsteatter\/#breadcrumb","itemListElement":[{"@type":"ListItem","position":1,"name":"Start","item":"https:\/\/stiftadmont.at\/"},{"@type":"ListItem","position":2,"name":"Gesundheitszentrum Admont","item":"https:\/\/stiftadmont.at\/gesundheitszentrum-admont\/"},{"@type":"ListItem","position":3,"name":"Ebene B | B4 \u2013 HOFST\u00c4TTER"}]},{"@type":"WebSite","@id":"https:\/\/stiftadmont.at\/#website","url":"https:\/\/stiftadmont.at\/","name":"Abbaye d'Admont","description":"Monast\u00e8re b\u00e9n\u00e9dictin et attraction touristique dans le Ges\u00e4use","potentialAction":[{"@type":"SearchAction","target":{"@type":"EntryPoint","urlTemplate":"https:\/\/stiftadmont.at\/?s={search_term_string}"},"query-input":{"@type":"PropertyValueSpecification","valueRequired":true,"valueName":"search_term_string"}}],"inLanguage":"fr-FR"}]}},"_links":{"self":[{"href":"https:\/\/stiftadmont.at\/fr\/wp-json\/wp\/v2\/pages\/27126","targetHints":{"allow":["GET"]}}],"collection":[{"href":"https:\/\/stiftadmont.at\/fr\/wp-json\/wp\/v2\/pages"}],"about":[{"href":"https:\/\/stiftadmont.at\/fr\/wp-json\/wp\/v2\/types\/page"}],"author":[{"embeddable":true,"href":"https:\/\/stiftadmont.at\/fr\/wp-json\/wp\/v2\/users\/7"}],"replies":[{"embeddable":true,"href":"https:\/\/stiftadmont.at\/fr\/wp-json\/wp\/v2\/comments?post=27126"}],"version-history":[{"count":18,"href":"https:\/\/stiftadmont.at\/fr\/wp-json\/wp\/v2\/pages\/27126\/revisions"}],"predecessor-version":[{"id":33225,"href":"https:\/\/stiftadmont.at\/fr\/wp-json\/wp\/v2\/pages\/27126\/revisions\/33225"}],"up":[{"embeddable":true,"href":"https:\/\/stiftadmont.at\/fr\/wp-json\/wp\/v2\/pages\/545"}],"wp:attachment":[{"href":"https:\/\/stiftadmont.at\/fr\/wp-json\/wp\/v2\/media?parent=27126"}],"wp:term":[{"taxonomy":"category","embeddable":true,"href":"https:\/\/stiftadmont.at\/fr\/wp-json\/wp\/v2\/categories?post=27126"}],"curies":[{"name":"wp","href":"https:\/\/api.w.org\/{rel}","templated":true}]}}