{"id":27129,"date":"2024-03-06T13:08:52","date_gmt":"2024-03-06T11:08:52","guid":{"rendered":"https:\/\/stiftadmont.at\/?page_id=27129"},"modified":"2026-04-13T11:05:09","modified_gmt":"2026-04-13T09:05:09","slug":"medecin-specialiste-a-proximite","status":"publish","type":"page","link":"https:\/\/stiftadmont.at\/fr\/gesundheitszentrum-admont\/facharzt-in-der-naehe\/","title":{"rendered":"M\u00e9decin sp\u00e9cialiste \u00e0 proximit\u00e9"},"content":{"rendered":"<section id='lightpress__section--block_4c204d819cc1757149ea1ad96a6c936f' class='align-center lightpress__section--default-section-space lightpress__section lightpress__section--headline'><div class=\"headline__container\">\n            <h2 class=\"headline text--40 text-medium line line--gold line-above line-middle\">M\u00e9decin sp\u00e9cialiste \u00e0 proximit\u00e9 - Dr. Jakob G\u00f6tsch<\/h2>\n        <p class=\"text-center text-gold text--20 text-medium text--uppercase\">Sp\u00e9cialiste en dentisterie, stomatologie et orthodontie (toutes caisses et priv\u00e9)<\/p>\n        <div class=\"spacer--40\"><\/div>\n<\/div>\n\n<\/section>\n\n<section id='lightpress__section--block_40f7a0de53e095997eb7bb72b6de4ac8' class='lightpress__section--default-section-space lightpress__section lightpress__section--content'><div class=\"content__inner\"\n         x-init=\"initContentBlockAnim($el)\">\n        \n    <div class=\"content__grid content__grid--fifty-fifty\">\n                                            <div class=\"content__box content__box\"\n                 style=\"\">\n                                \n                \n                                            <div class=\"prose\"><p class=\"paragraph-m\">\u00c0 une courte distance \u00e0 pied du centre de sant\u00e9 se trouve, au rez-de-chauss\u00e9e de l'ancien lavoir de l'abbaye d'Admont, le cabinet dentaire qui a \u00e9t\u00e9 repris et rouvert en 2026 par le Dr G\u00f6tsch.<\/p>\n<p>\u00a0<\/p>\n<p>\u00a0<\/p>\n<h5 class=\"heading-m line line-above line--gold\">Contact<\/h5>\n<p>\u00a0<\/p>\n<p>Dr. Jakob G\u00f6tsch, dentiste<\/p>\n<p class=\"paragraph-m\">Maierhof 54<br \/>8911 Admont<\/p>\n<p>\u00a0<\/p>\n<p><a class=\"phone\" href=\"tel:+4336134253\"><span class=\"icon-outer\"><i class=\"fa-light fa-phone\"><\/i><\/span>+43 (0)3613 \/ 4253<\/a><\/p>\n<\/div>\n                    \n                            <\/div>\n        \n                                                    <div class=\"content__box content__box--2\"\n                     >\n                                        \n                    \n                                                    <div class=\"prose\"><h5 class=\"heading-m line line-above line--gold\"><strong>Heures d'ouverture<\/strong><\/h5>\n<p>\u00a0<\/p>\n<p class=\"paragraph-m\">lundi de 13:00 \u00e0 18:00 heures<br \/>Ferm\u00e9 le mardi<br \/>mercredi de 13:00 \u00e0 18:00 heures<br \/>jeudi de 08:00 \u00e0 13:00 heures<br \/>vendredi de 08:00 \u00e0 13:00 heures<\/p>\n<p>\u00a0<\/p>\n<p class=\"MsoNormal\">et sur rendez-vous<\/p>\n<p>\u00a0<\/p>\n<p class=\"paragraph-m\">Il est demand\u00e9 de prendre rendez-vous par t\u00e9l\u00e9phone.<\/p>\n<p>\u00a0<\/p>\n<p class=\"MsoNormal\">Toutes les caisses &amp; priv\u00e9<\/p>\n<\/div>\n                        \n                                    <\/div>\n            \n            <\/div>\n<\/div>\n\n<\/section>","protected":false},"excerpt":{"rendered":"","protected":false},"author":7,"featured_media":0,"parent":545,"menu_order":0,"comment_status":"closed","ping_status":"closed","template":"","meta":{"_acf_changed":false,"footnotes":""},"categories":[],"class_list":["post-27129","page","type-page","status-publish","hentry"],"acf":[],"yoast_head":"<!-- This site is optimized with the Yoast SEO Premium plugin v26.0 (Yoast SEO v26.8) - https:\/\/yoast.com\/product\/yoast-seo-premium-wordpress\/ -->\n<title>Facharzt in der N\u00e4he - Stift Admont<\/title>\n<meta name=\"robots\" content=\"index, follow, max-snippet:-1, max-image-preview:large, max-video-preview:-1\" \/>\n<link rel=\"canonical\" href=\"https:\/\/stiftadmont.at\/fr\/centre-de-sante-dadmont\/medecin-specialiste-a-proximite\/\" \/>\n<meta property=\"og:locale\" content=\"fr_FR\" \/>\n<meta property=\"og:type\" content=\"article\" \/>\n<meta property=\"og:title\" content=\"Facharzt in der N\u00e4he\" \/>\n<meta property=\"og:url\" content=\"https:\/\/stiftadmont.at\/fr\/centre-de-sante-dadmont\/medecin-specialiste-a-proximite\/\" \/>\n<meta property=\"og:site_name\" content=\"Stift Admont\" \/>\n<meta property=\"article:modified_time\" content=\"2026-04-13T09:05:09+00:00\" \/>\n<meta property=\"og:image\" content=\"https:\/\/stiftadmont.at\/wp-content\/uploads\/Klosteranlage-innen.jpg\" \/>\n\t<meta property=\"og:image:width\" content=\"1912\" \/>\n\t<meta property=\"og:image:height\" content=\"1188\" \/>\n\t<meta property=\"og:image:type\" content=\"image\/jpeg\" \/>\n<meta name=\"twitter:card\" content=\"summary_large_image\" \/>\n<meta name=\"twitter:label1\" content=\"Dur\u00e9e de lecture estim\u00e9e\" \/>\n\t<meta name=\"twitter:data1\" content=\"1 minute\" \/>\n<script type=\"application\/ld+json\" class=\"yoast-schema-graph\">{\"@context\":\"https:\/\/schema.org\",\"@graph\":[{\"@type\":\"WebPage\",\"@id\":\"https:\/\/stiftadmont.at\/gesundheitszentrum-admont\/facharzt-in-der-naehe\/\",\"url\":\"https:\/\/stiftadmont.at\/gesundheitszentrum-admont\/facharzt-in-der-naehe\/\",\"name\":\"Facharzt in der N\u00e4he - Stift Admont\",\"isPartOf\":{\"@id\":\"https:\/\/stiftadmont.at\/#website\"},\"datePublished\":\"2024-03-06T11:08:52+00:00\",\"dateModified\":\"2026-04-13T09:05:09+00:00\",\"breadcrumb\":{\"@id\":\"https:\/\/stiftadmont.at\/gesundheitszentrum-admont\/facharzt-in-der-naehe\/#breadcrumb\"},\"inLanguage\":\"fr-FR\",\"potentialAction\":[{\"@type\":\"ReadAction\",\"target\":[\"https:\/\/stiftadmont.at\/gesundheitszentrum-admont\/facharzt-in-der-naehe\/\"]}]},{\"@type\":\"BreadcrumbList\",\"@id\":\"https:\/\/stiftadmont.at\/gesundheitszentrum-admont\/facharzt-in-der-naehe\/#breadcrumb\",\"itemListElement\":[{\"@type\":\"ListItem\",\"position\":1,\"name\":\"Start\",\"item\":\"https:\/\/stiftadmont.at\/\"},{\"@type\":\"ListItem\",\"position\":2,\"name\":\"Gesundheitszentrum Admont\",\"item\":\"https:\/\/stiftadmont.at\/gesundheitszentrum-admont\/\"},{\"@type\":\"ListItem\",\"position\":3,\"name\":\"Facharzt in der N\u00e4he\"}]},{\"@type\":\"WebSite\",\"@id\":\"https:\/\/stiftadmont.at\/#website\",\"url\":\"https:\/\/stiftadmont.at\/\",\"name\":\"Stift Admont\",\"description\":\"Benediktinerkloster und Sehensw\u00fcrdigkeit im Ges\u00e4use\",\"potentialAction\":[{\"@type\":\"SearchAction\",\"target\":{\"@type\":\"EntryPoint\",\"urlTemplate\":\"https:\/\/stiftadmont.at\/?s={search_term_string}\"},\"query-input\":{\"@type\":\"PropertyValueSpecification\",\"valueRequired\":true,\"valueName\":\"search_term_string\"}}],\"inLanguage\":\"fr-FR\"}]}<\/script>\n<!-- \/ Yoast SEO Premium plugin. -->","yoast_head_json":{"title":"M\u00e9decin sp\u00e9cialiste \u00e0 proximit\u00e9 - Stift Admont","robots":{"index":"index","follow":"follow","max-snippet":"max-snippet:-1","max-image-preview":"max-image-preview:large","max-video-preview":"max-video-preview:-1"},"canonical":"https:\/\/stiftadmont.at\/fr\/centre-de-sante-dadmont\/medecin-specialiste-a-proximite\/","og_locale":"fr_FR","og_type":"article","og_title":"Facharzt in der N\u00e4he","og_url":"https:\/\/stiftadmont.at\/fr\/centre-de-sante-dadmont\/medecin-specialiste-a-proximite\/","og_site_name":"Stift Admont","article_modified_time":"2026-04-13T09:05:09+00:00","og_image":[{"width":1912,"height":1188,"url":"https:\/\/stiftadmont.at\/wp-content\/uploads\/Klosteranlage-innen.jpg","type":"image\/jpeg"}],"twitter_card":"summary_large_image","twitter_misc":{"Dur\u00e9e de lecture estim\u00e9e":"1 minute"},"schema":{"@context":"https:\/\/schema.org","@graph":[{"@type":"WebPage","@id":"https:\/\/stiftadmont.at\/gesundheitszentrum-admont\/facharzt-in-der-naehe\/","url":"https:\/\/stiftadmont.at\/gesundheitszentrum-admont\/facharzt-in-der-naehe\/","name":"M\u00e9decin sp\u00e9cialiste \u00e0 proximit\u00e9 - Stift Admont","isPartOf":{"@id":"https:\/\/stiftadmont.at\/#website"},"datePublished":"2024-03-06T11:08:52+00:00","dateModified":"2026-04-13T09:05:09+00:00","breadcrumb":{"@id":"https:\/\/stiftadmont.at\/gesundheitszentrum-admont\/facharzt-in-der-naehe\/#breadcrumb"},"inLanguage":"fr-FR","potentialAction":[{"@type":"ReadAction","target":["https:\/\/stiftadmont.at\/gesundheitszentrum-admont\/facharzt-in-der-naehe\/"]}]},{"@type":"BreadcrumbList","@id":"https:\/\/stiftadmont.at\/gesundheitszentrum-admont\/facharzt-in-der-naehe\/#breadcrumb","itemListElement":[{"@type":"ListItem","position":1,"name":"Start","item":"https:\/\/stiftadmont.at\/"},{"@type":"ListItem","position":2,"name":"Gesundheitszentrum Admont","item":"https:\/\/stiftadmont.at\/gesundheitszentrum-admont\/"},{"@type":"ListItem","position":3,"name":"Facharzt in der N\u00e4he"}]},{"@type":"WebSite","@id":"https:\/\/stiftadmont.at\/#website","url":"https:\/\/stiftadmont.at\/","name":"Abbaye d'Admont","description":"Monast\u00e8re b\u00e9n\u00e9dictin et attraction touristique dans le Ges\u00e4use","potentialAction":[{"@type":"SearchAction","target":{"@type":"EntryPoint","urlTemplate":"https:\/\/stiftadmont.at\/?s={search_term_string}"},"query-input":{"@type":"PropertyValueSpecification","valueRequired":true,"valueName":"search_term_string"}}],"inLanguage":"fr-FR"}]}},"_links":{"self":[{"href":"https:\/\/stiftadmont.at\/fr\/wp-json\/wp\/v2\/pages\/27129","targetHints":{"allow":["GET"]}}],"collection":[{"href":"https:\/\/stiftadmont.at\/fr\/wp-json\/wp\/v2\/pages"}],"about":[{"href":"https:\/\/stiftadmont.at\/fr\/wp-json\/wp\/v2\/types\/page"}],"author":[{"embeddable":true,"href":"https:\/\/stiftadmont.at\/fr\/wp-json\/wp\/v2\/users\/7"}],"replies":[{"embeddable":true,"href":"https:\/\/stiftadmont.at\/fr\/wp-json\/wp\/v2\/comments?post=27129"}],"version-history":[{"count":13,"href":"https:\/\/stiftadmont.at\/fr\/wp-json\/wp\/v2\/pages\/27129\/revisions"}],"predecessor-version":[{"id":40924,"href":"https:\/\/stiftadmont.at\/fr\/wp-json\/wp\/v2\/pages\/27129\/revisions\/40924"}],"up":[{"embeddable":true,"href":"https:\/\/stiftadmont.at\/fr\/wp-json\/wp\/v2\/pages\/545"}],"wp:attachment":[{"href":"https:\/\/stiftadmont.at\/fr\/wp-json\/wp\/v2\/media?parent=27129"}],"wp:term":[{"taxonomy":"category","embeddable":true,"href":"https:\/\/stiftadmont.at\/fr\/wp-json\/wp\/v2\/categories?post=27129"}],"curies":[{"name":"wp","href":"https:\/\/api.w.org\/{rel}","templated":true}]}}