{"id":27272,"date":"2024-03-20T13:04:45","date_gmt":"2024-03-20T11:04:45","guid":{"rendered":"https:\/\/stiftadmont.at\/?page_id=27272"},"modified":"2025-02-05T11:57:59","modified_gmt":"2025-02-05T09:57:59","slug":"sponsors-exclusifs","status":"publish","type":"page","link":"https:\/\/stiftadmont.at\/fr\/950-jahre-stift-admont\/exklusivsponsoren\/","title":{"rendered":"Sponsors exclusifs"},"content":{"rendered":"<section id='lightpress__section--block_fa507713c3502512717a9305baf2dbf0' class='lightpress__section--default-section-space lightpress__section lightpress__section--content'><div class=\"content__inner\"\n         x-init=\"initContentBlockAnim($el)\">\n        \n    <div class=\"content__grid content__grid--forty-sixty\">\n                                            <div class=\"content__box content__box\"\n                 style=\"\">\n                                \n                \n                                            <div class=\"prose\"><h5 class=\"heading-m line line-above line--gold\">Grazer Wechselseitige Versicherung AG<\/h5>\n<p>\u00a0<\/p>\n<p><strong>Un partenariat pour la tradition et l'avenir :<\/strong><br \/><strong>Grazer Wechselseitige Versicherung AG f\u00e9licite l'abbaye d'Admont \u00e0 l'occasion de son 950e anniversaire<\/strong><\/p>\n<p>\u00a0<\/p>\n<p>Depuis de nombreuses ann\u00e9es, Grazer Wechselseitige Versicherung AG est un fier partenaire de l'abbaye d'Admont et, au nom de notre entreprise, je la f\u00e9licite chaleureusement pour son 950e anniversaire !<\/p>\n<p>\"C'est dans la concorde entre plusieurs que r\u00e9side la force qui produit le bien. Contribuer \u00e0 cela est le devoir de chacun\". Cette citation est de l'archiduc Johann, qui a fond\u00e9 GRAWE en 1828 et qui nous inspire encore aujourd'hui en tant qu'entreprise.<\/p>\n<p>\u00a0<\/p>\n<p>L'abbaye d'Admont est un joyau historique de la Styrie, qui allie un riche pass\u00e9 \u00e0 un avenir prometteur. En collaboration avec l'abbaye d'Admont et d'autres soutiens, nous nous effor\u00e7ons de pr\u00e9server l'h\u00e9ritage culturel pour les g\u00e9n\u00e9rations futures.<\/p>\n<p>\u00a0<\/p>\n<p>L'abbaye d'Admont est plus qu'un lieu d'histoire. Il est une source d'inspiration et abrite des tr\u00e9sors qui conservent le savoir et la sagesse des temps pass\u00e9s. En tant qu'entreprise engag\u00e9e dans l'innovation sans pour autant n\u00e9gliger ses racines traditionnelles, c'est un honneur pour nous de contribuer \u00e0 la pr\u00e9servation de l'h\u00e9ritage de l'abbaye d'Admont.<\/p>\n<p>\u00a0<\/p>\n<p>Notre partenariat avec l'abbaye d'Admont est empreint de confiance et de valeurs communes. Nous croyons que l'alliance de la tradition et de l'innovation est la cl\u00e9 d'un avenir prosp\u00e8re. Par notre soutien, nous souhaitons non seulement honorer le jubil\u00e9, mais aussi renforcer la mission de l'abbaye, qui est de pr\u00e9server le pass\u00e9 et de fa\u00e7onner l'avenir.<\/p>\n<p>\u00a0<\/p>\n<p>Nous vous f\u00e9licitons pour cet anniversaire et vous souhaitons un avenir plein de succ\u00e8s !<\/p>\n<p>\u00a0<\/p>\n<p><em><strong>Directeur g\u00e9n\u00e9ral Mag. Klaus Scheitegel<br \/><\/strong><\/em>Grazer Wechselseitige Versicherung AG<\/p>\n<p>\u00a0<\/p>\n<p><img decoding=\"async\" src=\"https:\/\/stiftadmont.at\/wp-content\/uploads\/GRAWE_Logo_2021_100-30-80-0-1.png\" width=\"150px\" \/><\/p>\n<\/div>\n                    \n                            <\/div>\n        \n                                                    <div class=\"content__box content__box--2\"\n                     >\n                                        \n                    \n                                                <div class=\"content__media stickyTo\" x-init=\"imageSticky($el)\">\n\n                                                                                    <picture\n                                    class=\"content__image sticky\">\n                                <source srcset=\"https:\/\/stiftadmont.at\/wp-content\/uploads\/GD_Mag._Klaus_Scheitegel__c__Ralph_Koenig-683x1024.webp\" type=\"image\/webp\">\n                                <source srcset=\"https:\/\/stiftadmont.at\/wp-content\/uploads\/GD_Mag._Klaus_Scheitegel__c__Ralph_Koenig-683x1024.jpg\" type=\"image\/jpeg\">\n                                <img decoding=\"async\" class=\"sticky\" loading=\"lazy\" src=\"https:\/\/stiftadmont.at\/wp-content\/uploads\/GD_Mag._Klaus_Scheitegel__c__Ralph_Koenig-683x1024.jpg\" alt=\"DG Klaus Scheitegel c Ralph Koenig\" \/>\n\n                                                                                                                            <\/picture>\n\n                        <\/div>\n\n                                    <\/div>\n            \n            <\/div>\n<\/div>\n\n<\/section>\n\n<section id='lightpress__section--block_c976f603e3df09c1394705c78da63378' class='lightpress__section--default-section-space lightpress__section lightpress__section--content'><div class=\"content__inner\"\n         x-init=\"initContentBlockAnim($el)\">\n        \n    <div class=\"content__grid content__grid--forty-sixty\">\n                                            <div class=\"content__box content__box\"\n                 style=\"\">\n                                \n                \n                                        <div class=\"content__media stickyTo\" x-init=\"imageSticky($el)\">\n\n                                                                                                <picture\n                                class=\"content__image sticky\">\n                            <source srcset=\"https:\/\/stiftadmont.at\/wp-content\/uploads\/Raiffeisen-Landesbank-Steiermark-Martin-Schaller-731x1024.jpg\"\n                                    type=\"image\/webp\">\n                            <source srcset=\"https:\/\/stiftadmont.at\/wp-content\/uploads\/Raiffeisen-Landesbank-Steiermark-Martin-Schaller-731x1024.jpg\"\n                                    type=\"image\/jpeg\">\n                            <img decoding=\"async\" loading=\"lazy\"\n                                 src=\"https:\/\/stiftadmont.at\/wp-content\/uploads\/Raiffeisen-Landesbank-Steiermark-Martin-Schaller-731x1024.jpg\"\n                                 alt=\"Raiffeisen Landesbank Steiermark Martin Schaller\" width=\"600\" height=\"450\">\n                                                                                                            <\/picture>\n\n                    <\/div>\n\n                            <\/div>\n        \n                                                    <div class=\"content__box content__box--2\"\n                     >\n                                        \n                    \n                                                    <div class=\"prose\"><h5 class=\"heading-m line line-above line--gold\">Banque r\u00e9gionale Raiffeisen de Styrie<\/h5>\n<p>\u00a0<\/p>\n<p class=\"paragraph-m\"><strong>Au nom de l'ensemble du groupe bancaire Raiffeisen, je tiens \u00e0 f\u00e9liciter tr\u00e8s chaleureusement le remarquable 950e anniversaire de l'abbaye d'Admont !<\/strong><\/p>\n<p>\u00a0<\/p>\n<p class=\"paragraph-m\">Cette histoire, qui s'\u00e9tend sur plusieurs si\u00e8cles, est empreinte de valeurs telles que la tradition, la communaut\u00e9 et le savoir et m\u00e9rite notre plus grande reconnaissance. L'abbaye d'Admont ne joue pas seulement un r\u00f4le \u00e9conomique important dans la r\u00e9gion, par exemple en tant qu'employeur ou moteur du d\u00e9veloppement local. C'est un lieu de foi et d'\u00e9ducation et - ne l'oublions pas - un centre vivant de culture et de rencontres.<\/p>\n<p>\u00a0<\/p>\n<p class=\"paragraph-m\">En tant que partenaire de longue date de l'abbaye, nous sommes donc sinc\u00e8rement heureux de faire partie des festivit\u00e9s \u00e0 venir. Nos liens de longue date reposent sur une vision commune. Une vision bas\u00e9e sur la solidarit\u00e9, le respect mutuel, l'engagement pour la r\u00e9gion et la recherche d'un avenir prometteur. Une vision qui refl\u00e8te nos valeurs Raiffeisen de proximit\u00e9, de r\u00e9gionalisme et de progr\u00e8s dans l'esprit de la communaut\u00e9. Ensemble, mais chacun \u00e0 notre mani\u00e8re, nous travaillons \u00e0 la construction d'un avenir o\u00f9 tradition et innovation vont de pair et contribuent \u00e0 renforcer et \u00e0 enrichir notre soci\u00e9t\u00e9.<\/p>\n<p>\u00a0<\/p>\n<p class=\"paragraph-m\">Ainsi, notre partenariat perdurera au-del\u00e0 de cette ann\u00e9e d'anniversaire et continuera \u00e0 constituer la base stable de l'estime, du soutien mutuel et de la durabilit\u00e9.<\/p>\n<p>\u00a0<\/p>\n<p class=\"paragraph-m\">Toutes nos f\u00e9licitations pour ce jubil\u00e9 et nos meilleurs v\u0153ux pour l'avenir !<\/p>\n<p>\u00a0<\/p>\n<p class=\"paragraph-m\"><em><strong>KR MMag. Martin Schaller<\/strong><\/em><br \/>Directeur g\u00e9n\u00e9ral de la Raiffeisen-Landesbank Steiermark<\/p>\n<p>\u00a0<\/p>\n<p><img decoding=\"async\" src=\"https:\/\/stiftadmont.at\/wp-content\/uploads\/Giebelkreuz_gelb.png\" width=\"50px\" \/><\/p>\n<\/div>\n                        \n                                    <\/div>\n            \n            <\/div>\n<\/div>\n\n<\/section>","protected":false},"excerpt":{"rendered":"","protected":false},"author":7,"featured_media":0,"parent":22541,"menu_order":1,"comment_status":"closed","ping_status":"closed","template":"","meta":{"_acf_changed":false,"footnotes":""},"categories":[],"class_list":["post-27272","page","type-page","status-publish","hentry"],"acf":[],"yoast_head":"<!-- This site is optimized with the Yoast SEO Premium plugin v26.0 (Yoast SEO v26.8) - https:\/\/yoast.com\/product\/yoast-seo-premium-wordpress\/ -->\n<title>Exklusivsponsoren - Stift Admont<\/title>\n<meta name=\"robots\" content=\"index, follow, max-snippet:-1, max-image-preview:large, max-video-preview:-1\" \/>\n<link rel=\"canonical\" href=\"https:\/\/stiftadmont.at\/fr\/950-ans-de-labbaye-dadmont\/sponsors-exclusifs\/\" \/>\n<meta property=\"og:locale\" content=\"fr_FR\" \/>\n<meta property=\"og:type\" content=\"article\" \/>\n<meta property=\"og:title\" content=\"Exklusivsponsoren\" \/>\n<meta property=\"og:url\" content=\"https:\/\/stiftadmont.at\/fr\/950-ans-de-labbaye-dadmont\/sponsors-exclusifs\/\" \/>\n<meta property=\"og:site_name\" content=\"Stift Admont\" \/>\n<meta property=\"article:modified_time\" content=\"2025-02-05T09:57:59+00:00\" \/>\n<meta property=\"og:image\" content=\"https:\/\/stiftadmont.at\/wp-content\/uploads\/Klosteranlage-innen.jpg\" \/>\n\t<meta property=\"og:image:width\" content=\"1912\" \/>\n\t<meta property=\"og:image:height\" content=\"1188\" \/>\n\t<meta property=\"og:image:type\" content=\"image\/jpeg\" \/>\n<meta name=\"twitter:card\" content=\"summary_large_image\" \/>\n<script type=\"application\/ld+json\" class=\"yoast-schema-graph\">{\"@context\":\"https:\/\/schema.org\",\"@graph\":[{\"@type\":\"WebPage\",\"@id\":\"https:\/\/stiftadmont.at\/950-jahre-stift-admont\/exklusivsponsoren\/\",\"url\":\"https:\/\/stiftadmont.at\/950-jahre-stift-admont\/exklusivsponsoren\/\",\"name\":\"Exklusivsponsoren - Stift Admont\",\"isPartOf\":{\"@id\":\"https:\/\/stiftadmont.at\/#website\"},\"datePublished\":\"2024-03-20T11:04:45+00:00\",\"dateModified\":\"2025-02-05T09:57:59+00:00\",\"breadcrumb\":{\"@id\":\"https:\/\/stiftadmont.at\/950-jahre-stift-admont\/exklusivsponsoren\/#breadcrumb\"},\"inLanguage\":\"fr-FR\",\"potentialAction\":[{\"@type\":\"ReadAction\",\"target\":[\"https:\/\/stiftadmont.at\/950-jahre-stift-admont\/exklusivsponsoren\/\"]}]},{\"@type\":\"BreadcrumbList\",\"@id\":\"https:\/\/stiftadmont.at\/950-jahre-stift-admont\/exklusivsponsoren\/#breadcrumb\",\"itemListElement\":[{\"@type\":\"ListItem\",\"position\":1,\"name\":\"Start\",\"item\":\"https:\/\/stiftadmont.at\/\"},{\"@type\":\"ListItem\",\"position\":2,\"name\":\"950 Jahre Stift Admont\",\"item\":\"https:\/\/stiftadmont.at\/950-jahre-stift-admont\/\"},{\"@type\":\"ListItem\",\"position\":3,\"name\":\"Exklusivsponsoren\"}]},{\"@type\":\"WebSite\",\"@id\":\"https:\/\/stiftadmont.at\/#website\",\"url\":\"https:\/\/stiftadmont.at\/\",\"name\":\"Stift Admont\",\"description\":\"Benediktinerkloster und Sehensw\u00fcrdigkeit im Ges\u00e4use\",\"potentialAction\":[{\"@type\":\"SearchAction\",\"target\":{\"@type\":\"EntryPoint\",\"urlTemplate\":\"https:\/\/stiftadmont.at\/?s={search_term_string}\"},\"query-input\":{\"@type\":\"PropertyValueSpecification\",\"valueRequired\":true,\"valueName\":\"search_term_string\"}}],\"inLanguage\":\"fr-FR\"}]}<\/script>\n<!-- \/ Yoast SEO Premium plugin. -->","yoast_head_json":{"title":"Sponsors exclusifs - Stift Admont","robots":{"index":"index","follow":"follow","max-snippet":"max-snippet:-1","max-image-preview":"max-image-preview:large","max-video-preview":"max-video-preview:-1"},"canonical":"https:\/\/stiftadmont.at\/fr\/950-ans-de-labbaye-dadmont\/sponsors-exclusifs\/","og_locale":"fr_FR","og_type":"article","og_title":"Exklusivsponsoren","og_url":"https:\/\/stiftadmont.at\/fr\/950-ans-de-labbaye-dadmont\/sponsors-exclusifs\/","og_site_name":"Stift Admont","article_modified_time":"2025-02-05T09:57:59+00:00","og_image":[{"width":1912,"height":1188,"url":"https:\/\/stiftadmont.at\/wp-content\/uploads\/Klosteranlage-innen.jpg","type":"image\/jpeg"}],"twitter_card":"summary_large_image","schema":{"@context":"https:\/\/schema.org","@graph":[{"@type":"WebPage","@id":"https:\/\/stiftadmont.at\/950-jahre-stift-admont\/exklusivsponsoren\/","url":"https:\/\/stiftadmont.at\/950-jahre-stift-admont\/exklusivsponsoren\/","name":"Sponsors exclusifs - Stift Admont","isPartOf":{"@id":"https:\/\/stiftadmont.at\/#website"},"datePublished":"2024-03-20T11:04:45+00:00","dateModified":"2025-02-05T09:57:59+00:00","breadcrumb":{"@id":"https:\/\/stiftadmont.at\/950-jahre-stift-admont\/exklusivsponsoren\/#breadcrumb"},"inLanguage":"fr-FR","potentialAction":[{"@type":"ReadAction","target":["https:\/\/stiftadmont.at\/950-jahre-stift-admont\/exklusivsponsoren\/"]}]},{"@type":"BreadcrumbList","@id":"https:\/\/stiftadmont.at\/950-jahre-stift-admont\/exklusivsponsoren\/#breadcrumb","itemListElement":[{"@type":"ListItem","position":1,"name":"Start","item":"https:\/\/stiftadmont.at\/"},{"@type":"ListItem","position":2,"name":"950 Jahre Stift Admont","item":"https:\/\/stiftadmont.at\/950-jahre-stift-admont\/"},{"@type":"ListItem","position":3,"name":"Exklusivsponsoren"}]},{"@type":"WebSite","@id":"https:\/\/stiftadmont.at\/#website","url":"https:\/\/stiftadmont.at\/","name":"Abbaye d'Admont","description":"Monast\u00e8re b\u00e9n\u00e9dictin et attraction touristique dans le Ges\u00e4use","potentialAction":[{"@type":"SearchAction","target":{"@type":"EntryPoint","urlTemplate":"https:\/\/stiftadmont.at\/?s={search_term_string}"},"query-input":{"@type":"PropertyValueSpecification","valueRequired":true,"valueName":"search_term_string"}}],"inLanguage":"fr-FR"}]}},"_links":{"self":[{"href":"https:\/\/stiftadmont.at\/fr\/wp-json\/wp\/v2\/pages\/27272","targetHints":{"allow":["GET"]}}],"collection":[{"href":"https:\/\/stiftadmont.at\/fr\/wp-json\/wp\/v2\/pages"}],"about":[{"href":"https:\/\/stiftadmont.at\/fr\/wp-json\/wp\/v2\/types\/page"}],"author":[{"embeddable":true,"href":"https:\/\/stiftadmont.at\/fr\/wp-json\/wp\/v2\/users\/7"}],"replies":[{"embeddable":true,"href":"https:\/\/stiftadmont.at\/fr\/wp-json\/wp\/v2\/comments?post=27272"}],"version-history":[{"count":20,"href":"https:\/\/stiftadmont.at\/fr\/wp-json\/wp\/v2\/pages\/27272\/revisions"}],"predecessor-version":[{"id":32676,"href":"https:\/\/stiftadmont.at\/fr\/wp-json\/wp\/v2\/pages\/27272\/revisions\/32676"}],"up":[{"embeddable":true,"href":"https:\/\/stiftadmont.at\/fr\/wp-json\/wp\/v2\/pages\/22541"}],"wp:attachment":[{"href":"https:\/\/stiftadmont.at\/fr\/wp-json\/wp\/v2\/media?parent=27272"}],"wp:term":[{"taxonomy":"category","embeddable":true,"href":"https:\/\/stiftadmont.at\/fr\/wp-json\/wp\/v2\/categories?post=27272"}],"curies":[{"name":"wp","href":"https:\/\/api.w.org\/{rel}","templated":true}]}}