{"id":29052,"date":"2024-07-04T07:53:39","date_gmt":"2024-07-04T05:53:39","guid":{"rendered":"https:\/\/stiftadmont.at\/?page_id=29052"},"modified":"2024-10-30T18:59:12","modified_gmt":"2024-10-30T16:59:12","slug":"prix-dentree-2024","status":"publish","type":"page","link":"https:\/\/stiftadmont.at\/fr\/eintrittspreise-2024\/","title":{"rendered":"Prix d'entr\u00e9e 2024"},"content":{"rendered":"<section id='lightpress__section--block_321d00c6d9dacc765e72031187b27766' class='lightpress__section--default-section-space lightpress__section lightpress__section--content'><div class=\"content__inner\"\n         x-init=\"initContentBlockAnim($el)\">\n        \n    <div class=\"content__grid content__grid\">\n                                            <div class=\"content__box content__box--one-hundred\"\n                 style=\"\">\n                                \n                \n                                            <div class=\"prose\"><h3 class=\"heading-xl line line--gold text-left\">Prix d'entr\u00e9e 2024<\/h3>\n<\/div>\n                    \n                            <\/div>\n        \n            <\/div>\n<\/div>\n\n<\/section>\n\n<section id='lightpress__section--block_5dfc4dfa34b0017101f5a58e38984dd0' class='lightpress__section lightpress__section--museum-prices'><div class=\"prices\" x-data=\"{ currentTab: 0 }\" x-init=\"initMuseumPricesBlockAnim($el)\">\n\n    <div class=\"prices__inner\">\n        <div class=\"prices__tabs\">\n            <button class=\"prices__tab\"\n                    @click=\"currentTab = 0\"\n                    :class=\"{ 'active': currentTab === 0 }\">\n      <span class=\"prices__icon-wrapper\">\n        <i class=\"fal fa-user prices__icon\"><\/i>\n      <\/span>\n                <span class=\"prices__tab-title heading-m\">Billet individuel<\/span>\n                <span class=\"prices__tab-subtitle heading-s\">Visite de mus\u00e9es (sauf visite guid\u00e9e de la biblioth\u00e8que)<\/span>\n            <\/button>\n\n            <button class=\"prices__tab\" @click=\"currentTab = 1\" :class=\"{ 'active': currentTab === 1 }\">\n      <span class=\"prices__icon-wrapper\">\n        <i class=\"fal fa-users prices__icon\"><\/i>\n      <\/span>\n                <span class=\"prices__tab-title heading-m\">Billet de groupe<\/span>\n                <span class=\"prices__tab-subtitle heading-s\">\u00e0 partir de 15 participants minimum (visite guid\u00e9e de la biblioth\u00e8que non comprise)<\/span>\n            <\/button>\n\n            <button class=\"prices__tab\"\n                    @click=\"currentTab = 2\"\n                    :class=\"{ 'active': currentTab === 2 }\">\n      <span class=\"prices__icon-wrapper\">\n        <i class=\"fal fa-wrench prices__icon\"><\/i>\n      <\/span>\n                <span class=\"prices__tab-title heading-m\">Atelier du mus\u00e9e<\/span>\n                <span class=\"prices__tab-subtitle heading-s\">Dur\u00e9e environ 3-4 heures<\/span>\n            <\/button>\n        <\/div>\n\n        <div class=\"prices__content-wrapper\"\n             x-show=\"currentTab === 0\">\n            <p class=\"prices__content-subtitle\">Visite de mus\u00e9es (sauf visite guid\u00e9e de la biblioth\u00e8que)<\/p>\n            <table class=\"prices__content-table paragraph-m\">\n                                    <tr class=\"prices__row\">\n                        <td class=\"prices__price\">\u20ac 18.50<\/td>\n                        <td class=\"prices__label\">Adultes<\/td>\n                    <\/tr>\n                                    <tr class=\"prices__row\">\n                        <td class=\"prices__price\">\u20ac 17<\/td>\n                        <td class=\"prices__label\">Seniors<\/td>\n                    <\/tr>\n                                    <tr class=\"prices__row\">\n                        <td class=\"prices__price\">\u20ac 13.5<\/td>\n                        <td class=\"prices__label\">Enfants (6-15 ans), \u00e9coliers, \u00e9tudiants, personnes effectuant un service militaire ou civil (avec carte d'identit\u00e9) <\/td>\n                    <\/tr>\n                                    <tr class=\"prices__row\">\n                        <td class=\"prices__price\">\u20ac 14.50<\/td>\n                        <td class=\"prices__label\">Adultes ayant des besoins particuliers<\/td>\n                    <\/tr>\n                                    <tr class=\"prices__row\">\n                        <td class=\"prices__price\">\u20ac 11.50<\/td>\n                        <td class=\"prices__label\">Enfants\/\u00e9l\u00e8ves ayant des besoins particuliers<\/td>\n                    <\/tr>\n                                    <tr class=\"prices__row\">\n                        <td class=\"prices__price\">\u20ac 42<\/td>\n                        <td class=\"prices__label\">Carte famille (2 adultes + 2 enfants)<\/td>\n                    <\/tr>\n                                    <tr class=\"prices__row\">\n                        <td class=\"prices__price\">\u20ac 3<\/td>\n                        <td class=\"prices__label\">Visite guid\u00e9e de la biblioth\u00e8que (entr\u00e9e non comprise)<\/td>\n                    <\/tr>\n                                    <tr class=\"prices__row\">\n                        <td class=\"prices__price\">\u20ac 5<\/td>\n                        <td class=\"prices__label\">Visite guid\u00e9e du mus\u00e9e (par domaine, entr\u00e9e non comprise)<\/td>\n                    <\/tr>\n                                    <tr class=\"prices__row\">\n                        <td class=\"prices__price\">\u20ac 4<\/td>\n                        <td class=\"prices__label\">Audioguide biblioth\u00e8que &amp; mus\u00e9e<\/td>\n                    <\/tr>\n                            <\/table>\n                            <div class=\"prices__content-text prose pragraph-m\"><p class=\"paragraph-m\"><strong>Les visiteurs d'un jour peuvent suivre la visite guid\u00e9e de la plus grande biblioth\u00e8que de monast\u00e8re du monde <\/strong>(dur\u00e9e env. 40 min, langue allemande)\u00a0<strong>\u00e0 \u20ac 3,00 (entr\u00e9e non comprise) par personne<\/strong>\u00a0\u00e0 r\u00e9server \u00e0 l'avance. Tous les prix d'entr\u00e9e indiqu\u00e9s ne comprennent pas la visite guid\u00e9e de la biblioth\u00e8que.<\/p>\n<p class=\"paragraph-m\">La biblioth\u00e8que et tous les autres espaces mus\u00e9aux peuvent bien s\u00fbr \u00eatre visit\u00e9s sans guide.<\/p>\n<p class=\"paragraph-m\">Des audioguides sont disponibles en plusieurs langues.  Frais d'emprunt \u20ac 4,00 - disponible \u00e0 la caisse.<\/p>\n<p class=\"paragraph-m\">Visites guid\u00e9es de la biblioth\u00e8que \u00e0 11h00 et 14h00.<br \/>La r\u00e9servation de billets individuels n'est malheureusement pas possible !<\/p>\n<\/div>\n                    <\/div>\n\n        <div class=\"prices__content-wrapper\"\n             x-show=\"currentTab === 1\">\n            <p class=\"prices__content-subtitle\">\u00e0 partir de 15 participants minimum (visite guid\u00e9e de la biblioth\u00e8que non comprise)<\/p>\n            <table class=\"prices__content-table paragraph-m\">\n                                    <tr class=\"prices__row\">\n                        <td class=\"prices__price\">\u20ac 17.5<\/td>\n                        <td class=\"prices__label\">Adultes<\/td>\n                    <\/tr>\n                                    <tr class=\"prices__row\">\n                        <td class=\"prices__price\">\u20ac 16<\/td>\n                        <td class=\"prices__label\">Seniors<\/td>\n                    <\/tr>\n                                    <tr class=\"prices__row\">\n                        <td class=\"prices__price\">\u20ac 10.5<\/td>\n                        <td class=\"prices__label\">\u00c9l\u00e8ves, \u00e9tudiants<\/td>\n                    <\/tr>\n                            <\/table>\n                            <div class=\"prices__content-text prose pragraph-m\"><p class=\"paragraph-m\"><strong>Les groupes peuvent suivre la visite guid\u00e9e de la plus grande biblioth\u00e8que monastique du monde.\u00a0<\/strong>(dur\u00e9e env. 40 min, langue allemande)\u00a0<strong>\u00e0 \u20ac 2,00 (entr\u00e9e non comprise) par personne<\/strong>\u00a0\u00e0 r\u00e9server \u00e0 l'avance. Tous les prix d'entr\u00e9e indiqu\u00e9s ne comprennent pas la visite guid\u00e9e de la biblioth\u00e8que.<\/p>\n<p class=\"paragraph-m\"><strong>Suppl\u00e9ment pour une autre visite guid\u00e9e :<\/strong><br \/>4,00 \u20ac par personne et par espace mus\u00e9al :<\/p>\n<ul>\n<li class=\"paragraph-m\">Mus\u00e9e d'histoire naturelle<\/li>\n<li class=\"paragraph-m\">Mus\u00e9e d'histoire de l'art<\/li>\n<li class=\"paragraph-m\">Mus\u00e9e gothique<\/li>\n<li class=\"paragraph-m\">Mus\u00e9e d'art contemporain<\/li>\n<\/ul>\n<p class=\"paragraph-m\"><strong>Suppl\u00e9ment pour la visite guid\u00e9e de la coll\u00e9giale :<\/strong><br \/>7,00 \u20ac par personne<\/p>\n<p class=\"paragraph-m\"><strong>Billet combin\u00e9 visite guid\u00e9e de la biblioth\u00e8que et de la coll\u00e9giale ou de l'espace mus\u00e9al (entr\u00e9e non comprise)<\/strong><br \/>8,00 \u20ac par personne<\/p>\n<p class=\"paragraph-m\"><strong>Suppl\u00e9ment pour visite guid\u00e9e en dehors des heures d'ouverture habituelles :<br \/><\/strong>4,00 \u20ac par personne<\/p>\n<p class=\"paragraph-m\"><strong>R\u00e9servations de groupe :<br \/><\/strong>uniquement sur r\u00e9servation (allemand\/anglais) au\u00a0<a class=\"email\" href=\"mailto:museum@stiftadmont.at\"><span class=\"icon-outer\"><span class=\"email-icon\"><\/span><\/span>museum@stiftadmont.at<\/a><\/p>\n<\/div>\n                    <\/div>\n\n        <div class=\"prices__content-wrapper\"\n             x-show=\"currentTab === 2\">\n            <p class=\"prices__content-subtitle\">Dur\u00e9e environ 3-4 heures<\/p>\n            <table class=\"prices__content-table paragraph-m\">\n                                    <tr class=\"prices__row\">\n                        <td class=\"prices__price\">\u20ac 0<\/td>\n                        <td class=\"prices__label\">Atelier du mus\u00e9e Classes d'\u00e9cole<\/td>\n                    <\/tr>\n                                    <tr class=\"prices__row\">\n                        <td class=\"prices__price\">\u20ac 5<\/td>\n                        <td class=\"prices__label\">Atelier du mus\u00e9e Frais de mat\u00e9riel<\/td>\n                    <\/tr>\n                            <\/table>\n                            <div class=\"prices__content-text prose pragraph-m\"><p class=\"paragraph-m\"><strong>Atelier th\u00e9matique au choix\u00a0<\/strong>(dur\u00e9e totale : environ 3-4 heures)<br \/>min. 6 \u00e0 max. 10 personnes\/atelier<\/p>\n<p>\u00a0<\/p>\n<p><em>Avec le soutien de l'\u00c9tat f\u00e9d\u00e9ral, du Land et de l'Union europ\u00e9enne<\/em><\/p>\n<\/div>\n                    <\/div>\n    <\/div>\n<\/div><\/section>\n\n<section id='lightpress__section--block_796d787e420199a089e51800a77536c5' class='lightpress__section--default-section-space lightpress__section lightpress__section--content'><div class=\"content__inner\"\n         x-init=\"initContentBlockAnim($el)\">\n        \n    <div class=\"content__grid content__grid\">\n                                            <div class=\"content__box content__box--one-hundred\"\n                 style=\"margin-top: -5em;\">\n                                \n                \n                                            <div class=\"prose\"><p>Remarques et informations :<\/p>\n<div class=\"info info--info\">\n<p class=\"paragraph-m\"><strong>R\u00e9ductions et cartes de partenaires :<\/strong> Les r\u00e9ductions ne sont valables que sur pr\u00e9sentation d'une carte d'identit\u00e9 valide et sont disponibles uniquement \u00e0 la caisse du jour. Pour les groupes, une place gratuite est accord\u00e9e par 21e personne ainsi qu'au chauffeur de bus ou au guide.<br \/><strong>Visites sp\u00e9ciales :<\/strong> Les manifestations sp\u00e9ciales \"Biblioth\u00e8que de nuit\", la visite guid\u00e9e sp\u00e9ciale \"Histoires de pierre &amp; d'architecture\", ainsi que nos programmes pour enfants et pour les vacances ne sont accessibles que sur r\u00e9servation \u00e0 l'adresse suivante : museum@stiftadmont.at.<br \/><strong>Biblioth\u00e8que :<\/strong> Il est \u00e9galement possible de visiter la biblioth\u00e8que sans guide.<br \/><strong>Accessibilit\u00e9 :<\/strong> La biblioth\u00e8que et le mus\u00e9e sont accessibles aux personnes handicap\u00e9es.<\/p>\n<\/div>\n<div class=\"info info--info\">\n<p>Le billet d'entr\u00e9e est valable pour la journ\u00e9e achet\u00e9e.<br \/>Prix valables du 20 mars au 15 d\u00e9cembre 2024. Sous r\u00e9serve de modifications des prix et d'erreurs typographiques. Tous les prix sont en euros et par personne.<\/p>\n<\/div>\n<div class=\"info info--warn\">\n<p class=\"paragraph-m\"><strong>G\u00e9n\u00e9ralit\u00e9s :<\/strong> Il est interdit de fumer, de consommer de la nourriture et des boissons et de toucher les \u0153uvres d'art et les objets expos\u00e9s dans tous les locaux. Les visites guid\u00e9es sont exclusivement autoris\u00e9es par nos guides form\u00e9s. Les visites guid\u00e9es par des guides doivent \u00eatre annonc\u00e9es au pr\u00e9alable \u00e0 l'adresse museum@stiftadmont.at et autoris\u00e9es par \u00e9crit.<span style=\"font-size: 18px; color: var(--color-black);\"><\/span><\/p>\n<\/div>\n<div class=\"info info--warn\">\n<p class=\"paragraph-m\">Il est interdit d'emmener des animaux dans le mus\u00e9e (\u00e0 l'exception des chiens d'assistance certifi\u00e9s et mentionn\u00e9s sur la carte d'identit\u00e9 - afin de permettre une prise en charge optimale, nous demandons une inscription pr\u00e9alable, par t\u00e9l\u00e9phone au +43 (0) 3613\/2312-604 ou par \u00e9crit \u00e0 l'adresse museum@stiftadmont.at).\u00a0<\/p>\n<\/div>\n<\/div>\n                    \n                            <\/div>\n        \n            <\/div>\n<\/div>\n\n<\/section>\n\n<section id='lightpress__section--block_9e003a286ddf472ed78d0b08a9ef95a9' class='bg--beige lightpress__section--colored-bg lightpress__section--default-section-space lightpress__section lightpress__section--content'><div class=\"content__inner\"\n         x-init=\"initContentBlockAnim($el)\">\n        \n    <div class=\"content__grid content__grid\">\n                                            <div class=\"content__box content__box--one-hundred\"\n                 style=\"\">\n                                \n                \n                                            <div class=\"prose\"><h3 class=\"heading-xl line line--gold text-center\">Cela pourrait aussi vous int\u00e9resser<\/h3>\n<\/div>\n                    \n                            <\/div>\n        \n            <\/div>\n<\/div>\n\n    <div class=\"background__container background__container--beige\">\n    <\/div>\n\n<\/section>\n\n<section id='lightpress__section--block_972220035cf3647da425005580f816b7' class='lightpress__section--more-links--950 bg--beige lightpress__section--colored-bg lightpress__section--full-width lightpress__section--default-section-space lightpress__section lightpress__section--more-links'><div class=\"more\" x-init=\"initMoreLinksBlockAnim($el)\">\n            <style>\n            #lightpress__section--block_972220035cf3647da425005580f816b7 .more {\n                --entry-width: calc(100% \/ 4 - var(--grid-gap) * 4);\n                grid-template-columns: repeat(auto-fit, minmax(max(var(--entry-width),50rem), 1fr));\n            }\n        <\/style>\n    \n                    <a class=\"more__link\" href=\"\/fr\/musee\/\">\n            <div class=\"more__media\">\n                                    <picture class=\"more__image\">\n                        <source srcset=\"https:\/\/stiftadmont.at\/wp-content\/uploads\/Stift-Admont-KHM-Gotik-GWK-\u00a9-Michael-Braunsteiner-2-1024x683.webp\" type=\"image\/webp\">\n                        <source srcset=\"https:\/\/stiftadmont.at\/wp-content\/uploads\/Stift-Admont-KHM-Gotik-GWK-\u00a9-Michael-Braunsteiner-2-1024x683.jpg\" type=\"image\/jpeg\">\n                        <img decoding=\"async\" loading=\"lazy\" src=\"https:\/\/stiftadmont.at\/wp-content\/uploads\/Stift-Admont-KHM-Gotik-GWK-\u00a9-Michael-Braunsteiner-2-1024x683.jpg\" alt=\"Abbaye d&#039;Admont KHM Gothique GWK \u00a9 Michael Braunsteiner 2\" \/>\n                    <\/picture>\n                            <\/div>\n            <div class=\"more__content\">\n                <div class=\"more__title--container\">\n                                            \n                                                                            \n                        <p class=\"text-bold text-white text--serif text--26\">Mus\u00e9e<\/p>\n                                                            <\/div>\n                                    <div class=\"more__cta\">\n                        <i class=\"fa-thin fa-chevron-right\"><\/i>\n                    <\/div>\n                            <\/div>\n        <\/a>\n                    <a class=\"more__link\" href=\"\/fr\/eglise-collegiale\/\">\n            <div class=\"more__media\">\n                                    <picture class=\"more__image\">\n                        <source srcset=\"https:\/\/stiftadmont.at\/wp-content\/uploads\/00_StiftAdmont_Kirche\u00a9StefanLeitner-e1634723661194-1024x748.webp\" type=\"image\/webp\">\n                        <source srcset=\"https:\/\/stiftadmont.at\/wp-content\/uploads\/00_StiftAdmont_Kirche\u00a9StefanLeitner-e1634723661194-1024x748.jpg\" type=\"image\/jpeg\">\n                        <img decoding=\"async\" loading=\"lazy\" src=\"https:\/\/stiftadmont.at\/wp-content\/uploads\/00_StiftAdmont_Kirche\u00a9StefanLeitner-e1634723661194-1024x748.jpg\" alt=\"Abbaye d&#039;Admont \u00a9 Stefan Leitner\" \/>\n                    <\/picture>\n                            <\/div>\n            <div class=\"more__content\">\n                <div class=\"more__title--container\">\n                                            \n                                                                            \n                        <p class=\"text-bold text-white text--serif text--26\">Coll\u00e9giale<\/p>\n                                                            <\/div>\n                                    <div class=\"more__cta\">\n                        <i class=\"fa-thin fa-chevron-right\"><\/i>\n                    <\/div>\n                            <\/div>\n        <\/a>\n                    <a class=\"more__link\" href=\"\/fr\/a-propos-de-la-bibliotheque-du-monastere\/\">\n            <div class=\"more__media\">\n                                    <picture class=\"more__image\">\n                        <source srcset=\"https:\/\/stiftadmont.at\/wp-content\/uploads\/Bibliothek_hohe-Quali-1024x727.webp\" type=\"image\/webp\">\n                        <source srcset=\"https:\/\/stiftadmont.at\/wp-content\/uploads\/Bibliothek_hohe-Quali-1024x727.jpg\" type=\"image\/jpeg\">\n                        <img decoding=\"async\" loading=\"lazy\" src=\"https:\/\/stiftadmont.at\/wp-content\/uploads\/Bibliothek_hohe-Quali-1024x727.jpg\" alt=\"Abbaye d&#039;Admont - La plus grande biblioth\u00e8que monastique du monde \u00a9 Stefan Leitner\" \/>\n                    <\/picture>\n                            <\/div>\n            <div class=\"more__content\">\n                <div class=\"more__title--container\">\n                                            \n                                                                            \n                        <p class=\"text-bold text-white text--serif text--26\">Biblioth\u00e8que du monast\u00e8re<\/p>\n                                                            <\/div>\n                                    <div class=\"more__cta\">\n                        <i class=\"fa-thin fa-chevron-right\"><\/i>\n                    <\/div>\n                            <\/div>\n        <\/a>\n                    <a class=\"more__link\" href=\"\/fr\/installations-exterieures\/\">\n            <div class=\"more__media\">\n                                    <picture class=\"more__image\">\n                        <source srcset=\"https:\/\/stiftadmont.at\/wp-content\/uploads\/Rosarium-1-1024x681.webp\" type=\"image\/webp\">\n                        <source srcset=\"https:\/\/stiftadmont.at\/wp-content\/uploads\/Rosarium-1-1024x681.jpg\" type=\"image\/jpeg\">\n                        <img decoding=\"async\" loading=\"lazy\" src=\"https:\/\/stiftadmont.at\/wp-content\/uploads\/Rosarium-1-1024x681.jpg\" alt=\"Rosarium 1\" \/>\n                    <\/picture>\n                            <\/div>\n            <div class=\"more__content\">\n                <div class=\"more__title--container\">\n                                            \n                                                                            \n                        <p class=\"text-bold text-white text--serif text--26\">Am\u00e9nagements ext\u00e9rieurs<\/p>\n                                                            <\/div>\n                                    <div class=\"more__cta\">\n                        <i class=\"fa-thin fa-chevron-right\"><\/i>\n                    <\/div>\n                            <\/div>\n        <\/a>\n    \n<\/div>\n\n    <div class=\"background__container background__container--beige\">\n    <\/div>\n\n<\/section>","protected":false},"excerpt":{"rendered":"","protected":false},"author":20,"featured_media":0,"parent":0,"menu_order":5,"comment_status":"closed","ping_status":"closed","template":"","meta":{"_acf_changed":false,"footnotes":""},"categories":[],"class_list":["post-29052","page","type-page","status-publish","hentry"],"acf":[],"yoast_head":"<!-- This site is optimized with the Yoast SEO Premium plugin v26.0 (Yoast SEO v26.8) - https:\/\/yoast.com\/product\/yoast-seo-premium-wordpress\/ -->\n<title>Eintrittspreise 2024 - Stift Admont<\/title>\n<meta name=\"robots\" content=\"index, follow, max-snippet:-1, max-image-preview:large, max-video-preview:-1\" \/>\n<link rel=\"canonical\" href=\"https:\/\/stiftadmont.at\/fr\/prix-dentree-2024\/\" \/>\n<meta property=\"og:locale\" content=\"fr_FR\" \/>\n<meta property=\"og:type\" content=\"article\" \/>\n<meta property=\"og:title\" content=\"Eintrittspreise 2024\" \/>\n<meta property=\"og:url\" content=\"https:\/\/stiftadmont.at\/fr\/prix-dentree-2024\/\" \/>\n<meta property=\"og:site_name\" content=\"Stift Admont\" \/>\n<meta property=\"article:modified_time\" content=\"2024-10-30T16:59:12+00:00\" \/>\n<meta property=\"og:image\" content=\"https:\/\/stiftadmont.at\/wp-content\/uploads\/Klosteranlage-innen.jpg\" \/>\n\t<meta property=\"og:image:width\" content=\"1912\" \/>\n\t<meta property=\"og:image:height\" content=\"1188\" \/>\n\t<meta property=\"og:image:type\" content=\"image\/jpeg\" \/>\n<meta name=\"twitter:card\" content=\"summary_large_image\" \/>\n<script type=\"application\/ld+json\" class=\"yoast-schema-graph\">{\"@context\":\"https:\/\/schema.org\",\"@graph\":[{\"@type\":\"WebPage\",\"@id\":\"https:\/\/stiftadmont.at\/eintrittspreise-2024\/\",\"url\":\"https:\/\/stiftadmont.at\/eintrittspreise-2024\/\",\"name\":\"Eintrittspreise 2024 - Stift Admont\",\"isPartOf\":{\"@id\":\"https:\/\/stiftadmont.at\/#website\"},\"datePublished\":\"2024-07-04T05:53:39+00:00\",\"dateModified\":\"2024-10-30T16:59:12+00:00\",\"breadcrumb\":{\"@id\":\"https:\/\/stiftadmont.at\/eintrittspreise-2024\/#breadcrumb\"},\"inLanguage\":\"fr-FR\",\"potentialAction\":[{\"@type\":\"ReadAction\",\"target\":[\"https:\/\/stiftadmont.at\/eintrittspreise-2024\/\"]}]},{\"@type\":\"BreadcrumbList\",\"@id\":\"https:\/\/stiftadmont.at\/eintrittspreise-2024\/#breadcrumb\",\"itemListElement\":[{\"@type\":\"ListItem\",\"position\":1,\"name\":\"Start\",\"item\":\"https:\/\/stiftadmont.at\/\"},{\"@type\":\"ListItem\",\"position\":2,\"name\":\"Eintrittspreise 2024\"}]},{\"@type\":\"WebSite\",\"@id\":\"https:\/\/stiftadmont.at\/#website\",\"url\":\"https:\/\/stiftadmont.at\/\",\"name\":\"Stift Admont\",\"description\":\"Benediktinerkloster und Sehensw\u00fcrdigkeit im Ges\u00e4use\",\"potentialAction\":[{\"@type\":\"SearchAction\",\"target\":{\"@type\":\"EntryPoint\",\"urlTemplate\":\"https:\/\/stiftadmont.at\/?s={search_term_string}\"},\"query-input\":{\"@type\":\"PropertyValueSpecification\",\"valueRequired\":true,\"valueName\":\"search_term_string\"}}],\"inLanguage\":\"fr-FR\"}]}<\/script>\n<!-- \/ Yoast SEO Premium plugin. -->","yoast_head_json":{"title":"Prix d'entr\u00e9e 2024 - Stift Admont","robots":{"index":"index","follow":"follow","max-snippet":"max-snippet:-1","max-image-preview":"max-image-preview:large","max-video-preview":"max-video-preview:-1"},"canonical":"https:\/\/stiftadmont.at\/fr\/prix-dentree-2024\/","og_locale":"fr_FR","og_type":"article","og_title":"Eintrittspreise 2024","og_url":"https:\/\/stiftadmont.at\/fr\/prix-dentree-2024\/","og_site_name":"Stift Admont","article_modified_time":"2024-10-30T16:59:12+00:00","og_image":[{"width":1912,"height":1188,"url":"https:\/\/stiftadmont.at\/wp-content\/uploads\/Klosteranlage-innen.jpg","type":"image\/jpeg"}],"twitter_card":"summary_large_image","schema":{"@context":"https:\/\/schema.org","@graph":[{"@type":"WebPage","@id":"https:\/\/stiftadmont.at\/eintrittspreise-2024\/","url":"https:\/\/stiftadmont.at\/eintrittspreise-2024\/","name":"Prix d'entr\u00e9e 2024 - Stift Admont","isPartOf":{"@id":"https:\/\/stiftadmont.at\/#website"},"datePublished":"2024-07-04T05:53:39+00:00","dateModified":"2024-10-30T16:59:12+00:00","breadcrumb":{"@id":"https:\/\/stiftadmont.at\/eintrittspreise-2024\/#breadcrumb"},"inLanguage":"fr-FR","potentialAction":[{"@type":"ReadAction","target":["https:\/\/stiftadmont.at\/eintrittspreise-2024\/"]}]},{"@type":"BreadcrumbList","@id":"https:\/\/stiftadmont.at\/eintrittspreise-2024\/#breadcrumb","itemListElement":[{"@type":"ListItem","position":1,"name":"Start","item":"https:\/\/stiftadmont.at\/"},{"@type":"ListItem","position":2,"name":"Eintrittspreise 2024"}]},{"@type":"WebSite","@id":"https:\/\/stiftadmont.at\/#website","url":"https:\/\/stiftadmont.at\/","name":"Abbaye d'Admont","description":"Monast\u00e8re b\u00e9n\u00e9dictin et attraction touristique dans le Ges\u00e4use","potentialAction":[{"@type":"SearchAction","target":{"@type":"EntryPoint","urlTemplate":"https:\/\/stiftadmont.at\/?s={search_term_string}"},"query-input":{"@type":"PropertyValueSpecification","valueRequired":true,"valueName":"search_term_string"}}],"inLanguage":"fr-FR"}]}},"_links":{"self":[{"href":"https:\/\/stiftadmont.at\/fr\/wp-json\/wp\/v2\/pages\/29052","targetHints":{"allow":["GET"]}}],"collection":[{"href":"https:\/\/stiftadmont.at\/fr\/wp-json\/wp\/v2\/pages"}],"about":[{"href":"https:\/\/stiftadmont.at\/fr\/wp-json\/wp\/v2\/types\/page"}],"author":[{"embeddable":true,"href":"https:\/\/stiftadmont.at\/fr\/wp-json\/wp\/v2\/users\/20"}],"replies":[{"embeddable":true,"href":"https:\/\/stiftadmont.at\/fr\/wp-json\/wp\/v2\/comments?post=29052"}],"version-history":[{"count":9,"href":"https:\/\/stiftadmont.at\/fr\/wp-json\/wp\/v2\/pages\/29052\/revisions"}],"predecessor-version":[{"id":30926,"href":"https:\/\/stiftadmont.at\/fr\/wp-json\/wp\/v2\/pages\/29052\/revisions\/30926"}],"wp:attachment":[{"href":"https:\/\/stiftadmont.at\/fr\/wp-json\/wp\/v2\/media?parent=29052"}],"wp:term":[{"taxonomy":"category","embeddable":true,"href":"https:\/\/stiftadmont.at\/fr\/wp-json\/wp\/v2\/categories?post=29052"}],"curies":[{"name":"wp","href":"https:\/\/api.w.org\/{rel}","templated":true}]}}