{"id":29267,"date":"2024-07-15T08:17:11","date_gmt":"2024-07-15T06:17:11","guid":{"rendered":"https:\/\/stiftadmont.at\/?page_id=29267"},"modified":"2025-06-12T11:37:25","modified_gmt":"2025-06-12T09:37:25","slug":"maison-de-la-rencontre-2","status":"publish","type":"page","link":"https:\/\/stiftadmont.at\/fr\/haus-der-begegnung-2\/","title":{"rendered":"Maison de la rencontre"},"content":{"rendered":"<section id='lightpress__section--block_d7807027b64971b560812f0655351eec' class='align-center lightpress__section--default-section-space lightpress__section lightpress__section--headline'><div class=\"headline__container\">\n            <h2 class=\"headline text--40 text-medium line line--gold line-above line-middle\">Bienvenue <\/h2>\n        <p class=\"text-center text-gold text--20 text-medium text--uppercase\">Maison de la rencontre Graz<\/p>\n        <div class=\"spacer--40\"><\/div>\n<\/div>\n\n<\/section>\n\n<section id='lightpress__section--block_e5e7c2dd7430c419d58b68776d24aa61' class='lightpress__section--default-section-space lightpress__section lightpress__section--content'><div class=\"content__inner\"\n         x-init=\"initContentBlockAnim($el)\">\n        \n    <div class=\"content__grid content__grid\">\n                                            <div class=\"content__box content__box--one-hundred\"\n                 style=\"\">\n                                \n                \n                                            <div class=\"prose\"><p class=\"paragraph-m text-center\">Je suis heureux que vous ayez consult\u00e9 la page d'accueil de notre maison \u00e0 Graz et je vous salue cordialement. Je vous invite \u00e0 pr\u00e9sent \u00e0 d\u00e9couvrir notre centre de spiritualit\u00e9 b\u00e9n\u00e9dictine, marqu\u00e9 par le traditionnel \"Prie et travaille\". Cette maison a \u00e9t\u00e9 fond\u00e9e par notre monast\u00e8re b\u00e9n\u00e9dictin d'Admont afin de permettre un lieu de rencontre de notre communaut\u00e9 dans la capitale du Land.<\/p>\n<p class=\"paragraph-m text-center\">Se r\u00e9jouissent de cette rencontre<\/p>\n<p class=\"paragraph-m text-center\">\u00a0<\/p>\n<p class=\"paragraph-m text-center\"><strong>Abb\u00e9 Gerhard Hafner O.S.B.<\/strong><\/p>\n<p class=\"paragraph-m text-center\"><strong>et les b\u00e9n\u00e9dictins d'Admont<\/strong><\/p>\n<\/div>\n                    \n                            <\/div>\n        \n            <\/div>\n<\/div>\n\n<\/section>\n\n<section id='lightpress__section--block_4de1dc34ca79bec800d41d3b5924b4a1' class='lightpress__section--more-links--950 lightpress__section--full-width lightpress__section--default-section-space lightpress__section lightpress__section--more-links'><div class=\"more\" x-init=\"initMoreLinksBlockAnim($el)\">\n            <style>\n            #lightpress__section--block_4de1dc34ca79bec800d41d3b5924b4a1 .more {\n                --entry-width: calc(100% \/ 4 - var(--grid-gap) * 4);\n                grid-template-columns: repeat(auto-fit, minmax(max(var(--entry-width),50rem), 1fr));\n            }\n        <\/style>\n    \n                    <a class=\"more__link\" href=\"https:\/\/stiftadmont.at\/fr\/maison-de-la-rencontre-2\/maison-de-la-rencontre-2\/\">\n            <div class=\"more__media\">\n                                    <picture class=\"more__image\">\n                        <source srcset=\"https:\/\/stiftadmont.at\/wp-content\/uploads\/HdB6-1024x768.webp\" type=\"image\/webp\">\n                        <source srcset=\"https:\/\/stiftadmont.at\/wp-content\/uploads\/HdB6-1024x768.jpg\" type=\"image\/jpeg\">\n                        <img decoding=\"async\" loading=\"lazy\" src=\"https:\/\/stiftadmont.at\/wp-content\/uploads\/HdB6-1024x768.jpg\" alt=\"APPAREIL PHOTO NUM\u00c9RIQUE OLYMPUS\" \/>\n                    <\/picture>\n                            <\/div>\n            <div class=\"more__content\">\n                <div class=\"more__title--container\">\n                                            \n                                                                            \n                        <p class=\"text-bold text-white text--serif text--26\">Maison de la rencontre<\/p>\n                                                            <\/div>\n                                    <div class=\"more__cta\">\n                        <i class=\"fa-thin fa-chevron-right\"><\/i>\n                    <\/div>\n                            <\/div>\n        <\/a>\n                    <a class=\"more__link\" href=\"https:\/\/stiftadmont.at\/fr\/maison-de-la-rencontre-2\/la-piece-de-monnaie\/\">\n            <div class=\"more__media\">\n                                    <picture class=\"more__image\">\n                        <source srcset=\"https:\/\/stiftadmont.at\/wp-content\/uploads\/HdB-1024x768.webp\" type=\"image\/webp\">\n                        <source srcset=\"https:\/\/stiftadmont.at\/wp-content\/uploads\/HdB-1024x768.jpg\" type=\"image\/jpeg\">\n                        <img decoding=\"async\" loading=\"lazy\" src=\"https:\/\/stiftadmont.at\/wp-content\/uploads\/HdB-1024x768.jpg\" alt=\"APPAREIL PHOTO NUM\u00c9RIQUE OLYMPUS\" \/>\n                    <\/picture>\n                            <\/div>\n            <div class=\"more__content\">\n                <div class=\"more__title--container\">\n                                            \n                                                                            \n                        <p class=\"text-bold text-white text--serif text--26\">La pi\u00e8ce de monnaie<\/p>\n                                                            <\/div>\n                                    <div class=\"more__cta\">\n                        <i class=\"fa-thin fa-chevron-right\"><\/i>\n                    <\/div>\n                            <\/div>\n        <\/a>\n                    <a class=\"more__link\" href=\"https:\/\/stiftadmont.at\/fr\/domaine-viticole-dveri-pax\/\">\n            <div class=\"more__media\">\n                                    <picture class=\"more__image\">\n                        <source srcset=\"https:\/\/stiftadmont.at\/wp-content\/uploads\/17-Stimmungsbilder-DVERI-PAX-30-1024x682.webp\" type=\"image\/webp\">\n                        <source srcset=\"https:\/\/stiftadmont.at\/wp-content\/uploads\/17-Stimmungsbilder-DVERI-PAX-30-1024x682.jpg\" type=\"image\/jpeg\">\n                        <img decoding=\"async\" loading=\"lazy\" src=\"https:\/\/stiftadmont.at\/wp-content\/uploads\/17-Stimmungsbilder-DVERI-PAX-30-1024x682.jpg\" alt=\"17 Images d&#039;ambiance DVERI PAX 30\" \/>\n                    <\/picture>\n                            <\/div>\n            <div class=\"more__content\">\n                <div class=\"more__title--container\">\n                                            \n                                                                            \n                        <p class=\"text-bold text-white text--serif text--26\">DVERI PAX Vente de vin<\/p>\n                                                            <\/div>\n                                    <div class=\"more__cta\">\n                        <i class=\"fa-thin fa-chevron-right\"><\/i>\n                    <\/div>\n                            <\/div>\n        <\/a>\n    \n<\/div>\n\n<\/section>\n\n<section id='lightpress__section--block_6da4ffc3d611911e5b3df463e9307bb2' class='lightpress__section--default-section-space lightpress__section lightpress__section--content'><div class=\"content__inner\"\n         x-init=\"initContentBlockAnim($el)\">\n        \n    <div class=\"content__grid content__grid\">\n                                            <div class=\"content__box content__box--one-hundred\"\n                 style=\"margin-top: -7em;\">\n                                \n                \n                                            <div class=\"prose\"><h5 class=\"heading-m line line-above line--gold\">CONTACT<\/h5>\n<p>\u00a0<\/p>\n<p><strong>Adresse<\/strong>: Centre de rencontre de l'abbaye b\u00e9n\u00e9dictine d'Admont<\/p>\n<p>Association pour la promotion de la jeunesse \u00e9tudiante<\/p>\n<p>Johann-Fux-Gasse 16<\/p>\n<p>A-8010 Graz<\/p>\n<p>\u00a0<\/p>\n<p><strong>ZVR<\/strong>: 976339186<\/p>\n<p><strong>T\u00e9l<\/strong>.: +43 (0) 316\/325431-0<\/p>\n<p><strong>Courrier \u00e9lectronique : <\/strong>office@hausderbegegnung.or.at<\/p>\n<p><strong>Horaires d'ouverture : <\/strong>Du lundi au vendredi : 10h00 - 18h30<\/p>\n<\/div>\n                    \n                            <\/div>\n        \n            <\/div>\n<\/div>\n\n<\/section>","protected":false},"excerpt":{"rendered":"","protected":false},"author":19,"featured_media":0,"parent":0,"menu_order":13,"comment_status":"closed","ping_status":"closed","template":"","meta":{"_acf_changed":false,"footnotes":""},"categories":[],"class_list":["post-29267","page","type-page","status-publish","hentry"],"acf":[],"yoast_head":"<!-- This site is optimized with the Yoast SEO Premium plugin v26.0 (Yoast SEO v26.8) - https:\/\/yoast.com\/product\/yoast-seo-premium-wordpress\/ -->\n<title>Haus der Begegnung - Stift Admont<\/title>\n<meta name=\"description\" content=\"Dieses Haus ist von unserem Benediktinerstift Admont begr\u00fcndet worden, um eine St\u00e4tte der Begegnung in der Landeshauptstadt zu erm\u00f6glichen.\" \/>\n<meta name=\"robots\" content=\"index, follow, max-snippet:-1, max-image-preview:large, max-video-preview:-1\" \/>\n<link rel=\"canonical\" href=\"https:\/\/stiftadmont.at\/fr\/maison-de-la-rencontre-2\/\" \/>\n<meta property=\"og:locale\" content=\"fr_FR\" \/>\n<meta property=\"og:type\" content=\"article\" \/>\n<meta property=\"og:title\" content=\"Haus der Begegnung\" \/>\n<meta property=\"og:description\" content=\"Dieses Haus ist von unserem Benediktinerstift Admont begr\u00fcndet worden, um eine St\u00e4tte der Begegnung in der Landeshauptstadt zu erm\u00f6glichen.\" \/>\n<meta property=\"og:url\" content=\"https:\/\/stiftadmont.at\/fr\/maison-de-la-rencontre-2\/\" \/>\n<meta property=\"og:site_name\" content=\"Stift Admont\" \/>\n<meta property=\"article:modified_time\" content=\"2025-06-12T09:37:25+00:00\" \/>\n<meta property=\"og:image\" content=\"https:\/\/stiftadmont.at\/wp-content\/uploads\/Klosteranlage-innen.jpg\" \/>\n\t<meta property=\"og:image:width\" content=\"1912\" \/>\n\t<meta property=\"og:image:height\" content=\"1188\" \/>\n\t<meta property=\"og:image:type\" content=\"image\/jpeg\" \/>\n<meta name=\"twitter:card\" content=\"summary_large_image\" \/>\n<script type=\"application\/ld+json\" class=\"yoast-schema-graph\">{\"@context\":\"https:\/\/schema.org\",\"@graph\":[{\"@type\":\"WebPage\",\"@id\":\"https:\/\/stiftadmont.at\/haus-der-begegnung-2\/\",\"url\":\"https:\/\/stiftadmont.at\/haus-der-begegnung-2\/\",\"name\":\"Haus der Begegnung - Stift Admont\",\"isPartOf\":{\"@id\":\"https:\/\/stiftadmont.at\/#website\"},\"datePublished\":\"2024-07-15T06:17:11+00:00\",\"dateModified\":\"2025-06-12T09:37:25+00:00\",\"description\":\"Dieses Haus ist von unserem Benediktinerstift Admont begr\u00fcndet worden, um eine St\u00e4tte der Begegnung in der Landeshauptstadt zu erm\u00f6glichen.\",\"breadcrumb\":{\"@id\":\"https:\/\/stiftadmont.at\/haus-der-begegnung-2\/#breadcrumb\"},\"inLanguage\":\"fr-FR\",\"potentialAction\":[{\"@type\":\"ReadAction\",\"target\":[\"https:\/\/stiftadmont.at\/haus-der-begegnung-2\/\"]}]},{\"@type\":\"BreadcrumbList\",\"@id\":\"https:\/\/stiftadmont.at\/haus-der-begegnung-2\/#breadcrumb\",\"itemListElement\":[{\"@type\":\"ListItem\",\"position\":1,\"name\":\"Start\",\"item\":\"https:\/\/stiftadmont.at\/\"},{\"@type\":\"ListItem\",\"position\":2,\"name\":\"Haus der Begegnung\"}]},{\"@type\":\"WebSite\",\"@id\":\"https:\/\/stiftadmont.at\/#website\",\"url\":\"https:\/\/stiftadmont.at\/\",\"name\":\"Stift Admont\",\"description\":\"Benediktinerkloster und Sehensw\u00fcrdigkeit im Ges\u00e4use\",\"potentialAction\":[{\"@type\":\"SearchAction\",\"target\":{\"@type\":\"EntryPoint\",\"urlTemplate\":\"https:\/\/stiftadmont.at\/?s={search_term_string}\"},\"query-input\":{\"@type\":\"PropertyValueSpecification\",\"valueRequired\":true,\"valueName\":\"search_term_string\"}}],\"inLanguage\":\"fr-FR\"}]}<\/script>\n<!-- \/ Yoast SEO Premium plugin. -->","yoast_head_json":{"title":"Maison de la rencontre - Stift Admont","description":"Cette maison a \u00e9t\u00e9 fond\u00e9e par notre monast\u00e8re b\u00e9n\u00e9dictin d'Admont afin de permettre un lieu de rencontre dans la capitale r\u00e9gionale.","robots":{"index":"index","follow":"follow","max-snippet":"max-snippet:-1","max-image-preview":"max-image-preview:large","max-video-preview":"max-video-preview:-1"},"canonical":"https:\/\/stiftadmont.at\/fr\/maison-de-la-rencontre-2\/","og_locale":"fr_FR","og_type":"article","og_title":"Haus der Begegnung","og_description":"Dieses Haus ist von unserem Benediktinerstift Admont begr\u00fcndet worden, um eine St\u00e4tte der Begegnung in der Landeshauptstadt zu erm\u00f6glichen.","og_url":"https:\/\/stiftadmont.at\/fr\/maison-de-la-rencontre-2\/","og_site_name":"Stift Admont","article_modified_time":"2025-06-12T09:37:25+00:00","og_image":[{"width":1912,"height":1188,"url":"https:\/\/stiftadmont.at\/wp-content\/uploads\/Klosteranlage-innen.jpg","type":"image\/jpeg"}],"twitter_card":"summary_large_image","schema":{"@context":"https:\/\/schema.org","@graph":[{"@type":"WebPage","@id":"https:\/\/stiftadmont.at\/haus-der-begegnung-2\/","url":"https:\/\/stiftadmont.at\/haus-der-begegnung-2\/","name":"Maison de la rencontre - Stift Admont","isPartOf":{"@id":"https:\/\/stiftadmont.at\/#website"},"datePublished":"2024-07-15T06:17:11+00:00","dateModified":"2025-06-12T09:37:25+00:00","description":"Cette maison a \u00e9t\u00e9 fond\u00e9e par notre monast\u00e8re b\u00e9n\u00e9dictin d'Admont afin de permettre un lieu de rencontre dans la capitale r\u00e9gionale.","breadcrumb":{"@id":"https:\/\/stiftadmont.at\/haus-der-begegnung-2\/#breadcrumb"},"inLanguage":"fr-FR","potentialAction":[{"@type":"ReadAction","target":["https:\/\/stiftadmont.at\/haus-der-begegnung-2\/"]}]},{"@type":"BreadcrumbList","@id":"https:\/\/stiftadmont.at\/haus-der-begegnung-2\/#breadcrumb","itemListElement":[{"@type":"ListItem","position":1,"name":"Start","item":"https:\/\/stiftadmont.at\/"},{"@type":"ListItem","position":2,"name":"Haus der Begegnung"}]},{"@type":"WebSite","@id":"https:\/\/stiftadmont.at\/#website","url":"https:\/\/stiftadmont.at\/","name":"Abbaye d'Admont","description":"Monast\u00e8re b\u00e9n\u00e9dictin et attraction touristique dans le Ges\u00e4use","potentialAction":[{"@type":"SearchAction","target":{"@type":"EntryPoint","urlTemplate":"https:\/\/stiftadmont.at\/?s={search_term_string}"},"query-input":{"@type":"PropertyValueSpecification","valueRequired":true,"valueName":"search_term_string"}}],"inLanguage":"fr-FR"}]}},"_links":{"self":[{"href":"https:\/\/stiftadmont.at\/fr\/wp-json\/wp\/v2\/pages\/29267","targetHints":{"allow":["GET"]}}],"collection":[{"href":"https:\/\/stiftadmont.at\/fr\/wp-json\/wp\/v2\/pages"}],"about":[{"href":"https:\/\/stiftadmont.at\/fr\/wp-json\/wp\/v2\/types\/page"}],"author":[{"embeddable":true,"href":"https:\/\/stiftadmont.at\/fr\/wp-json\/wp\/v2\/users\/19"}],"replies":[{"embeddable":true,"href":"https:\/\/stiftadmont.at\/fr\/wp-json\/wp\/v2\/comments?post=29267"}],"version-history":[{"count":29,"href":"https:\/\/stiftadmont.at\/fr\/wp-json\/wp\/v2\/pages\/29267\/revisions"}],"predecessor-version":[{"id":32652,"href":"https:\/\/stiftadmont.at\/fr\/wp-json\/wp\/v2\/pages\/29267\/revisions\/32652"}],"wp:attachment":[{"href":"https:\/\/stiftadmont.at\/fr\/wp-json\/wp\/v2\/media?parent=29267"}],"wp:term":[{"taxonomy":"category","embeddable":true,"href":"https:\/\/stiftadmont.at\/fr\/wp-json\/wp\/v2\/categories?post=29267"}],"curies":[{"name":"wp","href":"https:\/\/api.w.org\/{rel}","templated":true}]}}