{"id":29291,"date":"2024-07-15T08:38:13","date_gmt":"2024-07-15T06:38:13","guid":{"rendered":"https:\/\/stiftadmont.at\/?page_id=29291"},"modified":"2025-02-04T11:30:17","modified_gmt":"2025-02-04T09:30:17","slug":"demandes-de-prieres","status":"publish","type":"page","link":"https:\/\/stiftadmont.at\/fr\/haus-der-begegnung-2\/spiritualitaet\/gebetsanliegen\/","title":{"rendered":"Sujets de pri\u00e8re"},"content":{"rendered":"<section id='lightpress__section--block_7339a02e9d7aa3246c7a8ba279884123' class='lightpress__section--default-section-space lightpress__section lightpress__section--content'><div class=\"content__inner\"\n         x-init=\"initContentBlockAnim($el)\">\n        \n    <div class=\"content__grid content__grid\">\n                                            <div class=\"content__box content__box--one-hundred\"\n                 style=\"\">\n                                \n                \n                                            <div class=\"prose\"><h5 class=\"heading-m line line-above line--gold\">Sujets de pri\u00e8re<\/h5>\n<p>\u00a0<\/p>\n<p class=\"paragraph-m\"><span style=\"color: #333333; font-family: 'Libre Franklin', 'Helvetica Neue', helvetica, arial, sans-serif; font-size: 16px; text-align: justify; background-color: #ffffff;\">Dans la pri\u00e8re, nous nous adressons \u00e0 Dieu avec confiance. L'adoration et la glorification, la louange et l'action de gr\u00e2ce, la plainte et la demande - tous ces \u00e9l\u00e9ments font partie de la pri\u00e8re communautaire et personnelle. Demandes de pri\u00e8re personnelles : Nous vous invitons \u00e0 nous envoyer vos intentions de pri\u00e8re.<\/span><br style=\"box-sizing: inherit; color: #333333; font-family: 'Libre Franklin', 'Helvetica Neue', helvetica, arial, sans-serif; font-size: 16px; text-align: justify; background-color: #ffffff;\" \/><span style=\"color: #333333; font-family: 'Libre Franklin', 'Helvetica Neue', helvetica, arial, sans-serif; font-size: 16px; text-align: justify; background-color: #ffffff;\">Qu'est-ce qui vous pr\u00e9occupe ? Qu'aimeriez-vous demander \u00e0 Dieu ? Qu'est-ce qui vous r\u00e9jouit ? Pour quoi souhaitez-vous remercier Dieu ? Vous pouvez \u00e9crire ici vos intentions de pri\u00e8re, vos soucis et vos besoins. Lors de certains services religieux, nous nous souviendrons de votre intention de pri\u00e8re.<\/span><\/p>\n<p>\u00a0<\/p>\n<p>\u00a0<\/p>\n<h5 class=\"heading-m line line-above line--gold\">Contact<\/h5>\n<p>\u00a0<\/p>\n<p><strong>Adresse : <\/strong><\/p>\n<p>Centre de rencontre de l'abbaye b\u00e9n\u00e9dictine d'Admont<\/p>\n<p>Association pour la promotion de la jeunesse \u00e9tudiante<\/p>\n<p>Johann-Fux-Gasse 16<\/p>\n<p>A-8010 Graz<\/p>\n<p>\u00a0<\/p>\n<p><strong>ZVR :<\/strong> 976339186<\/p>\n<p>\u00a0<\/p>\n<p><a class=\"phone\" href=\"tel:+43-316-325431-0\"><span class=\"icon-outer\"><i class=\"fa-light fa-phone\"><\/i><\/span>+43-316-325431-0<\/a><\/p>\n<p><a class=\"email\" href=\"mailto:office@hausderbegegnung.or.at\"><span class=\"icon-outer\"><i class=\"fa-light fa-envelope\"><\/i><\/span>office@hausderbegegnung.or.at<\/a><\/p>\n<p>\u00a0<\/p>\n<p><strong>Horaires d'ouverture : <\/strong>Du lundi au vendredi : 10h00 - 18h30<\/p>\n<\/div>\n                    \n                            <\/div>\n        \n            <\/div>\n<\/div>\n\n<\/section>","protected":false},"excerpt":{"rendered":"","protected":false},"author":19,"featured_media":0,"parent":29279,"menu_order":4,"comment_status":"closed","ping_status":"closed","template":"","meta":{"_acf_changed":false,"footnotes":""},"categories":[],"class_list":["post-29291","page","type-page","status-publish","hentry"],"acf":[],"yoast_head":"<!-- This site is optimized with the Yoast SEO Premium plugin v26.0 (Yoast SEO v26.8) - https:\/\/yoast.com\/product\/yoast-seo-premium-wordpress\/ -->\n<title>Gebetsanliegen - Stift Admont<\/title>\n<meta name=\"robots\" content=\"index, follow, max-snippet:-1, max-image-preview:large, max-video-preview:-1\" \/>\n<link rel=\"canonical\" href=\"https:\/\/stiftadmont.at\/fr\/maison-de-la-rencontre-2\/spiritualite\/demandes-de-prieres\/\" \/>\n<meta property=\"og:locale\" content=\"fr_FR\" \/>\n<meta property=\"og:type\" content=\"article\" \/>\n<meta property=\"og:title\" content=\"Gebetsanliegen\" \/>\n<meta property=\"og:url\" content=\"https:\/\/stiftadmont.at\/fr\/maison-de-la-rencontre-2\/spiritualite\/demandes-de-prieres\/\" \/>\n<meta property=\"og:site_name\" content=\"Stift Admont\" \/>\n<meta property=\"article:modified_time\" content=\"2025-02-04T09:30:17+00:00\" \/>\n<meta property=\"og:image\" content=\"https:\/\/stiftadmont.at\/wp-content\/uploads\/Klosteranlage-innen.jpg\" \/>\n\t<meta property=\"og:image:width\" content=\"1912\" \/>\n\t<meta property=\"og:image:height\" content=\"1188\" \/>\n\t<meta property=\"og:image:type\" content=\"image\/jpeg\" \/>\n<meta name=\"twitter:card\" content=\"summary_large_image\" \/>\n<script type=\"application\/ld+json\" class=\"yoast-schema-graph\">{\"@context\":\"https:\/\/schema.org\",\"@graph\":[{\"@type\":\"WebPage\",\"@id\":\"https:\/\/stiftadmont.at\/haus-der-begegnung-2\/spiritualitaet\/gebetsanliegen\/\",\"url\":\"https:\/\/stiftadmont.at\/haus-der-begegnung-2\/spiritualitaet\/gebetsanliegen\/\",\"name\":\"Gebetsanliegen - Stift Admont\",\"isPartOf\":{\"@id\":\"https:\/\/stiftadmont.at\/#website\"},\"datePublished\":\"2024-07-15T06:38:13+00:00\",\"dateModified\":\"2025-02-04T09:30:17+00:00\",\"breadcrumb\":{\"@id\":\"https:\/\/stiftadmont.at\/haus-der-begegnung-2\/spiritualitaet\/gebetsanliegen\/#breadcrumb\"},\"inLanguage\":\"fr-FR\",\"potentialAction\":[{\"@type\":\"ReadAction\",\"target\":[\"https:\/\/stiftadmont.at\/haus-der-begegnung-2\/spiritualitaet\/gebetsanliegen\/\"]}]},{\"@type\":\"BreadcrumbList\",\"@id\":\"https:\/\/stiftadmont.at\/haus-der-begegnung-2\/spiritualitaet\/gebetsanliegen\/#breadcrumb\",\"itemListElement\":[{\"@type\":\"ListItem\",\"position\":1,\"name\":\"Start\",\"item\":\"https:\/\/stiftadmont.at\/\"},{\"@type\":\"ListItem\",\"position\":2,\"name\":\"Haus der Begegnung\",\"item\":\"https:\/\/stiftadmont.at\/haus-der-begegnung-2\/\"},{\"@type\":\"ListItem\",\"position\":3,\"name\":\"Spiritualit\u00e4t\",\"item\":\"https:\/\/stiftadmont.at\/haus-der-begegnung-2\/spiritualitaet\/\"},{\"@type\":\"ListItem\",\"position\":4,\"name\":\"Gebetsanliegen\"}]},{\"@type\":\"WebSite\",\"@id\":\"https:\/\/stiftadmont.at\/#website\",\"url\":\"https:\/\/stiftadmont.at\/\",\"name\":\"Stift Admont\",\"description\":\"Benediktinerkloster und Sehensw\u00fcrdigkeit im Ges\u00e4use\",\"potentialAction\":[{\"@type\":\"SearchAction\",\"target\":{\"@type\":\"EntryPoint\",\"urlTemplate\":\"https:\/\/stiftadmont.at\/?s={search_term_string}\"},\"query-input\":{\"@type\":\"PropertyValueSpecification\",\"valueRequired\":true,\"valueName\":\"search_term_string\"}}],\"inLanguage\":\"fr-FR\"}]}<\/script>\n<!-- \/ Yoast SEO Premium plugin. -->","yoast_head_json":{"title":"Intentions de pri\u00e8re - Abbaye d'Admont","robots":{"index":"index","follow":"follow","max-snippet":"max-snippet:-1","max-image-preview":"max-image-preview:large","max-video-preview":"max-video-preview:-1"},"canonical":"https:\/\/stiftadmont.at\/fr\/maison-de-la-rencontre-2\/spiritualite\/demandes-de-prieres\/","og_locale":"fr_FR","og_type":"article","og_title":"Gebetsanliegen","og_url":"https:\/\/stiftadmont.at\/fr\/maison-de-la-rencontre-2\/spiritualite\/demandes-de-prieres\/","og_site_name":"Stift Admont","article_modified_time":"2025-02-04T09:30:17+00:00","og_image":[{"width":1912,"height":1188,"url":"https:\/\/stiftadmont.at\/wp-content\/uploads\/Klosteranlage-innen.jpg","type":"image\/jpeg"}],"twitter_card":"summary_large_image","schema":{"@context":"https:\/\/schema.org","@graph":[{"@type":"WebPage","@id":"https:\/\/stiftadmont.at\/haus-der-begegnung-2\/spiritualitaet\/gebetsanliegen\/","url":"https:\/\/stiftadmont.at\/haus-der-begegnung-2\/spiritualitaet\/gebetsanliegen\/","name":"Intentions de pri\u00e8re - Abbaye d'Admont","isPartOf":{"@id":"https:\/\/stiftadmont.at\/#website"},"datePublished":"2024-07-15T06:38:13+00:00","dateModified":"2025-02-04T09:30:17+00:00","breadcrumb":{"@id":"https:\/\/stiftadmont.at\/haus-der-begegnung-2\/spiritualitaet\/gebetsanliegen\/#breadcrumb"},"inLanguage":"fr-FR","potentialAction":[{"@type":"ReadAction","target":["https:\/\/stiftadmont.at\/haus-der-begegnung-2\/spiritualitaet\/gebetsanliegen\/"]}]},{"@type":"BreadcrumbList","@id":"https:\/\/stiftadmont.at\/haus-der-begegnung-2\/spiritualitaet\/gebetsanliegen\/#breadcrumb","itemListElement":[{"@type":"ListItem","position":1,"name":"Start","item":"https:\/\/stiftadmont.at\/"},{"@type":"ListItem","position":2,"name":"Haus der Begegnung","item":"https:\/\/stiftadmont.at\/haus-der-begegnung-2\/"},{"@type":"ListItem","position":3,"name":"Spiritualit\u00e4t","item":"https:\/\/stiftadmont.at\/haus-der-begegnung-2\/spiritualitaet\/"},{"@type":"ListItem","position":4,"name":"Gebetsanliegen"}]},{"@type":"WebSite","@id":"https:\/\/stiftadmont.at\/#website","url":"https:\/\/stiftadmont.at\/","name":"Abbaye d'Admont","description":"Monast\u00e8re b\u00e9n\u00e9dictin et attraction touristique dans le Ges\u00e4use","potentialAction":[{"@type":"SearchAction","target":{"@type":"EntryPoint","urlTemplate":"https:\/\/stiftadmont.at\/?s={search_term_string}"},"query-input":{"@type":"PropertyValueSpecification","valueRequired":true,"valueName":"search_term_string"}}],"inLanguage":"fr-FR"}]}},"_links":{"self":[{"href":"https:\/\/stiftadmont.at\/fr\/wp-json\/wp\/v2\/pages\/29291","targetHints":{"allow":["GET"]}}],"collection":[{"href":"https:\/\/stiftadmont.at\/fr\/wp-json\/wp\/v2\/pages"}],"about":[{"href":"https:\/\/stiftadmont.at\/fr\/wp-json\/wp\/v2\/types\/page"}],"author":[{"embeddable":true,"href":"https:\/\/stiftadmont.at\/fr\/wp-json\/wp\/v2\/users\/19"}],"replies":[{"embeddable":true,"href":"https:\/\/stiftadmont.at\/fr\/wp-json\/wp\/v2\/comments?post=29291"}],"version-history":[{"count":8,"href":"https:\/\/stiftadmont.at\/fr\/wp-json\/wp\/v2\/pages\/29291\/revisions"}],"predecessor-version":[{"id":32637,"href":"https:\/\/stiftadmont.at\/fr\/wp-json\/wp\/v2\/pages\/29291\/revisions\/32637"}],"up":[{"embeddable":true,"href":"https:\/\/stiftadmont.at\/fr\/wp-json\/wp\/v2\/pages\/29279"}],"wp:attachment":[{"href":"https:\/\/stiftadmont.at\/fr\/wp-json\/wp\/v2\/media?parent=29291"}],"wp:term":[{"taxonomy":"category","embeddable":true,"href":"https:\/\/stiftadmont.at\/fr\/wp-json\/wp\/v2\/categories?post=29291"}],"curies":[{"name":"wp","href":"https:\/\/api.w.org\/{rel}","templated":true}]}}