{"id":29294,"date":"2024-07-15T08:21:16","date_gmt":"2024-07-15T06:21:16","guid":{"rendered":"https:\/\/stiftadmont.at\/?page_id=29294"},"modified":"2024-07-15T10:17:27","modified_gmt":"2024-07-15T08:17:27","slug":"bienheureux-et-saints-du-mois","status":"publish","type":"page","link":"https:\/\/stiftadmont.at\/fr\/haus-der-begegnung-2\/spiritualitaet\/selige-und-heilige-des-monats\/","title":{"rendered":"Bienheureux et saints du mois"},"content":{"rendered":"<section id='lightpress__section--block_2333c43509bc5d8aad17f30cfe051466' class='lightpress__section--default-section-space lightpress__section lightpress__section--content'><div class=\"content__inner\"\n         x-init=\"initContentBlockAnim($el)\">\n        \n    <div class=\"content__grid content__grid\">\n                                            <div class=\"content__box content__box--one-hundred\"\n                 style=\"\">\n                                \n                \n                                            <div class=\"prose\"><h2 class=\"heading-xxl\">Bienheureux et saints du mois<\/h2>\n<p class=\"paragraph-m\">Dans cette rubrique, nous pr\u00e9sentons chaque mois un(e) bienheureux(se) ou un(e) saint(e) dont la m\u00e9moire est c\u00e9l\u00e9br\u00e9e ce mois-ci et dont la relique peut \u00eatre v\u00e9n\u00e9r\u00e9e \u00e0 la Maison de la Rencontre, afin de demander son intercession devant Dieu, notre P\u00e8re mis\u00e9ricordieux, pour les multiples pr\u00e9occupations du monde contemporain.<\/p>\n<p>\u00a0<\/p>\n<\/div>\n                    \n                            <\/div>\n        \n            <\/div>\n<\/div>\n\n<\/section>\n\n<section id='lightpress__section--block_a54f02e28dc71129faded0364326151c' class='lightpress__section--default-section-space lightpress__section lightpress__section--content'><div class=\"content__inner\"\n         x-init=\"initContentBlockAnim($el)\">\n        \n    <div class=\"content__grid content__grid\">\n                                            <div class=\"content__box content__box--one-hundred\"\n                 style=\"\">\n                                \n                \n                                            <div class=\"prose\"><p><a class=\"title\" href=\"https:\/\/hausderbegegnung.or.at\/heiliger-des-monats-juli-2024-heiliger-georg-preca_28501\/\">Saint du mois de juillet 2024 &gt;&gt; Saint Georges Preca&lt;&lt;<\/a><\/p>\n<p><a class=\"title\" href=\"https:\/\/hausderbegegnung.or.at\/heiliger-des-monats-juni-2024-seliger-seliger-ferdinand-vom-heiligen-joseph-de-ayala_28466\/\">Saint du mois de juin 2024 : &gt;&gt; Bienheureux Ferdinand de Saint Joseph de Ayala&lt;&lt;.<\/a><\/p>\n<p><a class=\"title\" href=\"https:\/\/hausderbegegnung.or.at\/heiliger-des-monats-mai-2024-heiliger-aloisius-von-gonzaga_28409\/\">Saint du mois de mai 2024 &gt;&gt; Saint Aloisius de Gonzague &lt;&lt;<\/a><\/p>\n<p><a class=\"title\" href=\"https:\/\/hausderbegegnung.or.at\/heilige-des-monats-april-heilige-magdalena-von-canossa_28373\/\">Sainte du mois d'avril 2024 &gt;&gt; Sainte Madeleine de Canossa&lt;&lt;<\/a><\/p>\n<p><a class=\"title\" href=\"https:\/\/hausderbegegnung.or.at\/heiliger-des-monats-maerz-2024-heilige-agnes-von-boehmen_28286\/\">Sainte du mois de mars 2024 &gt;&gt; Sainte Agn\u00e8s de Boh\u00eame &lt;&lt;<\/a><\/p>\n<p><a class=\"title\" href=\"https:\/\/hausderbegegnung.or.at\/heiliger-des-monats-jaenner-2024-heiliger-josef-vaz_28220\/\">Saint du mois de janvier 2024 &gt;&gt; Saint Joseph Vaz&lt;&lt;<\/a><\/p>\n<p><a class=\"title\" href=\"https:\/\/hausderbegegnung.or.at\/heiliger-des-monats-november-heiliger-johannes-vom-kreuz_28207\/\">Saint du mois de novembre 2023 &gt;&gt; Saint Jean de la Croix &lt;&lt;<\/a><\/p>\n<p><a class=\"title\" href=\"https:\/\/hausderbegegnung.or.at\/heiliger-des-monats-november-2023-heiliger-kolumban-der-juengere_28141\/\">Saint du mois de novembre 2023 : &gt;&gt; Saint Colomban le Jeune &lt;&lt;<\/a><\/p>\n<p><a class=\"title\" href=\"https:\/\/hausderbegegnung.or.at\/heilige-des-monats-september-2023-heilige-euphemia-von-chalkedonheilige-des-monats-september-2023_28071\/\">Sainte du mois de septembre 2023 &gt;&gt; Sainte Euph\u00e9mie de Chalc\u00e9doine &lt;&lt;<\/a><\/p>\n<p><a class=\"title\" href=\"https:\/\/hausderbegegnung.or.at\/heilige-des-monats-august-heilige-edith-stein_28061\/\">Sainte du mois d'ao\u00fbt : &gt;&gt;Sainte Edith Stein&lt;&lt;.<\/a><\/p>\n<p><a class=\"title\" href=\"https:\/\/hausderbegegnung.or.at\/heiliger-des-monats-juli-2023-kamillus-von-lellis_28039\/\">Saint du mois de juillet 2023 &gt;&gt; Camille de Lellis &lt;&lt;<\/a><\/p>\n<p><a class=\"title\" href=\"https:\/\/hausderbegegnung.or.at\/heiliger-des-monats-juni-2023-seliger-julius-hossu_28022\/\">Saint du mois de juin 2023 : &gt;&gt; Bienheureux Julius Hossu &lt;&lt;<\/a><\/p>\n<p><a class=\"title\" href=\"https:\/\/hausderbegegnung.or.at\/heiliger-des-monats-mai-2023-heiliger-philipp-neri_27976\/\">Saint du mois de mai 2023 : &gt;&gt; Saint Philippe Neri &lt;&lt;<\/a><\/p>\n<p><a class=\"title\" href=\"https:\/\/hausderbegegnung.or.at\/heilige-des-monats-maerz-heilige-franziska-von-rom_27799\/\">Sainte du mois de mars &gt;&gt; Sainte Fran\u00e7oise de Rome &lt;&lt;<\/a><\/p>\n<p><a class=\"title\" href=\"https:\/\/hausderbegegnung.or.at\/heilige-des-monats-februar-heilgie-josefina-bahhita_27690\/\">Sainte du mois de f\u00e9vrier &gt;&gt; Sainte Jos\u00e9phine Bahhita&lt;&lt;<\/a><\/p>\n<p><a class=\"title\" href=\"https:\/\/hausderbegegnung.or.at\/heiliger-des-monats-dezember-heiliger-bischof-nikolaus-von-myra_27573\/\">Saint du mois de d\u00e9cembre \"Saint Nicolas, \u00e9v\u00eaque de Myre<\/a><\/p>\n<p><a class=\"title\" href=\"https:\/\/hausderbegegnung.or.at\/heiliger-des-monats-november-heiliger-albertus-magnus_27506\/\">Saint du mois de novembre \"Saint Albertus Magnus<\/a><\/p>\n<p><a class=\"title\" href=\"https:\/\/hausderbegegnung.or.at\/die-heilige-des-monats-ist-die-heilige-theresa-von-avila_27415\/\">La sainte du mois d'octobre : \"Sainte Th\u00e9r\u00e8se d'\u00c1vila<\/a><\/p>\n<p><a class=\"title\" href=\"https:\/\/hausderbegegnung.or.at\/der-selige-des-monats-september-ist-der-selige-kaspar-stanggassinger-seinen-gedenktag-feiert-die-kirche-am-26-september_27344\/\">Le bienheureux du mois de septembre : \"Bienheureux Kaspar Stanggassinger\".<\/a><\/p>\n<p><a class=\"title\" href=\"https:\/\/hausderbegegnung.or.at\/heiliger-des-monats-august-john-henry-newman_27230\/\">Saint du mois d'ao\u00fbt 2022 : \"Saint John Henry Newman<\/a><\/p>\n<p><a class=\"title\" href=\"https:\/\/hausderbegegnung.or.at\/heilige-des-monats-juli-heilige-maria-goretti_27223\/\">Sainte du mois de juillet 2022 : \"Sainte Marie Goretti<\/a><\/p>\n<p><a class=\"title\" href=\"https:\/\/hausderbegegnung.or.at\/heiliger-des-monats-juni-2022-heiliger-karl-lwanga_27099\/\">Saint du mois de juin 2022 : \"Saint Charles Lwanga<\/a><\/p>\n<p><a class=\"title\" href=\"https:\/\/hausderbegegnung.or.at\/seliger-des-monats-mai-2022-seliger-vladimir-ghika_26943\/\">Bienheureux du mois de mai 2022 : \"Bienheureux Vladimir Ghika\".<\/a><\/p>\n<p><a class=\"title\" href=\"https:\/\/hausderbegegnung.or.at\/heilige-des-monats-april-2022-hl-katharina-von-siena_26851\/\">Sainte du mois d'avril 2022 : \"Sainte Catherine de Sienne<\/a><\/p>\n<p>\u00a0<\/p>\n<\/div>\n                    \n                            <\/div>\n        \n            <\/div>\n<\/div>\n\n<\/section>","protected":false},"excerpt":{"rendered":"","protected":false},"author":19,"featured_media":0,"parent":29279,"menu_order":1,"comment_status":"closed","ping_status":"closed","template":"","meta":{"_acf_changed":false,"footnotes":""},"categories":[],"class_list":["post-29294","page","type-page","status-publish","hentry"],"acf":[],"yoast_head":"<!-- This site is optimized with the Yoast SEO Premium plugin v26.0 (Yoast SEO v26.8) - https:\/\/yoast.com\/product\/yoast-seo-premium-wordpress\/ -->\n<title>Selige und Heilige des Monats - Stift Admont<\/title>\n<meta name=\"robots\" content=\"index, follow, max-snippet:-1, max-image-preview:large, max-video-preview:-1\" \/>\n<link rel=\"canonical\" href=\"https:\/\/stiftadmont.at\/fr\/maison-de-la-rencontre-2\/spiritualite\/bienheureux-et-saints-du-mois\/\" \/>\n<meta property=\"og:locale\" content=\"fr_FR\" \/>\n<meta property=\"og:type\" content=\"article\" \/>\n<meta property=\"og:title\" content=\"Selige und Heilige des Monats\" \/>\n<meta property=\"og:url\" content=\"https:\/\/stiftadmont.at\/fr\/maison-de-la-rencontre-2\/spiritualite\/bienheureux-et-saints-du-mois\/\" \/>\n<meta property=\"og:site_name\" content=\"Stift Admont\" \/>\n<meta property=\"article:modified_time\" content=\"2024-07-15T08:17:27+00:00\" \/>\n<meta property=\"og:image\" content=\"https:\/\/stiftadmont.at\/wp-content\/uploads\/Klosteranlage-innen.jpg\" \/>\n\t<meta property=\"og:image:width\" content=\"1912\" \/>\n\t<meta property=\"og:image:height\" content=\"1188\" \/>\n\t<meta property=\"og:image:type\" content=\"image\/jpeg\" \/>\n<meta name=\"twitter:card\" content=\"summary_large_image\" \/>\n<script type=\"application\/ld+json\" class=\"yoast-schema-graph\">{\"@context\":\"https:\/\/schema.org\",\"@graph\":[{\"@type\":\"WebPage\",\"@id\":\"https:\/\/stiftadmont.at\/haus-der-begegnung-2\/spiritualitaet\/selige-und-heilige-des-monats\/\",\"url\":\"https:\/\/stiftadmont.at\/haus-der-begegnung-2\/spiritualitaet\/selige-und-heilige-des-monats\/\",\"name\":\"Selige und Heilige des Monats - Stift Admont\",\"isPartOf\":{\"@id\":\"https:\/\/stiftadmont.at\/#website\"},\"datePublished\":\"2024-07-15T06:21:16+00:00\",\"dateModified\":\"2024-07-15T08:17:27+00:00\",\"breadcrumb\":{\"@id\":\"https:\/\/stiftadmont.at\/haus-der-begegnung-2\/spiritualitaet\/selige-und-heilige-des-monats\/#breadcrumb\"},\"inLanguage\":\"fr-FR\",\"potentialAction\":[{\"@type\":\"ReadAction\",\"target\":[\"https:\/\/stiftadmont.at\/haus-der-begegnung-2\/spiritualitaet\/selige-und-heilige-des-monats\/\"]}]},{\"@type\":\"BreadcrumbList\",\"@id\":\"https:\/\/stiftadmont.at\/haus-der-begegnung-2\/spiritualitaet\/selige-und-heilige-des-monats\/#breadcrumb\",\"itemListElement\":[{\"@type\":\"ListItem\",\"position\":1,\"name\":\"Start\",\"item\":\"https:\/\/stiftadmont.at\/\"},{\"@type\":\"ListItem\",\"position\":2,\"name\":\"Haus der Begegnung\",\"item\":\"https:\/\/stiftadmont.at\/haus-der-begegnung-2\/\"},{\"@type\":\"ListItem\",\"position\":3,\"name\":\"Spiritualit\u00e4t\",\"item\":\"https:\/\/stiftadmont.at\/haus-der-begegnung-2\/spiritualitaet\/\"},{\"@type\":\"ListItem\",\"position\":4,\"name\":\"Selige und Heilige des Monats\"}]},{\"@type\":\"WebSite\",\"@id\":\"https:\/\/stiftadmont.at\/#website\",\"url\":\"https:\/\/stiftadmont.at\/\",\"name\":\"Stift Admont\",\"description\":\"Benediktinerkloster und Sehensw\u00fcrdigkeit im Ges\u00e4use\",\"potentialAction\":[{\"@type\":\"SearchAction\",\"target\":{\"@type\":\"EntryPoint\",\"urlTemplate\":\"https:\/\/stiftadmont.at\/?s={search_term_string}\"},\"query-input\":{\"@type\":\"PropertyValueSpecification\",\"valueRequired\":true,\"valueName\":\"search_term_string\"}}],\"inLanguage\":\"fr-FR\"}]}<\/script>\n<!-- \/ Yoast SEO Premium plugin. -->","yoast_head_json":{"title":"Bienheureux et Saints du mois - Stift Admont","robots":{"index":"index","follow":"follow","max-snippet":"max-snippet:-1","max-image-preview":"max-image-preview:large","max-video-preview":"max-video-preview:-1"},"canonical":"https:\/\/stiftadmont.at\/fr\/maison-de-la-rencontre-2\/spiritualite\/bienheureux-et-saints-du-mois\/","og_locale":"fr_FR","og_type":"article","og_title":"Selige und Heilige des Monats","og_url":"https:\/\/stiftadmont.at\/fr\/maison-de-la-rencontre-2\/spiritualite\/bienheureux-et-saints-du-mois\/","og_site_name":"Stift Admont","article_modified_time":"2024-07-15T08:17:27+00:00","og_image":[{"width":1912,"height":1188,"url":"https:\/\/stiftadmont.at\/wp-content\/uploads\/Klosteranlage-innen.jpg","type":"image\/jpeg"}],"twitter_card":"summary_large_image","schema":{"@context":"https:\/\/schema.org","@graph":[{"@type":"WebPage","@id":"https:\/\/stiftadmont.at\/haus-der-begegnung-2\/spiritualitaet\/selige-und-heilige-des-monats\/","url":"https:\/\/stiftadmont.at\/haus-der-begegnung-2\/spiritualitaet\/selige-und-heilige-des-monats\/","name":"Bienheureux et Saints du mois - Stift Admont","isPartOf":{"@id":"https:\/\/stiftadmont.at\/#website"},"datePublished":"2024-07-15T06:21:16+00:00","dateModified":"2024-07-15T08:17:27+00:00","breadcrumb":{"@id":"https:\/\/stiftadmont.at\/haus-der-begegnung-2\/spiritualitaet\/selige-und-heilige-des-monats\/#breadcrumb"},"inLanguage":"fr-FR","potentialAction":[{"@type":"ReadAction","target":["https:\/\/stiftadmont.at\/haus-der-begegnung-2\/spiritualitaet\/selige-und-heilige-des-monats\/"]}]},{"@type":"BreadcrumbList","@id":"https:\/\/stiftadmont.at\/haus-der-begegnung-2\/spiritualitaet\/selige-und-heilige-des-monats\/#breadcrumb","itemListElement":[{"@type":"ListItem","position":1,"name":"Start","item":"https:\/\/stiftadmont.at\/"},{"@type":"ListItem","position":2,"name":"Haus der Begegnung","item":"https:\/\/stiftadmont.at\/haus-der-begegnung-2\/"},{"@type":"ListItem","position":3,"name":"Spiritualit\u00e4t","item":"https:\/\/stiftadmont.at\/haus-der-begegnung-2\/spiritualitaet\/"},{"@type":"ListItem","position":4,"name":"Selige und Heilige des Monats"}]},{"@type":"WebSite","@id":"https:\/\/stiftadmont.at\/#website","url":"https:\/\/stiftadmont.at\/","name":"Abbaye d'Admont","description":"Monast\u00e8re b\u00e9n\u00e9dictin et attraction touristique dans le Ges\u00e4use","potentialAction":[{"@type":"SearchAction","target":{"@type":"EntryPoint","urlTemplate":"https:\/\/stiftadmont.at\/?s={search_term_string}"},"query-input":{"@type":"PropertyValueSpecification","valueRequired":true,"valueName":"search_term_string"}}],"inLanguage":"fr-FR"}]}},"_links":{"self":[{"href":"https:\/\/stiftadmont.at\/fr\/wp-json\/wp\/v2\/pages\/29294","targetHints":{"allow":["GET"]}}],"collection":[{"href":"https:\/\/stiftadmont.at\/fr\/wp-json\/wp\/v2\/pages"}],"about":[{"href":"https:\/\/stiftadmont.at\/fr\/wp-json\/wp\/v2\/types\/page"}],"author":[{"embeddable":true,"href":"https:\/\/stiftadmont.at\/fr\/wp-json\/wp\/v2\/users\/19"}],"replies":[{"embeddable":true,"href":"https:\/\/stiftadmont.at\/fr\/wp-json\/wp\/v2\/comments?post=29294"}],"version-history":[{"count":6,"href":"https:\/\/stiftadmont.at\/fr\/wp-json\/wp\/v2\/pages\/29294\/revisions"}],"predecessor-version":[{"id":29419,"href":"https:\/\/stiftadmont.at\/fr\/wp-json\/wp\/v2\/pages\/29294\/revisions\/29419"}],"up":[{"embeddable":true,"href":"https:\/\/stiftadmont.at\/fr\/wp-json\/wp\/v2\/pages\/29279"}],"wp:attachment":[{"href":"https:\/\/stiftadmont.at\/fr\/wp-json\/wp\/v2\/media?parent=29294"}],"wp:term":[{"taxonomy":"category","embeddable":true,"href":"https:\/\/stiftadmont.at\/fr\/wp-json\/wp\/v2\/categories?post=29294"}],"curies":[{"name":"wp","href":"https:\/\/api.w.org\/{rel}","templated":true}]}}