{"id":29319,"date":"2024-07-15T08:38:38","date_gmt":"2024-07-15T06:38:38","guid":{"rendered":"https:\/\/stiftadmont.at\/?page_id=29319"},"modified":"2025-02-04T11:40:14","modified_gmt":"2025-02-04T09:40:14","slug":"prieres-a-saint-benedictine-et-a-sainte-scholastique","status":"publish","type":"page","link":"https:\/\/stiftadmont.at\/fr\/haus-der-begegnung-2\/spiritualitaet\/gebete-zum-hl-benedikt-und-zur-hl-scholastika\/","title":{"rendered":"Pri\u00e8res \u00e0 saint Beno\u00eet et \u00e0 sainte Scholastique"},"content":{"rendered":"<section id='lightpress__section--block_748675df9cd76e1208ffbf8a6dcc4bd6' class='align-center lightpress__section--default-section-space lightpress__section lightpress__section--headline'><div class=\"headline__container\">\n            <h2 class=\"headline text--40 text-medium line line--gold line-above line-middle\">Pri\u00e8res \u00e0 saint Beno\u00eet et \u00e0 sainte Scholastique<\/h2>\n        <p class=\"text-center text-gold text--20 text-medium text--uppercase\"><\/p>\n        <div class=\"spacer--40\"><\/div>\n<\/div>\n\n<\/section>\n\n<section id='lightpress__section--block_620f02d0ecc300520789640f6c00c6e3' class='lightpress__section--default-section-space lightpress__section lightpress__section--content'><div class=\"content__inner\"\n         x-init=\"initContentBlockAnim($el)\">\n        \n    <div class=\"content__grid content__grid\">\n                                            <div class=\"content__box content__box--one-hundred\"\n                 style=\"\">\n                                \n                \n                                            <div class=\"prose\"><h5 class=\"heading-m line line-above line--gold\"><strong>Rosaire \u00e0 saint Beno\u00eet<\/strong><\/h5>\n<p>\u00a0<\/p>\n<ul>\n<li class=\"paragraph-m\">Saint Beno\u00eet, patron de l'Europe, demande-nous la paix et la couronne de la vertu.<\/li>\n<li class=\"paragraph-m\">L'esprit de l'Ordre, le christianisme, Saint Beno\u00eet, forme-le pour la gloire de Dieu.<\/li>\n<li class=\"paragraph-m\">De la fureur de Satan, Saint Beno\u00eet, prot\u00e8ge-nous d\u00e9j\u00e0 par ton m\u00e9daillon hautement b\u00e9ni.<\/li>\n<li class=\"paragraph-m\">Que \"Ora et labora\" soit toujours le mot d'ordre de Saint Beno\u00eet et de l'Europe.<\/li>\n<li class=\"paragraph-m\">Dieu ! Seigneur ! Que soient \u00e9ternellement rendus gr\u00e2ce, louange et gloire \u00e0 Saint Beno\u00eet et \u00e0 son ordre de saints.<\/li>\n<\/ul>\n<p>\u00a0<\/p>\n<p>\u00a0<\/p>\n<p>\u00a0<\/p>\n<h5 class=\"heading-m line line-above line--gold\"><strong>Pri\u00e8res \u00e0 saint Beno\u00eet<\/strong><\/h5>\n<p>\u00a0<\/p>\n<p class=\"paragraph-m\">Saint P\u00e8re Beno\u00eet, digne chef d'une grande arm\u00e9e de combattants du Christ, \u00e0 savoir tes fils et filles de l'Ordre ! Je te rappelle la belle mort que le Seigneur t'a accord\u00e9e. Debout, les yeux lev\u00e9s en pri\u00e8re, tu as rendu ton \u00e2me au Cr\u00e9ateur. Assiste-moi un jour \u00e0 l'heure de ma mort. Prot\u00e8ge-moi des attaques du mauvais ennemi et conduis-moi vers les joies \u00e9ternelles. Amen.<\/p>\n<p class=\"paragraph-m\">Dieu tout-puissant, tu nous as donn\u00e9 en saint Beno\u00eet un ma\u00eetre et un enseignant qui nous conduit \u00e0 te chercher et \u00e0 te servir. Donne-nous de ne rien pr\u00e9f\u00e9rer \u00e0 l'amour pour toi, mais de nous h\u00e2ter vers toi avec joie et confiance sur le chemin de tes commandements. C'est ce que nous demandons par J\u00e9sus-Christ.<\/p>\n<p class=\"paragraph-m\">\u00a0<\/p>\n<p>\u00a0<\/p>\n<p>\u00a0<\/p>\n<h5 class=\"heading-m line line-above line--gold\"><strong>Neuvaine de Saint-Beno\u00eet<\/strong><\/h5>\n<p class=\"paragraph-m\">\u00a0<\/p>\n<p class=\"paragraph-m\">On prie pendant 9 jours cons\u00e9cutifs :<\/p>\n<p class=\"paragraph-m\">9 Notre P\u00e8re, Ave Maria et Gloire au P\u00e8re avec l'ajout :<\/p>\n<p class=\"paragraph-m\">Saint P\u00e8re Beno\u00eet, prie pour nous afin que nous soyons dignes des promesses du Christ.<\/p>\n<p class=\"paragraph-m\">Prions, nous aussi : Saint-P\u00e8re Beno\u00eet, toi qui es un grand d\u00e9fenseur et un grand intercesseur, toi qui es la terreur des mauvais esprits, nous t'implorons avec confiance dans notre d\u00e9tresse. Interc\u00e8de sans cesse pour nous aupr\u00e8s du tr\u00f4ne divin et chasse les mauvais esprits et toutes leurs influences n\u00e9fastes. B\u00e9nis-nous comme tu as jadis b\u00e9ni avec une grande force. Nous comptons sur ton aide puissante et remercions Dieu pour ta saintet\u00e9 et ta grandeur, qui te permettent d'obtenir une force d'intercession si merveilleuse.<\/p>\n<p class=\"paragraph-m\">Saint Abb\u00e9 Beno\u00eet, patron de l'Europe, reste toujours proche de nous, surtout \u00e0 l'heure de la mort. Amen.<\/p>\n<p class=\"paragraph-m\">\u00a0<\/p>\n<p>\u00a0<\/p>\n<p>\u00a0<\/p>\n<h5 class=\"heading-m line line-above line--gold\"><strong>Litanie \u00e0 saint Beno\u00eet, patron de l'Europe<\/strong><\/h5>\n<p>\u00a0<\/p>\n<p class=\"paragraph-m\">Seigneur, aie piti\u00e9 de nous<\/p>\n<p class=\"paragraph-m\">Christ, prends piti\u00e9 de nous<\/p>\n<p class=\"paragraph-m\">Seigneur, aie piti\u00e9 de nous,<\/p>\n<p class=\"paragraph-m\">Christ, entends-nous<\/p>\n<p class=\"paragraph-m\">Christ, \u00e9coute-nous<\/p>\n<p>\u00a0<\/p>\n<p class=\"paragraph-m\">Dieu, P\u00e8re c\u00e9leste - aie piti\u00e9 de nous<\/p>\n<p class=\"paragraph-m\">Dieu le Fils, R\u00e9dempteur du monde<\/p>\n<p class=\"paragraph-m\">Dieu Esprit Saint<\/p>\n<p class=\"paragraph-m\">Tr\u00e8s Sainte Trinit\u00e9, un seul Dieu<\/p>\n<p class=\"paragraph-m\">Sainte Marie - priez pour nous<\/p>\n<p class=\"paragraph-m\">Sainte M\u00e8re de Dieu<\/p>\n<p class=\"paragraph-m\">M\u00e9diatrice de toutes les gr\u00e2ces<\/p>\n<p class=\"paragraph-m\">Reine des moines<\/p>\n<p class=\"paragraph-m\">Saint Beno\u00eet<\/p>\n<p class=\"paragraph-m\">Saint Beno\u00eet, gloire de Nursie<\/p>\n<p class=\"paragraph-m\">Saint Beno\u00eet, dont le nom signifie \"b\u00e9ni\".<\/p>\n<p class=\"paragraph-m\">Saint Beno\u00eet, richement dot\u00e9 des dons du Saint-Esprit<\/p>\n<p class=\"paragraph-m\">Saint Beno\u00eet, messager de la paix du Christ<\/p>\n<p class=\"paragraph-m\">Saint Beno\u00eet, grand amoureux et d\u00e9vot de la sainte croix du Christ<\/p>\n<p class=\"paragraph-m\">Saint Beno\u00eet, abb\u00e9 et p\u00e8re des moines d'Occident<\/p>\n<p class=\"paragraph-m\">Saint Beno\u00eet, rempli de l'esprit de tous les justes<\/p>\n<p class=\"paragraph-m\">Saint Beno\u00eet, p\u00e8re de nombreux martyrs, docteur de l'\u00c9glise, confesseur et vierge<\/p>\n<p class=\"paragraph-m\">Saint Beno\u00eet, miracle de l'esprit de sacrifice et de p\u00e9nitence<\/p>\n<p class=\"paragraph-m\">Saint Beno\u00eet, miracle d'humilit\u00e9 et de force<\/p>\n<p class=\"paragraph-m\">Saint Beno\u00eet, exemple de discipline monastique<\/p>\n<p class=\"paragraph-m\">Saint Beno\u00eet, exemple d'ob\u00e9issance, de pauvret\u00e9 et de puret\u00e9<\/p>\n<p class=\"paragraph-m\">Saint Beno\u00eet, sage l\u00e9gislateur qui, sous la conduite de l'Esprit Saint, a \u00e9crit la r\u00e8gle de l'Ordre.<\/p>\n<p class=\"paragraph-m\">Saint Beno\u00eet, mod\u00e8le de claire connaissance de la vie de l'\u00e2me<\/p>\n<p class=\"paragraph-m\">Saint Beno\u00eet, homme de Dieu<\/p>\n<p class=\"paragraph-m\">Saint Beno\u00eet, toi qui as fui le monde d\u00e8s ta prime jeunesse<\/p>\n<p class=\"paragraph-m\">Saint Beno\u00eet, qui, retir\u00e9 dans la solitude, n'a v\u00e9cu qu'avec Dieu et pour Dieu<\/p>\n<p class=\"paragraph-m\">Saint Beno\u00eet, toi qui as roul\u00e9 ton corps dans les \u00e9pines pour garder intacte ta puret\u00e9<\/p>\n<p class=\"paragraph-m\">Saint Beno\u00eet, rev\u00eatu de la puissance miraculeuse de Dieu<\/p>\n<p class=\"paragraph-m\">Saint Beno\u00eet, toi qui as renvers\u00e9 les idoles par le signe de la sainte croix<\/p>\n<p class=\"paragraph-m\">Saint Beno\u00eet, toi qui as d\u00e9jou\u00e9 les tentations du diable par le signe de la sainte croix<\/p>\n<p class=\"paragraph-m\">Saint Beno\u00eet, toi qui as fait honte \u00e0 la m\u00e9chancet\u00e9 par le signe de la sainte croix<\/p>\n<p class=\"paragraph-m\">Saint Beno\u00eet, qui avez gu\u00e9ri les malades, ressuscit\u00e9 les morts et d\u00e9livr\u00e9 les poss\u00e9d\u00e9s par votre pri\u00e8re confiante<\/p>\n<p class=\"paragraph-m\">Saint Beno\u00eet, toi qui \u00e9tais invincible dans ta foi, in\u00e9branlable dans ton esp\u00e9rance et plein de d\u00e9vouement dans ton amour pour Dieu<\/p>\n<p class=\"paragraph-m\">Saint Beno\u00eet, qui, \u00e0 l'exemple du Christ, a \u00e9t\u00e9 doux et humble de c\u0153ur Saint Beno\u00eet, qui a uni la bont\u00e9 paternelle \u00e0 une sage s\u00e9v\u00e9rit\u00e9<\/p>\n<p class=\"paragraph-m\">Saint Beno\u00eet, qui avez \u00e9t\u00e9 un soutien affectueux pour ceux qui souffrent, plein de compassion et de serviabilit\u00e9.<\/p>\n<p class=\"paragraph-m\">Saint Beno\u00eet, qui avez fid\u00e8lement form\u00e9 en vous l'image du Christ<\/p>\n<p class=\"paragraph-m\">Saint Beno\u00eet, qui, debout \u00e0 l'autel, a rendu ton \u00e2me \u00e0 Dieu<\/p>\n<p class=\"paragraph-m\">Saint Beno\u00eet, patron d'une bonne mort Saint Beno\u00eet, puissant intercesseur aupr\u00e8s de Dieu pour tous ceux qui t'invoquent<\/p>\n<p class=\"paragraph-m\">Saint Beno\u00eet, patron de l'Europe<\/p>\n<p class=\"paragraph-m\">\u00a0<\/p>\n<p class=\"paragraph-m\">Agneau de Dieu, tu enl\u00e8ves les p\u00e9ch\u00e9s du monde - \u00e9pargne-nous, Seigneur<\/p>\n<p class=\"paragraph-m\">Agneau de Dieu, tu enl\u00e8ves les p\u00e9ch\u00e9s du monde - exauce-nous, Seigneur<\/p>\n<p class=\"paragraph-m\">Agneau de Dieu, tu enl\u00e8ves les p\u00e9ch\u00e9s du monde - aie piti\u00e9 de nous, Seigneur<\/p>\n<p class=\"paragraph-m\">\u00a0<\/p>\n<p class=\"paragraph-m\">Prie pour nous, saint Beno\u00eet, afin que nous soyons dignes des promesses du Christ,<\/p>\n<p class=\"paragraph-m\">\u00a0<\/p>\n<p class=\"paragraph-m\">Prions : suscite en nous et dans ta sainte \u00c9glise l'esprit auquel saint Beno\u00eet a conform\u00e9 sa vie, afin que, p\u00e9n\u00e9tr\u00e9s du m\u00eame esprit, nous nous efforcions d'aimer ce qu'il a aim\u00e9 et de pratiquer ce qu'il a montr\u00e9 en exemple, par le Christ notre Seigneur. Amen.<\/p>\n<p class=\"paragraph-m\">\u00a0<\/p>\n<p>\u00a0<\/p>\n<h5 class=\"heading-m line line-above line--gold\"><strong>Pri\u00e8res \u00e0 sainte Scholastique<\/strong><\/h5>\n<p>\u00a0<\/p>\n<p class=\"paragraph-m\">Seigneur, notre Dieu, nous te louons en cette f\u00eate de la sainte Vierge Scholastique, dont la vie a resplendi d'une puret\u00e9 lumineuse. Aide-nous \u00e0 suivre fid\u00e8lement la voie \u00e0 laquelle tu nous as appel\u00e9s, afin qu'un jour, avec tous les saints, nous puissions contempler la lumi\u00e8re de ta pr\u00e9sence non voil\u00e9e. C'est ce que nous demandons par J\u00e9sus-Christ.<\/p>\n<p class=\"paragraph-m\">\u00a0<\/p>\n<p class=\"paragraph-m\">Dieu sublime, nous c\u00e9l\u00e9brons la m\u00e9moire de la sainte vierge Scholastique. Fais que, \u00e0 son exemple, nous te servions toujours avec un amour sinc\u00e8re, et accorde-nous un jour, dans ta bont\u00e9, un retour bienheureux vers toi. Nous te le demandons par J\u00e9sus-Christ.<\/p>\n<p class=\"paragraph-m\">\u00a0<\/p>\n<p class=\"paragraph-m\">Entends-nous, sainte femme,<\/p>\n<p class=\"paragraph-m\">Soeur Scholastique !<\/p>\n<p class=\"paragraph-m\">En chantant, nous louons le,<\/p>\n<p class=\"paragraph-m\">qui te choisit comme \u00e9pouse.<\/p>\n<p class=\"paragraph-m\">Apprends-nous \u00e0 vivre l'amour,<\/p>\n<p class=\"paragraph-m\">qui unit la cr\u00e9ation en Christ.<\/p>\n<p class=\"paragraph-m\">\u00a0<\/p>\n<p class=\"paragraph-m\">Tu t'entoures de femmes,<\/p>\n<p class=\"paragraph-m\">comme l'enseigne le fr\u00e8re,<\/p>\n<p class=\"paragraph-m\">Louange et travail et repos<\/p>\n<p class=\"paragraph-m\">offrez-la \u00e0 votre Seigneur.<\/p>\n<p class=\"paragraph-m\">Sources d'eau fertile,<\/p>\n<p class=\"paragraph-m\">Jardin, vous \u00eates sur une terre aride.<\/p>\n<p class=\"paragraph-m\">\u00a0<\/p>\n<p class=\"paragraph-m\">Ta pri\u00e8re sera exauc\u00e9e<\/p>\n<p class=\"paragraph-m\">contre la volont\u00e9 de son fr\u00e8re.<\/p>\n<p class=\"paragraph-m\">En souriant, tu lui dis<\/p>\n<p class=\"paragraph-m\">\"Va donc, si tu peux !\"<\/p>\n<p class=\"paragraph-m\">Pour toi, l'amour \u00e9tait la chose la plus importante,<\/p>\n<p class=\"paragraph-m\">t'importait plus que la loi et le droit.<\/p>\n<p class=\"paragraph-m\">\u00a0<\/p>\n<p class=\"paragraph-m\">Lou\u00e9 soit le Seigneur,<\/p>\n<p class=\"paragraph-m\">P\u00e8re de l'\u00e9ternit\u00e9,<\/p>\n<p class=\"paragraph-m\">lou\u00e9 soit le Fils,<\/p>\n<p class=\"paragraph-m\">qui couronne sa cr\u00e9ation,<\/p>\n<p class=\"paragraph-m\">lou\u00e9 soit l'esprit,<\/p>\n<p class=\"paragraph-m\">qui donne la vie en v\u00e9rit\u00e9 ! Amen.<\/p>\n<p class=\"paragraph-m\">(Hymne des laudes de la f\u00eate)<\/p>\n<\/div>\n                    \n                            <\/div>\n        \n            <\/div>\n<\/div>\n\n<\/section>","protected":false},"excerpt":{"rendered":"","protected":false},"author":19,"featured_media":0,"parent":29279,"menu_order":3,"comment_status":"closed","ping_status":"closed","template":"","meta":{"_acf_changed":false,"footnotes":""},"categories":[],"class_list":["post-29319","page","type-page","status-publish","hentry"],"acf":[],"yoast_head":"<!-- This site is optimized with the Yoast SEO Premium plugin v26.0 (Yoast SEO v26.8) - https:\/\/yoast.com\/product\/yoast-seo-premium-wordpress\/ -->\n<title>Gebete zum Hl. Benedikt und zur Hl. Scholastika - Stift Admont<\/title>\n<meta name=\"robots\" content=\"index, follow, max-snippet:-1, max-image-preview:large, max-video-preview:-1\" \/>\n<link rel=\"canonical\" href=\"https:\/\/stiftadmont.at\/fr\/maison-de-la-rencontre-2\/spiritualite\/prieres-a-saint-benedictine-et-a-sainte-scholastique\/\" \/>\n<meta property=\"og:locale\" content=\"fr_FR\" \/>\n<meta property=\"og:type\" content=\"article\" \/>\n<meta property=\"og:title\" content=\"Gebete zum Hl. Benedikt und zur Hl. Scholastika\" \/>\n<meta property=\"og:url\" content=\"https:\/\/stiftadmont.at\/fr\/maison-de-la-rencontre-2\/spiritualite\/prieres-a-saint-benedictine-et-a-sainte-scholastique\/\" \/>\n<meta property=\"og:site_name\" content=\"Stift Admont\" \/>\n<meta property=\"article:modified_time\" content=\"2025-02-04T09:40:14+00:00\" \/>\n<meta property=\"og:image\" content=\"https:\/\/stiftadmont.at\/wp-content\/uploads\/Klosteranlage-innen.jpg\" \/>\n\t<meta property=\"og:image:width\" content=\"1912\" \/>\n\t<meta property=\"og:image:height\" content=\"1188\" \/>\n\t<meta property=\"og:image:type\" content=\"image\/jpeg\" \/>\n<meta name=\"twitter:card\" content=\"summary_large_image\" \/>\n<script type=\"application\/ld+json\" class=\"yoast-schema-graph\">{\"@context\":\"https:\/\/schema.org\",\"@graph\":[{\"@type\":\"WebPage\",\"@id\":\"https:\/\/stiftadmont.at\/haus-der-begegnung-2\/spiritualitaet\/gebete-zum-hl-benedikt-und-zur-hl-scholastika\/\",\"url\":\"https:\/\/stiftadmont.at\/haus-der-begegnung-2\/spiritualitaet\/gebete-zum-hl-benedikt-und-zur-hl-scholastika\/\",\"name\":\"Gebete zum Hl. Benedikt und zur Hl. Scholastika - Stift Admont\",\"isPartOf\":{\"@id\":\"https:\/\/stiftadmont.at\/#website\"},\"datePublished\":\"2024-07-15T06:38:38+00:00\",\"dateModified\":\"2025-02-04T09:40:14+00:00\",\"breadcrumb\":{\"@id\":\"https:\/\/stiftadmont.at\/haus-der-begegnung-2\/spiritualitaet\/gebete-zum-hl-benedikt-und-zur-hl-scholastika\/#breadcrumb\"},\"inLanguage\":\"fr-FR\",\"potentialAction\":[{\"@type\":\"ReadAction\",\"target\":[\"https:\/\/stiftadmont.at\/haus-der-begegnung-2\/spiritualitaet\/gebete-zum-hl-benedikt-und-zur-hl-scholastika\/\"]}]},{\"@type\":\"BreadcrumbList\",\"@id\":\"https:\/\/stiftadmont.at\/haus-der-begegnung-2\/spiritualitaet\/gebete-zum-hl-benedikt-und-zur-hl-scholastika\/#breadcrumb\",\"itemListElement\":[{\"@type\":\"ListItem\",\"position\":1,\"name\":\"Start\",\"item\":\"https:\/\/stiftadmont.at\/\"},{\"@type\":\"ListItem\",\"position\":2,\"name\":\"Haus der Begegnung\",\"item\":\"https:\/\/stiftadmont.at\/haus-der-begegnung-2\/\"},{\"@type\":\"ListItem\",\"position\":3,\"name\":\"Spiritualit\u00e4t\",\"item\":\"https:\/\/stiftadmont.at\/haus-der-begegnung-2\/spiritualitaet\/\"},{\"@type\":\"ListItem\",\"position\":4,\"name\":\"Gebete zum Hl. Benedikt und zur Hl. Scholastika\"}]},{\"@type\":\"WebSite\",\"@id\":\"https:\/\/stiftadmont.at\/#website\",\"url\":\"https:\/\/stiftadmont.at\/\",\"name\":\"Stift Admont\",\"description\":\"Benediktinerkloster und Sehensw\u00fcrdigkeit im Ges\u00e4use\",\"potentialAction\":[{\"@type\":\"SearchAction\",\"target\":{\"@type\":\"EntryPoint\",\"urlTemplate\":\"https:\/\/stiftadmont.at\/?s={search_term_string}\"},\"query-input\":{\"@type\":\"PropertyValueSpecification\",\"valueRequired\":true,\"valueName\":\"search_term_string\"}}],\"inLanguage\":\"fr-FR\"}]}<\/script>\n<!-- \/ Yoast SEO Premium plugin. -->","yoast_head_json":{"title":"Pri\u00e8res \u00e0 saint Beno\u00eet et \u00e0 sainte Scholastique - Stift Admont","robots":{"index":"index","follow":"follow","max-snippet":"max-snippet:-1","max-image-preview":"max-image-preview:large","max-video-preview":"max-video-preview:-1"},"canonical":"https:\/\/stiftadmont.at\/fr\/maison-de-la-rencontre-2\/spiritualite\/prieres-a-saint-benedictine-et-a-sainte-scholastique\/","og_locale":"fr_FR","og_type":"article","og_title":"Gebete zum Hl. Benedikt und zur Hl. Scholastika","og_url":"https:\/\/stiftadmont.at\/fr\/maison-de-la-rencontre-2\/spiritualite\/prieres-a-saint-benedictine-et-a-sainte-scholastique\/","og_site_name":"Stift Admont","article_modified_time":"2025-02-04T09:40:14+00:00","og_image":[{"width":1912,"height":1188,"url":"https:\/\/stiftadmont.at\/wp-content\/uploads\/Klosteranlage-innen.jpg","type":"image\/jpeg"}],"twitter_card":"summary_large_image","schema":{"@context":"https:\/\/schema.org","@graph":[{"@type":"WebPage","@id":"https:\/\/stiftadmont.at\/haus-der-begegnung-2\/spiritualitaet\/gebete-zum-hl-benedikt-und-zur-hl-scholastika\/","url":"https:\/\/stiftadmont.at\/haus-der-begegnung-2\/spiritualitaet\/gebete-zum-hl-benedikt-und-zur-hl-scholastika\/","name":"Pri\u00e8res \u00e0 saint Beno\u00eet et \u00e0 sainte Scholastique - Stift Admont","isPartOf":{"@id":"https:\/\/stiftadmont.at\/#website"},"datePublished":"2024-07-15T06:38:38+00:00","dateModified":"2025-02-04T09:40:14+00:00","breadcrumb":{"@id":"https:\/\/stiftadmont.at\/haus-der-begegnung-2\/spiritualitaet\/gebete-zum-hl-benedikt-und-zur-hl-scholastika\/#breadcrumb"},"inLanguage":"fr-FR","potentialAction":[{"@type":"ReadAction","target":["https:\/\/stiftadmont.at\/haus-der-begegnung-2\/spiritualitaet\/gebete-zum-hl-benedikt-und-zur-hl-scholastika\/"]}]},{"@type":"BreadcrumbList","@id":"https:\/\/stiftadmont.at\/haus-der-begegnung-2\/spiritualitaet\/gebete-zum-hl-benedikt-und-zur-hl-scholastika\/#breadcrumb","itemListElement":[{"@type":"ListItem","position":1,"name":"Start","item":"https:\/\/stiftadmont.at\/"},{"@type":"ListItem","position":2,"name":"Haus der Begegnung","item":"https:\/\/stiftadmont.at\/haus-der-begegnung-2\/"},{"@type":"ListItem","position":3,"name":"Spiritualit\u00e4t","item":"https:\/\/stiftadmont.at\/haus-der-begegnung-2\/spiritualitaet\/"},{"@type":"ListItem","position":4,"name":"Gebete zum Hl. Benedikt und zur Hl. Scholastika"}]},{"@type":"WebSite","@id":"https:\/\/stiftadmont.at\/#website","url":"https:\/\/stiftadmont.at\/","name":"Abbaye d'Admont","description":"Monast\u00e8re b\u00e9n\u00e9dictin et attraction touristique dans le Ges\u00e4use","potentialAction":[{"@type":"SearchAction","target":{"@type":"EntryPoint","urlTemplate":"https:\/\/stiftadmont.at\/?s={search_term_string}"},"query-input":{"@type":"PropertyValueSpecification","valueRequired":true,"valueName":"search_term_string"}}],"inLanguage":"fr-FR"}]}},"_links":{"self":[{"href":"https:\/\/stiftadmont.at\/fr\/wp-json\/wp\/v2\/pages\/29319","targetHints":{"allow":["GET"]}}],"collection":[{"href":"https:\/\/stiftadmont.at\/fr\/wp-json\/wp\/v2\/pages"}],"about":[{"href":"https:\/\/stiftadmont.at\/fr\/wp-json\/wp\/v2\/types\/page"}],"author":[{"embeddable":true,"href":"https:\/\/stiftadmont.at\/fr\/wp-json\/wp\/v2\/users\/19"}],"replies":[{"embeddable":true,"href":"https:\/\/stiftadmont.at\/fr\/wp-json\/wp\/v2\/comments?post=29319"}],"version-history":[{"count":6,"href":"https:\/\/stiftadmont.at\/fr\/wp-json\/wp\/v2\/pages\/29319\/revisions"}],"predecessor-version":[{"id":32644,"href":"https:\/\/stiftadmont.at\/fr\/wp-json\/wp\/v2\/pages\/29319\/revisions\/32644"}],"up":[{"embeddable":true,"href":"https:\/\/stiftadmont.at\/fr\/wp-json\/wp\/v2\/pages\/29279"}],"wp:attachment":[{"href":"https:\/\/stiftadmont.at\/fr\/wp-json\/wp\/v2\/media?parent=29319"}],"wp:term":[{"taxonomy":"category","embeddable":true,"href":"https:\/\/stiftadmont.at\/fr\/wp-json\/wp\/v2\/categories?post=29319"}],"curies":[{"name":"wp","href":"https:\/\/api.w.org\/{rel}","templated":true}]}}