{"id":29323,"date":"2024-07-15T08:47:50","date_gmt":"2024-07-15T06:47:50","guid":{"rendered":"https:\/\/stiftadmont.at\/?page_id=29323"},"modified":"2024-07-15T10:25:56","modified_gmt":"2024-07-15T08:25:56","slug":"santo-bambino-daracoeli","status":"publish","type":"page","link":"https:\/\/stiftadmont.at\/fr\/haus-der-begegnung-2\/spiritualitaet\/santo-bambino-von-aracoeli\/","title":{"rendered":"Santo Bambino d'Aracoeli"},"content":{"rendered":"<section id='lightpress__section--block_6988a78a5b82f7b9155b3d2e08553126' class='lightpress__section--default-section-space lightpress__section lightpress__section--content'><div class=\"content__inner\"\n         x-init=\"initContentBlockAnim($el)\">\n        \n    <div class=\"content__grid content__grid\">\n                                            <div class=\"content__box content__box--one-hundred\"\n                 style=\"\">\n                                \n                \n                                            <div class=\"prose\"><h5 class=\"heading-m\">Santo Bambino d'Aracoeli<\/h5>\n<p class=\"paragraph-m\"><strong>Pri\u00e8re au Santo Bambino d'Aracoeli<\/strong><\/p>\n<p class=\"paragraph-m\">\u00a0<\/p>\n<p class=\"paragraph-m\">Doux J\u00e9sus, qui t'es fait enfant pour nous<\/p>\n<p class=\"paragraph-m\">et que tu es n\u00e9 dans une \u00e9table,<\/p>\n<p class=\"paragraph-m\">pour nous racheter du p\u00e9ch\u00e9.<\/p>\n<p class=\"paragraph-m\">Nous te reconnaissons comme notre Dieu et notre Roi.<\/p>\n<p class=\"paragraph-m\">En guise de cadeau d'honneur, nous t'offrons toute notre affection,<\/p>\n<p class=\"paragraph-m\">de notre c\u0153ur.<\/p>\n<p class=\"paragraph-m\">Cher J\u00e9sus, sois digne d'accepter ce don.<\/p>\n<p class=\"paragraph-m\">Mais pour qu'elle Te soit agr\u00e9able, nous Te prions de nous donner<\/p>\n<p class=\"paragraph-m\">avec le feu de ton amour divin.<\/p>\n<p class=\"paragraph-m\">Fais de cette mani\u00e8re de notre \u00e2me un autel,<\/p>\n<p class=\"paragraph-m\">sur lequel nous t'offrons le sacrifice de nos privations.<\/p>\n<p class=\"paragraph-m\">Fais en sorte que nous soyons toujours ici-bas<\/p>\n<p class=\"paragraph-m\">chercher ta plus grande gloire, afin que nous puissions un jour<\/p>\n<p class=\"paragraph-m\">participer \u00e0 ta gloire \u00e9ternelle dans les cieux. Amen.<\/p>\n<p class=\"paragraph-m\">\u00a0<\/p>\n<p class=\"paragraph-m\"><strong>L'ENFANT J\u00c9SUS D'ARACOELI<\/strong><\/p>\n<p class=\"paragraph-m\">\u00a0<\/p>\n<p class=\"paragraph-m\">L'image a \u00e9t\u00e9 sculpt\u00e9e vers la fin du 15e si\u00e8cle \u00e0 J\u00e9rusalem par un pieux fr\u00e8re franciscain dans du bois d'olivier du jardin de Geths\u00e9mani. Selon la tradition, le bon fr\u00e8re n'avait pas la peinture n\u00e9cessaire pour achever l'\u0153uvre ; elle aurait alors \u00e9t\u00e9 miraculeusement termin\u00e9e par la main d'un ange. Au cours du voyage en mer, une temp\u00eate inqui\u00e9tante obligea le fr\u00e8re \u00e0 jeter \u00e0 l'eau le coffret contenant le pr\u00e9cieux tr\u00e9sor, mais il flotta derri\u00e8re le navire et arriva seul au port de Livourne.<\/p>\n<p class=\"paragraph-m\">\u00a0<\/p>\n<p class=\"paragraph-m\">La r\u00e9putation de ces \u00e9v\u00e9nements uniques pr\u00e9c\u00e9dait l'image ; elle \u00e9tait accueillie avec une grande joie dans la Ville \u00e9ternelle et v\u00e9n\u00e9r\u00e9e avec une d\u00e9votion extraordinaire. Un jour - c'\u00e9tait pendant la p\u00e9riode de No\u00ebl - une dame distingu\u00e9e vola l'image dans la cr\u00e8che o\u00f9 elle se trouvait et la cacha soigneusement dans sa maison. Elle tomba gravement malade et son confesseur lui ordonna de rendre l'image. Une tradition populaire raconte que l'image est revenue d'elle-m\u00eame au Capitole au milieu de la nuit et que les cloches de la basilique se sont mises \u00e0 sonner de mani\u00e8re miraculeuse.<\/p>\n<p class=\"paragraph-m\">\u00a0<\/p>\n<p class=\"paragraph-m\">Les pr\u00e9cieux cadeaux en or et en pierres pr\u00e9cieuses qui l'ornent t\u00e9moignent de la gratitude des fid\u00e8les pour les innombrables gr\u00e2ces re\u00e7ues. C'est avec de tels cadeaux qu'elle a \u00e9t\u00e9 abondamment dot\u00e9e \u00e0 chaque fois qu'elle a \u00e9t\u00e9 vol\u00e9e par des mains malveillantes. En 1798, un noble romain du nom de Serafino Petrarca sauva le tableau de la fureur destructrice des troupes de Napol\u00e9on, et ce contre une somme importante.<\/p>\n<p class=\"paragraph-m\">\u00a0<\/p>\n<p class=\"paragraph-m\">La chapelle de l'Enfant J\u00e9sus est souvent remplie de visiteurs venus du monde entier. Avant de mettre un enfant au monde, les m\u00e8res montent \u00e0 Aracoeli pour recevoir une b\u00e9n\u00e9diction sp\u00e9ciale ; et elles y am\u00e8nent aussi leurs enfants pour les consacrer au divin Enfant. Depuis des temps imm\u00e9moriaux, l'image est port\u00e9e sur demande au chevet des malades. Autrefois, il arrivait que l'on voie sur la place du Capitole une longue file de v\u00e9hicules attendant leur tour.<\/p>\n<p class=\"paragraph-m\">\u00a0<\/p>\n<p class=\"paragraph-m\">La r\u00e9putation croissante de l'image miraculeuse a incit\u00e9 le pape L\u00e9on XIII et le chapitre du Vatican \u00e0 couronner l'image le 2 mai 1892. Cette r\u00e9putation est \u00e9galement attest\u00e9e par les innombrables lettres de pri\u00e8re et de remerciement que le divin enfant re\u00e7oit chaque jour de milliers de personnes pieuses du monde entier. Les petits et les grands lui \u00e9crivent comme \u00e0 leur meilleur ami. Pendant la p\u00e9riode de No\u00ebl, les enfants de Rome viennent en masse \u00e0 la cr\u00e8che grandiose pour y prononcer leurs petits discours et chanter des louanges au Sauveur nouveau-n\u00e9. Le jour de l'\u00c9piphanie, toute la ville se pr\u00e9cipite au Capitole pour recevoir la b\u00e9n\u00e9diction de son petit grand roi. En r\u00e9alit\u00e9, le soleil ne se couche pas sur son royaume.<\/p>\n<\/div>\n                    \n                            <\/div>\n        \n            <\/div>\n<\/div>\n\n<\/section>","protected":false},"excerpt":{"rendered":"","protected":false},"author":19,"featured_media":0,"parent":29279,"menu_order":7,"comment_status":"closed","ping_status":"closed","template":"","meta":{"_acf_changed":false,"footnotes":""},"categories":[],"class_list":["post-29323","page","type-page","status-publish","hentry"],"acf":[],"yoast_head":"<!-- This site is optimized with the Yoast SEO Premium plugin v26.0 (Yoast SEO v26.8) - https:\/\/yoast.com\/product\/yoast-seo-premium-wordpress\/ -->\n<title>Santo Bambino von Aracoeli - Stift Admont<\/title>\n<meta name=\"robots\" content=\"index, follow, max-snippet:-1, max-image-preview:large, max-video-preview:-1\" \/>\n<link rel=\"canonical\" href=\"https:\/\/stiftadmont.at\/fr\/maison-de-la-rencontre-2\/spiritualite\/santo-bambino-daracoeli\/\" \/>\n<meta property=\"og:locale\" content=\"fr_FR\" \/>\n<meta property=\"og:type\" content=\"article\" \/>\n<meta property=\"og:title\" content=\"Santo Bambino von Aracoeli\" \/>\n<meta property=\"og:url\" content=\"https:\/\/stiftadmont.at\/fr\/maison-de-la-rencontre-2\/spiritualite\/santo-bambino-daracoeli\/\" \/>\n<meta property=\"og:site_name\" content=\"Stift Admont\" \/>\n<meta property=\"article:modified_time\" content=\"2024-07-15T08:25:56+00:00\" \/>\n<meta property=\"og:image\" content=\"https:\/\/stiftadmont.at\/wp-content\/uploads\/Klosteranlage-innen.jpg\" \/>\n\t<meta property=\"og:image:width\" content=\"1912\" \/>\n\t<meta property=\"og:image:height\" content=\"1188\" \/>\n\t<meta property=\"og:image:type\" content=\"image\/jpeg\" \/>\n<meta name=\"twitter:card\" content=\"summary_large_image\" \/>\n<script type=\"application\/ld+json\" class=\"yoast-schema-graph\">{\"@context\":\"https:\/\/schema.org\",\"@graph\":[{\"@type\":\"WebPage\",\"@id\":\"https:\/\/stiftadmont.at\/haus-der-begegnung-2\/spiritualitaet\/santo-bambino-von-aracoeli\/\",\"url\":\"https:\/\/stiftadmont.at\/haus-der-begegnung-2\/spiritualitaet\/santo-bambino-von-aracoeli\/\",\"name\":\"Santo Bambino von Aracoeli - Stift Admont\",\"isPartOf\":{\"@id\":\"https:\/\/stiftadmont.at\/#website\"},\"datePublished\":\"2024-07-15T06:47:50+00:00\",\"dateModified\":\"2024-07-15T08:25:56+00:00\",\"breadcrumb\":{\"@id\":\"https:\/\/stiftadmont.at\/haus-der-begegnung-2\/spiritualitaet\/santo-bambino-von-aracoeli\/#breadcrumb\"},\"inLanguage\":\"fr-FR\",\"potentialAction\":[{\"@type\":\"ReadAction\",\"target\":[\"https:\/\/stiftadmont.at\/haus-der-begegnung-2\/spiritualitaet\/santo-bambino-von-aracoeli\/\"]}]},{\"@type\":\"BreadcrumbList\",\"@id\":\"https:\/\/stiftadmont.at\/haus-der-begegnung-2\/spiritualitaet\/santo-bambino-von-aracoeli\/#breadcrumb\",\"itemListElement\":[{\"@type\":\"ListItem\",\"position\":1,\"name\":\"Start\",\"item\":\"https:\/\/stiftadmont.at\/\"},{\"@type\":\"ListItem\",\"position\":2,\"name\":\"Haus der Begegnung\",\"item\":\"https:\/\/stiftadmont.at\/haus-der-begegnung-2\/\"},{\"@type\":\"ListItem\",\"position\":3,\"name\":\"Spiritualit\u00e4t\",\"item\":\"https:\/\/stiftadmont.at\/haus-der-begegnung-2\/spiritualitaet\/\"},{\"@type\":\"ListItem\",\"position\":4,\"name\":\"Santo Bambino von Aracoeli\"}]},{\"@type\":\"WebSite\",\"@id\":\"https:\/\/stiftadmont.at\/#website\",\"url\":\"https:\/\/stiftadmont.at\/\",\"name\":\"Stift Admont\",\"description\":\"Benediktinerkloster und Sehensw\u00fcrdigkeit im Ges\u00e4use\",\"potentialAction\":[{\"@type\":\"SearchAction\",\"target\":{\"@type\":\"EntryPoint\",\"urlTemplate\":\"https:\/\/stiftadmont.at\/?s={search_term_string}\"},\"query-input\":{\"@type\":\"PropertyValueSpecification\",\"valueRequired\":true,\"valueName\":\"search_term_string\"}}],\"inLanguage\":\"fr-FR\"}]}<\/script>\n<!-- \/ Yoast SEO Premium plugin. -->","yoast_head_json":{"title":"Santo Bambino d'Aracoeli - Abbaye d'Admont","robots":{"index":"index","follow":"follow","max-snippet":"max-snippet:-1","max-image-preview":"max-image-preview:large","max-video-preview":"max-video-preview:-1"},"canonical":"https:\/\/stiftadmont.at\/fr\/maison-de-la-rencontre-2\/spiritualite\/santo-bambino-daracoeli\/","og_locale":"fr_FR","og_type":"article","og_title":"Santo Bambino von Aracoeli","og_url":"https:\/\/stiftadmont.at\/fr\/maison-de-la-rencontre-2\/spiritualite\/santo-bambino-daracoeli\/","og_site_name":"Stift Admont","article_modified_time":"2024-07-15T08:25:56+00:00","og_image":[{"width":1912,"height":1188,"url":"https:\/\/stiftadmont.at\/wp-content\/uploads\/Klosteranlage-innen.jpg","type":"image\/jpeg"}],"twitter_card":"summary_large_image","schema":{"@context":"https:\/\/schema.org","@graph":[{"@type":"WebPage","@id":"https:\/\/stiftadmont.at\/haus-der-begegnung-2\/spiritualitaet\/santo-bambino-von-aracoeli\/","url":"https:\/\/stiftadmont.at\/haus-der-begegnung-2\/spiritualitaet\/santo-bambino-von-aracoeli\/","name":"Santo Bambino d'Aracoeli - Abbaye d'Admont","isPartOf":{"@id":"https:\/\/stiftadmont.at\/#website"},"datePublished":"2024-07-15T06:47:50+00:00","dateModified":"2024-07-15T08:25:56+00:00","breadcrumb":{"@id":"https:\/\/stiftadmont.at\/haus-der-begegnung-2\/spiritualitaet\/santo-bambino-von-aracoeli\/#breadcrumb"},"inLanguage":"fr-FR","potentialAction":[{"@type":"ReadAction","target":["https:\/\/stiftadmont.at\/haus-der-begegnung-2\/spiritualitaet\/santo-bambino-von-aracoeli\/"]}]},{"@type":"BreadcrumbList","@id":"https:\/\/stiftadmont.at\/haus-der-begegnung-2\/spiritualitaet\/santo-bambino-von-aracoeli\/#breadcrumb","itemListElement":[{"@type":"ListItem","position":1,"name":"Start","item":"https:\/\/stiftadmont.at\/"},{"@type":"ListItem","position":2,"name":"Haus der Begegnung","item":"https:\/\/stiftadmont.at\/haus-der-begegnung-2\/"},{"@type":"ListItem","position":3,"name":"Spiritualit\u00e4t","item":"https:\/\/stiftadmont.at\/haus-der-begegnung-2\/spiritualitaet\/"},{"@type":"ListItem","position":4,"name":"Santo Bambino von Aracoeli"}]},{"@type":"WebSite","@id":"https:\/\/stiftadmont.at\/#website","url":"https:\/\/stiftadmont.at\/","name":"Abbaye d'Admont","description":"Monast\u00e8re b\u00e9n\u00e9dictin et attraction touristique dans le Ges\u00e4use","potentialAction":[{"@type":"SearchAction","target":{"@type":"EntryPoint","urlTemplate":"https:\/\/stiftadmont.at\/?s={search_term_string}"},"query-input":{"@type":"PropertyValueSpecification","valueRequired":true,"valueName":"search_term_string"}}],"inLanguage":"fr-FR"}]}},"_links":{"self":[{"href":"https:\/\/stiftadmont.at\/fr\/wp-json\/wp\/v2\/pages\/29323","targetHints":{"allow":["GET"]}}],"collection":[{"href":"https:\/\/stiftadmont.at\/fr\/wp-json\/wp\/v2\/pages"}],"about":[{"href":"https:\/\/stiftadmont.at\/fr\/wp-json\/wp\/v2\/types\/page"}],"author":[{"embeddable":true,"href":"https:\/\/stiftadmont.at\/fr\/wp-json\/wp\/v2\/users\/19"}],"replies":[{"embeddable":true,"href":"https:\/\/stiftadmont.at\/fr\/wp-json\/wp\/v2\/comments?post=29323"}],"version-history":[{"count":3,"href":"https:\/\/stiftadmont.at\/fr\/wp-json\/wp\/v2\/pages\/29323\/revisions"}],"predecessor-version":[{"id":29425,"href":"https:\/\/stiftadmont.at\/fr\/wp-json\/wp\/v2\/pages\/29323\/revisions\/29425"}],"up":[{"embeddable":true,"href":"https:\/\/stiftadmont.at\/fr\/wp-json\/wp\/v2\/pages\/29279"}],"wp:attachment":[{"href":"https:\/\/stiftadmont.at\/fr\/wp-json\/wp\/v2\/media?parent=29323"}],"wp:term":[{"taxonomy":"category","embeddable":true,"href":"https:\/\/stiftadmont.at\/fr\/wp-json\/wp\/v2\/categories?post=29323"}],"curies":[{"name":"wp","href":"https:\/\/api.w.org\/{rel}","templated":true}]}}