{"id":29335,"date":"2024-07-15T08:23:49","date_gmt":"2024-07-15T06:23:49","guid":{"rendered":"https:\/\/stiftadmont.at\/?page_id=29335"},"modified":"2025-02-04T11:57:27","modified_gmt":"2025-02-04T09:57:27","slug":"aumonerie-des-etudiants","status":"publish","type":"page","link":"https:\/\/stiftadmont.at\/fr\/haus-der-begegnung-2\/die-muenze\/studentenseelsorge\/","title":{"rendered":"Aum\u00f4nerie des \u00e9tudiants"},"content":{"rendered":"<section id='lightpress__section--block_f3047a6d1cdf1eb78d589be5149b5eca' class='lightpress__section--default-section-space lightpress__section lightpress__section--content'><div class=\"content__inner\"\n         x-init=\"initContentBlockAnim($el)\">\n        \n    <div class=\"content__grid content__grid\">\n                                            <div class=\"content__box content__box--one-hundred\"\n                 style=\"\">\n                                \n                \n                                            <div class=\"prose\"><h5 class=\"heading-m line line-above line--gold text-center\">Aum\u00f4nerie des \u00e9tudiants<\/h5>\n<p>\u00a0<\/p>\n<h5 class=\"heading-m\">Aum\u00f4nerie \u00e9tudiante et hospitalit\u00e9 b\u00e9n\u00e9dictine<\/h5>\n<p>\u00a0<\/p>\n<p class=\"paragraph-m\">Avec l'ouverture du foyer d'\u00e9tudiants dans la M\u00fcnzgrabenstra\u00dfe, l'\u00e9quipe de la Haus der Begegnung a pris en charge l'assistance spirituelle des \u00e9tudiants qui y vivent.<\/p>\n<p class=\"paragraph-m\">\u00a0<\/p>\n<p class=\"paragraph-m\">Pour nous, l'aum\u00f4nerie des \u00e9tudiants signifie inviter les \u00e9tudiants \u00e0 faire l'exp\u00e9rience de la foi dans une communaut\u00e9 vivante, \u00e0 y r\u00e9fl\u00e9chir avec honn\u00eatet\u00e9 intellectuelle et \u00e0 l'approfondir par l'exp\u00e9rience de la spiritualit\u00e9 et du mode de vie b\u00e9n\u00e9dictins, afin de trouver ainsi une vie chr\u00e9tienne authentique et cr\u00e9dible.<\/p>\n<p class=\"paragraph-m\">\u00a0<\/p>\n<p class=\"paragraph-m\">\u00a0<\/p>\n<p class=\"paragraph-m\">Avec des offres de culte, de m\u00e9ditation et de r\u00e9flexion, nous souhaitons offrir des possibilit\u00e9s d'exercice et d'exp\u00e9rience qui permettent de s'exercer \u00e0 la spiritualit\u00e9 b\u00e9n\u00e9dictine, de l'exp\u00e9rimenter et de l'approfondir. Nous souhaitons ainsi aider les individus et les communaut\u00e9s \u00e0 se mettre sur la piste de la foi et \u00e0 l'exprimer dans un langage compr\u00e9hensible \u00e0 notre \u00e9poque.<\/p>\n<p class=\"paragraph-m\">\u00a0<\/p>\n<p class=\"paragraph-m\">On essaie aussi de donner aux \u00e9tudiants un espace pour d\u00e9velopper, au-del\u00e0 de leurs \u00e9tudes, des capacit\u00e9s pour leur propre organisation de vie et pour renforcer leur responsabilit\u00e9 envers le monde et tous les autres hommes.<\/p>\n<p class=\"paragraph-m\">Dans ce sens, il nous tient \u00e0 c\u0153ur d'offrir des espaces d'\u00e9change et d'appartenance : Des espaces d'\u00e9change, de discussion et de r\u00e9flexion qui traduisent l'h\u00e9ritage de l'Ecriture Sainte et la tradition b\u00e9n\u00e9dictine dans notre mode de pens\u00e9e et de vie moderne, qui contribuent \u00e0 la capacit\u00e9 de d\u00e9cision individuelle et \u00e0 la foi personnelle. Des rencontres avec l'art, la litt\u00e9rature, la politique et d'autres religions et confessions doivent aider \u00e0 d\u00e9couvrir le spirituel\/l'esprit dans la culture contemporaine et rendre apte au dialogue critique.<\/p>\n<p class=\"paragraph-m\">Les espaces d'appartenance et de rencontres interpersonnelles servent de contrepoids au manque de clart\u00e9, \u00e0 l'absence d'engagement et \u00e0 l'anonymat souvent d\u00e9plor\u00e9s dans le quotidien universitaire. Les espaces ouverts : caf\u00e9t\u00e9ria avec journaux et revues, jardin et salle d'\u00e9tude, font de la maison de la rencontre une oasis accueillante et reposante au milieu du quartier universitaire anim\u00e9.<\/p>\n<p class=\"paragraph-m\">\u00a0<\/p>\n<p class=\"paragraph-m\">Saint Beno\u00eet \u00e9crit au chapitre 53 de sa r\u00e8gle : \"Tous les \u00e9trangers qui viennent doivent \u00eatre accueillis comme le Christ ; car il dira : 'J'\u00e9tais \u00e9tranger et vous m'avez accueilli'\". (RB 53,1)<\/p>\n<p class=\"paragraph-m\">Au cours de ses 1500 ans de tradition, l'hospitalit\u00e9 b\u00e9n\u00e9dictine a pris diff\u00e9rentes formes, mais le principe a toujours \u00e9t\u00e9 d'accueillir les personnes sans distinction et sans pr\u00e9jug\u00e9, \u00e0 l'image du Christ. Le foyer d'\u00e9tudiants repr\u00e9sente une forme particuli\u00e8re de cette hospitalit\u00e9, qui invite \u00e0 rencontrer le Christ.<\/p>\n<p class=\"paragraph-m\">\"Partout Dieu est pr\u00e9sent, nous le croyons, et les yeux du Seigneur regardent en tout lieu les bons et les mauvais\". (RB 19,1)<\/p>\n<p class=\"paragraph-m\">Le lieu central de cette rencontre est la chapelle, dans laquelle l'eucharistie est c\u00e9l\u00e9br\u00e9e. La chapelle doit \u00eatre un lieu de silence lorsque le bruit du quotidien est trop fort, mais aussi un lieu de pri\u00e8re et de proximit\u00e9 particuli\u00e8re avec Dieu : donner de l'espace et du temps \u00e0 Dieu non seulement dans les moments particuliers ou difficiles, mais aussi dans la vie de tous les jours.<\/p>\n<p class=\"paragraph-m\">\u00a0<\/p>\n<p class=\"paragraph-m\">\"\u00c9coute, mon fils, les instructions du ma\u00eetre, incline l'oreille de ton c\u0153ur, accueille volontiers les encouragements du P\u00e8re bienveillant et accomplis-les par l'action !\" (RB Prol, 1)<\/p>\n<p class=\"paragraph-m\">Ces mots, que notre saint p\u00e8re Beno\u00eet a plac\u00e9s au d\u00e9but de sa r\u00e8gle, constituent \u00e0 la fois une invitation et une t\u00e2che pour les \u00e9tudiants. Nous invitons \u00e0 lib\u00e9rer l'ou\u00efe du c\u0153ur des soucis, des probl\u00e8mes et des innombrables choses quotidiennes qui la bloquent et l'obstruent ; \u00e0 l'aiguiser pour percevoir d'autant plus attentivement la voix de Dieu ; \u00e0 se faire entendre \u00e0 travers la pri\u00e8re commune.<\/p>\n<\/div>\n                    \n                            <\/div>\n        \n            <\/div>\n<\/div>\n\n<\/section>","protected":false},"excerpt":{"rendered":"","protected":false},"author":19,"featured_media":0,"parent":29331,"menu_order":1,"comment_status":"closed","ping_status":"closed","template":"","meta":{"_acf_changed":false,"footnotes":""},"categories":[],"class_list":["post-29335","page","type-page","status-publish","hentry"],"acf":[],"yoast_head":"<!-- This site is optimized with the Yoast SEO Premium plugin v26.0 (Yoast SEO v26.8) - https:\/\/yoast.com\/product\/yoast-seo-premium-wordpress\/ -->\n<title>Studentenseelsorge - Stift Admont<\/title>\n<meta name=\"robots\" content=\"index, follow, max-snippet:-1, max-image-preview:large, max-video-preview:-1\" \/>\n<link rel=\"canonical\" href=\"https:\/\/stiftadmont.at\/fr\/maison-de-la-rencontre-2\/la-piece-de-monnaie\/aumonerie-des-etudiants\/\" \/>\n<meta property=\"og:locale\" content=\"fr_FR\" \/>\n<meta property=\"og:type\" content=\"article\" \/>\n<meta property=\"og:title\" content=\"Studentenseelsorge\" \/>\n<meta property=\"og:url\" content=\"https:\/\/stiftadmont.at\/fr\/maison-de-la-rencontre-2\/la-piece-de-monnaie\/aumonerie-des-etudiants\/\" \/>\n<meta property=\"og:site_name\" content=\"Stift Admont\" \/>\n<meta property=\"article:modified_time\" content=\"2025-02-04T09:57:27+00:00\" \/>\n<meta property=\"og:image\" content=\"https:\/\/stiftadmont.at\/wp-content\/uploads\/Klosteranlage-innen.jpg\" \/>\n\t<meta property=\"og:image:width\" content=\"1912\" \/>\n\t<meta property=\"og:image:height\" content=\"1188\" \/>\n\t<meta property=\"og:image:type\" content=\"image\/jpeg\" \/>\n<meta name=\"twitter:card\" content=\"summary_large_image\" \/>\n<script type=\"application\/ld+json\" class=\"yoast-schema-graph\">{\"@context\":\"https:\/\/schema.org\",\"@graph\":[{\"@type\":\"WebPage\",\"@id\":\"https:\/\/stiftadmont.at\/haus-der-begegnung-2\/die-muenze\/studentenseelsorge\/\",\"url\":\"https:\/\/stiftadmont.at\/haus-der-begegnung-2\/die-muenze\/studentenseelsorge\/\",\"name\":\"Studentenseelsorge - Stift Admont\",\"isPartOf\":{\"@id\":\"https:\/\/stiftadmont.at\/#website\"},\"datePublished\":\"2024-07-15T06:23:49+00:00\",\"dateModified\":\"2025-02-04T09:57:27+00:00\",\"breadcrumb\":{\"@id\":\"https:\/\/stiftadmont.at\/haus-der-begegnung-2\/die-muenze\/studentenseelsorge\/#breadcrumb\"},\"inLanguage\":\"fr-FR\",\"potentialAction\":[{\"@type\":\"ReadAction\",\"target\":[\"https:\/\/stiftadmont.at\/haus-der-begegnung-2\/die-muenze\/studentenseelsorge\/\"]}]},{\"@type\":\"BreadcrumbList\",\"@id\":\"https:\/\/stiftadmont.at\/haus-der-begegnung-2\/die-muenze\/studentenseelsorge\/#breadcrumb\",\"itemListElement\":[{\"@type\":\"ListItem\",\"position\":1,\"name\":\"Start\",\"item\":\"https:\/\/stiftadmont.at\/\"},{\"@type\":\"ListItem\",\"position\":2,\"name\":\"Haus der Begegnung\",\"item\":\"https:\/\/stiftadmont.at\/haus-der-begegnung-2\/\"},{\"@type\":\"ListItem\",\"position\":3,\"name\":\"Die M\u00fcnze\",\"item\":\"https:\/\/stiftadmont.at\/haus-der-begegnung-2\/die-muenze\/\"},{\"@type\":\"ListItem\",\"position\":4,\"name\":\"Studentenseelsorge\"}]},{\"@type\":\"WebSite\",\"@id\":\"https:\/\/stiftadmont.at\/#website\",\"url\":\"https:\/\/stiftadmont.at\/\",\"name\":\"Stift Admont\",\"description\":\"Benediktinerkloster und Sehensw\u00fcrdigkeit im Ges\u00e4use\",\"potentialAction\":[{\"@type\":\"SearchAction\",\"target\":{\"@type\":\"EntryPoint\",\"urlTemplate\":\"https:\/\/stiftadmont.at\/?s={search_term_string}\"},\"query-input\":{\"@type\":\"PropertyValueSpecification\",\"valueRequired\":true,\"valueName\":\"search_term_string\"}}],\"inLanguage\":\"fr-FR\"}]}<\/script>\n<!-- \/ Yoast SEO Premium plugin. -->","yoast_head_json":{"title":"Aum\u00f4nerie des \u00e9tudiants - Stift Admont","robots":{"index":"index","follow":"follow","max-snippet":"max-snippet:-1","max-image-preview":"max-image-preview:large","max-video-preview":"max-video-preview:-1"},"canonical":"https:\/\/stiftadmont.at\/fr\/maison-de-la-rencontre-2\/la-piece-de-monnaie\/aumonerie-des-etudiants\/","og_locale":"fr_FR","og_type":"article","og_title":"Studentenseelsorge","og_url":"https:\/\/stiftadmont.at\/fr\/maison-de-la-rencontre-2\/la-piece-de-monnaie\/aumonerie-des-etudiants\/","og_site_name":"Stift Admont","article_modified_time":"2025-02-04T09:57:27+00:00","og_image":[{"width":1912,"height":1188,"url":"https:\/\/stiftadmont.at\/wp-content\/uploads\/Klosteranlage-innen.jpg","type":"image\/jpeg"}],"twitter_card":"summary_large_image","schema":{"@context":"https:\/\/schema.org","@graph":[{"@type":"WebPage","@id":"https:\/\/stiftadmont.at\/haus-der-begegnung-2\/die-muenze\/studentenseelsorge\/","url":"https:\/\/stiftadmont.at\/haus-der-begegnung-2\/die-muenze\/studentenseelsorge\/","name":"Aum\u00f4nerie des \u00e9tudiants - Stift Admont","isPartOf":{"@id":"https:\/\/stiftadmont.at\/#website"},"datePublished":"2024-07-15T06:23:49+00:00","dateModified":"2025-02-04T09:57:27+00:00","breadcrumb":{"@id":"https:\/\/stiftadmont.at\/haus-der-begegnung-2\/die-muenze\/studentenseelsorge\/#breadcrumb"},"inLanguage":"fr-FR","potentialAction":[{"@type":"ReadAction","target":["https:\/\/stiftadmont.at\/haus-der-begegnung-2\/die-muenze\/studentenseelsorge\/"]}]},{"@type":"BreadcrumbList","@id":"https:\/\/stiftadmont.at\/haus-der-begegnung-2\/die-muenze\/studentenseelsorge\/#breadcrumb","itemListElement":[{"@type":"ListItem","position":1,"name":"Start","item":"https:\/\/stiftadmont.at\/"},{"@type":"ListItem","position":2,"name":"Haus der Begegnung","item":"https:\/\/stiftadmont.at\/haus-der-begegnung-2\/"},{"@type":"ListItem","position":3,"name":"Die M\u00fcnze","item":"https:\/\/stiftadmont.at\/haus-der-begegnung-2\/die-muenze\/"},{"@type":"ListItem","position":4,"name":"Studentenseelsorge"}]},{"@type":"WebSite","@id":"https:\/\/stiftadmont.at\/#website","url":"https:\/\/stiftadmont.at\/","name":"Abbaye d'Admont","description":"Monast\u00e8re b\u00e9n\u00e9dictin et attraction touristique dans le Ges\u00e4use","potentialAction":[{"@type":"SearchAction","target":{"@type":"EntryPoint","urlTemplate":"https:\/\/stiftadmont.at\/?s={search_term_string}"},"query-input":{"@type":"PropertyValueSpecification","valueRequired":true,"valueName":"search_term_string"}}],"inLanguage":"fr-FR"}]}},"_links":{"self":[{"href":"https:\/\/stiftadmont.at\/fr\/wp-json\/wp\/v2\/pages\/29335","targetHints":{"allow":["GET"]}}],"collection":[{"href":"https:\/\/stiftadmont.at\/fr\/wp-json\/wp\/v2\/pages"}],"about":[{"href":"https:\/\/stiftadmont.at\/fr\/wp-json\/wp\/v2\/types\/page"}],"author":[{"embeddable":true,"href":"https:\/\/stiftadmont.at\/fr\/wp-json\/wp\/v2\/users\/19"}],"replies":[{"embeddable":true,"href":"https:\/\/stiftadmont.at\/fr\/wp-json\/wp\/v2\/comments?post=29335"}],"version-history":[{"count":5,"href":"https:\/\/stiftadmont.at\/fr\/wp-json\/wp\/v2\/pages\/29335\/revisions"}],"predecessor-version":[{"id":32650,"href":"https:\/\/stiftadmont.at\/fr\/wp-json\/wp\/v2\/pages\/29335\/revisions\/32650"}],"up":[{"embeddable":true,"href":"https:\/\/stiftadmont.at\/fr\/wp-json\/wp\/v2\/pages\/29331"}],"wp:attachment":[{"href":"https:\/\/stiftadmont.at\/fr\/wp-json\/wp\/v2\/media?parent=29335"}],"wp:term":[{"taxonomy":"category","embeddable":true,"href":"https:\/\/stiftadmont.at\/fr\/wp-json\/wp\/v2\/categories?post=29335"}],"curies":[{"name":"wp","href":"https:\/\/api.w.org\/{rel}","templated":true}]}}