{"id":29340,"date":"2024-07-15T08:23:38","date_gmt":"2024-07-15T06:23:38","guid":{"rendered":"https:\/\/stiftadmont.at\/?page_id=29340"},"modified":"2025-02-04T12:03:13","modified_gmt":"2025-02-04T10:03:13","slug":"chambre-detudiant","status":"publish","type":"page","link":"https:\/\/stiftadmont.at\/fr\/haus-der-begegnung-2\/die-muenze\/studentenzimmer\/","title":{"rendered":"Chambre d'\u00e9tudiant"},"content":{"rendered":"<section id='lightpress__section--block_1ac6695960ec322a567d3b9c430b7f4d' class='lightpress__section--default-section-space lightpress__section lightpress__section--content'><div class=\"content__inner\"\n         x-init=\"initContentBlockAnim($el)\">\n        \n    <div class=\"content__grid content__grid\">\n                                            <div class=\"content__box content__box--one-hundred\"\n                 style=\"\">\n                                \n                \n                                            <div class=\"prose\"><h5 class=\"heading-m line line-above line--gold text-center\">Chambre d'\u00e9tudiant<\/h5>\n<p>\u00a0<\/p>\n<p class=\"paragraph-m\">La r\u00e9sidence accueille 171 \u00e9tudiants dans des chambres individuelles-gar\u00e7onni\u00e8res avec salle de bain\/WC priv\u00e9e et mini-cuisine, des chambres individuelles-appartements partag\u00e9s (deux ou trois chambres individuelles partagent la salle de bain\/WC et le coin cuisine) et des chambres \u00e0 deux lits-gar\u00e7onni\u00e8res avec salle de bain\/WC priv\u00e9e et mini-cuisine. Toutes les chambres de la r\u00e9sidence sont enti\u00e8rement meubl\u00e9es et mesurent entre 10 et 24 m\u00b2. Elles disposent d'une connexion Internet et d'une t\u00e9l\u00e9vision dans la chambre. Il y a une chapelle, un garage \u00e0 v\u00e9los, un espace vert avec barbecue, une terrasse ensoleill\u00e9e, une salle de fitness, des salles communes, une salle de f\u00eate, une salle de musique, des places de parking, une table de ping-pong, une buanderie avec machines \u00e0 laver et s\u00e8che-linge.<\/p>\n<p>\u00a0<\/p>\n<p>Pour plus d'informations et de renseignements, veuillez contacter<\/p>\n<p>\u00a0<\/p>\n<p><a href=\"http:\/\/www.akademikerhilfe.at\/heime\/graz\/muenzgrabenstrasse-59\/\">http:\/\/www.akademikerhilfe.at\/heime\/graz\/muenzgrabenstrasse-59\/<\/a><\/p>\n<\/div>\n                    \n                            <\/div>\n        \n            <\/div>\n<\/div>\n\n<\/section>","protected":false},"excerpt":{"rendered":"","protected":false},"author":19,"featured_media":0,"parent":29331,"menu_order":2,"comment_status":"closed","ping_status":"closed","template":"","meta":{"_acf_changed":false,"footnotes":""},"categories":[],"class_list":["post-29340","page","type-page","status-publish","hentry"],"acf":[],"yoast_head":"<!-- This site is optimized with the Yoast SEO Premium plugin v26.0 (Yoast SEO v26.8) - https:\/\/yoast.com\/product\/yoast-seo-premium-wordpress\/ -->\n<title>Studentenzimmer - Stift Admont<\/title>\n<meta name=\"robots\" content=\"index, follow, max-snippet:-1, max-image-preview:large, max-video-preview:-1\" \/>\n<link rel=\"canonical\" href=\"https:\/\/stiftadmont.at\/fr\/maison-de-la-rencontre-2\/la-piece-de-monnaie\/chambre-detudiant\/\" \/>\n<meta property=\"og:locale\" content=\"fr_FR\" \/>\n<meta property=\"og:type\" content=\"article\" \/>\n<meta property=\"og:title\" content=\"Studentenzimmer\" \/>\n<meta property=\"og:url\" content=\"https:\/\/stiftadmont.at\/fr\/maison-de-la-rencontre-2\/la-piece-de-monnaie\/chambre-detudiant\/\" \/>\n<meta property=\"og:site_name\" content=\"Stift Admont\" \/>\n<meta property=\"article:modified_time\" content=\"2025-02-04T10:03:13+00:00\" \/>\n<meta property=\"og:image\" content=\"https:\/\/stiftadmont.at\/wp-content\/uploads\/Klosteranlage-innen.jpg\" \/>\n\t<meta property=\"og:image:width\" content=\"1912\" \/>\n\t<meta property=\"og:image:height\" content=\"1188\" \/>\n\t<meta property=\"og:image:type\" content=\"image\/jpeg\" \/>\n<meta name=\"twitter:card\" content=\"summary_large_image\" \/>\n<script type=\"application\/ld+json\" class=\"yoast-schema-graph\">{\"@context\":\"https:\/\/schema.org\",\"@graph\":[{\"@type\":\"WebPage\",\"@id\":\"https:\/\/stiftadmont.at\/haus-der-begegnung-2\/die-muenze\/studentenzimmer\/\",\"url\":\"https:\/\/stiftadmont.at\/haus-der-begegnung-2\/die-muenze\/studentenzimmer\/\",\"name\":\"Studentenzimmer - Stift Admont\",\"isPartOf\":{\"@id\":\"https:\/\/stiftadmont.at\/#website\"},\"datePublished\":\"2024-07-15T06:23:38+00:00\",\"dateModified\":\"2025-02-04T10:03:13+00:00\",\"breadcrumb\":{\"@id\":\"https:\/\/stiftadmont.at\/haus-der-begegnung-2\/die-muenze\/studentenzimmer\/#breadcrumb\"},\"inLanguage\":\"fr-FR\",\"potentialAction\":[{\"@type\":\"ReadAction\",\"target\":[\"https:\/\/stiftadmont.at\/haus-der-begegnung-2\/die-muenze\/studentenzimmer\/\"]}]},{\"@type\":\"BreadcrumbList\",\"@id\":\"https:\/\/stiftadmont.at\/haus-der-begegnung-2\/die-muenze\/studentenzimmer\/#breadcrumb\",\"itemListElement\":[{\"@type\":\"ListItem\",\"position\":1,\"name\":\"Start\",\"item\":\"https:\/\/stiftadmont.at\/\"},{\"@type\":\"ListItem\",\"position\":2,\"name\":\"Haus der Begegnung\",\"item\":\"https:\/\/stiftadmont.at\/haus-der-begegnung-2\/\"},{\"@type\":\"ListItem\",\"position\":3,\"name\":\"Die M\u00fcnze\",\"item\":\"https:\/\/stiftadmont.at\/haus-der-begegnung-2\/die-muenze\/\"},{\"@type\":\"ListItem\",\"position\":4,\"name\":\"Studentenzimmer\"}]},{\"@type\":\"WebSite\",\"@id\":\"https:\/\/stiftadmont.at\/#website\",\"url\":\"https:\/\/stiftadmont.at\/\",\"name\":\"Stift Admont\",\"description\":\"Benediktinerkloster und Sehensw\u00fcrdigkeit im Ges\u00e4use\",\"potentialAction\":[{\"@type\":\"SearchAction\",\"target\":{\"@type\":\"EntryPoint\",\"urlTemplate\":\"https:\/\/stiftadmont.at\/?s={search_term_string}\"},\"query-input\":{\"@type\":\"PropertyValueSpecification\",\"valueRequired\":true,\"valueName\":\"search_term_string\"}}],\"inLanguage\":\"fr-FR\"}]}<\/script>\n<!-- \/ Yoast SEO Premium plugin. -->","yoast_head_json":{"title":"Chambre d'\u00e9tudiant - Stift Admont","robots":{"index":"index","follow":"follow","max-snippet":"max-snippet:-1","max-image-preview":"max-image-preview:large","max-video-preview":"max-video-preview:-1"},"canonical":"https:\/\/stiftadmont.at\/fr\/maison-de-la-rencontre-2\/la-piece-de-monnaie\/chambre-detudiant\/","og_locale":"fr_FR","og_type":"article","og_title":"Studentenzimmer","og_url":"https:\/\/stiftadmont.at\/fr\/maison-de-la-rencontre-2\/la-piece-de-monnaie\/chambre-detudiant\/","og_site_name":"Stift Admont","article_modified_time":"2025-02-04T10:03:13+00:00","og_image":[{"width":1912,"height":1188,"url":"https:\/\/stiftadmont.at\/wp-content\/uploads\/Klosteranlage-innen.jpg","type":"image\/jpeg"}],"twitter_card":"summary_large_image","schema":{"@context":"https:\/\/schema.org","@graph":[{"@type":"WebPage","@id":"https:\/\/stiftadmont.at\/haus-der-begegnung-2\/die-muenze\/studentenzimmer\/","url":"https:\/\/stiftadmont.at\/haus-der-begegnung-2\/die-muenze\/studentenzimmer\/","name":"Chambre d'\u00e9tudiant - Stift Admont","isPartOf":{"@id":"https:\/\/stiftadmont.at\/#website"},"datePublished":"2024-07-15T06:23:38+00:00","dateModified":"2025-02-04T10:03:13+00:00","breadcrumb":{"@id":"https:\/\/stiftadmont.at\/haus-der-begegnung-2\/die-muenze\/studentenzimmer\/#breadcrumb"},"inLanguage":"fr-FR","potentialAction":[{"@type":"ReadAction","target":["https:\/\/stiftadmont.at\/haus-der-begegnung-2\/die-muenze\/studentenzimmer\/"]}]},{"@type":"BreadcrumbList","@id":"https:\/\/stiftadmont.at\/haus-der-begegnung-2\/die-muenze\/studentenzimmer\/#breadcrumb","itemListElement":[{"@type":"ListItem","position":1,"name":"Start","item":"https:\/\/stiftadmont.at\/"},{"@type":"ListItem","position":2,"name":"Haus der Begegnung","item":"https:\/\/stiftadmont.at\/haus-der-begegnung-2\/"},{"@type":"ListItem","position":3,"name":"Die M\u00fcnze","item":"https:\/\/stiftadmont.at\/haus-der-begegnung-2\/die-muenze\/"},{"@type":"ListItem","position":4,"name":"Studentenzimmer"}]},{"@type":"WebSite","@id":"https:\/\/stiftadmont.at\/#website","url":"https:\/\/stiftadmont.at\/","name":"Abbaye d'Admont","description":"Monast\u00e8re b\u00e9n\u00e9dictin et attraction touristique dans le Ges\u00e4use","potentialAction":[{"@type":"SearchAction","target":{"@type":"EntryPoint","urlTemplate":"https:\/\/stiftadmont.at\/?s={search_term_string}"},"query-input":{"@type":"PropertyValueSpecification","valueRequired":true,"valueName":"search_term_string"}}],"inLanguage":"fr-FR"}]}},"_links":{"self":[{"href":"https:\/\/stiftadmont.at\/fr\/wp-json\/wp\/v2\/pages\/29340","targetHints":{"allow":["GET"]}}],"collection":[{"href":"https:\/\/stiftadmont.at\/fr\/wp-json\/wp\/v2\/pages"}],"about":[{"href":"https:\/\/stiftadmont.at\/fr\/wp-json\/wp\/v2\/types\/page"}],"author":[{"embeddable":true,"href":"https:\/\/stiftadmont.at\/fr\/wp-json\/wp\/v2\/users\/19"}],"replies":[{"embeddable":true,"href":"https:\/\/stiftadmont.at\/fr\/wp-json\/wp\/v2\/comments?post=29340"}],"version-history":[{"count":5,"href":"https:\/\/stiftadmont.at\/fr\/wp-json\/wp\/v2\/pages\/29340\/revisions"}],"predecessor-version":[{"id":32656,"href":"https:\/\/stiftadmont.at\/fr\/wp-json\/wp\/v2\/pages\/29340\/revisions\/32656"}],"up":[{"embeddable":true,"href":"https:\/\/stiftadmont.at\/fr\/wp-json\/wp\/v2\/pages\/29331"}],"wp:attachment":[{"href":"https:\/\/stiftadmont.at\/fr\/wp-json\/wp\/v2\/media?parent=29340"}],"wp:term":[{"taxonomy":"category","embeddable":true,"href":"https:\/\/stiftadmont.at\/fr\/wp-json\/wp\/v2\/categories?post=29340"}],"curies":[{"name":"wp","href":"https:\/\/api.w.org\/{rel}","templated":true}]}}