{"id":29344,"date":"2024-07-15T08:47:06","date_gmt":"2024-07-15T06:47:06","guid":{"rendered":"https:\/\/stiftadmont.at\/?page_id=29344"},"modified":"2025-02-04T12:01:37","modified_gmt":"2025-02-04T10:01:37","slug":"discours-douverture-de-leveque-de-diocese","status":"publish","type":"page","link":"https:\/\/stiftadmont.at\/fr\/haus-der-begegnung-2\/die-muenze\/eroeffnungsrede-des-dioezesanbischofs\/","title":{"rendered":"Discours d'ouverture de l'\u00e9v\u00eaque dioc\u00e9sain"},"content":{"rendered":"<section id='lightpress__section--block_9863c76a414b9529ba1b15d50778481e' class='align-center lightpress__section--default-section-space lightpress__section lightpress__section--headline'><div class=\"headline__container\">\n            <h2 class=\"headline text--40 text-medium line line--gold line-above line-middle\">Discours d'ouverture de l'\u00e9v\u00eaque dioc\u00e9sain<\/h2>\n        <p class=\"text-center text-gold text--20 text-medium text--uppercase\">Paroles de S.Ex. L'\u00e9v\u00eaque dioc\u00e9sain Dr Egon Kapellari lors de l'ouverture et de la b\u00e9n\u00e9diction du nouveau foyer d'\u00e9tudiants de l'Akademikerhilfe dans la M\u00fcnzgrabenstra\u00dfe \u00e0 Graz, le 8 octobre 2009<\/p>\n        <div class=\"spacer--40\"><\/div>\n<\/div>\n\n<\/section>\n\n<section id='lightpress__section--block_d6fe4d7ea22c31e1999b3f7e1aa2d927' class='lightpress__section--default-section-space lightpress__section lightpress__section--content'><div class=\"content__inner\"\n         x-init=\"initContentBlockAnim($el)\">\n        \n    <div class=\"content__grid content__grid\">\n                                            <div class=\"content__box content__box--one-hundred\"\n                 style=\"\">\n                                \n                \n                                            <div class=\"prose\"><p class=\"paragraph-m\">Aujourd'hui est pour moi une occasion de me r\u00e9jouir, car cette maison est rest\u00e9e un foyer d'\u00e9tudiants.<\/p>\n<p class=\"paragraph-m\">\u00a0<\/p>\n<p class=\"paragraph-m\">Le 1er f\u00e9vrier 1970, de nombreuses personnes \u00e9taient r\u00e9unies dans cette salle pour une f\u00eate : mes deux pr\u00e9d\u00e9cesseurs dans l'\u00e9piscopat, Dr Johann Weber et Dr Josef Schoiswohl, le nonce apostolique, l'archev\u00eaque Rossi, les gouverneurs du Land, Josef Krainer senior et junior, de nombreux professeurs et \u00e9tudiants, et en particulier les 60 \u00e9tudiants pour lesquels un nouveau foyer d'\u00e9tudiants avait \u00e9t\u00e9 am\u00e9nag\u00e9 \u00e0 l'\u00e9poque dans ce couvent des dominicains par la Katholische Hochschulgemeinde Graz.<\/p>\n<p class=\"paragraph-m\">\u00a0<\/p>\n<p class=\"paragraph-m\">Pour cette \u0153uvre, on avait r\u00e9ussi \u00e0 r\u00e9aliser une prouesse architecturale avec peu d'argent. La nouvelle\/ancienne maison a ensuite \u00e9t\u00e9 r\u00e9compens\u00e9e par l'association centrale des architectes autrichiens, qui lui a d\u00e9cern\u00e9 le rare prix du ma\u00eetre d'ouvrage. Le contrat de location et de droit de construction entre le couvent dominicain et le dioc\u00e8se de Graz-Seckau pour la communaut\u00e9 universitaire a \u00e9t\u00e9 conclu pour 30 ans. Cela paraissait \u00e0 l'\u00e9poque une dur\u00e9e astronomiquement longue, qui a ensuite \u00e9t\u00e9 prolong\u00e9e de plusieurs ann\u00e9es. Mais \u00e0 mon retour en Styrie, la maison \u00e9tait tr\u00e8s us\u00e9e et le dioc\u00e8se n'\u00e9tait pas en mesure d'effectuer des investissements importants ; il s'est donc retir\u00e9 du contrat.<\/p>\n<p class=\"paragraph-m\">\u00a0<\/p>\n<p class=\"paragraph-m\">Je consid\u00e8re comme un coup de chance, ou plut\u00f4t comme une grande b\u00e9n\u00e9diction, le fait que l'abbaye b\u00e9n\u00e9dictine d'Admont ait maintenant doubl\u00e9 sa pr\u00e9sence \u00e0 Graz, en ajoutant \u00e0 la maison de la J.-J. Fuxgasse l'ancien couvent des dominicains qui existait jusqu'\u00e0 pr\u00e9sent. Les deux maisons sont tourn\u00e9es vers la vie des trois universit\u00e9s de Graz et s'int\u00e8grent dans le large spectre de la pastorale universitaire de l'\u00c9glise, \u00e0 travers l'aum\u00f4nerie universitaire catholique, les corporations catholiques et l'Opus Dei.<\/p>\n<p class=\"paragraph-m\">\u00a0<\/p>\n<p class=\"paragraph-m\">Des pr\u00eatres dioc\u00e9sains, des j\u00e9suites, des pr\u00eatres de l'Opus Dei, des b\u00e9n\u00e9dictins et toujours des dominicains y travaillent en association avec des chr\u00e9tiens au service non ordonn\u00e9. L'association de soutien aux \u00e9tudiants Akademikerhilfe a pris en charge l'administration de ce nouveau foyer d'\u00e9tudiants admonitifs et veille \u00e0 ce que la vie s'y d\u00e9roule dans l'ordre et l'harmonie.<\/p>\n<p class=\"paragraph-m\">\u00a0<\/p>\n<p class=\"paragraph-m\">Cette maison, \u00e0 la fois ancienne et nouvelle, dans laquelle nous sommes maintenant r\u00e9unis pour une f\u00eate, a une histoire longue et vari\u00e9e : l'ordre des ermites augustins l'a fond\u00e9e. Le c\u00e9l\u00e8bre pr\u00e9dicateur Abraham a Sancta Clara, alias Ulrich Megerle, originaire de la ville souabe de Messkirch, qui a \u00e9galement \u00e9t\u00e9 la patrie de Martin Heidegger, y a \u00e9galement travaill\u00e9 pendant des ann\u00e9es. Plus tard, des j\u00e9suites y ont travaill\u00e9 apr\u00e8s la refondation de cet ordre et, finalement, la maison a \u00e9t\u00e9 agrandie par de nouvelles constructions, le couvent et le centre d'\u00e9tudes des dominicains, dont les b\u00e2timents voisins sont rest\u00e9s et resteront la propri\u00e9t\u00e9.<\/p>\n<\/div>\n                    \n                            <\/div>\n        \n            <\/div>\n<\/div>\n\n<\/section>","protected":false},"excerpt":{"rendered":"","protected":false},"author":19,"featured_media":0,"parent":29331,"menu_order":6,"comment_status":"closed","ping_status":"closed","template":"","meta":{"_acf_changed":false,"footnotes":""},"categories":[],"class_list":["post-29344","page","type-page","status-publish","hentry"],"acf":[],"yoast_head":"<!-- This site is optimized with the Yoast SEO Premium plugin v26.0 (Yoast SEO v26.8) - https:\/\/yoast.com\/product\/yoast-seo-premium-wordpress\/ -->\n<title>Er\u00f6ffnungsrede des Di\u00f6zesanbischofs - Stift Admont<\/title>\n<meta name=\"robots\" content=\"index, follow, max-snippet:-1, max-image-preview:large, max-video-preview:-1\" \/>\n<link rel=\"canonical\" href=\"https:\/\/stiftadmont.at\/fr\/maison-de-la-rencontre-2\/la-piece-de-monnaie\/discours-douverture-de-leveque-de-diocese\/\" \/>\n<meta property=\"og:locale\" content=\"fr_FR\" \/>\n<meta property=\"og:type\" content=\"article\" \/>\n<meta property=\"og:title\" content=\"Er\u00f6ffnungsrede des Di\u00f6zesanbischofs\" \/>\n<meta property=\"og:url\" content=\"https:\/\/stiftadmont.at\/fr\/maison-de-la-rencontre-2\/la-piece-de-monnaie\/discours-douverture-de-leveque-de-diocese\/\" \/>\n<meta property=\"og:site_name\" content=\"Stift Admont\" \/>\n<meta property=\"article:modified_time\" content=\"2025-02-04T10:01:37+00:00\" \/>\n<meta property=\"og:image\" content=\"https:\/\/stiftadmont.at\/wp-content\/uploads\/Klosteranlage-innen.jpg\" \/>\n\t<meta property=\"og:image:width\" content=\"1912\" \/>\n\t<meta property=\"og:image:height\" content=\"1188\" \/>\n\t<meta property=\"og:image:type\" content=\"image\/jpeg\" \/>\n<meta name=\"twitter:card\" content=\"summary_large_image\" \/>\n<script type=\"application\/ld+json\" class=\"yoast-schema-graph\">{\"@context\":\"https:\/\/schema.org\",\"@graph\":[{\"@type\":\"WebPage\",\"@id\":\"https:\/\/stiftadmont.at\/haus-der-begegnung-2\/die-muenze\/eroeffnungsrede-des-dioezesanbischofs\/\",\"url\":\"https:\/\/stiftadmont.at\/haus-der-begegnung-2\/die-muenze\/eroeffnungsrede-des-dioezesanbischofs\/\",\"name\":\"Er\u00f6ffnungsrede des Di\u00f6zesanbischofs - Stift Admont\",\"isPartOf\":{\"@id\":\"https:\/\/stiftadmont.at\/#website\"},\"datePublished\":\"2024-07-15T06:47:06+00:00\",\"dateModified\":\"2025-02-04T10:01:37+00:00\",\"breadcrumb\":{\"@id\":\"https:\/\/stiftadmont.at\/haus-der-begegnung-2\/die-muenze\/eroeffnungsrede-des-dioezesanbischofs\/#breadcrumb\"},\"inLanguage\":\"fr-FR\",\"potentialAction\":[{\"@type\":\"ReadAction\",\"target\":[\"https:\/\/stiftadmont.at\/haus-der-begegnung-2\/die-muenze\/eroeffnungsrede-des-dioezesanbischofs\/\"]}]},{\"@type\":\"BreadcrumbList\",\"@id\":\"https:\/\/stiftadmont.at\/haus-der-begegnung-2\/die-muenze\/eroeffnungsrede-des-dioezesanbischofs\/#breadcrumb\",\"itemListElement\":[{\"@type\":\"ListItem\",\"position\":1,\"name\":\"Start\",\"item\":\"https:\/\/stiftadmont.at\/\"},{\"@type\":\"ListItem\",\"position\":2,\"name\":\"Haus der Begegnung\",\"item\":\"https:\/\/stiftadmont.at\/haus-der-begegnung-2\/\"},{\"@type\":\"ListItem\",\"position\":3,\"name\":\"Die M\u00fcnze\",\"item\":\"https:\/\/stiftadmont.at\/haus-der-begegnung-2\/die-muenze\/\"},{\"@type\":\"ListItem\",\"position\":4,\"name\":\"Er\u00f6ffnungsrede des Di\u00f6zesanbischofs\"}]},{\"@type\":\"WebSite\",\"@id\":\"https:\/\/stiftadmont.at\/#website\",\"url\":\"https:\/\/stiftadmont.at\/\",\"name\":\"Stift Admont\",\"description\":\"Benediktinerkloster und Sehensw\u00fcrdigkeit im Ges\u00e4use\",\"potentialAction\":[{\"@type\":\"SearchAction\",\"target\":{\"@type\":\"EntryPoint\",\"urlTemplate\":\"https:\/\/stiftadmont.at\/?s={search_term_string}\"},\"query-input\":{\"@type\":\"PropertyValueSpecification\",\"valueRequired\":true,\"valueName\":\"search_term_string\"}}],\"inLanguage\":\"fr-FR\"}]}<\/script>\n<!-- \/ Yoast SEO Premium plugin. -->","yoast_head_json":{"title":"Discours d'ouverture de l'\u00e9v\u00eaque dioc\u00e9sain - Stift Admont","robots":{"index":"index","follow":"follow","max-snippet":"max-snippet:-1","max-image-preview":"max-image-preview:large","max-video-preview":"max-video-preview:-1"},"canonical":"https:\/\/stiftadmont.at\/fr\/maison-de-la-rencontre-2\/la-piece-de-monnaie\/discours-douverture-de-leveque-de-diocese\/","og_locale":"fr_FR","og_type":"article","og_title":"Er\u00f6ffnungsrede des Di\u00f6zesanbischofs","og_url":"https:\/\/stiftadmont.at\/fr\/maison-de-la-rencontre-2\/la-piece-de-monnaie\/discours-douverture-de-leveque-de-diocese\/","og_site_name":"Stift Admont","article_modified_time":"2025-02-04T10:01:37+00:00","og_image":[{"width":1912,"height":1188,"url":"https:\/\/stiftadmont.at\/wp-content\/uploads\/Klosteranlage-innen.jpg","type":"image\/jpeg"}],"twitter_card":"summary_large_image","schema":{"@context":"https:\/\/schema.org","@graph":[{"@type":"WebPage","@id":"https:\/\/stiftadmont.at\/haus-der-begegnung-2\/die-muenze\/eroeffnungsrede-des-dioezesanbischofs\/","url":"https:\/\/stiftadmont.at\/haus-der-begegnung-2\/die-muenze\/eroeffnungsrede-des-dioezesanbischofs\/","name":"Discours d'ouverture de l'\u00e9v\u00eaque dioc\u00e9sain - Stift Admont","isPartOf":{"@id":"https:\/\/stiftadmont.at\/#website"},"datePublished":"2024-07-15T06:47:06+00:00","dateModified":"2025-02-04T10:01:37+00:00","breadcrumb":{"@id":"https:\/\/stiftadmont.at\/haus-der-begegnung-2\/die-muenze\/eroeffnungsrede-des-dioezesanbischofs\/#breadcrumb"},"inLanguage":"fr-FR","potentialAction":[{"@type":"ReadAction","target":["https:\/\/stiftadmont.at\/haus-der-begegnung-2\/die-muenze\/eroeffnungsrede-des-dioezesanbischofs\/"]}]},{"@type":"BreadcrumbList","@id":"https:\/\/stiftadmont.at\/haus-der-begegnung-2\/die-muenze\/eroeffnungsrede-des-dioezesanbischofs\/#breadcrumb","itemListElement":[{"@type":"ListItem","position":1,"name":"Start","item":"https:\/\/stiftadmont.at\/"},{"@type":"ListItem","position":2,"name":"Haus der Begegnung","item":"https:\/\/stiftadmont.at\/haus-der-begegnung-2\/"},{"@type":"ListItem","position":3,"name":"Die M\u00fcnze","item":"https:\/\/stiftadmont.at\/haus-der-begegnung-2\/die-muenze\/"},{"@type":"ListItem","position":4,"name":"Er\u00f6ffnungsrede des Di\u00f6zesanbischofs"}]},{"@type":"WebSite","@id":"https:\/\/stiftadmont.at\/#website","url":"https:\/\/stiftadmont.at\/","name":"Abbaye d'Admont","description":"Monast\u00e8re b\u00e9n\u00e9dictin et attraction touristique dans le Ges\u00e4use","potentialAction":[{"@type":"SearchAction","target":{"@type":"EntryPoint","urlTemplate":"https:\/\/stiftadmont.at\/?s={search_term_string}"},"query-input":{"@type":"PropertyValueSpecification","valueRequired":true,"valueName":"search_term_string"}}],"inLanguage":"fr-FR"}]}},"_links":{"self":[{"href":"https:\/\/stiftadmont.at\/fr\/wp-json\/wp\/v2\/pages\/29344","targetHints":{"allow":["GET"]}}],"collection":[{"href":"https:\/\/stiftadmont.at\/fr\/wp-json\/wp\/v2\/pages"}],"about":[{"href":"https:\/\/stiftadmont.at\/fr\/wp-json\/wp\/v2\/types\/page"}],"author":[{"embeddable":true,"href":"https:\/\/stiftadmont.at\/fr\/wp-json\/wp\/v2\/users\/19"}],"replies":[{"embeddable":true,"href":"https:\/\/stiftadmont.at\/fr\/wp-json\/wp\/v2\/comments?post=29344"}],"version-history":[{"count":4,"href":"https:\/\/stiftadmont.at\/fr\/wp-json\/wp\/v2\/pages\/29344\/revisions"}],"predecessor-version":[{"id":32654,"href":"https:\/\/stiftadmont.at\/fr\/wp-json\/wp\/v2\/pages\/29344\/revisions\/32654"}],"up":[{"embeddable":true,"href":"https:\/\/stiftadmont.at\/fr\/wp-json\/wp\/v2\/pages\/29331"}],"wp:attachment":[{"href":"https:\/\/stiftadmont.at\/fr\/wp-json\/wp\/v2\/media?parent=29344"}],"wp:term":[{"taxonomy":"category","embeddable":true,"href":"https:\/\/stiftadmont.at\/fr\/wp-json\/wp\/v2\/categories?post=29344"}],"curies":[{"name":"wp","href":"https:\/\/api.w.org\/{rel}","templated":true}]}}