{"id":33368,"date":"2025-03-17T13:32:32","date_gmt":"2025-03-17T11:32:32","guid":{"rendered":"https:\/\/stiftadmont.at\/?page_id=33368"},"modified":"2025-03-18T19:56:06","modified_gmt":"2025-03-18T17:56:06","slug":"offres-de-la-paroisse-dadmont","status":"publish","type":"page","link":"https:\/\/stiftadmont.at\/fr\/pfarren\/pfarre-admont\/pfarre-admont-angebote\/","title":{"rendered":"Offres de la paroisse d'Admont"},"content":{"rendered":"<section id='lightpress__section--block_43075ae563f80983b87a445fdfc7fbd3' class='align-center lightpress__section--default-section-space lightpress__section lightpress__section--headline'><div class=\"headline__container\">\n            <p class=\"headline text--40 text-medium line line--gold line-above line-middle\">Angebote der Pfarre Admont<\/p>\n        <p class=\"text-center text-gold text--20 text-medium text--uppercase\">Hier finden Sie Informationen zu den Gottesdienstzeiten, zum Ministrantendienst, der Jungschar und dem Kirchenchor Admont<\/p>\n        <div class=\"spacer--40\"><\/div>\n<\/div>\n\n<\/section>\n\n<section id='lightpress__section--block_a836599bdb7094f8207e88b06ed6360e' class='lightpress__section--more-links--950 lightpress__section--full-width lightpress__section--default-section-space lightpress__section lightpress__section--more-links'><div class=\"more\" x-init=\"initMoreLinksBlockAnim($el)\">\n            <style>\n            #lightpress__section--block_a836599bdb7094f8207e88b06ed6360e .more {\n                --entry-width: calc(100% \/ 4 - var(--grid-gap) * 4);\n                grid-template-columns: repeat(auto-fit, minmax(max(var(--entry-width),50rem), 1fr));\n            }\n        <\/style>\n    \n                    <a class=\"more__link\" href=\"https:\/\/stiftadmont.at\/pfarren\/pfarre-admont\/gottesdienst-gebet\/\">\n            <div class=\"more__media\">\n                                    <picture class=\"more__image\">\n                        <source srcset=\"https:\/\/stiftadmont.at\/wp-content\/uploads\/Stift-Admont-Hl-Messe-Geburtstag-Abt-2023-c-Tanja-Brunthaler-48_www-1024x683.webp\" type=\"image\/webp\">\n                        <source srcset=\"https:\/\/stiftadmont.at\/wp-content\/uploads\/Stift-Admont-Hl-Messe-Geburtstag-Abt-2023-c-Tanja-Brunthaler-48_www-1024x683.jpg\" type=\"image\/jpeg\">\n                        <img decoding=\"async\" loading=\"lazy\" src=\"https:\/\/stiftadmont.at\/wp-content\/uploads\/Stift-Admont-Hl-Messe-Geburtstag-Abt-2023-c-Tanja-Brunthaler-48_www-1024x683.jpg\" alt=\"Stift Admont   Hl Messe Geburtstag Abt 2023 (c) Tanja Brunthaler (48) www\" class=\"wpsmartcrop-image\" data-smartcrop-focus=\"[48,44]\" \/>\n                    <\/picture>\n                            <\/div>\n            <div class=\"more__content\">\n                <div class=\"more__title--container\">\n                                            \n                                                                            \n                        <p class=\"text-bold text-white text--serif text--26\">Gottesdienst und Gebet \/ Pfarrblatt<\/p>\n                                                            <\/div>\n                                    <div class=\"more__cta\">\n                        <i class=\"fa-thin fa-chevron-right\"><\/i>\n                    <\/div>\n                            <\/div>\n        <\/a>\n                    <a class=\"more__link\" href=\"https:\/\/stiftadmont.at\/pfarren\/pfarre-admont\/pfarre-admont-ministrantendienst\/\">\n            <div class=\"more__media\">\n                                    <picture class=\"more__image\">\n                        <source srcset=\"https:\/\/stiftadmont.at\/wp-content\/uploads\/Stift-Admont-Jahresschlussgottesdienst2024_fr.Benedikt_IMG_2855-768x1024.webp\" type=\"image\/webp\">\n                        <source srcset=\"https:\/\/stiftadmont.at\/wp-content\/uploads\/Stift-Admont-Jahresschlussgottesdienst2024_fr.Benedikt_IMG_2855-768x1024.jpg\" type=\"image\/jpeg\">\n                        <img decoding=\"async\" loading=\"lazy\" src=\"https:\/\/stiftadmont.at\/wp-content\/uploads\/Stift-Admont-Jahresschlussgottesdienst2024_fr.Benedikt_IMG_2855-768x1024.jpg\"\n                             alt=\"Stift Admont   Jahresschlussgottesdienst2024 fr.Benedikt IMG 2855\" >\n                    <\/picture>\n                            <\/div>\n            <div class=\"more__content\">\n                <div class=\"more__title--container\">\n                                            \n                                                                            \n                        <p class=\"text-bold text-white text--serif text--26\">Ministrantendienst<\/p>\n                                                            <\/div>\n                                    <div class=\"more__cta\">\n                        <i class=\"fa-thin fa-chevron-right\"><\/i>\n                    <\/div>\n                            <\/div>\n        <\/a>\n                    <a class=\"more__link\" href=\"https:\/\/stiftadmont.at\/pfarren\/pfarre-admont\/pfarre-admont-jungschar\/\">\n            <div class=\"more__media\">\n                                    <picture class=\"more__image\">\n                        <source srcset=\"https:\/\/stiftadmont.at\/wp-content\/uploads\/Kinder_Museum_c-Thomas-Sattler-35_www-1024x683.webp\" type=\"image\/webp\">\n                        <source srcset=\"https:\/\/stiftadmont.at\/wp-content\/uploads\/Kinder_Museum_c-Thomas-Sattler-35_www-1024x683.jpg\" type=\"image\/jpeg\">\n                        <img decoding=\"async\" loading=\"lazy\" src=\"https:\/\/stiftadmont.at\/wp-content\/uploads\/Kinder_Museum_c-Thomas-Sattler-35_www-1024x683.jpg\" alt=\"Kinder Museum c Thomas Sattler 35 www\" \/>\n                    <\/picture>\n                            <\/div>\n            <div class=\"more__content\">\n                <div class=\"more__title--container\">\n                                            \n                                                                            \n                        <p class=\"text-bold text-white text--serif text--26\">Jungschar<\/p>\n                                                            <\/div>\n                                    <div class=\"more__cta\">\n                        <i class=\"fa-thin fa-chevron-right\"><\/i>\n                    <\/div>\n                            <\/div>\n        <\/a>\n                    <a class=\"more__link\" href=\"https:\/\/stiftadmont.at\/pfarren\/pfarre-admont\/pfarre-admont-kinderchor\/\">\n            <div class=\"more__media\">\n                                    <picture class=\"more__image\">\n                        <source srcset=\"https:\/\/stiftadmont.at\/wp-content\/uploads\/Stift-Admont-Kindergarten-2024_fr.Benedikt_IMG_6743-1024x768.webp\" type=\"image\/webp\">\n                        <source srcset=\"https:\/\/stiftadmont.at\/wp-content\/uploads\/Stift-Admont-Kindergarten-2024_fr.Benedikt_IMG_6743-1024x768.jpg\" type=\"image\/jpeg\">\n                        <img decoding=\"async\" loading=\"lazy\" src=\"https:\/\/stiftadmont.at\/wp-content\/uploads\/Stift-Admont-Kindergarten-2024_fr.Benedikt_IMG_6743-1024x768.jpg\"\n                             alt=\"Stift Admont   Kindergarten 2024 fr.Benedikt IMG 6743\" >\n                    <\/picture>\n                            <\/div>\n            <div class=\"more__content\">\n                <div class=\"more__title--container\">\n                                            \n                                                                            \n                        <p class=\"text-bold text-white text--serif text--26\">Kinderchor<\/p>\n                                                            <\/div>\n                                    <div class=\"more__cta\">\n                        <i class=\"fa-thin fa-chevron-right\"><\/i>\n                    <\/div>\n                            <\/div>\n        <\/a>\n                    <a class=\"more__link\" href=\"https:\/\/stiftadmont.at\/kirchenchor\/\">\n            <div class=\"more__media\">\n                                    <picture class=\"more__image\">\n                        <source srcset=\"https:\/\/stiftadmont.at\/wp-content\/uploads\/Stift-Admont-Kirchenchor-1-1024x558.webp\" type=\"image\/webp\">\n                        <source srcset=\"https:\/\/stiftadmont.at\/wp-content\/uploads\/Stift-Admont-Kirchenchor-1-1024x558.jpg\" type=\"image\/jpeg\">\n                        <img decoding=\"async\" loading=\"lazy\" src=\"https:\/\/stiftadmont.at\/wp-content\/uploads\/Stift-Admont-Kirchenchor-1-1024x558.jpg\" alt=\"Stift Admont Kirchenchor 1\" \/>\n                    <\/picture>\n                            <\/div>\n            <div class=\"more__content\">\n                <div class=\"more__title--container\">\n                                            \n                                                                            \n                        <p class=\"text-bold text-white text--serif text--26\">Admonter Kirchenchor<\/p>\n                                                            <\/div>\n                                    <div class=\"more__cta\">\n                        <i class=\"fa-thin fa-chevron-right\"><\/i>\n                    <\/div>\n                            <\/div>\n        <\/a>\n    \n<\/div>\n\n<\/section>","protected":false},"excerpt":{"rendered":"","protected":false},"author":7,"featured_media":0,"parent":33335,"menu_order":0,"comment_status":"closed","ping_status":"closed","template":"","meta":{"_acf_changed":false,"footnotes":""},"categories":[],"class_list":["post-33368","page","type-page","status-publish","hentry"],"acf":[],"yoast_head":"<!-- This site is optimized with the Yoast SEO Premium plugin v26.0 (Yoast SEO v26.8) - https:\/\/yoast.com\/product\/yoast-seo-premium-wordpress\/ -->\n<title>Angebote der Pfarre Admont - Stift Admont<\/title>\n<meta name=\"robots\" content=\"index, follow, max-snippet:-1, max-image-preview:large, max-video-preview:-1\" \/>\n<link rel=\"canonical\" href=\"https:\/\/stiftadmont.at\/fr\/paroisses\/paroisse-dadmont\/offres-de-la-paroisse-dadmont\/\" \/>\n<meta property=\"og:locale\" content=\"fr_FR\" \/>\n<meta property=\"og:type\" content=\"article\" \/>\n<meta property=\"og:title\" content=\"Angebote der Pfarre Admont\" \/>\n<meta property=\"og:url\" content=\"https:\/\/stiftadmont.at\/fr\/paroisses\/paroisse-dadmont\/offres-de-la-paroisse-dadmont\/\" \/>\n<meta property=\"og:site_name\" content=\"Stift Admont\" \/>\n<meta property=\"article:modified_time\" content=\"2025-03-18T17:56:06+00:00\" \/>\n<meta property=\"og:image\" content=\"https:\/\/stiftadmont.at\/wp-content\/uploads\/Klosteranlage-innen.jpg\" \/>\n\t<meta property=\"og:image:width\" content=\"1912\" \/>\n\t<meta property=\"og:image:height\" content=\"1188\" \/>\n\t<meta property=\"og:image:type\" content=\"image\/jpeg\" \/>\n<meta name=\"twitter:card\" content=\"summary_large_image\" \/>\n<script type=\"application\/ld+json\" class=\"yoast-schema-graph\">{\"@context\":\"https:\/\/schema.org\",\"@graph\":[{\"@type\":\"WebPage\",\"@id\":\"https:\/\/stiftadmont.at\/pfarren\/pfarre-admont\/pfarre-admont-angebote\/\",\"url\":\"https:\/\/stiftadmont.at\/pfarren\/pfarre-admont\/pfarre-admont-angebote\/\",\"name\":\"Angebote der Pfarre Admont - Stift Admont\",\"isPartOf\":{\"@id\":\"https:\/\/stiftadmont.at\/#website\"},\"datePublished\":\"2025-03-17T11:32:32+00:00\",\"dateModified\":\"2025-03-18T17:56:06+00:00\",\"breadcrumb\":{\"@id\":\"https:\/\/stiftadmont.at\/pfarren\/pfarre-admont\/pfarre-admont-angebote\/#breadcrumb\"},\"inLanguage\":\"fr-FR\",\"potentialAction\":[{\"@type\":\"ReadAction\",\"target\":[\"https:\/\/stiftadmont.at\/pfarren\/pfarre-admont\/pfarre-admont-angebote\/\"]}]},{\"@type\":\"BreadcrumbList\",\"@id\":\"https:\/\/stiftadmont.at\/pfarren\/pfarre-admont\/pfarre-admont-angebote\/#breadcrumb\",\"itemListElement\":[{\"@type\":\"ListItem\",\"position\":1,\"name\":\"Start\",\"item\":\"https:\/\/stiftadmont.at\/\"},{\"@type\":\"ListItem\",\"position\":2,\"name\":\"Pfarren\",\"item\":\"https:\/\/stiftadmont.at\/pfarren\/\"},{\"@type\":\"ListItem\",\"position\":3,\"name\":\"Pfarre Admont\",\"item\":\"https:\/\/stiftadmont.at\/pfarren\/pfarre-admont\/\"},{\"@type\":\"ListItem\",\"position\":4,\"name\":\"Angebote der Pfarre Admont\"}]},{\"@type\":\"WebSite\",\"@id\":\"https:\/\/stiftadmont.at\/#website\",\"url\":\"https:\/\/stiftadmont.at\/\",\"name\":\"Stift Admont\",\"description\":\"Benediktinerkloster und Sehensw\u00fcrdigkeit im Ges\u00e4use\",\"potentialAction\":[{\"@type\":\"SearchAction\",\"target\":{\"@type\":\"EntryPoint\",\"urlTemplate\":\"https:\/\/stiftadmont.at\/?s={search_term_string}\"},\"query-input\":{\"@type\":\"PropertyValueSpecification\",\"valueRequired\":true,\"valueName\":\"search_term_string\"}}],\"inLanguage\":\"fr-FR\"}]}<\/script>\n<!-- \/ Yoast SEO Premium plugin. -->","yoast_head_json":{"title":"Offres de la paroisse d'Admont - Stift Admont","robots":{"index":"index","follow":"follow","max-snippet":"max-snippet:-1","max-image-preview":"max-image-preview:large","max-video-preview":"max-video-preview:-1"},"canonical":"https:\/\/stiftadmont.at\/fr\/paroisses\/paroisse-dadmont\/offres-de-la-paroisse-dadmont\/","og_locale":"fr_FR","og_type":"article","og_title":"Angebote der Pfarre Admont","og_url":"https:\/\/stiftadmont.at\/fr\/paroisses\/paroisse-dadmont\/offres-de-la-paroisse-dadmont\/","og_site_name":"Stift Admont","article_modified_time":"2025-03-18T17:56:06+00:00","og_image":[{"width":1912,"height":1188,"url":"https:\/\/stiftadmont.at\/wp-content\/uploads\/Klosteranlage-innen.jpg","type":"image\/jpeg"}],"twitter_card":"summary_large_image","schema":{"@context":"https:\/\/schema.org","@graph":[{"@type":"WebPage","@id":"https:\/\/stiftadmont.at\/pfarren\/pfarre-admont\/pfarre-admont-angebote\/","url":"https:\/\/stiftadmont.at\/pfarren\/pfarre-admont\/pfarre-admont-angebote\/","name":"Offres de la paroisse d'Admont - Stift Admont","isPartOf":{"@id":"https:\/\/stiftadmont.at\/#website"},"datePublished":"2025-03-17T11:32:32+00:00","dateModified":"2025-03-18T17:56:06+00:00","breadcrumb":{"@id":"https:\/\/stiftadmont.at\/pfarren\/pfarre-admont\/pfarre-admont-angebote\/#breadcrumb"},"inLanguage":"fr-FR","potentialAction":[{"@type":"ReadAction","target":["https:\/\/stiftadmont.at\/pfarren\/pfarre-admont\/pfarre-admont-angebote\/"]}]},{"@type":"BreadcrumbList","@id":"https:\/\/stiftadmont.at\/pfarren\/pfarre-admont\/pfarre-admont-angebote\/#breadcrumb","itemListElement":[{"@type":"ListItem","position":1,"name":"Start","item":"https:\/\/stiftadmont.at\/"},{"@type":"ListItem","position":2,"name":"Pfarren","item":"https:\/\/stiftadmont.at\/pfarren\/"},{"@type":"ListItem","position":3,"name":"Pfarre Admont","item":"https:\/\/stiftadmont.at\/pfarren\/pfarre-admont\/"},{"@type":"ListItem","position":4,"name":"Angebote der Pfarre Admont"}]},{"@type":"WebSite","@id":"https:\/\/stiftadmont.at\/#website","url":"https:\/\/stiftadmont.at\/","name":"Abbaye d'Admont","description":"Monast\u00e8re b\u00e9n\u00e9dictin et attraction touristique dans le Ges\u00e4use","potentialAction":[{"@type":"SearchAction","target":{"@type":"EntryPoint","urlTemplate":"https:\/\/stiftadmont.at\/?s={search_term_string}"},"query-input":{"@type":"PropertyValueSpecification","valueRequired":true,"valueName":"search_term_string"}}],"inLanguage":"fr-FR"}]}},"_links":{"self":[{"href":"https:\/\/stiftadmont.at\/fr\/wp-json\/wp\/v2\/pages\/33368","targetHints":{"allow":["GET"]}}],"collection":[{"href":"https:\/\/stiftadmont.at\/fr\/wp-json\/wp\/v2\/pages"}],"about":[{"href":"https:\/\/stiftadmont.at\/fr\/wp-json\/wp\/v2\/types\/page"}],"author":[{"embeddable":true,"href":"https:\/\/stiftadmont.at\/fr\/wp-json\/wp\/v2\/users\/7"}],"replies":[{"embeddable":true,"href":"https:\/\/stiftadmont.at\/fr\/wp-json\/wp\/v2\/comments?post=33368"}],"version-history":[{"count":10,"href":"https:\/\/stiftadmont.at\/fr\/wp-json\/wp\/v2\/pages\/33368\/revisions"}],"predecessor-version":[{"id":33457,"href":"https:\/\/stiftadmont.at\/fr\/wp-json\/wp\/v2\/pages\/33368\/revisions\/33457"}],"up":[{"embeddable":true,"href":"https:\/\/stiftadmont.at\/fr\/wp-json\/wp\/v2\/pages\/33335"}],"wp:attachment":[{"href":"https:\/\/stiftadmont.at\/fr\/wp-json\/wp\/v2\/media?parent=33368"}],"wp:term":[{"taxonomy":"category","embeddable":true,"href":"https:\/\/stiftadmont.at\/fr\/wp-json\/wp\/v2\/categories?post=33368"}],"curies":[{"name":"wp","href":"https:\/\/api.w.org\/{rel}","templated":true}]}}