{"id":33377,"date":"2025-03-17T13:51:33","date_gmt":"2025-03-17T11:51:33","guid":{"rendered":"https:\/\/stiftadmont.at\/?page_id=33377"},"modified":"2025-03-17T14:07:21","modified_gmt":"2025-03-17T12:07:21","slug":"eglises-readmission","status":"publish","type":"page","link":"https:\/\/stiftadmont.at\/fr\/kirchen-wiedereintritt\/","title":{"rendered":"Rentr\u00e9e"},"content":{"rendered":"<section id='lightpress__section--block_755d75cedb19ef07b5f6cdfc6af09ecd' class='align-center lightpress__section--default-section-space lightpress__section lightpress__section--headline'><div class=\"headline__container\">\n            <h2 class=\"headline text--40 text-medium line line--gold line-above line-middle\">La rentr\u00e9e<\/h2>\n        <p class=\"text-center text-gold text--20 text-medium text--uppercase\">Vous souhaitez r\u00e9int\u00e9grer l'\u00c9glise ? D\u00e9couvrez ici toutes les informations importantes sur la r\u00e9int\u00e9gration !<br \/>\r\n<\/p>\n        <div class=\"spacer--40\"><\/div>\n<\/div>\n\n<\/section>\n\n<section id='lightpress__section--block_90e9a40fdb5ad50676016b0f8a2dbc08' class='lightpress__section--default-section-space lightpress__section lightpress__section--content'><div class=\"content__inner\"\n         x-init=\"initContentBlockAnim($el)\">\n        \n    <div class=\"content__grid content__grid--sixty-forty\">\n                                            <div class=\"content__box content__box\"\n                 style=\"\">\n                                \n                \n                                            <div class=\"prose\"><h5 class=\"heading-m line line-above line--gold\" style=\"margin-top: 9pt;\"><strong style=\"margin-block: 0px;\"><span style=\"font-size: 18pt; font-family: Arial, sans-serif;\">Conditions pr\u00e9alables<\/span><\/strong><span style=\"font-size: 15pt; font-family: Arial, sans-serif;\"><\/span><\/h5>\n<p style=\"margin-top: 9pt;\"><span style=\"font-family: Arial, sans-serif;\">Vous \u00eates baptis\u00e9(e), vous professez la foi chr\u00e9tienne et vous avez l'intention sinc\u00e8re de revenir dans l'Eglise catholique. Vous voulez rester fid\u00e8le \u00e0 la communaut\u00e9 de l'Eglise catholique \u00e0 l'avenir.<\/span><span style=\"font-size: 15pt; font-family: Arial, sans-serif;\"><\/span><\/p>\n<p>\u00a0<\/p>\n<p>\u00a0<\/p>\n<h5 class=\"heading-m line line-above line--gold\" style=\"margin-top: 9pt;\"><strong style=\"margin-block: 0px;\"><span style=\"font-size: 18pt; font-family: Arial, sans-serif;\">Que faire en premier ?<\/span><\/strong><span style=\"font-size: 15pt; font-family: Arial, sans-serif;\"><\/span><\/h5>\n<p style=\"margin-top: 9pt;\"><span style=\"font-family: Arial, sans-serif;\">Cherchez d'abord \u00e0 parler avec un pr\u00eatre (le cur\u00e9 de votre paroisse de r\u00e9sidence ou un autre conseiller spirituel de confiance).  Le pr\u00eatre vous demandera pourquoi vous avez quitt\u00e9 l'\u00c9glise \u00e0 l'\u00e9poque et ce qui vous motive aujourd'hui \u00e0 revenir dans l'\u00c9glise. Il ne s'agit pas d'un examen ni d'un \"effeuillage\" inutile, mais d'une tentative de dialogue honn\u00eate. Il ne s'agit pas de convaincre quelqu'un d'entrer, mais il ne s'agit pas non plus de \"chasser\" quelqu'un de s\u00e9rieux.<\/span><span style=\"font-size: 15pt; font-family: Arial, sans-serif;\"><\/span><\/p>\n<p>\u00a0<\/p>\n<p style=\"margin-top: 9pt;\"><span style=\"font-family: Arial, sans-serif;\">Si vous ne connaissez pas de pr\u00eatre et ne souhaitez pas vous rendre aupr\u00e8s du pr\u00eatre de votre domicile, un pr\u00eatre d'accueil, sp\u00e9cialement mandat\u00e9 \u00e0 cet effet, est \u00e9galement \u00e0 votre disposition :\u00a0<a href=\"https:\/\/www.katholische-kirche-steiermark.at\/goto\/visitenkarte\/127\/Mag__Dietmar_Gr__nwald\" target=\"_blank\" rel=\"noopener\"><span style=\"text-decoration-line: none;\">Dietmar Gr\u00fcnwald, magistrat<\/span>.<\/a><\/span><span style=\"font-size: 15pt; font-family: Arial, sans-serif;\"><\/span><\/p>\n<p>\u00a0<\/p>\n<p>\u00a0<\/p>\n<h5 class=\"heading-m line line-above line--gold\" style=\"margin-top: 9.0pt;\"><strong><span style=\"font-size: 18pt; font-family: Arial, sans-serif;\">L'enregistrement<\/span><\/strong><span style=\"font-size: 15pt; font-family: Arial, sans-serif;\"><\/span><\/h5>\n<p style=\"margin-top: 9pt;\"><span style=\"font-family: Arial, sans-serif;\">L'admission se fait par le pr\u00eatre. Cet acte peut se d\u00e9rouler tr\u00e8s simplement \u00e0 la cure. Elle peut \u00e9galement \u00eatre c\u00e9l\u00e9br\u00e9e lors d'une messe \u00e0 l'\u00e9glise ou de mani\u00e8re solennelle en famille ou entre amis. Vous pouvez choisir la forme qui vous convient le mieux.<\/span><span style=\"font-size: 15pt; font-family: Arial, sans-serif;\"><\/span><\/p>\n<\/div>\n                    \n                            <\/div>\n        \n                                                    <div class=\"content__box content__box--2\"\n                     >\n                                        \n                    \n                                                    <div class=\"prose\"><h5 class=\"heading-m line line-above line--gold\" style=\"margin-top: 9pt;\"><strong style=\"margin-block: 0px;\"><span style=\"font-size: 18pt; font-family: Arial, sans-serif;\">Fausses rumeurs<\/span><\/strong><span style=\"font-size: 15pt; font-family: Arial, sans-serif;\"><\/span><\/h5>\n<p style=\"margin-top: 9pt;\"><span style=\"font-family: Arial, sans-serif;\">On pr\u00e9tend souvent qu'en cas de r\u00e9admission \u00e0 l'Eglise, il faut payer la contribution eccl\u00e9siastique pour les ann\u00e9es \u00e9coul\u00e9es depuis la sortie. C'est faux ! L'obligation de payer la contribution eccl\u00e9siastique ne recommence qu'au moment du retour \u00e0 l'\u00e9glise. Si vous souhaitez savoir \u00e0 combien s'\u00e9l\u00e8verait votre contribution \u00e0 l'Eglise en cas de r\u00e9admission, veuillez vous adresser \u00e0 notre organisation de contribution \u00e0 l'Eglise. On vous informera et vous conseillera volontiers.<\/span><span style=\"font-size: 15pt; font-family: Arial, sans-serif;\"><\/span><\/p>\n<p style=\"margin-top: 9pt;\"><span style=\"font-family: Arial, sans-serif;\"><a style=\"margin-block: 0px; display: inline-block;\" href=\"https:\/\/www.katholische-kirche-steiermark.at\/portal\/kirchenbeitrag\" target=\"_blank\" rel=\"noopener\"><span style=\"text-decoration-line: none;\">En savoir plus sur la contribution de l'\u00c9glise<\/span><\/a><\/span><span style=\"font-size: 15pt; font-family: Arial, sans-serif;\"><\/span><\/p>\n<p style=\"margin-top: 9pt;\"><span style=\"font-family: Arial, sans-serif;\">La rumeur selon laquelle il faudrait apprendre par c\u0153ur des pri\u00e8res et passer un examen aupr\u00e8s du cur\u00e9 avant d'\u00eatre admis est \u00e9galement fausse. De m\u00eame, les t\u00e9moins qui confirment l'admission ne sont plus n\u00e9cessaires dans notre dioc\u00e8se.<\/span><span style=\"font-size: 15pt; font-family: Arial, sans-serif;\"><\/span><\/p>\n<p>\u00a0<\/p>\n<p>\u00a0<\/p>\n<h5 class=\"heading-m line line-above line--gold\" style=\"margin-top: 9pt;\"><strong style=\"margin-block: 0px;\"><span style=\"font-size: 18pt; font-family: Arial, sans-serif;\">R\u00e9vocation de la d\u00e9mission<\/span><\/strong><span style=\"font-size: 15pt; font-family: Arial, sans-serif;\"><\/span><\/h5>\n<p style=\"margin-top: 9pt;\"><span style=\"font-family: Arial, sans-serif;\">Moins de trois mois se sont \u00e9coul\u00e9s depuis que vous avez quitt\u00e9 l'Eglise devant les autorit\u00e9s ?<\/span><span style=\"font-size: 15pt; font-family: Arial, sans-serif;\"><br style=\"margin-block: 0px;\" \/><\/span><span style=\"font-family: Arial, sans-serif;\">Dans ce cas, vous pouvez facilement r\u00e9voquer votre d\u00e9mission en remplissant ce formulaire.<\/span><span style=\"font-size: 15pt; font-family: Arial, sans-serif;\"><\/span><\/p>\n<p style=\"margin-top: 9pt;\"><span style=\"font-family: Arial, sans-serif;\">En cas de r\u00e9vocation, votre sortie ne sera pas mentionn\u00e9e dans le registre des bapt\u00eames.<\/span><\/p>\n<p>\u00a0<\/p>\n<p><a title=\"Vous trouverez ici le formulaire de r\u00e9int\u00e9gration\" href=\"https:\/\/www.katholische-kirche-steiermark.at\/portal\/rathilfe\/indiekirchezurueckkehren\/wiedereintrittsformular\" target=\"_blank\" rel=\"noopener\">Vous trouverez ici le formulaire de r\u00e9int\u00e9gration<\/a><\/p>\n<\/div>\n                        \n                                    <\/div>\n            \n            <\/div>\n<\/div>\n\n<\/section>","protected":false},"excerpt":{"rendered":"","protected":false},"author":7,"featured_media":0,"parent":0,"menu_order":0,"comment_status":"closed","ping_status":"closed","template":"","meta":{"_acf_changed":false,"footnotes":""},"categories":[],"class_list":["post-33377","page","type-page","status-publish","hentry"],"acf":[],"yoast_head":"<!-- This site is optimized with the Yoast SEO Premium plugin v26.0 (Yoast SEO v26.8) - https:\/\/yoast.com\/product\/yoast-seo-premium-wordpress\/ -->\n<title>Wiedereintritt - Stift Admont<\/title>\n<meta name=\"robots\" content=\"index, follow, max-snippet:-1, max-image-preview:large, max-video-preview:-1\" \/>\n<link rel=\"canonical\" href=\"https:\/\/stiftadmont.at\/fr\/eglises-readmission\/\" \/>\n<meta property=\"og:locale\" content=\"fr_FR\" \/>\n<meta property=\"og:type\" content=\"article\" \/>\n<meta property=\"og:title\" content=\"Wiedereintritt\" \/>\n<meta property=\"og:url\" content=\"https:\/\/stiftadmont.at\/fr\/eglises-readmission\/\" \/>\n<meta property=\"og:site_name\" content=\"Stift Admont\" \/>\n<meta property=\"article:modified_time\" content=\"2025-03-17T12:07:21+00:00\" \/>\n<meta property=\"og:image\" content=\"https:\/\/stiftadmont.at\/wp-content\/uploads\/Klosteranlage-innen.jpg\" \/>\n\t<meta property=\"og:image:width\" content=\"1912\" \/>\n\t<meta property=\"og:image:height\" content=\"1188\" \/>\n\t<meta property=\"og:image:type\" content=\"image\/jpeg\" \/>\n<meta name=\"twitter:card\" content=\"summary_large_image\" \/>\n<script type=\"application\/ld+json\" class=\"yoast-schema-graph\">{\"@context\":\"https:\/\/schema.org\",\"@graph\":[{\"@type\":\"WebPage\",\"@id\":\"https:\/\/stiftadmont.at\/kirchen-wiedereintritt\/\",\"url\":\"https:\/\/stiftadmont.at\/kirchen-wiedereintritt\/\",\"name\":\"Wiedereintritt - Stift Admont\",\"isPartOf\":{\"@id\":\"https:\/\/stiftadmont.at\/#website\"},\"datePublished\":\"2025-03-17T11:51:33+00:00\",\"dateModified\":\"2025-03-17T12:07:21+00:00\",\"breadcrumb\":{\"@id\":\"https:\/\/stiftadmont.at\/kirchen-wiedereintritt\/#breadcrumb\"},\"inLanguage\":\"fr-FR\",\"potentialAction\":[{\"@type\":\"ReadAction\",\"target\":[\"https:\/\/stiftadmont.at\/kirchen-wiedereintritt\/\"]}]},{\"@type\":\"BreadcrumbList\",\"@id\":\"https:\/\/stiftadmont.at\/kirchen-wiedereintritt\/#breadcrumb\",\"itemListElement\":[{\"@type\":\"ListItem\",\"position\":1,\"name\":\"Start\",\"item\":\"https:\/\/stiftadmont.at\/\"},{\"@type\":\"ListItem\",\"position\":2,\"name\":\"Wiedereintritt\"}]},{\"@type\":\"WebSite\",\"@id\":\"https:\/\/stiftadmont.at\/#website\",\"url\":\"https:\/\/stiftadmont.at\/\",\"name\":\"Stift Admont\",\"description\":\"Benediktinerkloster und Sehensw\u00fcrdigkeit im Ges\u00e4use\",\"potentialAction\":[{\"@type\":\"SearchAction\",\"target\":{\"@type\":\"EntryPoint\",\"urlTemplate\":\"https:\/\/stiftadmont.at\/?s={search_term_string}\"},\"query-input\":{\"@type\":\"PropertyValueSpecification\",\"valueRequired\":true,\"valueName\":\"search_term_string\"}}],\"inLanguage\":\"fr-FR\"}]}<\/script>\n<!-- \/ Yoast SEO Premium plugin. -->","yoast_head_json":{"title":"R\u00e9int\u00e9gration - Stift Admont","robots":{"index":"index","follow":"follow","max-snippet":"max-snippet:-1","max-image-preview":"max-image-preview:large","max-video-preview":"max-video-preview:-1"},"canonical":"https:\/\/stiftadmont.at\/fr\/eglises-readmission\/","og_locale":"fr_FR","og_type":"article","og_title":"Wiedereintritt","og_url":"https:\/\/stiftadmont.at\/fr\/eglises-readmission\/","og_site_name":"Stift Admont","article_modified_time":"2025-03-17T12:07:21+00:00","og_image":[{"width":1912,"height":1188,"url":"https:\/\/stiftadmont.at\/wp-content\/uploads\/Klosteranlage-innen.jpg","type":"image\/jpeg"}],"twitter_card":"summary_large_image","schema":{"@context":"https:\/\/schema.org","@graph":[{"@type":"WebPage","@id":"https:\/\/stiftadmont.at\/kirchen-wiedereintritt\/","url":"https:\/\/stiftadmont.at\/kirchen-wiedereintritt\/","name":"R\u00e9int\u00e9gration - Stift Admont","isPartOf":{"@id":"https:\/\/stiftadmont.at\/#website"},"datePublished":"2025-03-17T11:51:33+00:00","dateModified":"2025-03-17T12:07:21+00:00","breadcrumb":{"@id":"https:\/\/stiftadmont.at\/kirchen-wiedereintritt\/#breadcrumb"},"inLanguage":"fr-FR","potentialAction":[{"@type":"ReadAction","target":["https:\/\/stiftadmont.at\/kirchen-wiedereintritt\/"]}]},{"@type":"BreadcrumbList","@id":"https:\/\/stiftadmont.at\/kirchen-wiedereintritt\/#breadcrumb","itemListElement":[{"@type":"ListItem","position":1,"name":"Start","item":"https:\/\/stiftadmont.at\/"},{"@type":"ListItem","position":2,"name":"Wiedereintritt"}]},{"@type":"WebSite","@id":"https:\/\/stiftadmont.at\/#website","url":"https:\/\/stiftadmont.at\/","name":"Abbaye d'Admont","description":"Monast\u00e8re b\u00e9n\u00e9dictin et attraction touristique dans le Ges\u00e4use","potentialAction":[{"@type":"SearchAction","target":{"@type":"EntryPoint","urlTemplate":"https:\/\/stiftadmont.at\/?s={search_term_string}"},"query-input":{"@type":"PropertyValueSpecification","valueRequired":true,"valueName":"search_term_string"}}],"inLanguage":"fr-FR"}]}},"_links":{"self":[{"href":"https:\/\/stiftadmont.at\/fr\/wp-json\/wp\/v2\/pages\/33377","targetHints":{"allow":["GET"]}}],"collection":[{"href":"https:\/\/stiftadmont.at\/fr\/wp-json\/wp\/v2\/pages"}],"about":[{"href":"https:\/\/stiftadmont.at\/fr\/wp-json\/wp\/v2\/types\/page"}],"author":[{"embeddable":true,"href":"https:\/\/stiftadmont.at\/fr\/wp-json\/wp\/v2\/users\/7"}],"replies":[{"embeddable":true,"href":"https:\/\/stiftadmont.at\/fr\/wp-json\/wp\/v2\/comments?post=33377"}],"version-history":[{"count":6,"href":"https:\/\/stiftadmont.at\/fr\/wp-json\/wp\/v2\/pages\/33377\/revisions"}],"predecessor-version":[{"id":33385,"href":"https:\/\/stiftadmont.at\/fr\/wp-json\/wp\/v2\/pages\/33377\/revisions\/33385"}],"wp:attachment":[{"href":"https:\/\/stiftadmont.at\/fr\/wp-json\/wp\/v2\/media?parent=33377"}],"wp:term":[{"taxonomy":"category","embeddable":true,"href":"https:\/\/stiftadmont.at\/fr\/wp-json\/wp\/v2\/categories?post=33377"}],"curies":[{"name":"wp","href":"https:\/\/api.w.org\/{rel}","templated":true}]}}