{"id":33409,"date":"2025-03-18T10:53:48","date_gmt":"2025-03-18T08:53:48","guid":{"rendered":"https:\/\/stiftadmont.at\/?page_id=33409"},"modified":"2025-03-18T16:05:42","modified_gmt":"2025-03-18T14:05:42","slug":"paroisse-dadmont-service-denfants-de-choeur","status":"publish","type":"page","link":"https:\/\/stiftadmont.at\/fr\/pfarren\/pfarre-admont\/pfarre-admont-ministrantendienst\/","title":{"rendered":"Service d'autel dans la paroisse d'Admont"},"content":{"rendered":"<section id='lightpress__section--block_4621c2c51d5569aafcb3289ec76b7a84' class='align-center lightpress__section--default-section-space lightpress__section lightpress__section--headline'><div class=\"headline__container\">\n            <h2 class=\"headline text--40 text-medium line line--gold line-above line-middle\">Service d'autel dans la paroisse d'Admont<\/h2>\n        <p class=\"text-center text-gold text--20 text-medium text--uppercase\">Envie d'action au premier rang ? Tu es un enfant et tu as envie de participer activement \u00e0 la messe dans la coll\u00e9giale ? <\/p>\n        <div class=\"spacer--40\"><\/div>\n<\/div>\n\n<\/section>\n\n<section id='lightpress__section--block_f17c8d4ed66b8f0fa7c5e2ecc4f3d5c8' class='lightpress__section--default-section-space lightpress__section lightpress__section--content'><div class=\"content__inner\"\n         x-init=\"initContentBlockAnim($el)\">\n        \n    <div class=\"content__grid content__grid--fifty-fifty\">\n                                            <div class=\"content__box content__box\"\n                 style=\"\">\n                                \n                \n                                            <div class=\"prose\"><h5 class=\"heading-m line line-above line--gold\">Envie de participer ?<\/h5>\n<p>\u00a0<\/p>\n<p class=\"MsoNormal\">Nous, les servants d'autel, ne sommes pas seulement pleinement impliqu\u00e9s pendant la messe, mais nous nous amusons aussi beaucoup lors de nos rencontres, o\u00f9 nous pratiquons, jouons et rions beaucoup.\u00a0<\/p>\n<p>\u00a0<\/p>\n<p>\u00c7a sonne bien ? Alors, rejoins notre \u00e9quipe ! Nous sommes toujours ouverts \u00e0 de nouveaux visages et nous nous r\u00e9jouissons de t'accueillir.\u00a0<\/p>\n<p>\u00a0<\/p>\n<p>Nous nous r\u00e9jouissons de t'accueillir !\u00a0<\/p>\n<p>\u00a0<\/p>\n<p>\u00a0<\/p>\n<h6 class=\"heading-s\">Demandes de renseignements :<\/h6>\n<h6>\u00a0<\/h6>\n<p><a class=\"phone\" href=\"tel:+43 (0) 3613\/335411\"><span class=\"icon-outer\"><i class=\"fa-light fa-phone\"><\/i><\/span>+43 (0) 3613\/2312-251<\/a>\u00a0<\/p>\n<p><a class=\"email\" href=\"mailto:theresa.haderer@graz-seckau.at\"><span class=\"icon-outer\"><i class=\"fa-light fa-envelope\"><\/i><\/span>theresa.haderer@graz-seckau.at<\/a><\/p>\n<p>\u00a0<\/p>\n<p>\u00a0<\/p>\n<\/div>\n                    \n                            <\/div>\n        \n                                                    <div class=\"content__box content__box--2\"\n                     >\n                                        \n                    \n                                                <div class=\"content__media stickyTo\" x-init=\"imageSticky($el)\">\n\n                                                                                    <picture\n                                    class=\"content__image sticky\">\n                                <source srcset=\"https:\/\/stiftadmont.at\/wp-content\/uploads\/Stift-Admont-\u2013-Oekumenischer-Gottesdienst-2024-01-18-\u00a9-Sabine-Breitfuss-1-1024x683.webp\" type=\"image\/webp\">\n                                <source srcset=\"https:\/\/stiftadmont.at\/wp-content\/uploads\/Stift-Admont-\u2013-Oekumenischer-Gottesdienst-2024-01-18-\u00a9-Sabine-Breitfuss-1-1024x683.jpg\" type=\"image\/jpeg\">\n                                <img decoding=\"async\" class=\"sticky\" loading=\"lazy\" src=\"https:\/\/stiftadmont.at\/wp-content\/uploads\/Stift-Admont-\u2013-Oekumenischer-Gottesdienst-2024-01-18-\u00a9-Sabine-Breitfuss-1-1024x683.jpg\"\n                                     alt=\"Abbaye d&#039;Admont - Culte \u0153cum\u00e9nique 2024 01 18 \u00a9 Sabine Breitfuss (1)\">\n\n                                                                                                                            <\/picture>\n\n                        <\/div>\n\n                                    <\/div>\n            \n            <\/div>\n<\/div>\n\n<\/section>","protected":false},"excerpt":{"rendered":"","protected":false},"author":7,"featured_media":0,"parent":33335,"menu_order":0,"comment_status":"closed","ping_status":"closed","template":"","meta":{"_acf_changed":false,"footnotes":""},"categories":[],"class_list":["post-33409","page","type-page","status-publish","hentry"],"acf":[],"yoast_head":"<!-- This site is optimized with the Yoast SEO Premium plugin v26.0 (Yoast SEO v26.8) - https:\/\/yoast.com\/product\/yoast-seo-premium-wordpress\/ -->\n<title>Ministrantendienst in der Pfarre Admont - Stift Admont<\/title>\n<meta name=\"robots\" content=\"index, follow, max-snippet:-1, max-image-preview:large, max-video-preview:-1\" \/>\n<link rel=\"canonical\" href=\"https:\/\/stiftadmont.at\/fr\/paroisses\/paroisse-dadmont\/paroisse-dadmont-service-denfants-de-choeur\/\" \/>\n<meta property=\"og:locale\" content=\"fr_FR\" \/>\n<meta property=\"og:type\" content=\"article\" \/>\n<meta property=\"og:title\" content=\"Ministrantendienst in der Pfarre Admont\" \/>\n<meta property=\"og:url\" content=\"https:\/\/stiftadmont.at\/fr\/paroisses\/paroisse-dadmont\/paroisse-dadmont-service-denfants-de-choeur\/\" \/>\n<meta property=\"og:site_name\" content=\"Stift Admont\" \/>\n<meta property=\"article:modified_time\" content=\"2025-03-18T14:05:42+00:00\" \/>\n<meta property=\"og:image\" content=\"https:\/\/stiftadmont.at\/wp-content\/uploads\/Klosteranlage-innen.jpg\" \/>\n\t<meta property=\"og:image:width\" content=\"1912\" \/>\n\t<meta property=\"og:image:height\" content=\"1188\" \/>\n\t<meta property=\"og:image:type\" content=\"image\/jpeg\" \/>\n<meta name=\"twitter:card\" content=\"summary_large_image\" \/>\n<script type=\"application\/ld+json\" class=\"yoast-schema-graph\">{\"@context\":\"https:\/\/schema.org\",\"@graph\":[{\"@type\":\"WebPage\",\"@id\":\"https:\/\/stiftadmont.at\/pfarren\/pfarre-admont\/pfarre-admont-ministrantendienst\/\",\"url\":\"https:\/\/stiftadmont.at\/pfarren\/pfarre-admont\/pfarre-admont-ministrantendienst\/\",\"name\":\"Ministrantendienst in der Pfarre Admont - Stift Admont\",\"isPartOf\":{\"@id\":\"https:\/\/stiftadmont.at\/#website\"},\"datePublished\":\"2025-03-18T08:53:48+00:00\",\"dateModified\":\"2025-03-18T14:05:42+00:00\",\"breadcrumb\":{\"@id\":\"https:\/\/stiftadmont.at\/pfarren\/pfarre-admont\/pfarre-admont-ministrantendienst\/#breadcrumb\"},\"inLanguage\":\"fr-FR\",\"potentialAction\":[{\"@type\":\"ReadAction\",\"target\":[\"https:\/\/stiftadmont.at\/pfarren\/pfarre-admont\/pfarre-admont-ministrantendienst\/\"]}]},{\"@type\":\"BreadcrumbList\",\"@id\":\"https:\/\/stiftadmont.at\/pfarren\/pfarre-admont\/pfarre-admont-ministrantendienst\/#breadcrumb\",\"itemListElement\":[{\"@type\":\"ListItem\",\"position\":1,\"name\":\"Start\",\"item\":\"https:\/\/stiftadmont.at\/\"},{\"@type\":\"ListItem\",\"position\":2,\"name\":\"Pfarren\",\"item\":\"https:\/\/stiftadmont.at\/pfarren\/\"},{\"@type\":\"ListItem\",\"position\":3,\"name\":\"Pfarre Admont\",\"item\":\"https:\/\/stiftadmont.at\/pfarren\/pfarre-admont\/\"},{\"@type\":\"ListItem\",\"position\":4,\"name\":\"Ministrantendienst in der Pfarre Admont\"}]},{\"@type\":\"WebSite\",\"@id\":\"https:\/\/stiftadmont.at\/#website\",\"url\":\"https:\/\/stiftadmont.at\/\",\"name\":\"Stift Admont\",\"description\":\"Benediktinerkloster und Sehensw\u00fcrdigkeit im Ges\u00e4use\",\"potentialAction\":[{\"@type\":\"SearchAction\",\"target\":{\"@type\":\"EntryPoint\",\"urlTemplate\":\"https:\/\/stiftadmont.at\/?s={search_term_string}\"},\"query-input\":{\"@type\":\"PropertyValueSpecification\",\"valueRequired\":true,\"valueName\":\"search_term_string\"}}],\"inLanguage\":\"fr-FR\"}]}<\/script>\n<!-- \/ Yoast SEO Premium plugin. -->","yoast_head_json":{"title":"Service d'autel dans la paroisse d'Admont - Stift Admont","robots":{"index":"index","follow":"follow","max-snippet":"max-snippet:-1","max-image-preview":"max-image-preview:large","max-video-preview":"max-video-preview:-1"},"canonical":"https:\/\/stiftadmont.at\/fr\/paroisses\/paroisse-dadmont\/paroisse-dadmont-service-denfants-de-choeur\/","og_locale":"fr_FR","og_type":"article","og_title":"Ministrantendienst in der Pfarre Admont","og_url":"https:\/\/stiftadmont.at\/fr\/paroisses\/paroisse-dadmont\/paroisse-dadmont-service-denfants-de-choeur\/","og_site_name":"Stift Admont","article_modified_time":"2025-03-18T14:05:42+00:00","og_image":[{"width":1912,"height":1188,"url":"https:\/\/stiftadmont.at\/wp-content\/uploads\/Klosteranlage-innen.jpg","type":"image\/jpeg"}],"twitter_card":"summary_large_image","schema":{"@context":"https:\/\/schema.org","@graph":[{"@type":"WebPage","@id":"https:\/\/stiftadmont.at\/pfarren\/pfarre-admont\/pfarre-admont-ministrantendienst\/","url":"https:\/\/stiftadmont.at\/pfarren\/pfarre-admont\/pfarre-admont-ministrantendienst\/","name":"Service d'autel dans la paroisse d'Admont - Stift Admont","isPartOf":{"@id":"https:\/\/stiftadmont.at\/#website"},"datePublished":"2025-03-18T08:53:48+00:00","dateModified":"2025-03-18T14:05:42+00:00","breadcrumb":{"@id":"https:\/\/stiftadmont.at\/pfarren\/pfarre-admont\/pfarre-admont-ministrantendienst\/#breadcrumb"},"inLanguage":"fr-FR","potentialAction":[{"@type":"ReadAction","target":["https:\/\/stiftadmont.at\/pfarren\/pfarre-admont\/pfarre-admont-ministrantendienst\/"]}]},{"@type":"BreadcrumbList","@id":"https:\/\/stiftadmont.at\/pfarren\/pfarre-admont\/pfarre-admont-ministrantendienst\/#breadcrumb","itemListElement":[{"@type":"ListItem","position":1,"name":"Start","item":"https:\/\/stiftadmont.at\/"},{"@type":"ListItem","position":2,"name":"Pfarren","item":"https:\/\/stiftadmont.at\/pfarren\/"},{"@type":"ListItem","position":3,"name":"Pfarre Admont","item":"https:\/\/stiftadmont.at\/pfarren\/pfarre-admont\/"},{"@type":"ListItem","position":4,"name":"Ministrantendienst in der Pfarre Admont"}]},{"@type":"WebSite","@id":"https:\/\/stiftadmont.at\/#website","url":"https:\/\/stiftadmont.at\/","name":"Abbaye d'Admont","description":"Monast\u00e8re b\u00e9n\u00e9dictin et attraction touristique dans le Ges\u00e4use","potentialAction":[{"@type":"SearchAction","target":{"@type":"EntryPoint","urlTemplate":"https:\/\/stiftadmont.at\/?s={search_term_string}"},"query-input":{"@type":"PropertyValueSpecification","valueRequired":true,"valueName":"search_term_string"}}],"inLanguage":"fr-FR"}]}},"_links":{"self":[{"href":"https:\/\/stiftadmont.at\/fr\/wp-json\/wp\/v2\/pages\/33409","targetHints":{"allow":["GET"]}}],"collection":[{"href":"https:\/\/stiftadmont.at\/fr\/wp-json\/wp\/v2\/pages"}],"about":[{"href":"https:\/\/stiftadmont.at\/fr\/wp-json\/wp\/v2\/types\/page"}],"author":[{"embeddable":true,"href":"https:\/\/stiftadmont.at\/fr\/wp-json\/wp\/v2\/users\/7"}],"replies":[{"embeddable":true,"href":"https:\/\/stiftadmont.at\/fr\/wp-json\/wp\/v2\/comments?post=33409"}],"version-history":[{"count":2,"href":"https:\/\/stiftadmont.at\/fr\/wp-json\/wp\/v2\/pages\/33409\/revisions"}],"predecessor-version":[{"id":33411,"href":"https:\/\/stiftadmont.at\/fr\/wp-json\/wp\/v2\/pages\/33409\/revisions\/33411"}],"up":[{"embeddable":true,"href":"https:\/\/stiftadmont.at\/fr\/wp-json\/wp\/v2\/pages\/33335"}],"wp:attachment":[{"href":"https:\/\/stiftadmont.at\/fr\/wp-json\/wp\/v2\/media?parent=33409"}],"wp:term":[{"taxonomy":"category","embeddable":true,"href":"https:\/\/stiftadmont.at\/fr\/wp-json\/wp\/v2\/categories?post=33409"}],"curies":[{"name":"wp","href":"https:\/\/api.w.org\/{rel}","templated":true}]}}