{"id":33518,"date":"2025-03-20T12:32:46","date_gmt":"2025-03-20T10:32:46","guid":{"rendered":"https:\/\/stiftadmont.at\/?page_id=33518"},"modified":"2025-03-25T09:44:54","modified_gmt":"2025-03-25T07:44:54","slug":"paroisse-de-la-ville-de-trieben-eglise-paroissiale-de-la-ville","status":"publish","type":"page","link":"https:\/\/stiftadmont.at\/fr\/pfarren\/stadtpfarre-trieben-stadtpfarrkirche\/","title":{"rendered":"\u00c9glise paroissiale de Saint-Andr\u00e9"},"content":{"rendered":"<section id='lightpress__section--block_fa203bc958bc5a203ef5079921b36359' class='align-center lightpress__section--default-section-space lightpress__section lightpress__section--headline'><div class=\"headline__container\">\n            <h2 class=\"headline text--40 text-medium line line--gold line-above line-middle\">L'\u00e9glise paroissiale de la ville Saint-Andr\u00e9<\/h2>\n        <p class=\"text-center text-gold text--20 text-medium text--uppercase\">Vous trouverez ici des informations importantes sur notre \u00e9glise paroissiale<\/p>\n        <div class=\"spacer--40\"><\/div>\n<\/div>\n\n<\/section>\n\n<section id='lightpress__section--block_e6408b425d34f22750c042f8701802bb' class='bg--beige lightpress__section--colored-bg lightpress__section--default-section-space lightpress__section lightpress__section--content'><div class=\"content__inner\"\n         x-init=\"initContentBlockAnim($el)\">\n        \n    <div class=\"content__grid content__grid--fifty-fifty\">\n                                            <div class=\"content__box content__box\"\n                 style=\"\">\n                                \n                \n                                        <div class=\"content__media stickyTo\" x-init=\"imageSticky($el)\">\n\n                                                                                                <picture\n                                class=\"content__image sticky\">\n                            <source srcset=\"https:\/\/stiftadmont.at\/wp-content\/uploads\/Pfarre-Trieben_c-Thomas-Sattler_Stift-Admont_4.jpg\"\n                                    type=\"image\/webp\">\n                            <source srcset=\"https:\/\/stiftadmont.at\/wp-content\/uploads\/Pfarre-Trieben_c-Thomas-Sattler_Stift-Admont_4.jpg\"\n                                    type=\"image\/jpeg\">\n                            <img decoding=\"async\" loading=\"lazy\" src=\"https:\/\/stiftadmont.at\/wp-content\/uploads\/Pfarre-Trieben_c-Thomas-Sattler_Stift-Admont_4.jpg\" alt=\"Paroisse de Trieben c Thomas Sattler Stift Admont 4\" width=\"600\" height=\"450\" \/>\n                                                                                                            <\/picture>\n\n                    <\/div>\n\n                            <\/div>\n        \n                                                    <div class=\"content__box content__box--2\"\n                     >\n                                        \n                    \n                                                    <div class=\"prose\"><h5 class=\"heading-m line line-above line--gold\"><strong>\u00c0 propos de l'\u00e9glise paroissiale<\/strong><\/h5>\n<p>\u00a0<\/p>\n<p>L'\u00e9glise paroissiale de la ville m\u00e9rite une excursion avec des \u0153uvres d'art contemporaines remarquables : le chemin de croix du professeur Franz Wei\u00df, le triptyque \"Pape Jean-Paul II\" de Roelof Rene Stakvis et le \"vitrail de Saint-Andr\u00e9\" historique du 14e si\u00e8cle.\u00a0<\/p>\n<p>\u00a0<\/p>\n<p>La communaut\u00e9 pastorale comprend les paroisses de Trieben, Hohentauern et St. Lorenzen im Paltentale.\u00a0<\/p>\n<p>\u00a0<\/p>\n<p><strong>Patronage :<\/strong> Saint Andr\u00e9, 30 novembre<\/p>\n<p><strong>Jour de la kermesse :<\/strong> 1er septembre<\/p>\n<p><strong>Paroisse err :<\/strong> 1955<\/p>\n<p><strong>\u00c9glise paroissiale erb.. :<\/strong> 1961 - 1963<\/p>\n<p><strong>\u00c9glise :<\/strong> Saint-Andr\u00e9 (ancienne \u00e9glise paroissiale) gen. 1160 (1149 - 1454)<\/p>\n<p><strong>Matricules :<\/strong> 1955<\/p>\n<p><strong>Chapelle de la messe :<\/strong> Maison de retraite de district\u00a0<\/p>\n<p>\u00a0<\/p>\n<p>\u00a0<\/p>\n<p><a class=\"admont-button admont-button--secondary\" href=\"https:\/\/discover.matterport.com\/space\/1uW7tMvyz2h\" target=\"_blank\" rel=\"noopener\">VISITE VIRTUELLE DE L'\u00c9GLISE PAROISSIALE<\/a><\/p>\n<p>\u00a0<\/p>\n<p>\u00a0<\/p>\n<\/div>\n                        \n                                    <\/div>\n            \n            <\/div>\n<\/div>\n\n    <div class=\"background__container background__container--beige\">\n    <\/div>\n\n<\/section>\n\n<section id='lightpress__section--block_9cec40ad821b4745064e850dfb1dfcc5' class='lightpress__section--default-section-space lightpress__section lightpress__section--content'><div class=\"content__inner\"\n         x-init=\"initContentBlockAnim($el)\">\n        \n    <div class=\"content__grid content__grid--fifty-fifty\">\n                                            <div class=\"content__box content__box\"\n                 style=\"\">\n                                \n                \n                                            <div class=\"prose\"><h5 class=\"heading-m line line-above line--gold\">Histoire de l'\u00e9glise paroissiale de Saint-Andr\u00e9<\/h5>\n<p>\u00a0<\/p>\n<p>En 1955, la paroisse de Trieben a \u00e9t\u00e9 s\u00e9par\u00e9e de la paroisse primitive et m\u00e8re de St. Lorenzen im Paltentale et \u00e9rig\u00e9e en paroisse ind\u00e9pendante, non incorpor\u00e9e \u00e0 l'abbaye d'Admont, car \u00e0 cette \u00e9poque, une incorporation n'\u00e9tait plus possible du point de vue du droit eccl\u00e9siastique.<\/p>\n<p>L'\u00e9glise dite \"Neue Andreaskirche\" a \u00e9t\u00e9 construite dans les ann\u00e9es 1961-1963 selon le plan de Hans Beckers avec des vitraux d'apr\u00e8s un projet de Notburga Becker (r\u00e9alisation de l'atelier de verrerie de l'abbaye de Schlierbach) et a \u00e9t\u00e9 solennellement consacr\u00e9e le 1er septembre 1963 par l'\u00e9v\u00eaque Dr. Josef Schoiswohl.\u00a0<\/p>\n<p>\u00a0<\/p>\n<p>La croix au-dessus de l'autel a \u00e9t\u00e9 r\u00e9alis\u00e9e par Hans Angerbauer et les statues de saints dans les niches entre le texte des B\u00e9atitudes par Gottfried Prabitz.\u00a0<\/p>\n<p>\u00a0<\/p>\n<p>Le triptyque dans la chapelle lat\u00e9rale (chapelle du sacrement) et les stations du chemin de croix sont l'\u0153uvre du professeur Franz Wei\u00df et la statue de la Vierge dans le sanctuaire a \u00e9t\u00e9 r\u00e9alis\u00e9e par Leo B\u00e4umler (1965).\u00a0<\/p>\n<p>Derri\u00e8re le si\u00e8ge du pr\u00eatre se trouve un vitrail gothique de Saint-Andr\u00e9 datant de la deuxi\u00e8me moiti\u00e9 du 15\u00e8me si\u00e8cle (pr\u00eat\u00e9 par le Landesmuseum Joanneum de Graz).\u00a0<\/p>\n<p>La f\u00eate du patron de l'\u00e9glise et de la paroisse - saint Andr\u00e9 l'ap\u00f4tre - est c\u00e9l\u00e9br\u00e9e en m\u00eame temps que la f\u00eate paroissiale d\u00e9but juillet, car la v\u00e9ritable f\u00eate du patron de l'\u00e9glise (30 novembre) co\u00efncide g\u00e9n\u00e9ralement avec le d\u00e9but de l'Avent et ne peut donc pas \u00eatre c\u00e9l\u00e9br\u00e9e le dimanche.\u00a0<\/p>\n<\/div>\n                    \n                            <\/div>\n        \n                                                    <div class=\"content__box content__box--2\"\n                     >\n                                        \n                    \n                                                <div class=\"content__media stickyTo\" x-init=\"imageSticky($el)\">\n\n                                                                                    <picture\n                                    class=\"content__image sticky\">\n                                <source srcset=\"https:\/\/stiftadmont.at\/wp-content\/uploads\/4dccb4718474c270d66527abbcfb3172_XL-1024x683.webp\" type=\"image\/webp\">\n                                <source srcset=\"https:\/\/stiftadmont.at\/wp-content\/uploads\/4dccb4718474c270d66527abbcfb3172_XL-1024x683.jpg\" type=\"image\/jpeg\">\n                                <img decoding=\"async\" class=\"sticky\" loading=\"lazy\" src=\"https:\/\/stiftadmont.at\/wp-content\/uploads\/4dccb4718474c270d66527abbcfb3172_XL-1024x683.jpg\" alt=\"Paroisse de Trieben\" \/>\n\n                                                                                                                            <\/picture>\n\n                        <\/div>\n\n                                    <\/div>\n            \n            <\/div>\n<\/div>\n\n<\/section>","protected":false},"excerpt":{"rendered":"","protected":false},"author":7,"featured_media":0,"parent":13905,"menu_order":0,"comment_status":"closed","ping_status":"closed","template":"","meta":{"_acf_changed":false,"footnotes":""},"categories":[],"class_list":["post-33518","page","type-page","status-publish","hentry"],"acf":[],"yoast_head":"<!-- This site is optimized with the Yoast SEO Premium plugin v26.0 (Yoast SEO v26.8) - https:\/\/yoast.com\/product\/yoast-seo-premium-wordpress\/ -->\n<title>Stadtpfarrkirche zum Hl. Andreas - Stift Admont<\/title>\n<meta name=\"robots\" content=\"index, follow, max-snippet:-1, max-image-preview:large, max-video-preview:-1\" \/>\n<link rel=\"canonical\" href=\"https:\/\/stiftadmont.at\/fr\/paroisses\/paroisse-de-la-ville-de-trieben-eglise-paroissiale-de-la-ville\/\" \/>\n<meta property=\"og:locale\" content=\"fr_FR\" \/>\n<meta property=\"og:type\" content=\"article\" \/>\n<meta property=\"og:title\" content=\"Stadtpfarrkirche zum Hl. Andreas\" \/>\n<meta property=\"og:url\" content=\"https:\/\/stiftadmont.at\/fr\/paroisses\/paroisse-de-la-ville-de-trieben-eglise-paroissiale-de-la-ville\/\" \/>\n<meta property=\"og:site_name\" content=\"Stift Admont\" \/>\n<meta property=\"article:modified_time\" content=\"2025-03-25T07:44:54+00:00\" \/>\n<meta property=\"og:image\" content=\"https:\/\/stiftadmont.at\/wp-content\/uploads\/Klosteranlage-innen.jpg\" \/>\n\t<meta property=\"og:image:width\" content=\"1912\" \/>\n\t<meta property=\"og:image:height\" content=\"1188\" \/>\n\t<meta property=\"og:image:type\" content=\"image\/jpeg\" \/>\n<meta name=\"twitter:card\" content=\"summary_large_image\" \/>\n<script type=\"application\/ld+json\" class=\"yoast-schema-graph\">{\"@context\":\"https:\/\/schema.org\",\"@graph\":[{\"@type\":\"WebPage\",\"@id\":\"https:\/\/stiftadmont.at\/pfarren\/stadtpfarre-trieben-stadtpfarrkirche\/\",\"url\":\"https:\/\/stiftadmont.at\/pfarren\/stadtpfarre-trieben-stadtpfarrkirche\/\",\"name\":\"Stadtpfarrkirche zum Hl. Andreas - Stift Admont\",\"isPartOf\":{\"@id\":\"https:\/\/stiftadmont.at\/#website\"},\"datePublished\":\"2025-03-20T10:32:46+00:00\",\"dateModified\":\"2025-03-25T07:44:54+00:00\",\"breadcrumb\":{\"@id\":\"https:\/\/stiftadmont.at\/pfarren\/stadtpfarre-trieben-stadtpfarrkirche\/#breadcrumb\"},\"inLanguage\":\"fr-FR\",\"potentialAction\":[{\"@type\":\"ReadAction\",\"target\":[\"https:\/\/stiftadmont.at\/pfarren\/stadtpfarre-trieben-stadtpfarrkirche\/\"]}]},{\"@type\":\"BreadcrumbList\",\"@id\":\"https:\/\/stiftadmont.at\/pfarren\/stadtpfarre-trieben-stadtpfarrkirche\/#breadcrumb\",\"itemListElement\":[{\"@type\":\"ListItem\",\"position\":1,\"name\":\"Start\",\"item\":\"https:\/\/stiftadmont.at\/\"},{\"@type\":\"ListItem\",\"position\":2,\"name\":\"Pfarren\",\"item\":\"https:\/\/stiftadmont.at\/pfarren\/\"},{\"@type\":\"ListItem\",\"position\":3,\"name\":\"Stadtpfarrkirche zum Hl. Andreas\"}]},{\"@type\":\"WebSite\",\"@id\":\"https:\/\/stiftadmont.at\/#website\",\"url\":\"https:\/\/stiftadmont.at\/\",\"name\":\"Stift Admont\",\"description\":\"Benediktinerkloster und Sehensw\u00fcrdigkeit im Ges\u00e4use\",\"potentialAction\":[{\"@type\":\"SearchAction\",\"target\":{\"@type\":\"EntryPoint\",\"urlTemplate\":\"https:\/\/stiftadmont.at\/?s={search_term_string}\"},\"query-input\":{\"@type\":\"PropertyValueSpecification\",\"valueRequired\":true,\"valueName\":\"search_term_string\"}}],\"inLanguage\":\"fr-FR\"}]}<\/script>\n<!-- \/ Yoast SEO Premium plugin. -->","yoast_head_json":{"title":"\u00c9glise paroissiale de la ville Saint-Andr\u00e9 - Abbaye d'Admont","robots":{"index":"index","follow":"follow","max-snippet":"max-snippet:-1","max-image-preview":"max-image-preview:large","max-video-preview":"max-video-preview:-1"},"canonical":"https:\/\/stiftadmont.at\/fr\/paroisses\/paroisse-de-la-ville-de-trieben-eglise-paroissiale-de-la-ville\/","og_locale":"fr_FR","og_type":"article","og_title":"Stadtpfarrkirche zum Hl. Andreas","og_url":"https:\/\/stiftadmont.at\/fr\/paroisses\/paroisse-de-la-ville-de-trieben-eglise-paroissiale-de-la-ville\/","og_site_name":"Stift Admont","article_modified_time":"2025-03-25T07:44:54+00:00","og_image":[{"width":1912,"height":1188,"url":"https:\/\/stiftadmont.at\/wp-content\/uploads\/Klosteranlage-innen.jpg","type":"image\/jpeg"}],"twitter_card":"summary_large_image","schema":{"@context":"https:\/\/schema.org","@graph":[{"@type":"WebPage","@id":"https:\/\/stiftadmont.at\/pfarren\/stadtpfarre-trieben-stadtpfarrkirche\/","url":"https:\/\/stiftadmont.at\/pfarren\/stadtpfarre-trieben-stadtpfarrkirche\/","name":"\u00c9glise paroissiale de la ville Saint-Andr\u00e9 - Abbaye d'Admont","isPartOf":{"@id":"https:\/\/stiftadmont.at\/#website"},"datePublished":"2025-03-20T10:32:46+00:00","dateModified":"2025-03-25T07:44:54+00:00","breadcrumb":{"@id":"https:\/\/stiftadmont.at\/pfarren\/stadtpfarre-trieben-stadtpfarrkirche\/#breadcrumb"},"inLanguage":"fr-FR","potentialAction":[{"@type":"ReadAction","target":["https:\/\/stiftadmont.at\/pfarren\/stadtpfarre-trieben-stadtpfarrkirche\/"]}]},{"@type":"BreadcrumbList","@id":"https:\/\/stiftadmont.at\/pfarren\/stadtpfarre-trieben-stadtpfarrkirche\/#breadcrumb","itemListElement":[{"@type":"ListItem","position":1,"name":"Start","item":"https:\/\/stiftadmont.at\/"},{"@type":"ListItem","position":2,"name":"Pfarren","item":"https:\/\/stiftadmont.at\/pfarren\/"},{"@type":"ListItem","position":3,"name":"Stadtpfarrkirche zum Hl. Andreas"}]},{"@type":"WebSite","@id":"https:\/\/stiftadmont.at\/#website","url":"https:\/\/stiftadmont.at\/","name":"Abbaye d'Admont","description":"Monast\u00e8re b\u00e9n\u00e9dictin et attraction touristique dans le Ges\u00e4use","potentialAction":[{"@type":"SearchAction","target":{"@type":"EntryPoint","urlTemplate":"https:\/\/stiftadmont.at\/?s={search_term_string}"},"query-input":{"@type":"PropertyValueSpecification","valueRequired":true,"valueName":"search_term_string"}}],"inLanguage":"fr-FR"}]}},"_links":{"self":[{"href":"https:\/\/stiftadmont.at\/fr\/wp-json\/wp\/v2\/pages\/33518","targetHints":{"allow":["GET"]}}],"collection":[{"href":"https:\/\/stiftadmont.at\/fr\/wp-json\/wp\/v2\/pages"}],"about":[{"href":"https:\/\/stiftadmont.at\/fr\/wp-json\/wp\/v2\/types\/page"}],"author":[{"embeddable":true,"href":"https:\/\/stiftadmont.at\/fr\/wp-json\/wp\/v2\/users\/7"}],"replies":[{"embeddable":true,"href":"https:\/\/stiftadmont.at\/fr\/wp-json\/wp\/v2\/comments?post=33518"}],"version-history":[{"count":8,"href":"https:\/\/stiftadmont.at\/fr\/wp-json\/wp\/v2\/pages\/33518\/revisions"}],"predecessor-version":[{"id":34021,"href":"https:\/\/stiftadmont.at\/fr\/wp-json\/wp\/v2\/pages\/33518\/revisions\/34021"}],"up":[{"embeddable":true,"href":"https:\/\/stiftadmont.at\/fr\/wp-json\/wp\/v2\/pages\/13905"}],"wp:attachment":[{"href":"https:\/\/stiftadmont.at\/fr\/wp-json\/wp\/v2\/media?parent=33518"}],"wp:term":[{"taxonomy":"category","embeddable":true,"href":"https:\/\/stiftadmont.at\/fr\/wp-json\/wp\/v2\/categories?post=33518"}],"curies":[{"name":"wp","href":"https:\/\/api.w.org\/{rel}","templated":true}]}}